{"id":3002,"date":"2024-10-11T00:48:46","date_gmt":"2024-10-10T22:48:46","guid":{"rendered":"https:\/\/pressurezone.shop\/?post_type=product&#038;p=3002"},"modified":"2024-11-03T22:05:40","modified_gmt":"2024-11-03T21:05:40","slug":"runtz-hybrid-marijuana-strain","status":"publish","type":"product","link":"https:\/\/pressurezone.shop\/pl\/produkt\/hybrydowa-odmiana-marihuany-runtz\/","title":{"rendered":"Hybrydowa odmiana marihuany Runtz"},"content":{"rendered":"<div class=\"flex-shrink-0 flex flex-col relative items-end\">\n<div>\n<div class=\"pt-0\">\n<div class=\"gizmo-bot-avatar flex h-8 w-8 items-center justify-center overflow-hidden rounded-full\">\n<div class=\"relative p-1 rounded-sm flex items-center justify-center bg-token-main-surface-primary text-token-text-primary h-8 w-8\"><\/div>\n<\/div>\n<\/div>\n<\/div>\n<\/div>\n<div class=\"group\/conversation-turn relative flex w-full min-w-0 flex-col agent-turn\">\n<div class=\"flex-col gap-1 md:gap-3\">\n<div class=\"flex max-w-full flex-col flex-grow\">\n<div class=\"min-h-8 text-message flex w-full flex-col items-end gap-2 whitespace-normal break-words [.text-message+&amp;]:mt-5\" dir=\"auto\" data-message-author-role=\"assistant\" data-message-id=\"b0f80e70-ff19-4165-92ed-7de0846c43b5\" data-message-model-slug=\"gpt-4o\">\n<div class=\"flex w-full flex-col gap-1 empty:hidden first:pt-[3px]\">\n<div class=\"markdown prose w-full break-words dark:prose-invert light\">\n<h3><strong>Kup hybrydow\u0105 odmian\u0119 marihuany Runtz online w Europie pod adresem <a href=\"https:\/\/pressurezone.shop\/pl\/\" target=\"_new\" rel=\"noopener\">Sklep ze strefami ci\u015bnieniowymi<\/a><\/strong><\/h3>\n<p>Odkryj <strong>Hybrydowa odmiana marihuany Runtz<\/strong>Doskonale zbalansowana odmiana hybrydowa (50% indica \/ 50% sativa) inspirowana s\u0142odyczami, b\u0119d\u0105ca wynikiem skrzy\u017cowania s\u0142ynnej odmiany indica z sativ\u0105. <strong>Zkittlez<\/strong> i <strong>Gelato<\/strong>. Z aromatami owoc\u00f3w tropikalnych, cytrus\u00f3w i odrobin\u0105 cierpkich jag\u00f3d, <strong>Runtz<\/strong> to prawdziwa uczta dla kubk\u00f3w smakowych, z lekkim uderzeniem pikantnego ananasa, kt\u00f3ry rozwija si\u0119 w miar\u0119 up\u0142ywu czasu.<\/p>\n<h3>Dlaczego warto wybra\u0107 hybrydow\u0105 odmian\u0119 marihuany Runtz?<\/h3>\n<p><strong>Hybrydowa odmiana marihuany Runtz<\/strong> oferuje pot\u0119\u017cne doznania z poziomami THC od 19% do 29%. Opr\u00f3cz wy\u015bmienitego profilu smakowego, <strong>Runtz<\/strong> jest popularnym wyborem dla os\u00f3b poszukuj\u0105cych ulgi w objawach takich jak bezsenno\u015b\u0107, przewlek\u0142y b\u00f3l i stres. Zapewnia zr\u00f3wnowa\u017cony haj mi\u0119dzy relaksacj\u0105 a eufori\u0105, idealny dla mi\u0142o\u015bnik\u00f3w konopi szukaj\u0105cych zar\u00f3wno relaksu, jak i stymulacji umys\u0142owej.<a href=\"https:\/\/fuelpackz.com\/\" target=\"_blank\" rel=\"noopener\">.<\/a><\/p>\n<ul>\n<li><strong>Typ<\/strong> Zr\u00f3wnowa\u017cona hybryda (50% Indica \/ 50% Sativa)<\/li>\n<li><strong>THC<\/strong> Pomi\u0119dzy 19% i 29% dla pot\u0119\u017cnego, d\u0142ugotrwa\u0142ego do\u015bwiadczenia<\/li>\n<\/ul>\n<h3>Efekty i korzy\u015bci Runtz Weed Strain<\/h3>\n<p>La <strong>Odmiana chwast\u00f3w Runtz<\/strong> s\u0142ynie ze zr\u00f3wnowa\u017conego haju, kt\u00f3ry wywo\u0142uje uczucie szcz\u0119\u015bcia i spokoju, jednocze\u015bnie delikatnie relaksuj\u0105c cia\u0142o. Idealnie nadaje si\u0119 na wieczory lub chwile relaksu, gdy chcesz pozosta\u0107 zaanga\u017cowany umys\u0142owo, jednocze\u015bnie koj\u0105c cia\u0142o.<\/p>\n<ul>\n<li><strong>Efekty<\/strong> Euforia, relaks, szcz\u0119\u015bcie, stymulacja<\/li>\n<li><strong>Idealny dla<\/strong> Bezsenno\u015b\u0107, Przewlek\u0142y b\u00f3l, Utrata apetytu, Stres, Niepok\u00f3j<\/li>\n<\/ul>\n<h3>Stany \u0142agodzone przez odmian\u0119 konopi Runtz<\/h3>\n<p>Dzi\u0119ki unikalnemu po\u0142\u0105czeniu dzia\u0142ania stymuluj\u0105cego i koj\u0105cego, <strong>Runtz<\/strong> jest cz\u0119sto wybierana w celu z\u0142agodzenia wielu dolegliwo\u015bci:<\/p>\n<ul>\n<li><strong>Bezsenno\u015b\u0107 i przewlek\u0142y b\u00f3l<\/strong> Wspomaga sen i \u0142agodzi b\u00f3le cia\u0142a.<\/li>\n<li><strong>Stres i niepok\u00f3j<\/strong> Uspokaja umys\u0142 i wywo\u0142uje stan dobrego samopoczucia.<\/li>\n<li><strong>Utrata apetytu<\/strong> Pobudza apetyt z radosnym, pocieszaj\u0105cym efektem.<\/li>\n<\/ul>\n<h3>Smaki i aromaty odmiany marihuany Runtz<\/h3>\n<p>La <strong>Odmiana marihuany Runtz<\/strong> oferuje prawdziw\u0105 eksplozj\u0119 owocowych smak\u00f3w z nutami <strong>cytrus<\/strong>z <strong>cierpkie jagody<\/strong>i odrobin\u0105 pikantnego ananasa. Jego aromat staje si\u0119 lekko pikantny w miar\u0119 p\u0119kania p\u0105k\u00f3w, uwalniaj\u0105c mieszank\u0119 owoc\u00f3w tropikalnych i cytrus\u00f3w, kt\u00f3ra zachwyci mi\u0142o\u015bnik\u00f3w wy\u015bmienitych smak\u00f3w.<\/p>\n<ul>\n<li><strong>Smaki<\/strong> cytrusowe, jagodowe, tropikalne, ananasowe, pikantne<\/li>\n<li><strong>Zapachy<\/strong> Owocowy, Pikantny, Cytrusowy, S\u0142odkie jagody<\/li>\n<\/ul>\n<h3>Wygl\u0105d kwiatu konopi Runtz<\/h3>\n<p>P\u0105ki <strong>Runtz<\/strong> s\u0105 zwarte i w kszta\u0142cie winogron, w kolorze g\u0142\u0119bokiej oliwkowej zieleni z ciemnofioletowymi odcieniami. S\u0105 usiane drobnymi pomara\u0144czowymi w\u0142oskami i pokryte mro\u017an\u0105 warstw\u0105 krystalicznych trichom\u00f3w, tworz\u0105c atrakcyjny, \u017cywiczny wygl\u0105d.<\/p>\n<h3>Zam\u00f3w hybrydow\u0105 odmian\u0119 marihuany Runtz online w sklepie Pressure Zone Shop<\/h3>\n<p>Gotowy do odkrycia bogatych smak\u00f3w i zr\u00f3wnowa\u017conego dzia\u0142ania <strong>Hybrydowa odmiana marihuany Runtz<\/strong> ? Zam\u00f3w teraz na <a href=\"https:\/\/pressurezone.shop\/pl\/\" target=\"_new\" rel=\"noopener\">Sklep ze strefami ci\u015bnieniowymi<\/a> i ciesz si\u0119 wyj\u0105tkowymi doznaniami zwi\u0105zanymi z konopiami indyjskimi, idealnymi do uspokojenia umys\u0142u i o\u017cywienia cia\u0142a. Niezale\u017cnie od tego, czy jeste\u015b fanem s\u0142odkich smak\u00f3w, czy szukasz zr\u00f3wnowa\u017conego haju, <strong>Runtz<\/strong> jest doskona\u0142ym wyborem zapewniaj\u0105cym doskona\u0142e wra\u017cenia.<\/p>\n<\/div>\n<\/div>\n<\/div>\n<\/div>\n<\/div>\n<\/div>","protected":false},"excerpt":{"rendered":"<p><strong>Smak:<\/strong>\u00a0Owocowy | Ananasowy | Pikantny | S\u0142odki | Tropikalny<br \/>\n<strong>Zastosowanie medyczne:<\/strong>\u00a0L\u0119k | Przewlek\u0142y b\u00f3l | Bezsenno\u015b\u0107 | Nudno\u015bci | Stres<br \/>\n<strong>Zawarto\u015b\u0107 THC:<\/strong>\u00a020% Najwy\u017cszy<\/p>","protected":false},"featured_media":3039,"comment_status":"closed","ping_status":"closed","template":"","meta":{"_uag_custom_page_level_css":"","site-sidebar-layout":"default","site-content-layout":"","ast-site-content-layout":"default","site-content-style":"default","site-sidebar-style":"default","ast-global-header-display":"","ast-banner-title-visibility":"","ast-main-header-display":"","ast-hfb-above-header-display":"","ast-hfb-below-header-display":"","ast-hfb-mobile-header-display":"","site-post-title":"","ast-breadcrumbs-content":"","ast-featured-img":"","footer-sml-layout":"","theme-transparent-header-meta":"default","adv-header-id-meta":"","stick-header-meta":"","header-above-stick-meta":"","header-main-stick-meta":"","header-below-stick-meta":"","astra-migrate-meta-layouts":"set","ast-page-background-enabled":"default","ast-page-background-meta":{"desktop":{"background-color":"","background-image":"","background-repeat":"repeat","background-position":"center center","background-size":"auto","background-attachment":"scroll","background-type":"","background-media":"","overlay-type":"","overlay-color":"","overlay-opacity":"","overlay-gradient":""},"tablet":{"background-color":"","background-image":"","background-repeat":"repeat","background-position":"center center","background-size":"auto","background-attachment":"scroll","background-type":"","background-media":"","overlay-type":"","overlay-color":"","overlay-opacity":"","overlay-gradient":""},"mobile":{"background-color":"","background-image":"","background-repeat":"repeat","background-position":"center center","background-size":"auto","background-attachment":"scroll","background-type":"","background-media":"","overlay-type":"","overlay-color":"","overlay-opacity":"","overlay-gradient":""}},"ast-content-background-meta":{"desktop":{"background-color":"var(--ast-global-color-5)","background-image":"","background-repeat":"repeat","background-position":"center center","background-size":"auto","background-attachment":"scroll","background-type":"","background-media":"","overlay-type":"","overlay-color":"","overlay-opacity":"","overlay-gradient":""},"tablet":{"background-color":"var(--ast-global-color-5)","background-image":"","background-repeat":"repeat","background-position":"center center","background-size":"auto","background-attachment":"scroll","background-type":"","background-media":"","overlay-type":"","overlay-color":"","overlay-opacity":"","overlay-gradient":""},"mobile":{"background-color":"var(--ast-global-color-5)","background-image":"","background-repeat":"repeat","background-position":"center center","background-size":"auto","background-attachment":"scroll","background-type":"","background-media":"","overlay-type":"","overlay-color":"","overlay-opacity":"","overlay-gradient":""}}},"product_brand":[],"product_cat":[28,277],"product_tag":[282],"class_list":{"0":"post-3002","1":"product","2":"type-product","3":"status-publish","4":"has-post-thumbnail","6":"product_cat-varietes-de-cannabis","7":"product_cat-varietes-de-cannabis-hybrides","8":"product_tag-runtz-hybrid-marijuana-strain-for-sale-europe","9":"desktop-align-left","10":"tablet-align-left","11":"mobile-align-left","13":"first","14":"instock","15":"shipping-taxable","16":"purchasable","17":"product-type-variable"},"uagb_featured_image_src":{"full":["https:\/\/pressurezone.shop\/wp-content\/uploads\/2024\/10\/Runtz-Hybrid-Marijuana-Strain.jpg",948,958,false],"thumbnail":["https:\/\/pressurezone.shop\/wp-content\/uploads\/2024\/10\/Runtz-Hybrid-Marijuana-Strain-150x150.jpg",150,150,true],"medium":["https:\/\/pressurezone.shop\/wp-content\/uploads\/2024\/10\/Runtz-Hybrid-Marijuana-Strain-297x300.jpg",297,300,true],"medium_large":["https:\/\/pressurezone.shop\/wp-content\/uploads\/2024\/10\/Runtz-Hybrid-Marijuana-Strain-768x776.jpg",768,776,true],"large":["https:\/\/pressurezone.shop\/wp-content\/uploads\/2024\/10\/Runtz-Hybrid-Marijuana-Strain.jpg",948,958,false],"1536x1536":["https:\/\/pressurezone.shop\/wp-content\/uploads\/2024\/10\/Runtz-Hybrid-Marijuana-Strain.jpg",948,958,false],"2048x2048":["https:\/\/pressurezone.shop\/wp-content\/uploads\/2024\/10\/Runtz-Hybrid-Marijuana-Strain.jpg",948,958,false],"trp-custom-language-flag":["https:\/\/pressurezone.shop\/wp-content\/uploads\/2024\/10\/Runtz-Hybrid-Marijuana-Strain-12x12.jpg",12,12,true],"woocommerce_thumbnail":["https:\/\/pressurezone.shop\/wp-content\/uploads\/2024\/10\/Runtz-Hybrid-Marijuana-Strain-300x300.jpg",300,300,true],"woocommerce_single":["https:\/\/pressurezone.shop\/wp-content\/uploads\/2024\/10\/Runtz-Hybrid-Marijuana-Strain-600x606.jpg",600,606,true],"woocommerce_gallery_thumbnail":["https:\/\/pressurezone.shop\/wp-content\/uploads\/2024\/10\/Runtz-Hybrid-Marijuana-Strain-100x100.jpg",100,100,true]},"uagb_author_info":{"display_name":"pressurezone.shop","author_link":"https:\/\/pressurezone.shop\/pl\/author\/"},"uagb_comment_info":0,"uagb_excerpt":"Flavour:\u00a0Fruity | Pineapple | Spicy | Sweet | Tropical Medical Usage:\u00a0Anxiety | Chronic Pain | Insomnia | Nausea | Stress THC Content:\u00a020% Highest","_links":{"self":[{"href":"https:\/\/pressurezone.shop\/pl\/wp-json\/wp\/v2\/product\/3002"}],"collection":[{"href":"https:\/\/pressurezone.shop\/pl\/wp-json\/wp\/v2\/product"}],"about":[{"href":"https:\/\/pressurezone.shop\/pl\/wp-json\/wp\/v2\/types\/product"}],"replies":[{"embeddable":true,"href":"https:\/\/pressurezone.shop\/pl\/wp-json\/wp\/v2\/comments?post=3002"}],"version-history":[{"count":2,"href":"https:\/\/pressurezone.shop\/pl\/wp-json\/wp\/v2\/product\/3002\/revisions"}],"predecessor-version":[{"id":4014,"href":"https:\/\/pressurezone.shop\/pl\/wp-json\/wp\/v2\/product\/3002\/revisions\/4014"}],"wp:featuredmedia":[{"embeddable":true,"href":"https:\/\/pressurezone.shop\/pl\/wp-json\/wp\/v2\/media\/3039"}],"wp:attachment":[{"href":"https:\/\/pressurezone.shop\/pl\/wp-json\/wp\/v2\/media?parent=3002"}],"wp:term":[{"taxonomy":"product_brand","embeddable":true,"href":"https:\/\/pressurezone.shop\/pl\/wp-json\/wp\/v2\/product_brand?post=3002"},{"taxonomy":"product_cat","embeddable":true,"href":"https:\/\/pressurezone.shop\/pl\/wp-json\/wp\/v2\/product_cat?post=3002"},{"taxonomy":"product_tag","embeddable":true,"href":"https:\/\/pressurezone.shop\/pl\/wp-json\/wp\/v2\/product_tag?post=3002"}],"curies":[{"name":"wp","href":"https:\/\/api.w.org\/{rel}","templated":true}]}}