{"id":3003,"date":"2024-10-11T00:48:46","date_gmt":"2024-10-10T22:48:46","guid":{"rendered":"https:\/\/pressurezone.shop\/?post_type=product&#038;p=3003"},"modified":"2024-11-03T21:56:35","modified_gmt":"2024-11-03T20:56:35","slug":"purple-candy-weed-strain","status":"publish","type":"product","link":"https:\/\/pressurezone.shop\/pl\/produkt\/odmiana-chwastow-purple-candy\/","title":{"rendered":"Odmiana Purple Candy Weed"},"content":{"rendered":"<div class=\"flex-shrink-0 flex flex-col relative items-end\">\n<div>\n<div class=\"pt-0\">\n<div class=\"gizmo-bot-avatar flex h-8 w-8 items-center justify-center overflow-hidden rounded-full\">\n<div class=\"relative p-1 rounded-sm flex items-center justify-center bg-token-main-surface-primary text-token-text-primary h-8 w-8\"><\/div>\n<\/div>\n<\/div>\n<\/div>\n<\/div>\n<div class=\"group\/conversation-turn relative flex w-full min-w-0 flex-col agent-turn\">\n<div class=\"flex-col gap-1 md:gap-3\">\n<div class=\"flex max-w-full flex-col flex-grow\">\n<div class=\"min-h-8 text-message flex w-full flex-col items-end gap-2 whitespace-normal break-words [.text-message+&amp;]:mt-5\" dir=\"auto\" data-message-author-role=\"assistant\" data-message-id=\"556baeaa-17c5-4e67-8546-8f4ac85152c6\" data-message-model-slug=\"gpt-4o\">\n<div class=\"flex w-full flex-col gap-1 empty:hidden first:pt-[3px]\">\n<div class=\"markdown prose w-full break-words dark:prose-invert light\">\n<h3><strong>Kup Purple Candy Weed Strain online w Europie na <a href=\"https:\/\/pressurezone.shop\/pl\/\" target=\"_new\" rel=\"noopener\">Sklep ze strefami ci\u015bnieniowymi<\/a><\/strong><\/h3>\n<p>Odkryj <strong>Odmiana Purple Candy Weed<\/strong>hybryda z przewag\u0105 Indica, znana z g\u0142\u0119boko relaksuj\u0105cych efekt\u00f3w i s\u0142odkiego profilu smakowego. Z poziomem THC si\u0119gaj\u0105cym 19%, odmiana ta jest idealna dla os\u00f3b poszukuj\u0105cych intensywnego odpr\u0119\u017cenia cia\u0142a i przyp\u0142ywu szcz\u0119\u015bcia.<a href=\"https:\/\/fuelpackz.com\/\" target=\"_blank\" rel=\"noopener\">.<\/a><\/p>\n<h3>Dlaczego warto wybra\u0107 odmian\u0119 Purple Candy Weed?<\/h3>\n<p><strong>Odmiana Purple Candy Weed<\/strong> to idealna odmiana na nocny relaks, oferuj\u0105ca haj, kt\u00f3ry uspokaja i koi cia\u0142o. Dzi\u0119ki swoim euforycznym efektom i potencja\u0142owi blokowania na kanapie, <strong>Fioletowy cukierek<\/strong> jest idealny do \u0142agodzenia stresu i promowania snu. Jest r\u00f3wnie\u017c skuteczny w \u0142agodzeniu r\u00f3\u017cnych dolegliwo\u015bci, co czyni go doskona\u0142ym wyborem dla u\u017cytkownik\u00f3w medycznej marihuany.<\/p>\n<ul>\n<li><strong>Typ<\/strong> Dominuj\u0105ca Indica<\/li>\n<li><strong>THC<\/strong> Do 19% dla pot\u0119\u017cnego i koj\u0105cego do\u015bwiadczenia<\/li>\n<\/ul>\n<h3>Efekty i zalety odmiany Purple Candy Weed<\/h3>\n<p>La <strong>Odmiana Purple Candy Weed<\/strong> jest znana ze swoich efekt\u00f3w cielesnych, kt\u00f3re wywo\u0142uj\u0105 stan spokoju i szcz\u0119\u015bcia. Jest idealny dla tych, kt\u00f3rzy chc\u0105 si\u0119 intensywnie zrelaksowa\u0107, do\u015bwiadczaj\u0105c jednocze\u015bnie podwy\u017cszonego nastroju, kt\u00f3remu cz\u0119sto towarzyszy silny apetyt na przek\u0105ski.<\/p>\n<ul>\n<li><strong>Efekty<\/strong> Relaks, euforia, szcz\u0119\u015bcie, senno\u015b\u0107, apetyt<\/li>\n<li><strong>Idealny dla<\/strong> L\u0119k, depresja, zm\u0119czenie, migreny, b\u00f3le g\u0142owy, bezsenno\u015b\u0107<\/li>\n<\/ul>\n<h3>Stany \u0142agodzone przez odmian\u0119 konopi Purple Candy<\/h3>\n<p>Dzi\u0119ki silnemu dzia\u0142aniu indica <strong>Fioletowy cukierek<\/strong> jest idealny do \u0142agodzenia wielu zaburze\u0144 fizycznych i psychicznych:<\/p>\n<ul>\n<li><strong>L\u0119k i depresja<\/strong> Uspokaja umys\u0142 i poprawia nastr\u00f3j, idealny na spokojne wieczory.<\/li>\n<li><strong>Bezsenno\u015b\u0107 i zm\u0119czenie<\/strong> Pomaga zasn\u0105\u0107 i dobrze wypocz\u0105\u0107 w nocy.<\/li>\n<li><strong>B\u00f3l i migreny<\/strong> Zapewnia d\u0142ugotrwa\u0142\u0105 ulg\u0119 w b\u00f3lach cia\u0142a.<\/li>\n<\/ul>\n<h3>Smaki i aromaty odmiany Purple Candy Weed<\/h3>\n<p>La <strong>Odmiana Purple Candy Weed<\/strong> jest ceniona za s\u0142odki profil smakowy winogron i miodu. Jej kwiatowy aromat, z nutami r\u00f3\u017cy, tworzy mi\u0119kkie, koj\u0105ce doznania sensoryczne, idealne do relaksu pod koniec dnia.<\/p>\n<ul>\n<li><strong>Smaki<\/strong> Winogrono, S\u0142odki, Mi\u00f3d<\/li>\n<li><strong>Zapachy<\/strong> : winogrono, kwiatowy, mi\u00f3d, r\u00f3\u017ca<\/li>\n<\/ul>\n<h3>Wygl\u0105d kwiatu konopi Purple Candy<\/h3>\n<p>P\u0105ki <strong>Fioletowy cukierek<\/strong> wyr\u00f3\u017cniaj\u0105 si\u0119 fioletowymi, bursztynowymi i zielonymi odcieniami, pokrytymi b\u0142yszcz\u0105cymi w\u0142oskami. Ich \u017cywy, \u017cywiczny wygl\u0105d odzwierciedla jako\u015b\u0107 i moc tej odmiany.<\/p>\n<h3>Zam\u00f3w odmian\u0119 Purple Candy Weed online w sklepie Strefa Ci\u015bnienia<\/h3>\n<p>Gotowy do odkrycia koj\u0105cych, s\u0142odkich efekt\u00f3w <strong>Odmiana Purple Candy Weed<\/strong> ? Zam\u00f3w ju\u017c dzi\u015b w <a href=\"https:\/\/pressurezone.shop\/pl\/\" target=\"_new\" rel=\"noopener\">Sklep ze strefami ci\u015bnieniowymi<\/a> dla silnego i pe\u0142nego relaksu. Niezale\u017cnie od tego, czy chcesz z\u0142agodzi\u0107 stres, czy po prostu cieszy\u0107 si\u0119 relaksuj\u0105cym wieczorem, <strong>Fioletowy cukierek<\/strong> to idealny wyb\u00f3r, aby uzyska\u0107 najwy\u017cszej klasy doznania zwi\u0105zane z konopiami indyjskimi.<\/p>\n<\/div>\n<\/div>\n<\/div>\n<\/div>\n<\/div>\n<\/div>","protected":false},"excerpt":{"rendered":"<p><strong>Smak:<\/strong>\u00a0Jagodowy | Owocowy | Zio\u0142owy | S\u0142odki<br \/>\n<strong>Zastosowanie medyczne:<\/strong>\u00a0L\u0119k | Przewlek\u0142y b\u00f3l | Depresja | B\u00f3le g\u0142owy | Stres<br \/>\n<strong>Zawarto\u015b\u0107 THC:<\/strong>\u00a020% Najwy\u017cszy<\/p>","protected":false},"featured_media":3049,"comment_status":"closed","ping_status":"closed","template":"","meta":{"_uag_custom_page_level_css":"","site-sidebar-layout":"default","site-content-layout":"","ast-site-content-layout":"default","site-content-style":"default","site-sidebar-style":"default","ast-global-header-display":"","ast-banner-title-visibility":"","ast-main-header-display":"","ast-hfb-above-header-display":"","ast-hfb-below-header-display":"","ast-hfb-mobile-header-display":"","site-post-title":"","ast-breadcrumbs-content":"","ast-featured-img":"","footer-sml-layout":"","theme-transparent-header-meta":"default","adv-header-id-meta":"","stick-header-meta":"","header-above-stick-meta":"","header-main-stick-meta":"","header-below-stick-meta":"","astra-migrate-meta-layouts":"set","ast-page-background-enabled":"default","ast-page-background-meta":{"desktop":{"background-color":"","background-image":"","background-repeat":"repeat","background-position":"center center","background-size":"auto","background-attachment":"scroll","background-type":"","background-media":"","overlay-type":"","overlay-color":"","overlay-opacity":"","overlay-gradient":""},"tablet":{"background-color":"","background-image":"","background-repeat":"repeat","background-position":"center center","background-size":"auto","background-attachment":"scroll","background-type":"","background-media":"","overlay-type":"","overlay-color":"","overlay-opacity":"","overlay-gradient":""},"mobile":{"background-color":"","background-image":"","background-repeat":"repeat","background-position":"center center","background-size":"auto","background-attachment":"scroll","background-type":"","background-media":"","overlay-type":"","overlay-color":"","overlay-opacity":"","overlay-gradient":""}},"ast-content-background-meta":{"desktop":{"background-color":"var(--ast-global-color-5)","background-image":"","background-repeat":"repeat","background-position":"center center","background-size":"auto","background-attachment":"scroll","background-type":"","background-media":"","overlay-type":"","overlay-color":"","overlay-opacity":"","overlay-gradient":""},"tablet":{"background-color":"var(--ast-global-color-5)","background-image":"","background-repeat":"repeat","background-position":"center center","background-size":"auto","background-attachment":"scroll","background-type":"","background-media":"","overlay-type":"","overlay-color":"","overlay-opacity":"","overlay-gradient":""},"mobile":{"background-color":"var(--ast-global-color-5)","background-image":"","background-repeat":"repeat","background-position":"center center","background-size":"auto","background-attachment":"scroll","background-type":"","background-media":"","overlay-type":"","overlay-color":"","overlay-opacity":"","overlay-gradient":""}}},"product_brand":[],"product_cat":[28,277],"product_tag":[283],"class_list":{"0":"post-3003","1":"product","2":"type-product","3":"status-publish","4":"has-post-thumbnail","6":"product_cat-varietes-de-cannabis","7":"product_cat-varietes-de-cannabis-hybrides","8":"product_tag-purple-candy-weed-strain-for-sale","9":"desktop-align-left","10":"tablet-align-left","11":"mobile-align-left","13":"first","14":"instock","15":"shipping-taxable","16":"purchasable","17":"product-type-variable"},"uagb_featured_image_src":{"full":["https:\/\/pressurezone.shop\/wp-content\/uploads\/2024\/10\/Purple-Candy-Weed-Strain.jpg",955,960,false],"thumbnail":["https:\/\/pressurezone.shop\/wp-content\/uploads\/2024\/10\/Purple-Candy-Weed-Strain-150x150.jpg",150,150,true],"medium":["https:\/\/pressurezone.shop\/wp-content\/uploads\/2024\/10\/Purple-Candy-Weed-Strain-298x300.jpg",298,300,true],"medium_large":["https:\/\/pressurezone.shop\/wp-content\/uploads\/2024\/10\/Purple-Candy-Weed-Strain-768x772.jpg",768,772,true],"large":["https:\/\/pressurezone.shop\/wp-content\/uploads\/2024\/10\/Purple-Candy-Weed-Strain.jpg",955,960,false],"1536x1536":["https:\/\/pressurezone.shop\/wp-content\/uploads\/2024\/10\/Purple-Candy-Weed-Strain.jpg",955,960,false],"2048x2048":["https:\/\/pressurezone.shop\/wp-content\/uploads\/2024\/10\/Purple-Candy-Weed-Strain.jpg",955,960,false],"trp-custom-language-flag":["https:\/\/pressurezone.shop\/wp-content\/uploads\/2024\/10\/Purple-Candy-Weed-Strain-12x12.jpg",12,12,true],"woocommerce_thumbnail":["https:\/\/pressurezone.shop\/wp-content\/uploads\/2024\/10\/Purple-Candy-Weed-Strain-300x300.jpg",300,300,true],"woocommerce_single":["https:\/\/pressurezone.shop\/wp-content\/uploads\/2024\/10\/Purple-Candy-Weed-Strain-600x603.jpg",600,603,true],"woocommerce_gallery_thumbnail":["https:\/\/pressurezone.shop\/wp-content\/uploads\/2024\/10\/Purple-Candy-Weed-Strain-100x100.jpg",100,100,true]},"uagb_author_info":{"display_name":"pressurezone.shop","author_link":"https:\/\/pressurezone.shop\/pl\/author\/"},"uagb_comment_info":0,"uagb_excerpt":"Flavour:\u00a0Berry | Fruity | Herbal | Sweet Medical Usage:\u00a0Anxiety | Chronic Pain | Depression | Headaches | Stress THC Content:\u00a020% Highest","_links":{"self":[{"href":"https:\/\/pressurezone.shop\/pl\/wp-json\/wp\/v2\/product\/3003"}],"collection":[{"href":"https:\/\/pressurezone.shop\/pl\/wp-json\/wp\/v2\/product"}],"about":[{"href":"https:\/\/pressurezone.shop\/pl\/wp-json\/wp\/v2\/types\/product"}],"replies":[{"embeddable":true,"href":"https:\/\/pressurezone.shop\/pl\/wp-json\/wp\/v2\/comments?post=3003"}],"version-history":[{"count":3,"href":"https:\/\/pressurezone.shop\/pl\/wp-json\/wp\/v2\/product\/3003\/revisions"}],"predecessor-version":[{"id":3999,"href":"https:\/\/pressurezone.shop\/pl\/wp-json\/wp\/v2\/product\/3003\/revisions\/3999"}],"wp:featuredmedia":[{"embeddable":true,"href":"https:\/\/pressurezone.shop\/pl\/wp-json\/wp\/v2\/media\/3049"}],"wp:attachment":[{"href":"https:\/\/pressurezone.shop\/pl\/wp-json\/wp\/v2\/media?parent=3003"}],"wp:term":[{"taxonomy":"product_brand","embeddable":true,"href":"https:\/\/pressurezone.shop\/pl\/wp-json\/wp\/v2\/product_brand?post=3003"},{"taxonomy":"product_cat","embeddable":true,"href":"https:\/\/pressurezone.shop\/pl\/wp-json\/wp\/v2\/product_cat?post=3003"},{"taxonomy":"product_tag","embeddable":true,"href":"https:\/\/pressurezone.shop\/pl\/wp-json\/wp\/v2\/product_tag?post=3003"}],"curies":[{"name":"wp","href":"https:\/\/api.w.org\/{rel}","templated":true}]}}