{"id":3004,"date":"2024-10-11T00:48:46","date_gmt":"2024-10-10T22:48:46","guid":{"rendered":"https:\/\/pressurezone.shop\/?post_type=product&#038;p=3004"},"modified":"2024-11-03T21:08:43","modified_gmt":"2024-11-03T20:08:43","slug":"kush-sorbet-cannabis-flower-eu","status":"publish","type":"product","link":"https:\/\/pressurezone.shop\/pl\/produkt\/kush-sorbet-kwiat-konopi-eu\/","title":{"rendered":"Kwiat konopi Kush Sorbet EU"},"content":{"rendered":"<h3><strong>Kup Kush Sorbet Cannabis Flower EU online w Europie na <a href=\"https:\/\/pressurezone.shop\/pl\/\" target=\"_new\" rel=\"noopener\">Sklep ze strefami ci\u015bnieniowymi<\/a><\/strong><\/h3>\n<p>Odkryj <strong>Kwiat konopi Kush Sorbet EU<\/strong>Odmiana hybrydowa z lekk\u0105 przewag\u0105 Indica (60% Indica \/ 40% Sativa) powsta\u0142a w wyniku skrzy\u017cowania odmian <strong>Sunset Sherbet<\/strong> i <strong>Triangle Kush<\/strong>. Doceniana za s\u0142odki, owocowy smak, odmiana ta oferuje zr\u00f3wnowa\u017cone doznania idealne do relaksu przy jednoczesnym zachowaniu motywacji.<a href=\"https:\/\/fuelpackz.com\/\" target=\"_blank\" rel=\"noopener\">.<\/a><\/p>\n<h3>Dlaczego warto wybra\u0107 Kush Sorbet Cannabis Flower EU?<\/h3>\n<p><strong>Kwiat konopi Kush Sorbet EU<\/strong> to idealna odmiana dla os\u00f3b poszukuj\u0105cych stymuluj\u0105cego haju umys\u0142owego i umiarkowanego relaksu fizycznego. Jej dzia\u0142anie rozpoczyna si\u0119 od euforycznego, motywuj\u0105cego haju, u\u0142atwiaj\u0105cego wykonywanie zada\u0144 umys\u0142owych i zapewniaj\u0105cego spok\u00f3j umys\u0142u. Wysoka zawarto\u015b\u0107 THC (22-24%) sprawia, \u017ce odmiana ta jest skuteczna w leczeniu r\u00f3\u017cnych schorze\u0144.<\/p>\n<ul>\n<li><strong>Typ<\/strong> Hybryda z lekk\u0105 dominacj\u0105 Indica (60% Indica \/ 40% Sativa)<\/li>\n<li><strong>THC<\/strong> Pomi\u0119dzy 22% i 24% dla pot\u0119\u017cnych, d\u0142ugotrwa\u0142ych efekt\u00f3w<\/li>\n<\/ul>\n<h3>Efekty i zalety odmiany Kush Sorbet Weed Strain<\/h3>\n<p>La <strong>Odmiana zi\u00f3\u0142 Kush Sorbet<\/strong> jest znany ze swojego zr\u00f3wnowa\u017conego dzia\u0142ania, kt\u00f3re promuje zar\u00f3wno motywacj\u0119, jak i relaksacj\u0119. Jest idealny dla tych, kt\u00f3rzy chc\u0105 radzi\u0107 sobie z b\u00f3lem fizycznym, pozostaj\u0105c jednocze\u015bnie aktywnymi umys\u0142owo i produktywnymi.<\/p>\n<ul>\n<li><strong>Efekty<\/strong> Motywacja, Euforia, Relaks, Dobre samopoczucie<\/li>\n<li><strong>Zalecane dla<\/strong> Przewlek\u0142y b\u00f3l, skurcze, skurcze mi\u0119\u015bni, stres, depresja<\/li>\n<\/ul>\n<h3>Stany \u0142agodzone przez szczep konopi Kush Sorbet<\/h3>\n<p>Dzi\u0119ki umiarkowanym, ale trwa\u0142ym efektom <strong>Sorbet Kush<\/strong> jest idealny do leczenia szeregu objaw\u00f3w:<\/p>\n<ul>\n<li><strong>Przewlek\u0142y b\u00f3l i skurcze mi\u0119\u015bni<\/strong> \u0141agodzi napi\u0119cie mi\u0119\u015bni i b\u00f3l bez uczucia ci\u0119\u017cko\u015bci.<\/li>\n<li><strong>Stres i depresja<\/strong> Poprawia nastr\u00f3j i uspokaja negatywne my\u015bli, idealny do relaksu psychicznego.<\/li>\n<li><strong>Skurcze i napi\u0119cia<\/strong> Promuje umiarkowany relaks fizyczny, kt\u00f3ry pomaga uspokoi\u0107 cia\u0142o.<\/li>\n<\/ul>\n<h3>Smaki i aromaty kwiat\u00f3w konopi Kush Sorbet<\/h3>\n<p>La <strong>Sorbet Kush<\/strong> uwodzi z\u0142o\u017conym profilem aromatycznym. Oferuje smaki <strong>s\u0142odkie cytryny<\/strong> oraz <strong>kwa\u015bne owoce<\/strong> z subtelnymi nutami \u015bwie\u017cej mi\u0119ty i ziemi. Jego aromat jest zr\u00f3wnowa\u017con\u0105 mieszank\u0105 <strong>kwa\u015bny cytrus<\/strong>Po\u0142\u0105czenie aromatycznych nut winogron, pikantnej ziemi i \u015bwie\u017cych owoc\u00f3w tworzy delikatne i wyrafinowane doznania sensoryczne.<\/p>\n<ul>\n<li><strong>Smaki<\/strong> Cytrusowy, owocowy, mi\u0119towy, ziemisty<\/li>\n<li><strong>Zapachy<\/strong> Cytrusowy, korzenny, ziemisty, \u015bwie\u017ce owoce<\/li>\n<\/ul>\n<h3>Wygl\u0105d kwiatu konopi Kush Sorbet<\/h3>\n<p>P\u0105ki <strong>Sorbet Kush<\/strong> s\u0105 oliwkowo-zielone z g\u0142\u0119bokimi fioletowymi refleksami i grubymi pomara\u0144czowymi w\u0142oskami, wzmocnionymi krystalicznymi trichomami o fioletowo-bia\u0142ych odcieniach. Ta atrakcyjna, elegancka struktura sprawia, \u017ce Kush Sorbet jest r\u00f3wnie pi\u0119kna, co pot\u0119\u017cna.<\/p>\n<h3>Zam\u00f3w Kush Sorbet Cannabis Flower EU online w sklepie Strefa Ci\u015bnienia<\/h3>\n<p>Gotowy do odkrycia idealnej r\u00f3wnowagi <strong>Kwiat konopi Kush Sorbet EU<\/strong> ? Zam\u00f3w teraz na <a href=\"https:\/\/pressurezone.shop\/pl\/\" target=\"_new\" rel=\"noopener\">Sklep ze strefami ci\u015bnieniowymi<\/a> aby cieszy\u0107 si\u0119 t\u0105 hybrydow\u0105 odmian\u0105, kt\u00f3ra oferuje zar\u00f3wno relaks fizyczny, jak i wzmocnienie psychiczne. Niezale\u017cnie od tego, czy chcesz z\u0142agodzi\u0107 stres, czy poradzi\u0107 sobie z przewlek\u0142ym b\u00f3lem, <strong>Sorbet Kush<\/strong> to idealny wyb\u00f3r dla mi\u0142o\u015bnik\u00f3w wysokiej jako\u015bci marihuany.<\/p>","protected":false},"excerpt":{"rendered":"<p><strong>Smak:<\/strong>\u00a0Cytrusowy | Owocowy | Mentolowy | Kwa\u015bny | S\u0142odki<br \/>\n<strong>Zastosowanie medyczne:<\/strong>\u00a0Przewlek\u0142y b\u00f3l | Skurcze | Depresja | Zm\u0119czenie | Stres<br \/>\n<strong>Zawarto\u015b\u0107 THC:<\/strong>\u00a023% - 27% Najwy\u017cszy<\/p>","protected":false},"featured_media":3051,"comment_status":"closed","ping_status":"closed","template":"","meta":{"_uag_custom_page_level_css":"","site-sidebar-layout":"default","site-content-layout":"","ast-site-content-layout":"default","site-content-style":"default","site-sidebar-style":"default","ast-global-header-display":"","ast-banner-title-visibility":"","ast-main-header-display":"","ast-hfb-above-header-display":"","ast-hfb-below-header-display":"","ast-hfb-mobile-header-display":"","site-post-title":"","ast-breadcrumbs-content":"","ast-featured-img":"","footer-sml-layout":"","theme-transparent-header-meta":"default","adv-header-id-meta":"","stick-header-meta":"","header-above-stick-meta":"","header-main-stick-meta":"","header-below-stick-meta":"","astra-migrate-meta-layouts":"set","ast-page-background-enabled":"default","ast-page-background-meta":{"desktop":{"background-color":"","background-image":"","background-repeat":"repeat","background-position":"center center","background-size":"auto","background-attachment":"scroll","background-type":"","background-media":"","overlay-type":"","overlay-color":"","overlay-opacity":"","overlay-gradient":""},"tablet":{"background-color":"","background-image":"","background-repeat":"repeat","background-position":"center center","background-size":"auto","background-attachment":"scroll","background-type":"","background-media":"","overlay-type":"","overlay-color":"","overlay-opacity":"","overlay-gradient":""},"mobile":{"background-color":"","background-image":"","background-repeat":"repeat","background-position":"center center","background-size":"auto","background-attachment":"scroll","background-type":"","background-media":"","overlay-type":"","overlay-color":"","overlay-opacity":"","overlay-gradient":""}},"ast-content-background-meta":{"desktop":{"background-color":"var(--ast-global-color-5)","background-image":"","background-repeat":"repeat","background-position":"center center","background-size":"auto","background-attachment":"scroll","background-type":"","background-media":"","overlay-type":"","overlay-color":"","overlay-opacity":"","overlay-gradient":""},"tablet":{"background-color":"var(--ast-global-color-5)","background-image":"","background-repeat":"repeat","background-position":"center center","background-size":"auto","background-attachment":"scroll","background-type":"","background-media":"","overlay-type":"","overlay-color":"","overlay-opacity":"","overlay-gradient":""},"mobile":{"background-color":"var(--ast-global-color-5)","background-image":"","background-repeat":"repeat","background-position":"center center","background-size":"auto","background-attachment":"scroll","background-type":"","background-media":"","overlay-type":"","overlay-color":"","overlay-opacity":"","overlay-gradient":""}}},"product_brand":[],"product_cat":[28,277],"product_tag":[284],"class_list":{"0":"post-3004","1":"product","2":"type-product","3":"status-publish","4":"has-post-thumbnail","6":"product_cat-varietes-de-cannabis","7":"product_cat-varietes-de-cannabis-hybrides","8":"product_tag-order-kush-sorbet-cannabis-flower-eu","9":"desktop-align-left","10":"tablet-align-left","11":"mobile-align-left","13":"first","14":"instock","15":"shipping-taxable","16":"purchasable","17":"product-type-variable"},"uagb_featured_image_src":{"full":["https:\/\/pressurezone.shop\/wp-content\/uploads\/2024\/10\/Kush-Sorbet-Cannabis-Flower-EU.jpg",956,960,false],"thumbnail":["https:\/\/pressurezone.shop\/wp-content\/uploads\/2024\/10\/Kush-Sorbet-Cannabis-Flower-EU-150x150.jpg",150,150,true],"medium":["https:\/\/pressurezone.shop\/wp-content\/uploads\/2024\/10\/Kush-Sorbet-Cannabis-Flower-EU-300x300.jpg",300,300,true],"medium_large":["https:\/\/pressurezone.shop\/wp-content\/uploads\/2024\/10\/Kush-Sorbet-Cannabis-Flower-EU-768x771.jpg",768,771,true],"large":["https:\/\/pressurezone.shop\/wp-content\/uploads\/2024\/10\/Kush-Sorbet-Cannabis-Flower-EU.jpg",956,960,false],"1536x1536":["https:\/\/pressurezone.shop\/wp-content\/uploads\/2024\/10\/Kush-Sorbet-Cannabis-Flower-EU.jpg",956,960,false],"2048x2048":["https:\/\/pressurezone.shop\/wp-content\/uploads\/2024\/10\/Kush-Sorbet-Cannabis-Flower-EU.jpg",956,960,false],"trp-custom-language-flag":["https:\/\/pressurezone.shop\/wp-content\/uploads\/2024\/10\/Kush-Sorbet-Cannabis-Flower-EU-12x12.jpg",12,12,true],"woocommerce_thumbnail":["https:\/\/pressurezone.shop\/wp-content\/uploads\/2024\/10\/Kush-Sorbet-Cannabis-Flower-EU-300x300.jpg",300,300,true],"woocommerce_single":["https:\/\/pressurezone.shop\/wp-content\/uploads\/2024\/10\/Kush-Sorbet-Cannabis-Flower-EU-600x603.jpg",600,603,true],"woocommerce_gallery_thumbnail":["https:\/\/pressurezone.shop\/wp-content\/uploads\/2024\/10\/Kush-Sorbet-Cannabis-Flower-EU-100x100.jpg",100,100,true]},"uagb_author_info":{"display_name":"pressurezone.shop","author_link":"https:\/\/pressurezone.shop\/pl\/author\/"},"uagb_comment_info":0,"uagb_excerpt":"Flavour:\u00a0Citrus | Fruity | Menthol | Sour | Sweet Medical Usage:\u00a0Chronic Pain | Cramps | Depression | Fatigue | Stress THC Content:\u00a023% \u2013 27% Highest","_links":{"self":[{"href":"https:\/\/pressurezone.shop\/pl\/wp-json\/wp\/v2\/product\/3004"}],"collection":[{"href":"https:\/\/pressurezone.shop\/pl\/wp-json\/wp\/v2\/product"}],"about":[{"href":"https:\/\/pressurezone.shop\/pl\/wp-json\/wp\/v2\/types\/product"}],"replies":[{"embeddable":true,"href":"https:\/\/pressurezone.shop\/pl\/wp-json\/wp\/v2\/comments?post=3004"}],"version-history":[{"count":3,"href":"https:\/\/pressurezone.shop\/pl\/wp-json\/wp\/v2\/product\/3004\/revisions"}],"predecessor-version":[{"id":3919,"href":"https:\/\/pressurezone.shop\/pl\/wp-json\/wp\/v2\/product\/3004\/revisions\/3919"}],"wp:featuredmedia":[{"embeddable":true,"href":"https:\/\/pressurezone.shop\/pl\/wp-json\/wp\/v2\/media\/3051"}],"wp:attachment":[{"href":"https:\/\/pressurezone.shop\/pl\/wp-json\/wp\/v2\/media?parent=3004"}],"wp:term":[{"taxonomy":"product_brand","embeddable":true,"href":"https:\/\/pressurezone.shop\/pl\/wp-json\/wp\/v2\/product_brand?post=3004"},{"taxonomy":"product_cat","embeddable":true,"href":"https:\/\/pressurezone.shop\/pl\/wp-json\/wp\/v2\/product_cat?post=3004"},{"taxonomy":"product_tag","embeddable":true,"href":"https:\/\/pressurezone.shop\/pl\/wp-json\/wp\/v2\/product_tag?post=3004"}],"curies":[{"name":"wp","href":"https:\/\/api.w.org\/{rel}","templated":true}]}}