{"id":3005,"date":"2024-10-11T00:48:46","date_gmt":"2024-10-10T22:48:46","guid":{"rendered":"https:\/\/pressurezone.shop\/?post_type=product&#038;p=3005"},"modified":"2024-11-03T20:57:02","modified_gmt":"2024-11-03T19:57:02","slug":"jungle-cake-marijuana-flower","status":"publish","type":"product","link":"https:\/\/pressurezone.shop\/pl\/produkt\/kwiat-marihuany-jungle-cake\/","title":{"rendered":"Kwiat marihuany Jungle Cake"},"content":{"rendered":"<h3><strong>Kup kwiat marihuany Jungle Cake online w Europie na <a href=\"https:\/\/pressurezone.shop\/pl\/\" target=\"_new\" rel=\"noopener\">Sklep ze strefami ci\u015bnieniowymi<\/a><\/strong><\/h3>\n<p>Odkryj <strong>Kwiat marihuany Jungle Cake<\/strong>Doskonale zbalansowana odmiana hybrydowa (50% indica \/ 50% sativa), stworzona przez skrzy\u017cowanie s\u0142ynnego <strong>White Fire #43<\/strong> i <strong>Tort weselny<\/strong>. Znany z pot\u0119\u017cnego haju i d\u0142ugotrwa\u0142ych efekt\u00f3w, <strong>Jungle Cake<\/strong> to odmiana nie do przecenienia, idealna dla poszukiwaczy mocnych wra\u017ce\u0144.<\/p>\n<h3>Dlaczego warto wybra\u0107 Jungle Cake Marijuana Flower?<\/h3>\n<p>La <strong>Kwiat marihuany Jungle Cake<\/strong> oferuje progresywny haj, kt\u00f3ry zaczyna si\u0119 od euforycznego, koj\u0105cego haju psychicznego. Szybko ogarnia ci\u0119 uczucie szcz\u0119\u015bcia, kt\u00f3remu cz\u0119sto towarzyszy chichot. Hajowi towarzyszy intensywne rozlu\u017anienie cia\u0142a, ale bez nadmiernego uspokojenia, co pozwala zrelaksowa\u0107 si\u0119 fizycznie bez konieczno\u015bci k\u0142adzenia si\u0119. Przygotuj si\u0119 r\u00f3wnie\u017c na siln\u0105 potrzeb\u0119 podjadania, poniewa\u017c Jungle Cake intensywnie pobudza apetyt.<\/p>\n<ul>\n<li><strong>Typ<\/strong> Zr\u00f3wnowa\u017cona hybryda (50% Indica \/ 50% Sativa)<\/li>\n<li><strong>THC<\/strong> Wyj\u0105tkowo wysoki, mi\u0119dzy 30 a 33% dla intensywnych i d\u0142ugotrwa\u0142ych efekt\u00f3w<\/li>\n<\/ul>\n<h3>Efekty i korzy\u015bci ze stosowania Jungle Cake Weed Strain<\/h3>\n<p>Dzi\u0119ki wysokiej zawarto\u015bci THC <strong>Odmiana Jungle Cake Weed<\/strong> jest idealna dla os\u00f3b poszukuj\u0105cych euforycznego haju, po kt\u00f3rym nast\u0119puje fizyczny relaks. Jej dzia\u0142anie jest zr\u00f3wnowa\u017cone mi\u0119dzy stymulacj\u0105 umys\u0142ow\u0105 a fizycznym ukojeniem, co czyni j\u0105 doskona\u0142\u0105 opcj\u0105 do \u0142agodzenia stresu i przywracania dobrego samopoczucia.<a href=\"https:\/\/fuelpackz.com\/\" target=\"_blank\" rel=\"noopener\">.<\/a><\/p>\n<ul>\n<li><strong>Efekty<\/strong> Euforia, szcz\u0119\u015bcie, \u015bmiech, relaks, \u015brodek pobudzaj\u0105cy apetyt<\/li>\n<li><strong>Idealny dla<\/strong> Utrata apetytu, Nudno\u015bci, Przewlek\u0142y stres, Zaburzenia nastroju, Depresja<\/li>\n<\/ul>\n<h3>Choroby \u0142agodzone przez odmian\u0119 konopi Jungle Cake<\/h3>\n<p>W\u0142a\u015bciwo\u015bci r\u00f3wnowa\u017c\u0105ce <strong>Jungle Cake<\/strong> sprawiaj\u0105, \u017ce jest skuteczny w leczeniu szerokiego zakresu schorze\u0144:<\/p>\n<ul>\n<li><strong>Utrata apetytu i nudno\u015bci<\/strong> \u0141agodzi nudno\u015bci i pobudza apetyt.<\/li>\n<li><strong>Stres i depresja<\/strong> \u0141agodzi napi\u0119cie psychiczne i poprawia nastr\u00f3j, idealny na chwile relaksu.<\/li>\n<li><strong>Wahania nastroju<\/strong> Promuje spokojny, szcz\u0119\u015bliwy stan umys\u0142u.<\/li>\n<\/ul>\n<h3>Smaki i aromaty tortu z kwiat\u00f3w marihuany z d\u017cungli<\/h3>\n<p>La <strong>Kwiat marihuany Jungle Cake<\/strong> jest r\u00f3wnie\u017c ceniona za sw\u00f3j s\u0142odki, z\u0142o\u017cony profil smakowy. Jego owocowy, s\u0142odki smak jest wzmocniony nutami pianek i orzech\u00f3w laskowych. Aromat natomiast jest mieszank\u0105 ziemistych i orzechowych element\u00f3w, kt\u00f3rym towarzyszy odrobina s\u0142odkich jag\u00f3d i przypraw, oferuj\u0105c wyj\u0105tkowe doznania sensoryczne.<\/p>\n<ul>\n<li><strong>Smaki<\/strong> Owocowy, s\u0142odki, jagody, pianka, orzech laskowy<\/li>\n<li><strong>Zapachy<\/strong> Ziemisty, orzechowy, s\u0142odki, pikantny<\/li>\n<\/ul>\n<h3>Wygl\u0105d odmiany konopi Jungle Cake<\/h3>\n<p>P\u0105ki <strong>Jungle Cake<\/strong> s\u0105 zwarte i zaokr\u0105glone, w kszta\u0142cie winogron. Maj\u0105 kolor le\u015bnej zieleni z drobnymi pomara\u0144czowo-czerwonymi w\u0142oskami i s\u0105 pokryte grub\u0105 warstw\u0105 krystalicznych bia\u0142ych trichom\u00f3w. Ich matowy, \u017cywiczny wygl\u0105d jest \u015bwiadectwem si\u0142y i jako\u015bci tej odmiany.<\/p>\n<h3>Zam\u00f3w kwiat marihuany Jungle Cake online w sklepie Strefa Ci\u015bnienia<\/h3>\n<p>Gotowy, aby odkry\u0107 euforycznie relaksuj\u0105cy wzrost <strong>Kwiat marihuany Jungle Cake<\/strong> ? Zam\u00f3w teraz na <a href=\"https:\/\/pressurezone.shop\/pl\/\" target=\"_new\" rel=\"noopener\">Sklep ze strefami ci\u015bnieniowymi<\/a> aby cieszy\u0107 si\u0119 t\u0105 pot\u0119\u017cn\u0105, aromatyczn\u0105 odmian\u0105 hybrydow\u0105. Niezale\u017cnie od tego, czy chcesz z\u0142agodzi\u0107 stres, pobudzi\u0107 apetyt, czy po prostu dobrze si\u0119 bawi\u0107, <strong>Jungle Cake<\/strong> jest niezb\u0119dnym wyborem dla uzyskania wysokiej jako\u015bci dozna\u0144 zwi\u0105zanych z konopiami indyjskimi.<\/p>","protected":false},"excerpt":{"rendered":"<p><strong>Smak:<\/strong>\u00a0Diesel | Owocowy | Orzechowy | Cukrowy | S\u0142odki<br \/>\n<strong>Zastosowanie medyczne:<\/strong>\u00a0Depresja | Nudno\u015bci | Stres<br \/>\n<strong>Zawarto\u015b\u0107 THC:<\/strong>\u00a023% - 27% Najwy\u017cszy<\/p>","protected":false},"featured_media":3053,"comment_status":"closed","ping_status":"closed","template":"","meta":{"_uag_custom_page_level_css":"","site-sidebar-layout":"default","site-content-layout":"","ast-site-content-layout":"default","site-content-style":"default","site-sidebar-style":"default","ast-global-header-display":"","ast-banner-title-visibility":"","ast-main-header-display":"","ast-hfb-above-header-display":"","ast-hfb-below-header-display":"","ast-hfb-mobile-header-display":"","site-post-title":"","ast-breadcrumbs-content":"","ast-featured-img":"","footer-sml-layout":"","theme-transparent-header-meta":"default","adv-header-id-meta":"","stick-header-meta":"","header-above-stick-meta":"","header-main-stick-meta":"","header-below-stick-meta":"","astra-migrate-meta-layouts":"set","ast-page-background-enabled":"default","ast-page-background-meta":{"desktop":{"background-color":"","background-image":"","background-repeat":"repeat","background-position":"center center","background-size":"auto","background-attachment":"scroll","background-type":"","background-media":"","overlay-type":"","overlay-color":"","overlay-opacity":"","overlay-gradient":""},"tablet":{"background-color":"","background-image":"","background-repeat":"repeat","background-position":"center center","background-size":"auto","background-attachment":"scroll","background-type":"","background-media":"","overlay-type":"","overlay-color":"","overlay-opacity":"","overlay-gradient":""},"mobile":{"background-color":"","background-image":"","background-repeat":"repeat","background-position":"center center","background-size":"auto","background-attachment":"scroll","background-type":"","background-media":"","overlay-type":"","overlay-color":"","overlay-opacity":"","overlay-gradient":""}},"ast-content-background-meta":{"desktop":{"background-color":"var(--ast-global-color-5)","background-image":"","background-repeat":"repeat","background-position":"center center","background-size":"auto","background-attachment":"scroll","background-type":"","background-media":"","overlay-type":"","overlay-color":"","overlay-opacity":"","overlay-gradient":""},"tablet":{"background-color":"var(--ast-global-color-5)","background-image":"","background-repeat":"repeat","background-position":"center center","background-size":"auto","background-attachment":"scroll","background-type":"","background-media":"","overlay-type":"","overlay-color":"","overlay-opacity":"","overlay-gradient":""},"mobile":{"background-color":"var(--ast-global-color-5)","background-image":"","background-repeat":"repeat","background-position":"center center","background-size":"auto","background-attachment":"scroll","background-type":"","background-media":"","overlay-type":"","overlay-color":"","overlay-opacity":"","overlay-gradient":""}}},"product_brand":[],"product_cat":[28,277],"product_tag":[285],"class_list":{"0":"post-3005","1":"product","2":"type-product","3":"status-publish","4":"has-post-thumbnail","6":"product_cat-varietes-de-cannabis","7":"product_cat-varietes-de-cannabis-hybrides","8":"product_tag-order-jungle-cake-marijuana-flower-europe","9":"desktop-align-left","10":"tablet-align-left","11":"mobile-align-left","13":"first","14":"instock","15":"shipping-taxable","16":"purchasable","17":"product-type-variable"},"uagb_featured_image_src":{"full":["https:\/\/pressurezone.shop\/wp-content\/uploads\/2024\/10\/Jungle-Cake-Marijuana-Flower.jpg",961,966,false],"thumbnail":["https:\/\/pressurezone.shop\/wp-content\/uploads\/2024\/10\/Jungle-Cake-Marijuana-Flower-150x150.jpg",150,150,true],"medium":["https:\/\/pressurezone.shop\/wp-content\/uploads\/2024\/10\/Jungle-Cake-Marijuana-Flower-298x300.jpg",298,300,true],"medium_large":["https:\/\/pressurezone.shop\/wp-content\/uploads\/2024\/10\/Jungle-Cake-Marijuana-Flower-768x772.jpg",768,772,true],"large":["https:\/\/pressurezone.shop\/wp-content\/uploads\/2024\/10\/Jungle-Cake-Marijuana-Flower.jpg",961,966,false],"1536x1536":["https:\/\/pressurezone.shop\/wp-content\/uploads\/2024\/10\/Jungle-Cake-Marijuana-Flower.jpg",961,966,false],"2048x2048":["https:\/\/pressurezone.shop\/wp-content\/uploads\/2024\/10\/Jungle-Cake-Marijuana-Flower.jpg",961,966,false],"trp-custom-language-flag":["https:\/\/pressurezone.shop\/wp-content\/uploads\/2024\/10\/Jungle-Cake-Marijuana-Flower-12x12.jpg",12,12,true],"woocommerce_thumbnail":["https:\/\/pressurezone.shop\/wp-content\/uploads\/2024\/10\/Jungle-Cake-Marijuana-Flower-300x300.jpg",300,300,true],"woocommerce_single":["https:\/\/pressurezone.shop\/wp-content\/uploads\/2024\/10\/Jungle-Cake-Marijuana-Flower-600x603.jpg",600,603,true],"woocommerce_gallery_thumbnail":["https:\/\/pressurezone.shop\/wp-content\/uploads\/2024\/10\/Jungle-Cake-Marijuana-Flower-100x100.jpg",100,100,true]},"uagb_author_info":{"display_name":"pressurezone.shop","author_link":"https:\/\/pressurezone.shop\/pl\/author\/"},"uagb_comment_info":0,"uagb_excerpt":"Flavour:\u00a0Diesel | Fruity | Nutty | Sugary | Sweet Medical Usage:\u00a0Depression | Nausea | Stress THC Content:\u00a023% \u2013 27% Highest","_links":{"self":[{"href":"https:\/\/pressurezone.shop\/pl\/wp-json\/wp\/v2\/product\/3005"}],"collection":[{"href":"https:\/\/pressurezone.shop\/pl\/wp-json\/wp\/v2\/product"}],"about":[{"href":"https:\/\/pressurezone.shop\/pl\/wp-json\/wp\/v2\/types\/product"}],"replies":[{"embeddable":true,"href":"https:\/\/pressurezone.shop\/pl\/wp-json\/wp\/v2\/comments?post=3005"}],"version-history":[{"count":3,"href":"https:\/\/pressurezone.shop\/pl\/wp-json\/wp\/v2\/product\/3005\/revisions"}],"predecessor-version":[{"id":3903,"href":"https:\/\/pressurezone.shop\/pl\/wp-json\/wp\/v2\/product\/3005\/revisions\/3903"}],"wp:featuredmedia":[{"embeddable":true,"href":"https:\/\/pressurezone.shop\/pl\/wp-json\/wp\/v2\/media\/3053"}],"wp:attachment":[{"href":"https:\/\/pressurezone.shop\/pl\/wp-json\/wp\/v2\/media?parent=3005"}],"wp:term":[{"taxonomy":"product_brand","embeddable":true,"href":"https:\/\/pressurezone.shop\/pl\/wp-json\/wp\/v2\/product_brand?post=3005"},{"taxonomy":"product_cat","embeddable":true,"href":"https:\/\/pressurezone.shop\/pl\/wp-json\/wp\/v2\/product_cat?post=3005"},{"taxonomy":"product_tag","embeddable":true,"href":"https:\/\/pressurezone.shop\/pl\/wp-json\/wp\/v2\/product_tag?post=3005"}],"curies":[{"name":"wp","href":"https:\/\/api.w.org\/{rel}","templated":true}]}}