{"id":3006,"date":"2024-10-11T00:48:46","date_gmt":"2024-10-10T22:48:46","guid":{"rendered":"https:\/\/pressurezone.shop\/?post_type=product&#038;p=3006"},"modified":"2024-11-03T20:52:47","modified_gmt":"2024-11-03T19:52:47","slug":"ice-wreck-sativa-weed-strain","status":"publish","type":"product","link":"https:\/\/pressurezone.shop\/pl\/produkt\/odmiana-konopi-sativa-ice-wreck\/","title":{"rendered":"Odmiana marihuany Sativa Ice Wreck"},"content":{"rendered":"<div class=\"flex-shrink-0 flex flex-col relative items-end\">\n<div>\n<div class=\"pt-0\">\n<div class=\"gizmo-bot-avatar flex h-8 w-8 items-center justify-center overflow-hidden rounded-full\">\n<div class=\"relative p-1 rounded-sm flex items-center justify-center bg-token-main-surface-primary text-token-text-primary h-8 w-8\"><\/div>\n<\/div>\n<\/div>\n<\/div>\n<\/div>\n<div class=\"group\/conversation-turn relative flex w-full min-w-0 flex-col agent-turn\">\n<div class=\"flex-col gap-1 md:gap-3\">\n<div class=\"flex max-w-full flex-col flex-grow\">\n<div class=\"min-h-8 text-message flex w-full flex-col items-end gap-2 whitespace-normal break-words [.text-message+&amp;]:mt-5\" dir=\"auto\" data-message-author-role=\"assistant\" data-message-id=\"171251f5-3780-48f3-ac1f-291595d7ff98\" data-message-model-slug=\"gpt-4o\">\n<div class=\"flex w-full flex-col gap-1 empty:hidden first:pt-[3px]\">\n<div class=\"markdown prose w-full break-words dark:prose-invert light\">\n<h3><strong>Kup Ice Wreck Sativa Weed Strain online w Europie na <a href=\"https:\/\/pressurezone.shop\/pl\/\" target=\"_new\" rel=\"noopener\">Sklep ze strefami ci\u015bnieniowymi<\/a><\/strong><\/h3>\n<p>Odkryj <strong>Odmiana marihuany Sativa Ice Wreck<\/strong>Doskonale zbalansowana hybryda (50% indica \/ 50% sativa) o imponuj\u0105cej zawarto\u015bci THC wynosz\u0105cej oko\u0142o 27%. Ta pot\u0119\u017cna odmiana jest idealna dla fan\u00f3w intensywnych dozna\u0144, oferuj\u0105c haj, kt\u00f3ry stopniowo narasta, by sta\u0107 si\u0119 wci\u0105gaj\u0105cym i relaksuj\u0105cym.<\/p>\n<h3>Dlaczego warto wybra\u0107 odmian\u0119 Ice Wreck Sativa?<\/h3>\n<p>La <strong>Odmiana marihuany Sativa Ice Wreck<\/strong> oferuje intensywny efekt psychiczny i fizyczny. Zaczyna si\u0119 od euforycznego uczucia, kt\u00f3re ogarnia umys\u0142, po czym nast\u0119puje przyjemne mrowienie, kt\u00f3re rozprzestrzenia si\u0119 po ca\u0142ym ciele, tworz\u0105c uczucie ciep\u0142a i g\u0142\u0119bokiego relaksu. Efekt ten przekszta\u0142ca si\u0119 nast\u0119pnie w silniejsze rozlu\u017anienie cia\u0142a, wywo\u0142uj\u0105c <strong>blokada kanapy<\/strong> i d\u0142ugotrwa\u0142a senno\u015b\u0107, idealna na wieczorny relaks<a href=\"https:\/\/fuelpackz.com\/\" target=\"_blank\" rel=\"noopener\">.<\/a><\/p>\n<ul>\n<li><strong>Typ<\/strong> Zr\u00f3wnowa\u017cona hybryda (50% Sativa \/ 50% Indica)<\/li>\n<li><strong>THC<\/strong> Oko\u0142o 27%, dla intensywnego, d\u0142ugotrwa\u0142ego haju<\/li>\n<\/ul>\n<h3>Efekty i korzy\u015bci Ice Wreck Weed Strain<\/h3>\n<p>Dzi\u0119ki pot\u0119\u017cnemu, zr\u00f3wnowa\u017conemu efektowi <strong>Odmiana Ice Wreck Weed<\/strong> to najlepszy wyb\u00f3r dla os\u00f3b poszukuj\u0105cych zar\u00f3wno stymulacji umys\u0142owej, jak i g\u0142\u0119bokiego fizycznego relaksu. Unikalne po\u0142\u0105czenie sativy i indiki sprawia, \u017ce jest to idealna odmiana dla u\u017cytkownik\u00f3w pragn\u0105cych z\u0142agodzi\u0107 stres i cieszy\u0107 si\u0119 d\u0142ugotrwa\u0142ym dobrym samopoczuciem.<\/p>\n<ul>\n<li><strong>Efekty<\/strong> Euforia, uczucie mrowienia, g\u0142\u0119boki relaks, senno\u015b\u0107, dobre samopoczucie<\/li>\n<li><strong>Idealny dla<\/strong> Przewlek\u0142y b\u00f3l, skurcze, stres, b\u00f3le g\u0142owy i migreny<\/li>\n<\/ul>\n<h3>Stany \u0142agodzone przez odmian\u0119 konopi Ice Wreck<\/h3>\n<p><strong>Lodowy wrak<\/strong> jest cz\u0119sto wybierany ze wzgl\u0119du na swoj\u0105 skuteczno\u015b\u0107 w leczeniu r\u00f3\u017cnych schorze\u0144, oferuj\u0105c idealn\u0105 ulg\u0119 fizyczn\u0105 i psychiczn\u0105:<\/p>\n<ul>\n<li><strong>Przewlek\u0142y b\u00f3l i skurcze<\/strong> \u0141agodzi uporczywy b\u00f3l i wspomaga rozlu\u017anienie mi\u0119\u015bni.<\/li>\n<li><strong>Stres i niepok\u00f3j<\/strong> Uspokaja umys\u0142, pomaga wyciszy\u0107 my\u015bli i zmniejsza stres.<\/li>\n<li><strong>B\u00f3le g\u0142owy i migreny<\/strong> Pomaga z\u0142agodzi\u0107 intensywny, d\u0142ugotrwa\u0142y b\u00f3l.<\/li>\n<\/ul>\n<h3>Smaki i aromaty Ice Wreck Sativa Weed Strain<\/h3>\n<p>La <strong>Odmiana marihuany Sativa Ice Wreck<\/strong> uwodzi orze\u017awiaj\u0105cymi smakami mi\u0119ty i ziemi, uzupe\u0142nionymi nutami skunksa i silnym chemicznym aromatem. Jego charakterystyczny, mocny smak sprawia, \u017ce jest to intensywne, niezapomniane do\u015bwiadczenie, doskonale zbalansowane dla fan\u00f3w mocnych smak\u00f3w.<\/p>\n<ul>\n<li><strong>Smaki<\/strong> Mi\u0119ta, Ziemisty, Skunk, Chemiczny<\/li>\n<li><strong>Zapachy<\/strong> Mentolowy, Ziemisty, Skunk, Pikantny<\/li>\n<\/ul>\n<h3>Wygl\u0105d odmiany Ice Wreck Weed<\/h3>\n<p>P\u0105ki <strong>Lodowy wrak<\/strong> s\u0105 bladozielone, z jasnopomara\u0144czowymi w\u0142oskami i cienk\u0105 warstw\u0105 bursztynowych trichom\u00f3w, dodaj\u0105c tej odmianie uroczego z\u0142otego blasku. Jej \u017cywiczny wygl\u0105d i zwarta struktura bry\u0142ek sprawiaj\u0105, \u017ce Ice Wreck jest atrakcyjn\u0105 odmian\u0105 o niezaprzeczalnej jako\u015bci.<\/p>\n<h3>Zam\u00f3w Ice Wreck Sativa Weed Strain online w sklepie Pressure Zone Shop<\/h3>\n<p>Gotowy do odkrycia intensywnych i zr\u00f3wnowa\u017conych efekt\u00f3w <strong>Odmiana marihuany Sativa Ice Wreck<\/strong> ? Zam\u00f3w teraz na <a href=\"https:\/\/pressurezone.shop\/pl\/\" target=\"_new\" rel=\"noopener\">Sklep ze strefami ci\u015bnieniowymi<\/a> aby cieszy\u0107 si\u0119 t\u0105 pot\u0119\u017cn\u0105 odmian\u0105 hybrydow\u0105, idealn\u0105 do relaksu i \u0142agodzenia b\u00f3lu. Charakteryzuje si\u0119 wyj\u0105tkowym smakiem i d\u0142ugotrwa\u0142ym dzia\u0142aniem, <strong>Lodowy wrak<\/strong> jest idealnym wyborem dla uzyskania doskona\u0142ych dozna\u0144 zwi\u0105zanych z konopiami indyjskimi.<\/p>\n<\/div>\n<\/div>\n<\/div>\n<\/div>\n<\/div>\n<\/div>","protected":false},"excerpt":{"rendered":"<p><strong>Smak:<\/strong>\u00a0Ziemisty| Diesel | Skunky | Woody<br \/>\n<strong>Zastosowanie medyczne:<\/strong>\u00a0Przewlek\u0142y b\u00f3l | B\u00f3le g\u0142owy | Stres | Skurcze<br \/>\n<strong>Zawarto\u015b\u0107 THC:<\/strong>\u00a027% Najwy\u017cszy<\/p>","protected":false},"featured_media":3055,"comment_status":"closed","ping_status":"closed","template":"","meta":{"_uag_custom_page_level_css":"","site-sidebar-layout":"default","site-content-layout":"","ast-site-content-layout":"default","site-content-style":"default","site-sidebar-style":"default","ast-global-header-display":"","ast-banner-title-visibility":"","ast-main-header-display":"","ast-hfb-above-header-display":"","ast-hfb-below-header-display":"","ast-hfb-mobile-header-display":"","site-post-title":"","ast-breadcrumbs-content":"","ast-featured-img":"","footer-sml-layout":"","theme-transparent-header-meta":"default","adv-header-id-meta":"","stick-header-meta":"","header-above-stick-meta":"","header-main-stick-meta":"","header-below-stick-meta":"","astra-migrate-meta-layouts":"set","ast-page-background-enabled":"default","ast-page-background-meta":{"desktop":{"background-color":"","background-image":"","background-repeat":"repeat","background-position":"center center","background-size":"auto","background-attachment":"scroll","background-type":"","background-media":"","overlay-type":"","overlay-color":"","overlay-opacity":"","overlay-gradient":""},"tablet":{"background-color":"","background-image":"","background-repeat":"repeat","background-position":"center center","background-size":"auto","background-attachment":"scroll","background-type":"","background-media":"","overlay-type":"","overlay-color":"","overlay-opacity":"","overlay-gradient":""},"mobile":{"background-color":"","background-image":"","background-repeat":"repeat","background-position":"center center","background-size":"auto","background-attachment":"scroll","background-type":"","background-media":"","overlay-type":"","overlay-color":"","overlay-opacity":"","overlay-gradient":""}},"ast-content-background-meta":{"desktop":{"background-color":"var(--ast-global-color-5)","background-image":"","background-repeat":"repeat","background-position":"center center","background-size":"auto","background-attachment":"scroll","background-type":"","background-media":"","overlay-type":"","overlay-color":"","overlay-opacity":"","overlay-gradient":""},"tablet":{"background-color":"var(--ast-global-color-5)","background-image":"","background-repeat":"repeat","background-position":"center center","background-size":"auto","background-attachment":"scroll","background-type":"","background-media":"","overlay-type":"","overlay-color":"","overlay-opacity":"","overlay-gradient":""},"mobile":{"background-color":"var(--ast-global-color-5)","background-image":"","background-repeat":"repeat","background-position":"center center","background-size":"auto","background-attachment":"scroll","background-type":"","background-media":"","overlay-type":"","overlay-color":"","overlay-opacity":"","overlay-gradient":""}}},"product_brand":[],"product_cat":[28,277],"product_tag":[286],"class_list":{"0":"post-3006","1":"product","2":"type-product","3":"status-publish","4":"has-post-thumbnail","6":"product_cat-varietes-de-cannabis","7":"product_cat-varietes-de-cannabis-hybrides","8":"product_tag-buy-ice-wreck-sativa-weed-straineurope","9":"desktop-align-left","10":"tablet-align-left","11":"mobile-align-left","13":"first","14":"instock","15":"shipping-taxable","16":"purchasable","17":"product-type-variable"},"uagb_featured_image_src":{"full":["https:\/\/pressurezone.shop\/wp-content\/uploads\/2024\/10\/Ice-Wreck-Sativa-Weed-Strain.png",916,953,false],"thumbnail":["https:\/\/pressurezone.shop\/wp-content\/uploads\/2024\/10\/Ice-Wreck-Sativa-Weed-Strain-150x150.png",150,150,true],"medium":["https:\/\/pressurezone.shop\/wp-content\/uploads\/2024\/10\/Ice-Wreck-Sativa-Weed-Strain-288x300.png",288,300,true],"medium_large":["https:\/\/pressurezone.shop\/wp-content\/uploads\/2024\/10\/Ice-Wreck-Sativa-Weed-Strain-768x799.png",768,799,true],"large":["https:\/\/pressurezone.shop\/wp-content\/uploads\/2024\/10\/Ice-Wreck-Sativa-Weed-Strain.png",916,953,false],"1536x1536":["https:\/\/pressurezone.shop\/wp-content\/uploads\/2024\/10\/Ice-Wreck-Sativa-Weed-Strain.png",916,953,false],"2048x2048":["https:\/\/pressurezone.shop\/wp-content\/uploads\/2024\/10\/Ice-Wreck-Sativa-Weed-Strain.png",916,953,false],"trp-custom-language-flag":["https:\/\/pressurezone.shop\/wp-content\/uploads\/2024\/10\/Ice-Wreck-Sativa-Weed-Strain-12x12.png",12,12,true],"woocommerce_thumbnail":["https:\/\/pressurezone.shop\/wp-content\/uploads\/2024\/10\/Ice-Wreck-Sativa-Weed-Strain-300x300.png",300,300,true],"woocommerce_single":["https:\/\/pressurezone.shop\/wp-content\/uploads\/2024\/10\/Ice-Wreck-Sativa-Weed-Strain-600x624.png",600,624,true],"woocommerce_gallery_thumbnail":["https:\/\/pressurezone.shop\/wp-content\/uploads\/2024\/10\/Ice-Wreck-Sativa-Weed-Strain-100x100.png",100,100,true]},"uagb_author_info":{"display_name":"pressurezone.shop","author_link":"https:\/\/pressurezone.shop\/pl\/author\/"},"uagb_comment_info":0,"uagb_excerpt":"Flavour:\u00a0Earthy| Diesel | Skunky | Woody Medical Usage:\u00a0Chronic Pain | Headaches | Stress | Cramps THC Content:\u00a027% Highest","_links":{"self":[{"href":"https:\/\/pressurezone.shop\/pl\/wp-json\/wp\/v2\/product\/3006"}],"collection":[{"href":"https:\/\/pressurezone.shop\/pl\/wp-json\/wp\/v2\/product"}],"about":[{"href":"https:\/\/pressurezone.shop\/pl\/wp-json\/wp\/v2\/types\/product"}],"replies":[{"embeddable":true,"href":"https:\/\/pressurezone.shop\/pl\/wp-json\/wp\/v2\/comments?post=3006"}],"version-history":[{"count":3,"href":"https:\/\/pressurezone.shop\/pl\/wp-json\/wp\/v2\/product\/3006\/revisions"}],"predecessor-version":[{"id":3895,"href":"https:\/\/pressurezone.shop\/pl\/wp-json\/wp\/v2\/product\/3006\/revisions\/3895"}],"wp:featuredmedia":[{"embeddable":true,"href":"https:\/\/pressurezone.shop\/pl\/wp-json\/wp\/v2\/media\/3055"}],"wp:attachment":[{"href":"https:\/\/pressurezone.shop\/pl\/wp-json\/wp\/v2\/media?parent=3006"}],"wp:term":[{"taxonomy":"product_brand","embeddable":true,"href":"https:\/\/pressurezone.shop\/pl\/wp-json\/wp\/v2\/product_brand?post=3006"},{"taxonomy":"product_cat","embeddable":true,"href":"https:\/\/pressurezone.shop\/pl\/wp-json\/wp\/v2\/product_cat?post=3006"},{"taxonomy":"product_tag","embeddable":true,"href":"https:\/\/pressurezone.shop\/pl\/wp-json\/wp\/v2\/product_tag?post=3006"}],"curies":[{"name":"wp","href":"https:\/\/api.w.org\/{rel}","templated":true}]}}