{"id":3007,"date":"2024-10-11T00:48:46","date_gmt":"2024-10-10T22:48:46","guid":{"rendered":"https:\/\/pressurezone.shop\/?post_type=product&#038;p=3007"},"modified":"2024-11-03T20:41:51","modified_gmt":"2024-11-03T19:41:51","slug":"high-society-cannabis-strain","status":"publish","type":"product","link":"https:\/\/pressurezone.shop\/pl\/produkt\/odmiana-konopi-high-society\/","title":{"rendered":"Odmiana konopi High Society"},"content":{"rendered":"<div class=\"flex-shrink-0 flex flex-col relative items-end\">\n<div>\n<div class=\"pt-0\">\n<div class=\"gizmo-bot-avatar flex h-8 w-8 items-center justify-center overflow-hidden rounded-full\">\n<div class=\"relative p-1 rounded-sm flex items-center justify-center bg-token-main-surface-primary text-token-text-primary h-8 w-8\"><\/div>\n<\/div>\n<\/div>\n<\/div>\n<\/div>\n<div class=\"group\/conversation-turn relative flex w-full min-w-0 flex-col agent-turn\">\n<div class=\"flex-col gap-1 md:gap-3\">\n<div class=\"flex max-w-full flex-col flex-grow\">\n<div class=\"min-h-8 text-message flex w-full flex-col items-end gap-2 whitespace-normal break-words [.text-message+&amp;]:mt-5\" dir=\"auto\" data-message-author-role=\"assistant\" data-message-id=\"aeff9e5a-2d38-4173-9964-8c4f5e6fa883\" data-message-model-slug=\"gpt-4o\">\n<div class=\"flex w-full flex-col gap-1 empty:hidden first:pt-[3px]\">\n<div class=\"markdown prose w-full break-words dark:prose-invert light\">\n<h3><strong>Kup odmian\u0119 konopi High Society online pod adresem <a href=\"https:\/\/pressurezone.shop\/pl\/\" target=\"_new\" rel=\"noopener\">Sklep ze strefami ci\u015bnieniowymi<\/a><\/strong><\/h3>\n<p>Odkryj <strong>Odmiana konopi High Society<\/strong>Doskonale zbalansowana hybryda (50% indica \/ 50% sativa), kt\u00f3ra podbije mi\u0142o\u015bnik\u00f3w konopi swoim pe\u0142nym hajem i nieodpartym smakiem. <strong>High Society<\/strong> s\u0142ynie z euforycznego dzia\u0142ania i s\u0142odkiego aromatu orzech\u00f3w laskowych, idealnego dla os\u00f3b poszukuj\u0105cych radosnych, relaksuj\u0105cych dozna\u0144.<\/p>\n<h3>Dlaczego warto wybra\u0107 odmian\u0119 konopi High Society?<\/h3>\n<p><strong>High Society<\/strong> charakteryzuje si\u0119 ekscytuj\u0105cym hajem m\u00f3zgowym, po kt\u00f3rym nast\u0119puje delikatne rozlu\u017anienie cia\u0142a. Kilka minut po ostatnim zaci\u0105gni\u0119ciu si\u0119, odmiana ta wprowadza umys\u0142 w stan euforii, usuwaj\u0105c z\u0142e my\u015bli i promuj\u0105c radosny nastr\u00f3j. Bez wywo\u0142ywania uspokojenia, pozwala ca\u0142kowicie si\u0119 zrelaksowa\u0107, pozostaj\u0105c czujnym i otwartym.<a href=\"https:\/\/fuelpackz.com\/\" target=\"_blank\" rel=\"noopener\">.<\/a><\/p>\n<ul>\n<li><strong>Typ<\/strong> Hybryda (50% Indica \/ 50% Sativa)<\/li>\n<li><strong>THC<\/strong> 21-25% zapewnia intensywne i przyjemne doznania<\/li>\n<\/ul>\n<h3>Efekty i korzy\u015bci ze stosowania odmiany High Society Weed<\/h3>\n<p>La <strong>Odmiana High Society Weed<\/strong> jest idealna dla os\u00f3b poszukuj\u0105cych r\u00f3wnowagi mi\u0119dzy eufori\u0105 psychiczn\u0105 a relaksem fizycznym. Jego stymuluj\u0105ce dzia\u0142anie, kt\u00f3remu towarzyszy \u015bmiech i dobre samopoczucie, sprawia, \u017ce jest to idealna odmiana do relaksu z przyjaci\u00f3\u0142mi lub \u0142agodzenia b\u00f3l\u00f3w umys\u0142u.<\/p>\n<ul>\n<li><strong>Efekty<\/strong> Euforia, \u015bmiech, relaks, poprawa nastroju<\/li>\n<li><strong>Zalecane dla<\/strong> Przewlek\u0142y b\u00f3l, bezsenno\u015b\u0107, depresja, stres i l\u0119k<\/li>\n<\/ul>\n<h3>Stany \u0142agodzone przez odmian\u0119 konopi High Society<\/h3>\n<p>Dzi\u0119ki pot\u0119\u017cnym, zr\u00f3wnowa\u017conym efektom <strong>Odmiana konopi High Society<\/strong> jest cz\u0119sto wybierany w celu z\u0142agodzenia r\u00f3\u017cnych dolegliwo\u015bci, w tym :<\/p>\n<ul>\n<li><strong>Przewlek\u0142y b\u00f3l<\/strong> \u0141agodzi uporczywy b\u00f3l bez dzia\u0142ania uspokajaj\u0105cego.<\/li>\n<li><strong>Bezsenno\u015b\u0107 i stres<\/strong> Pomaga si\u0119 zrelaksowa\u0107 i odpr\u0119\u017cy\u0107 pod koniec dnia.<\/li>\n<li><strong>Depresja i stany l\u0119kowe<\/strong> Poprawia nastr\u00f3j i pomaga zredukowa\u0107 negatywne my\u015bli.<\/li>\n<\/ul>\n<h3>Smaki i aromaty odmiany konopi High Society<\/h3>\n<p>Profil smakowy <strong>High Society<\/strong> jest tak niezwyk\u0142y, jak jego efekty. \u0141\u0105czy w sobie smaki s\u0142odkich orzech\u00f3w laskowych i kawy z nut\u0105 skunksa. Aromat tej odmiany jest r\u00f3wnie intensywny, \u0142\u0105cz\u0105c nuty kawy i ziemistych przypraw, zapewniaj\u0105c bogate i charakterystyczne doznania zapachowe.<\/p>\n<ul>\n<li><strong>Smaki<\/strong> Orzech laskowy, kawa, s\u0142odki, lekko skunksowy<\/li>\n<li><strong>Zapachy<\/strong> Orzech laskowy, Kawa, Ziemisty, Skunk, Pikantny<\/li>\n<\/ul>\n<h3>Wygl\u0105d odmiany High Society Weed Strain<\/h3>\n<p>P\u0105ki <strong>High Society<\/strong> s\u0105 du\u017ce i maj\u0105 kszta\u0142t rombu, ze szmaragdowymi i z\u0142otymi odcieniami. Delikatne pomara\u0144czowe s\u0142upki i krystaliczne bursztynowe trichomy dodaj\u0105 wizualnej atrakcyjno\u015bci, kt\u00f3ra odzwierciedla najwy\u017csz\u0105 jako\u015b\u0107 tej odmiany. Jej ol\u015bniewaj\u0105cy wygl\u0105d przyci\u0105ga koneser\u00f3w, kt\u00f3rzy doceniaj\u0105 pi\u0119kny kwiat, kt\u00f3ry jest r\u00f3wnie mocny, co estetyczny.<\/p>\n<h3>Zam\u00f3w odmian\u0119 konopi High Society online w sklepie Pressure Zone Shop<\/h3>\n<p>Gotowy do odkrycia zr\u00f3wnowa\u017conego i ekscytuj\u0105cego efektu <strong>Odmiana konopi High Society<\/strong> ? Zam\u00f3w ju\u017c dzi\u015b w <a href=\"https:\/\/pressurezone.shop\/pl\/\" target=\"_new\" rel=\"noopener\">Sklep ze strefami ci\u015bnieniowymi<\/a> i ciesz si\u0119 wyj\u0105tkow\u0105 odmian\u0105 hybrydow\u0105, kt\u00f3ra promuje zar\u00f3wno \u015bmiech, jak i relaks. Niezale\u017cnie od tego, czy chcesz z\u0142agodzi\u0107 stres, czy poprawi\u0107 nastr\u00f3j, <strong>High Society<\/strong> jest idealnym wyborem dla uzyskania najwy\u017cszej jako\u015bci dozna\u0144 zwi\u0105zanych z konopiami indyjskimi.<\/p>\n<\/div>\n<\/div>\n<\/div>\n<\/div>\n<\/div>\n<\/div>","protected":false},"excerpt":{"rendered":"<p><strong>Smak:<\/strong>\u00a0Kawowy | Zio\u0142owy | Orzechowy | Skunky | Pikantny<br \/>\n<strong>Zastosowanie medyczne:<\/strong>\u00a0L\u0119k | Przewlek\u0142y b\u00f3l | Depresja | Bezsenno\u015b\u0107 | Stres<br \/>\n<strong>Zawarto\u015b\u0107 THC:<\/strong>\u00a025% Najwy\u017cszy<\/p>","protected":false},"featured_media":3057,"comment_status":"closed","ping_status":"closed","template":"","meta":{"_uag_custom_page_level_css":"","site-sidebar-layout":"default","site-content-layout":"","ast-site-content-layout":"default","site-content-style":"default","site-sidebar-style":"default","ast-global-header-display":"","ast-banner-title-visibility":"","ast-main-header-display":"","ast-hfb-above-header-display":"","ast-hfb-below-header-display":"","ast-hfb-mobile-header-display":"","site-post-title":"","ast-breadcrumbs-content":"","ast-featured-img":"","footer-sml-layout":"","theme-transparent-header-meta":"default","adv-header-id-meta":"","stick-header-meta":"","header-above-stick-meta":"","header-main-stick-meta":"","header-below-stick-meta":"","astra-migrate-meta-layouts":"set","ast-page-background-enabled":"default","ast-page-background-meta":{"desktop":{"background-color":"","background-image":"","background-repeat":"repeat","background-position":"center center","background-size":"auto","background-attachment":"scroll","background-type":"","background-media":"","overlay-type":"","overlay-color":"","overlay-opacity":"","overlay-gradient":""},"tablet":{"background-color":"","background-image":"","background-repeat":"repeat","background-position":"center center","background-size":"auto","background-attachment":"scroll","background-type":"","background-media":"","overlay-type":"","overlay-color":"","overlay-opacity":"","overlay-gradient":""},"mobile":{"background-color":"","background-image":"","background-repeat":"repeat","background-position":"center center","background-size":"auto","background-attachment":"scroll","background-type":"","background-media":"","overlay-type":"","overlay-color":"","overlay-opacity":"","overlay-gradient":""}},"ast-content-background-meta":{"desktop":{"background-color":"var(--ast-global-color-5)","background-image":"","background-repeat":"repeat","background-position":"center center","background-size":"auto","background-attachment":"scroll","background-type":"","background-media":"","overlay-type":"","overlay-color":"","overlay-opacity":"","overlay-gradient":""},"tablet":{"background-color":"var(--ast-global-color-5)","background-image":"","background-repeat":"repeat","background-position":"center center","background-size":"auto","background-attachment":"scroll","background-type":"","background-media":"","overlay-type":"","overlay-color":"","overlay-opacity":"","overlay-gradient":""},"mobile":{"background-color":"var(--ast-global-color-5)","background-image":"","background-repeat":"repeat","background-position":"center center","background-size":"auto","background-attachment":"scroll","background-type":"","background-media":"","overlay-type":"","overlay-color":"","overlay-opacity":"","overlay-gradient":""}}},"product_brand":[],"product_cat":[28,277],"product_tag":[287],"class_list":{"0":"post-3007","1":"product","2":"type-product","3":"status-publish","4":"has-post-thumbnail","6":"product_cat-varietes-de-cannabis","7":"product_cat-varietes-de-cannabis-hybrides","8":"product_tag-high-society-cannabis-strain-for-sale","9":"desktop-align-left","10":"tablet-align-left","11":"mobile-align-left","13":"first","14":"instock","15":"shipping-taxable","16":"purchasable","17":"product-type-variable"},"uagb_featured_image_src":{"full":["https:\/\/pressurezone.shop\/wp-content\/uploads\/2024\/10\/High-Society-Cannabis-Strain.jpg",933,960,false],"thumbnail":["https:\/\/pressurezone.shop\/wp-content\/uploads\/2024\/10\/High-Society-Cannabis-Strain-150x150.jpg",150,150,true],"medium":["https:\/\/pressurezone.shop\/wp-content\/uploads\/2024\/10\/High-Society-Cannabis-Strain-292x300.jpg",292,300,true],"medium_large":["https:\/\/pressurezone.shop\/wp-content\/uploads\/2024\/10\/High-Society-Cannabis-Strain-768x790.jpg",768,790,true],"large":["https:\/\/pressurezone.shop\/wp-content\/uploads\/2024\/10\/High-Society-Cannabis-Strain.jpg",933,960,false],"1536x1536":["https:\/\/pressurezone.shop\/wp-content\/uploads\/2024\/10\/High-Society-Cannabis-Strain.jpg",933,960,false],"2048x2048":["https:\/\/pressurezone.shop\/wp-content\/uploads\/2024\/10\/High-Society-Cannabis-Strain.jpg",933,960,false],"trp-custom-language-flag":["https:\/\/pressurezone.shop\/wp-content\/uploads\/2024\/10\/High-Society-Cannabis-Strain-12x12.jpg",12,12,true],"woocommerce_thumbnail":["https:\/\/pressurezone.shop\/wp-content\/uploads\/2024\/10\/High-Society-Cannabis-Strain-300x300.jpg",300,300,true],"woocommerce_single":["https:\/\/pressurezone.shop\/wp-content\/uploads\/2024\/10\/High-Society-Cannabis-Strain-600x617.jpg",600,617,true],"woocommerce_gallery_thumbnail":["https:\/\/pressurezone.shop\/wp-content\/uploads\/2024\/10\/High-Society-Cannabis-Strain-100x100.jpg",100,100,true]},"uagb_author_info":{"display_name":"pressurezone.shop","author_link":"https:\/\/pressurezone.shop\/pl\/author\/"},"uagb_comment_info":0,"uagb_excerpt":"Flavour:\u00a0Coffee | Herbal | Nutty | Skunky | Spicy Medical Usage:\u00a0Anxiety | Chronic Pain | Depression | Insomnia | Stress THC Content:\u00a025% Highest","_links":{"self":[{"href":"https:\/\/pressurezone.shop\/pl\/wp-json\/wp\/v2\/product\/3007"}],"collection":[{"href":"https:\/\/pressurezone.shop\/pl\/wp-json\/wp\/v2\/product"}],"about":[{"href":"https:\/\/pressurezone.shop\/pl\/wp-json\/wp\/v2\/types\/product"}],"replies":[{"embeddable":true,"href":"https:\/\/pressurezone.shop\/pl\/wp-json\/wp\/v2\/comments?post=3007"}],"version-history":[{"count":3,"href":"https:\/\/pressurezone.shop\/pl\/wp-json\/wp\/v2\/product\/3007\/revisions"}],"predecessor-version":[{"id":3879,"href":"https:\/\/pressurezone.shop\/pl\/wp-json\/wp\/v2\/product\/3007\/revisions\/3879"}],"wp:featuredmedia":[{"embeddable":true,"href":"https:\/\/pressurezone.shop\/pl\/wp-json\/wp\/v2\/media\/3057"}],"wp:attachment":[{"href":"https:\/\/pressurezone.shop\/pl\/wp-json\/wp\/v2\/media?parent=3007"}],"wp:term":[{"taxonomy":"product_brand","embeddable":true,"href":"https:\/\/pressurezone.shop\/pl\/wp-json\/wp\/v2\/product_brand?post=3007"},{"taxonomy":"product_cat","embeddable":true,"href":"https:\/\/pressurezone.shop\/pl\/wp-json\/wp\/v2\/product_cat?post=3007"},{"taxonomy":"product_tag","embeddable":true,"href":"https:\/\/pressurezone.shop\/pl\/wp-json\/wp\/v2\/product_tag?post=3007"}],"curies":[{"name":"wp","href":"https:\/\/api.w.org\/{rel}","templated":true}]}}