{"id":3008,"date":"2024-10-11T00:48:46","date_gmt":"2024-10-10T22:48:46","guid":{"rendered":"https:\/\/pressurezone.shop\/?post_type=product&#038;p=3008"},"modified":"2024-11-03T01:06:38","modified_gmt":"2024-11-03T00:06:38","slug":"grape-gasoline-weed-strain","status":"publish","type":"product","link":"https:\/\/pressurezone.shop\/pl\/produkt\/szczep-chwastow-benzyna-winogronowa\/","title":{"rendered":"Szczep chwast\u00f3w Grape Gasoline"},"content":{"rendered":"<h3><strong>Kup Grape Gasoline Weed Strain online pod adresem <a href=\"https:\/\/pressurezone.shop\/pl\/\" target=\"_new\" rel=\"noopener\">Sklep ze strefami ci\u015bnieniowymi<\/a><\/strong><\/h3>\n<p>La <strong>Szczep chwast\u00f3w Grape Gasoline<\/strong> to zr\u00f3wnowa\u017cona odmiana hybrydowa (50% indica \/ 50% sativa) uzyskana przez skrzy\u017cowanie s\u0142ynnych szczep\u00f3w <strong>Jet Fuel Gelato<\/strong> i <strong>Ciasto winogronowe<\/strong>. Oferuje bogat\u0105 i intryguj\u0105c\u0105 mieszank\u0119 smak\u00f3w, zgodnie ze swoj\u0105 nazw\u0105, \u0142\u0105cz\u0105c s\u0142odkie nuty winogron i czerwonych owoc\u00f3w z nutami oleju nap\u0119dowego i benzyny.<\/p>\n<h3>Dlaczego warto wybra\u0107 odmian\u0119 Grape Gasoline?<\/h3>\n<p><strong>Benzyna winogronowa<\/strong> s\u0142ynie z euforycznego i koj\u0105cego dzia\u0142ania. Jej m\u00f3zgowy haj wprowadza ci\u0119 w stan czystego dobrego samopoczucia psychicznego, podczas gdy fizyczne ukojenie przejmuje kontrol\u0119, pozostawiaj\u0105c ci\u0119 zrelaksowanym i wolnym od napi\u0119cia. Odmiana ta jest idealna do od\u0142\u0105czenia si\u0119 przy zachowaniu funkcjonalno\u015bci, idealna do wieczornego u\u017cytku.<a href=\"https:\/\/fuelpackz.com\/\" target=\"_blank\" rel=\"noopener\">.<\/a><\/p>\n<ul>\n<li><strong>Typ<\/strong> Hybryda (50% Indica \/ 50% Sativa)<\/li>\n<li><strong>THC<\/strong> : 21-28%<\/li>\n<\/ul>\n<h3>Efekty i zalety odmiany chwast\u00f3w Grape Gasoline<\/h3>\n<p>Z wysok\u0105 zawarto\u015bci\u0105 THC <strong>Benzyna winogronowa<\/strong> jest silna i idealna na szeroki zakres objaw\u00f3w. Jego zr\u00f3wnowa\u017cone dzia\u0142anie euforyczne i relaksuj\u0105ce pomaga w leczeniu b\u00f3lu fizycznego, zapewniaj\u0105c jednocze\u015bnie d\u0142ugotrwa\u0142e dobre samopoczucie psychiczne.<\/p>\n<ul>\n<li><strong>Efekty<\/strong> Euforia, odpr\u0119\u017cenie cia\u0142a, ulga psychiczna<\/li>\n<li><strong>Idealny dla<\/strong> Przewlek\u0142e zm\u0119czenie, depresja, utrata apetytu, nudno\u015bci, wahania nastroju<\/li>\n<\/ul>\n<p>Warunki, kt\u00f3re mo\u017cna z\u0142agodzi\u0107 za pomoc\u0105 <strong>Benzyna winogronowa<\/strong> :<\/p>\n<ul>\n<li><strong>Depresja<\/strong> Promuje czysty, spokojny umys\u0142.<\/li>\n<li><strong>Chroniczne zm\u0119czenie<\/strong> Dodaje energii, zapewniaj\u0105c jednocze\u015bnie zr\u00f3wnowa\u017cony relaks.<\/li>\n<li><strong>Utrata apetytu i nudno\u015bci<\/strong> Pobudza apetyt i \u0142agodzi dyskomfort.<\/li>\n<\/ul>\n<h3>Smaki i aromaty odmiany trawki Grape Gasoline<\/h3>\n<p>Mi\u0142o\u015bnicy konopi indyjskich zostan\u0105 uwiedzeni przez z\u0142o\u017cony profil aromatyczny <strong>Szczep chwast\u00f3w Grape Gasoline<\/strong>. Wydycha intensywny zapach winogron i czerwonych owoc\u00f3w, z\u0142agodzony nutami oleju nap\u0119dowego i benzyny. To unikalne po\u0142\u0105czenie zapewnia doznania sensoryczne, kt\u00f3re utrzymuj\u0105 si\u0119 na podniebieniu jeszcze d\u0142ugo po inhalacji.<\/p>\n<ul>\n<li><strong>Smaki<\/strong> winogrono, czerwone owoce, olej nap\u0119dowy<\/li>\n<li><strong>Zapachy<\/strong> owocowy, esencjonalny, zio\u0142owy<\/li>\n<\/ul>\n<h3>Wygl\u0105d odmiany chwast\u00f3w Grape Gasoline<\/h3>\n<p>Kwiaty <strong>Benzyna winogronowa<\/strong> s\u0105 g\u0119ste i pokryte b\u0142yszcz\u0105cymi w\u0142oskami w odcieniach fioletu i ciemnej zieleni, przeplatanymi jasnopomara\u0144czowymi s\u0142upkami. Jej \u017cywy wygl\u0105d i diesel-owocowy zapach sprawiaj\u0105, \u017ce jest ulubion\u0105 odmian\u0105 koneser\u00f3w.<\/p>\n<h3>Zam\u00f3w Grape Gasoline Weed Strain online w sklepie Pressure Zone Shop<\/h3>\n<p>Czy chcesz do\u015bwiadczy\u0107 zr\u00f3wnowa\u017conej mocy <strong>Szczep chwast\u00f3w Grape Gasoline<\/strong> ? Zam\u00f3w ju\u017c dzi\u015b w <a href=\"https:\/\/pressurezone.shop\/pl\/\" target=\"_new\" rel=\"noopener\">Sklep ze strefami ci\u015bnieniowymi<\/a> i zam\u00f3w dostaw\u0119 tej hybrydowej odmiany prosto do swoich drzwi. Niezale\u017cnie od tego, czy chcesz z\u0142agodzi\u0107 przewlek\u0142y b\u00f3l, pobudzi\u0107 apetyt czy zrelaksowa\u0107 si\u0119 pod koniec dnia, <strong>Szczep chwast\u00f3w Grape Gasoline<\/strong> to idealny wyb\u00f3r dla wyrafinowanego relaksu.<\/p>","protected":false},"excerpt":{"rendered":"<p><strong>Smak:<\/strong>\u00a0Jagodowy | Wi\u015bniowy | Owocowy | Winogronowy | S\u0142odki<br \/>\n<strong>Zastosowanie medyczne:<\/strong>\u00a0Depresja | Zm\u0119czenie | Nudno\u015bci | Stres<br \/>\n<strong>Zawarto\u015b\u0107 THC:<\/strong>\u00a023% - 27% Najwy\u017cszy<\/p>","protected":false},"featured_media":3059,"comment_status":"closed","ping_status":"closed","template":"","meta":{"_uag_custom_page_level_css":"","site-sidebar-layout":"default","site-content-layout":"","ast-site-content-layout":"default","site-content-style":"default","site-sidebar-style":"default","ast-global-header-display":"","ast-banner-title-visibility":"","ast-main-header-display":"","ast-hfb-above-header-display":"","ast-hfb-below-header-display":"","ast-hfb-mobile-header-display":"","site-post-title":"","ast-breadcrumbs-content":"","ast-featured-img":"","footer-sml-layout":"","theme-transparent-header-meta":"default","adv-header-id-meta":"","stick-header-meta":"","header-above-stick-meta":"","header-main-stick-meta":"","header-below-stick-meta":"","astra-migrate-meta-layouts":"set","ast-page-background-enabled":"default","ast-page-background-meta":{"desktop":{"background-color":"","background-image":"","background-repeat":"repeat","background-position":"center center","background-size":"auto","background-attachment":"scroll","background-type":"","background-media":"","overlay-type":"","overlay-color":"","overlay-opacity":"","overlay-gradient":""},"tablet":{"background-color":"","background-image":"","background-repeat":"repeat","background-position":"center center","background-size":"auto","background-attachment":"scroll","background-type":"","background-media":"","overlay-type":"","overlay-color":"","overlay-opacity":"","overlay-gradient":""},"mobile":{"background-color":"","background-image":"","background-repeat":"repeat","background-position":"center center","background-size":"auto","background-attachment":"scroll","background-type":"","background-media":"","overlay-type":"","overlay-color":"","overlay-opacity":"","overlay-gradient":""}},"ast-content-background-meta":{"desktop":{"background-color":"var(--ast-global-color-5)","background-image":"","background-repeat":"repeat","background-position":"center center","background-size":"auto","background-attachment":"scroll","background-type":"","background-media":"","overlay-type":"","overlay-color":"","overlay-opacity":"","overlay-gradient":""},"tablet":{"background-color":"var(--ast-global-color-5)","background-image":"","background-repeat":"repeat","background-position":"center center","background-size":"auto","background-attachment":"scroll","background-type":"","background-media":"","overlay-type":"","overlay-color":"","overlay-opacity":"","overlay-gradient":""},"mobile":{"background-color":"var(--ast-global-color-5)","background-image":"","background-repeat":"repeat","background-position":"center center","background-size":"auto","background-attachment":"scroll","background-type":"","background-media":"","overlay-type":"","overlay-color":"","overlay-opacity":"","overlay-gradient":""}}},"product_brand":[],"product_cat":[28,277],"product_tag":[497,288],"class_list":{"0":"post-3008","1":"product","2":"type-product","3":"status-publish","4":"has-post-thumbnail","6":"product_cat-varietes-de-cannabis","7":"product_cat-varietes-de-cannabis-hybrides","8":"product_tag-grape-gasoline-weed-strain","9":"product_tag-order-grape-gasoline-weed-strain-eu","10":"desktop-align-left","11":"tablet-align-left","12":"mobile-align-left","14":"first","15":"instock","16":"shipping-taxable","17":"purchasable","18":"product-type-variable"},"uagb_featured_image_src":{"full":["https:\/\/pressurezone.shop\/wp-content\/uploads\/2024\/10\/Grape-Gasoline-Weed-Strain.jpg",958,958,false],"thumbnail":["https:\/\/pressurezone.shop\/wp-content\/uploads\/2024\/10\/Grape-Gasoline-Weed-Strain-150x150.jpg",150,150,true],"medium":["https:\/\/pressurezone.shop\/wp-content\/uploads\/2024\/10\/Grape-Gasoline-Weed-Strain-300x300.jpg",300,300,true],"medium_large":["https:\/\/pressurezone.shop\/wp-content\/uploads\/2024\/10\/Grape-Gasoline-Weed-Strain-768x768.jpg",768,768,true],"large":["https:\/\/pressurezone.shop\/wp-content\/uploads\/2024\/10\/Grape-Gasoline-Weed-Strain.jpg",958,958,false],"1536x1536":["https:\/\/pressurezone.shop\/wp-content\/uploads\/2024\/10\/Grape-Gasoline-Weed-Strain.jpg",958,958,false],"2048x2048":["https:\/\/pressurezone.shop\/wp-content\/uploads\/2024\/10\/Grape-Gasoline-Weed-Strain.jpg",958,958,false],"trp-custom-language-flag":["https:\/\/pressurezone.shop\/wp-content\/uploads\/2024\/10\/Grape-Gasoline-Weed-Strain-12x12.jpg",12,12,true],"woocommerce_thumbnail":["https:\/\/pressurezone.shop\/wp-content\/uploads\/2024\/10\/Grape-Gasoline-Weed-Strain-300x300.jpg",300,300,true],"woocommerce_single":["https:\/\/pressurezone.shop\/wp-content\/uploads\/2024\/10\/Grape-Gasoline-Weed-Strain-600x600.jpg",600,600,true],"woocommerce_gallery_thumbnail":["https:\/\/pressurezone.shop\/wp-content\/uploads\/2024\/10\/Grape-Gasoline-Weed-Strain-100x100.jpg",100,100,true]},"uagb_author_info":{"display_name":"pressurezone.shop","author_link":"https:\/\/pressurezone.shop\/pl\/author\/"},"uagb_comment_info":0,"uagb_excerpt":"Flavour:\u00a0Berry | Cherry | Fruity | Grape | Sweet Medical Usage:\u00a0Depression | Fatigue | Nausea | Stress THC Content:\u00a023% \u2013 27% Highest","_links":{"self":[{"href":"https:\/\/pressurezone.shop\/pl\/wp-json\/wp\/v2\/product\/3008"}],"collection":[{"href":"https:\/\/pressurezone.shop\/pl\/wp-json\/wp\/v2\/product"}],"about":[{"href":"https:\/\/pressurezone.shop\/pl\/wp-json\/wp\/v2\/types\/product"}],"replies":[{"embeddable":true,"href":"https:\/\/pressurezone.shop\/pl\/wp-json\/wp\/v2\/comments?post=3008"}],"version-history":[{"count":3,"href":"https:\/\/pressurezone.shop\/pl\/wp-json\/wp\/v2\/product\/3008\/revisions"}],"predecessor-version":[{"id":3831,"href":"https:\/\/pressurezone.shop\/pl\/wp-json\/wp\/v2\/product\/3008\/revisions\/3831"}],"wp:featuredmedia":[{"embeddable":true,"href":"https:\/\/pressurezone.shop\/pl\/wp-json\/wp\/v2\/media\/3059"}],"wp:attachment":[{"href":"https:\/\/pressurezone.shop\/pl\/wp-json\/wp\/v2\/media?parent=3008"}],"wp:term":[{"taxonomy":"product_brand","embeddable":true,"href":"https:\/\/pressurezone.shop\/pl\/wp-json\/wp\/v2\/product_brand?post=3008"},{"taxonomy":"product_cat","embeddable":true,"href":"https:\/\/pressurezone.shop\/pl\/wp-json\/wp\/v2\/product_cat?post=3008"},{"taxonomy":"product_tag","embeddable":true,"href":"https:\/\/pressurezone.shop\/pl\/wp-json\/wp\/v2\/product_tag?post=3008"}],"curies":[{"name":"wp","href":"https:\/\/api.w.org\/{rel}","templated":true}]}}