{"id":3009,"date":"2024-10-11T00:48:46","date_gmt":"2024-10-10T22:48:46","guid":{"rendered":"https:\/\/pressurezone.shop\/?post_type=product&#038;p=3009"},"modified":"2024-11-03T22:33:39","modified_gmt":"2024-11-03T21:33:39","slug":"treasure-island-cbd-strain-flower","status":"publish","type":"product","link":"https:\/\/pressurezone.shop\/pl\/produkt\/treasure-island-cbd-szczep-kwiat\/","title":{"rendered":"Szczep kwiatowy CBD Treasure Island - Sativa"},"content":{"rendered":"<div class=\"flex-shrink-0 flex flex-col relative items-end\">\n<div>\n<div class=\"pt-0\">\n<div class=\"gizmo-bot-avatar flex h-8 w-8 items-center justify-center overflow-hidden rounded-full\">\n<div class=\"relative p-1 rounded-sm flex items-center justify-center bg-token-main-surface-primary text-token-text-primary h-8 w-8\"><\/div>\n<\/div>\n<\/div>\n<\/div>\n<\/div>\n<div class=\"group\/conversation-turn relative flex w-full min-w-0 flex-col agent-turn\">\n<div class=\"flex-col gap-1 md:gap-3\">\n<div class=\"flex max-w-full flex-col flex-grow\">\n<div class=\"min-h-8 text-message flex w-full flex-col items-end gap-2 whitespace-normal break-words [.text-message+&amp;]:mt-5\" dir=\"auto\" data-message-author-role=\"assistant\" data-message-id=\"29ed5f87-a4aa-4136-8f96-f0037cef943a\" data-message-model-slug=\"gpt-4o\">\n<div class=\"flex w-full flex-col gap-1 empty:hidden first:pt-[3px]\">\n<div class=\"markdown prose w-full break-words dark:prose-invert light\">\n<h3><strong>Kup kwiat szczepu Treasure Island CBD - Sativa online w Europie pod adresem <a href=\"https:\/\/pressurezone.shop\/pl\/\" target=\"_new\" rel=\"noopener\">Sklep ze strefami ci\u015bnieniowymi<\/a><\/strong><\/h3>\n<p>Odkryj <strong>Szczep kwiatowy CBD Treasure Island - Sativa<\/strong>hybryda z dominuj\u0105c\u0105 sativ\u0105, b\u0119d\u0105ca wynikiem skrzy\u017cowania pot\u0119\u017cnej <strong>Szwajcarskie z\u0142oto<\/strong> i <strong>Cannatonic<\/strong>. Ze stosunkiem CBD<\/p>\n<div><\/div>\n<p>15:1, odmiana ta jest idealna dla os\u00f3b poszukuj\u0105cych \u0142agodnego \u0142agodzenia b\u00f3lu bez odurzaj\u0105cych efekt\u00f3w THC, oferuj\u0105c koj\u0105ce i o\u017cywcze doznania.<\/p>\n<h3>Dlaczego warto wybra\u0107 odmian\u0119 Treasure Island CBD Flower - Sativa?<\/h3>\n<p><strong>Szczep kwiatowy CBD Treasure Island - Sativa<\/strong> zosta\u0142 zaprojektowany, aby zapewni\u0107 subtelny relaks z przyp\u0142ywem dobrego samopoczucia i jasno\u015bci umys\u0142u, idealny do \u0142agodzenia b\u00f3lu bez l\u0119ku i paranoi. Z zawarto\u015bci\u0105 CBD 14-16% i tylko 0-2% THC, <strong>Wyspa skarb\u00f3w<\/strong> jest idealny dla konsument\u00f3w poszukuj\u0105cych \u0142agodnych, ale skutecznych efekt\u00f3w terapeutycznych.<\/p>\n<ul>\n<li><strong>Typ<\/strong> Hybryda z dominacj\u0105 Sativy<\/li>\n<li><strong>CBD<\/strong> 14-16%, idealny do delikatnej, d\u0142ugotrwa\u0142ej ulgi<\/li>\n<\/ul>\n<h3>Efekty i zalety odmiany konopi CBD Treasure Island<\/h3>\n<p>La <strong>Odmiana zi\u00f3\u0142 CBD Treasure Island<\/strong> zapewnia lekki, zr\u00f3wnowa\u017cony efekt, idealny do poprawy nastroju przy jednoczesnym rozlu\u017anieniu cia\u0142a. Wywo\u0142uje poczucie spokoju i dobrego samopoczucia, idealne do zmniejszenia napi\u0119cia bez uspokojenia. Idealny wyb\u00f3r, gdy potrzebujesz koncentracji i jasno\u015bci umys\u0142u.<\/p>\n<ul>\n<li><strong>Efekty<\/strong> Koncentracja, szcz\u0119\u015bcie, spok\u00f3j, relaks, poprawa nastroju<\/li>\n<li><strong>Idealny dla<\/strong> Zapalenie staw\u00f3w, przewlek\u0142y b\u00f3l, depresja, b\u00f3le g\u0142owy, stany zapalne, stres<\/li>\n<\/ul>\n<h3>Stany \u0142agodzone przez odmian\u0119 konopi Treasure Island<\/h3>\n<p>Dzi\u0119ki wysokiemu poziomowi CBD i \u0142agodnemu dzia\u0142aniu, <strong>Wyspa skarb\u00f3w<\/strong> jest cz\u0119sto stosowany w leczeniu wielu schorze\u0144:<\/p>\n<ul>\n<li><strong>Przewlek\u0142y b\u00f3l i zapalenie staw\u00f3w<\/strong> Zapewnia d\u0142ugotrwa\u0142\u0105 ulg\u0119 w b\u00f3lu fizycznym bez powa\u017cnych skutk\u00f3w ubocznych.<\/li>\n<li><strong>Depresja i stres<\/strong> Promuje lekki relaks i poprawia nastr\u00f3j<a href=\"https:\/\/fuelpackz.com\/\" target=\"_blank\" rel=\"noopener\">.<\/a><\/li>\n<li><strong>Zapalenie i b\u00f3le g\u0142owy<\/strong> Pomaga \u0142agodzi\u0107 stany zapalne i zmniejsza\u0107 b\u00f3le g\u0142owy i migreny.<\/li>\n<\/ul>\n<h3>Smaki i aromaty odmiany zi\u00f3\u0142 CBD Treasure Island<\/h3>\n<p>La <strong>Odmiana zi\u00f3\u0142 CBD Treasure Island<\/strong> oferuje koj\u0105cy profil smakowy z nutami <strong>trawy<\/strong> i <strong>s\u0142odki<\/strong>z nut\u0105 drewna. Jego mi\u0119kki, kwiatowy aromat z nutami lawendy i drewna tworzy delikatne i przyjemne doznania zapachowe.<\/p>\n<ul>\n<li><strong>Smaki<\/strong> Zio\u0142owy, s\u0142odki, drzewny<\/li>\n<li><strong>Zapachy<\/strong> ziemisty, kwiatowy, lawendowy, s\u0142odki, drzewny<\/li>\n<\/ul>\n<h3>Wygl\u0105d kwiatu konopi Treasure Island<\/h3>\n<p>P\u0105ki <strong>Wyspa skarb\u00f3w<\/strong> ma jasnozielony kolor z bursztynowymi w\u0142oskami i b\u0142yszcz\u0105cymi trichomami. Ich g\u0119sty, \u017cywiczny wygl\u0105d \u015bwiadczy o najwy\u017cszej jako\u015bci tej odmiany, idealnej do koj\u0105cych, leczniczych dozna\u0144.<\/p>\n<h3>Zam\u00f3w kwiat szczepu Treasure Island CBD - Sativa online w sklepie Pressure Zone Shop<\/h3>\n<p>Gotowy, aby odkry\u0107 delikatn\u0105 ulg\u0119 i zr\u00f3wnowa\u017cone samopoczucie dzi\u0119ki <strong>Szczep kwiatowy CBD Treasure Island - Sativa<\/strong> ? Zam\u00f3w teraz na <a href=\"https:\/\/pressurezone.shop\/pl\/\" target=\"_new\" rel=\"noopener\">Sklep ze strefami ci\u015bnieniowymi<\/a> to wysokiej jako\u015bci marihuana terapeutyczna, idealna do leczenia stresu, stan\u00f3w zapalnych i przewlek\u0142ego b\u00f3lu bez psychoaktywnych efekt\u00f3w THC.<\/p>\n<\/div>\n<\/div>\n<\/div>\n<\/div>\n<\/div>\n<\/div>","protected":false},"excerpt":{"rendered":"<p>Achetez la Treasure Island CBD Strain Flower \u2013 Sativa en Ligne en Europe sur Pressure Zone Shop D\u00e9couvrez la Treasure Island CBD Strain Flower \u2013 Sativa, une vari\u00e9t\u00e9 hybride \u00e0 dominance sativa, issue du croisement entre les puissantes Swiss Gold et Cannatonic. Avec un ratio CBD de 15:1, cette vari\u00e9t\u00e9 est parfaite pour ceux qui [&hellip;]<\/p>","protected":false},"featured_media":3061,"comment_status":"closed","ping_status":"closed","template":"","meta":{"_uag_custom_page_level_css":"","site-sidebar-layout":"default","site-content-layout":"","ast-site-content-layout":"default","site-content-style":"default","site-sidebar-style":"default","ast-global-header-display":"","ast-banner-title-visibility":"","ast-main-header-display":"","ast-hfb-above-header-display":"","ast-hfb-below-header-display":"","ast-hfb-mobile-header-display":"","site-post-title":"","ast-breadcrumbs-content":"","ast-featured-img":"","footer-sml-layout":"","theme-transparent-header-meta":"default","adv-header-id-meta":"","stick-header-meta":"","header-above-stick-meta":"","header-main-stick-meta":"","header-below-stick-meta":"","astra-migrate-meta-layouts":"set","ast-page-background-enabled":"default","ast-page-background-meta":{"desktop":{"background-color":"","background-image":"","background-repeat":"repeat","background-position":"center center","background-size":"auto","background-attachment":"scroll","background-type":"","background-media":"","overlay-type":"","overlay-color":"","overlay-opacity":"","overlay-gradient":""},"tablet":{"background-color":"","background-image":"","background-repeat":"repeat","background-position":"center center","background-size":"auto","background-attachment":"scroll","background-type":"","background-media":"","overlay-type":"","overlay-color":"","overlay-opacity":"","overlay-gradient":""},"mobile":{"background-color":"","background-image":"","background-repeat":"repeat","background-position":"center center","background-size":"auto","background-attachment":"scroll","background-type":"","background-media":"","overlay-type":"","overlay-color":"","overlay-opacity":"","overlay-gradient":""}},"ast-content-background-meta":{"desktop":{"background-color":"var(--ast-global-color-5)","background-image":"","background-repeat":"repeat","background-position":"center center","background-size":"auto","background-attachment":"scroll","background-type":"","background-media":"","overlay-type":"","overlay-color":"","overlay-opacity":"","overlay-gradient":""},"tablet":{"background-color":"var(--ast-global-color-5)","background-image":"","background-repeat":"repeat","background-position":"center center","background-size":"auto","background-attachment":"scroll","background-type":"","background-media":"","overlay-type":"","overlay-color":"","overlay-opacity":"","overlay-gradient":""},"mobile":{"background-color":"var(--ast-global-color-5)","background-image":"","background-repeat":"repeat","background-position":"center center","background-size":"auto","background-attachment":"scroll","background-type":"","background-media":"","overlay-type":"","overlay-color":"","overlay-opacity":"","overlay-gradient":""}}},"product_brand":[],"product_cat":[28,273],"product_tag":[289],"class_list":{"0":"post-3009","1":"product","2":"type-product","3":"status-publish","4":"has-post-thumbnail","6":"product_cat-varietes-de-cannabis","7":"product_cat-varietes-de-cannabis-sativa","8":"product_tag-order-treasure-island-cbd-strain-flower-sativa-europe","9":"desktop-align-left","10":"tablet-align-left","11":"mobile-align-left","13":"first","14":"instock","15":"shipping-taxable","16":"purchasable","17":"product-type-variable"},"uagb_featured_image_src":{"full":["https:\/\/pressurezone.shop\/wp-content\/uploads\/2024\/10\/Treasure-Island-CBD-Strain-Flower-\u2013-Sativa.webp",2560,1707,false],"thumbnail":["https:\/\/pressurezone.shop\/wp-content\/uploads\/2024\/10\/Treasure-Island-CBD-Strain-Flower-\u2013-Sativa-150x150.webp",150,150,true],"medium":["https:\/\/pressurezone.shop\/wp-content\/uploads\/2024\/10\/Treasure-Island-CBD-Strain-Flower-\u2013-Sativa-300x200.webp",300,200,true],"medium_large":["https:\/\/pressurezone.shop\/wp-content\/uploads\/2024\/10\/Treasure-Island-CBD-Strain-Flower-\u2013-Sativa-768x512.webp",768,512,true],"large":["https:\/\/pressurezone.shop\/wp-content\/uploads\/2024\/10\/Treasure-Island-CBD-Strain-Flower-\u2013-Sativa-1024x683.webp",1024,683,true],"1536x1536":["https:\/\/pressurezone.shop\/wp-content\/uploads\/2024\/10\/Treasure-Island-CBD-Strain-Flower-\u2013-Sativa-1536x1024.webp",1536,1024,true],"2048x2048":["https:\/\/pressurezone.shop\/wp-content\/uploads\/2024\/10\/Treasure-Island-CBD-Strain-Flower-\u2013-Sativa-2048x1366.webp",2048,1366,true],"trp-custom-language-flag":["https:\/\/pressurezone.shop\/wp-content\/uploads\/2024\/10\/Treasure-Island-CBD-Strain-Flower-\u2013-Sativa-18x12.webp",18,12,true],"woocommerce_thumbnail":["https:\/\/pressurezone.shop\/wp-content\/uploads\/2024\/10\/Treasure-Island-CBD-Strain-Flower-\u2013-Sativa-300x300.webp",300,300,true],"woocommerce_single":["https:\/\/pressurezone.shop\/wp-content\/uploads\/2024\/10\/Treasure-Island-CBD-Strain-Flower-\u2013-Sativa-600x400.webp",600,400,true],"woocommerce_gallery_thumbnail":["https:\/\/pressurezone.shop\/wp-content\/uploads\/2024\/10\/Treasure-Island-CBD-Strain-Flower-\u2013-Sativa-100x100.webp",100,100,true]},"uagb_author_info":{"display_name":"pressurezone.shop","author_link":"https:\/\/pressurezone.shop\/pl\/author\/"},"uagb_comment_info":0,"uagb_excerpt":"Achetez la Treasure Island CBD Strain Flower \u2013 Sativa en Ligne en Europe sur Pressure Zone Shop D\u00e9couvrez la Treasure Island CBD Strain Flower \u2013 Sativa, une vari\u00e9t\u00e9 hybride \u00e0 dominance sativa, issue du croisement entre les puissantes Swiss Gold et Cannatonic. Avec un ratio CBD de 15:1, cette vari\u00e9t\u00e9 est parfaite pour ceux qui&hellip;","_links":{"self":[{"href":"https:\/\/pressurezone.shop\/pl\/wp-json\/wp\/v2\/product\/3009"}],"collection":[{"href":"https:\/\/pressurezone.shop\/pl\/wp-json\/wp\/v2\/product"}],"about":[{"href":"https:\/\/pressurezone.shop\/pl\/wp-json\/wp\/v2\/types\/product"}],"replies":[{"embeddable":true,"href":"https:\/\/pressurezone.shop\/pl\/wp-json\/wp\/v2\/comments?post=3009"}],"version-history":[{"count":3,"href":"https:\/\/pressurezone.shop\/pl\/wp-json\/wp\/v2\/product\/3009\/revisions"}],"predecessor-version":[{"id":4077,"href":"https:\/\/pressurezone.shop\/pl\/wp-json\/wp\/v2\/product\/3009\/revisions\/4077"}],"wp:featuredmedia":[{"embeddable":true,"href":"https:\/\/pressurezone.shop\/pl\/wp-json\/wp\/v2\/media\/3061"}],"wp:attachment":[{"href":"https:\/\/pressurezone.shop\/pl\/wp-json\/wp\/v2\/media?parent=3009"}],"wp:term":[{"taxonomy":"product_brand","embeddable":true,"href":"https:\/\/pressurezone.shop\/pl\/wp-json\/wp\/v2\/product_brand?post=3009"},{"taxonomy":"product_cat","embeddable":true,"href":"https:\/\/pressurezone.shop\/pl\/wp-json\/wp\/v2\/product_cat?post=3009"},{"taxonomy":"product_tag","embeddable":true,"href":"https:\/\/pressurezone.shop\/pl\/wp-json\/wp\/v2\/product_tag?post=3009"}],"curies":[{"name":"wp","href":"https:\/\/api.w.org\/{rel}","templated":true}]}}