{"id":3012,"date":"2024-10-11T00:48:47","date_gmt":"2024-10-10T22:48:47","guid":{"rendered":"https:\/\/pressurezone.shop\/?post_type=product&#038;p=3012"},"modified":"2024-11-02T21:31:11","modified_gmt":"2024-11-02T20:31:11","slug":"og-cheese-strain-aaa-small-buds","status":"publish","type":"product","link":"https:\/\/pressurezone.shop\/pl\/produkt\/og-szczep-serowy-aaa-male-paki\/","title":{"rendered":"OG Cheese Strain AAA Small Buds"},"content":{"rendered":"<h3><strong>Kup OG Cheese Strain AAA Small Buds online w Europie pod adresem <a href=\"https:\/\/pressurezone.shop\/pl\/\" target=\"_new\" rel=\"noopener\">Strefa ci\u015bnienia<\/a><\/strong><\/h3>\n<p>Odkryj <strong>OG Cheese Strain AAA Small Buds<\/strong>znany r\u00f3wnie\u017c jako \"Cheese OG\" w\u015br\u00f3d pacjent\u00f3w medycznych. To <strong>odmiana konopi<\/strong> to dominuj\u0105ca hybryda indica (80% indica \/ 20% sativa) zrodzona z krzy\u017c\u00f3wki legendarnej <strong>Skunk #1<\/strong> i <strong>Afganistan<\/strong>. Dzi\u0119ki kremowym smakom sera i skunksowym, drzewnym aromatom, OG Cheese jest wyj\u0105tkowym do\u015bwiadczeniem dla mi\u0142o\u015bnik\u00f3w konopi poszukuj\u0105cych relaksuj\u0105cego, euforycznego haju.<\/p>\n<h3>Efekty i korzy\u015bci OG Cheese Strain AAA Small Buds<\/h3>\n<p>La <strong>Odmiana OG Cheese Strain AAA Small Buds<\/strong> oferuje pot\u0119\u017cny, introspektywny haj, idealny do relaksu i pobudzenia wyobra\u017ani:<\/p>\n<ul>\n<li><strong>Euforia i rado\u015b\u0107<\/strong> Wprowadza w radosny stan umys\u0142u i \u015bmiechu, idealny na chwile relaksu.<\/li>\n<li><strong>G\u0142\u0119boki relaks i Couch Lock<\/strong> Zapewnia intensywny relaks, idealny na wieczory pe\u0142nego odpoczynku.<\/li>\n<li><strong>Efekt psychoaktywny<\/strong> Promuje stan zadumy i spokoju psychicznego, idealny do introspekcji.<a href=\"https:\/\/fuelpackz.com\/\" target=\"_blank\" rel=\"noopener\">.<\/a><\/li>\n<\/ul>\n<p>Z poziomami <strong>THC z 15-18%<\/strong>OG Cheese jest idealny dla tych, kt\u00f3rzy szukaj\u0105 uspokajaj\u0105cego i lekko uspokajaj\u0105cego efektu, sprzyjaj\u0105cego relaksacji.<\/p>\n<h3>Korzy\u015bci terapeutyczne OG Cheese Strain AAA Small Buds<\/h3>\n<p>Dzi\u0119ki uspokajaj\u0105cemu i lekko euforycznemu dzia\u0142aniu, OG Cheese jest cz\u0119sto wybierany ze wzgl\u0119du na swoje w\u0142a\u015bciwo\u015bci terapeutyczne:<\/p>\n<ul>\n<li><strong>Ulga w przewlek\u0142ym b\u00f3lu i migrenach<\/strong> \u0141agodzi b\u00f3l i zmniejsza napi\u0119cie mi\u0119\u015bni.<\/li>\n<li><strong>Zmniejsza skurcze i dr\u017cenie mi\u0119\u015bni<\/strong> Skutecznie zmniejsza skurcze i dr\u017cenie zwi\u0105zane z takimi schorzeniami jak fibromialgia.<\/li>\n<li><strong>Lepszy nastr\u00f3j<\/strong> Pomaga zwalcza\u0107 depresj\u0119 i zaburzenia nastroju, zapewniaj\u0105c dobre samopoczucie i relaks.<\/li>\n<\/ul>\n<p>To <strong>odmiana konopi<\/strong> jest idealny dla os\u00f3b poszukuj\u0105cych naturalnego rozwi\u0105zania \u0142agodz\u0105cego b\u00f3le, poprawiaj\u0105cego nastr\u00f3j i u\u0142atwiaj\u0105cego zasypianie.<\/p>\n<h3>Smaki i aromaty OG Cheese Strain<\/h3>\n<p>OG Cheese ma intensywny, kremowy profil smakowy:<\/p>\n<ul>\n<li><strong>Smaki<\/strong> Bogaty, serowy smak z nutami sosny, drewna i odrobin\u0105 s\u0142odyczy.<\/li>\n<li><strong>Zapachy<\/strong> Mocny, serowy, lekko kwiatowy i skunksowy zapach, przypominaj\u0105cy klasyczne, intensywnie pachn\u0105ce odmiany.<\/li>\n<\/ul>\n<p>Te <strong>charakterystyczne smaki i aromaty<\/strong> sprawiaj\u0105, \u017ce jest to do\u015bwiadczenie doceniane przez mi\u0142o\u015bnik\u00f3w konopi o mocnych, oryginalnych smakach.<\/p>\n<h3>Dlaczego warto kupi\u0107 OG Cheese Strain AAA Small Buds na <a href=\"https:\/\/pressurezone.shop\/pl\/\" target=\"_new\" rel=\"noopener\">Strefa ci\u015bnienia<\/a>?<\/h3>\n<p>Przy <strong>Strefa ci\u015bnienia<\/strong>oferujemy <strong>odmiany konopi<\/strong> wyselekcjonowane i przetestowane, aby zapewni\u0107 najlepsze mo\u017cliwe wra\u017cenia. <strong>OG Cheese Strain AAA Small Buds<\/strong> to jedna z naszych flagowych odmian, idealna na chwile g\u0142\u0119bokiego relaksu i ukojenia. Oto dlaczego warto wybra\u0107 Pressure Zone:<\/p>\n<ul>\n<li><strong>Wysokiej jako\u015bci<\/strong> Nasze produkty s\u0105 testowane w celu zagwarantowania czysto\u015bci i mocy.<\/li>\n<li><strong>Efekt relaksuj\u0105cy i r\u00f3wnowa\u017c\u0105cy<\/strong> Idealny do ukojenia cia\u0142a i umys\u0142u bez nadmiernej ci\u0119\u017cko\u015bci.<\/li>\n<li><strong>Dedykowana obs\u0142uga klienta<\/strong> Nasz zesp\u00f3\u0142 jest tutaj, aby pom\u00f3c Ci znale\u017a\u0107 odpowiedni <strong>odmiana konopi<\/strong> kt\u00f3ry spe\u0142nia Twoje potrzeby.<\/li>\n<\/ul>\n<h3>Cz\u0119sto zadawane pytania<\/h3>\n<h4>Jakie s\u0105 g\u0142\u00f3wne efekty OG Cheese Strain?<\/h4>\n<p>OG Cheese zapewnia euforyczny, relaksuj\u0105cy haj, idealny do odpr\u0119\u017cenia i cieszenia si\u0119 chwil\u0105 introspekcji. Jej lekko psychoaktywny efekt jest idealny do pe\u0142nego relaksu.<\/p>\n<h4>Czy OG Cheese jest skuteczny w \u0142agodzeniu b\u00f3lu?<\/h4>\n<p>Tak, to <strong>odmiana konopi<\/strong> jest cz\u0119sto stosowany w celu \u0142agodzenia przewlek\u0142ego b\u00f3lu, migreny i napi\u0119cia mi\u0119\u015bni, oferuj\u0105c koj\u0105ce do\u015bwiadczenie relaksu.<\/p>\n<h4>Jakie smaki i aromaty dominuj\u0105 w OG Cheese?<\/h4>\n<p>OG Cheese oferuje smaki kremowego sera, sosny i drewna, z silnymi aromatami sera i skunksa, kt\u00f3re przypadn\u0105 do gustu fanom intensywnych smak\u00f3w.<\/p>\n<h3>Zam\u00f3w OG Cheese Strain AAA Small Buds online w Europie na <a href=\"https:\/\/pressurezone.shop\/pl\/\" target=\"_new\" rel=\"noopener\">Strefa ci\u015bnienia<\/a><\/h3>\n<p>Gotowy do odkrycia relaksuj\u0105cych efekt\u00f3w i intensywnych smak\u00f3w <strong>OG Cheese Strain AAA Small Buds<\/strong>? <strong>Zam\u00f3w teraz<\/strong> na <a href=\"https:\/\/pressurezone.shop\/pl\/\" target=\"_new\" rel=\"noopener\">Strefa ci\u015bnienia<\/a> dla do\u015bwiadczenia <strong>odmiana konopi<\/strong> idealny do \u0142agodzenia b\u00f3lu i relaksu. Dzi\u0119ki szybkiej dostawie i wyj\u0105tkowej obs\u0142udze klienta, Pressure Zone jest zaufanym partnerem zapewniaj\u0105cym najwy\u017cszej jako\u015bci doznania zwi\u0105zane z konopiami indyjskimi.<\/p>","protected":false},"excerpt":{"rendered":"<p>Achetez la Vari\u00e9t\u00e9 OG Cheese Strain AAA Small Buds en Ligne en Europe sur Pressure Zone D\u00e9couvrez OG Cheese Strain AAA Small Buds, \u00e9galement connue sous le nom de \u201cCheese OG\u201d parmi les patients m\u00e9dicaux. Cette vari\u00e9t\u00e9 de cannabis est un hybride indica dominant (80% indica \/ 20% sativa) n\u00e9e d\u2019un croisement entre les l\u00e9gendaires [&hellip;]<\/p>","protected":false},"featured_media":3076,"comment_status":"closed","ping_status":"closed","template":"","meta":{"_uag_custom_page_level_css":"","site-sidebar-layout":"default","site-content-layout":"","ast-site-content-layout":"default","site-content-style":"default","site-sidebar-style":"default","ast-global-header-display":"","ast-banner-title-visibility":"","ast-main-header-display":"","ast-hfb-above-header-display":"","ast-hfb-below-header-display":"","ast-hfb-mobile-header-display":"","site-post-title":"","ast-breadcrumbs-content":"","ast-featured-img":"","footer-sml-layout":"","theme-transparent-header-meta":"default","adv-header-id-meta":"","stick-header-meta":"","header-above-stick-meta":"","header-main-stick-meta":"","header-below-stick-meta":"","astra-migrate-meta-layouts":"set","ast-page-background-enabled":"default","ast-page-background-meta":{"desktop":{"background-color":"","background-image":"","background-repeat":"repeat","background-position":"center center","background-size":"auto","background-attachment":"scroll","background-type":"","background-media":"","overlay-type":"","overlay-color":"","overlay-opacity":"","overlay-gradient":""},"tablet":{"background-color":"","background-image":"","background-repeat":"repeat","background-position":"center center","background-size":"auto","background-attachment":"scroll","background-type":"","background-media":"","overlay-type":"","overlay-color":"","overlay-opacity":"","overlay-gradient":""},"mobile":{"background-color":"","background-image":"","background-repeat":"repeat","background-position":"center center","background-size":"auto","background-attachment":"scroll","background-type":"","background-media":"","overlay-type":"","overlay-color":"","overlay-opacity":"","overlay-gradient":""}},"ast-content-background-meta":{"desktop":{"background-color":"var(--ast-global-color-5)","background-image":"","background-repeat":"repeat","background-position":"center center","background-size":"auto","background-attachment":"scroll","background-type":"","background-media":"","overlay-type":"","overlay-color":"","overlay-opacity":"","overlay-gradient":""},"tablet":{"background-color":"var(--ast-global-color-5)","background-image":"","background-repeat":"repeat","background-position":"center center","background-size":"auto","background-attachment":"scroll","background-type":"","background-media":"","overlay-type":"","overlay-color":"","overlay-opacity":"","overlay-gradient":""},"mobile":{"background-color":"var(--ast-global-color-5)","background-image":"","background-repeat":"repeat","background-position":"center center","background-size":"auto","background-attachment":"scroll","background-type":"","background-media":"","overlay-type":"","overlay-color":"","overlay-opacity":"","overlay-gradient":""}}},"product_brand":[],"product_cat":[28,278],"product_tag":[292],"class_list":{"0":"post-3012","1":"product","2":"type-product","3":"status-publish","4":"has-post-thumbnail","6":"product_cat-varietes-de-cannabis","7":"product_cat-varietes-de-marijuana-indica","8":"product_tag-buy-og-cheese-strain-aaa-small-buds-uae","9":"desktop-align-left","10":"tablet-align-left","11":"mobile-align-left","13":"first","14":"instock","15":"shipping-taxable","16":"purchasable","17":"product-type-variable"},"uagb_featured_image_src":{"full":["https:\/\/pressurezone.shop\/wp-content\/uploads\/2024\/10\/Buy-OG-Cheese-Strain-AAA-Small-Buds.webp",2048,1365,false],"thumbnail":["https:\/\/pressurezone.shop\/wp-content\/uploads\/2024\/10\/Buy-OG-Cheese-Strain-AAA-Small-Buds-150x150.webp",150,150,true],"medium":["https:\/\/pressurezone.shop\/wp-content\/uploads\/2024\/10\/Buy-OG-Cheese-Strain-AAA-Small-Buds-300x200.webp",300,200,true],"medium_large":["https:\/\/pressurezone.shop\/wp-content\/uploads\/2024\/10\/Buy-OG-Cheese-Strain-AAA-Small-Buds-768x512.webp",768,512,true],"large":["https:\/\/pressurezone.shop\/wp-content\/uploads\/2024\/10\/Buy-OG-Cheese-Strain-AAA-Small-Buds-1024x683.webp",1024,683,true],"1536x1536":["https:\/\/pressurezone.shop\/wp-content\/uploads\/2024\/10\/Buy-OG-Cheese-Strain-AAA-Small-Buds-1536x1024.webp",1536,1024,true],"2048x2048":["https:\/\/pressurezone.shop\/wp-content\/uploads\/2024\/10\/Buy-OG-Cheese-Strain-AAA-Small-Buds.webp",2048,1365,false],"trp-custom-language-flag":["https:\/\/pressurezone.shop\/wp-content\/uploads\/2024\/10\/Buy-OG-Cheese-Strain-AAA-Small-Buds-18x12.webp",18,12,true],"woocommerce_thumbnail":["https:\/\/pressurezone.shop\/wp-content\/uploads\/2024\/10\/Buy-OG-Cheese-Strain-AAA-Small-Buds-300x300.webp",300,300,true],"woocommerce_single":["https:\/\/pressurezone.shop\/wp-content\/uploads\/2024\/10\/Buy-OG-Cheese-Strain-AAA-Small-Buds-600x400.webp",600,400,true],"woocommerce_gallery_thumbnail":["https:\/\/pressurezone.shop\/wp-content\/uploads\/2024\/10\/Buy-OG-Cheese-Strain-AAA-Small-Buds-100x100.webp",100,100,true]},"uagb_author_info":{"display_name":"pressurezone.shop","author_link":"https:\/\/pressurezone.shop\/pl\/author\/"},"uagb_comment_info":0,"uagb_excerpt":"Achetez la Vari\u00e9t\u00e9 OG Cheese Strain AAA Small Buds en Ligne en Europe sur Pressure Zone D\u00e9couvrez OG Cheese Strain AAA Small Buds, \u00e9galement connue sous le nom de \u201cCheese OG\u201d parmi les patients m\u00e9dicaux. Cette vari\u00e9t\u00e9 de cannabis est un hybride indica dominant (80% indica \/ 20% sativa) n\u00e9e d\u2019un croisement entre les l\u00e9gendaires&hellip;","_links":{"self":[{"href":"https:\/\/pressurezone.shop\/pl\/wp-json\/wp\/v2\/product\/3012"}],"collection":[{"href":"https:\/\/pressurezone.shop\/pl\/wp-json\/wp\/v2\/product"}],"about":[{"href":"https:\/\/pressurezone.shop\/pl\/wp-json\/wp\/v2\/types\/product"}],"replies":[{"embeddable":true,"href":"https:\/\/pressurezone.shop\/pl\/wp-json\/wp\/v2\/comments?post=3012"}],"version-history":[{"count":3,"href":"https:\/\/pressurezone.shop\/pl\/wp-json\/wp\/v2\/product\/3012\/revisions"}],"predecessor-version":[{"id":3705,"href":"https:\/\/pressurezone.shop\/pl\/wp-json\/wp\/v2\/product\/3012\/revisions\/3705"}],"wp:featuredmedia":[{"embeddable":true,"href":"https:\/\/pressurezone.shop\/pl\/wp-json\/wp\/v2\/media\/3076"}],"wp:attachment":[{"href":"https:\/\/pressurezone.shop\/pl\/wp-json\/wp\/v2\/media?parent=3012"}],"wp:term":[{"taxonomy":"product_brand","embeddable":true,"href":"https:\/\/pressurezone.shop\/pl\/wp-json\/wp\/v2\/product_brand?post=3012"},{"taxonomy":"product_cat","embeddable":true,"href":"https:\/\/pressurezone.shop\/pl\/wp-json\/wp\/v2\/product_cat?post=3012"},{"taxonomy":"product_tag","embeddable":true,"href":"https:\/\/pressurezone.shop\/pl\/wp-json\/wp\/v2\/product_tag?post=3012"}],"curies":[{"name":"wp","href":"https:\/\/api.w.org\/{rel}","templated":true}]}}