{"id":3013,"date":"2024-10-11T00:48:47","date_gmt":"2024-10-10T22:48:47","guid":{"rendered":"https:\/\/pressurezone.shop\/?post_type=product&#038;p=3013"},"modified":"2024-11-03T22:13:13","modified_gmt":"2024-11-03T21:13:13","slug":"sour-cookies-marijuana-strain","status":"publish","type":"product","link":"https:\/\/pressurezone.shop\/pl\/produkt\/odmiana-marihuany-kwasne-ciasteczka\/","title":{"rendered":"Odmiana marihuany Sour Cookies"},"content":{"rendered":"<div class=\"flex-shrink-0 flex flex-col relative items-end\">\n<div>\n<div class=\"pt-0\">\n<div class=\"gizmo-bot-avatar flex h-8 w-8 items-center justify-center overflow-hidden rounded-full\">\n<div class=\"relative p-1 rounded-sm flex items-center justify-center bg-token-main-surface-primary text-token-text-primary h-8 w-8\"><\/div>\n<\/div>\n<\/div>\n<\/div>\n<\/div>\n<div class=\"group\/conversation-turn relative flex w-full min-w-0 flex-col agent-turn\">\n<div class=\"flex-col gap-1 md:gap-3\">\n<div class=\"flex max-w-full flex-col flex-grow\">\n<div class=\"min-h-8 text-message flex w-full flex-col items-end gap-2 whitespace-normal break-words [.text-message+&amp;]:mt-5\" dir=\"auto\" data-message-author-role=\"assistant\" data-message-id=\"5af859e0-5fc1-4b88-aab0-49b68827796e\" data-message-model-slug=\"gpt-4o\">\n<div class=\"flex w-full flex-col gap-1 empty:hidden first:pt-[3px]\">\n<div class=\"markdown prose w-full break-words dark:prose-invert light\">\n<h3><strong>Kup odmian\u0119 marihuany Sour Cookies online w Europie na <a href=\"https:\/\/pressurezone.shop\/pl\/\" target=\"_new\" rel=\"noopener\">Sklep ze strefami ci\u015bnieniowymi<\/a><\/strong><\/h3>\n<p>Odkryj <strong>Odmiana marihuany Sour Cookies<\/strong>hybryda z dominuj\u0105c\u0105 sativ\u0105, b\u0119d\u0105ca wynikiem skrzy\u017cowania s\u0142ynnej <strong>Ciasteczka harcerskie<\/strong> i <strong>Sour Diesel<\/strong>. <strong>Kwa\u015bne ciasteczka<\/strong> \u0142\u0105czy w sobie najlepsze efekty obu odmian, tworz\u0105c energetyzuj\u0105ce, m\u00f3zgowe do\u015bwiadczenie z odrobin\u0105 fizycznego relaksu.<\/p>\n<h3>Dlaczego warto wybra\u0107 odmian\u0119 marihuany Sour Cookies?<\/h3>\n<p><strong>Odmiana marihuany Sour Cookies<\/strong> jest idealna dla os\u00f3b poszukuj\u0105cych stymuluj\u0105cego haju umys\u0142owego z nut\u0105 relaksu. Chocia\u017c zawarto\u015b\u0107 THC jest umiarkowana, odmiana ta zapewnia euforyczny haj, kt\u00f3ry zach\u0119ca do kreatywno\u015bci i towarzysko\u015bci. Jej unikalny profil smakowy, z nutami <strong>olej nap\u0119dowy<\/strong>z <strong>orzechy<\/strong> oraz <strong>ser<\/strong>To sprawia, \u017ce jest to wy\u015bmienity wyb\u00f3r dla mi\u0142o\u015bnik\u00f3w mocnych smak\u00f3w.<\/p>\n<ul>\n<li><strong>Typ<\/strong> Hybryda z dominacj\u0105 Sativy<\/li>\n<li><strong>THC<\/strong> : Umiarkowany, oferuj\u0105cy zr\u00f3wnowa\u017cony haj na ca\u0142y dzie\u0144<\/li>\n<\/ul>\n<h3>Efekty i korzy\u015bci ze stosowania odmiany Sour Cookies Weed<\/h3>\n<p>La <strong>Odmiana zi\u00f3\u0142 Sour Cookies<\/strong> jest idealna dla os\u00f3b poszukuj\u0105cych stymuluj\u0105cego haju umys\u0142owego, idealnego do aktywno\u015bci towarzyskich lub kreatywnych. Ma dzia\u0142anie m\u00f3zgowe i energetyzuj\u0105ce, zapewniaj\u0105c jednocze\u015bnie delikatny relaks, kt\u00f3ry nie pozostawi ci\u0119 przybitego do sofy.<\/p>\n<ul>\n<li><strong>Efekty<\/strong> M\u00f3zgowy, kreatywny, energetyzuj\u0105cy, szcz\u0119\u015bliwy, towarzyski, poprawiaj\u0105cy nastr\u00f3j<\/li>\n<li><strong>Idealny dla<\/strong> ADD\/ADHD, zapalenie staw\u00f3w, choroba afektywna dwubiegunowa, przewlek\u0142y b\u00f3l, depresja, zm\u0119czenie, nudno\u015bci, PTSD, stres<\/li>\n<\/ul>\n<h3>Stany \u0142agodzone przez odmian\u0119 konopi Sour Cookies<\/h3>\n<p>Dzi\u0119ki dominuj\u0105cemu dzia\u0142aniu sativy, <strong>Kwa\u015bne ciasteczka<\/strong> jest cz\u0119sto wybierana w celu z\u0142agodzenia r\u00f3\u017cnych objaw\u00f3w psychicznych i fizycznych:<\/p>\n<ul>\n<li><strong>ADD\/ADHD i depresja<\/strong> Wspomaga koncentracj\u0119 i poprawia nastr\u00f3j.<\/li>\n<li><strong>Zm\u0119czenie i przewlek\u0142y b\u00f3l<\/strong> Zapewnia odnowion\u0105 energi\u0119 i \u0142agodzi b\u00f3le cia\u0142a.<\/li>\n<li><strong>Nudno\u015bci i stres<\/strong> Uspokaja \u017co\u0142\u0105dek i \u0142agodzi napi\u0119cie psychiczne<a href=\"https:\/\/fuelpackz.com\/\" target=\"_blank\" rel=\"noopener\">.<\/a><\/li>\n<\/ul>\n<h3>Smaki i aromaty odmiany Sour Cookies Weed Strain<\/h3>\n<p>La <strong>Odmiana zi\u00f3\u0142 Sour Cookies<\/strong> uwodzi smakami <strong>ser<\/strong>z <strong>olej nap\u0119dowy<\/strong> oraz <strong>orzech laskowy<\/strong>z nut\u0105 s\u0142odyczy i drewna. Jego silny aromat <strong>paliwo<\/strong> oraz <strong>hash<\/strong> dope\u0142nia doznania, oferuj\u0105c z\u0142o\u017con\u0105 i niezapomnian\u0105 palet\u0119 z ka\u017cdym zaci\u0105gni\u0119ciem.<\/p>\n<ul>\n<li><strong>Smaki<\/strong> Ser, Diesel, Orzech laskowy, Sosna, S\u0142odki<\/li>\n<li><strong>Zapachy<\/strong> Paliwo, Hash, Pikantne, S\u0142odkie<\/li>\n<\/ul>\n<h3>Wygl\u0105d kwiatu konopi Sour Cookies<\/h3>\n<p>P\u0105ki <strong>Kwa\u015bne ciasteczka<\/strong> s\u0105 g\u0119ste, maj\u0105 intensywny zielony kolor i bursztynowe w\u0142oski, pokryte b\u0142yszcz\u0105cymi trichomami, kt\u00f3re odzwierciedlaj\u0105 jako\u015b\u0107 tej wyj\u0105tkowej odmiany. Ich atrakcyjny, \u017cywiczny wygl\u0105d przyci\u0105ga wzrok od pierwszego wejrzenia.<\/p>\n<h3>Zam\u00f3w szczep marihuany Sour Cookies online w sklepie Pressure Zone Shop<\/h3>\n<p>Gotowy, aby odkry\u0107 m\u00f3zgowy p\u0119d i energetyzuj\u0105cy efekt <strong>Odmiana marihuany Sour Cookies<\/strong> ? Zam\u00f3w ju\u017c dzi\u015b w <a href=\"https:\/\/pressurezone.shop\/pl\/\" target=\"_new\" rel=\"noopener\">Sklep ze strefami ci\u015bnieniowymi<\/a> zapewnia stymuluj\u0105ce i zr\u00f3wnowa\u017cone doznania zwi\u0105zane z konopiami indyjskimi, idealne do zwi\u0119kszenia kreatywno\u015bci i nastroju, jednocze\u015bnie ciesz\u0105c si\u0119 subtelnym relaksem. <strong>Kwa\u015bne ciasteczka<\/strong> to idealny wyb\u00f3r na produktywny dzie\u0144 pe\u0142en smaku.<\/p>\n<\/div>\n<\/div>\n<\/div>\n<\/div>\n<\/div>\n<\/div>","protected":false},"excerpt":{"rendered":"<p>Achetez la Sour Cookies Marijuana Strain en Ligne en Europe sur Pressure Zone Shop D\u00e9couvrez la Sour Cookies Marijuana Strain, une vari\u00e9t\u00e9 hybride \u00e0 dominance sativa issue du croisement entre les c\u00e9l\u00e8bres Girl Scout Cookies et Sour Diesel. Sour Cookies combine les meilleurs effets des deux souches pour cr\u00e9er une exp\u00e9rience c\u00e9r\u00e9brale et \u00e9nergisante avec [&hellip;]<\/p>","protected":false},"featured_media":3078,"comment_status":"closed","ping_status":"closed","template":"","meta":{"_uag_custom_page_level_css":"","site-sidebar-layout":"default","site-content-layout":"","ast-site-content-layout":"default","site-content-style":"default","site-sidebar-style":"default","ast-global-header-display":"","ast-banner-title-visibility":"","ast-main-header-display":"","ast-hfb-above-header-display":"","ast-hfb-below-header-display":"","ast-hfb-mobile-header-display":"","site-post-title":"","ast-breadcrumbs-content":"","ast-featured-img":"","footer-sml-layout":"","theme-transparent-header-meta":"default","adv-header-id-meta":"","stick-header-meta":"","header-above-stick-meta":"","header-main-stick-meta":"","header-below-stick-meta":"","astra-migrate-meta-layouts":"set","ast-page-background-enabled":"default","ast-page-background-meta":{"desktop":{"background-color":"","background-image":"","background-repeat":"repeat","background-position":"center center","background-size":"auto","background-attachment":"scroll","background-type":"","background-media":"","overlay-type":"","overlay-color":"","overlay-opacity":"","overlay-gradient":""},"tablet":{"background-color":"","background-image":"","background-repeat":"repeat","background-position":"center center","background-size":"auto","background-attachment":"scroll","background-type":"","background-media":"","overlay-type":"","overlay-color":"","overlay-opacity":"","overlay-gradient":""},"mobile":{"background-color":"","background-image":"","background-repeat":"repeat","background-position":"center center","background-size":"auto","background-attachment":"scroll","background-type":"","background-media":"","overlay-type":"","overlay-color":"","overlay-opacity":"","overlay-gradient":""}},"ast-content-background-meta":{"desktop":{"background-color":"var(--ast-global-color-5)","background-image":"","background-repeat":"repeat","background-position":"center center","background-size":"auto","background-attachment":"scroll","background-type":"","background-media":"","overlay-type":"","overlay-color":"","overlay-opacity":"","overlay-gradient":""},"tablet":{"background-color":"var(--ast-global-color-5)","background-image":"","background-repeat":"repeat","background-position":"center center","background-size":"auto","background-attachment":"scroll","background-type":"","background-media":"","overlay-type":"","overlay-color":"","overlay-opacity":"","overlay-gradient":""},"mobile":{"background-color":"var(--ast-global-color-5)","background-image":"","background-repeat":"repeat","background-position":"center center","background-size":"auto","background-attachment":"scroll","background-type":"","background-media":"","overlay-type":"","overlay-color":"","overlay-opacity":"","overlay-gradient":""}}},"product_brand":[],"product_cat":[28,273],"product_tag":[293],"class_list":{"0":"post-3013","1":"product","2":"type-product","3":"status-publish","4":"has-post-thumbnail","6":"product_cat-varietes-de-cannabis","7":"product_cat-varietes-de-cannabis-sativa","8":"product_tag-buy-sour-cookies-marijuana-strain-online-europe","9":"desktop-align-left","10":"tablet-align-left","11":"mobile-align-left","13":"first","14":"instock","15":"shipping-taxable","16":"purchasable","17":"product-type-variable"},"uagb_featured_image_src":{"full":["https:\/\/pressurezone.shop\/wp-content\/uploads\/2024\/10\/Sour-Cookies-Marijuana-Strain.webp",570,464,false],"thumbnail":["https:\/\/pressurezone.shop\/wp-content\/uploads\/2024\/10\/Sour-Cookies-Marijuana-Strain-150x150.webp",150,150,true],"medium":["https:\/\/pressurezone.shop\/wp-content\/uploads\/2024\/10\/Sour-Cookies-Marijuana-Strain-300x244.webp",300,244,true],"medium_large":["https:\/\/pressurezone.shop\/wp-content\/uploads\/2024\/10\/Sour-Cookies-Marijuana-Strain.webp",570,464,false],"large":["https:\/\/pressurezone.shop\/wp-content\/uploads\/2024\/10\/Sour-Cookies-Marijuana-Strain.webp",570,464,false],"1536x1536":["https:\/\/pressurezone.shop\/wp-content\/uploads\/2024\/10\/Sour-Cookies-Marijuana-Strain.webp",570,464,false],"2048x2048":["https:\/\/pressurezone.shop\/wp-content\/uploads\/2024\/10\/Sour-Cookies-Marijuana-Strain.webp",570,464,false],"trp-custom-language-flag":["https:\/\/pressurezone.shop\/wp-content\/uploads\/2024\/10\/Sour-Cookies-Marijuana-Strain-15x12.webp",15,12,true],"woocommerce_thumbnail":["https:\/\/pressurezone.shop\/wp-content\/uploads\/2024\/10\/Sour-Cookies-Marijuana-Strain-300x300.webp",300,300,true],"woocommerce_single":["https:\/\/pressurezone.shop\/wp-content\/uploads\/2024\/10\/Sour-Cookies-Marijuana-Strain.webp",570,464,false],"woocommerce_gallery_thumbnail":["https:\/\/pressurezone.shop\/wp-content\/uploads\/2024\/10\/Sour-Cookies-Marijuana-Strain-100x100.webp",100,100,true]},"uagb_author_info":{"display_name":"pressurezone.shop","author_link":"https:\/\/pressurezone.shop\/pl\/author\/"},"uagb_comment_info":0,"uagb_excerpt":"Achetez la Sour Cookies Marijuana Strain en Ligne en Europe sur Pressure Zone Shop D\u00e9couvrez la Sour Cookies Marijuana Strain, une vari\u00e9t\u00e9 hybride \u00e0 dominance sativa issue du croisement entre les c\u00e9l\u00e8bres Girl Scout Cookies et Sour Diesel. Sour Cookies combine les meilleurs effets des deux souches pour cr\u00e9er une exp\u00e9rience c\u00e9r\u00e9brale et \u00e9nergisante avec&hellip;","_links":{"self":[{"href":"https:\/\/pressurezone.shop\/pl\/wp-json\/wp\/v2\/product\/3013"}],"collection":[{"href":"https:\/\/pressurezone.shop\/pl\/wp-json\/wp\/v2\/product"}],"about":[{"href":"https:\/\/pressurezone.shop\/pl\/wp-json\/wp\/v2\/types\/product"}],"replies":[{"embeddable":true,"href":"https:\/\/pressurezone.shop\/pl\/wp-json\/wp\/v2\/comments?post=3013"}],"version-history":[{"count":3,"href":"https:\/\/pressurezone.shop\/pl\/wp-json\/wp\/v2\/product\/3013\/revisions"}],"predecessor-version":[{"id":4030,"href":"https:\/\/pressurezone.shop\/pl\/wp-json\/wp\/v2\/product\/3013\/revisions\/4030"}],"wp:featuredmedia":[{"embeddable":true,"href":"https:\/\/pressurezone.shop\/pl\/wp-json\/wp\/v2\/media\/3078"}],"wp:attachment":[{"href":"https:\/\/pressurezone.shop\/pl\/wp-json\/wp\/v2\/media?parent=3013"}],"wp:term":[{"taxonomy":"product_brand","embeddable":true,"href":"https:\/\/pressurezone.shop\/pl\/wp-json\/wp\/v2\/product_brand?post=3013"},{"taxonomy":"product_cat","embeddable":true,"href":"https:\/\/pressurezone.shop\/pl\/wp-json\/wp\/v2\/product_cat?post=3013"},{"taxonomy":"product_tag","embeddable":true,"href":"https:\/\/pressurezone.shop\/pl\/wp-json\/wp\/v2\/product_tag?post=3013"}],"curies":[{"name":"wp","href":"https:\/\/api.w.org\/{rel}","templated":true}]}}