{"id":3015,"date":"2024-10-11T00:48:47","date_gmt":"2024-10-10T22:48:47","guid":{"rendered":"https:\/\/pressurezone.shop\/?post_type=product&#038;p=3015"},"modified":"2024-11-03T01:17:54","modified_gmt":"2024-11-03T00:17:54","slug":"green-crack-marijuana-strain","status":"publish","type":"product","link":"https:\/\/pressurezone.shop\/pl\/produkt\/odmiana-marihuany-green-crack\/","title":{"rendered":"Odmiana marihuany Green Crack"},"content":{"rendered":"<h3><strong>Kup marihuan\u0119 Green Crack online pod adresem <a href=\"https:\/\/pressurezone.shop\/pl\/\" target=\"_new\" rel=\"noopener\">Sklep ze strefami ci\u015bnieniowymi<\/a><\/strong><\/h3>\n<p>&nbsp;<\/p>\n<p>La <strong>Odmiana marihuany Green Crack<\/strong>Green Crack, znany r\u00f3wnie\u017c jako \"G.C.\", to odmiana z dominacj\u0105 Sativy, wyhodowana ze s\u0142ynnego Skunk #1. Znany ze swoich energetyzuj\u0105cych efekt\u00f3w i s\u0142odkiego cytrusowego smaku, Green Crack jest popularnym wyborem w\u015br\u00f3d entuzjast\u00f3w konopi poszukuj\u0105cych szybkiego i trwa\u0142ego haju psychicznego. Ciekawostka: sam Snoop Dogg nada\u0142 jej nazw\u0119 <strong>Green Crack<\/strong> ze wzgl\u0119du na swoje intensywnie stymuluj\u0105ce dzia\u0142anie!<\/p>\n<h3>Dlaczego warto wybra\u0107 odmian\u0119 marihuany Green Crack?<\/h3>\n<p>La <strong>Odmiana Green Crack<\/strong> to doskona\u0142y wyb\u00f3r dla tych, kt\u00f3rzy chc\u0105 pozosta\u0107 produktywni i zainspirowani. Dzi\u0119ki stosunkowi sativa\/indica wynosz\u0105cemu <strong>65:35<\/strong> oraz <strong>THC do 24%<\/strong>Odmiana ta oferuje pot\u0119\u017cny, natychmiastowy haj m\u00f3zgowy. Idealna na te dni, kiedy potrzebujesz zastrzyku energii, pobudza kreatywno\u015b\u0107 i koncentracj\u0119 bez efektu fizycznego zm\u0119czenia.<a href=\"https:\/\/fuelpackz.com\/\" target=\"_blank\" rel=\"noopener\">.<\/a><\/p>\n<ul>\n<li><strong>Typ<\/strong> Z dominacj\u0105 Sativy (65% Sativa \/ 35% Indica)<\/li>\n<li><strong>THC<\/strong> Do 24%<\/li>\n<\/ul>\n<h3>Efekty i korzy\u015bci Green Crack Weed Strain<\/h3>\n<p>La <strong>Odmiana Green Crack Weed<\/strong> s\u0142ynie z dzia\u0142ania energetyzuj\u0105cego, poprawiaj\u0105cego nastr\u00f3j i pobudzaj\u0105cego umys\u0142. Jest idealna dla os\u00f3b cierpi\u0105cych na niepok\u00f3j, chroniczne zm\u0119czenie lub problemy z koncentracj\u0105, zapewniaj\u0105c im zwi\u0119kszon\u0105 koncentracj\u0119 i odnowion\u0105 motywacj\u0119.<\/p>\n<ul>\n<li><strong>Efekty<\/strong> M\u00f3zgowy, Kreatywny, Energetyzuj\u0105cy, Skoncentrowany, Szcz\u0119\u015bliwy<\/li>\n<li><strong>Zalecane dla<\/strong> L\u0119k, depresja, przewlek\u0142y b\u00f3l, zm\u0119czenie, utrata apetytu, PTSD, migreny<\/li>\n<\/ul>\n<p>Warunki, kt\u00f3re mo\u017cna z\u0142agodzi\u0107 za pomoc\u0105 <strong>Green Crack<\/strong> :<\/p>\n<ul>\n<li><strong>L\u0119k i depresja<\/strong> Promuje pozytywny stan umys\u0142u i zmniejsza stres.<\/li>\n<li><strong>Zm\u0119czenie i brak apetytu<\/strong> Pobudza energi\u0119 fizyczn\u0105 i psychiczn\u0105 oraz zwi\u0119ksza apetyt.<\/li>\n<li><strong>Migrena i przewlek\u0142y b\u00f3l<\/strong> \u0141agodzi b\u00f3le g\u0142owy i zapewnia relaks bez nadmiernego uspokojenia.<\/li>\n<\/ul>\n<h3>Smaki i aromaty Green Crack Weed Strain<\/h3>\n<p>Ci, kt\u00f3rzy lubi\u0105 <strong>Odmiana marihuany Green Crack<\/strong> s\u0105 uwodzeni s\u0142odkimi aromatami cytrus\u00f3w i owoc\u00f3w tropikalnych, kt\u00f3rym towarzysz\u0105 nuty sosny. Jego orze\u017awiaj\u0105cy, s\u0142oneczny profil smakowy jest r\u00f3wnie przyjemny, jak jego dzia\u0142anie.<\/p>\n<ul>\n<li><strong>Smaki<\/strong> cytrusowy, owocowy, sosnowy, s\u0142odki<\/li>\n<li><strong>Zapachy<\/strong> Tropikalny, ziemisty, cytrusowy<\/li>\n<\/ul>\n<h3>Wygl\u0105d odmiany Green Crack Weed<\/h3>\n<p>Wizualnie <strong>Green Crack<\/strong> wyr\u00f3\u017cnia si\u0119 g\u0119stymi, pokrytymi \u017cywic\u0105 p\u0105kami o jasnozielonych odcieniach z subtelnymi pomara\u0144czowymi refleksami. Jest r\u00f3wnie atrakcyjna ze wzgl\u0119du na sw\u00f3j krystaliczny wygl\u0105d, jak i silne dzia\u0142anie.<\/p>\n<h3>Zam\u00f3w marihuan\u0119 Green Crack online w sklepie Pressure Zone Shop<\/h3>\n<p>Poznaj <strong>Odmiana marihuany Green Crack<\/strong> dla stymuluj\u0105cego, dynamicznego haju, kt\u00f3ry promuje produktywno\u015b\u0107. Idealny na ca\u0142y dzie\u0144, zapewnia mentalny zastrzyk energii i inspiracji. Zam\u00f3w teraz na <a href=\"https:\/\/pressurezone.shop\/pl\/\" target=\"_new\" rel=\"noopener\">Sklep ze strefami ci\u015bnieniowymi<\/a> i odkryj zalety tej s\u0142ynnej odmiany. Niezale\u017cnie od tego, czy chcesz zwalczy\u0107 zm\u0119czenie, czy po prostu zwi\u0119kszy\u0107 swoj\u0105 kreatywno\u015b\u0107, <strong>Green Crack<\/strong> to pierwszorz\u0119dny wyb\u00f3r.<\/p>","protected":false},"excerpt":{"rendered":"<p>Achetez la Green Crack Marijuana Strain en Ligne sur Pressure Zone Shop &nbsp; La Green Crack Marijuana Strain, \u00e9galement appel\u00e9e \u00ab\u2009G.C.\u2009\u00bb, est une vari\u00e9t\u00e9 \u00e0 dominance sativa, n\u00e9e de l\u2019inbreeding du c\u00e9l\u00e8bre Skunk #1. Reconnue pour ses effets \u00e9nergisants et son go\u00fbt sucr\u00e9 d&rsquo;agrumes, la Green Crack est un choix populaire parmi les amateurs de [&hellip;]<\/p>","protected":false},"featured_media":3082,"comment_status":"closed","ping_status":"closed","template":"","meta":{"_uag_custom_page_level_css":"","site-sidebar-layout":"default","site-content-layout":"","ast-site-content-layout":"default","site-content-style":"default","site-sidebar-style":"default","ast-global-header-display":"","ast-banner-title-visibility":"","ast-main-header-display":"","ast-hfb-above-header-display":"","ast-hfb-below-header-display":"","ast-hfb-mobile-header-display":"","site-post-title":"","ast-breadcrumbs-content":"","ast-featured-img":"","footer-sml-layout":"","theme-transparent-header-meta":"default","adv-header-id-meta":"","stick-header-meta":"","header-above-stick-meta":"","header-main-stick-meta":"","header-below-stick-meta":"","astra-migrate-meta-layouts":"set","ast-page-background-enabled":"default","ast-page-background-meta":{"desktop":{"background-color":"","background-image":"","background-repeat":"repeat","background-position":"center center","background-size":"auto","background-attachment":"scroll","background-type":"","background-media":"","overlay-type":"","overlay-color":"","overlay-opacity":"","overlay-gradient":""},"tablet":{"background-color":"","background-image":"","background-repeat":"repeat","background-position":"center center","background-size":"auto","background-attachment":"scroll","background-type":"","background-media":"","overlay-type":"","overlay-color":"","overlay-opacity":"","overlay-gradient":""},"mobile":{"background-color":"","background-image":"","background-repeat":"repeat","background-position":"center center","background-size":"auto","background-attachment":"scroll","background-type":"","background-media":"","overlay-type":"","overlay-color":"","overlay-opacity":"","overlay-gradient":""}},"ast-content-background-meta":{"desktop":{"background-color":"var(--ast-global-color-5)","background-image":"","background-repeat":"repeat","background-position":"center center","background-size":"auto","background-attachment":"scroll","background-type":"","background-media":"","overlay-type":"","overlay-color":"","overlay-opacity":"","overlay-gradient":""},"tablet":{"background-color":"var(--ast-global-color-5)","background-image":"","background-repeat":"repeat","background-position":"center center","background-size":"auto","background-attachment":"scroll","background-type":"","background-media":"","overlay-type":"","overlay-color":"","overlay-opacity":"","overlay-gradient":""},"mobile":{"background-color":"var(--ast-global-color-5)","background-image":"","background-repeat":"repeat","background-position":"center center","background-size":"auto","background-attachment":"scroll","background-type":"","background-media":"","overlay-type":"","overlay-color":"","overlay-opacity":"","overlay-gradient":""}}},"product_brand":[],"product_cat":[28,273],"product_tag":[295,498],"class_list":{"0":"post-3015","1":"product","2":"type-product","3":"status-publish","4":"has-post-thumbnail","6":"product_cat-varietes-de-cannabis","7":"product_cat-varietes-de-cannabis-sativa","8":"product_tag-buy-green-crack-marijuana-strain-online-europe","9":"product_tag-green-crack-marijuana-strain","10":"desktop-align-left","11":"tablet-align-left","12":"mobile-align-left","14":"first","15":"instock","16":"shipping-taxable","17":"purchasable","18":"product-type-variable"},"uagb_featured_image_src":{"full":["https:\/\/pressurezone.shop\/wp-content\/uploads\/2024\/10\/Green-Crack-Marijuana-Strain1.jpg",960,960,false],"thumbnail":["https:\/\/pressurezone.shop\/wp-content\/uploads\/2024\/10\/Green-Crack-Marijuana-Strain1-150x150.jpg",150,150,true],"medium":["https:\/\/pressurezone.shop\/wp-content\/uploads\/2024\/10\/Green-Crack-Marijuana-Strain1-300x300.jpg",300,300,true],"medium_large":["https:\/\/pressurezone.shop\/wp-content\/uploads\/2024\/10\/Green-Crack-Marijuana-Strain1-768x768.jpg",768,768,true],"large":["https:\/\/pressurezone.shop\/wp-content\/uploads\/2024\/10\/Green-Crack-Marijuana-Strain1.jpg",960,960,false],"1536x1536":["https:\/\/pressurezone.shop\/wp-content\/uploads\/2024\/10\/Green-Crack-Marijuana-Strain1.jpg",960,960,false],"2048x2048":["https:\/\/pressurezone.shop\/wp-content\/uploads\/2024\/10\/Green-Crack-Marijuana-Strain1.jpg",960,960,false],"trp-custom-language-flag":["https:\/\/pressurezone.shop\/wp-content\/uploads\/2024\/10\/Green-Crack-Marijuana-Strain1-12x12.jpg",12,12,true],"woocommerce_thumbnail":["https:\/\/pressurezone.shop\/wp-content\/uploads\/2024\/10\/Green-Crack-Marijuana-Strain1-300x300.jpg",300,300,true],"woocommerce_single":["https:\/\/pressurezone.shop\/wp-content\/uploads\/2024\/10\/Green-Crack-Marijuana-Strain1-600x600.jpg",600,600,true],"woocommerce_gallery_thumbnail":["https:\/\/pressurezone.shop\/wp-content\/uploads\/2024\/10\/Green-Crack-Marijuana-Strain1-100x100.jpg",100,100,true]},"uagb_author_info":{"display_name":"pressurezone.shop","author_link":"https:\/\/pressurezone.shop\/pl\/author\/"},"uagb_comment_info":0,"uagb_excerpt":"Achetez la Green Crack Marijuana Strain en Ligne sur Pressure Zone Shop &nbsp; La Green Crack Marijuana Strain, \u00e9galement appel\u00e9e \u00ab\u2009G.C.\u2009\u00bb, est une vari\u00e9t\u00e9 \u00e0 dominance sativa, n\u00e9e de l\u2019inbreeding du c\u00e9l\u00e8bre Skunk #1. Reconnue pour ses effets \u00e9nergisants et son go\u00fbt sucr\u00e9 d&rsquo;agrumes, la Green Crack est un choix populaire parmi les amateurs de&hellip;","_links":{"self":[{"href":"https:\/\/pressurezone.shop\/pl\/wp-json\/wp\/v2\/product\/3015"}],"collection":[{"href":"https:\/\/pressurezone.shop\/pl\/wp-json\/wp\/v2\/product"}],"about":[{"href":"https:\/\/pressurezone.shop\/pl\/wp-json\/wp\/v2\/types\/product"}],"replies":[{"embeddable":true,"href":"https:\/\/pressurezone.shop\/pl\/wp-json\/wp\/v2\/comments?post=3015"}],"version-history":[{"count":3,"href":"https:\/\/pressurezone.shop\/pl\/wp-json\/wp\/v2\/product\/3015\/revisions"}],"predecessor-version":[{"id":3847,"href":"https:\/\/pressurezone.shop\/pl\/wp-json\/wp\/v2\/product\/3015\/revisions\/3847"}],"wp:featuredmedia":[{"embeddable":true,"href":"https:\/\/pressurezone.shop\/pl\/wp-json\/wp\/v2\/media\/3082"}],"wp:attachment":[{"href":"https:\/\/pressurezone.shop\/pl\/wp-json\/wp\/v2\/media?parent=3015"}],"wp:term":[{"taxonomy":"product_brand","embeddable":true,"href":"https:\/\/pressurezone.shop\/pl\/wp-json\/wp\/v2\/product_brand?post=3015"},{"taxonomy":"product_cat","embeddable":true,"href":"https:\/\/pressurezone.shop\/pl\/wp-json\/wp\/v2\/product_cat?post=3015"},{"taxonomy":"product_tag","embeddable":true,"href":"https:\/\/pressurezone.shop\/pl\/wp-json\/wp\/v2\/product_tag?post=3015"}],"curies":[{"name":"wp","href":"https:\/\/api.w.org\/{rel}","templated":true}]}}