{"id":3016,"date":"2024-10-11T00:48:47","date_gmt":"2024-10-10T22:48:47","guid":{"rendered":"https:\/\/pressurezone.shop\/?post_type=product&#038;p=3016"},"modified":"2024-11-02T22:08:51","modified_gmt":"2024-11-02T21:08:51","slug":"ewok-strain-small-buds","status":"publish","type":"product","link":"https:\/\/pressurezone.shop\/pl\/produkt\/szczep-ewok-male-paki\/","title":{"rendered":"Odmiana Ewok Small Buds - hybryda"},"content":{"rendered":"<div class=\"flex-shrink-0 flex flex-col relative items-end\">\n<div>\n<div class=\"pt-0\">\n<div class=\"gizmo-bot-avatar flex h-8 w-8 items-center justify-center overflow-hidden rounded-full\">\n<div class=\"relative p-1 rounded-sm flex items-center justify-center bg-token-main-surface-primary text-token-text-primary h-8 w-8\"><\/div>\n<\/div>\n<\/div>\n<\/div>\n<\/div>\n<div class=\"group\/conversation-turn relative flex w-full min-w-0 flex-col agent-turn\">\n<div class=\"flex-col gap-1 md:gap-3\">\n<div class=\"flex max-w-full flex-col flex-grow\">\n<div class=\"min-h-8 text-message flex w-full flex-col items-end gap-2 whitespace-normal break-words [.text-message+&amp;]:mt-5\" dir=\"auto\" data-message-author-role=\"assistant\" data-message-id=\"31af42ca-c24e-41d6-9fe5-c859d28070bf\" data-message-model-slug=\"gpt-4o\">\n<div class=\"flex w-full flex-col gap-1 empty:hidden first:pt-[3px]\">\n<div class=\"markdown prose w-full break-words dark:prose-invert light\">\n<h3><strong>Kup Ewok Strain Small Buds - Hybrid online w Europie na <a href=\"https:\/\/pressurezone.shop\/pl\/\" target=\"_new\" rel=\"noopener\">Strefa ci\u015bnienia<\/a><\/strong><\/h3>\n<p>Odkryj <strong>Odmiana Ewok Small Buds - hybryda<\/strong>a <strong>odmiana konopi<\/strong> Unikalna hybryda, kt\u00f3ra \u0142\u0105czy w sobie smaki Kush, cytrus\u00f3w, orzech\u00f3w i mi\u0119ty, zapewniaj\u0105c bogate, z\u0142o\u017cone doznania. Charakteryzuj\u0105cy si\u0119 ma\u0142ymi g\u0142\u00f3wkami pokrytymi czerwonymi w\u0142oskami i aromatem Kush zmieszanym z mandarynk\u0105, Ewok oferuje energetyzuj\u0105cy i relaksuj\u0105cy haj, idealny do stymulowania kreatywno\u015bci i dobrego samopoczucia. Ta pot\u0119\u017cna mieszanka wywo\u0142uje intensywne efekty m\u00f3zgowe, kt\u00f3re pobudzaj\u0105 zmys\u0142y, jednocze\u015bnie koj\u0105c cia\u0142o.<a href=\"https:\/\/fuelpackz.com\/\" target=\"_blank\" rel=\"noopener\">.<\/a><\/p>\n<h3>Efekty i korzy\u015bci p\u0142yn\u0105ce ze stosowania Ewok Strain Small Buds - Hybrid<\/h3>\n<p>La <strong>Odmiana Ewok Szczep Ma\u0142e P\u0105ki - Hybryda<\/strong> s\u0142ynie ze zr\u00f3wnowa\u017conego dzia\u0142ania, zapewniaj\u0105c zar\u00f3wno energetyzuj\u0105cy, jak i koj\u0105cy haj:<\/p>\n<ul>\n<li><strong>Kreatywno\u015b\u0107 i koncentracja<\/strong> Stymuluje umys\u0142, idealny do kreatywnych dzia\u0142a\u0144 i koncentracji.<\/li>\n<li><strong>Euforia i relaks<\/strong> Przynosi uczucie szcz\u0119\u015bcia, jednocze\u015bnie odpr\u0119\u017caj\u0105c cia\u0142o, idealny do pe\u0142nego relaksu.<\/li>\n<li><strong>Energia i ukojenie<\/strong> Unikalna r\u00f3wnowaga, kt\u00f3ra promuje delikatn\u0105 energi\u0119 i wewn\u0119trzny spok\u00f3j.<\/li>\n<\/ul>\n<p>Dzi\u0119ki silnym efektom m\u00f3zgowym Ewok jest idealn\u0105 opcj\u0105 na chwile kreatywno\u015bci lub relaksu.<\/p>\n<h3>Korzy\u015bci terapeutyczne z Ewok Strain Small Buds - Hybrid<\/h3>\n<p>Ze wzgl\u0119du na zr\u00f3wnowa\u017cone efekty, <strong>Ewok<\/strong> jest cz\u0119sto wybierany w celu z\u0142agodzenia r\u00f3\u017cnych objaw\u00f3w i stan\u00f3w:<\/p>\n<ul>\n<li><strong>\u0141agodzenie b\u00f3lu i stan\u00f3w zapalnych<\/strong> \u0141agodzi przewlek\u0142y b\u00f3l i skurcze mi\u0119\u015bni oraz zmniejsza stan zapalny.<\/li>\n<li><strong>Poprawa nastroju i redukcja stresu<\/strong> Skuteczny w walce z depresj\u0105, stresem i zm\u0119czeniem.<\/li>\n<li><strong>Leczenie bezsenno\u015bci i utraty apetytu<\/strong> Wspomaga spokojny sen i pobudza apetyt, idealny dla u\u017cytkownik\u00f3w z zaburzeniami snu lub brakiem apetytu.<\/li>\n<\/ul>\n<p>To <strong>odmiana konopi<\/strong> jest idealny dla u\u017cytkownik\u00f3w poszukuj\u0105cych energetyzuj\u0105cego i relaksuj\u0105cego efektu bez silnego uspokojenia, idealny do stosowania wieczorem lub po d\u0142ugim dniu.<\/p>\n<h3>Smaki i aromaty Ewok<\/h3>\n<p>Ewok zachwyca r\u00f3wnie\u017c bogatym, intensywnym smakiem i aromatem:<\/p>\n<ul>\n<li><strong>Smaki<\/strong> Wyra\u017any cytrusowy smak cytryny i owoc\u00f3w, wzmocniony nutami sosny, kt\u00f3re dodaj\u0105 \u015bwie\u017co\u015bci.<\/li>\n<li><strong>Zapachy<\/strong> Ziemisty, owocowy zapach z pikantn\u0105 nut\u0105 cytryny, kt\u00f3ra dope\u0142nia doznania.<\/li>\n<\/ul>\n<p>Te <strong>naturalne smaki i aromaty<\/strong> sprawia, \u017ce ka\u017cde zaci\u0105gni\u0119cie si\u0119 Ewokiem jest przyjemnym doznaniem sensorycznym, idealnym dla fan\u00f3w cytrus\u00f3w i smak\u00f3w Kush.<\/p>\n<h3>Dlaczego warto kupi\u0107 Ewok Strain Small Buds - Hybrid na <a href=\"https:\/\/pressurezone.shop\/pl\/\" target=\"_new\" rel=\"noopener\">Strefa ci\u015bnienia<\/a>?<\/h3>\n<p>Przy <strong>Strefa ci\u015bnienia<\/strong>oferujemy <strong>odmiany konopi<\/strong> Premium, starannie wyselekcjonowane i przetestowane, aby zapewni\u0107 nienagann\u0105 jako\u015b\u0107. <strong>Odmiana Ewok Small Buds - hybryda<\/strong> to jedna z naszych ulubionych odmian ze wzgl\u0119du na zr\u00f3wnowa\u017cone dzia\u0142anie i intensywny smak. Oto dlaczego warto wybra\u0107 Pressure Zone:<\/p>\n<ul>\n<li><strong>Najwy\u017csza jako\u015b\u0107<\/strong> Nasze produkty s\u0105 rygorystycznie testowane, aby zagwarantowa\u0107 czysto\u015b\u0107 i moc.<\/li>\n<li><strong>Efekt energetyzuj\u0105cy i relaksuj\u0105cy<\/strong> Idealny do radzenia sobie ze stresem i b\u00f3lem przy zachowaniu aktywno\u015bci.<\/li>\n<li><strong>Dedykowana obs\u0142uga klienta<\/strong> Jeste\u015bmy dost\u0119pni, aby pom\u00f3c Ci znale\u017a\u0107 odpowiedni <strong>odmiana konopi<\/strong> kt\u00f3ry spe\u0142nia Twoje potrzeby.<\/li>\n<\/ul>\n<h3>Cz\u0119sto zadawane pytania<\/h3>\n<h4>Jakie s\u0105 g\u0142\u00f3wne efekty dzia\u0142ania Ewok Strain Small Buds - Hybrid?<\/h4>\n<p>Ewok oferuje idealn\u0105 r\u00f3wnowag\u0119 mi\u0119dzy energi\u0105 a relaksem, stymuluj\u0105c kreatywno\u015b\u0107 i uspokajaj\u0105c umys\u0142. Idealnie nadaje si\u0119 do chwil relaksu lub kreatywnych dzia\u0142a\u0144.<\/p>\n<h4>Czy Ewok jest skuteczny w \u0142agodzeniu b\u00f3lu i bezsenno\u015bci?<\/h4>\n<p>Tak, to <strong>odmiana konopi<\/strong> jest skuteczny w \u0142agodzeniu przewlek\u0142ego b\u00f3lu, zmniejszaniu stanu zapalnego i promowaniu g\u0142\u0119bokiego, spokojnego snu.<\/p>\n<h4>Jakie smaki i aromaty dominuj\u0105 w Ewok?<\/h4>\n<p>Ewok oferuje cytrusowe i cytrynowe smaki z ziemistymi, ostrymi nutami, idealne dla mi\u0142o\u015bnik\u00f3w \u015bwie\u017cych, naturalnych smak\u00f3w.<\/p>\n<h3>Zam\u00f3w Ewok Strain Small Buds - Hybrid online w Europie na <a href=\"https:\/\/pressurezone.shop\/pl\/\" target=\"_new\" rel=\"noopener\">Strefa ci\u015bnienia<\/a><\/h3>\n<p>Gotowy, aby odkry\u0107 wyj\u0105tkow\u0105 r\u00f3wnowag\u0119 mi\u0119dzy energi\u0105 i relaksem <strong>Odmiana Ewok Small Buds - hybryda<\/strong>? <strong>Zam\u00f3w teraz<\/strong> na <a href=\"https:\/\/pressurezone.shop\/pl\/\" target=\"_new\" rel=\"noopener\">Strefa ci\u015bnienia<\/a> dla do\u015bwiadczenia <strong>odmiana konopi<\/strong> idealny do radzenia sobie ze stresem, b\u00f3lem i zaburzeniami nastroju. Dzi\u0119ki szybkiej i dyskretnej dostawie, Pressure Zone gwarantuje beztroskie zakupy.<\/p>\n<\/div>\n<\/div>\n<\/div>\n<\/div>\n<\/div>\n<\/div>","protected":false},"excerpt":{"rendered":"<div class=\"product-short-description\">\n<p>Hybryda -\u00a0<span class=\"strain-percentages\">50% Sativa \/ 50% Indica<\/span><\/p>\n<\/div>","protected":false},"featured_media":3084,"comment_status":"closed","ping_status":"closed","template":"","meta":{"_uag_custom_page_level_css":"","site-sidebar-layout":"default","site-content-layout":"","ast-site-content-layout":"default","site-content-style":"default","site-sidebar-style":"default","ast-global-header-display":"","ast-banner-title-visibility":"","ast-main-header-display":"","ast-hfb-above-header-display":"","ast-hfb-below-header-display":"","ast-hfb-mobile-header-display":"","site-post-title":"","ast-breadcrumbs-content":"","ast-featured-img":"","footer-sml-layout":"","theme-transparent-header-meta":"default","adv-header-id-meta":"","stick-header-meta":"","header-above-stick-meta":"","header-main-stick-meta":"","header-below-stick-meta":"","astra-migrate-meta-layouts":"set","ast-page-background-enabled":"default","ast-page-background-meta":{"desktop":{"background-color":"","background-image":"","background-repeat":"repeat","background-position":"center center","background-size":"auto","background-attachment":"scroll","background-type":"","background-media":"","overlay-type":"","overlay-color":"","overlay-opacity":"","overlay-gradient":""},"tablet":{"background-color":"","background-image":"","background-repeat":"repeat","background-position":"center center","background-size":"auto","background-attachment":"scroll","background-type":"","background-media":"","overlay-type":"","overlay-color":"","overlay-opacity":"","overlay-gradient":""},"mobile":{"background-color":"","background-image":"","background-repeat":"repeat","background-position":"center center","background-size":"auto","background-attachment":"scroll","background-type":"","background-media":"","overlay-type":"","overlay-color":"","overlay-opacity":"","overlay-gradient":""}},"ast-content-background-meta":{"desktop":{"background-color":"var(--ast-global-color-5)","background-image":"","background-repeat":"repeat","background-position":"center center","background-size":"auto","background-attachment":"scroll","background-type":"","background-media":"","overlay-type":"","overlay-color":"","overlay-opacity":"","overlay-gradient":""},"tablet":{"background-color":"var(--ast-global-color-5)","background-image":"","background-repeat":"repeat","background-position":"center center","background-size":"auto","background-attachment":"scroll","background-type":"","background-media":"","overlay-type":"","overlay-color":"","overlay-opacity":"","overlay-gradient":""},"mobile":{"background-color":"var(--ast-global-color-5)","background-image":"","background-repeat":"repeat","background-position":"center center","background-size":"auto","background-attachment":"scroll","background-type":"","background-media":"","overlay-type":"","overlay-color":"","overlay-opacity":"","overlay-gradient":""}}},"product_brand":[],"product_cat":[28,277],"product_tag":[296],"class_list":{"0":"post-3016","1":"product","2":"type-product","3":"status-publish","4":"has-post-thumbnail","6":"product_cat-varietes-de-cannabis","7":"product_cat-varietes-de-cannabis-hybrides","8":"product_tag-order-ewok-strain-small-buds-hybrid-europe","9":"desktop-align-left","10":"tablet-align-left","11":"mobile-align-left","13":"first","14":"instock","15":"shipping-taxable","16":"purchasable","17":"product-type-variable"},"uagb_featured_image_src":{"full":["https:\/\/pressurezone.shop\/wp-content\/uploads\/2024\/10\/Ewok-Strain-Small-Buds-\u2013-Hybrid.webp",2048,1365,false],"thumbnail":["https:\/\/pressurezone.shop\/wp-content\/uploads\/2024\/10\/Ewok-Strain-Small-Buds-\u2013-Hybrid-150x150.webp",150,150,true],"medium":["https:\/\/pressurezone.shop\/wp-content\/uploads\/2024\/10\/Ewok-Strain-Small-Buds-\u2013-Hybrid-300x200.webp",300,200,true],"medium_large":["https:\/\/pressurezone.shop\/wp-content\/uploads\/2024\/10\/Ewok-Strain-Small-Buds-\u2013-Hybrid-768x512.webp",768,512,true],"large":["https:\/\/pressurezone.shop\/wp-content\/uploads\/2024\/10\/Ewok-Strain-Small-Buds-\u2013-Hybrid-1024x683.webp",1024,683,true],"1536x1536":["https:\/\/pressurezone.shop\/wp-content\/uploads\/2024\/10\/Ewok-Strain-Small-Buds-\u2013-Hybrid-1536x1024.webp",1536,1024,true],"2048x2048":["https:\/\/pressurezone.shop\/wp-content\/uploads\/2024\/10\/Ewok-Strain-Small-Buds-\u2013-Hybrid.webp",2048,1365,false],"trp-custom-language-flag":["https:\/\/pressurezone.shop\/wp-content\/uploads\/2024\/10\/Ewok-Strain-Small-Buds-\u2013-Hybrid-18x12.webp",18,12,true],"woocommerce_thumbnail":["https:\/\/pressurezone.shop\/wp-content\/uploads\/2024\/10\/Ewok-Strain-Small-Buds-\u2013-Hybrid-300x300.webp",300,300,true],"woocommerce_single":["https:\/\/pressurezone.shop\/wp-content\/uploads\/2024\/10\/Ewok-Strain-Small-Buds-\u2013-Hybrid-600x400.webp",600,400,true],"woocommerce_gallery_thumbnail":["https:\/\/pressurezone.shop\/wp-content\/uploads\/2024\/10\/Ewok-Strain-Small-Buds-\u2013-Hybrid-100x100.webp",100,100,true]},"uagb_author_info":{"display_name":"pressurezone.shop","author_link":"https:\/\/pressurezone.shop\/pl\/author\/"},"uagb_comment_info":0,"uagb_excerpt":"Hybrid \u2013\u00a050% Sativa \/ 50% Indica","_links":{"self":[{"href":"https:\/\/pressurezone.shop\/pl\/wp-json\/wp\/v2\/product\/3016"}],"collection":[{"href":"https:\/\/pressurezone.shop\/pl\/wp-json\/wp\/v2\/product"}],"about":[{"href":"https:\/\/pressurezone.shop\/pl\/wp-json\/wp\/v2\/types\/product"}],"replies":[{"embeddable":true,"href":"https:\/\/pressurezone.shop\/pl\/wp-json\/wp\/v2\/comments?post=3016"}],"version-history":[{"count":3,"href":"https:\/\/pressurezone.shop\/pl\/wp-json\/wp\/v2\/product\/3016\/revisions"}],"predecessor-version":[{"id":3761,"href":"https:\/\/pressurezone.shop\/pl\/wp-json\/wp\/v2\/product\/3016\/revisions\/3761"}],"wp:featuredmedia":[{"embeddable":true,"href":"https:\/\/pressurezone.shop\/pl\/wp-json\/wp\/v2\/media\/3084"}],"wp:attachment":[{"href":"https:\/\/pressurezone.shop\/pl\/wp-json\/wp\/v2\/media?parent=3016"}],"wp:term":[{"taxonomy":"product_brand","embeddable":true,"href":"https:\/\/pressurezone.shop\/pl\/wp-json\/wp\/v2\/product_brand?post=3016"},{"taxonomy":"product_cat","embeddable":true,"href":"https:\/\/pressurezone.shop\/pl\/wp-json\/wp\/v2\/product_cat?post=3016"},{"taxonomy":"product_tag","embeddable":true,"href":"https:\/\/pressurezone.shop\/pl\/wp-json\/wp\/v2\/product_tag?post=3016"}],"curies":[{"name":"wp","href":"https:\/\/api.w.org\/{rel}","templated":true}]}}