{"id":3017,"date":"2024-10-11T00:48:47","date_gmt":"2024-10-10T22:48:47","guid":{"rendered":"https:\/\/pressurezone.shop\/?post_type=product&#038;p=3017"},"modified":"2024-11-02T21:05:06","modified_gmt":"2024-11-02T20:05:06","slug":"variete-blue-dream-sativa-weed","status":"publish","type":"product","link":"https:\/\/pressurezone.shop\/pl\/produkt\/odmiana-ziola-blue-dream-sativa\/","title":{"rendered":"Odmiana Sativa Blue Dream"},"content":{"rendered":"<div class=\"flex-shrink-0 flex flex-col relative items-end\">\n<div>\n<div class=\"pt-0\">\n<div class=\"gizmo-bot-avatar flex h-8 w-8 items-center justify-center overflow-hidden rounded-full\">\n<div class=\"relative p-1 rounded-sm flex items-center justify-center bg-token-main-surface-primary text-token-text-primary h-8 w-8\"><\/div>\n<\/div>\n<\/div>\n<\/div>\n<\/div>\n<div class=\"group\/conversation-turn relative flex w-full min-w-0 flex-col agent-turn\">\n<div class=\"flex-col gap-1 md:gap-3\">\n<div class=\"flex max-w-full flex-col flex-grow\">\n<div class=\"min-h-8 text-message flex w-full flex-col items-end gap-2 whitespace-normal break-words [.text-message+&amp;]:mt-5\" dir=\"auto\" data-message-author-role=\"assistant\" data-message-id=\"80b1f5b6-568d-46db-a3c2-595360001213\" data-message-model-slug=\"gpt-4o\">\n<div class=\"flex w-full flex-col gap-1 empty:hidden first:pt-[3px]\">\n<div class=\"markdown prose w-full break-words dark:prose-invert light\">\n<h3><strong>Kup marihuan\u0119 Blue Dream Sativa online w Europie na <a href=\"https:\/\/pressurezone.shop\/pl\/\" target=\"_new\" rel=\"noopener\">Strefa ci\u015bnienia<\/a><\/strong><\/h3>\n<p>Odkryj <strong>Blue Dream Sativa Weed<\/strong>a <strong>odmiana konopi<\/strong> hybryda z lekk\u0105 dominacj\u0105 sativy, b\u0119d\u0105ca wynikiem skrzy\u017cowania s\u0142ynnych odmian <strong>Jagoda<\/strong> i <strong>Haze<\/strong>. Znana ze zr\u00f3wnowa\u017conych efekt\u00f3w i s\u0142odkiego jagodowego smaku, Blue Dream jest idealn\u0105 odmian\u0105 dla tych, kt\u00f3rzy chc\u0105 pobudzi\u0107 swoj\u0105 kreatywno\u015b\u0107, jednocze\u015bnie ciesz\u0105c si\u0119 \u0142agodnymi, przyjemnymi doznaniami.<a href=\"https:\/\/fuelpackz.com\/\" target=\"_blank\" rel=\"noopener\">.<\/a><\/p>\n<h3>Efekty i korzy\u015bci Blue Dream Sativa Weed<\/h3>\n<p>La <strong>odmiana Blue Dream Sativa Weed<\/strong> jest wysoko ceniona za swoje orze\u017awiaj\u0105ce i euforyczne dzia\u0142anie, idealne do poprawy nastroju i pobudzenia ducha:<\/p>\n<ul>\n<li><strong>Kreatywno\u015b\u0107 i energia<\/strong> Wspomaga koncentracj\u0119 i inspiruje kreatywno\u015b\u0107, idealny do dzia\u0142a\u0144 artystycznych.<\/li>\n<li><strong>Euforia i szcz\u0119\u015bcie<\/strong> Przynosi poczucie rado\u015bci i dobrego samopoczucia, redukuj\u0105c stresuj\u0105ce my\u015bli.<\/li>\n<li><strong>Zr\u00f3wnowa\u017cony efekt<\/strong> Zapewnia stymuluj\u0105cy haj m\u00f3zgowy i lekkie rozlu\u017anienie cia\u0142a, daj\u0105c przyjemne uczucie bez ci\u0119\u017cko\u015bci.<\/li>\n<\/ul>\n<p>Ze stawk\u0105 <strong>Silne THC<\/strong>Blue Dream jest idealny dla tych, kt\u00f3rzy chc\u0105 o\u017cywczego do\u015bwiadczenia bez nadmiernej intensywno\u015bci, odpowiedniego do kreatywnych lub towarzyskich chwil.<\/p>\n<h3>Korzy\u015bci terapeutyczne Blue Dream Sativa Weed<\/h3>\n<p>Blue Dream jest r\u00f3wnie\u017c znany ze swoich korzy\u015bci terapeutycznych, dzi\u0119ki czemu jest popularnym wyborem w\u015br\u00f3d u\u017cytkownik\u00f3w medycznych. Jego koj\u0105ce i energetyzuj\u0105ce dzia\u0142anie jest cz\u0119sto wykorzystywane do :<\/p>\n<ul>\n<li><strong>\u0141agodzenie stresu i niepokoju<\/strong> Uspokaja zestresowane umys\u0142y i zmniejsza objawy niepokoju.<\/li>\n<li><strong>Zmniejszony b\u00f3l i stan zapalny<\/strong> Skuteczny w zwalczaniu przewlek\u0142ego b\u00f3lu i stan\u00f3w zapalnych spowodowanych urazem lub chorob\u0105.<\/li>\n<li><strong>Lepszy nastr\u00f3j<\/strong> Skutecznie \u0142agodzi \u0142agodn\u0105 do umiarkowanej depresj\u0119, zapewniaj\u0105c uspokajaj\u0105cy i pozytywny efekt.<\/li>\n<li><strong>Z\u0142agodzenie nudno\u015bci<\/strong> Przydatny dla os\u00f3b cierpi\u0105cych na nudno\u015bci, zesp\u00f3\u0142 stresu pourazowego (PTSD) i podobne zaburzenia.<\/li>\n<\/ul>\n<p>To <strong>odmiana konopi<\/strong> jest r\u00f3wnie\u017c idealny dla os\u00f3b cierpi\u0105cych na zaburzenia snu, poniewa\u017c pomaga wywo\u0142a\u0107 relaksacj\u0119 bez powodowania silnego uspokojenia.<\/p>\n<h3>Smaki i aromaty zio\u0142a Blue Dream Sativa<\/h3>\n<p>Blue Dream wyr\u00f3\u017cnia si\u0119 nie tylko efektami, ale tak\u017ce pysznym smakiem i aromatem:<\/p>\n<ul>\n<li><strong>Smaki<\/strong> Owocowa s\u0142odycz jag\u00f3d, kt\u00f3rej towarzysz\u0105 s\u0142odkie i zio\u0142owe nuty z nut\u0105 wanilii.<\/li>\n<li><strong>Zapachy<\/strong> Ziemisty, owocowy zapach z nut\u0105 jag\u00f3d i wanilii, przypominaj\u0105cy \u015bwie\u017co upieczon\u0105 tart\u0119 jagodow\u0105.<\/li>\n<\/ul>\n<p>Ka\u017cde zaci\u0105gni\u0119cie <strong>odmiana konopi<\/strong> Pozostawia s\u0142odki, niezapomniany smak, idealny dla mi\u0142o\u015bnik\u00f3w owocowych, s\u0142odkich smak\u00f3w.<\/p>\n<h3>Dlaczego warto kupi\u0107 Blue Dream Sativa Weed na <a href=\"https:\/\/pressurezone.shop\/pl\/\" target=\"_new\" rel=\"noopener\">Strefa ci\u015bnienia<\/a>?<\/h3>\n<p>Przy <strong>Strefa ci\u015bnienia<\/strong>wybieramy <strong>odmiany konopi<\/strong> aby zagwarantowa\u0107 wyj\u0105tkowe do\u015bwiadczenie naszym klientom w Europie. <strong>Blue Dream Sativa Weed<\/strong> to jedna z naszych flagowych odmian, oferuj\u0105ca idealn\u0105 r\u00f3wnowag\u0119 mi\u0119dzy stymulacj\u0105 umys\u0142ow\u0105 a relaksem fizycznym. Oto dlaczego warto kupowa\u0107 w\u0142a\u015bnie u nas:<\/p>\n<ul>\n<li><strong>Gwarantowana jako\u015b\u0107<\/strong> Nasze produkty s\u0105 rygorystycznie testowane, aby zapewni\u0107 czysto\u015b\u0107 i moc.<\/li>\n<li><strong>Wyb\u00f3r premium<\/strong> Blue Dream jest idealny do kreatywnych i towarzyskich chwil.<\/li>\n<li><strong>Dedykowana obs\u0142uga klienta<\/strong> Nasz zesp\u00f3\u0142 jest pod r\u0119k\u0105, aby pom\u00f3c Ci znale\u017a\u0107 odpowiedni <strong>odmiana konopi<\/strong> w zale\u017cno\u015bci od potrzeb.<\/li>\n<\/ul>\n<h3>Cz\u0119sto zadawane pytania<\/h3>\n<h4>Jakie s\u0105 g\u0142\u00f3wne efekty dzia\u0142ania Blue Dream Sativa Weed?<\/h4>\n<p>La <strong>odmiana Blue Dream Sativa Weed<\/strong> jest znana ze swoich pobudzaj\u0105cych i euforycznych efekt\u00f3w m\u00f3zgowych, a tak\u017ce zdolno\u015bci do \u0142agodzenia cia\u0142a bez uczucia ci\u0119\u017cko\u015bci. Jest idealna do relaksu przy jednoczesnym zachowaniu produktywno\u015bci i kreatywno\u015bci.<\/p>\n<h4>Czy Blue Dream jest odpowiedni na przewlek\u0142y b\u00f3l?<\/h4>\n<p>Tak, Blue Dream jest idealny do \u0142agodzenia przewlek\u0142ego b\u00f3lu, zmniejszania stanu zapalnego i \u0142agodzenia b\u00f3lu zwi\u0105zanego ze stresem i niepokojem.<\/p>\n<h4>Jakie smaki i aromaty dominuj\u0105 w Blue Dream?<\/h4>\n<p>Blue Dream ma s\u0142odki smak jag\u00f3d i wanilii, kt\u00f3remu towarzysz\u0105 owocowe, ziemiste aromaty przypominaj\u0105ce \u015bwie\u017co upieczone ciasto jagodowe.<\/p>\n<h3>Zam\u00f3w marihuan\u0119 Blue Dream Sativa online w Europie na <a href=\"https:\/\/pressurezone.shop\/pl\/\" target=\"_new\" rel=\"noopener\">Strefa ci\u015bnienia<\/a><\/h3>\n<p>Gotowy do odkrycia idealnej r\u00f3wnowagi mi\u0119dzy stymulacj\u0105 a relaksem dzi\u0119ki <strong>Blue Dream Sativa Weed<\/strong>? <strong>Zam\u00f3w teraz<\/strong> na <a href=\"https:\/\/pressurezone.shop\/pl\/\" target=\"_new\" rel=\"noopener\">Strefa ci\u015bnienia<\/a> dla do\u015bwiadczenia <strong>odmiana konopi<\/strong> Idealny do \u0142agodzenia stresu i stymulowania kreatywno\u015bci. Nasze wysokiej jako\u015bci produkty i niezawodna us\u0142uga dostawy gwarantuj\u0105 beztroskie zakupy.<\/p>\n<\/div>\n<\/div>\n<\/div>\n<\/div>\n<\/div>\n<\/div>","protected":false},"excerpt":{"rendered":"<p>Achetez la Vari\u00e9t\u00e9 Blue Dream Sativa Weed en Ligne en Europe sur Pressure Zone D\u00e9couvrez Blue Dream Sativa Weed, une vari\u00e9t\u00e9 de cannabis hybride l\u00e9g\u00e8rement dominante en sativa, issue d\u2019un croisement entre les c\u00e9l\u00e8bres souches Blueberry et Haze. R\u00e9put\u00e9e pour ses effets \u00e9quilibr\u00e9s et son ar\u00f4me doux de myrtilles, Blue Dream est une vari\u00e9t\u00e9 id\u00e9ale [&hellip;]<\/p>","protected":false},"featured_media":3091,"comment_status":"closed","ping_status":"closed","template":"","meta":{"_uag_custom_page_level_css":"","site-sidebar-layout":"default","site-content-layout":"","ast-site-content-layout":"default","site-content-style":"default","site-sidebar-style":"default","ast-global-header-display":"","ast-banner-title-visibility":"","ast-main-header-display":"","ast-hfb-above-header-display":"","ast-hfb-below-header-display":"","ast-hfb-mobile-header-display":"","site-post-title":"","ast-breadcrumbs-content":"","ast-featured-img":"","footer-sml-layout":"","theme-transparent-header-meta":"default","adv-header-id-meta":"","stick-header-meta":"","header-above-stick-meta":"","header-main-stick-meta":"","header-below-stick-meta":"","astra-migrate-meta-layouts":"set","ast-page-background-enabled":"default","ast-page-background-meta":{"desktop":{"background-color":"","background-image":"","background-repeat":"repeat","background-position":"center center","background-size":"auto","background-attachment":"scroll","background-type":"","background-media":"","overlay-type":"","overlay-color":"","overlay-opacity":"","overlay-gradient":""},"tablet":{"background-color":"","background-image":"","background-repeat":"repeat","background-position":"center center","background-size":"auto","background-attachment":"scroll","background-type":"","background-media":"","overlay-type":"","overlay-color":"","overlay-opacity":"","overlay-gradient":""},"mobile":{"background-color":"","background-image":"","background-repeat":"repeat","background-position":"center center","background-size":"auto","background-attachment":"scroll","background-type":"","background-media":"","overlay-type":"","overlay-color":"","overlay-opacity":"","overlay-gradient":""}},"ast-content-background-meta":{"desktop":{"background-color":"var(--ast-global-color-5)","background-image":"","background-repeat":"repeat","background-position":"center center","background-size":"auto","background-attachment":"scroll","background-type":"","background-media":"","overlay-type":"","overlay-color":"","overlay-opacity":"","overlay-gradient":""},"tablet":{"background-color":"var(--ast-global-color-5)","background-image":"","background-repeat":"repeat","background-position":"center center","background-size":"auto","background-attachment":"scroll","background-type":"","background-media":"","overlay-type":"","overlay-color":"","overlay-opacity":"","overlay-gradient":""},"mobile":{"background-color":"var(--ast-global-color-5)","background-image":"","background-repeat":"repeat","background-position":"center center","background-size":"auto","background-attachment":"scroll","background-type":"","background-media":"","overlay-type":"","overlay-color":"","overlay-opacity":"","overlay-gradient":""}}},"product_brand":[],"product_cat":[28,273],"product_tag":[297],"class_list":{"0":"post-3017","1":"product","2":"type-product","3":"status-publish","4":"has-post-thumbnail","6":"product_cat-varietes-de-cannabis","7":"product_cat-varietes-de-cannabis-sativa","8":"product_tag-blue-dream-sativa-weed-strain-for-sale-europe","9":"desktop-align-left","10":"tablet-align-left","11":"mobile-align-left","13":"first","14":"instock","15":"shipping-taxable","16":"purchasable","17":"product-type-variable"},"uagb_featured_image_src":{"full":["https:\/\/pressurezone.shop\/wp-content\/uploads\/2024\/10\/Blue-Dream-Sativa-Weed-Strain.webp",570,464,false],"thumbnail":["https:\/\/pressurezone.shop\/wp-content\/uploads\/2024\/10\/Blue-Dream-Sativa-Weed-Strain-150x150.webp",150,150,true],"medium":["https:\/\/pressurezone.shop\/wp-content\/uploads\/2024\/10\/Blue-Dream-Sativa-Weed-Strain-300x244.webp",300,244,true],"medium_large":["https:\/\/pressurezone.shop\/wp-content\/uploads\/2024\/10\/Blue-Dream-Sativa-Weed-Strain.webp",570,464,false],"large":["https:\/\/pressurezone.shop\/wp-content\/uploads\/2024\/10\/Blue-Dream-Sativa-Weed-Strain.webp",570,464,false],"1536x1536":["https:\/\/pressurezone.shop\/wp-content\/uploads\/2024\/10\/Blue-Dream-Sativa-Weed-Strain.webp",570,464,false],"2048x2048":["https:\/\/pressurezone.shop\/wp-content\/uploads\/2024\/10\/Blue-Dream-Sativa-Weed-Strain.webp",570,464,false],"trp-custom-language-flag":["https:\/\/pressurezone.shop\/wp-content\/uploads\/2024\/10\/Blue-Dream-Sativa-Weed-Strain-15x12.webp",15,12,true],"woocommerce_thumbnail":["https:\/\/pressurezone.shop\/wp-content\/uploads\/2024\/10\/Blue-Dream-Sativa-Weed-Strain-300x300.webp",300,300,true],"woocommerce_single":["https:\/\/pressurezone.shop\/wp-content\/uploads\/2024\/10\/Blue-Dream-Sativa-Weed-Strain.webp",570,464,false],"woocommerce_gallery_thumbnail":["https:\/\/pressurezone.shop\/wp-content\/uploads\/2024\/10\/Blue-Dream-Sativa-Weed-Strain-100x100.webp",100,100,true]},"uagb_author_info":{"display_name":"pressurezone.shop","author_link":"https:\/\/pressurezone.shop\/pl\/author\/"},"uagb_comment_info":0,"uagb_excerpt":"Achetez la Vari\u00e9t\u00e9 Blue Dream Sativa Weed en Ligne en Europe sur Pressure Zone D\u00e9couvrez Blue Dream Sativa Weed, une vari\u00e9t\u00e9 de cannabis hybride l\u00e9g\u00e8rement dominante en sativa, issue d\u2019un croisement entre les c\u00e9l\u00e8bres souches Blueberry et Haze. R\u00e9put\u00e9e pour ses effets \u00e9quilibr\u00e9s et son ar\u00f4me doux de myrtilles, Blue Dream est une vari\u00e9t\u00e9 id\u00e9ale&hellip;","_links":{"self":[{"href":"https:\/\/pressurezone.shop\/pl\/wp-json\/wp\/v2\/product\/3017"}],"collection":[{"href":"https:\/\/pressurezone.shop\/pl\/wp-json\/wp\/v2\/product"}],"about":[{"href":"https:\/\/pressurezone.shop\/pl\/wp-json\/wp\/v2\/types\/product"}],"replies":[{"embeddable":true,"href":"https:\/\/pressurezone.shop\/pl\/wp-json\/wp\/v2\/comments?post=3017"}],"version-history":[{"count":3,"href":"https:\/\/pressurezone.shop\/pl\/wp-json\/wp\/v2\/product\/3017\/revisions"}],"predecessor-version":[{"id":3665,"href":"https:\/\/pressurezone.shop\/pl\/wp-json\/wp\/v2\/product\/3017\/revisions\/3665"}],"wp:featuredmedia":[{"embeddable":true,"href":"https:\/\/pressurezone.shop\/pl\/wp-json\/wp\/v2\/media\/3091"}],"wp:attachment":[{"href":"https:\/\/pressurezone.shop\/pl\/wp-json\/wp\/v2\/media?parent=3017"}],"wp:term":[{"taxonomy":"product_brand","embeddable":true,"href":"https:\/\/pressurezone.shop\/pl\/wp-json\/wp\/v2\/product_brand?post=3017"},{"taxonomy":"product_cat","embeddable":true,"href":"https:\/\/pressurezone.shop\/pl\/wp-json\/wp\/v2\/product_cat?post=3017"},{"taxonomy":"product_tag","embeddable":true,"href":"https:\/\/pressurezone.shop\/pl\/wp-json\/wp\/v2\/product_tag?post=3017"}],"curies":[{"name":"wp","href":"https:\/\/api.w.org\/{rel}","templated":true}]}}