{"id":3018,"date":"2024-10-11T00:48:47","date_gmt":"2024-10-10T22:48:47","guid":{"rendered":"https:\/\/pressurezone.shop\/?post_type=product&#038;p=3018"},"modified":"2024-11-02T22:00:35","modified_gmt":"2024-11-02T21:00:35","slug":"chemnesia-marijuana-sativa-flower","status":"publish","type":"product","link":"https:\/\/pressurezone.shop\/pl\/produkt\/chemnesia-marihuana-sativa-kwiat\/","title":{"rendered":"Kwiat marihuany Chemnesia Sativa"},"content":{"rendered":"<div class=\"flex-shrink-0 flex flex-col relative items-end\">\n<div>\n<div class=\"pt-0\">\n<div class=\"gizmo-bot-avatar flex h-8 w-8 items-center justify-center overflow-hidden rounded-full\">\n<div class=\"relative p-1 rounded-sm flex items-center justify-center bg-token-main-surface-primary text-token-text-primary h-8 w-8\"><\/div>\n<\/div>\n<\/div>\n<\/div>\n<\/div>\n<div class=\"group\/conversation-turn relative flex w-full min-w-0 flex-col agent-turn\">\n<div class=\"flex-col gap-1 md:gap-3\">\n<div class=\"flex max-w-full flex-col flex-grow\">\n<div class=\"min-h-8 text-message flex w-full flex-col items-end gap-2 whitespace-normal break-words [.text-message+&amp;]:mt-5\" dir=\"auto\" data-message-author-role=\"assistant\" data-message-id=\"3080cb38-8d56-4b58-a889-8442814920d4\" data-message-model-slug=\"gpt-4o\">\n<div class=\"flex w-full flex-col gap-1 empty:hidden first:pt-[3px]\">\n<div class=\"markdown prose w-full break-words dark:prose-invert light\">\n<h3><strong>Kup Chemnesia Marihuana Sativa Odmiana Kwiatowa Online w Europie na <a href=\"https:\/\/pressurezone.shop\/pl\/\" target=\"_new\" rel=\"noopener\">Strefa ci\u015bnienia<\/a><\/strong><\/h3>\n<p>Odkryj <strong>Kwiat marihuany Chemnesia Sativa<\/strong>a <strong>odmiana konopi<\/strong> Pot\u0119\u017cna sativa, zrodzona ze skrzy\u017cowania s\u0142ynnej <strong>Amnesia Sour Diesel<\/strong> i <strong>I-95<\/strong>. Chemnesia s\u0142ynie z intensywnych, d\u0142ugotrwa\u0142ych efekt\u00f3w, oferuj\u0105c wyj\u0105tkowe doznania m\u00f3zgowe, kt\u00f3re stymuluj\u0105 umys\u0142 i poprawiaj\u0105 nastr\u00f3j. Idealna dla poszukiwaczy mocnych wra\u017ce\u0144, Chemnesia jest idealna dla tych, kt\u00f3rzy szukaj\u0105 stymuluj\u0105cego i energetyzuj\u0105cego haju.<\/p>\n<h3>Efekty i korzy\u015bci p\u0142yn\u0105ce z Chemnesia Marijuana Sativa Flower<\/h3>\n<p>La <strong>Odmiana Chemnesia Marihuana Sativa Kwiat<\/strong> jest ceniona za swoje euforyczne i stymuluj\u0105ce dzia\u0142anie, kt\u00f3re pobudza umys\u0142 i zwi\u0119ksza kreatywno\u015b\u0107:<\/p>\n<ul>\n<li><strong>Kreatywno\u015b\u0107 i jasno\u015b\u0107 umys\u0142u<\/strong> Haj m\u00f3zgowy, kt\u00f3ry inspiruje i zach\u0119ca do koncentracji.<\/li>\n<li><strong>Euforia i dobry humor<\/strong> Zapewnia d\u0142ugotrwa\u0142e uczucie szcz\u0119\u015bcia, idealne do spotka\u0144 towarzyskich.<\/li>\n<li><strong>Energia i skupienie<\/strong> Stymuluje energi\u0119 umys\u0142ow\u0105, idealn\u0105 do utrzymania produktywno\u015bci i czujno\u015bci<a href=\"https:\/\/fuelpackz.com\/\" target=\"_blank\" rel=\"noopener\">.<\/a><\/li>\n<\/ul>\n<p>Z intensywnymi efektami i <strong>wysoki d\u0142ugi czas trwania<\/strong>Chemnesia to idealny wyb\u00f3r dla tych, kt\u00f3rzy chc\u0105 pozosta\u0107 aktywni i kreatywni przez ca\u0142y dzie\u0144.<\/p>\n<h3>Korzy\u015bci terapeutyczne p\u0142yn\u0105ce z Chemnesia Marijuana Sativa Flower<\/h3>\n<p>Dzi\u0119ki mocnemu, zr\u00f3wnowa\u017conemu profilowi, <strong>Chemnezja<\/strong> jest cz\u0119sto wybierany w celu z\u0142agodzenia r\u00f3\u017cnych objaw\u00f3w i stan\u00f3w:<\/p>\n<ul>\n<li><strong>Redukcja przewlek\u0142ego b\u00f3lu<\/strong> Skuteczny w \u0142agodzeniu uporczywego b\u00f3lu bez dzia\u0142ania uspokajaj\u0105cego.<\/li>\n<li><strong>Zarz\u0105dzanie zm\u0119czeniem i stresem<\/strong> Zapewnia zastrzyk energii psychicznej, pomagaj\u0105c zwalczy\u0107 zm\u0119czenie i stres.<\/li>\n<li><strong>Leczenie depresji i ADHD<\/strong> Wspomaga jasno\u015b\u0107 umys\u0142u i pozytywny nastr\u00f3j, idealny dla u\u017cytkownik\u00f3w szukaj\u0105cych ulgi psychicznej.<\/li>\n<\/ul>\n<p>To <strong>odmiana konopi<\/strong> jest idealny dla tych, kt\u00f3rzy szukaj\u0105 pobudzenia umys\u0142owego bez uspokojenia, idealny do stosowania w ci\u0105gu dnia i stymulowania kreatywno\u015bci.<\/p>\n<h3>Smaki i aromaty Chemnesia<\/h3>\n<p>Chemnesia uwodzi r\u00f3wnie\u017c intensywnym i unikalnym profilem smakowym, dzi\u0119ki czemu jest to zmys\u0142owe do\u015bwiadczenie:<\/p>\n<ul>\n<li><strong>Smaki<\/strong> Mieszanka cytryny i oleju nap\u0119dowego z odrobin\u0105 zi\u00f3\u0142, tworz\u0105ca orze\u017awiaj\u0105co pikantny smak.<\/li>\n<li><strong>Zapachy<\/strong> Chemiczny i dieslowski zapach, wzmocniony nutami kwa\u015bnej cytryny i lekkim akcentem kwasku.<\/li>\n<\/ul>\n<p>Te <strong>wyraziste smaki i aromaty<\/strong> sprawia, \u017ce ka\u017cde zaci\u0105gni\u0119cie si\u0119 Chemnesi\u0105 jest niezapomnianym prze\u017cyciem, idealnym dla mi\u0142o\u015bnik\u00f3w mocnych, wyrazistych smak\u00f3w.<\/p>\n<h3>Dlaczego warto kupi\u0107 kwiaty marihuany Chemnesia Sativa? <a href=\"https:\/\/pressurezone.shop\/pl\/\" target=\"_new\" rel=\"noopener\">Strefa ci\u015bnienia<\/a>?<\/h3>\n<p>Przy <strong>Strefa ci\u015bnienia<\/strong>oferujemy <strong>odmiany konopi<\/strong> Premium, starannie wyselekcjonowane i przetestowane, aby zapewni\u0107 nienagann\u0105 jako\u015b\u0107. <strong>Kwiat marihuany Chemnesia Sativa<\/strong> jest jedn\u0105 z naszych najlepszych odmian ze wzgl\u0119du na silne dzia\u0142anie i intensywny smak. Oto dlaczego powiniene\u015b kupowa\u0107 od nas:<\/p>\n<ul>\n<li><strong>Wysokiej jako\u015bci<\/strong> Nasze produkty s\u0105 rygorystycznie testowane, aby zagwarantowa\u0107 czysto\u015b\u0107 i moc.<\/li>\n<li><strong>Dzia\u0142anie energetyzuj\u0105ce i stymuluj\u0105ce<\/strong> Idealny do zachowania produktywno\u015bci i kreatywno\u015bci przez ca\u0142y dzie\u0144.<\/li>\n<li><strong>Dedykowana obs\u0142uga klienta<\/strong> Nasz zesp\u00f3\u0142 jest tutaj, aby poprowadzi\u0107 Ci\u0119 i odpowiedzie\u0107 na wszystkie pytania dotycz\u0105ce <strong>odmiana konopi<\/strong> kt\u00f3ry spe\u0142nia Twoje potrzeby.<\/li>\n<\/ul>\n<h3>Cz\u0119sto zadawane pytania<\/h3>\n<h4>Jakie s\u0105 g\u0142\u00f3wne efekty dzia\u0142ania Chemnesia Marijuana Sativa Flower?<\/h4>\n<p>Chemnesia zapewnia intensywny, energetyzuj\u0105cy haj m\u00f3zgowy, idealny dla kreatywno\u015bci i euforii. Jest to idealna odmiana zapewniaj\u0105ca produktywno\u015b\u0107 i dobry nastr\u00f3j.<\/p>\n<h4>Czy Chemnesia jest skuteczna w leczeniu b\u00f3lu i zm\u0119czenia?<\/h4>\n<p>Tak, to <strong>odmiana konopi<\/strong> doskonale \u0142agodzi przewlek\u0142y b\u00f3l, zmniejsza zm\u0119czenie i poprawia nastr\u00f3j, zapewniaj\u0105c d\u0142ugotrwa\u0142\u0105 energi\u0119 psychiczn\u0105.<\/p>\n<h4>Jakie smaki i aromaty dominuj\u0105 w Chemnesia?<\/h4>\n<p>Chemnesia oferuje smaki cytryny i oleju nap\u0119dowego, z aromatami chemii, cytryny i pikantnymi nutami, tworz\u0105c intensywne doznania sensoryczne.<\/p>\n<h3>Zam\u00f3w odmian\u0119 kwiatow\u0105 Chemnesia Marijuana Sativa online w Europie na <a href=\"https:\/\/pressurezone.shop\/pl\/\" target=\"_new\" rel=\"noopener\">Strefa ci\u015bnienia<\/a><\/h3>\n<p>Gotowy do odkrycia pot\u0119\u017cnych i stymuluj\u0105cych efekt\u00f3w <strong>Kwiat marihuany Chemnesia Sativa<\/strong>? <strong>Zam\u00f3w teraz<\/strong> na <a href=\"https:\/\/pressurezone.shop\/pl\/\" target=\"_new\" rel=\"noopener\">Strefa ci\u015bnienia<\/a> dla do\u015bwiadczenia <strong>odmiana konopi<\/strong> idealny do poprawy nastroju i pobudzenia ducha. Dzi\u0119ki naszej szybkiej i dyskretnej us\u0142udze dostawy mo\u017cesz cieszy\u0107 si\u0119 prostymi i bezpiecznymi zakupami online.<\/p>\n<\/div>\n<\/div>\n<\/div>\n<\/div>\n<\/div>\n<\/div>","protected":false},"excerpt":{"rendered":"<p>Achetez la Vari\u00e9t\u00e9 Chemnesia Marijuana Sativa Flower en Ligne en Europe sur Pressure Zone D\u00e9couvrez Chemnesia Marijuana Sativa Flower, une vari\u00e9t\u00e9 de cannabis sativa puissante, n\u00e9e du croisement entre les c\u00e9l\u00e8bres Amnesia Sour Diesel et I-95. Chemnesia est r\u00e9put\u00e9e pour ses effets intenses et durables, offrant une exp\u00e9rience c\u00e9r\u00e9brale unique qui stimule l\u2019esprit et \u00e9l\u00e8ve [&hellip;]<\/p>","protected":false},"featured_media":3093,"comment_status":"closed","ping_status":"closed","template":"","meta":{"_uag_custom_page_level_css":"","site-sidebar-layout":"default","site-content-layout":"","ast-site-content-layout":"default","site-content-style":"default","site-sidebar-style":"default","ast-global-header-display":"","ast-banner-title-visibility":"","ast-main-header-display":"","ast-hfb-above-header-display":"","ast-hfb-below-header-display":"","ast-hfb-mobile-header-display":"","site-post-title":"","ast-breadcrumbs-content":"","ast-featured-img":"","footer-sml-layout":"","theme-transparent-header-meta":"default","adv-header-id-meta":"","stick-header-meta":"","header-above-stick-meta":"","header-main-stick-meta":"","header-below-stick-meta":"","astra-migrate-meta-layouts":"set","ast-page-background-enabled":"default","ast-page-background-meta":{"desktop":{"background-color":"","background-image":"","background-repeat":"repeat","background-position":"center center","background-size":"auto","background-attachment":"scroll","background-type":"","background-media":"","overlay-type":"","overlay-color":"","overlay-opacity":"","overlay-gradient":""},"tablet":{"background-color":"","background-image":"","background-repeat":"repeat","background-position":"center center","background-size":"auto","background-attachment":"scroll","background-type":"","background-media":"","overlay-type":"","overlay-color":"","overlay-opacity":"","overlay-gradient":""},"mobile":{"background-color":"","background-image":"","background-repeat":"repeat","background-position":"center center","background-size":"auto","background-attachment":"scroll","background-type":"","background-media":"","overlay-type":"","overlay-color":"","overlay-opacity":"","overlay-gradient":""}},"ast-content-background-meta":{"desktop":{"background-color":"var(--ast-global-color-5)","background-image":"","background-repeat":"repeat","background-position":"center center","background-size":"auto","background-attachment":"scroll","background-type":"","background-media":"","overlay-type":"","overlay-color":"","overlay-opacity":"","overlay-gradient":""},"tablet":{"background-color":"var(--ast-global-color-5)","background-image":"","background-repeat":"repeat","background-position":"center center","background-size":"auto","background-attachment":"scroll","background-type":"","background-media":"","overlay-type":"","overlay-color":"","overlay-opacity":"","overlay-gradient":""},"mobile":{"background-color":"var(--ast-global-color-5)","background-image":"","background-repeat":"repeat","background-position":"center center","background-size":"auto","background-attachment":"scroll","background-type":"","background-media":"","overlay-type":"","overlay-color":"","overlay-opacity":"","overlay-gradient":""}}},"product_brand":[],"product_cat":[28,273],"product_tag":[298],"class_list":{"0":"post-3018","1":"product","2":"type-product","3":"status-publish","4":"has-post-thumbnail","6":"product_cat-varietes-de-cannabis","7":"product_cat-varietes-de-cannabis-sativa","8":"product_tag-order-chemnesia-marijuana-sativa-flower-france","9":"desktop-align-left","10":"tablet-align-left","11":"mobile-align-left","13":"first","14":"instock","15":"shipping-taxable","16":"purchasable","17":"product-type-variable"},"uagb_featured_image_src":{"full":["https:\/\/pressurezone.shop\/wp-content\/uploads\/2024\/10\/Chemnesia-Marijuana-Sativa-Flower.webp",570,464,false],"thumbnail":["https:\/\/pressurezone.shop\/wp-content\/uploads\/2024\/10\/Chemnesia-Marijuana-Sativa-Flower-150x150.webp",150,150,true],"medium":["https:\/\/pressurezone.shop\/wp-content\/uploads\/2024\/10\/Chemnesia-Marijuana-Sativa-Flower-300x244.webp",300,244,true],"medium_large":["https:\/\/pressurezone.shop\/wp-content\/uploads\/2024\/10\/Chemnesia-Marijuana-Sativa-Flower.webp",570,464,false],"large":["https:\/\/pressurezone.shop\/wp-content\/uploads\/2024\/10\/Chemnesia-Marijuana-Sativa-Flower.webp",570,464,false],"1536x1536":["https:\/\/pressurezone.shop\/wp-content\/uploads\/2024\/10\/Chemnesia-Marijuana-Sativa-Flower.webp",570,464,false],"2048x2048":["https:\/\/pressurezone.shop\/wp-content\/uploads\/2024\/10\/Chemnesia-Marijuana-Sativa-Flower.webp",570,464,false],"trp-custom-language-flag":["https:\/\/pressurezone.shop\/wp-content\/uploads\/2024\/10\/Chemnesia-Marijuana-Sativa-Flower-15x12.webp",15,12,true],"woocommerce_thumbnail":["https:\/\/pressurezone.shop\/wp-content\/uploads\/2024\/10\/Chemnesia-Marijuana-Sativa-Flower-300x300.webp",300,300,true],"woocommerce_single":["https:\/\/pressurezone.shop\/wp-content\/uploads\/2024\/10\/Chemnesia-Marijuana-Sativa-Flower.webp",570,464,false],"woocommerce_gallery_thumbnail":["https:\/\/pressurezone.shop\/wp-content\/uploads\/2024\/10\/Chemnesia-Marijuana-Sativa-Flower-100x100.webp",100,100,true]},"uagb_author_info":{"display_name":"pressurezone.shop","author_link":"https:\/\/pressurezone.shop\/pl\/author\/"},"uagb_comment_info":0,"uagb_excerpt":"Achetez la Vari\u00e9t\u00e9 Chemnesia Marijuana Sativa Flower en Ligne en Europe sur Pressure Zone D\u00e9couvrez Chemnesia Marijuana Sativa Flower, une vari\u00e9t\u00e9 de cannabis sativa puissante, n\u00e9e du croisement entre les c\u00e9l\u00e8bres Amnesia Sour Diesel et I-95. Chemnesia est r\u00e9put\u00e9e pour ses effets intenses et durables, offrant une exp\u00e9rience c\u00e9r\u00e9brale unique qui stimule l\u2019esprit et \u00e9l\u00e8ve&hellip;","_links":{"self":[{"href":"https:\/\/pressurezone.shop\/pl\/wp-json\/wp\/v2\/product\/3018"}],"collection":[{"href":"https:\/\/pressurezone.shop\/pl\/wp-json\/wp\/v2\/product"}],"about":[{"href":"https:\/\/pressurezone.shop\/pl\/wp-json\/wp\/v2\/types\/product"}],"replies":[{"embeddable":true,"href":"https:\/\/pressurezone.shop\/pl\/wp-json\/wp\/v2\/comments?post=3018"}],"version-history":[{"count":3,"href":"https:\/\/pressurezone.shop\/pl\/wp-json\/wp\/v2\/product\/3018\/revisions"}],"predecessor-version":[{"id":3746,"href":"https:\/\/pressurezone.shop\/pl\/wp-json\/wp\/v2\/product\/3018\/revisions\/3746"}],"wp:featuredmedia":[{"embeddable":true,"href":"https:\/\/pressurezone.shop\/pl\/wp-json\/wp\/v2\/media\/3093"}],"wp:attachment":[{"href":"https:\/\/pressurezone.shop\/pl\/wp-json\/wp\/v2\/media?parent=3018"}],"wp:term":[{"taxonomy":"product_brand","embeddable":true,"href":"https:\/\/pressurezone.shop\/pl\/wp-json\/wp\/v2\/product_brand?post=3018"},{"taxonomy":"product_cat","embeddable":true,"href":"https:\/\/pressurezone.shop\/pl\/wp-json\/wp\/v2\/product_cat?post=3018"},{"taxonomy":"product_tag","embeddable":true,"href":"https:\/\/pressurezone.shop\/pl\/wp-json\/wp\/v2\/product_tag?post=3018"}],"curies":[{"name":"wp","href":"https:\/\/api.w.org\/{rel}","templated":true}]}}