{"id":3019,"date":"2024-10-11T00:48:47","date_gmt":"2024-10-10T22:48:47","guid":{"rendered":"https:\/\/pressurezone.shop\/?post_type=product&#038;p=3019"},"modified":"2024-11-03T21:28:59","modified_gmt":"2024-11-03T20:28:59","slug":"mendo-breath-strain-aaa-small-buds","status":"publish","type":"product","link":"https:\/\/pressurezone.shop\/pl\/produkt\/mendo-breath-szczep-aaa-male-paki\/","title":{"rendered":"Odmiana Mendo Breath - ma\u0142e p\u0105ki AAA"},"content":{"rendered":"<div class=\"flex-shrink-0 flex flex-col relative items-end\">\n<div>\n<div class=\"pt-0\">\n<div class=\"gizmo-bot-avatar flex h-8 w-8 items-center justify-center overflow-hidden rounded-full\">\n<div class=\"relative p-1 rounded-sm flex items-center justify-center bg-token-main-surface-primary text-token-text-primary h-8 w-8\"><\/div>\n<\/div>\n<\/div>\n<\/div>\n<\/div>\n<div class=\"group\/conversation-turn relative flex w-full min-w-0 flex-col agent-turn\">\n<div class=\"flex-col gap-1 md:gap-3\">\n<div class=\"flex max-w-full flex-col flex-grow\">\n<div class=\"min-h-8 text-message flex w-full flex-col items-end gap-2 whitespace-normal break-words [.text-message+&amp;]:mt-5\" dir=\"auto\" data-message-author-role=\"assistant\" data-message-id=\"422a7f50-5be6-42a2-9c05-c8329219b98c\" data-message-model-slug=\"gpt-4o\">\n<div class=\"flex w-full flex-col gap-1 empty:hidden first:pt-[3px]\">\n<div class=\"markdown prose w-full break-words dark:prose-invert light\">\n<h3><strong>Kup Mendo Breath Strain-AAA Small Buds online w Europie pod adresem <a href=\"https:\/\/pressurezone.shop\/pl\/\" target=\"_new\" rel=\"noopener\">Sklep ze strefami ci\u015bnieniowymi<\/a><\/strong><\/h3>\n<p>Odkryj <strong>Ma\u0142e p\u0105ki Mendo Breath Strain-AAA<\/strong>Rzadka odmiana z dominacj\u0105 Indica pochodz\u0105ca z krzy\u017c\u00f3wki s\u0142ynnej <strong>OG Kush Breath<\/strong> oraz <strong>Mendo Montage<\/strong>. Idealny na wieczory i relaks, <strong>Oddech Mendo<\/strong> to odmiana ceniona za swoje koj\u0105ce dzia\u0142anie i delikatny, s\u0142odki smak przypominaj\u0105cy karmel i wanili\u0119.<\/p>\n<h3>Dlaczego warto wybra\u0107 Mendo Breath Strain-AAA Small Buds?<\/h3>\n<p><strong>Ma\u0142e p\u0105ki Mendo Breath Strain-AAA<\/strong> to doskona\u0142a opcja dla os\u00f3b poszukuj\u0105cych g\u0142\u0119boko relaksuj\u0105cych dozna\u0144. Z poziomem THC wynosz\u0105cym 19-20% oferuje koj\u0105cy haj, kt\u00f3ry przekszta\u0142ca si\u0119 w uczucie b\u0142ogo\u015bci i relaksu. Idealnie nadaje si\u0119 do \u0142agodzenia stresu dnia codziennego i \u0142agodnego przygotowania do dobrego snu.<a href=\"https:\/\/fuelpackz.com\/\" target=\"_blank\" rel=\"noopener\">.<\/a><\/p>\n<ul>\n<li><strong>Typ<\/strong> Hybryda z dominacj\u0105 Indica (70% Indica \/ 30% Sativa)<\/li>\n<li><strong>THC<\/strong> 19-20%, oferuj\u0105c d\u0142ugotrwa\u0142e, relaksuj\u0105ce efekty<\/li>\n<\/ul>\n<h3>Efekty i korzy\u015bci p\u0142yn\u0105ce ze stosowania Mendo Breath Weed Strain<\/h3>\n<p>La <strong>Odmiana zio\u0142a Mendo Breath<\/strong> znana jest z koj\u0105cego i euforycznego dzia\u0142ania na cia\u0142o. Odmiana ta jest idealna dla u\u017cytkownik\u00f3w poszukuj\u0105cych pocieszaj\u0105cego haju, z uczuciem szcz\u0119\u015bcia i relaksu idealnym na koniec dnia.<\/p>\n<ul>\n<li><strong>Efekty<\/strong> Haj cia\u0142a, euforia, szcz\u0119\u015bcie, relaks, senno\u015b\u0107<\/li>\n<li><strong>Idealny dla<\/strong> Przewlek\u0142y b\u00f3l, Skurcze, Skurcze mi\u0119\u015bni, Stres<\/li>\n<\/ul>\n<h3>Stany \u0142agodzone przez odmian\u0119 konopi Mendo Breath<\/h3>\n<p>Dzi\u0119ki silnym efektom i profilowi Indica, konopie indyjskie <strong>Oddech Mendo<\/strong> jest idealny do \u0142agodzenia wielu dolegliwo\u015bci:<\/p>\n<ul>\n<li><strong>Przewlek\u0142y b\u00f3l i stan zapalny<\/strong> Pomaga zmniejszy\u0107 uporczywy b\u00f3l i sprzyja rozlu\u017anieniu mi\u0119\u015bni.<\/li>\n<li><strong>Skurcze i przykurcze mi\u0119\u015bni<\/strong> Rozlu\u017ania mi\u0119\u015bnie i \u0142agodzi napi\u0119cie fizyczne.<\/li>\n<li><strong>Stres i bezsenno\u015b\u0107<\/strong> Uspokaja umys\u0142 i przygotowuje cia\u0142o do spokojnego snu.<\/li>\n<\/ul>\n<h3>Smaki i aromaty Mendo Breath Strain<\/h3>\n<p>La <strong>Mendo Breath Strain<\/strong> oferuje wy\u015bmienity profil aromatyczny o smaku <strong>karmel<\/strong>, <strong>wanilia<\/strong>i <strong>bonbon<\/strong>. Jej \u0142agodny, s\u0142odki smak jest wzbogacony ziemistymi, lekko pikantnymi nutami, tworz\u0105c przyjemne, relaksuj\u0105ce doznania smakowe.<\/p>\n<ul>\n<li><strong>Smaki<\/strong> : cukierki, karmel, s\u0142odki, wanilia<\/li>\n<li><strong>Zapachy<\/strong> Karmelowy, Ziemisty, Pikantny, S\u0142odki<\/li>\n<\/ul>\n<h3>Wygl\u0105d kwiatu konopi Mendo Breath<\/h3>\n<p>Ma\u0142e p\u0105ki <strong>Oddech Mendo<\/strong> s\u0105 g\u0119ste i \u017cywiczne, pokryte krystalicznymi w\u0142oskami i usiane jasnopomara\u0144czowymi w\u0142oskami. Ich ciemnozielony kolor, podkre\u015blony bursztynowymi refleksami, \u015bwiadczy o jako\u015bci i sile tej rzadkiej odmiany.<\/p>\n<h3>Zam\u00f3w Mendo Breath Strain-AAA Small Buds online w sklepie Pressure Zone Shop<\/h3>\n<p>Gotowy do odkrycia koj\u0105cego, delikatnego dzia\u0142ania <strong>Ma\u0142e p\u0105ki Mendo Breath Strain-AAA<\/strong> ? Zam\u00f3w ju\u017c dzi\u015b w <a href=\"https:\/\/pressurezone.shop\/pl\/\" target=\"_new\" rel=\"noopener\">Sklep ze strefami ci\u015bnieniowymi<\/a> aby cieszy\u0107 si\u0119 relaksuj\u0105cymi i koj\u0105cymi doznaniami z marihuany, idealnymi na wieczorne wyj\u015bcia. <strong>Oddech Mendo<\/strong> to idealny wyb\u00f3r dla pe\u0142nego relaksu i spokojnego snu.<\/p>\n<\/div>\n<\/div>\n<\/div>\n<\/div>\n<\/div>\n<\/div>","protected":false},"excerpt":{"rendered":"<p>Achetez la Mendo Breath Strain\u2013AAA Small Buds en Ligne en Europe sur Pressure Zone Shop D\u00e9couvrez la Mendo Breath Strain\u2013AAA Small Buds, une vari\u00e9t\u00e9 rare \u00e0 dominance indica, issue du croisement de la c\u00e9l\u00e8bre OG Kush Breath et de la Mendo Montage. Parfaite pour les soir\u00e9es et les moments de d\u00e9tente, Mendo Breath est une [&hellip;]<\/p>","protected":false},"featured_media":3095,"comment_status":"closed","ping_status":"closed","template":"","meta":{"_uag_custom_page_level_css":"","site-sidebar-layout":"default","site-content-layout":"","ast-site-content-layout":"default","site-content-style":"default","site-sidebar-style":"default","ast-global-header-display":"","ast-banner-title-visibility":"","ast-main-header-display":"","ast-hfb-above-header-display":"","ast-hfb-below-header-display":"","ast-hfb-mobile-header-display":"","site-post-title":"","ast-breadcrumbs-content":"","ast-featured-img":"","footer-sml-layout":"","theme-transparent-header-meta":"default","adv-header-id-meta":"","stick-header-meta":"","header-above-stick-meta":"","header-main-stick-meta":"","header-below-stick-meta":"","astra-migrate-meta-layouts":"set","ast-page-background-enabled":"default","ast-page-background-meta":{"desktop":{"background-color":"","background-image":"","background-repeat":"repeat","background-position":"center center","background-size":"auto","background-attachment":"scroll","background-type":"","background-media":"","overlay-type":"","overlay-color":"","overlay-opacity":"","overlay-gradient":""},"tablet":{"background-color":"","background-image":"","background-repeat":"repeat","background-position":"center center","background-size":"auto","background-attachment":"scroll","background-type":"","background-media":"","overlay-type":"","overlay-color":"","overlay-opacity":"","overlay-gradient":""},"mobile":{"background-color":"","background-image":"","background-repeat":"repeat","background-position":"center center","background-size":"auto","background-attachment":"scroll","background-type":"","background-media":"","overlay-type":"","overlay-color":"","overlay-opacity":"","overlay-gradient":""}},"ast-content-background-meta":{"desktop":{"background-color":"var(--ast-global-color-5)","background-image":"","background-repeat":"repeat","background-position":"center center","background-size":"auto","background-attachment":"scroll","background-type":"","background-media":"","overlay-type":"","overlay-color":"","overlay-opacity":"","overlay-gradient":""},"tablet":{"background-color":"var(--ast-global-color-5)","background-image":"","background-repeat":"repeat","background-position":"center center","background-size":"auto","background-attachment":"scroll","background-type":"","background-media":"","overlay-type":"","overlay-color":"","overlay-opacity":"","overlay-gradient":""},"mobile":{"background-color":"var(--ast-global-color-5)","background-image":"","background-repeat":"repeat","background-position":"center center","background-size":"auto","background-attachment":"scroll","background-type":"","background-media":"","overlay-type":"","overlay-color":"","overlay-opacity":"","overlay-gradient":""}}},"product_brand":[],"product_cat":[28,278],"product_tag":[299],"class_list":{"0":"post-3019","1":"product","2":"type-product","3":"status-publish","4":"has-post-thumbnail","6":"product_cat-varietes-de-cannabis","7":"product_cat-varietes-de-marijuana-indica","8":"product_tag-order-mendo-breath-strain-aaa-small-buds-europe","9":"desktop-align-left","10":"tablet-align-left","11":"mobile-align-left","13":"first","14":"instock","15":"shipping-taxable","16":"purchasable","17":"product-type-variable"},"uagb_featured_image_src":{"full":["https:\/\/pressurezone.shop\/wp-content\/uploads\/2024\/10\/Mendo-Breath-Strain-\u2013-AAA-Small-Buds.webp",2048,1365,false],"thumbnail":["https:\/\/pressurezone.shop\/wp-content\/uploads\/2024\/10\/Mendo-Breath-Strain-\u2013-AAA-Small-Buds-150x150.webp",150,150,true],"medium":["https:\/\/pressurezone.shop\/wp-content\/uploads\/2024\/10\/Mendo-Breath-Strain-\u2013-AAA-Small-Buds-300x200.webp",300,200,true],"medium_large":["https:\/\/pressurezone.shop\/wp-content\/uploads\/2024\/10\/Mendo-Breath-Strain-\u2013-AAA-Small-Buds-768x512.webp",768,512,true],"large":["https:\/\/pressurezone.shop\/wp-content\/uploads\/2024\/10\/Mendo-Breath-Strain-\u2013-AAA-Small-Buds-1024x683.webp",1024,683,true],"1536x1536":["https:\/\/pressurezone.shop\/wp-content\/uploads\/2024\/10\/Mendo-Breath-Strain-\u2013-AAA-Small-Buds-1536x1024.webp",1536,1024,true],"2048x2048":["https:\/\/pressurezone.shop\/wp-content\/uploads\/2024\/10\/Mendo-Breath-Strain-\u2013-AAA-Small-Buds.webp",2048,1365,false],"trp-custom-language-flag":["https:\/\/pressurezone.shop\/wp-content\/uploads\/2024\/10\/Mendo-Breath-Strain-\u2013-AAA-Small-Buds-18x12.webp",18,12,true],"woocommerce_thumbnail":["https:\/\/pressurezone.shop\/wp-content\/uploads\/2024\/10\/Mendo-Breath-Strain-\u2013-AAA-Small-Buds-300x300.webp",300,300,true],"woocommerce_single":["https:\/\/pressurezone.shop\/wp-content\/uploads\/2024\/10\/Mendo-Breath-Strain-\u2013-AAA-Small-Buds-600x400.webp",600,400,true],"woocommerce_gallery_thumbnail":["https:\/\/pressurezone.shop\/wp-content\/uploads\/2024\/10\/Mendo-Breath-Strain-\u2013-AAA-Small-Buds-100x100.webp",100,100,true]},"uagb_author_info":{"display_name":"pressurezone.shop","author_link":"https:\/\/pressurezone.shop\/pl\/author\/"},"uagb_comment_info":0,"uagb_excerpt":"Achetez la Mendo Breath Strain\u2013AAA Small Buds en Ligne en Europe sur Pressure Zone Shop D\u00e9couvrez la Mendo Breath Strain\u2013AAA Small Buds, une vari\u00e9t\u00e9 rare \u00e0 dominance indica, issue du croisement de la c\u00e9l\u00e8bre OG Kush Breath et de la Mendo Montage. Parfaite pour les soir\u00e9es et les moments de d\u00e9tente, Mendo Breath est une&hellip;","_links":{"self":[{"href":"https:\/\/pressurezone.shop\/pl\/wp-json\/wp\/v2\/product\/3019"}],"collection":[{"href":"https:\/\/pressurezone.shop\/pl\/wp-json\/wp\/v2\/product"}],"about":[{"href":"https:\/\/pressurezone.shop\/pl\/wp-json\/wp\/v2\/types\/product"}],"replies":[{"embeddable":true,"href":"https:\/\/pressurezone.shop\/pl\/wp-json\/wp\/v2\/comments?post=3019"}],"version-history":[{"count":3,"href":"https:\/\/pressurezone.shop\/pl\/wp-json\/wp\/v2\/product\/3019\/revisions"}],"predecessor-version":[{"id":3951,"href":"https:\/\/pressurezone.shop\/pl\/wp-json\/wp\/v2\/product\/3019\/revisions\/3951"}],"wp:featuredmedia":[{"embeddable":true,"href":"https:\/\/pressurezone.shop\/pl\/wp-json\/wp\/v2\/media\/3095"}],"wp:attachment":[{"href":"https:\/\/pressurezone.shop\/pl\/wp-json\/wp\/v2\/media?parent=3019"}],"wp:term":[{"taxonomy":"product_brand","embeddable":true,"href":"https:\/\/pressurezone.shop\/pl\/wp-json\/wp\/v2\/product_brand?post=3019"},{"taxonomy":"product_cat","embeddable":true,"href":"https:\/\/pressurezone.shop\/pl\/wp-json\/wp\/v2\/product_cat?post=3019"},{"taxonomy":"product_tag","embeddable":true,"href":"https:\/\/pressurezone.shop\/pl\/wp-json\/wp\/v2\/product_tag?post=3019"}],"curies":[{"name":"wp","href":"https:\/\/api.w.org\/{rel}","templated":true}]}}