{"id":3020,"date":"2024-10-11T00:48:47","date_gmt":"2024-10-10T22:48:47","guid":{"rendered":"https:\/\/pressurezone.shop\/?post_type=product&#038;p=3020"},"modified":"2024-11-03T00:53:23","modified_gmt":"2024-11-02T23:53:23","slug":"gorilla-butter-hybrid-weed-strain","status":"publish","type":"product","link":"https:\/\/pressurezone.shop\/pl\/produkt\/hybrydowa-odmiana-chwastow-gorilla-butter\/","title":{"rendered":"Odmiana hybrydowa Gorilla Butter"},"content":{"rendered":"<h3><strong>Kupi\u0107 Gorilla Butter Hybrid Weed Strain online na <a href=\"https:\/\/pressurezone.shop\/pl\/\" target=\"_new\" rel=\"noopener\">Sklep ze strefami ci\u015bnieniowymi<\/a> - Doskona\u0142e do\u015bwiadczenie hybrydowe<\/strong><\/h3>\n<p>Odkryj pot\u0119\u017cn\u0105 r\u00f3wnowag\u0119 <strong>Odmiana hybrydowa Gorilla Butter<\/strong>znana r\u00f3wnie\u017c jako Gorilla Butter F2 lub Gorilla Butter F2 #12. Ta pot\u0119\u017cna hybryda (50% sativa\/50% indica) jest wynikiem skrzy\u017cowania s\u0142ynnych odmian <strong>Oddech z mas\u0142em orzechowym<\/strong> i <strong>Klej Gorilla Glue #4<\/strong>\u0142\u0105cz\u0105c najlepsze efekty ka\u017cdego rodzaju konopi, zapewniaj\u0105c doznania bogate w energi\u0119 i smak.<\/p>\n<h3>Co sprawia, \u017ce Gorilla Butter jest wyj\u0105tkowe?<\/h3>\n<p><strong>Gorilla Butter<\/strong> oferuje doskonale zbalansowany haj, z poziomami THC od 15% do 23%, dzi\u0119ki czemu jest dost\u0119pny zar\u00f3wno dla pocz\u0105tkuj\u0105cych, jak i koneser\u00f3w konopi. Jej dzia\u0142anie rozpoczyna si\u0119 kilka chwil po wydechu, dostarczaj\u0105c euforycznego haju, kt\u00f3ry poprawia nastr\u00f3j, kreatywno\u015b\u0107 i samopoczucie. Haj ten przekszta\u0142ca si\u0119 nast\u0119pnie w koj\u0105cy fizyczny relaks, kt\u00f3ry \u0142agodzi napi\u0119cie mi\u0119\u015bni bez powodowania nadmiernego uspokojenia, idealny do stosowania w dzie\u0144 i w nocy.<a href=\"https:\/\/fuelpackz.com\/\" target=\"_blank\" rel=\"noopener\">.<\/a><\/p>\n<ul>\n<li><strong>Typ<\/strong> Hybryda - 50% Sativa \/ 50% Indica<\/li>\n<li><strong>THC<\/strong> 15% - 23%<\/li>\n<li><strong>CBD<\/strong> Niski, idealny dla mi\u0142o\u015bnik\u00f3w THC<\/li>\n<\/ul>\n<h3>Efekty i korzy\u015bci hybrydowej odmiany zi\u00f3\u0142 Gorilla Butter<\/h3>\n<p>Dzi\u0119ki swojemu zr\u00f3wnowa\u017conemu dzia\u0142aniu Gorilla Butter nie pozwala zasn\u0105\u0107 podczas relaksu. Jego zr\u00f3\u017cnicowane dzia\u0142anie sprawia, \u017ce jest doskona\u0142ym wyborem dla tych, kt\u00f3rzy chc\u0105 poprawi\u0107 sw\u00f3j nastr\u00f3j i kreatywno\u015b\u0107 lub z\u0142agodzi\u0107 dyskomfort fizyczny bez uczucia \"przykucia do kanapy\".<\/p>\n<ul>\n<li><strong>Efekty<\/strong> Euforia, poprawa nastroju, relaks, uczucie mrowienia, towarzysko\u015b\u0107, pobudzenie kreatywno\u015bci<\/li>\n<li><strong>Idealny dla<\/strong> U\u015bmierzanie przewlek\u0142ego b\u00f3lu, radzenie sobie z wahaniami nastroju, zmniejszanie stresu i \u0142agodzenie b\u00f3l\u00f3w g\u0142owy<\/li>\n<\/ul>\n<p>Zalecany w przypadku takich schorze\u0144 jak :<\/p>\n<ul>\n<li><strong>Przewlek\u0142y b\u00f3l<\/strong> - \u0141agodzi b\u00f3l i napi\u0119cie w ciele.<\/li>\n<li><strong>Wahania nastroju i depresja<\/strong> - R\u00f3wnowa\u017cy nastr\u00f3j, pozostawiaj\u0105c uczucie szcz\u0119\u015bcia i spokoju.<\/li>\n<li><strong>B\u00f3le g\u0142owy i migreny<\/strong> - \u0141agodzi ucisk i b\u00f3l, idealny w przypadku migreny.<\/li>\n<li><strong>Przewlek\u0142y stres<\/strong> - Uspokaja umys\u0142 i relaksuje cia\u0142o.<\/li>\n<\/ul>\n<h3>Smak i aromat odmiany Gorilla Butter<\/h3>\n<p>Smak i aromat <strong>Gorilla Butter<\/strong> s\u0105 r\u00f3wnie niezapomniane, jak jej efekty. Odmiana ta oferuje bogaty, kremowy smak z nutami orzech\u00f3w laskowych i pieprzu oraz lekkim owocowym posmakiem. Jej aromat jest ziemisty i pikantny, z nutami oleju nap\u0119dowego, dzi\u0119ki czemu ka\u017cde zaci\u0105gni\u0119cie jest wyj\u0105tkowe.<\/p>\n<ul>\n<li><strong>Smaki<\/strong> Kremowy, orzech laskowy, owocowy, kwa\u015bny, pikantny<\/li>\n<li><strong>Zapachy<\/strong> ziemisty, olej nap\u0119dowy, zio\u0142owy, orzech laskowy, korzenny<\/li>\n<\/ul>\n<h3>Wygl\u0105d odmiany Gorilla Butter<\/h3>\n<p>G\u0142\u00f3wki Gorilla Butter s\u0105 g\u0119ste i pokryte krystaliczn\u0105 warstw\u0105. Wyr\u00f3\u017cniaj\u0105 si\u0119 jasnymi odcieniami zieleni i jasnopomara\u0144czowymi w\u0142oskami, dodaj\u0105c wizualnego pi\u0119kna tej odmianie.<\/p>\n<h3>Dlaczego warto wybra\u0107 hybrydow\u0105 odmian\u0119 Gorilla Butter?<\/h3>\n<p>Dla tych, kt\u00f3rzy szukaj\u0105 <strong>zr\u00f3wnowa\u017cona odmiana hybrydowa<\/strong> oferuj\u0105c psychiczn\u0105 i fizyczn\u0105 ulg\u0119 <strong>Gorilla Butter<\/strong> to doskona\u0142y wyb\u00f3r. Dzi\u0119ki zr\u00f3wnowa\u017conym efektom, umiarkowanym do wysokich poziomom THC i pysznemu profilowi smakowemu, jest idealna dla u\u017cytkownik\u00f3w, kt\u00f3rzy chc\u0105 tego, co najlepsze w Indice i Sativie w jednym szczepie. Niezale\u017cnie od tego, czy chcesz poradzi\u0107 sobie z b\u00f3lem, poprawi\u0107 nastr\u00f3j, czy po prostu zrelaksowa\u0107 si\u0119 bez nadmiernej senno\u015bci, Gorilla Butter jest idealn\u0105 odmian\u0105.<\/p>\n<h3>Kup hybrydow\u0105 odmian\u0119 zi\u00f3\u0142 Gorilla Butter online w sklepie Pressure Zone Shop<\/h3>\n<p>Gotowy, by odkry\u0107 zr\u00f3wnowa\u017cony haj Gorilla Butter? <strong>Zam\u00f3w online<\/strong> od dzisiaj <a href=\"https:\/\/pressurezone.shop\/pl\/\" target=\"_new\" rel=\"noopener\">Sklep ze strefami ci\u015bnieniowymi<\/a> i ciesz si\u0119 niezawodn\u0105 dostaw\u0105 prosto do domu. Idealny do relaksu, chwil towarzyskich lub kreatywnych projekt\u00f3w, Gorilla Butter to obowi\u0105zkowa odmiana.<\/p>","protected":false},"excerpt":{"rendered":"<p>Acheter Gorilla Butter Hybrid Weed Strain en Ligne sur Pressure Zone Shop \u2013 Exp\u00e9rience Hybride de Qualit\u00e9 Sup\u00e9rieure D\u00e9couvrez le puissant \u00e9quilibre de la Gorilla Butter Hybrid Weed Strain, \u00e9galement connue sous le nom de \u00ab\u00a0Gorilla Butter F2\u00a0\u00bb ou \u00ab\u00a0Gorilla Butter F2 #12\u00a0\u00bb. Ce puissant hybride (50% sativa\/50% indica) est issu d&rsquo;un croisement entre les [&hellip;]<\/p>","protected":false},"featured_media":3097,"comment_status":"closed","ping_status":"closed","template":"","meta":{"_uag_custom_page_level_css":"","site-sidebar-layout":"default","site-content-layout":"","ast-site-content-layout":"default","site-content-style":"default","site-sidebar-style":"default","ast-global-header-display":"","ast-banner-title-visibility":"","ast-main-header-display":"","ast-hfb-above-header-display":"","ast-hfb-below-header-display":"","ast-hfb-mobile-header-display":"","site-post-title":"","ast-breadcrumbs-content":"","ast-featured-img":"","footer-sml-layout":"","theme-transparent-header-meta":"default","adv-header-id-meta":"","stick-header-meta":"","header-above-stick-meta":"","header-main-stick-meta":"","header-below-stick-meta":"","astra-migrate-meta-layouts":"set","ast-page-background-enabled":"default","ast-page-background-meta":{"desktop":{"background-color":"","background-image":"","background-repeat":"repeat","background-position":"center center","background-size":"auto","background-attachment":"scroll","background-type":"","background-media":"","overlay-type":"","overlay-color":"","overlay-opacity":"","overlay-gradient":""},"tablet":{"background-color":"","background-image":"","background-repeat":"repeat","background-position":"center center","background-size":"auto","background-attachment":"scroll","background-type":"","background-media":"","overlay-type":"","overlay-color":"","overlay-opacity":"","overlay-gradient":""},"mobile":{"background-color":"","background-image":"","background-repeat":"repeat","background-position":"center center","background-size":"auto","background-attachment":"scroll","background-type":"","background-media":"","overlay-type":"","overlay-color":"","overlay-opacity":"","overlay-gradient":""}},"ast-content-background-meta":{"desktop":{"background-color":"var(--ast-global-color-5)","background-image":"","background-repeat":"repeat","background-position":"center center","background-size":"auto","background-attachment":"scroll","background-type":"","background-media":"","overlay-type":"","overlay-color":"","overlay-opacity":"","overlay-gradient":""},"tablet":{"background-color":"var(--ast-global-color-5)","background-image":"","background-repeat":"repeat","background-position":"center center","background-size":"auto","background-attachment":"scroll","background-type":"","background-media":"","overlay-type":"","overlay-color":"","overlay-opacity":"","overlay-gradient":""},"mobile":{"background-color":"var(--ast-global-color-5)","background-image":"","background-repeat":"repeat","background-position":"center center","background-size":"auto","background-attachment":"scroll","background-type":"","background-media":"","overlay-type":"","overlay-color":"","overlay-opacity":"","overlay-gradient":""}}},"product_brand":[],"product_cat":[28,277],"product_tag":[300],"class_list":{"0":"post-3020","1":"product","2":"type-product","3":"status-publish","4":"has-post-thumbnail","6":"product_cat-varietes-de-cannabis","7":"product_cat-varietes-de-cannabis-hybrides","8":"product_tag-gorilla-butter-hybrid-weed-strain-for-sale-europe","9":"desktop-align-left","10":"tablet-align-left","11":"mobile-align-left","13":"first","14":"instock","15":"shipping-taxable","16":"purchasable","17":"product-type-variable"},"uagb_featured_image_src":{"full":["https:\/\/pressurezone.shop\/wp-content\/uploads\/2024\/10\/Gorilla-Butter-Hybrid-Weed-Strain.webp",2048,1365,false],"thumbnail":["https:\/\/pressurezone.shop\/wp-content\/uploads\/2024\/10\/Gorilla-Butter-Hybrid-Weed-Strain-150x150.webp",150,150,true],"medium":["https:\/\/pressurezone.shop\/wp-content\/uploads\/2024\/10\/Gorilla-Butter-Hybrid-Weed-Strain-300x200.webp",300,200,true],"medium_large":["https:\/\/pressurezone.shop\/wp-content\/uploads\/2024\/10\/Gorilla-Butter-Hybrid-Weed-Strain-768x512.webp",768,512,true],"large":["https:\/\/pressurezone.shop\/wp-content\/uploads\/2024\/10\/Gorilla-Butter-Hybrid-Weed-Strain-1024x683.webp",1024,683,true],"1536x1536":["https:\/\/pressurezone.shop\/wp-content\/uploads\/2024\/10\/Gorilla-Butter-Hybrid-Weed-Strain-1536x1024.webp",1536,1024,true],"2048x2048":["https:\/\/pressurezone.shop\/wp-content\/uploads\/2024\/10\/Gorilla-Butter-Hybrid-Weed-Strain.webp",2048,1365,false],"trp-custom-language-flag":["https:\/\/pressurezone.shop\/wp-content\/uploads\/2024\/10\/Gorilla-Butter-Hybrid-Weed-Strain-18x12.webp",18,12,true],"woocommerce_thumbnail":["https:\/\/pressurezone.shop\/wp-content\/uploads\/2024\/10\/Gorilla-Butter-Hybrid-Weed-Strain-300x300.webp",300,300,true],"woocommerce_single":["https:\/\/pressurezone.shop\/wp-content\/uploads\/2024\/10\/Gorilla-Butter-Hybrid-Weed-Strain-600x400.webp",600,400,true],"woocommerce_gallery_thumbnail":["https:\/\/pressurezone.shop\/wp-content\/uploads\/2024\/10\/Gorilla-Butter-Hybrid-Weed-Strain-100x100.webp",100,100,true]},"uagb_author_info":{"display_name":"pressurezone.shop","author_link":"https:\/\/pressurezone.shop\/pl\/author\/"},"uagb_comment_info":0,"uagb_excerpt":"Acheter Gorilla Butter Hybrid Weed Strain en Ligne sur Pressure Zone Shop \u2013 Exp\u00e9rience Hybride de Qualit\u00e9 Sup\u00e9rieure D\u00e9couvrez le puissant \u00e9quilibre de la Gorilla Butter Hybrid Weed Strain, \u00e9galement connue sous le nom de \u00ab\u00a0Gorilla Butter F2\u00a0\u00bb ou \u00ab\u00a0Gorilla Butter F2 #12\u00a0\u00bb. Ce puissant hybride (50% sativa\/50% indica) est issu d&rsquo;un croisement entre les&hellip;","_links":{"self":[{"href":"https:\/\/pressurezone.shop\/pl\/wp-json\/wp\/v2\/product\/3020"}],"collection":[{"href":"https:\/\/pressurezone.shop\/pl\/wp-json\/wp\/v2\/product"}],"about":[{"href":"https:\/\/pressurezone.shop\/pl\/wp-json\/wp\/v2\/types\/product"}],"replies":[{"embeddable":true,"href":"https:\/\/pressurezone.shop\/pl\/wp-json\/wp\/v2\/comments?post=3020"}],"version-history":[{"count":3,"href":"https:\/\/pressurezone.shop\/pl\/wp-json\/wp\/v2\/product\/3020\/revisions"}],"predecessor-version":[{"id":3808,"href":"https:\/\/pressurezone.shop\/pl\/wp-json\/wp\/v2\/product\/3020\/revisions\/3808"}],"wp:featuredmedia":[{"embeddable":true,"href":"https:\/\/pressurezone.shop\/pl\/wp-json\/wp\/v2\/media\/3097"}],"wp:attachment":[{"href":"https:\/\/pressurezone.shop\/pl\/wp-json\/wp\/v2\/media?parent=3020"}],"wp:term":[{"taxonomy":"product_brand","embeddable":true,"href":"https:\/\/pressurezone.shop\/pl\/wp-json\/wp\/v2\/product_brand?post=3020"},{"taxonomy":"product_cat","embeddable":true,"href":"https:\/\/pressurezone.shop\/pl\/wp-json\/wp\/v2\/product_cat?post=3020"},{"taxonomy":"product_tag","embeddable":true,"href":"https:\/\/pressurezone.shop\/pl\/wp-json\/wp\/v2\/product_tag?post=3020"}],"curies":[{"name":"wp","href":"https:\/\/api.w.org\/{rel}","templated":true}]}}