{"id":3021,"date":"2024-10-11T00:48:47","date_gmt":"2024-10-10T22:48:47","guid":{"rendered":"https:\/\/pressurezone.shop\/?post_type=product&#038;p=3021"},"modified":"2024-11-02T21:00:01","modified_gmt":"2024-11-02T20:00:01","slug":"black-cherry-soda-hybrid-flower","status":"publish","type":"product","link":"https:\/\/pressurezone.shop\/pl\/produkt\/hybrydowy-kwiat-czarnej-wisni\/","title":{"rendered":"Kwiat hybrydowy Black Cherry Soda"},"content":{"rendered":"<h3><strong>Kup hybryd\u0119 Black Cherry Soda Flower online w Europie na <a href=\"https:\/\/pressurezone.shop\/pl\/\" target=\"_new\" rel=\"noopener\">Strefa ci\u015bnienia<\/a><\/strong><\/h3>\n<p>Odkryj <strong>Odmiana konopi Black Cherry Soda Hybrid Flower<\/strong>Dominuj\u0105ca sativa (80% sativa \/ 20% indica), kt\u00f3ra oferuje wyj\u0105tkowe i wizualnie atrakcyjne doznania. G\u0119ste p\u0105ki pokryte s\u0105 b\u0142yszcz\u0105cymi kryszta\u0142kami, pomara\u0144czowymi w\u0142oskami oraz odcieniami fioletu i jasnej zieleni, <strong>Black Cherry Soda<\/strong> jest r\u00f3wnie pi\u0119kna, co pot\u0119\u017cna. Idealny dla tych, kt\u00f3rzy szukaj\u0105 stymuluj\u0105cego haju. <strong>odmiana konopi<\/strong> \u0142\u0105czy w sobie owocowy smak i m\u00f3zgow\u0105 moc<a href=\"https:\/\/fuelpackz.com\/\" target=\"_blank\" rel=\"noopener\">.<\/a><\/p>\n<h3>Efekty i korzy\u015bci Black Cherry Soda Hybrid Flower<\/h3>\n<p>La <strong>odmiana Black Cherry Soda Hybrid Flower<\/strong> wyr\u00f3\u017cnia si\u0119 pobudzaj\u0105cym dzia\u0142aniem, oferuj\u0105c idealne po\u0142\u0105czenie relaksu i energii. Oto g\u0142\u00f3wne efekty tej wyj\u0105tkowej odmiany:<\/p>\n<ul>\n<li><strong>Relaks i energia<\/strong> Idealna r\u00f3wnowaga mi\u0119dzy spokojniejszym umys\u0142em a odnowion\u0105 energi\u0105.<\/li>\n<li><strong>Odczucia m\u00f3zgowe<\/strong> Zapewnia stymuluj\u0105ce doznania m\u00f3zgowe i przyjemne mrowienie w g\u00f3rnej cz\u0119\u015bci cia\u0142a.<\/li>\n<li><strong>Przebudzenie i dobre samopoczucie<\/strong> Poprawia nastr\u00f3j i daje uczucie lekko\u015bci, idealny do \u0142agodzenia stresu.<\/li>\n<\/ul>\n<p>Chocia\u017c haj jest silny, Black Cherry Soda jest ceniona za dobre samopoczucie bez nadmiernej intensywno\u015bci, co czyni j\u0105 doskona\u0142ym wyborem na przyjemne doznania o ka\u017cdej porze dnia.<\/p>\n<h3>Korzy\u015bci terapeutyczne sody z czarnej wi\u015bni<\/h3>\n<p>Jak r\u00f3wnie\u017c jego stymuluj\u0105ce dzia\u0142anie, <strong>Black Cherry Soda<\/strong> jest znana ze swoich korzy\u015bci terapeutycznych. Dzi\u0119ki dominuj\u0105cemu profilowi sativy mo\u017ce pom\u00f3c z\u0142agodzi\u0107 :<\/p>\n<ul>\n<li><strong>Depresja i stany l\u0119kowe<\/strong> Uspokaja umys\u0142 i zach\u0119ca do pozytywnego stanu umys\u0142u.<\/li>\n<li><strong>Redukcja stresu<\/strong> Naturalny \u015brodek zmniejszaj\u0105cy uczucie stresu i napi\u0119cia.<\/li>\n<li><strong>U\u015bmierzanie b\u00f3lu<\/strong> Skutecznie \u0142agodzi drobne b\u00f3le, zapewniaj\u0105c jednocze\u015bnie uczucie lekko\u015bci.<\/li>\n<\/ul>\n<p>Dzi\u0119ki wysokiemu efektowi m\u00f3zgowemu i w\u0142a\u015bciwo\u015bciom uspokajaj\u0105cym, to <strong>odmiana konopi<\/strong> jest idealny dla os\u00f3b poszukuj\u0105cych po\u0142\u0105czenia dobrego samopoczucia psychicznego i fizycznego relaksu.<\/p>\n<h3>Smaki i aromaty napoju Black Cherry Soda<\/h3>\n<p>Profil smakowy i zapachowy <strong>Kwiat hybrydowy Black Cherry Soda<\/strong> jest tak wyj\u0105tkowy, jak jego efekty:<\/p>\n<ul>\n<li><strong>Smaki<\/strong> S\u0142odki jagodowy smak z owocowymi nutami przypominaj\u0105cymi mieszank\u0119 wi\u015bni i s\u0142odkich owoc\u00f3w.<\/li>\n<li><strong>Zapachy<\/strong> Intensywny zapach jag\u00f3d i ziemi, z nut\u0105 s\u0142odyczy i lekkiej pikanterii.<\/li>\n<\/ul>\n<p>Te <strong>wyj\u0105tkowe smaki i aromaty<\/strong> sprawiaj\u0105, \u017ce ka\u017cde zaci\u0105gni\u0119cie jest pysznym do\u015bwiadczeniem, idealnym dla fan\u00f3w owocowych i s\u0142odkich odmian.<\/p>\n<h3>Dlaczego warto kupi\u0107 Black Cherry Soda Hybrid Flower na <a href=\"https:\/\/pressurezone.shop\/pl\/\" target=\"_new\" rel=\"noopener\">Strefa ci\u015bnienia<\/a>?<\/h3>\n<p>Przy <strong>Strefa ci\u015bnienia<\/strong>Jeste\u015bmy zobowi\u0105zani do oferowania <strong>odmiany konopi<\/strong> dla naszych klient\u00f3w w Europie. <strong>Kwiat hybrydowy Black Cherry Soda<\/strong> to jedna z naszych ulubionych odmian, wybrana ze wzgl\u0119du na zr\u00f3wnowa\u017con\u0105 moc i wyj\u0105tkowy profil smakowy. Oto dlaczego warto kupowa\u0107 w\u0142a\u015bnie u nas:<\/p>\n<ul>\n<li><strong>Jako\u015b\u0107 i czysto\u015b\u0107<\/strong> Wybieramy i testujemy nasze produkty, aby zagwarantowa\u0107 wysok\u0105 jako\u015b\u0107.<\/li>\n<li><strong>Dotykowy do\u015bwiadczenie<\/strong> Ciesz si\u0119 r\u00f3\u017cnorodno\u015bci\u0105, kt\u00f3ra zapewnia idealn\u0105 r\u00f3wnowag\u0119 mi\u0119dzy relaksem a stymulacj\u0105.<\/li>\n<li><strong>Fachowa obs\u0142uga klienta<\/strong> Nasz zesp\u00f3\u0142 jest tutaj, aby pom\u00f3c Ci znale\u017a\u0107 odpowiedni <strong>odmiana konopi<\/strong> kt\u00f3ry spe\u0142nia Twoje potrzeby.<\/li>\n<\/ul>\n<h3>Cz\u0119sto zadawane pytania<\/h3>\n<h4>Jakie s\u0105 g\u0142\u00f3wne efekty dzia\u0142ania Black Cherry Soda Hybrid Flower?<\/h4>\n<p>La <strong>odmiana Black Cherry Soda Hybrid Flower<\/strong> zapewnia energetyzuj\u0105cy i relaksuj\u0105cy efekt, idealny do pobudzenia umys\u0142u przy jednoczesnym uspokojeniu cia\u0142a. Jego m\u00f3zgowe dzia\u0142anie jest stymuluj\u0105ce i sprzyja dobremu samopoczuciu.<\/p>\n<h4>Czy Black Cherry Soda mo\u017ce by\u0107 stosowana w celu z\u0142agodzenia stresu i depresji?<\/h4>\n<p>Tak, to <strong>odmiana konopi<\/strong> doskonale redukuje stres i depresj\u0119, promuj\u0105c pozytywny, spokojniejszy stan umys\u0142u.<\/p>\n<h4>Jakie smaki i aromaty dominuj\u0105 w napoju Black Cherry Soda?<\/h4>\n<p>Odmiana ta ma s\u0142odki jagodowy smak z owocowymi nutami. Jej aromat to mieszanka jag\u00f3d, ziemisto\u015bci i lekko pikantnej s\u0142odyczy.<\/p>\n<h3>Zam\u00f3w kwiat hybrydowy Black Cherry Soda online w Europie na <a href=\"https:\/\/pressurezone.shop\/pl\/\" target=\"_new\" rel=\"noopener\">Strefa ci\u015bnienia<\/a><\/h3>\n<p>Gotowy do odkrycia owocowego, energetyzuj\u0105cego dzia\u0142ania <strong>Kwiat hybrydowy Black Cherry Soda<\/strong>? <strong>Zam\u00f3w teraz<\/strong> na <a href=\"https:\/\/pressurezone.shop\/pl\/\" target=\"_new\" rel=\"noopener\">Strefa ci\u015bnienia<\/a> dla do\u015bwiadczenia <strong>odmiana konopi<\/strong> idealny do zmniejszenia stresu i poprawy nastroju. Dzi\u0119ki szybkiej dostawie i troskliwej obs\u0142udze klienta, Pressure Zone to zaufany sklep oferuj\u0105cy najwy\u017cszej jako\u015bci konopie indyjskie w Europie.<\/p>","protected":false},"excerpt":{"rendered":"<p>Achetez la Vari\u00e9t\u00e9 Black Cherry Soda Hybrid Flower en Ligne en Europe sur Pressure Zone D\u00e9couvrez la vari\u00e9t\u00e9 de cannabis Black Cherry Soda Hybrid Flower, une sativa dominante (80% sativa \/ 20% indica) qui offre une exp\u00e9rience unique et visuellement saisissante. Avec ses bourgeons denses couverts de cristaux scintillants, de poils orange et de nuances [&hellip;]<\/p>","protected":false},"featured_media":3099,"comment_status":"closed","ping_status":"closed","template":"","meta":{"_uag_custom_page_level_css":"","site-sidebar-layout":"default","site-content-layout":"","ast-site-content-layout":"default","site-content-style":"default","site-sidebar-style":"default","ast-global-header-display":"","ast-banner-title-visibility":"","ast-main-header-display":"","ast-hfb-above-header-display":"","ast-hfb-below-header-display":"","ast-hfb-mobile-header-display":"","site-post-title":"","ast-breadcrumbs-content":"","ast-featured-img":"","footer-sml-layout":"","theme-transparent-header-meta":"default","adv-header-id-meta":"","stick-header-meta":"","header-above-stick-meta":"","header-main-stick-meta":"","header-below-stick-meta":"","astra-migrate-meta-layouts":"set","ast-page-background-enabled":"default","ast-page-background-meta":{"desktop":{"background-color":"","background-image":"","background-repeat":"repeat","background-position":"center center","background-size":"auto","background-attachment":"scroll","background-type":"","background-media":"","overlay-type":"","overlay-color":"","overlay-opacity":"","overlay-gradient":""},"tablet":{"background-color":"","background-image":"","background-repeat":"repeat","background-position":"center center","background-size":"auto","background-attachment":"scroll","background-type":"","background-media":"","overlay-type":"","overlay-color":"","overlay-opacity":"","overlay-gradient":""},"mobile":{"background-color":"","background-image":"","background-repeat":"repeat","background-position":"center center","background-size":"auto","background-attachment":"scroll","background-type":"","background-media":"","overlay-type":"","overlay-color":"","overlay-opacity":"","overlay-gradient":""}},"ast-content-background-meta":{"desktop":{"background-color":"var(--ast-global-color-5)","background-image":"","background-repeat":"repeat","background-position":"center center","background-size":"auto","background-attachment":"scroll","background-type":"","background-media":"","overlay-type":"","overlay-color":"","overlay-opacity":"","overlay-gradient":""},"tablet":{"background-color":"var(--ast-global-color-5)","background-image":"","background-repeat":"repeat","background-position":"center center","background-size":"auto","background-attachment":"scroll","background-type":"","background-media":"","overlay-type":"","overlay-color":"","overlay-opacity":"","overlay-gradient":""},"mobile":{"background-color":"var(--ast-global-color-5)","background-image":"","background-repeat":"repeat","background-position":"center center","background-size":"auto","background-attachment":"scroll","background-type":"","background-media":"","overlay-type":"","overlay-color":"","overlay-opacity":"","overlay-gradient":""}}},"product_brand":[],"product_cat":[28,277],"product_tag":[301],"class_list":{"0":"post-3021","1":"product","2":"type-product","3":"status-publish","4":"has-post-thumbnail","6":"product_cat-varietes-de-cannabis","7":"product_cat-varietes-de-cannabis-hybrides","8":"product_tag-black-cherry-soda-hybrid-flower-europe","9":"desktop-align-left","10":"tablet-align-left","11":"mobile-align-left","13":"first","14":"instock","15":"shipping-taxable","16":"purchasable","17":"product-type-variable"},"uagb_featured_image_src":{"full":["https:\/\/pressurezone.shop\/wp-content\/uploads\/2024\/10\/Black-Cherry-Soda-Hybrid-Flower.webp",2048,1365,false],"thumbnail":["https:\/\/pressurezone.shop\/wp-content\/uploads\/2024\/10\/Black-Cherry-Soda-Hybrid-Flower-150x150.webp",150,150,true],"medium":["https:\/\/pressurezone.shop\/wp-content\/uploads\/2024\/10\/Black-Cherry-Soda-Hybrid-Flower-300x200.webp",300,200,true],"medium_large":["https:\/\/pressurezone.shop\/wp-content\/uploads\/2024\/10\/Black-Cherry-Soda-Hybrid-Flower-768x512.webp",768,512,true],"large":["https:\/\/pressurezone.shop\/wp-content\/uploads\/2024\/10\/Black-Cherry-Soda-Hybrid-Flower-1024x683.webp",1024,683,true],"1536x1536":["https:\/\/pressurezone.shop\/wp-content\/uploads\/2024\/10\/Black-Cherry-Soda-Hybrid-Flower-1536x1024.webp",1536,1024,true],"2048x2048":["https:\/\/pressurezone.shop\/wp-content\/uploads\/2024\/10\/Black-Cherry-Soda-Hybrid-Flower.webp",2048,1365,false],"trp-custom-language-flag":["https:\/\/pressurezone.shop\/wp-content\/uploads\/2024\/10\/Black-Cherry-Soda-Hybrid-Flower-18x12.webp",18,12,true],"woocommerce_thumbnail":["https:\/\/pressurezone.shop\/wp-content\/uploads\/2024\/10\/Black-Cherry-Soda-Hybrid-Flower-300x300.webp",300,300,true],"woocommerce_single":["https:\/\/pressurezone.shop\/wp-content\/uploads\/2024\/10\/Black-Cherry-Soda-Hybrid-Flower-600x400.webp",600,400,true],"woocommerce_gallery_thumbnail":["https:\/\/pressurezone.shop\/wp-content\/uploads\/2024\/10\/Black-Cherry-Soda-Hybrid-Flower-100x100.webp",100,100,true]},"uagb_author_info":{"display_name":"pressurezone.shop","author_link":"https:\/\/pressurezone.shop\/pl\/author\/"},"uagb_comment_info":0,"uagb_excerpt":"Achetez la Vari\u00e9t\u00e9 Black Cherry Soda Hybrid Flower en Ligne en Europe sur Pressure Zone D\u00e9couvrez la vari\u00e9t\u00e9 de cannabis Black Cherry Soda Hybrid Flower, une sativa dominante (80% sativa \/ 20% indica) qui offre une exp\u00e9rience unique et visuellement saisissante. Avec ses bourgeons denses couverts de cristaux scintillants, de poils orange et de nuances&hellip;","_links":{"self":[{"href":"https:\/\/pressurezone.shop\/pl\/wp-json\/wp\/v2\/product\/3021"}],"collection":[{"href":"https:\/\/pressurezone.shop\/pl\/wp-json\/wp\/v2\/product"}],"about":[{"href":"https:\/\/pressurezone.shop\/pl\/wp-json\/wp\/v2\/types\/product"}],"replies":[{"embeddable":true,"href":"https:\/\/pressurezone.shop\/pl\/wp-json\/wp\/v2\/comments?post=3021"}],"version-history":[{"count":3,"href":"https:\/\/pressurezone.shop\/pl\/wp-json\/wp\/v2\/product\/3021\/revisions"}],"predecessor-version":[{"id":3657,"href":"https:\/\/pressurezone.shop\/pl\/wp-json\/wp\/v2\/product\/3021\/revisions\/3657"}],"wp:featuredmedia":[{"embeddable":true,"href":"https:\/\/pressurezone.shop\/pl\/wp-json\/wp\/v2\/media\/3099"}],"wp:attachment":[{"href":"https:\/\/pressurezone.shop\/pl\/wp-json\/wp\/v2\/media?parent=3021"}],"wp:term":[{"taxonomy":"product_brand","embeddable":true,"href":"https:\/\/pressurezone.shop\/pl\/wp-json\/wp\/v2\/product_brand?post=3021"},{"taxonomy":"product_cat","embeddable":true,"href":"https:\/\/pressurezone.shop\/pl\/wp-json\/wp\/v2\/product_cat?post=3021"},{"taxonomy":"product_tag","embeddable":true,"href":"https:\/\/pressurezone.shop\/pl\/wp-json\/wp\/v2\/product_tag?post=3021"}],"curies":[{"name":"wp","href":"https:\/\/api.w.org\/{rel}","templated":true}]}}