{"id":3022,"date":"2024-10-11T00:48:47","date_gmt":"2024-10-10T22:48:47","guid":{"rendered":"https:\/\/pressurezone.shop\/?post_type=product&#038;p=3022"},"modified":"2024-11-02T22:23:09","modified_gmt":"2024-11-02T21:23:09","slug":"glazed-apricot-gelato-strain","status":"publish","type":"product","link":"https:\/\/pressurezone.shop\/pl\/produkt\/odmiana-lodow-morelowych-glazurowanych\/","title":{"rendered":"Glazed Apricot Gelato Strain"},"content":{"rendered":"<div class=\"flex-shrink-0 flex flex-col relative items-end\">\n<div>\n<div class=\"pt-0\">\n<div class=\"gizmo-bot-avatar flex h-8 w-8 items-center justify-center overflow-hidden rounded-full\">\n<div class=\"relative p-1 rounded-sm flex items-center justify-center bg-token-main-surface-primary text-token-text-primary h-8 w-8\"><\/div>\n<\/div>\n<\/div>\n<\/div>\n<\/div>\n<div class=\"group\/conversation-turn relative flex w-full min-w-0 flex-col agent-turn\">\n<div class=\"flex-col gap-1 md:gap-3\">\n<div class=\"flex max-w-full flex-col flex-grow\">\n<div class=\"min-h-8 text-message flex w-full flex-col items-end gap-2 whitespace-normal break-words [.text-message+&amp;]:mt-5\" dir=\"auto\" data-message-author-role=\"assistant\" data-message-id=\"5b321af8-7689-4f75-8338-44df8724d2a7\" data-message-model-slug=\"gpt-4o\">\n<div class=\"flex w-full flex-col gap-1 empty:hidden first:pt-[3px]\">\n<div class=\"markdown prose w-full break-words dark:prose-invert light\">\n<h3><strong>Kup Glazed Apricot Gelato Strain online w Europie pod adresem <a href=\"https:\/\/pressurezone.shop\/pl\/\" target=\"_new\" rel=\"noopener\">Strefa ci\u015bnienia<\/a><\/strong><\/h3>\n<p>Odkryj <strong>Glazed Apricot Gelato Strain<\/strong>a <strong>odmiana konopi<\/strong> hybryda z dominacj\u0105 indiki (70% indica \/ 30% sativa), kt\u00f3ra \u0142\u0105czy s\u0142ynne <strong>Gelato #1<\/strong>, <strong>Legenda<\/strong>oraz <strong>Pomara\u0144czowa morela<\/strong>. Dzi\u0119ki wysokiej zawarto\u015bci THC do 26%, odmiana ta jest idealna dla os\u00f3b poszukuj\u0105cych euforycznego, relaksuj\u0105cego haju, kt\u00f3ry utrzymuje si\u0119 przez wiele godzin. Glazed Apricot Gelato to idealny wyb\u00f3r na s\u0142odki i \u0142agodny relaks.<a href=\"https:\/\/fuelpackz.com\/\" target=\"_blank\" rel=\"noopener\">.<\/a><\/p>\n<h3>Efekty i korzy\u015bci Glazed Apricot Gelato Strain<\/h3>\n<p>La <strong>Odmiana szczepu Glazed Apricot Gelato<\/strong> jest ceniony za swoje relaksuj\u0105ce i stymuluj\u0105ce dzia\u0142anie, idealne do odpr\u0119\u017cenia i cieszenia si\u0119 chwil\u0105 dobrego samopoczucia:<\/p>\n<ul>\n<li><strong>Euforia i dobry humor<\/strong> Przynosi uczucie szcz\u0119\u015bcia i zadowolenia, idealne do poprawy nastroju.<\/li>\n<li><strong>Wysoka cielesno\u015b\u0107 i stymulacja<\/strong> Odpr\u0119\u017ca cia\u0142o i pobudza zmys\u0142y, idealny do relaksu bez uczucia ci\u0119\u017cko\u015bci.<\/li>\n<li><strong>D\u0142ugotrwa\u0142y i koj\u0105cy efekt<\/strong> Dzi\u0119ki d\u0142ugotrwa\u0142ej wysokiej jako\u015bci jest idealny do \u0142agodzenia napi\u0119cia i cieszenia si\u0119 cisz\u0105 i spokojem.<\/li>\n<\/ul>\n<p>Dzi\u0119ki zr\u00f3wnowa\u017conym efektom i <strong>THC w zakresie od 17% do 26%<\/strong>Glazed Apricot Gelato to idealne rozwi\u0105zanie na relaks po d\u0142ugim dniu.<\/p>\n<h3>Korzy\u015bci terapeutyczne szczepu Glazed Apricot Gelato<\/h3>\n<p>Dzi\u0119ki koj\u0105cemu, euforycznemu dzia\u0142aniu, <strong>Lody morelowe z glazur\u0105<\/strong> jest cz\u0119sto wybierany ze wzgl\u0119du na swoje korzy\u015bci terapeutyczne:<\/p>\n<ul>\n<li><strong>Redukcja l\u0119ku i stresu<\/strong> Skutecznie uspokaja umys\u0142 i \u0142agodzi napi\u0119cie.<\/li>\n<li><strong>Ulga od depresji i zespo\u0142u stresu pourazowego<\/strong> Promuje pozytywny nastr\u00f3j i pomaga zmniejszy\u0107 zaburzenia nastroju.<\/li>\n<li><strong>Pomoc w zasypianiu<\/strong> Pomaga zwalcza\u0107 bezsenno\u015b\u0107, promuj\u0105c stan spokoju i relaksu.<\/li>\n<\/ul>\n<p>To <strong>odmiana konopi<\/strong> jest idealny dla os\u00f3b poszukuj\u0105cych naturalnego \u015brodka na relaks psychiczny i fizyczny, przy jednoczesnym zachowaniu czujno\u015bci i uwagi.<\/p>\n<h3>Smaki i aromaty Glazed Apricot Gelato<\/h3>\n<p>Glazed Apricot Gelato ma r\u00f3wnie\u017c intensywny, s\u0142odki profil smaku i aromatu:<\/p>\n<ul>\n<li><strong>Smaki<\/strong> Smak pikantnych owoc\u00f3w, \u015bmietany i cytryny, przypominaj\u0105cy sorbet morelowy z odrobin\u0105 s\u0142odyczy.<\/li>\n<li><strong>Zapachy<\/strong> Bogaty owocowo-cytrusowy zapach z pikantn\u0105, s\u0142odk\u0105 nut\u0105, idealny dla mi\u0142o\u015bnik\u00f3w wykwintnych smak\u00f3w.<\/li>\n<\/ul>\n<p>Te <strong>s\u0142odkie, owocowe smaki i aromaty<\/strong> sprawia, \u017ce ka\u017cdy powiew Glazed Apricot Gelato jest niezapomnianym prze\u017cyciem dla mi\u0142o\u015bnik\u00f3w konopi o s\u0142odkim, orze\u017awiaj\u0105cym smaku.<\/p>\n<h3>Dlaczego warto kupi\u0107 Glazed Apricot Gelato Strain na <a href=\"https:\/\/pressurezone.shop\/pl\/\" target=\"_new\" rel=\"noopener\">Strefa ci\u015bnienia<\/a>?<\/h3>\n<p>Przy <strong>Strefa ci\u015bnienia<\/strong>oferujemy <strong>odmiany konopi<\/strong> Starannie dobrane, aby zagwarantowa\u0107 czysto\u015b\u0107 i moc. <strong>Glazed Apricot Gelato Strain<\/strong> to jedna z naszych najlepszych odmian ze wzgl\u0119du na zr\u00f3wnowa\u017cone dzia\u0142anie i owocowy smak. Oto dlaczego warto wybra\u0107 Pressure Zone:<\/p>\n<ul>\n<li><strong>Wysokiej jako\u015bci<\/strong> Nasze produkty s\u0105 testowane w celu zagwarantowania wysokiej jako\u015bci wra\u017ce\u0144.<\/li>\n<li><strong>Efekt relaksuj\u0105cy i r\u00f3wnowa\u017c\u0105cy<\/strong> Idealny do relaksu i \u0142agodzenia stresu.<\/li>\n<li><strong>Dedykowana obs\u0142uga klienta<\/strong> Nasz zesp\u00f3\u0142 jest tutaj, aby pom\u00f3c Ci znale\u017a\u0107 odpowiedni <strong>odmiana konopi<\/strong> kt\u00f3ry najlepiej odpowiada Twoim potrzebom.<\/li>\n<\/ul>\n<h3>Cz\u0119sto zadawane pytania<\/h3>\n<h4>Jakie s\u0105 g\u0142\u00f3wne efekty Glazed Apricot Gelato Strain?<\/h4>\n<p>Glazed Apricot Gelato zapewnia euforyczny, relaksuj\u0105cy haj, idealny do odpr\u0119\u017cenia i poprawy nastroju. Oferuje idealn\u0105 r\u00f3wnowag\u0119 mi\u0119dzy relaksacj\u0105 cia\u0142a a stymulacj\u0105 umys\u0142ow\u0105.<\/p>\n<h4>Czy Glazed Apricot Gelato skutecznie \u0142agodzi niepok\u00f3j i stres?<\/h4>\n<p>Tak, to <strong>odmiana konopi<\/strong> doskonale redukuje niepok\u00f3j, stres i zaburzenia nastroju, oferuj\u0105c naturaln\u0105, koj\u0105c\u0105 ulg\u0119.<\/p>\n<h4>Jakie smaki i aromaty dominuj\u0105 w Glazed Apricot Gelato?<\/h4>\n<p>Glazed Apricot Gelato oferuje owocowe smaki cytrus\u00f3w i cytryny, kt\u00f3rym towarzysz\u0105 s\u0142odkie i cierpkie aromaty przypominaj\u0105ce sorbet morelowy.<\/p>\n<h3>Zam\u00f3w Glazed Apricot Gelato Strain online w Europie pod adresem <a href=\"https:\/\/pressurezone.shop\/pl\/\" target=\"_new\" rel=\"noopener\">Strefa ci\u015bnienia<\/a><\/h3>\n<p>Gotowy do odkrycia owocowej s\u0142odyczy <strong>Glazed Apricot Gelato Strain<\/strong>? <strong>Zam\u00f3w teraz<\/strong> na <a href=\"https:\/\/pressurezone.shop\/pl\/\" target=\"_new\" rel=\"noopener\">Strefa ci\u015bnienia<\/a> dla do\u015bwiadczenia <strong>odmiana konopi<\/strong> idealny do ukojenia umys\u0142u i cia\u0142a. Dzi\u0119ki szybkiej i dyskretnej dostawie, Pressure Zone gwarantuje zakupy bez zmartwie\u0144.<\/p>\n<\/div>\n<\/div>\n<\/div>\n<\/div>\n<\/div>\n<\/div>","protected":false},"excerpt":{"rendered":"<p>Achetez la Vari\u00e9t\u00e9 Glazed Apricot Gelato Strain en Ligne en Europe sur Pressure Zone D\u00e9couvrez Glazed Apricot Gelato Strain, une vari\u00e9t\u00e9 de cannabis hybride \u00e0 dominance indica (70% indica \/ 30% sativa) qui combine les c\u00e9l\u00e8bres souches Gelato #1, Legend, et Orange Apricot. Avec un taux de THC \u00e9lev\u00e9, atteignant jusqu&rsquo;\u00e0 26%, cette vari\u00e9t\u00e9 est [&hellip;]<\/p>","protected":false},"featured_media":3106,"comment_status":"closed","ping_status":"closed","template":"","meta":{"_uag_custom_page_level_css":"","site-sidebar-layout":"default","site-content-layout":"","ast-site-content-layout":"default","site-content-style":"default","site-sidebar-style":"default","ast-global-header-display":"","ast-banner-title-visibility":"","ast-main-header-display":"","ast-hfb-above-header-display":"","ast-hfb-below-header-display":"","ast-hfb-mobile-header-display":"","site-post-title":"","ast-breadcrumbs-content":"","ast-featured-img":"","footer-sml-layout":"","theme-transparent-header-meta":"default","adv-header-id-meta":"","stick-header-meta":"","header-above-stick-meta":"","header-main-stick-meta":"","header-below-stick-meta":"","astra-migrate-meta-layouts":"set","ast-page-background-enabled":"default","ast-page-background-meta":{"desktop":{"background-color":"","background-image":"","background-repeat":"repeat","background-position":"center center","background-size":"auto","background-attachment":"scroll","background-type":"","background-media":"","overlay-type":"","overlay-color":"","overlay-opacity":"","overlay-gradient":""},"tablet":{"background-color":"","background-image":"","background-repeat":"repeat","background-position":"center center","background-size":"auto","background-attachment":"scroll","background-type":"","background-media":"","overlay-type":"","overlay-color":"","overlay-opacity":"","overlay-gradient":""},"mobile":{"background-color":"","background-image":"","background-repeat":"repeat","background-position":"center center","background-size":"auto","background-attachment":"scroll","background-type":"","background-media":"","overlay-type":"","overlay-color":"","overlay-opacity":"","overlay-gradient":""}},"ast-content-background-meta":{"desktop":{"background-color":"var(--ast-global-color-5)","background-image":"","background-repeat":"repeat","background-position":"center center","background-size":"auto","background-attachment":"scroll","background-type":"","background-media":"","overlay-type":"","overlay-color":"","overlay-opacity":"","overlay-gradient":""},"tablet":{"background-color":"var(--ast-global-color-5)","background-image":"","background-repeat":"repeat","background-position":"center center","background-size":"auto","background-attachment":"scroll","background-type":"","background-media":"","overlay-type":"","overlay-color":"","overlay-opacity":"","overlay-gradient":""},"mobile":{"background-color":"var(--ast-global-color-5)","background-image":"","background-repeat":"repeat","background-position":"center center","background-size":"auto","background-attachment":"scroll","background-type":"","background-media":"","overlay-type":"","overlay-color":"","overlay-opacity":"","overlay-gradient":""}}},"product_brand":[],"product_cat":[28,278],"product_tag":[302],"class_list":{"0":"post-3022","1":"product","2":"type-product","3":"status-publish","4":"has-post-thumbnail","6":"product_cat-varietes-de-cannabis","7":"product_cat-varietes-de-marijuana-indica","8":"product_tag-order-glazed-apricot-gelato-strain-europe","9":"desktop-align-left","10":"tablet-align-left","11":"mobile-align-left","13":"first","14":"instock","15":"shipping-taxable","16":"purchasable","17":"product-type-variable"},"uagb_featured_image_src":{"full":["https:\/\/pressurezone.shop\/wp-content\/uploads\/2024\/10\/Glazed-Apricot-Gelato-Strain.webp",2048,1365,false],"thumbnail":["https:\/\/pressurezone.shop\/wp-content\/uploads\/2024\/10\/Glazed-Apricot-Gelato-Strain-150x150.webp",150,150,true],"medium":["https:\/\/pressurezone.shop\/wp-content\/uploads\/2024\/10\/Glazed-Apricot-Gelato-Strain-300x200.webp",300,200,true],"medium_large":["https:\/\/pressurezone.shop\/wp-content\/uploads\/2024\/10\/Glazed-Apricot-Gelato-Strain-768x512.webp",768,512,true],"large":["https:\/\/pressurezone.shop\/wp-content\/uploads\/2024\/10\/Glazed-Apricot-Gelato-Strain-1024x683.webp",1024,683,true],"1536x1536":["https:\/\/pressurezone.shop\/wp-content\/uploads\/2024\/10\/Glazed-Apricot-Gelato-Strain-1536x1024.webp",1536,1024,true],"2048x2048":["https:\/\/pressurezone.shop\/wp-content\/uploads\/2024\/10\/Glazed-Apricot-Gelato-Strain.webp",2048,1365,false],"trp-custom-language-flag":["https:\/\/pressurezone.shop\/wp-content\/uploads\/2024\/10\/Glazed-Apricot-Gelato-Strain-18x12.webp",18,12,true],"woocommerce_thumbnail":["https:\/\/pressurezone.shop\/wp-content\/uploads\/2024\/10\/Glazed-Apricot-Gelato-Strain-300x300.webp",300,300,true],"woocommerce_single":["https:\/\/pressurezone.shop\/wp-content\/uploads\/2024\/10\/Glazed-Apricot-Gelato-Strain-600x400.webp",600,400,true],"woocommerce_gallery_thumbnail":["https:\/\/pressurezone.shop\/wp-content\/uploads\/2024\/10\/Glazed-Apricot-Gelato-Strain-100x100.webp",100,100,true]},"uagb_author_info":{"display_name":"pressurezone.shop","author_link":"https:\/\/pressurezone.shop\/pl\/author\/"},"uagb_comment_info":0,"uagb_excerpt":"Achetez la Vari\u00e9t\u00e9 Glazed Apricot Gelato Strain en Ligne en Europe sur Pressure Zone D\u00e9couvrez Glazed Apricot Gelato Strain, une vari\u00e9t\u00e9 de cannabis hybride \u00e0 dominance indica (70% indica \/ 30% sativa) qui combine les c\u00e9l\u00e8bres souches Gelato #1, Legend, et Orange Apricot. Avec un taux de THC \u00e9lev\u00e9, atteignant jusqu&rsquo;\u00e0 26%, cette vari\u00e9t\u00e9 est&hellip;","_links":{"self":[{"href":"https:\/\/pressurezone.shop\/pl\/wp-json\/wp\/v2\/product\/3022"}],"collection":[{"href":"https:\/\/pressurezone.shop\/pl\/wp-json\/wp\/v2\/product"}],"about":[{"href":"https:\/\/pressurezone.shop\/pl\/wp-json\/wp\/v2\/types\/product"}],"replies":[{"embeddable":true,"href":"https:\/\/pressurezone.shop\/pl\/wp-json\/wp\/v2\/comments?post=3022"}],"version-history":[{"count":3,"href":"https:\/\/pressurezone.shop\/pl\/wp-json\/wp\/v2\/product\/3022\/revisions"}],"predecessor-version":[{"id":3784,"href":"https:\/\/pressurezone.shop\/pl\/wp-json\/wp\/v2\/product\/3022\/revisions\/3784"}],"wp:featuredmedia":[{"embeddable":true,"href":"https:\/\/pressurezone.shop\/pl\/wp-json\/wp\/v2\/media\/3106"}],"wp:attachment":[{"href":"https:\/\/pressurezone.shop\/pl\/wp-json\/wp\/v2\/media?parent=3022"}],"wp:term":[{"taxonomy":"product_brand","embeddable":true,"href":"https:\/\/pressurezone.shop\/pl\/wp-json\/wp\/v2\/product_brand?post=3022"},{"taxonomy":"product_cat","embeddable":true,"href":"https:\/\/pressurezone.shop\/pl\/wp-json\/wp\/v2\/product_cat?post=3022"},{"taxonomy":"product_tag","embeddable":true,"href":"https:\/\/pressurezone.shop\/pl\/wp-json\/wp\/v2\/product_tag?post=3022"}],"curies":[{"name":"wp","href":"https:\/\/api.w.org\/{rel}","templated":true}]}}