{"id":3023,"date":"2024-10-11T00:48:47","date_gmt":"2024-10-10T22:48:47","guid":{"rendered":"https:\/\/pressurezone.shop\/?post_type=product&#038;p=3023"},"modified":"2024-11-02T21:27:10","modified_gmt":"2024-11-02T20:27:10","slug":"mandarin-og-cannabis-strain","status":"publish","type":"product","link":"https:\/\/pressurezone.shop\/pl\/produkt\/mandarynka-og-odmiana-konopi\/","title":{"rendered":"Odmiana konopi Mandarin OG"},"content":{"rendered":"<h3><strong>Kup odmian\u0119 konopi Mandarin OG online w Europie pod adresem <a href=\"https:\/\/pressurezone.shop\/pl\/\" target=\"_new\" rel=\"noopener\">Strefa ci\u015bnienia<\/a><\/strong><\/h3>\n<p>Odkryj <strong>Odmiana konopi Mandarin OG<\/strong>znany r\u00f3wnie\u017c jako \"Mandarin Kush\" - jest <strong>odmiana konopi<\/strong> Hybryda z lekk\u0105 dominacj\u0105 Indica (60% Indica \/ 40% Sativa), kt\u00f3ra \u0142\u0105czy w sobie moc i cytrusowe smaki. Wynik krzy\u017c\u00f3wki pomi\u0119dzy <strong>Tangerine Haze<\/strong> i <strong>OG Kush<\/strong>Odmiana ta oferuje idealn\u0105 r\u00f3wnowag\u0119 mi\u0119dzy relaksem a energi\u0105, idealn\u0105 na chwile towarzystwa i dobrego samopoczucia.<a href=\"https:\/\/fuelpackz.com\/\" target=\"_blank\" rel=\"noopener\">.<\/a><\/p>\n<h3>Efekty i zalety odmiany konopi Mandarin OG<\/h3>\n<p>La <strong>Odmiana konopi Mandarin OG<\/strong> jest ceniona za swoje pobudzaj\u0105ce i radosne dzia\u0142anie, idealne do poprawy nastroju i z\u0142agodzenia napi\u0119cia:<\/p>\n<ul>\n<li><strong>Szcz\u0119\u015bcie i towarzysko\u015b\u0107<\/strong> Zapewnia dobre samopoczucie, idealne do spotka\u0144 towarzyskich lub relaksu.<\/li>\n<li><strong>Podnosz\u0105ca na duchu energia<\/strong> Promuje pozytywny nastr\u00f3j, jednocze\u015bnie relaksuj\u0105c cia\u0142o.<\/li>\n<li><strong>Koj\u0105cy spok\u00f3j<\/strong> Umo\u017cliwia roz\u0142adowanie napi\u0119cia bez nadmiernej sedacji.<\/li>\n<\/ul>\n<p>Z <strong>THC z 20-21%<\/strong> oraz <strong>CBD od 4-5%<\/strong>Odmiana ta jest idealna dla os\u00f3b poszukuj\u0105cych zr\u00f3wnowa\u017conego efektu, pobudzaj\u0105cego umys\u0142 i relaksuj\u0105cego cia\u0142o.<\/p>\n<h3>Korzy\u015bci terapeutyczne odmiany konopi Mandarin OG<\/h3>\n<p>Dzi\u0119ki swojemu koj\u0105cemu i radosnemu dzia\u0142aniu, <strong>Mandarin OG<\/strong> jest cz\u0119sto stosowany w celu z\u0142agodzenia r\u00f3\u017cnych objaw\u00f3w i stan\u00f3w:<\/p>\n<ul>\n<li><strong>Ulga w przewlek\u0142ym b\u00f3lu i stanach zapalnych<\/strong> \u0141agodzi b\u00f3le cia\u0142a i zmniejsza stan zapalny, idealny dla u\u017cytkownik\u00f3w szukaj\u0105cych naturalnej ulgi.<\/li>\n<li><strong>Zmniejszone zm\u0119czenie i depresja<\/strong> O\u017cywia umys\u0142 i pomaga zwalczy\u0107 zm\u0119czenie lub \u0142agodn\u0105 depresj\u0119.<\/li>\n<li><strong>Skuteczny przeciwko migrenom i nudno\u015bciom<\/strong> Idealny dla os\u00f3b cierpi\u0105cych na migreny lub problemy trawienne.<\/li>\n<\/ul>\n<p>To <strong>odmiana konopi<\/strong> to doskona\u0142a opcja dla os\u00f3b poszukuj\u0105cych korzy\u015bci terapeutycznych bez nadmiernych efekt\u00f3w, dzi\u0119ki zr\u00f3wnowa\u017conej mieszance THC i CBD.<\/p>\n<h3>Smaki i aromaty Mandarin OG<\/h3>\n<p>Mandarin OG to prawdziwa eksplozja cytrusowych i pikantnych smak\u00f3w:<\/p>\n<ul>\n<li><strong>Smaki<\/strong> Wyra\u017any smak pomara\u0144czy i cytrus\u00f3w, z nutami przypraw i kwasowo\u015bci, kt\u00f3re dodaj\u0105 g\u0142\u0119bi.<\/li>\n<li><strong>Zapachy<\/strong> Ziemisty, zio\u0142owy zapach, wzmocniony \u015bwie\u017c\u0105 nut\u0105 pomara\u0144czy, idealny dla tych, kt\u00f3rzy ceni\u0105 odmiany o naturalnych, orze\u017awiaj\u0105cych zapachach.<\/li>\n<\/ul>\n<p>Te <strong>cytrusowe smaki i aromaty<\/strong> sprawiaj\u0105, \u017ce ka\u017cdy powiew Mandarin OG jest orze\u017awiaj\u0105cym i przyjemnym do\u015bwiadczeniem.<\/p>\n<h3>Dlaczego warto kupi\u0107 odmian\u0119 konopi Mandarin OG na <a href=\"https:\/\/pressurezone.shop\/pl\/\" target=\"_new\" rel=\"noopener\">Strefa ci\u015bnienia<\/a>?<\/h3>\n<p>Przy <strong>Strefa ci\u015bnienia<\/strong>wybieramy <strong>odmiany konopi<\/strong> Dok\u0142adnie przetestowane, aby zapewni\u0107 najlepsze mo\u017cliwe wra\u017cenia. <strong>Odmiana konopi Mandarin OG<\/strong> jest jedn\u0105 z naszych najlepszych odmian ze wzgl\u0119du na zr\u00f3wnowa\u017cone dzia\u0142anie i wyj\u0105tkowy smak. Oto dlaczego powiniene\u015b kupowa\u0107 od nas:<\/p>\n<ul>\n<li><strong>Wysokiej jako\u015bci<\/strong> Wszystkie nasze produkty s\u0105 testowane w celu zapewnienia wysokiej jako\u015bci wra\u017ce\u0144.<\/li>\n<li><strong>Efekt energetyzuj\u0105cy i relaksuj\u0105cy<\/strong> Idealny dla zr\u00f3wnowa\u017conego do\u015bwiadczenia, kt\u00f3re poprawia nastr\u00f3j, jednocze\u015bnie relaksuj\u0105c cia\u0142o.<\/li>\n<li><strong>Dedykowana obs\u0142uga klienta<\/strong> Nasz zesp\u00f3\u0142 jest tutaj, aby pom\u00f3c Ci znale\u017a\u0107 odpowiedni <strong>odmiana konopi<\/strong> kt\u00f3ry spe\u0142nia Twoje potrzeby.<\/li>\n<\/ul>\n<h3>Cz\u0119sto zadawane pytania<\/h3>\n<h4>Jakie s\u0105 g\u0142\u00f3wne efekty dzia\u0142ania odmiany konopi Mandarin OG?<\/h4>\n<p>Mandarin OG zapewnia radosny, towarzyski haj, idealny na okazje towarzyskie. Jej energetyzuj\u0105ce dzia\u0142anie jest zr\u00f3wnowa\u017cone delikatnym relaksem, kt\u00f3ry pomaga zmniejszy\u0107 stres i niepok\u00f3j.<\/p>\n<h4>Czy Mandarin OG nadaje si\u0119 do \u0142agodzenia b\u00f3lu?<\/h4>\n<p>Tak, to <strong>odmiana konopi<\/strong> jest skuteczny w \u0142agodzeniu przewlek\u0142ego b\u00f3lu, zmniejszaniu stanu zapalnego i \u0142agodzeniu migreny.<\/p>\n<h4>Jakie smaki i aromaty dominuj\u0105 w Mandarin OG?<\/h4>\n<p>Mandarin OG oferuje intensywny cytrusowy smak z pikantnymi i zio\u0142owymi nutami. Jej ziemisty, \u015bwie\u017cy aromat pomara\u0144czy sprawia, \u017ce jest to wyj\u0105tkowe do\u015bwiadczenie sensoryczne.<\/p>\n<h3>Zam\u00f3w odmian\u0119 konopi Mandarin OG online w Europie pod adresem <a href=\"https:\/\/pressurezone.shop\/pl\/\" target=\"_new\" rel=\"noopener\">Strefa ci\u015bnienia<\/a><\/h3>\n<p>Gotowy do odkrycia idealnej r\u00f3wnowagi <strong>Odmiana konopi Mandarin OG<\/strong>? <strong>Zam\u00f3w teraz<\/strong> na <a href=\"https:\/\/pressurezone.shop\/pl\/\" target=\"_new\" rel=\"noopener\">Strefa ci\u015bnienia<\/a> dla do\u015bwiadczenia <strong>odmiana konopi<\/strong> wyj\u0105tkowa mieszanka, idealna na popraw\u0119 nastroju i z\u0142agodzenie napi\u0119cia. Ciesz si\u0119 dyskretn\u0105, niezawodn\u0105 dostaw\u0105, kt\u00f3ra zapewnia beztroskie zakupy.<\/p>","protected":false},"excerpt":{"rendered":"<p>Achetez la Vari\u00e9t\u00e9 Mandarin OG Cannabis Strain en Ligne en Europe sur Pressure Zone D\u00e9couvrez Mandarin OG Cannabis Strain, \u00e9galement connue sous le nom de \u00ab\u00a0Mandarin Kush\u00a0\u00bb \u2013 une vari\u00e9t\u00e9 de cannabis hybride l\u00e9g\u00e8rement dominante en indica (60% indica \/ 40% sativa) qui combine puissance et saveurs d\u2019agrumes. Issue d\u2019un croisement entre Tangerine Haze et [&hellip;]<\/p>","protected":false},"featured_media":3108,"comment_status":"closed","ping_status":"closed","template":"","meta":{"_uag_custom_page_level_css":"","site-sidebar-layout":"default","site-content-layout":"","ast-site-content-layout":"default","site-content-style":"default","site-sidebar-style":"default","ast-global-header-display":"","ast-banner-title-visibility":"","ast-main-header-display":"","ast-hfb-above-header-display":"","ast-hfb-below-header-display":"","ast-hfb-mobile-header-display":"","site-post-title":"","ast-breadcrumbs-content":"","ast-featured-img":"","footer-sml-layout":"","theme-transparent-header-meta":"default","adv-header-id-meta":"","stick-header-meta":"","header-above-stick-meta":"","header-main-stick-meta":"","header-below-stick-meta":"","astra-migrate-meta-layouts":"set","ast-page-background-enabled":"default","ast-page-background-meta":{"desktop":{"background-color":"","background-image":"","background-repeat":"repeat","background-position":"center center","background-size":"auto","background-attachment":"scroll","background-type":"","background-media":"","overlay-type":"","overlay-color":"","overlay-opacity":"","overlay-gradient":""},"tablet":{"background-color":"","background-image":"","background-repeat":"repeat","background-position":"center center","background-size":"auto","background-attachment":"scroll","background-type":"","background-media":"","overlay-type":"","overlay-color":"","overlay-opacity":"","overlay-gradient":""},"mobile":{"background-color":"","background-image":"","background-repeat":"repeat","background-position":"center center","background-size":"auto","background-attachment":"scroll","background-type":"","background-media":"","overlay-type":"","overlay-color":"","overlay-opacity":"","overlay-gradient":""}},"ast-content-background-meta":{"desktop":{"background-color":"var(--ast-global-color-5)","background-image":"","background-repeat":"repeat","background-position":"center center","background-size":"auto","background-attachment":"scroll","background-type":"","background-media":"","overlay-type":"","overlay-color":"","overlay-opacity":"","overlay-gradient":""},"tablet":{"background-color":"var(--ast-global-color-5)","background-image":"","background-repeat":"repeat","background-position":"center center","background-size":"auto","background-attachment":"scroll","background-type":"","background-media":"","overlay-type":"","overlay-color":"","overlay-opacity":"","overlay-gradient":""},"mobile":{"background-color":"var(--ast-global-color-5)","background-image":"","background-repeat":"repeat","background-position":"center center","background-size":"auto","background-attachment":"scroll","background-type":"","background-media":"","overlay-type":"","overlay-color":"","overlay-opacity":"","overlay-gradient":""}}},"product_brand":[],"product_cat":[28,278],"product_tag":[303,495],"class_list":{"0":"post-3023","1":"product","2":"type-product","3":"status-publish","4":"has-post-thumbnail","6":"product_cat-varietes-de-cannabis","7":"product_cat-varietes-de-marijuana-indica","8":"product_tag-buy-mandarin-og-cannabis-strain-europe","9":"product_tag-variete-mandarin-og-cannabis","10":"desktop-align-left","11":"tablet-align-left","12":"mobile-align-left","14":"first","15":"instock","16":"shipping-taxable","17":"purchasable","18":"product-type-variable"},"uagb_featured_image_src":{"full":["https:\/\/pressurezone.shop\/wp-content\/uploads\/2024\/10\/Buy-Mandarin-OG-Cannabis-Strain.webp",2048,1365,false],"thumbnail":["https:\/\/pressurezone.shop\/wp-content\/uploads\/2024\/10\/Buy-Mandarin-OG-Cannabis-Strain-150x150.webp",150,150,true],"medium":["https:\/\/pressurezone.shop\/wp-content\/uploads\/2024\/10\/Buy-Mandarin-OG-Cannabis-Strain-300x200.webp",300,200,true],"medium_large":["https:\/\/pressurezone.shop\/wp-content\/uploads\/2024\/10\/Buy-Mandarin-OG-Cannabis-Strain-768x512.webp",768,512,true],"large":["https:\/\/pressurezone.shop\/wp-content\/uploads\/2024\/10\/Buy-Mandarin-OG-Cannabis-Strain-1024x683.webp",1024,683,true],"1536x1536":["https:\/\/pressurezone.shop\/wp-content\/uploads\/2024\/10\/Buy-Mandarin-OG-Cannabis-Strain-1536x1024.webp",1536,1024,true],"2048x2048":["https:\/\/pressurezone.shop\/wp-content\/uploads\/2024\/10\/Buy-Mandarin-OG-Cannabis-Strain.webp",2048,1365,false],"trp-custom-language-flag":["https:\/\/pressurezone.shop\/wp-content\/uploads\/2024\/10\/Buy-Mandarin-OG-Cannabis-Strain-18x12.webp",18,12,true],"woocommerce_thumbnail":["https:\/\/pressurezone.shop\/wp-content\/uploads\/2024\/10\/Buy-Mandarin-OG-Cannabis-Strain-300x300.webp",300,300,true],"woocommerce_single":["https:\/\/pressurezone.shop\/wp-content\/uploads\/2024\/10\/Buy-Mandarin-OG-Cannabis-Strain-600x400.webp",600,400,true],"woocommerce_gallery_thumbnail":["https:\/\/pressurezone.shop\/wp-content\/uploads\/2024\/10\/Buy-Mandarin-OG-Cannabis-Strain-100x100.webp",100,100,true]},"uagb_author_info":{"display_name":"pressurezone.shop","author_link":"https:\/\/pressurezone.shop\/pl\/author\/"},"uagb_comment_info":0,"uagb_excerpt":"Achetez la Vari\u00e9t\u00e9 Mandarin OG Cannabis Strain en Ligne en Europe sur Pressure Zone D\u00e9couvrez Mandarin OG Cannabis Strain, \u00e9galement connue sous le nom de \u00ab\u00a0Mandarin Kush\u00a0\u00bb \u2013 une vari\u00e9t\u00e9 de cannabis hybride l\u00e9g\u00e8rement dominante en indica (60% indica \/ 40% sativa) qui combine puissance et saveurs d\u2019agrumes. Issue d\u2019un croisement entre Tangerine Haze et&hellip;","_links":{"self":[{"href":"https:\/\/pressurezone.shop\/pl\/wp-json\/wp\/v2\/product\/3023"}],"collection":[{"href":"https:\/\/pressurezone.shop\/pl\/wp-json\/wp\/v2\/product"}],"about":[{"href":"https:\/\/pressurezone.shop\/pl\/wp-json\/wp\/v2\/types\/product"}],"replies":[{"embeddable":true,"href":"https:\/\/pressurezone.shop\/pl\/wp-json\/wp\/v2\/comments?post=3023"}],"version-history":[{"count":3,"href":"https:\/\/pressurezone.shop\/pl\/wp-json\/wp\/v2\/product\/3023\/revisions"}],"predecessor-version":[{"id":3697,"href":"https:\/\/pressurezone.shop\/pl\/wp-json\/wp\/v2\/product\/3023\/revisions\/3697"}],"wp:featuredmedia":[{"embeddable":true,"href":"https:\/\/pressurezone.shop\/pl\/wp-json\/wp\/v2\/media\/3108"}],"wp:attachment":[{"href":"https:\/\/pressurezone.shop\/pl\/wp-json\/wp\/v2\/media?parent=3023"}],"wp:term":[{"taxonomy":"product_brand","embeddable":true,"href":"https:\/\/pressurezone.shop\/pl\/wp-json\/wp\/v2\/product_brand?post=3023"},{"taxonomy":"product_cat","embeddable":true,"href":"https:\/\/pressurezone.shop\/pl\/wp-json\/wp\/v2\/product_cat?post=3023"},{"taxonomy":"product_tag","embeddable":true,"href":"https:\/\/pressurezone.shop\/pl\/wp-json\/wp\/v2\/product_tag?post=3023"}],"curies":[{"name":"wp","href":"https:\/\/api.w.org\/{rel}","templated":true}]}}