{"id":3024,"date":"2024-10-11T00:48:47","date_gmt":"2024-10-10T22:48:47","guid":{"rendered":"https:\/\/pressurezone.shop\/?post_type=product&#038;p=3024"},"modified":"2024-11-03T21:23:25","modified_gmt":"2024-11-03T20:23:25","slug":"mandarin-og-weed-strain","status":"publish","type":"product","link":"https:\/\/pressurezone.shop\/pl\/produkt\/mandarynka-og-odmiana-chwastow\/","title":{"rendered":"Mandarin OG Weed Strain"},"content":{"rendered":"<div class=\"flex-shrink-0 flex flex-col relative items-end\">\n<div>\n<div class=\"pt-0\">\n<div class=\"gizmo-bot-avatar flex h-8 w-8 items-center justify-center overflow-hidden rounded-full\">\n<div class=\"relative p-1 rounded-sm flex items-center justify-center bg-token-main-surface-primary text-token-text-primary h-8 w-8\"><\/div>\n<\/div>\n<\/div>\n<\/div>\n<\/div>\n<div class=\"group\/conversation-turn relative flex w-full min-w-0 flex-col agent-turn\">\n<div class=\"flex-col gap-1 md:gap-3\">\n<div class=\"flex max-w-full flex-col flex-grow\">\n<div class=\"min-h-8 text-message flex w-full flex-col items-end gap-2 whitespace-normal break-words [.text-message+&amp;]:mt-5\" dir=\"auto\" data-message-author-role=\"assistant\" data-message-id=\"f3e0752e-7876-4bea-aebc-9de5bdece473\" data-message-model-slug=\"gpt-4o\">\n<div class=\"flex w-full flex-col gap-1 empty:hidden first:pt-[3px]\">\n<div class=\"markdown prose w-full break-words dark:prose-invert light\">\n<h3><strong>Kup Mandarin OG Weed Strain online w Europie na <a href=\"https:\/\/pressurezone.shop\/pl\/\" target=\"_new\" rel=\"noopener\">Sklep ze strefami ci\u015bnieniowymi<\/a><\/strong><\/h3>\n<p>Odkryj <strong>Mandarin OG Weed Strain<\/strong>Znana r\u00f3wnie\u017c jako \"Mandarin Kush\", odmiana hybrydowa o lekkim smaku indica (60% indica \/ 40% sativa), stworzona przez skrzy\u017cowanie klasycznych szczep\u00f3w <strong>Tangerine Haze<\/strong> i <strong>OG Kush<\/strong>. Idealny dla tych, kt\u00f3rzy szukaj\u0105 lekkiego, ekscytuj\u0105cego haju, <strong>Mandarin OG<\/strong> oferuje wyj\u0105tkowy cytrusowy smak, kt\u00f3ry zachwyci fan\u00f3w owocowych i pikantnych smak\u00f3w.<\/p>\n<h3>Dlaczego warto wybra\u0107 odmian\u0119 Mandarin OG?<\/h3>\n<p><strong>Mandarin OG Weed Strain<\/strong> jest idealna do radosnych, towarzyskich do\u015bwiadcze\u0144. Jej dzia\u0142anie zaczyna si\u0119 od uczucia szcz\u0119\u015bcia i lekko\u015bci, idealnego do aktywno\u015bci towarzyskich i chwil relaksu. Dzi\u0119ki zawarto\u015bci THC na poziomie 20-21% i CBD na poziomie 4-5%, odmiana ta jest r\u00f3wnie\u017c wysoko ceniona ze wzgl\u0119du na swoje w\u0142a\u015bciwo\u015bci terapeutyczne, skutecznie \u0142agodz\u0105c zm\u0119czenie, migreny i b\u00f3le zapalne.<a href=\"https:\/\/fuelpackz.com\/\" target=\"_blank\" rel=\"noopener\">.<\/a><\/p>\n<ul>\n<li><strong>Typ<\/strong> Hybryda z dominacj\u0105 Indica (60% Indica \/ 40% Sativa)<\/li>\n<li><strong>THC<\/strong> 20-21%, z 4-5% CBD dla efekt\u00f3w koj\u0105cych i terapeutycznych<\/li>\n<\/ul>\n<h3>Efekty i korzy\u015bci Mandarin OG Weed Strain<\/h3>\n<p>Z efektami euforycznymi i towarzyskimi, <strong>Mandarin OG Weed Strain<\/strong> jest idealny do relaksu przy zachowaniu aktywno\u015bci i dobrego nastroju. Jest idealna dla os\u00f3b poszukuj\u0105cych urozmaicenia w aktywno\u015bciach towarzyskich, zapewniaj\u0105c radosne pobudzenie umys\u0142owe bez zbytniego obci\u0105\u017cania cia\u0142a.<\/p>\n<ul>\n<li><strong>Efekty<\/strong> Szcz\u0119\u015bliwy, towarzyski, stymuluj\u0105cy<\/li>\n<li><strong>Idealny dla<\/strong> Przewlek\u0142y b\u00f3l, depresja, zm\u0119czenie, stany zapalne, migreny, nudno\u015bci<\/li>\n<\/ul>\n<h3>Choroby \u0142agodzone przez odmian\u0119 konopi Mandarin OG<\/h3>\n<p>Dzi\u0119ki zr\u00f3wnowa\u017conym, koj\u0105cym w\u0142a\u015bciwo\u015bciom, <strong>Mandarin OG<\/strong> jest cz\u0119sto stosowany w celu z\u0142agodzenia r\u00f3\u017cnych objaw\u00f3w:<\/p>\n<ul>\n<li><strong>Zm\u0119czenie i przewlek\u0142y b\u00f3l<\/strong> Pomaga zwalczy\u0107 zm\u0119czenie i z\u0142agodzi\u0107 uporczywe b\u00f3le.<\/li>\n<li><strong>Depresja i migreny<\/strong> Wspomaga pozytywny stan umys\u0142u i \u0142agodzi b\u00f3le g\u0142owy.<\/li>\n<li><strong>Zapalenie i nudno\u015bci<\/strong> Zmniejsza objawy stanu zapalnego i \u0142agodzi rozstr\u00f3j \u017co\u0142\u0105dka.<\/li>\n<\/ul>\n<h3>Smaki i aromaty Mandarin OG Weed Strain<\/h3>\n<p>La <strong>Mandarin OG Weed Strain<\/strong> oferuje orze\u017awiaj\u0105co pikantny profil aromatu, zdominowany przez nuty cytrus\u00f3w i pomara\u0144czy. Jej smak to mieszanka s\u0142odkich i cierpkich smak\u00f3w cytrusowych, kt\u00f3rym towarzyszy nuta przypraw, dodaj\u0105ca pikantnego wymiaru ka\u017cdemu zaci\u0105gni\u0119ciu.<\/p>\n<ul>\n<li><strong>Smaki<\/strong> Cytrusowy, pomara\u0144czowy, pikantny, kwa\u015bny<\/li>\n<li><strong>Zapachy<\/strong> cytrusowy, ziemisty, zio\u0142owy, pomara\u0144czowy<\/li>\n<\/ul>\n<h3>Wygl\u0105d kwiatu konopi Mandarin OG<\/h3>\n<p>P\u0105ki <strong>Mandarin OG<\/strong> s\u0105 ma\u0142e, okr\u0105g\u0142e i mi\u0119towo-zielone z d\u0142ugimi, cienkimi pomara\u0144czowymi w\u0142oskami i pow\u0142ok\u0105 bia\u0142ych krystalicznych trichom\u00f3w, nadaj\u0105c im atrakcyjny matowy po\u0142ysk. Ten schludny, \u017cywy wygl\u0105d natychmiast przemawia do koneser\u00f3w poszukuj\u0105cych wysokiej jako\u015bci.<\/p>\n<h3>Zam\u00f3w Mandarin OG Weed Strain online w sklepie Pressure Zone Shop<\/h3>\n<p>Gotowy do odkrycia radosnego i od\u015bwie\u017caj\u0105cego efektu <strong>Mandarin OG Weed Strain<\/strong> ? Zam\u00f3w ju\u017c dzi\u015b w <a href=\"https:\/\/pressurezone.shop\/pl\/\" target=\"_new\" rel=\"noopener\">Sklep ze strefami ci\u015bnieniowymi<\/a> aby cieszy\u0107 si\u0119 t\u0105 wyj\u0105tkow\u0105 odmian\u0105 hybrydow\u0105, idealn\u0105 do ukojenia cia\u0142a i rozja\u015bnienia ducha. Zar\u00f3wno na okazje towarzyskie, jak i w celu z\u0142agodzenia objaw\u00f3w fizycznych, <strong>Mandarin OG<\/strong> jest doskona\u0142ym wyborem zapewniaj\u0105cym doskona\u0142e wra\u017cenia.<\/p>\n<\/div>\n<\/div>\n<\/div>\n<\/div>\n<\/div>\n<\/div>","protected":false},"excerpt":{"rendered":"<div class=\"product-short-description\">\n<p>THC: 20% - 21%, CBD: 5%<\/p>\n<\/div>","protected":false},"featured_media":3110,"comment_status":"closed","ping_status":"closed","template":"","meta":{"_uag_custom_page_level_css":"","site-sidebar-layout":"default","site-content-layout":"","ast-site-content-layout":"default","site-content-style":"default","site-sidebar-style":"default","ast-global-header-display":"","ast-banner-title-visibility":"","ast-main-header-display":"","ast-hfb-above-header-display":"","ast-hfb-below-header-display":"","ast-hfb-mobile-header-display":"","site-post-title":"","ast-breadcrumbs-content":"","ast-featured-img":"","footer-sml-layout":"","theme-transparent-header-meta":"default","adv-header-id-meta":"","stick-header-meta":"","header-above-stick-meta":"","header-main-stick-meta":"","header-below-stick-meta":"","astra-migrate-meta-layouts":"set","ast-page-background-enabled":"default","ast-page-background-meta":{"desktop":{"background-color":"","background-image":"","background-repeat":"repeat","background-position":"center center","background-size":"auto","background-attachment":"scroll","background-type":"","background-media":"","overlay-type":"","overlay-color":"","overlay-opacity":"","overlay-gradient":""},"tablet":{"background-color":"","background-image":"","background-repeat":"repeat","background-position":"center center","background-size":"auto","background-attachment":"scroll","background-type":"","background-media":"","overlay-type":"","overlay-color":"","overlay-opacity":"","overlay-gradient":""},"mobile":{"background-color":"","background-image":"","background-repeat":"repeat","background-position":"center center","background-size":"auto","background-attachment":"scroll","background-type":"","background-media":"","overlay-type":"","overlay-color":"","overlay-opacity":"","overlay-gradient":""}},"ast-content-background-meta":{"desktop":{"background-color":"var(--ast-global-color-5)","background-image":"","background-repeat":"repeat","background-position":"center center","background-size":"auto","background-attachment":"scroll","background-type":"","background-media":"","overlay-type":"","overlay-color":"","overlay-opacity":"","overlay-gradient":""},"tablet":{"background-color":"var(--ast-global-color-5)","background-image":"","background-repeat":"repeat","background-position":"center center","background-size":"auto","background-attachment":"scroll","background-type":"","background-media":"","overlay-type":"","overlay-color":"","overlay-opacity":"","overlay-gradient":""},"mobile":{"background-color":"var(--ast-global-color-5)","background-image":"","background-repeat":"repeat","background-position":"center center","background-size":"auto","background-attachment":"scroll","background-type":"","background-media":"","overlay-type":"","overlay-color":"","overlay-opacity":"","overlay-gradient":""}}},"product_brand":[],"product_cat":[28,278],"product_tag":[304],"class_list":{"0":"post-3024","1":"product","2":"type-product","3":"status-publish","4":"has-post-thumbnail","6":"product_cat-varietes-de-cannabis","7":"product_cat-varietes-de-marijuana-indica","8":"product_tag-buy-mandarin-og-weed-strain-europe","9":"desktop-align-left","10":"tablet-align-left","11":"mobile-align-left","13":"first","14":"instock","15":"shipping-taxable","16":"purchasable","17":"product-type-variable"},"uagb_featured_image_src":{"full":["https:\/\/pressurezone.shop\/wp-content\/uploads\/2024\/10\/Mandarin-OG-Weed-Strain.webp",2048,1365,false],"thumbnail":["https:\/\/pressurezone.shop\/wp-content\/uploads\/2024\/10\/Mandarin-OG-Weed-Strain-150x150.webp",150,150,true],"medium":["https:\/\/pressurezone.shop\/wp-content\/uploads\/2024\/10\/Mandarin-OG-Weed-Strain-300x200.webp",300,200,true],"medium_large":["https:\/\/pressurezone.shop\/wp-content\/uploads\/2024\/10\/Mandarin-OG-Weed-Strain-768x512.webp",768,512,true],"large":["https:\/\/pressurezone.shop\/wp-content\/uploads\/2024\/10\/Mandarin-OG-Weed-Strain-1024x683.webp",1024,683,true],"1536x1536":["https:\/\/pressurezone.shop\/wp-content\/uploads\/2024\/10\/Mandarin-OG-Weed-Strain-1536x1024.webp",1536,1024,true],"2048x2048":["https:\/\/pressurezone.shop\/wp-content\/uploads\/2024\/10\/Mandarin-OG-Weed-Strain.webp",2048,1365,false],"trp-custom-language-flag":["https:\/\/pressurezone.shop\/wp-content\/uploads\/2024\/10\/Mandarin-OG-Weed-Strain-18x12.webp",18,12,true],"woocommerce_thumbnail":["https:\/\/pressurezone.shop\/wp-content\/uploads\/2024\/10\/Mandarin-OG-Weed-Strain-300x300.webp",300,300,true],"woocommerce_single":["https:\/\/pressurezone.shop\/wp-content\/uploads\/2024\/10\/Mandarin-OG-Weed-Strain-600x400.webp",600,400,true],"woocommerce_gallery_thumbnail":["https:\/\/pressurezone.shop\/wp-content\/uploads\/2024\/10\/Mandarin-OG-Weed-Strain-100x100.webp",100,100,true]},"uagb_author_info":{"display_name":"pressurezone.shop","author_link":"https:\/\/pressurezone.shop\/pl\/author\/"},"uagb_comment_info":0,"uagb_excerpt":"THC: 20% \u2013 21%, CBD: 5%","_links":{"self":[{"href":"https:\/\/pressurezone.shop\/pl\/wp-json\/wp\/v2\/product\/3024"}],"collection":[{"href":"https:\/\/pressurezone.shop\/pl\/wp-json\/wp\/v2\/product"}],"about":[{"href":"https:\/\/pressurezone.shop\/pl\/wp-json\/wp\/v2\/types\/product"}],"replies":[{"embeddable":true,"href":"https:\/\/pressurezone.shop\/pl\/wp-json\/wp\/v2\/comments?post=3024"}],"version-history":[{"count":3,"href":"https:\/\/pressurezone.shop\/pl\/wp-json\/wp\/v2\/product\/3024\/revisions"}],"predecessor-version":[{"id":3943,"href":"https:\/\/pressurezone.shop\/pl\/wp-json\/wp\/v2\/product\/3024\/revisions\/3943"}],"wp:featuredmedia":[{"embeddable":true,"href":"https:\/\/pressurezone.shop\/pl\/wp-json\/wp\/v2\/media\/3110"}],"wp:attachment":[{"href":"https:\/\/pressurezone.shop\/pl\/wp-json\/wp\/v2\/media?parent=3024"}],"wp:term":[{"taxonomy":"product_brand","embeddable":true,"href":"https:\/\/pressurezone.shop\/pl\/wp-json\/wp\/v2\/product_brand?post=3024"},{"taxonomy":"product_cat","embeddable":true,"href":"https:\/\/pressurezone.shop\/pl\/wp-json\/wp\/v2\/product_cat?post=3024"},{"taxonomy":"product_tag","embeddable":true,"href":"https:\/\/pressurezone.shop\/pl\/wp-json\/wp\/v2\/product_tag?post=3024"}],"curies":[{"name":"wp","href":"https:\/\/api.w.org\/{rel}","templated":true}]}}