{"id":3041,"date":"2024-10-11T00:49:11","date_gmt":"2024-10-10T22:49:11","guid":{"rendered":"https:\/\/pressurezone.shop\/?post_type=product&#038;p=3041"},"modified":"2024-11-03T20:33:34","modified_gmt":"2024-11-03T19:33:34","slug":"high-country-diesel-weed-strain","status":"publish","type":"product","link":"https:\/\/pressurezone.shop\/pl\/produkt\/odmiana-chwastow-high-country-diesel\/","title":{"rendered":"Odmiana High Country Diesel Weed"},"content":{"rendered":"<div class=\"flex-shrink-0 flex flex-col relative items-end\">\n<div>\n<div class=\"pt-0\">\n<div class=\"gizmo-bot-avatar flex h-8 w-8 items-center justify-center overflow-hidden rounded-full\">\n<div class=\"relative p-1 rounded-sm flex items-center justify-center bg-token-main-surface-primary text-token-text-primary h-8 w-8\"><\/div>\n<\/div>\n<\/div>\n<\/div>\n<\/div>\n<div class=\"group\/conversation-turn relative flex w-full min-w-0 flex-col agent-turn\">\n<div class=\"flex-col gap-1 md:gap-3\">\n<div class=\"flex max-w-full flex-col flex-grow\">\n<div class=\"min-h-8 text-message flex w-full flex-col items-end gap-2 whitespace-normal break-words [.text-message+&amp;]:mt-5\" dir=\"auto\" data-message-author-role=\"assistant\" data-message-id=\"f9d9d021-e8d9-4e84-b622-8094fe1a5410\" data-message-model-slug=\"gpt-4o\">\n<div class=\"flex w-full flex-col gap-1 empty:hidden first:pt-[3px]\">\n<div class=\"markdown prose w-full break-words dark:prose-invert light\">\n<h3><strong>Kup High Country Diesel Weed Strain online w Europie na <a href=\"https:\/\/pressurezone.shop\/pl\/\" target=\"_new\" rel=\"noopener\">Sklep ze strefami ci\u015bnieniowymi<\/a><\/strong><\/h3>\n<p>Odkryj <strong>Odmiana High Country Diesel Weed<\/strong>Rzadka odmiana z dominacj\u0105 Indica, zrodzona z krzy\u017c\u00f3wki legendarnej <strong>Diesel<\/strong> i <strong>OG Kush<\/strong>. Doceniany za relaksuj\u0105ce dzia\u0142anie i intensywny smak oleju nap\u0119dowego. <strong>Odmiana High Country Diesel Weed<\/strong> to idealny wyb\u00f3r dla fan\u00f3w mocnych, d\u0142ugotrwa\u0142ych odmian. Jej d\u0142ugotrwa\u0142y, umiarkowany haj jest odpowiedni dla wszystkich poziom\u00f3w do\u015bwiadczenia, oferuj\u0105c g\u0142\u0119boki relaks bez po\u015bpiechu.<\/p>\n<h3>Dlaczego warto wybra\u0107 High Country Diesel Weed Strain?<\/h3>\n<p><strong>High Country Diesel<\/strong> jest idealny dla os\u00f3b poszukuj\u0105cych delikatnego przyp\u0142ywu euforii, po kt\u00f3rym nast\u0119puje koj\u0105cy wp\u0142yw na cia\u0142o. Zaczyna si\u0119 od fali szcz\u0119\u015bcia i jasno\u015bci umys\u0142u, a nast\u0119pnie stopniowo wprowadza w stan intensywnego relaksu, cz\u0119sto prowadz\u0105c do <strong>blokada kanapy<\/strong> i przyjemnie ci\u0119\u017ckie uczucie. Ten haj \u0142agodnie ko\u0144czy si\u0119 uspokajaj\u0105cym, sennym efektem, idealnym do stosowania wieczorem lub przed snem.<a href=\"https:\/\/fuelpackz.com\/\" target=\"_blank\" rel=\"noopener\">.<\/a><\/p>\n<ul>\n<li><strong>Typ<\/strong> Hybryda z dominacj\u0105 Indica<\/li>\n<li><strong>THC<\/strong> Umiarkowany (13-17%) z 1% CBD dla d\u0142ugotrwa\u0142ego, zr\u00f3wnowa\u017conego relaksu<\/li>\n<\/ul>\n<h3>Efekty i korzy\u015bci High Country Diesel Weed Strain<\/h3>\n<p>Dzi\u0119ki swojemu koj\u0105cemu i lekko euforycznemu dzia\u0142aniu <strong>Odmiana High Country Diesel Weed<\/strong> jest idealny dla os\u00f3b szukaj\u0105cych ulgi w b\u00f3lach i stresie, jednocze\u015bnie ciesz\u0105c si\u0119 g\u0142\u0119bokim relaksem fizycznym.<\/p>\n<ul>\n<li><strong>Efekty<\/strong> Odpr\u0119\u017cenie cia\u0142a, senno\u015b\u0107, mrowienie, uczucie dobrego samopoczucia, ukojenie<\/li>\n<li><strong>Idealny dla<\/strong> L\u0119k, zapalenie staw\u00f3w, przewlek\u0142y b\u00f3l, bezsenno\u015b\u0107, skurcze mi\u0119\u015bni, PMS<\/li>\n<\/ul>\n<h3>Choroby \u0142agodzone przez odmian\u0119 konopi High Country Diesel<\/h3>\n<p>Dzi\u0119ki umiarkowanemu dzia\u0142aniu i unikalnemu profilowi <strong>High Country Diesel<\/strong> jest cz\u0119sto wybierany do leczenia wielu chor\u00f3b przewlek\u0142ych:<\/p>\n<ul>\n<li><strong>Przewlek\u0142y b\u00f3l i zapalenie staw\u00f3w<\/strong> \u0141agodzi b\u00f3le cia\u0142a i zmniejsza napi\u0119cie mi\u0119\u015bni.<\/li>\n<li><strong>L\u0119k i stres<\/strong> Uspokaja umys\u0142 i pomaga roz\u0142adowa\u0107 napi\u0119cie psychiczne.<\/li>\n<li><strong>Bezsenno\u015b\u0107 i skurcze mi\u0119\u015bni<\/strong> Wspomaga spokojny sen i \u0142agodzi skurcze mi\u0119\u015bni.<\/li>\n<\/ul>\n<h3>Smaki i aromaty odmiany High Country Diesel Weed Strain<\/h3>\n<p>Fani aromat\u00f3w oleju nap\u0119dowego b\u0119d\u0105 zachwyceni <strong>Odmiana High Country Diesel<\/strong>. Jego smak to intensywna mieszanka s\u0142odkiego oleju nap\u0119dowego i pikantnych nut zio\u0142owych, pozostawiaj\u0105ca d\u0142ugotrwa\u0142e wra\u017cenie na podniebieniu. Jego aromat jest r\u00f3wnie mocny, \u0142\u0105cz\u0105c nuty ziemiste i pikantne, zapewniaj\u0105c pe\u0142ne doznania sensoryczne.<\/p>\n<ul>\n<li><strong>Smaki<\/strong> : diesel, zio\u0142owy, pikantny, s\u0142odki<\/li>\n<li><strong>Zapachy<\/strong> Diesel, ziemisty, pikantny, s\u0142odki<\/li>\n<\/ul>\n<h3>Wygl\u0105d odmiany konopi High Country Diesel<\/h3>\n<p>Szefowie <strong>High Country Diesel<\/strong> s\u0105 jaskrawo neonowo zielone z bry\u0142kami w kszta\u0142cie \u0142opaty usianymi pomara\u0144czowo-czerwonymi w\u0142oskami i pokrytymi krystalicznymi trichomami o pomara\u0144czowym odcieniu. Jej jasny, \u017cywiczny wygl\u0105d jest wska\u017anikiem jej mocy i jako\u015bci.<\/p>\n<h3>Zam\u00f3w High Country Diesel Weed Strain online w sklepie Pressure Zone Shop<\/h3>\n<p>Chcesz zanurzy\u0107 si\u0119 w g\u0142\u0119bokim relaksie z <strong>Odmiana High Country Diesel Weed<\/strong> ? Zam\u00f3w ju\u017c dzi\u015b w <a href=\"https:\/\/pressurezone.shop\/pl\/\" target=\"_new\" rel=\"noopener\">Sklep ze strefami ci\u015bnieniowymi<\/a> i ciesz si\u0119 wysokiej jako\u015bci doznaniami zwi\u0105zanymi z konopiami indyjskimi, idealnymi do \u0142agodzenia b\u00f3l\u00f3w i wspomagania snu. Idealny na chwile relaksu, <strong>High Country Diesel<\/strong> jest Twoim sprzymierze\u0144cem w bezstresowych wieczorach i \u0142agodzeniu napi\u0119cia cia\u0142a.<\/p>\n<\/div>\n<\/div>\n<\/div>\n<\/div>\n<\/div>\n<\/div>","protected":false},"excerpt":{"rendered":"<p>Achetez la High Country Diesel Weed Strain en Ligne en Europe sur Pressure Zone Shop D\u00e9couvrez la High Country Diesel Weed Strain, une vari\u00e9t\u00e9 rare \u00e0 dominance indica, n\u00e9e du croisement entre les l\u00e9gendaires Diesel et OG Kush. Appr\u00e9ci\u00e9e pour ses effets relaxants et son go\u00fbt intense de diesel, la High Country Diesel Weed Strain [&hellip;]<\/p>","protected":false},"featured_media":3115,"comment_status":"closed","ping_status":"closed","template":"","meta":{"_uag_custom_page_level_css":"","site-sidebar-layout":"default","site-content-layout":"","ast-site-content-layout":"default","site-content-style":"default","site-sidebar-style":"default","ast-global-header-display":"","ast-banner-title-visibility":"","ast-main-header-display":"","ast-hfb-above-header-display":"","ast-hfb-below-header-display":"","ast-hfb-mobile-header-display":"","site-post-title":"","ast-breadcrumbs-content":"","ast-featured-img":"","footer-sml-layout":"","theme-transparent-header-meta":"default","adv-header-id-meta":"","stick-header-meta":"","header-above-stick-meta":"","header-main-stick-meta":"","header-below-stick-meta":"","astra-migrate-meta-layouts":"set","ast-page-background-enabled":"default","ast-page-background-meta":{"desktop":{"background-color":"","background-image":"","background-repeat":"repeat","background-position":"center center","background-size":"auto","background-attachment":"scroll","background-type":"","background-media":"","overlay-type":"","overlay-color":"","overlay-opacity":"","overlay-gradient":""},"tablet":{"background-color":"","background-image":"","background-repeat":"repeat","background-position":"center center","background-size":"auto","background-attachment":"scroll","background-type":"","background-media":"","overlay-type":"","overlay-color":"","overlay-opacity":"","overlay-gradient":""},"mobile":{"background-color":"","background-image":"","background-repeat":"repeat","background-position":"center center","background-size":"auto","background-attachment":"scroll","background-type":"","background-media":"","overlay-type":"","overlay-color":"","overlay-opacity":"","overlay-gradient":""}},"ast-content-background-meta":{"desktop":{"background-color":"var(--ast-global-color-5)","background-image":"","background-repeat":"repeat","background-position":"center center","background-size":"auto","background-attachment":"scroll","background-type":"","background-media":"","overlay-type":"","overlay-color":"","overlay-opacity":"","overlay-gradient":""},"tablet":{"background-color":"var(--ast-global-color-5)","background-image":"","background-repeat":"repeat","background-position":"center center","background-size":"auto","background-attachment":"scroll","background-type":"","background-media":"","overlay-type":"","overlay-color":"","overlay-opacity":"","overlay-gradient":""},"mobile":{"background-color":"var(--ast-global-color-5)","background-image":"","background-repeat":"repeat","background-position":"center center","background-size":"auto","background-attachment":"scroll","background-type":"","background-media":"","overlay-type":"","overlay-color":"","overlay-opacity":"","overlay-gradient":""}}},"product_brand":[],"product_cat":[28,278],"product_tag":[305],"class_list":{"0":"post-3041","1":"product","2":"type-product","3":"status-publish","4":"has-post-thumbnail","6":"product_cat-varietes-de-cannabis","7":"product_cat-varietes-de-marijuana-indica","8":"product_tag-order-high-country-diesel-weed-strain-europe","9":"desktop-align-left","10":"tablet-align-left","11":"mobile-align-left","13":"first","14":"instock","15":"shipping-taxable","16":"purchasable","17":"product-type-variable"},"uagb_featured_image_src":{"full":["https:\/\/pressurezone.shop\/wp-content\/uploads\/2024\/10\/High-Country-Diesel-Weed-Strain.webp",2048,1365,false],"thumbnail":["https:\/\/pressurezone.shop\/wp-content\/uploads\/2024\/10\/High-Country-Diesel-Weed-Strain-150x150.webp",150,150,true],"medium":["https:\/\/pressurezone.shop\/wp-content\/uploads\/2024\/10\/High-Country-Diesel-Weed-Strain-300x200.webp",300,200,true],"medium_large":["https:\/\/pressurezone.shop\/wp-content\/uploads\/2024\/10\/High-Country-Diesel-Weed-Strain-768x512.webp",768,512,true],"large":["https:\/\/pressurezone.shop\/wp-content\/uploads\/2024\/10\/High-Country-Diesel-Weed-Strain-1024x683.webp",1024,683,true],"1536x1536":["https:\/\/pressurezone.shop\/wp-content\/uploads\/2024\/10\/High-Country-Diesel-Weed-Strain-1536x1024.webp",1536,1024,true],"2048x2048":["https:\/\/pressurezone.shop\/wp-content\/uploads\/2024\/10\/High-Country-Diesel-Weed-Strain.webp",2048,1365,false],"trp-custom-language-flag":["https:\/\/pressurezone.shop\/wp-content\/uploads\/2024\/10\/High-Country-Diesel-Weed-Strain-18x12.webp",18,12,true],"woocommerce_thumbnail":["https:\/\/pressurezone.shop\/wp-content\/uploads\/2024\/10\/High-Country-Diesel-Weed-Strain-300x300.webp",300,300,true],"woocommerce_single":["https:\/\/pressurezone.shop\/wp-content\/uploads\/2024\/10\/High-Country-Diesel-Weed-Strain-600x400.webp",600,400,true],"woocommerce_gallery_thumbnail":["https:\/\/pressurezone.shop\/wp-content\/uploads\/2024\/10\/High-Country-Diesel-Weed-Strain-100x100.webp",100,100,true]},"uagb_author_info":{"display_name":"pressurezone.shop","author_link":"https:\/\/pressurezone.shop\/pl\/author\/"},"uagb_comment_info":0,"uagb_excerpt":"Achetez la High Country Diesel Weed Strain en Ligne en Europe sur Pressure Zone Shop D\u00e9couvrez la High Country Diesel Weed Strain, une vari\u00e9t\u00e9 rare \u00e0 dominance indica, n\u00e9e du croisement entre les l\u00e9gendaires Diesel et OG Kush. Appr\u00e9ci\u00e9e pour ses effets relaxants et son go\u00fbt intense de diesel, la High Country Diesel Weed Strain&hellip;","_links":{"self":[{"href":"https:\/\/pressurezone.shop\/pl\/wp-json\/wp\/v2\/product\/3041"}],"collection":[{"href":"https:\/\/pressurezone.shop\/pl\/wp-json\/wp\/v2\/product"}],"about":[{"href":"https:\/\/pressurezone.shop\/pl\/wp-json\/wp\/v2\/types\/product"}],"replies":[{"embeddable":true,"href":"https:\/\/pressurezone.shop\/pl\/wp-json\/wp\/v2\/comments?post=3041"}],"version-history":[{"count":3,"href":"https:\/\/pressurezone.shop\/pl\/wp-json\/wp\/v2\/product\/3041\/revisions"}],"predecessor-version":[{"id":3871,"href":"https:\/\/pressurezone.shop\/pl\/wp-json\/wp\/v2\/product\/3041\/revisions\/3871"}],"wp:featuredmedia":[{"embeddable":true,"href":"https:\/\/pressurezone.shop\/pl\/wp-json\/wp\/v2\/media\/3115"}],"wp:attachment":[{"href":"https:\/\/pressurezone.shop\/pl\/wp-json\/wp\/v2\/media?parent=3041"}],"wp:term":[{"taxonomy":"product_brand","embeddable":true,"href":"https:\/\/pressurezone.shop\/pl\/wp-json\/wp\/v2\/product_brand?post=3041"},{"taxonomy":"product_cat","embeddable":true,"href":"https:\/\/pressurezone.shop\/pl\/wp-json\/wp\/v2\/product_cat?post=3041"},{"taxonomy":"product_tag","embeddable":true,"href":"https:\/\/pressurezone.shop\/pl\/wp-json\/wp\/v2\/product_tag?post=3041"}],"curies":[{"name":"wp","href":"https:\/\/api.w.org\/{rel}","templated":true}]}}