{"id":3042,"date":"2024-10-11T00:49:11","date_gmt":"2024-10-10T22:49:11","guid":{"rendered":"https:\/\/pressurezone.shop\/?post_type=product&#038;p=3042"},"modified":"2024-11-02T20:54:43","modified_gmt":"2024-11-02T19:54:43","slug":"black-cherry-punch-weed-strain","status":"publish","type":"product","link":"https:\/\/pressurezone.shop\/pl\/produkt\/odmiana-chwastow-black-cherry-punch\/","title":{"rendered":"Odmiana zi\u00f3\u0142 Black Cherry Punch"},"content":{"rendered":"<div class=\"flex-shrink-0 flex flex-col relative items-end\">\n<div>\n<div class=\"pt-0\">\n<div class=\"gizmo-bot-avatar flex h-8 w-8 items-center justify-center overflow-hidden rounded-full\">\n<div class=\"relative p-1 rounded-sm flex items-center justify-center bg-token-main-surface-primary text-token-text-primary h-8 w-8\"><\/div>\n<\/div>\n<\/div>\n<\/div>\n<\/div>\n<div class=\"group\/conversation-turn relative flex w-full min-w-0 flex-col agent-turn\">\n<div class=\"flex-col gap-1 md:gap-3\">\n<div class=\"flex max-w-full flex-col flex-grow\">\n<div class=\"min-h-8 text-message flex w-full flex-col items-end gap-2 whitespace-normal break-words [.text-message+&amp;]:mt-5\" dir=\"auto\" data-message-author-role=\"assistant\" data-message-id=\"8796d146-3682-4fdd-b25a-57653fc3f992\" data-message-model-slug=\"gpt-4o\">\n<div class=\"flex w-full flex-col gap-1 empty:hidden first:pt-[3px]\">\n<div class=\"markdown prose w-full break-words dark:prose-invert light\">\n<h3><strong>Kup Black Cherry Punch Weed online w Europie na <a href=\"https:\/\/pressurezone.shop\/pl\/\" target=\"_new\" rel=\"noopener\">Strefa ci\u015bnienia<\/a><\/strong><\/h3>\n<p>Odkryj <strong>Odmiana zi\u00f3\u0142 Black Cherry Punch<\/strong>a <strong>odmiana konopi<\/strong> hybryda z dominacj\u0105 indiki (80% indica \/ 20% sativa), kt\u00f3ra zapewnia intensywne, niezapomniane doznania. Wynik skrzy\u017cowania s\u0142ynnych odmian <strong>Purple Punch<\/strong> i <strong>Ciasto z czarnymi wi\u015bniami<\/strong>Odmiana ta \u0142\u0105czy s\u0142odki, owocowy smak z silnym dzia\u0142aniem relaksuj\u0105cym, idealnym do odpr\u0119\u017cenia si\u0119 po d\u0142ugim dniu.<\/p>\n<h3>Efekty i korzy\u015bci Black Cherry Punch Weed<\/h3>\n<p>La <strong>Odmiana konopi Black Cherry Punch<\/strong> s\u0142ynie z silnego, szybkiego dzia\u0142ania, idealnego na chwil\u0119 g\u0142\u0119bokiego relaksu:<\/p>\n<ul>\n<li><strong>Spok\u00f3j i euforia<\/strong> Haj zaczyna si\u0119 od delikatnej euforii, po kt\u00f3rej nast\u0119puje intensywne fizyczne odpr\u0119\u017cenie.<\/li>\n<li><strong>Szcz\u0119\u015bcie i relaks<\/strong> Stymuluje nastr\u00f3j, jednocze\u015bnie \u0142agodz\u0105c napi\u0119cie fizyczne.<\/li>\n<li><strong>Efekt mrowienia<\/strong> Przyjemne uczucie, kt\u00f3re zaczyna si\u0119 za oczami i rozprzestrzenia si\u0119 po ca\u0142ym ciele.<\/li>\n<\/ul>\n<p>Z <strong>wysoki poziom THC w 24-25%<\/strong> i 1-3% CBD, Black Cherry Punch jest idealny dla tych, kt\u00f3rzy szukaj\u0105 mocnych wra\u017ce\u0144, odpowiednich do relaksu i \u0142agodzenia b\u00f3lu.<\/p>\n<h3>Korzy\u015bci terapeutyczne Black Cherry Punch Weed<\/h3>\n<p>La <strong>Odmiana Black Cherry Punch<\/strong> jest szczeg\u00f3lnie ceniony ze wzgl\u0119du na wiele korzy\u015bci terapeutycznych. Dzi\u0119ki swojemu uspokajaj\u0105cemu dzia\u0142aniu idealnie nadaje si\u0119 do :<\/p>\n<ul>\n<li><strong>\u0141agodzenie stresu i depresji<\/strong> Pomaga uspokoi\u0107 umys\u0142 i poprawi\u0107 nastr\u00f3j.<\/li>\n<li><strong>Zmniejszanie przewlek\u0142ego b\u00f3lu<\/strong> Skuteczny w walce z uporczywym b\u00f3lem i napi\u0119ciem mi\u0119\u015bni.<\/li>\n<li><strong>Poprawia apetyt i zmniejsza nudno\u015bci<\/strong> Idealny dla os\u00f3b cierpi\u0105cych na utrat\u0119 apetytu lub nudno\u015bci.<\/li>\n<li><strong>Promowanie snu<\/strong> Doskona\u0142y wyb\u00f3r do \u0142agodzenia bezsenno\u015bci i promowania wysokiej jako\u015bci snu<a href=\"https:\/\/fuelpackz.com\/\" target=\"_blank\" rel=\"noopener\">.<\/a><\/li>\n<\/ul>\n<h3>Smaki i aromaty Black Cherry Punch Weed<\/h3>\n<p>Profil aromatyczny <strong>Poncz z czarnej wi\u015bni<\/strong> jest tak wci\u0105gaj\u0105ca, jak jej efekty:<\/p>\n<ul>\n<li><strong>Smaki<\/strong> S\u0142odki wi\u015bniowy smak z zio\u0142owymi, sosnowymi i drzewnymi nutami, kt\u00f3re wzbogacaj\u0105 doznania.<\/li>\n<li><strong>Zapachy<\/strong> Intensywny zapach wi\u015bni, lekko ziemisty i drzewny, z pikantnym akcentem sosny, kt\u00f3ry utrzymuje si\u0119 na podniebieniu.<\/li>\n<\/ul>\n<p>Ta wyj\u0105tkowa mieszanka smak\u00f3w i aromat\u00f3w sprawia, \u017ce ka\u017cdy zaci\u0105g <strong>odmiana konopi<\/strong> Prawdziwa przyjemno\u015b\u0107, idealna dla mi\u0142o\u015bnik\u00f3w owocowych i drzewnych smak\u00f3w.<\/p>\n<h3>Dlaczego warto kupi\u0107 Black Cherry Punch Weed na <a href=\"https:\/\/pressurezone.shop\/pl\/\" target=\"_new\" rel=\"noopener\">Strefa ci\u015bnienia<\/a>?<\/h3>\n<p>Przy <strong>Strefa ci\u015bnienia<\/strong>wybieramy <strong>odmiany konopi<\/strong> dla naszych klient\u00f3w w Europie. <strong>Black Cherry Punch Weed<\/strong> to jedna z naszych najlepszych odmian, ceniona za swoje koj\u0105ce dzia\u0142anie i wyrazisty profil smakowy. Oto dlaczego warto kupowa\u0107 w\u0142a\u015bnie u nas:<\/p>\n<ul>\n<li><strong>Najwy\u017csza jako\u015b\u0107<\/strong> Nasze produkty s\u0105 skrupulatnie testowane, aby zagwarantowa\u0107 czysto\u015b\u0107 i moc.<\/li>\n<li><strong>Relaksuj\u0105ce do\u015bwiadczenie<\/strong> Doskonale zbalansowana odmiana pozwalaj\u0105ca si\u0119 zrelaksowa\u0107 i cieszy\u0107 chwil\u0105 dobrego samopoczucia.<\/li>\n<li><strong>Profesjonalna obs\u0142uga klienta<\/strong> Nasz zesp\u00f3\u0142 jest pod r\u0119k\u0105, aby pom\u00f3c Ci znale\u017a\u0107 odpowiedni <strong>odmiana konopi<\/strong> kt\u00f3ry spe\u0142nia Twoje potrzeby.<\/li>\n<\/ul>\n<h3>Cz\u0119sto zadawane pytania<\/h3>\n<h4>Jakie s\u0105 g\u0142\u00f3wne efekty Black Cherry Punch Weed?<\/h4>\n<p>La <strong>Black Cherry Punch Weed<\/strong> zaczyna si\u0119 od szybkiej euforii i spokoju psychicznego, po kt\u00f3rym nast\u0119puje intensywny relaks fizyczny. Doskonale odpr\u0119\u017ca i poprawia nastr\u00f3j.<\/p>\n<h4>Czy Black Cherry Punch jest dobry na przewlek\u0142y b\u00f3l?<\/h4>\n<p>Tak, Black Cherry Punch jest cz\u0119sto stosowany w celu \u0142agodzenia przewlek\u0142ego b\u00f3lu, stresu i dolegliwo\u015bci zwi\u0105zanych z l\u0119kiem.<\/p>\n<h4>Jakie smaki i aromaty dominuj\u0105 w Black Cherry Punch?<\/h4>\n<p>Dominuj\u0105 smaki s\u0142odkich wi\u015bni i ziemistych aromat\u00f3w sosnowych, z nutami drewna i przypraw, kt\u00f3re sprawiaj\u0105, \u017ce ka\u017cde zaci\u0105gni\u0119cie jest wyj\u0105tkowe.<\/p>\n<h3>Zam\u00f3w Black Cherry Punch Weed online w Europie na <a href=\"https:\/\/pressurezone.shop\/pl\/\" target=\"_new\" rel=\"noopener\">Strefa ci\u015bnienia<\/a><\/h3>\n<p>Gotowy, by cieszy\u0107 si\u0119 koj\u0105cym dzia\u0142aniem <strong>Black Cherry Punch Weed<\/strong>? <strong>Zam\u00f3w teraz<\/strong> na <a href=\"https:\/\/pressurezone.shop\/pl\/\" target=\"_new\" rel=\"noopener\">Strefa ci\u015bnienia<\/a> dla do\u015bwiadczenia <strong>odmiana konopi<\/strong> idealny do relaksu i \u0142agodzenia stresu. Nasze najwy\u017cszej jako\u015bci produkty i dyskretna obs\u0142uga gwarantuj\u0105 proste i satysfakcjonuj\u0105ce zakupy.<\/p>\n<\/div>\n<\/div>\n<\/div>\n<\/div>\n<\/div>\n<\/div>","protected":false},"excerpt":{"rendered":"<p>Achetez la Vari\u00e9t\u00e9 Black Cherry Punch Weed en Ligne en Europe sur Pressure Zone D\u00e9couvrez la Black Cherry Punch Weed Strain, une vari\u00e9t\u00e9 de cannabis hybride \u00e0 dominance indica (80% indica \/ 20% sativa) qui offre une exp\u00e9rience intense et inoubliable. R\u00e9sultat d\u2019un croisement entre les c\u00e9l\u00e8bres Purple Punch et Black Cherry Pie, cette vari\u00e9t\u00e9 [&hellip;]<\/p>","protected":false},"featured_media":3117,"comment_status":"closed","ping_status":"closed","template":"","meta":{"_uag_custom_page_level_css":"","site-sidebar-layout":"default","site-content-layout":"","ast-site-content-layout":"default","site-content-style":"default","site-sidebar-style":"default","ast-global-header-display":"","ast-banner-title-visibility":"","ast-main-header-display":"","ast-hfb-above-header-display":"","ast-hfb-below-header-display":"","ast-hfb-mobile-header-display":"","site-post-title":"","ast-breadcrumbs-content":"","ast-featured-img":"","footer-sml-layout":"","theme-transparent-header-meta":"default","adv-header-id-meta":"","stick-header-meta":"","header-above-stick-meta":"","header-main-stick-meta":"","header-below-stick-meta":"","astra-migrate-meta-layouts":"set","ast-page-background-enabled":"default","ast-page-background-meta":{"desktop":{"background-color":"","background-image":"","background-repeat":"repeat","background-position":"center center","background-size":"auto","background-attachment":"scroll","background-type":"","background-media":"","overlay-type":"","overlay-color":"","overlay-opacity":"","overlay-gradient":""},"tablet":{"background-color":"","background-image":"","background-repeat":"repeat","background-position":"center center","background-size":"auto","background-attachment":"scroll","background-type":"","background-media":"","overlay-type":"","overlay-color":"","overlay-opacity":"","overlay-gradient":""},"mobile":{"background-color":"","background-image":"","background-repeat":"repeat","background-position":"center center","background-size":"auto","background-attachment":"scroll","background-type":"","background-media":"","overlay-type":"","overlay-color":"","overlay-opacity":"","overlay-gradient":""}},"ast-content-background-meta":{"desktop":{"background-color":"var(--ast-global-color-5)","background-image":"","background-repeat":"repeat","background-position":"center center","background-size":"auto","background-attachment":"scroll","background-type":"","background-media":"","overlay-type":"","overlay-color":"","overlay-opacity":"","overlay-gradient":""},"tablet":{"background-color":"var(--ast-global-color-5)","background-image":"","background-repeat":"repeat","background-position":"center center","background-size":"auto","background-attachment":"scroll","background-type":"","background-media":"","overlay-type":"","overlay-color":"","overlay-opacity":"","overlay-gradient":""},"mobile":{"background-color":"var(--ast-global-color-5)","background-image":"","background-repeat":"repeat","background-position":"center center","background-size":"auto","background-attachment":"scroll","background-type":"","background-media":"","overlay-type":"","overlay-color":"","overlay-opacity":"","overlay-gradient":""}}},"product_brand":[],"product_cat":[28,278],"product_tag":[494,306],"class_list":{"0":"post-3042","1":"product","2":"type-product","3":"status-publish","4":"has-post-thumbnail","6":"product_cat-varietes-de-cannabis","7":"product_cat-varietes-de-marijuana-indica","8":"product_tag-black-cherry-punch-weed","9":"product_tag-buy-black-cherry-punch-weed-strain-online-europe","10":"desktop-align-left","11":"tablet-align-left","12":"mobile-align-left","14":"first","15":"instock","16":"shipping-taxable","17":"purchasable","18":"product-type-variable"},"uagb_featured_image_src":{"full":["https:\/\/pressurezone.shop\/wp-content\/uploads\/2024\/10\/Black-Cherry-Punch-Weed-Strain.webp",2048,1365,false],"thumbnail":["https:\/\/pressurezone.shop\/wp-content\/uploads\/2024\/10\/Black-Cherry-Punch-Weed-Strain-150x150.webp",150,150,true],"medium":["https:\/\/pressurezone.shop\/wp-content\/uploads\/2024\/10\/Black-Cherry-Punch-Weed-Strain-300x200.webp",300,200,true],"medium_large":["https:\/\/pressurezone.shop\/wp-content\/uploads\/2024\/10\/Black-Cherry-Punch-Weed-Strain-768x512.webp",768,512,true],"large":["https:\/\/pressurezone.shop\/wp-content\/uploads\/2024\/10\/Black-Cherry-Punch-Weed-Strain-1024x683.webp",1024,683,true],"1536x1536":["https:\/\/pressurezone.shop\/wp-content\/uploads\/2024\/10\/Black-Cherry-Punch-Weed-Strain-1536x1024.webp",1536,1024,true],"2048x2048":["https:\/\/pressurezone.shop\/wp-content\/uploads\/2024\/10\/Black-Cherry-Punch-Weed-Strain.webp",2048,1365,false],"trp-custom-language-flag":["https:\/\/pressurezone.shop\/wp-content\/uploads\/2024\/10\/Black-Cherry-Punch-Weed-Strain-18x12.webp",18,12,true],"woocommerce_thumbnail":["https:\/\/pressurezone.shop\/wp-content\/uploads\/2024\/10\/Black-Cherry-Punch-Weed-Strain-300x300.webp",300,300,true],"woocommerce_single":["https:\/\/pressurezone.shop\/wp-content\/uploads\/2024\/10\/Black-Cherry-Punch-Weed-Strain-600x400.webp",600,400,true],"woocommerce_gallery_thumbnail":["https:\/\/pressurezone.shop\/wp-content\/uploads\/2024\/10\/Black-Cherry-Punch-Weed-Strain-100x100.webp",100,100,true]},"uagb_author_info":{"display_name":"pressurezone.shop","author_link":"https:\/\/pressurezone.shop\/pl\/author\/"},"uagb_comment_info":0,"uagb_excerpt":"Achetez la Vari\u00e9t\u00e9 Black Cherry Punch Weed en Ligne en Europe sur Pressure Zone D\u00e9couvrez la Black Cherry Punch Weed Strain, une vari\u00e9t\u00e9 de cannabis hybride \u00e0 dominance indica (80% indica \/ 20% sativa) qui offre une exp\u00e9rience intense et inoubliable. R\u00e9sultat d\u2019un croisement entre les c\u00e9l\u00e8bres Purple Punch et Black Cherry Pie, cette vari\u00e9t\u00e9&hellip;","_links":{"self":[{"href":"https:\/\/pressurezone.shop\/pl\/wp-json\/wp\/v2\/product\/3042"}],"collection":[{"href":"https:\/\/pressurezone.shop\/pl\/wp-json\/wp\/v2\/product"}],"about":[{"href":"https:\/\/pressurezone.shop\/pl\/wp-json\/wp\/v2\/types\/product"}],"replies":[{"embeddable":true,"href":"https:\/\/pressurezone.shop\/pl\/wp-json\/wp\/v2\/comments?post=3042"}],"version-history":[{"count":3,"href":"https:\/\/pressurezone.shop\/pl\/wp-json\/wp\/v2\/product\/3042\/revisions"}],"predecessor-version":[{"id":3649,"href":"https:\/\/pressurezone.shop\/pl\/wp-json\/wp\/v2\/product\/3042\/revisions\/3649"}],"wp:featuredmedia":[{"embeddable":true,"href":"https:\/\/pressurezone.shop\/pl\/wp-json\/wp\/v2\/media\/3117"}],"wp:attachment":[{"href":"https:\/\/pressurezone.shop\/pl\/wp-json\/wp\/v2\/media?parent=3042"}],"wp:term":[{"taxonomy":"product_brand","embeddable":true,"href":"https:\/\/pressurezone.shop\/pl\/wp-json\/wp\/v2\/product_brand?post=3042"},{"taxonomy":"product_cat","embeddable":true,"href":"https:\/\/pressurezone.shop\/pl\/wp-json\/wp\/v2\/product_cat?post=3042"},{"taxonomy":"product_tag","embeddable":true,"href":"https:\/\/pressurezone.shop\/pl\/wp-json\/wp\/v2\/product_tag?post=3042"}],"curies":[{"name":"wp","href":"https:\/\/api.w.org\/{rel}","templated":true}]}}