{"id":3043,"date":"2024-10-11T00:49:11","date_gmt":"2024-10-10T22:49:11","guid":{"rendered":"https:\/\/pressurezone.shop\/?post_type=product&#038;p=3043"},"modified":"2024-11-03T00:48:00","modified_gmt":"2024-11-02T23:48:00","slug":"glueberry-og-strain","status":"publish","type":"product","link":"https:\/\/pressurezone.shop\/pl\/produkt\/glueberry-og-strain\/","title":{"rendered":"Odmiana Glueberry OG - hybryda"},"content":{"rendered":"<div class=\"flex-shrink-0 flex flex-col relative items-end\">\n<div>\n<div class=\"pt-0\">\n<div class=\"gizmo-bot-avatar flex h-8 w-8 items-center justify-center overflow-hidden rounded-full\">\n<div class=\"relative p-1 rounded-sm flex items-center justify-center bg-token-main-surface-primary text-token-text-primary h-8 w-8\"><\/div>\n<\/div>\n<\/div>\n<\/div>\n<\/div>\n<div class=\"group\/conversation-turn relative flex w-full min-w-0 flex-col agent-turn\">\n<div class=\"flex-col gap-1 md:gap-3\">\n<div class=\"flex max-w-full flex-col flex-grow\">\n<div class=\"min-h-8 text-message flex w-full flex-col items-end gap-2 whitespace-normal break-words [.text-message+&amp;]:mt-5\" dir=\"auto\" data-message-author-role=\"assistant\" data-message-id=\"ed6d1eda-97b8-4aec-9dbd-487bf2395c6e\" data-message-model-slug=\"gpt-4o\">\n<div class=\"flex w-full flex-col gap-1 empty:hidden first:pt-[3px]\">\n<div class=\"markdown prose w-full break-words dark:prose-invert light\">\n<h3><strong>Kup Glueberry OG Strain - Hybrid online w Europie<\/strong><\/h3>\n<p>Odkryj <strong>Glueberry OG Strain<\/strong>a <strong>odmiana konopi<\/strong> Rzadka i doskonale zbalansowana hybryda (50% indica\/50% sativa). Ta pot\u0119\u017cna hybryda jest wynikiem po\u0142\u0105czenia s\u0142ynnego <strong>Klej Gorilla<\/strong>, <strong>OG Kush<\/strong>oraz <strong>Jagoda<\/strong>\u0142\u0105cz\u0105c najlepsze z ich efekt\u00f3w, aby zapewni\u0107 wyj\u0105tkowe wra\u017cenia.<\/p>\n<h3>Efekty dzia\u0142ania szczepu Glueberry OG<\/h3>\n<p><strong>Glueberry OG<\/strong> zaczyna si\u0119 od euforycznego doznania, podnosz\u0105c umys\u0142 z lekk\u0105 jasno\u015bci\u0105 umys\u0142u, zanim pogr\u0105\u017cy ci\u0119 w rozmytym, od\u0142\u0105czonym stanie. Ten m\u00f3zgowy efekt stopniowo ust\u0119puje miejsca intensywnemu fizycznemu hajowi, kt\u00f3ry g\u0142\u0119boko relaksuje bez usypiania, idealny do d\u0142ugotrwa\u0142ego relaksu. Dobrze zbalansowane efekty sprawiaj\u0105, \u017ce jest to idealna opcja zar\u00f3wno dla fan\u00f3w sativy, jak i indica, szukaj\u0105cych r\u00f3wnowagi psychicznej i fizycznej.<a href=\"https:\/\/fuelpackz.com\/\" target=\"_blank\" rel=\"noopener\">.<\/a><\/p>\n<ul>\n<li><strong>Efekty<\/strong> Euforia, relaks, poprawa nastroju<\/li>\n<li><strong>Moc<\/strong> \u015arednia zawarto\u015b\u0107 THC od 15 do 20%, idealna dla konsument\u00f3w poszukuj\u0105cych umiarkowanej, ale satysfakcjonuj\u0105cej intensywno\u015bci.<\/li>\n<\/ul>\n<h3>Korzy\u015bci terapeutyczne szczepu Glueberry OG<\/h3>\n<p>Glueberry OG jest r\u00f3wnie\u017c ceniona za swoje w\u0142a\u015bciwo\u015bci terapeutyczne. Jej koj\u0105ce i relaksuj\u0105ce dzia\u0142anie jest idealne do \u0142agodzenia r\u00f3\u017cnych dolegliwo\u015bci:<\/p>\n<ul>\n<li><strong>Stres i zesp\u00f3\u0142 stresu pourazowego<\/strong> \u0141agodzi objawy zwi\u0105zane z przewlek\u0142ym stresem i zespo\u0142em stresu pourazowego.<\/li>\n<li><strong>Depresja<\/strong> Promuje pozytywny nastr\u00f3j i pomaga z\u0142agodzi\u0107 smutek i depresyjne my\u015bli.<\/li>\n<li><strong>Migreny i b\u00f3le g\u0142owy<\/strong> \u0141agodzi b\u00f3le g\u0142owy i zmniejsza napi\u0119cie w g\u0142owie.<\/li>\n<\/ul>\n<p>Dzi\u0119ki wyj\u0105tkowej r\u00f3wnowadze mi\u0119dzy relaksem psychicznym i fizycznym, <strong>Glueberry OG<\/strong> jest idealny dla pacjent\u00f3w pragn\u0105cych leczy\u0107 zaburzenia bez nadmiernego dzia\u0142ania uspokajaj\u0105cego.<\/p>\n<h3>Smaki i aromaty Glueberry OG<\/h3>\n<p>Glueberry OG oferuje bogaty profil smakowy i aromatyczny, przypominaj\u0105cy jego presti\u017cowe pochodzenie:<\/p>\n<ul>\n<li><strong>Smaki<\/strong> S\u0142odkie, drzewne nuty z nutami jag\u00f3d i sosny tworz\u0105 z\u0142o\u017cony, przyjemny smak.<\/li>\n<li><strong>Zapachy<\/strong> Mieszanka oleju nap\u0119dowego, cytrus\u00f3w i owoc\u00f3w z pikantn\u0105 nut\u0105, zapewniaj\u0105ca intensywne doznania sensoryczne ju\u017c od pierwszego zaci\u0105gni\u0119cia.<\/li>\n<\/ul>\n<p>Konsumenci doceniaj\u0105 kontrast mi\u0119dzy jego s\u0142odkim, drzewnym smakiem a owocowym aromatem oleju nap\u0119dowego, oferuj\u0105c wyj\u0105tkowe doznania zapachowe.<\/p>\n<h3>Wygl\u0105d Glueberry OG<\/h3>\n<p>P\u0105ki <strong>Glueberry OG<\/strong> wyr\u00f3\u017cniaj\u0105 si\u0119 wizualnym pi\u0119knem. Maj\u0105 jasny odcie\u0144 neonowej zieleni, usiane s\u0105 jasnopomara\u0144czowymi s\u0142upkami i pokryte warstw\u0105 krystalicznych trichom\u00f3w, kt\u00f3re b\u0142yszcz\u0105 w \u015bwietle. Te cechy wizualne s\u0105 nie tylko przyjemne dla oka, ale tak\u017ce wskazuj\u0105 na jako\u015b\u0107 i moc tej odmiany. <strong>odmiana konopi<\/strong>.<\/p>\n<h3>Dlaczego warto kupi\u0107 Glueberry OG Strain od <a href=\"https:\/\/pressurezone.shop\/pl\/\" target=\"_new\" rel=\"noopener\">Strefa ci\u015bnienia<\/a>?<\/h3>\n<p>Starannie dobieramy nasze produkty, aby oferowa\u0107 wysokiej jako\u015bci odmiany, a Glueberry OG Strain nie jest wyj\u0105tkiem. Przy zakupie od <strong>Strefa ci\u015bnienia<\/strong>masz gwarancj\u0119 najwy\u017cszej jako\u015bci wra\u017ce\u0144:<\/p>\n<ul>\n<li><strong>Najwy\u017csza jako\u015b\u0107<\/strong> Nasze produkty s\u0105 testowane w celu zagwarantowania czysto\u015bci i mocy, zapewniaj\u0105c wysokiej jako\u015bci doznania.<\/li>\n<li><strong>Niezawodna obs\u0142uga<\/strong> Szybka, dyskretna dostawa na terenie ca\u0142ej Europy, dzi\u0119ki czemu mo\u017cesz cieszy\u0107 si\u0119 swoim Glueberry OG bez \u017cadnych k\u0142opot\u00f3w.<\/li>\n<\/ul>\n<h3>Cz\u0119sto zadawane pytania<\/h3>\n<h4>Co odr\u00f3\u017cnia Glueberry OG Strain od innych odmian hybrydowych?<\/h4>\n<p>Glueberry OG to doskonale zbalansowana odmiana, kt\u00f3ra \u0142\u0105czy w sobie efekty m\u00f3zgowe i fizyczne bez powodowania intensywnej senno\u015bci, dzi\u0119ki czemu idealnie nadaje si\u0119 do relaksu bez uspokojenia.<\/p>\n<h4>Czy Glueberry OG nadaje si\u0119 do \u0142agodzenia b\u00f3lu?<\/h4>\n<p>Tak, to <strong>odmiana konopi<\/strong> jest popularny w \u0142agodzeniu przewlek\u0142ego b\u00f3lu, zw\u0142aszcza migreny i b\u00f3l\u00f3w g\u0142owy.<\/p>\n<h4>Jakie s\u0105 najcz\u0119stsze skutki stosowania Glueberry OG?<\/h4>\n<p>U\u017cytkownicy zg\u0142aszaj\u0105 uczucie euforii, intensywny relaks fizyczny i ulg\u0119 w stresie.<\/p>\n<h3>Zam\u00f3w Glueberry OG Strain - Hybrid online<\/h3>\n<p>Gotowy do odkrycia idealnej r\u00f3wnowagi Glueberry OG Strain? <strong>Kup teraz online<\/strong> na <a href=\"https:\/\/pressurezone.shop\/pl\/\" target=\"_new\" rel=\"noopener\">Strefa ci\u015bnienia<\/a> i skorzystaj z naszej niezawodnej us\u0142ugi dostawy i najwy\u017cszej jako\u015bci produkt\u00f3w w Europie.<\/p>\n<\/div>\n<\/div>\n<\/div>\n<\/div>\n<\/div>\n<\/div>","protected":false},"excerpt":{"rendered":"<p>Achetez la Vari\u00e9t\u00e9 Glueberry OG Strain \u2013 Hybrid en Ligne en Europe D\u00e9couvrez Glueberry OG Strain, une vari\u00e9t\u00e9 de cannabis hybride rare et parfaitement \u00e9quilibr\u00e9e (50% indica\/50% sativa). Ce puissant hybride est le r\u00e9sultat de l\u2019alliance entre les c\u00e9l\u00e8bres souches Gorilla Glue, OG Kush, et Blueberry, combinant le meilleur de leurs effets pour une exp\u00e9rience [&hellip;]<\/p>","protected":false},"featured_media":3119,"comment_status":"closed","ping_status":"closed","template":"","meta":{"_uag_custom_page_level_css":"","site-sidebar-layout":"default","site-content-layout":"","ast-site-content-layout":"default","site-content-style":"default","site-sidebar-style":"default","ast-global-header-display":"","ast-banner-title-visibility":"","ast-main-header-display":"","ast-hfb-above-header-display":"","ast-hfb-below-header-display":"","ast-hfb-mobile-header-display":"","site-post-title":"","ast-breadcrumbs-content":"","ast-featured-img":"","footer-sml-layout":"","theme-transparent-header-meta":"default","adv-header-id-meta":"","stick-header-meta":"","header-above-stick-meta":"","header-main-stick-meta":"","header-below-stick-meta":"","astra-migrate-meta-layouts":"set","ast-page-background-enabled":"default","ast-page-background-meta":{"desktop":{"background-color":"","background-image":"","background-repeat":"repeat","background-position":"center center","background-size":"auto","background-attachment":"scroll","background-type":"","background-media":"","overlay-type":"","overlay-color":"","overlay-opacity":"","overlay-gradient":""},"tablet":{"background-color":"","background-image":"","background-repeat":"repeat","background-position":"center center","background-size":"auto","background-attachment":"scroll","background-type":"","background-media":"","overlay-type":"","overlay-color":"","overlay-opacity":"","overlay-gradient":""},"mobile":{"background-color":"","background-image":"","background-repeat":"repeat","background-position":"center center","background-size":"auto","background-attachment":"scroll","background-type":"","background-media":"","overlay-type":"","overlay-color":"","overlay-opacity":"","overlay-gradient":""}},"ast-content-background-meta":{"desktop":{"background-color":"var(--ast-global-color-5)","background-image":"","background-repeat":"repeat","background-position":"center center","background-size":"auto","background-attachment":"scroll","background-type":"","background-media":"","overlay-type":"","overlay-color":"","overlay-opacity":"","overlay-gradient":""},"tablet":{"background-color":"var(--ast-global-color-5)","background-image":"","background-repeat":"repeat","background-position":"center center","background-size":"auto","background-attachment":"scroll","background-type":"","background-media":"","overlay-type":"","overlay-color":"","overlay-opacity":"","overlay-gradient":""},"mobile":{"background-color":"var(--ast-global-color-5)","background-image":"","background-repeat":"repeat","background-position":"center center","background-size":"auto","background-attachment":"scroll","background-type":"","background-media":"","overlay-type":"","overlay-color":"","overlay-opacity":"","overlay-gradient":""}}},"product_brand":[],"product_cat":[28,277],"product_tag":[307],"class_list":{"0":"post-3043","1":"product","2":"type-product","3":"status-publish","4":"has-post-thumbnail","6":"product_cat-varietes-de-cannabis","7":"product_cat-varietes-de-cannabis-hybrides","8":"product_tag-buy-glueberry-og-strain-hybrid-europe","9":"desktop-align-left","10":"tablet-align-left","11":"mobile-align-left","13":"first","14":"instock","15":"shipping-taxable","16":"purchasable","17":"product-type-variable"},"uagb_featured_image_src":{"full":["https:\/\/pressurezone.shop\/wp-content\/uploads\/2024\/10\/Glueberry-OG-Strain-\u2013-Hybrid.jpg",2560,1707,false],"thumbnail":["https:\/\/pressurezone.shop\/wp-content\/uploads\/2024\/10\/Glueberry-OG-Strain-\u2013-Hybrid-150x150.jpg",150,150,true],"medium":["https:\/\/pressurezone.shop\/wp-content\/uploads\/2024\/10\/Glueberry-OG-Strain-\u2013-Hybrid-300x200.jpg",300,200,true],"medium_large":["https:\/\/pressurezone.shop\/wp-content\/uploads\/2024\/10\/Glueberry-OG-Strain-\u2013-Hybrid-768x512.jpg",768,512,true],"large":["https:\/\/pressurezone.shop\/wp-content\/uploads\/2024\/10\/Glueberry-OG-Strain-\u2013-Hybrid-1024x683.jpg",1024,683,true],"1536x1536":["https:\/\/pressurezone.shop\/wp-content\/uploads\/2024\/10\/Glueberry-OG-Strain-\u2013-Hybrid-1536x1024.jpg",1536,1024,true],"2048x2048":["https:\/\/pressurezone.shop\/wp-content\/uploads\/2024\/10\/Glueberry-OG-Strain-\u2013-Hybrid-2048x1366.jpg",2048,1366,true],"trp-custom-language-flag":["https:\/\/pressurezone.shop\/wp-content\/uploads\/2024\/10\/Glueberry-OG-Strain-\u2013-Hybrid-18x12.jpg",18,12,true],"woocommerce_thumbnail":["https:\/\/pressurezone.shop\/wp-content\/uploads\/2024\/10\/Glueberry-OG-Strain-\u2013-Hybrid-300x300.jpg",300,300,true],"woocommerce_single":["https:\/\/pressurezone.shop\/wp-content\/uploads\/2024\/10\/Glueberry-OG-Strain-\u2013-Hybrid-600x400.jpg",600,400,true],"woocommerce_gallery_thumbnail":["https:\/\/pressurezone.shop\/wp-content\/uploads\/2024\/10\/Glueberry-OG-Strain-\u2013-Hybrid-100x100.jpg",100,100,true]},"uagb_author_info":{"display_name":"pressurezone.shop","author_link":"https:\/\/pressurezone.shop\/pl\/author\/"},"uagb_comment_info":0,"uagb_excerpt":"Achetez la Vari\u00e9t\u00e9 Glueberry OG Strain \u2013 Hybrid en Ligne en Europe D\u00e9couvrez Glueberry OG Strain, une vari\u00e9t\u00e9 de cannabis hybride rare et parfaitement \u00e9quilibr\u00e9e (50% indica\/50% sativa). Ce puissant hybride est le r\u00e9sultat de l\u2019alliance entre les c\u00e9l\u00e8bres souches Gorilla Glue, OG Kush, et Blueberry, combinant le meilleur de leurs effets pour une exp\u00e9rience&hellip;","_links":{"self":[{"href":"https:\/\/pressurezone.shop\/pl\/wp-json\/wp\/v2\/product\/3043"}],"collection":[{"href":"https:\/\/pressurezone.shop\/pl\/wp-json\/wp\/v2\/product"}],"about":[{"href":"https:\/\/pressurezone.shop\/pl\/wp-json\/wp\/v2\/types\/product"}],"replies":[{"embeddable":true,"href":"https:\/\/pressurezone.shop\/pl\/wp-json\/wp\/v2\/comments?post=3043"}],"version-history":[{"count":3,"href":"https:\/\/pressurezone.shop\/pl\/wp-json\/wp\/v2\/product\/3043\/revisions"}],"predecessor-version":[{"id":3800,"href":"https:\/\/pressurezone.shop\/pl\/wp-json\/wp\/v2\/product\/3043\/revisions\/3800"}],"wp:featuredmedia":[{"embeddable":true,"href":"https:\/\/pressurezone.shop\/pl\/wp-json\/wp\/v2\/media\/3119"}],"wp:attachment":[{"href":"https:\/\/pressurezone.shop\/pl\/wp-json\/wp\/v2\/media?parent=3043"}],"wp:term":[{"taxonomy":"product_brand","embeddable":true,"href":"https:\/\/pressurezone.shop\/pl\/wp-json\/wp\/v2\/product_brand?post=3043"},{"taxonomy":"product_cat","embeddable":true,"href":"https:\/\/pressurezone.shop\/pl\/wp-json\/wp\/v2\/product_cat?post=3043"},{"taxonomy":"product_tag","embeddable":true,"href":"https:\/\/pressurezone.shop\/pl\/wp-json\/wp\/v2\/product_tag?post=3043"}],"curies":[{"name":"wp","href":"https:\/\/api.w.org\/{rel}","templated":true}]}}