{"id":3046,"date":"2024-10-11T00:49:11","date_gmt":"2024-10-10T22:49:11","guid":{"rendered":"https:\/\/pressurezone.shop\/?post_type=product&#038;p=3046"},"modified":"2024-11-03T22:20:35","modified_gmt":"2024-11-03T21:20:35","slug":"sour-tangie-weed-strain","status":"publish","type":"product","link":"https:\/\/pressurezone.shop\/pl\/produkt\/odmiana-chwastow-sour-tangie\/","title":{"rendered":"Odmiana zi\u00f3\u0142 Sour Tangie"},"content":{"rendered":"<div class=\"flex-shrink-0 flex flex-col relative items-end\">\n<div>\n<div class=\"pt-0\">\n<div class=\"gizmo-bot-avatar flex h-8 w-8 items-center justify-center overflow-hidden rounded-full\">\n<div class=\"relative p-1 rounded-sm flex items-center justify-center bg-token-main-surface-primary text-token-text-primary h-8 w-8\"><\/div>\n<\/div>\n<\/div>\n<\/div>\n<\/div>\n<div class=\"group\/conversation-turn relative flex w-full min-w-0 flex-col agent-turn\">\n<div class=\"flex-col gap-1 md:gap-3\">\n<div class=\"flex max-w-full flex-col flex-grow\">\n<div class=\"min-h-8 text-message flex w-full flex-col items-end gap-2 whitespace-normal break-words [.text-message+&amp;]:mt-5\" dir=\"auto\" data-message-author-role=\"assistant\" data-message-id=\"37db760e-9abf-48c4-bd46-253dfd9a8cea\" data-message-model-slug=\"gpt-4o\">\n<div class=\"flex w-full flex-col gap-1 empty:hidden first:pt-[3px]\">\n<div class=\"markdown prose w-full break-words dark:prose-invert light\">\n<h3><strong>Kup Sour Tangie Weed Strain online w Europie na <a href=\"https:\/\/pressurezone.shop\/pl\/\" target=\"_new\" rel=\"noopener\">Sklep ze strefami ci\u015bnieniowymi<\/a><\/strong><\/h3>\n<p>Odkryj <strong>Odmiana zi\u00f3\u0142 Sour Tangie<\/strong>Odmiana hybrydowa z dominuj\u0105c\u0105 sativ\u0105 (80% sativa \/ 20% indica) pochodz\u0105ca z krzy\u017c\u00f3wki s\u0142ynnej <strong>East Coast Sour Diesel<\/strong> i <strong>Tangie<\/strong>. Znany ze swojego wyj\u0105tkowego, pikantnego profilu smakowego, <strong>Sour Tangie<\/strong> zapewnia odrobin\u0119 energii i jasno\u015bci umys\u0142u, idealn\u0105 na produktywny dzie\u0144<a href=\"https:\/\/fuelpackz.com\/\" target=\"_blank\" rel=\"noopener\">.<\/a><\/p>\n<h3>Dlaczego warto wybra\u0107 odmian\u0119 Sour Tangie?<\/h3>\n<p><strong>Odmiana zi\u00f3\u0142 Sour Tangie<\/strong> to idealna odmiana dla mi\u0142o\u015bnik\u00f3w sativy poszukuj\u0105cych energetyzuj\u0105cego, kreatywnego haju. Poziom THC wynosi od 21% do 22%, <strong>Sour Tangie<\/strong> jest idealny do poprawy nastroju i koncentracji, zapewniaj\u0105c jednocze\u015bnie \u017cywy cytrynowy i wysokoprocentowy smak, kt\u00f3ry przyjemnie si\u0119 utrzymuje.<\/p>\n<ul>\n<li><strong>Typ<\/strong> Hybryda z dominacj\u0105 Sativy (80% Sativa \/ 20% Indica)<\/li>\n<li><strong>THC<\/strong> 21% - 22%, oferuj\u0105ce efekt stymuluj\u0105cy i od\u015bwie\u017caj\u0105cy<\/li>\n<\/ul>\n<h3>Efekty i korzy\u015bci ze stosowania odmiany Sour Tangie Weed<\/h3>\n<p>La <strong>Odmiana zi\u00f3\u0142 Sour Tangie<\/strong> jest idealna dla os\u00f3b poszukuj\u0105cych euforycznego haju i stymulacji umys\u0142owej bez uczucia ci\u0119\u017cko\u015bci. Zapewnia energetyzuj\u0105cy haj, kt\u00f3ry sprawia, \u017ce czujesz si\u0119 czujny, radosny i kreatywny, idealny na czas, gdy musisz pozosta\u0107 aktywny i skoncentrowany.<\/p>\n<ul>\n<li><strong>Efekty<\/strong> Energetyzuj\u0105cy, Euforyczny, Koncentracja, Kreatywny<\/li>\n<li><strong>Idealny dla<\/strong> depresja, zm\u0119czenie, utrata apetytu, stres<\/li>\n<\/ul>\n<h3>Stany \u0142agodzone przez szczep konopi Sour Tangie<\/h3>\n<p>Z dominuj\u0105cymi efektami sativy, <strong>Sour Tangie<\/strong> jest cz\u0119sto wybierana, aby pom\u00f3c w radzeniu sobie z wieloma zaburzeniami psychicznymi i fizycznymi:<\/p>\n<ul>\n<li><strong>Depresja i stres<\/strong> Pomaga poprawi\u0107 nastr\u00f3j i zmniejszy\u0107 napi\u0119cie psychiczne.<\/li>\n<li><strong>Zm\u0119czenie i utrata apetytu<\/strong> Dodaje energii i zwi\u0119ksza apetyt.<\/li>\n<li><strong>Jasno\u015b\u0107 umys\u0142u<\/strong> Idealny do poprawy koncentracji i produktywno\u015bci.<\/li>\n<\/ul>\n<h3>Smaki i aromaty odmiany Sour Tangie Weed Strain<\/h3>\n<p>La <strong>Odmiana zi\u00f3\u0142 Sour Tangie<\/strong> s\u0142ynie z <strong>kwa\u015bne cytryny<\/strong> oraz<strong>ziemiste trawy<\/strong> z mocnym smakiem <strong>olej nap\u0119dowy<\/strong>. Jego aromat \u0142\u0105czy nuty cytrus\u00f3w i oleju nap\u0119dowego, tworz\u0105c intensywne doznania w\u0119chowe, kt\u00f3re rozwijaj\u0105 si\u0119 z ka\u017cdym zaci\u0105gni\u0119ciem.<\/p>\n<ul>\n<li><strong>Smaki<\/strong> Cytrynowy, Diesel, Ziemisty<\/li>\n<li><strong>Zapachy<\/strong> Cytrusowy, Diesel, Ziemisty<\/li>\n<\/ul>\n<h3>Wygl\u0105d kwiatu konopi Sour Tangie<\/h3>\n<p>P\u0105ki <strong>Sour Tangie<\/strong> s\u0105 jasnozielone z pomara\u0144czowymi odcieniami i warstw\u0105 krystalicznych trichom\u00f3w, co nadaje im \u017cywiczny, apetyczny wygl\u0105d. Ich b\u0142yszcz\u0105cy, g\u0119sty wygl\u0105d sprawia, \u017ce s\u0105 przyjemne w obs\u0142udze i obserwacji dla mi\u0142o\u015bnik\u00f3w wysokiej jako\u015bci konopi.<\/p>\n<h3>Zam\u00f3w Sour Tangie Weed Strain online w sklepie Pressure Zone Shop<\/h3>\n<p>Gotowy, aby cieszy\u0107 si\u0119 o\u017cywcz\u0105 energi\u0105 i \u017cywymi smakami <strong>Odmiana zi\u00f3\u0142 Sour Tangie<\/strong> ? Zam\u00f3w ju\u017c dzi\u015b w <a href=\"https:\/\/pressurezone.shop\/pl\/\" target=\"_new\" rel=\"noopener\">Sklep ze strefami ci\u015bnieniowymi<\/a> zapewnia stymulujace i odswiezajace doznania z konopi indyjskich, idealne na energetyzujacy dzien. Niezale\u017cnie od tego, czy szukasz pobudzenia umys\u0142owego, czy pikantnego cytrynowego smaku, <strong>Sour Tangie<\/strong> jest doskona\u0142ym wyborem zapewniaj\u0105cym doskona\u0142e wra\u017cenia.<\/p>\n<\/div>\n<\/div>\n<\/div>\n<\/div>\n<\/div>\n<\/div>","protected":false},"excerpt":{"rendered":"<p>Achetez la Sour Tangie Weed Strain en Ligne en Europe sur Pressure Zone Shop D\u00e9couvrez la Sour Tangie Weed Strain, une vari\u00e9t\u00e9 hybride \u00e0 dominance sativa (80% sativa \/ 20% indica) issue du croisement entre les c\u00e9l\u00e8bres East Coast Sour Diesel et Tangie. Reconnue pour son profil de saveur unique et acidul\u00e9, Sour Tangie apporte [&hellip;]<\/p>","protected":false},"featured_media":3128,"comment_status":"closed","ping_status":"closed","template":"","meta":{"_uag_custom_page_level_css":"","site-sidebar-layout":"default","site-content-layout":"","ast-site-content-layout":"default","site-content-style":"default","site-sidebar-style":"default","ast-global-header-display":"","ast-banner-title-visibility":"","ast-main-header-display":"","ast-hfb-above-header-display":"","ast-hfb-below-header-display":"","ast-hfb-mobile-header-display":"","site-post-title":"","ast-breadcrumbs-content":"","ast-featured-img":"","footer-sml-layout":"","theme-transparent-header-meta":"default","adv-header-id-meta":"","stick-header-meta":"","header-above-stick-meta":"","header-main-stick-meta":"","header-below-stick-meta":"","astra-migrate-meta-layouts":"set","ast-page-background-enabled":"default","ast-page-background-meta":{"desktop":{"background-color":"","background-image":"","background-repeat":"repeat","background-position":"center center","background-size":"auto","background-attachment":"scroll","background-type":"","background-media":"","overlay-type":"","overlay-color":"","overlay-opacity":"","overlay-gradient":""},"tablet":{"background-color":"","background-image":"","background-repeat":"repeat","background-position":"center center","background-size":"auto","background-attachment":"scroll","background-type":"","background-media":"","overlay-type":"","overlay-color":"","overlay-opacity":"","overlay-gradient":""},"mobile":{"background-color":"","background-image":"","background-repeat":"repeat","background-position":"center center","background-size":"auto","background-attachment":"scroll","background-type":"","background-media":"","overlay-type":"","overlay-color":"","overlay-opacity":"","overlay-gradient":""}},"ast-content-background-meta":{"desktop":{"background-color":"var(--ast-global-color-5)","background-image":"","background-repeat":"repeat","background-position":"center center","background-size":"auto","background-attachment":"scroll","background-type":"","background-media":"","overlay-type":"","overlay-color":"","overlay-opacity":"","overlay-gradient":""},"tablet":{"background-color":"var(--ast-global-color-5)","background-image":"","background-repeat":"repeat","background-position":"center center","background-size":"auto","background-attachment":"scroll","background-type":"","background-media":"","overlay-type":"","overlay-color":"","overlay-opacity":"","overlay-gradient":""},"mobile":{"background-color":"var(--ast-global-color-5)","background-image":"","background-repeat":"repeat","background-position":"center center","background-size":"auto","background-attachment":"scroll","background-type":"","background-media":"","overlay-type":"","overlay-color":"","overlay-opacity":"","overlay-gradient":""}}},"product_brand":[],"product_cat":[28,273],"product_tag":[310],"class_list":{"0":"post-3046","1":"product","2":"type-product","3":"status-publish","4":"has-post-thumbnail","6":"product_cat-varietes-de-cannabis","7":"product_cat-varietes-de-cannabis-sativa","8":"product_tag-order-sour-tangie-weed-strain-europe","9":"desktop-align-left","10":"tablet-align-left","11":"mobile-align-left","13":"first","14":"instock","15":"shipping-taxable","16":"purchasable","17":"product-type-variable"},"uagb_featured_image_src":{"full":["https:\/\/pressurezone.shop\/wp-content\/uploads\/2024\/10\/Sour-Tangie-Weed-Strain.webp",2048,1365,false],"thumbnail":["https:\/\/pressurezone.shop\/wp-content\/uploads\/2024\/10\/Sour-Tangie-Weed-Strain-150x150.webp",150,150,true],"medium":["https:\/\/pressurezone.shop\/wp-content\/uploads\/2024\/10\/Sour-Tangie-Weed-Strain-300x200.webp",300,200,true],"medium_large":["https:\/\/pressurezone.shop\/wp-content\/uploads\/2024\/10\/Sour-Tangie-Weed-Strain-768x512.webp",768,512,true],"large":["https:\/\/pressurezone.shop\/wp-content\/uploads\/2024\/10\/Sour-Tangie-Weed-Strain-1024x683.webp",1024,683,true],"1536x1536":["https:\/\/pressurezone.shop\/wp-content\/uploads\/2024\/10\/Sour-Tangie-Weed-Strain-1536x1024.webp",1536,1024,true],"2048x2048":["https:\/\/pressurezone.shop\/wp-content\/uploads\/2024\/10\/Sour-Tangie-Weed-Strain.webp",2048,1365,false],"trp-custom-language-flag":["https:\/\/pressurezone.shop\/wp-content\/uploads\/2024\/10\/Sour-Tangie-Weed-Strain-18x12.webp",18,12,true],"woocommerce_thumbnail":["https:\/\/pressurezone.shop\/wp-content\/uploads\/2024\/10\/Sour-Tangie-Weed-Strain-300x300.webp",300,300,true],"woocommerce_single":["https:\/\/pressurezone.shop\/wp-content\/uploads\/2024\/10\/Sour-Tangie-Weed-Strain-600x400.webp",600,400,true],"woocommerce_gallery_thumbnail":["https:\/\/pressurezone.shop\/wp-content\/uploads\/2024\/10\/Sour-Tangie-Weed-Strain-100x100.webp",100,100,true]},"uagb_author_info":{"display_name":"pressurezone.shop","author_link":"https:\/\/pressurezone.shop\/pl\/author\/"},"uagb_comment_info":0,"uagb_excerpt":"Achetez la Sour Tangie Weed Strain en Ligne en Europe sur Pressure Zone Shop D\u00e9couvrez la Sour Tangie Weed Strain, une vari\u00e9t\u00e9 hybride \u00e0 dominance sativa (80% sativa \/ 20% indica) issue du croisement entre les c\u00e9l\u00e8bres East Coast Sour Diesel et Tangie. Reconnue pour son profil de saveur unique et acidul\u00e9, Sour Tangie apporte&hellip;","_links":{"self":[{"href":"https:\/\/pressurezone.shop\/pl\/wp-json\/wp\/v2\/product\/3046"}],"collection":[{"href":"https:\/\/pressurezone.shop\/pl\/wp-json\/wp\/v2\/product"}],"about":[{"href":"https:\/\/pressurezone.shop\/pl\/wp-json\/wp\/v2\/types\/product"}],"replies":[{"embeddable":true,"href":"https:\/\/pressurezone.shop\/pl\/wp-json\/wp\/v2\/comments?post=3046"}],"version-history":[{"count":3,"href":"https:\/\/pressurezone.shop\/pl\/wp-json\/wp\/v2\/product\/3046\/revisions"}],"predecessor-version":[{"id":4046,"href":"https:\/\/pressurezone.shop\/pl\/wp-json\/wp\/v2\/product\/3046\/revisions\/4046"}],"wp:featuredmedia":[{"embeddable":true,"href":"https:\/\/pressurezone.shop\/pl\/wp-json\/wp\/v2\/media\/3128"}],"wp:attachment":[{"href":"https:\/\/pressurezone.shop\/pl\/wp-json\/wp\/v2\/media?parent=3046"}],"wp:term":[{"taxonomy":"product_brand","embeddable":true,"href":"https:\/\/pressurezone.shop\/pl\/wp-json\/wp\/v2\/product_brand?post=3046"},{"taxonomy":"product_cat","embeddable":true,"href":"https:\/\/pressurezone.shop\/pl\/wp-json\/wp\/v2\/product_cat?post=3046"},{"taxonomy":"product_tag","embeddable":true,"href":"https:\/\/pressurezone.shop\/pl\/wp-json\/wp\/v2\/product_tag?post=3046"}],"curies":[{"name":"wp","href":"https:\/\/api.w.org\/{rel}","templated":true}]}}