{"id":3047,"date":"2024-10-11T00:49:11","date_gmt":"2024-10-10T22:49:11","guid":{"rendered":"https:\/\/pressurezone.shop\/?post_type=product&#038;p=3047"},"modified":"2024-11-03T21:32:47","modified_gmt":"2024-11-03T20:32:47","slug":"nightmare-cookies-weed-strain","status":"publish","type":"product","link":"https:\/\/pressurezone.shop\/pl\/produkt\/odmiana-marihuany-nightmare-cookies\/","title":{"rendered":"Odmiana zi\u00f3\u0142 Nightmare Cookies"},"content":{"rendered":"<h3><strong>Kup Nightmare Cookies Weed Strain online w Europie na <a href=\"https:\/\/pressurezone.shop\/pl\/\" target=\"_new\" rel=\"noopener\">Sklep ze strefami ci\u015bnieniowymi<\/a><\/strong><\/h3>\n<p>La <strong>Odmiana zi\u00f3\u0142 Nightmare Cookies<\/strong> jest doskonale zbalansowan\u0105 odmian\u0105 powsta\u0142\u0105 w wyniku skrzy\u017cowania <strong>Bia\u0142y koszmar<\/strong> i <strong>Ciasteczka harcerskie<\/strong>. Zgodnie ze swoj\u0105 nazw\u0105, <strong>Koszmarne ciasteczka<\/strong> oferuje g\u0142\u0119boki, nawiedzaj\u0105cy haj, kt\u00f3ry jest idealny do ca\u0142kowitego relaksu. Pot\u0119\u017cne efekty i wyj\u0105tkowy smak sprawiaj\u0105, \u017ce jest to niezb\u0119dny wyb\u00f3r dla mi\u0142o\u015bnik\u00f3w konopi poszukuj\u0105cych niezapomnianych wra\u017ce\u0144.<\/p>\n<h3>Dlaczego warto wybra\u0107 odmian\u0119 Nightmare Cookies?<\/h3>\n<p><strong>Odmiana zi\u00f3\u0142 Nightmare Cookies<\/strong> jest idealny na relaksuj\u0105cy wiecz\u00f3r lub g\u0142\u0119boki nocny odpoczynek. Z <strong>THC z 24%<\/strong>Ta pot\u0119\u017cna odmiana zapewnia euforyczny, relaksuj\u0105cy haj. Poczujesz przyp\u0142yw euforii, po kt\u00f3rym nast\u0105pi delikatny letarg, kt\u00f3remu towarzyszy uczucie apetytu. Nightmare Cookies wyr\u00f3\u017cnia si\u0119 aromatami sosny, zi\u00f3\u0142 i s\u0142odkich kwiat\u00f3w, kt\u00f3re dodaj\u0105 bogatego wymiaru ka\u017cdemu zaci\u0105gni\u0119ciu.<a href=\"https:\/\/fuelpackz.com\/\" target=\"_blank\" rel=\"noopener\">.<\/a><\/p>\n<ul>\n<li><strong>Typ<\/strong> Idealnie zbalansowana hybryda<\/li>\n<li><strong>THC<\/strong> 24%, oferuj\u0105cy intensywne, d\u0142ugotrwa\u0142e doznania<\/li>\n<\/ul>\n<h3>Efekty i zalety odmiany zi\u00f3\u0142 Nightmare Cookies<\/h3>\n<p>La <strong>Odmiana zi\u00f3\u0142 Nightmare Cookies<\/strong> jest znany ze swoich euforycznych i relaksuj\u0105cych efekt\u00f3w, idealnych dla os\u00f3b pragn\u0105cych z\u0142agodzi\u0107 stres i znale\u017a\u0107 sen. Jego koj\u0105ce dzia\u0142anie sprawia, \u017ce jest to doskona\u0142y wyb\u00f3r na wiecz\u00f3r, kiedy chcesz si\u0119 po prostu zrelaksowa\u0107 i przygotowa\u0107 na dobry nocny odpoczynek.<\/p>\n<ul>\n<li><strong>Efekty<\/strong> Euforia, relaks, senno\u015b\u0107, poprawa nastroju<\/li>\n<li><strong>Idealny dla<\/strong> przewlek\u0142y b\u00f3l, depresja, bezsenno\u015b\u0107, utrata apetytu, stres<\/li>\n<\/ul>\n<h3>Stany \u0142agodzone przez odmian\u0119 konopi Nightmare Cookies<\/h3>\n<p>Dzi\u0119ki doskona\u0142ej r\u00f3wnowadze i pot\u0119\u017cnym efektom <strong>Koszmarne ciasteczka<\/strong> jest idealny do \u0142agodzenia wielu dolegliwo\u015bci:<\/p>\n<ul>\n<li><strong>Przewlek\u0142y b\u00f3l i bezsenno\u015b\u0107<\/strong> Zapewnia d\u0142ugotrwa\u0142\u0105 ulg\u0119 w b\u00f3lu i wspomaga spokojny sen.<\/li>\n<li><strong>Depresja i stres<\/strong> Poprawia nastr\u00f3j i zmniejsza napi\u0119cie psychiczne.<\/li>\n<li><strong>Utrata apetytu<\/strong> Pobudza apetyt, daj\u0105c przyjemne uczucie g\u0142odu.<\/li>\n<\/ul>\n<h3>Smaki i aromaty szczepu zio\u0142owego Nightmare Cookies<\/h3>\n<p>La <strong>Odmiana zi\u00f3\u0142 Nightmare Cookies<\/strong> oferuje bogaty profil aromatyczny, \u0142\u0105cz\u0105cy s\u0142odkie, jagodowe i zio\u0142owe smaki. Jego smak to po\u0142\u0105czenie jag\u00f3d i sosny, a ziemisty, kwiatowy aromat tworzy intensywne, czaruj\u0105ce doznania sensoryczne.<\/p>\n<ul>\n<li><strong>Smaki<\/strong> jagody, zio\u0142a, sosna, s\u0142odki<\/li>\n<li><strong>Zapachy<\/strong> Jagodowy, ziemisty, kwiatowy, zio\u0142owy, s\u0142odki<\/li>\n<\/ul>\n<h3>Wygl\u0105d kwiatu konopi Nightmare Cookies<\/h3>\n<p>P\u0105ki <strong>Koszmarne ciasteczka<\/strong> s\u0105 jasnozielone, z krystalicznymi trichomami i pomara\u0144czowymi s\u0142upkami, kt\u00f3re podkre\u015blaj\u0105 ich pi\u0119kno. Te ma\u0142e, mocne, \u017cywiczne kwiaty s\u0105 idealne dla tych, kt\u00f3rzy szukaj\u0105 odmiany najwy\u017cszej jako\u015bci.<\/p>\n<h3>Zam\u00f3w Nightmare Cookies Weed Strain online w sklepie Strefa Ci\u015bnienia<\/h3>\n<p>Czy chcia\u0142by\u015b odkry\u0107 pot\u0119\u017cny, koj\u0105cy efekt <strong>Odmiana zi\u00f3\u0142 Nightmare Cookies<\/strong> ? Zam\u00f3w ju\u017c dzi\u015b w <a href=\"https:\/\/pressurezone.shop\/pl\/\" target=\"_new\" rel=\"noopener\">Sklep ze strefami ci\u015bnieniowymi<\/a> i ciesz si\u0119 t\u0105 wyj\u0105tkow\u0105 odmian\u0105 hybrydow\u0105, idealn\u0105 do \u0142agodzenia stresu i promowania snu. Niezale\u017cnie od tego, czy chodzi o relaks, czy o pobudzenie psychiczne przed snem, <strong>Koszmarne ciasteczka<\/strong> to idealny wyb\u00f3r, aby cieszy\u0107 si\u0119 wysokiej jako\u015bci konopiami indyjskimi.<\/p>","protected":false},"excerpt":{"rendered":"<p>Achetez la Nightmare Cookies Weed Strain en Ligne en Europe sur Pressure Zone Shop La Nightmare Cookies Weed Strain est une vari\u00e9t\u00e9 parfaitement \u00e9quilibr\u00e9e, issue du croisement entre White Nightmare et Girl Scout Cookies. Fid\u00e8le \u00e0 son nom, Nightmare Cookies offre un high profond et envo\u00fbtant qui est id\u00e9al pour une d\u00e9tente totale. Ses effets [&hellip;]<\/p>","protected":false},"featured_media":3133,"comment_status":"closed","ping_status":"closed","template":"","meta":{"_uag_custom_page_level_css":"","site-sidebar-layout":"default","site-content-layout":"","ast-site-content-layout":"default","site-content-style":"default","site-sidebar-style":"default","ast-global-header-display":"","ast-banner-title-visibility":"","ast-main-header-display":"","ast-hfb-above-header-display":"","ast-hfb-below-header-display":"","ast-hfb-mobile-header-display":"","site-post-title":"","ast-breadcrumbs-content":"","ast-featured-img":"","footer-sml-layout":"","theme-transparent-header-meta":"default","adv-header-id-meta":"","stick-header-meta":"","header-above-stick-meta":"","header-main-stick-meta":"","header-below-stick-meta":"","astra-migrate-meta-layouts":"set","ast-page-background-enabled":"default","ast-page-background-meta":{"desktop":{"background-color":"","background-image":"","background-repeat":"repeat","background-position":"center center","background-size":"auto","background-attachment":"scroll","background-type":"","background-media":"","overlay-type":"","overlay-color":"","overlay-opacity":"","overlay-gradient":""},"tablet":{"background-color":"","background-image":"","background-repeat":"repeat","background-position":"center center","background-size":"auto","background-attachment":"scroll","background-type":"","background-media":"","overlay-type":"","overlay-color":"","overlay-opacity":"","overlay-gradient":""},"mobile":{"background-color":"","background-image":"","background-repeat":"repeat","background-position":"center center","background-size":"auto","background-attachment":"scroll","background-type":"","background-media":"","overlay-type":"","overlay-color":"","overlay-opacity":"","overlay-gradient":""}},"ast-content-background-meta":{"desktop":{"background-color":"var(--ast-global-color-5)","background-image":"","background-repeat":"repeat","background-position":"center center","background-size":"auto","background-attachment":"scroll","background-type":"","background-media":"","overlay-type":"","overlay-color":"","overlay-opacity":"","overlay-gradient":""},"tablet":{"background-color":"var(--ast-global-color-5)","background-image":"","background-repeat":"repeat","background-position":"center center","background-size":"auto","background-attachment":"scroll","background-type":"","background-media":"","overlay-type":"","overlay-color":"","overlay-opacity":"","overlay-gradient":""},"mobile":{"background-color":"var(--ast-global-color-5)","background-image":"","background-repeat":"repeat","background-position":"center center","background-size":"auto","background-attachment":"scroll","background-type":"","background-media":"","overlay-type":"","overlay-color":"","overlay-opacity":"","overlay-gradient":""}}},"product_brand":[],"product_cat":[28,273],"product_tag":[311],"class_list":{"0":"post-3047","1":"product","2":"type-product","3":"status-publish","4":"has-post-thumbnail","6":"product_cat-varietes-de-cannabis","7":"product_cat-varietes-de-cannabis-sativa","8":"product_tag-order-nightmare-cookies-weed-strain-europe","9":"desktop-align-left","10":"tablet-align-left","11":"mobile-align-left","13":"first","14":"instock","15":"shipping-taxable","16":"purchasable","17":"product-type-variable"},"uagb_featured_image_src":{"full":["https:\/\/pressurezone.shop\/wp-content\/uploads\/2024\/10\/Nightmare-Cookies-Weed-Strain.webp",2048,1365,false],"thumbnail":["https:\/\/pressurezone.shop\/wp-content\/uploads\/2024\/10\/Nightmare-Cookies-Weed-Strain-150x150.webp",150,150,true],"medium":["https:\/\/pressurezone.shop\/wp-content\/uploads\/2024\/10\/Nightmare-Cookies-Weed-Strain-300x200.webp",300,200,true],"medium_large":["https:\/\/pressurezone.shop\/wp-content\/uploads\/2024\/10\/Nightmare-Cookies-Weed-Strain-768x512.webp",768,512,true],"large":["https:\/\/pressurezone.shop\/wp-content\/uploads\/2024\/10\/Nightmare-Cookies-Weed-Strain-1024x683.webp",1024,683,true],"1536x1536":["https:\/\/pressurezone.shop\/wp-content\/uploads\/2024\/10\/Nightmare-Cookies-Weed-Strain-1536x1024.webp",1536,1024,true],"2048x2048":["https:\/\/pressurezone.shop\/wp-content\/uploads\/2024\/10\/Nightmare-Cookies-Weed-Strain.webp",2048,1365,false],"trp-custom-language-flag":["https:\/\/pressurezone.shop\/wp-content\/uploads\/2024\/10\/Nightmare-Cookies-Weed-Strain-18x12.webp",18,12,true],"woocommerce_thumbnail":["https:\/\/pressurezone.shop\/wp-content\/uploads\/2024\/10\/Nightmare-Cookies-Weed-Strain-300x300.webp",300,300,true],"woocommerce_single":["https:\/\/pressurezone.shop\/wp-content\/uploads\/2024\/10\/Nightmare-Cookies-Weed-Strain-600x400.webp",600,400,true],"woocommerce_gallery_thumbnail":["https:\/\/pressurezone.shop\/wp-content\/uploads\/2024\/10\/Nightmare-Cookies-Weed-Strain-100x100.webp",100,100,true]},"uagb_author_info":{"display_name":"pressurezone.shop","author_link":"https:\/\/pressurezone.shop\/pl\/author\/"},"uagb_comment_info":0,"uagb_excerpt":"Achetez la Nightmare Cookies Weed Strain en Ligne en Europe sur Pressure Zone Shop La Nightmare Cookies Weed Strain est une vari\u00e9t\u00e9 parfaitement \u00e9quilibr\u00e9e, issue du croisement entre White Nightmare et Girl Scout Cookies. Fid\u00e8le \u00e0 son nom, Nightmare Cookies offre un high profond et envo\u00fbtant qui est id\u00e9al pour une d\u00e9tente totale. Ses effets&hellip;","_links":{"self":[{"href":"https:\/\/pressurezone.shop\/pl\/wp-json\/wp\/v2\/product\/3047"}],"collection":[{"href":"https:\/\/pressurezone.shop\/pl\/wp-json\/wp\/v2\/product"}],"about":[{"href":"https:\/\/pressurezone.shop\/pl\/wp-json\/wp\/v2\/types\/product"}],"replies":[{"embeddable":true,"href":"https:\/\/pressurezone.shop\/pl\/wp-json\/wp\/v2\/comments?post=3047"}],"version-history":[{"count":3,"href":"https:\/\/pressurezone.shop\/pl\/wp-json\/wp\/v2\/product\/3047\/revisions"}],"predecessor-version":[{"id":3959,"href":"https:\/\/pressurezone.shop\/pl\/wp-json\/wp\/v2\/product\/3047\/revisions\/3959"}],"wp:featuredmedia":[{"embeddable":true,"href":"https:\/\/pressurezone.shop\/pl\/wp-json\/wp\/v2\/media\/3133"}],"wp:attachment":[{"href":"https:\/\/pressurezone.shop\/pl\/wp-json\/wp\/v2\/media?parent=3047"}],"wp:term":[{"taxonomy":"product_brand","embeddable":true,"href":"https:\/\/pressurezone.shop\/pl\/wp-json\/wp\/v2\/product_brand?post=3047"},{"taxonomy":"product_cat","embeddable":true,"href":"https:\/\/pressurezone.shop\/pl\/wp-json\/wp\/v2\/product_cat?post=3047"},{"taxonomy":"product_tag","embeddable":true,"href":"https:\/\/pressurezone.shop\/pl\/wp-json\/wp\/v2\/product_tag?post=3047"}],"curies":[{"name":"wp","href":"https:\/\/api.w.org\/{rel}","templated":true}]}}