{"id":3048,"date":"2024-10-11T00:49:11","date_gmt":"2024-10-10T22:49:11","guid":{"rendered":"https:\/\/pressurezone.shop\/?post_type=product&#038;p=3048"},"modified":"2024-11-03T21:19:20","modified_gmt":"2024-11-03T20:19:20","slug":"lemon-haze-strain-aaa-small-buds","status":"publish","type":"product","link":"https:\/\/pressurezone.shop\/pl\/produkt\/odmiana-lemon-haze-aaa-male-paki\/","title":{"rendered":"Odmiana Lemon Haze AAA Ma\u0142e p\u0105ki - Hybryda z dominacj\u0105 Sativy"},"content":{"rendered":"<div class=\"flex-shrink-0 flex flex-col relative items-end\">\n<div>\n<div class=\"pt-0\">\n<div class=\"gizmo-bot-avatar flex h-8 w-8 items-center justify-center overflow-hidden rounded-full\">\n<div class=\"relative p-1 rounded-sm flex items-center justify-center bg-token-main-surface-primary text-token-text-primary h-8 w-8\"><\/div>\n<\/div>\n<\/div>\n<\/div>\n<\/div>\n<div class=\"group\/conversation-turn relative flex w-full min-w-0 flex-col agent-turn\">\n<div class=\"flex-col gap-1 md:gap-3\">\n<div class=\"flex max-w-full flex-col flex-grow\">\n<div class=\"min-h-8 text-message flex w-full flex-col items-end gap-2 whitespace-normal break-words [.text-message+&amp;]:mt-5\" dir=\"auto\" data-message-author-role=\"assistant\" data-message-id=\"156cfc57-297d-419c-9a0e-9fc036d28077\" data-message-model-slug=\"gpt-4o\">\n<div class=\"flex w-full flex-col gap-1 empty:hidden first:pt-[3px]\">\n<div class=\"markdown prose w-full break-words dark:prose-invert light\">\n<h3><strong>Kup Lemon Haze Strain AAA Small Buds - Sativa Dominant Hybrid online w Europie na <a href=\"https:\/\/pressurezone.shop\/pl\/\" target=\"_new\" rel=\"noopener\">Sklep ze strefami ci\u015bnieniowymi<\/a><\/strong><\/h3>\n<p>&nbsp;<\/p>\n<p>Odkryj <strong>Odmiana Lemon Haze AAA Ma\u0142e p\u0105ki - Hybryda z dominacj\u0105 Sativy<\/strong>wyj\u0105tkowa odmiana zrodzona z krzy\u017c\u00f3wki <strong>Silver Haze<\/strong> i <strong>Lemon Skunk<\/strong>. Dzi\u0119ki stosunkowi sativa\/indica 70:30, <strong>Lemon Haze<\/strong> jest idealny dla tych, kt\u00f3rzy szukaj\u0105 energetycznego, euforycznego przyp\u0142ywu, jednocze\u015bnie ciesz\u0105c si\u0119 delikatnym relaksem pod koniec sesji.<\/p>\n<h3>Dlaczego warto wybra\u0107 Lemon Haze Strain AAA Small Buds - Sativa Dominant Hybrid?<\/h3>\n<p><strong>Lemon Haze<\/strong> to pozycja obowi\u0105zkowa dla fan\u00f3w \u017cywych smak\u00f3w i pobudzaj\u0105cych efekt\u00f3w. Oferuje orze\u017awiaj\u0105ce do\u015bwiadczenie z jego <strong>THC 17%<\/strong> i odrobina <strong>CBD przy 0,38%<\/strong>oferuj\u0105c dobrze zbalansowany haj. Charakterystyczny \u015bwie\u017cy cytrynowy zapach i cytrusowe nuty sprawiaj\u0105, \u017ce jest to popularny wyb\u00f3r w\u015br\u00f3d os\u00f3b szukaj\u0105cych poprawy nastroju i relaksu bez nadmiernej mocy.<\/p>\n<ul>\n<li><strong>Typ<\/strong> Hybryda z dominacj\u0105 Sativy (70% Sativa \/ 30% Indica)<\/li>\n<li><strong>THC<\/strong> 17% z 0,38% CBD, idealne dla euforycznego haju bez nadmiernego uspokojenia.<\/li>\n<\/ul>\n<h3>Efekty i zalety odmiany Lemon Haze Weed Strain<\/h3>\n<p>La <strong>Odmiana zi\u00f3\u0142 Lemon Haze<\/strong> s\u0142ynie z silnego dzia\u0142ania, wywo\u0142uj\u0105cego uczucie euforii i szcz\u0119\u015bcia. Jest idealna dla os\u00f3b potrzebuj\u0105cych wzmocnienia psychicznego po ci\u0119\u017ckim dniu. Po euforycznym haju nast\u0119puje delikatny relaks, kt\u00f3ry przy wi\u0119kszych dawkach mo\u017ce prowadzi\u0107 do ca\u0142kowitego odpr\u0119\u017cenia.<\/p>\n<ul>\n<li><strong>Efekty<\/strong> Euforia, Szcz\u0119\u015bcie, Uniesienie, Relaks<\/li>\n<li><strong>Idealny dla<\/strong> b\u00f3le g\u0142owy, utrata apetytu, przewlek\u0142y b\u00f3l, depresja, zm\u0119czenie, utrata apetytu, migreny, nudno\u015bci, choroba afektywna dwubiegunowa, PTSD, stres<\/li>\n<\/ul>\n<h3>Stany \u0142agodzone przez szczep konopi Lemon Haze<\/h3>\n<p>Dzi\u0119ki swojemu energetyzuj\u0105cemu i koj\u0105cemu dzia\u0142aniu <strong>Lemon Haze<\/strong> jest skuteczny w \u0142agodzeniu wielu dolegliwo\u015bci fizycznych i psychicznych:<\/p>\n<ul>\n<li><strong>Przewlek\u0142y b\u00f3l i b\u00f3le g\u0142owy<\/strong> Pomaga zmniejszy\u0107 uporczywy b\u00f3l i migreny.<\/li>\n<li><strong>Depresja i stres<\/strong> Zapewnia wzmocnienie psychiczne i odpr\u0119\u017cenie, \u0142agodz\u0105c niespokojne my\u015bli.<\/li>\n<li><strong>Nudno\u015bci i utrata apetytu<\/strong> Pobudza apetyt i \u0142agodzi nudno\u015bci<a href=\"https:\/\/fuelpackz.com\/\" target=\"_blank\" rel=\"noopener\">.<\/a><\/li>\n<\/ul>\n<h3>Smaki i aromaty odmiany Lemon Haze<\/h3>\n<p>Fani <strong>Lemon Haze<\/strong> s\u0105 uwodzeni wyj\u0105tkowym smakiem \u015bwie\u017cej cytryny, kt\u00f3remu towarzysz\u0105 nuty limonki i pikantnej s\u0142odyczy. Jego aromat, przypominaj\u0105cy \u015bwie\u017co pokrojon\u0105 cytryn\u0119, jest uzupe\u0142niony ziemistymi niuansami, oferuj\u0105c \u017cywe i orze\u017awiaj\u0105ce doznania smakowe.<\/p>\n<ul>\n<li><strong>Smaki<\/strong> Cytrusowy, Cytrynowy, Limonkowy, S\u0142odki, Zakwaszony<\/li>\n<li><strong>Zapachy<\/strong> Cytrynowy, ziemisty, owoce cytrusowe<\/li>\n<\/ul>\n<h3>Wygl\u0105d kwiatu konopi Lemon Haze<\/h3>\n<p>P\u0105ki <strong>Lemon Haze<\/strong> wyr\u00f3\u017cniaj\u0105 si\u0119 \u017c\u00f3\u0142to-zielonym odcieniem, ozdobionym bursztynowymi w\u0142oskami i pokrytym krystalicznymi trichomami. Ten b\u0142yszcz\u0105cy, z\u0142oty wygl\u0105d przyci\u0105ga koneser\u00f3w konopi, odzwierciedlaj\u0105c jako\u015b\u0107 i moc tej odmiany.<\/p>\n<h3>Zam\u00f3w Lemon Haze Strain AAA Small Buds - Sativa Dominant Hybrid online od Pressure Zone Shop<\/h3>\n<p>Gotowy do odkrycia o\u017cywczego, euforycznego efektu <strong>Odmiana Lemon Haze AAA Ma\u0142e p\u0105ki - Hybryda z dominacj\u0105 Sativy<\/strong> ? Zam\u00f3w ju\u017c dzi\u015b w <a href=\"https:\/\/pressurezone.shop\/pl\/\" target=\"_new\" rel=\"noopener\">Sklep ze strefami ci\u015bnieniowymi<\/a> i ciesz si\u0119 t\u0105 dynamiczn\u0105 odmian\u0105 hybrydow\u0105, idealn\u0105 do rozja\u015bnienia dnia i z\u0142agodzenia napi\u0119\u0107. <strong>Lemon Haze<\/strong> jest idealnym sprzymierze\u0144cem dla orze\u017awiaj\u0105cych, wysokiej jako\u015bci dozna\u0144 zwi\u0105zanych z konopiami indyjskimi.<\/p>\n<\/div>\n<\/div>\n<\/div>\n<\/div>\n<\/div>\n<\/div>","protected":false},"excerpt":{"rendered":"<div class=\"product-short-description\">\n<p>THC: 17-22%<\/p>\n<\/div>","protected":false},"featured_media":3135,"comment_status":"closed","ping_status":"closed","template":"","meta":{"_uag_custom_page_level_css":"","site-sidebar-layout":"default","site-content-layout":"","ast-site-content-layout":"default","site-content-style":"default","site-sidebar-style":"default","ast-global-header-display":"","ast-banner-title-visibility":"","ast-main-header-display":"","ast-hfb-above-header-display":"","ast-hfb-below-header-display":"","ast-hfb-mobile-header-display":"","site-post-title":"","ast-breadcrumbs-content":"","ast-featured-img":"","footer-sml-layout":"","theme-transparent-header-meta":"default","adv-header-id-meta":"","stick-header-meta":"","header-above-stick-meta":"","header-main-stick-meta":"","header-below-stick-meta":"","astra-migrate-meta-layouts":"set","ast-page-background-enabled":"default","ast-page-background-meta":{"desktop":{"background-color":"","background-image":"","background-repeat":"repeat","background-position":"center center","background-size":"auto","background-attachment":"scroll","background-type":"","background-media":"","overlay-type":"","overlay-color":"","overlay-opacity":"","overlay-gradient":""},"tablet":{"background-color":"","background-image":"","background-repeat":"repeat","background-position":"center center","background-size":"auto","background-attachment":"scroll","background-type":"","background-media":"","overlay-type":"","overlay-color":"","overlay-opacity":"","overlay-gradient":""},"mobile":{"background-color":"","background-image":"","background-repeat":"repeat","background-position":"center center","background-size":"auto","background-attachment":"scroll","background-type":"","background-media":"","overlay-type":"","overlay-color":"","overlay-opacity":"","overlay-gradient":""}},"ast-content-background-meta":{"desktop":{"background-color":"var(--ast-global-color-5)","background-image":"","background-repeat":"repeat","background-position":"center center","background-size":"auto","background-attachment":"scroll","background-type":"","background-media":"","overlay-type":"","overlay-color":"","overlay-opacity":"","overlay-gradient":""},"tablet":{"background-color":"var(--ast-global-color-5)","background-image":"","background-repeat":"repeat","background-position":"center center","background-size":"auto","background-attachment":"scroll","background-type":"","background-media":"","overlay-type":"","overlay-color":"","overlay-opacity":"","overlay-gradient":""},"mobile":{"background-color":"var(--ast-global-color-5)","background-image":"","background-repeat":"repeat","background-position":"center center","background-size":"auto","background-attachment":"scroll","background-type":"","background-media":"","overlay-type":"","overlay-color":"","overlay-opacity":"","overlay-gradient":""}}},"product_brand":[],"product_cat":[28,273],"product_tag":[312],"class_list":{"0":"post-3048","1":"product","2":"type-product","3":"status-publish","4":"has-post-thumbnail","6":"product_cat-varietes-de-cannabis","7":"product_cat-varietes-de-cannabis-sativa","8":"product_tag-order-lemon-haze-strain-aaa-small-buds-sativa-dominant-hybrid-europe","9":"desktop-align-left","10":"tablet-align-left","11":"mobile-align-left","13":"first","14":"instock","15":"shipping-taxable","16":"purchasable","17":"product-type-variable"},"uagb_featured_image_src":{"full":["https:\/\/pressurezone.shop\/wp-content\/uploads\/2024\/10\/Lemon-Haze-Strain-AAA-Small-Buds-\u2013-Sativa-Dominant-Hybrid.webp",2048,1365,false],"thumbnail":["https:\/\/pressurezone.shop\/wp-content\/uploads\/2024\/10\/Lemon-Haze-Strain-AAA-Small-Buds-\u2013-Sativa-Dominant-Hybrid-150x150.webp",150,150,true],"medium":["https:\/\/pressurezone.shop\/wp-content\/uploads\/2024\/10\/Lemon-Haze-Strain-AAA-Small-Buds-\u2013-Sativa-Dominant-Hybrid-300x200.webp",300,200,true],"medium_large":["https:\/\/pressurezone.shop\/wp-content\/uploads\/2024\/10\/Lemon-Haze-Strain-AAA-Small-Buds-\u2013-Sativa-Dominant-Hybrid-768x512.webp",768,512,true],"large":["https:\/\/pressurezone.shop\/wp-content\/uploads\/2024\/10\/Lemon-Haze-Strain-AAA-Small-Buds-\u2013-Sativa-Dominant-Hybrid-1024x683.webp",1024,683,true],"1536x1536":["https:\/\/pressurezone.shop\/wp-content\/uploads\/2024\/10\/Lemon-Haze-Strain-AAA-Small-Buds-\u2013-Sativa-Dominant-Hybrid-1536x1024.webp",1536,1024,true],"2048x2048":["https:\/\/pressurezone.shop\/wp-content\/uploads\/2024\/10\/Lemon-Haze-Strain-AAA-Small-Buds-\u2013-Sativa-Dominant-Hybrid.webp",2048,1365,false],"trp-custom-language-flag":["https:\/\/pressurezone.shop\/wp-content\/uploads\/2024\/10\/Lemon-Haze-Strain-AAA-Small-Buds-\u2013-Sativa-Dominant-Hybrid-18x12.webp",18,12,true],"woocommerce_thumbnail":["https:\/\/pressurezone.shop\/wp-content\/uploads\/2024\/10\/Lemon-Haze-Strain-AAA-Small-Buds-\u2013-Sativa-Dominant-Hybrid-300x300.webp",300,300,true],"woocommerce_single":["https:\/\/pressurezone.shop\/wp-content\/uploads\/2024\/10\/Lemon-Haze-Strain-AAA-Small-Buds-\u2013-Sativa-Dominant-Hybrid-600x400.webp",600,400,true],"woocommerce_gallery_thumbnail":["https:\/\/pressurezone.shop\/wp-content\/uploads\/2024\/10\/Lemon-Haze-Strain-AAA-Small-Buds-\u2013-Sativa-Dominant-Hybrid-100x100.webp",100,100,true]},"uagb_author_info":{"display_name":"pressurezone.shop","author_link":"https:\/\/pressurezone.shop\/pl\/author\/"},"uagb_comment_info":0,"uagb_excerpt":"THC: 17-22%","_links":{"self":[{"href":"https:\/\/pressurezone.shop\/pl\/wp-json\/wp\/v2\/product\/3048"}],"collection":[{"href":"https:\/\/pressurezone.shop\/pl\/wp-json\/wp\/v2\/product"}],"about":[{"href":"https:\/\/pressurezone.shop\/pl\/wp-json\/wp\/v2\/types\/product"}],"replies":[{"embeddable":true,"href":"https:\/\/pressurezone.shop\/pl\/wp-json\/wp\/v2\/comments?post=3048"}],"version-history":[{"count":3,"href":"https:\/\/pressurezone.shop\/pl\/wp-json\/wp\/v2\/product\/3048\/revisions"}],"predecessor-version":[{"id":3935,"href":"https:\/\/pressurezone.shop\/pl\/wp-json\/wp\/v2\/product\/3048\/revisions\/3935"}],"wp:featuredmedia":[{"embeddable":true,"href":"https:\/\/pressurezone.shop\/pl\/wp-json\/wp\/v2\/media\/3135"}],"wp:attachment":[{"href":"https:\/\/pressurezone.shop\/pl\/wp-json\/wp\/v2\/media?parent=3048"}],"wp:term":[{"taxonomy":"product_brand","embeddable":true,"href":"https:\/\/pressurezone.shop\/pl\/wp-json\/wp\/v2\/product_brand?post=3048"},{"taxonomy":"product_cat","embeddable":true,"href":"https:\/\/pressurezone.shop\/pl\/wp-json\/wp\/v2\/product_cat?post=3048"},{"taxonomy":"product_tag","embeddable":true,"href":"https:\/\/pressurezone.shop\/pl\/wp-json\/wp\/v2\/product_tag?post=3048"}],"curies":[{"name":"wp","href":"https:\/\/api.w.org\/{rel}","templated":true}]}}