{"id":3063,"date":"2024-10-11T00:49:43","date_gmt":"2024-10-10T22:49:43","guid":{"rendered":"https:\/\/pressurezone.shop\/?post_type=product&#038;p=3063"},"modified":"2024-11-03T22:29:53","modified_gmt":"2024-11-03T21:29:53","slug":"wedding-cake-weed-strain","status":"publish","type":"product","link":"https:\/\/pressurezone.shop\/pl\/produkt\/odmiana-chwastow-tort-weselny\/","title":{"rendered":"Odmiana Wedding Cake Weed"},"content":{"rendered":"<div class=\"flex-shrink-0 flex flex-col relative items-end\">\n<div>\n<div class=\"pt-0\">\n<div class=\"gizmo-bot-avatar flex h-8 w-8 items-center justify-center overflow-hidden rounded-full\">\n<div class=\"relative p-1 rounded-sm flex items-center justify-center bg-token-main-surface-primary text-token-text-primary h-8 w-8\"><\/div>\n<\/div>\n<\/div>\n<\/div>\n<\/div>\n<div class=\"group\/conversation-turn relative flex w-full min-w-0 flex-col agent-turn\">\n<div class=\"flex-col gap-1 md:gap-3\">\n<div class=\"flex max-w-full flex-col flex-grow\">\n<div class=\"min-h-8 text-message flex w-full flex-col items-end gap-2 whitespace-normal break-words [.text-message+&amp;]:mt-5\" dir=\"auto\" data-message-author-role=\"assistant\" data-message-id=\"ab784182-36ce-49e6-af5e-5d2565da7eec\" data-message-model-slug=\"gpt-4o\">\n<div class=\"flex w-full flex-col gap-1 empty:hidden first:pt-[3px]\">\n<div class=\"markdown prose w-full break-words dark:prose-invert light\">\n<h3><strong>Kup odmian\u0119 zio\u0142a Wedding Cake online w Europie na <a href=\"https:\/\/pressurezone.shop\/pl\/\" target=\"_new\" rel=\"noopener\">Sklep ze strefami ci\u015bnieniowymi<\/a><\/strong><\/h3>\n<p>Odkryj <strong>Odmiana Wedding Cake Weed<\/strong>czasami nazywany <strong>R\u00f3\u017cowe ciasteczka<\/strong>Odmiana hybrydowa z dominacj\u0105 Indica, kt\u00f3ra \u0142\u0105czy w sobie najlepsze efekty <strong>Triangle Kush<\/strong> oraz <strong>Mi\u0119t\u00f3wki dla zwierz\u0105t<\/strong>. Ta wyj\u0105tkowa mieszanka biszkoptowej s\u0142odyczy i dzikich jag\u00f3d zapewnia koj\u0105ce i pocieszaj\u0105ce doznania, idealne na spokojne wieczory lub w celu z\u0142agodzenia r\u00f3\u017cnych dolegliwo\u015bci fizycznych i psychicznych.<\/p>\n<h3>Dlaczego warto wybra\u0107 odmian\u0119 Wedding Cake Weed?<\/h3>\n<p><strong>Odmiana Wedding Cake Weed<\/strong> to idealny wyb\u00f3r dla os\u00f3b poszukuj\u0105cych g\u0142\u0119bokiego relaksu bez ca\u0142kowitej zmiany koncentracji. Dzi\u0119ki wysokiej zawarto\u015bci THC, wynosz\u0105cej 25-27%, ta hybrydowa odmiana wywo\u0142uje \u0142agodn\u0105 eufori\u0119, po kt\u00f3rej nast\u0119puje intensywny relaks, bez natychmiastowego efektu uspokajaj\u0105cego. Jest idealna dla u\u017cytkownik\u00f3w, kt\u00f3rzy pragn\u0105 kreatywnego haju po\u0142\u0105czonego ze spokojem.<\/p>\n<ul>\n<li><strong>Typ<\/strong> Hybryda z dominacj\u0105 Indica<\/li>\n<li><strong>THC<\/strong> 25-27%, dla mocnych i koj\u0105cych wra\u017ce\u0144<\/li>\n<\/ul>\n<h3>Efekty i zalety odmiany Wedding Cake Weed<\/h3>\n<p>La <strong>Odmiana Wedding Cake Weed<\/strong> zapewnia euforyczny, kreatywny haj, kt\u00f3ry stopniowo przekszta\u0142ca si\u0119 w rozlu\u017anienie cia\u0142a, idealne do uspokojenia napi\u0119cia i pobudzenia apetytu. Jest znana ze swoich koj\u0105cych efekt\u00f3w, kt\u00f3re promuj\u0105 relaks i dobre samopoczucie, idealne na koniec dnia.<a href=\"https:\/\/fuelpackz.com\/\" target=\"_blank\" rel=\"noopener\">.<\/a><\/p>\n<ul>\n<li><strong>Efekty<\/strong> Kreatywno\u015b\u0107, euforia, relaks, senno\u015b\u0107<\/li>\n<li><strong>Idealny dla<\/strong> stwardnienie rozsiane, bezsenno\u015b\u0107, utrata apetytu, utrata apetytu, przewlek\u0142y b\u00f3l, depresja, fibromialgia, nudno\u015bci<\/li>\n<\/ul>\n<h3>Choroby \u0142agodzone przez odmian\u0119 konopi Wedding Cake<\/h3>\n<p>Dzi\u0119ki silnemu, zr\u00f3wnowa\u017conemu dzia\u0142aniu, <strong>Tort weselny<\/strong> jest cz\u0119sto wybierana w celu z\u0142agodzenia r\u00f3\u017cnych objaw\u00f3w:<\/p>\n<ul>\n<li><strong>Depresja i stany l\u0119kowe<\/strong> \u0141agodzi nerwy i poprawia nastr\u00f3j.<\/li>\n<li><strong>Przewlek\u0142y b\u00f3l i fibromialgia<\/strong> Skutecznie \u0142agodzi b\u00f3l i napi\u0119cie cia\u0142a.<\/li>\n<li><strong>Bezsenno\u015b\u0107 i utrata apetytu<\/strong> Wspomaga sen i pobudza apetyt, idealny do pe\u0142nego relaksu.<\/li>\n<\/ul>\n<h3>Smaki i aromaty odmiany Wedding Cake Weed Strain<\/h3>\n<p>La <strong>Odmiana Wedding Cake Weed<\/strong> zachwyca zmys\u0142y smakami <strong>jagody<\/strong> oraz <strong>s\u0142odki owoc<\/strong>przypominaj\u0105cy s\u0142odkie i cierpkie desery. Jego aromat jest r\u00f3wnie atrakcyjny, \u0142\u0105cz\u0105c nuty owoc\u00f3w i s\u0142odyczy, zapewniaj\u0105c przyjemne, komfortowe doznania zapachowe.<\/p>\n<ul>\n<li><strong>Smaki<\/strong> Jagodowy, owocowy, s\u0142odki<\/li>\n<li><strong>Zapachy<\/strong> Jagodowy, owocowy, s\u0142odki<\/li>\n<\/ul>\n<h3>Pojawienie si\u0119 kwiatu konopi na torcie weselnym<\/h3>\n<p>P\u0105ki <strong>Tort weselny<\/strong> s\u0105 zwarte i g\u0119ste, o strukturze przypominaj\u0105cej sosn\u0119, pokrytej matowymi trichomami. Ich ciemnozielone li\u015bcie, wysadzane b\u0142yszcz\u0105cymi kryszta\u0142kami, dodaj\u0105 wizualnej atrakcyjno\u015bci tej odmianie, prawdziwej gratki dla mi\u0142o\u015bnik\u00f3w wysokiej jako\u015bci konopi.<\/p>\n<h3>Zam\u00f3w Wedding Cake Weed Strain online w sklepie Pressure Zone Shop<\/h3>\n<p>Gotowy do odkrycia idealnej r\u00f3wnowagi mi\u0119dzy relaksem a kreatywno\u015bci\u0105 dzi\u0119ki <strong>Odmiana Wedding Cake Weed<\/strong> ? Zam\u00f3w teraz na <a href=\"https:\/\/pressurezone.shop\/pl\/\" target=\"_new\" rel=\"noopener\">Sklep ze strefami ci\u015bnieniowymi<\/a> dla wyj\u0105tkowych dozna\u0144 zwi\u0105zanych z konopiami indyjskimi, idealnych do \u0142agodzenia napi\u0119cia i rozkoszowania kubk\u00f3w smakowych. Niezale\u017cnie od tego, czy szukasz ulgi w b\u00f3lu, czy \u0142agodnej euforii, <strong>Tort weselny<\/strong> to idealny wyb\u00f3r dla doskona\u0142ego relaksu.<\/p>\n<\/div>\n<\/div>\n<\/div>\n<\/div>\n<\/div>\n<\/div>","protected":false},"excerpt":{"rendered":"<p>THC: 25-27%<\/p>","protected":false},"featured_media":3137,"comment_status":"closed","ping_status":"closed","template":"","meta":{"_uag_custom_page_level_css":"","site-sidebar-layout":"default","site-content-layout":"","ast-site-content-layout":"default","site-content-style":"default","site-sidebar-style":"default","ast-global-header-display":"","ast-banner-title-visibility":"","ast-main-header-display":"","ast-hfb-above-header-display":"","ast-hfb-below-header-display":"","ast-hfb-mobile-header-display":"","site-post-title":"","ast-breadcrumbs-content":"","ast-featured-img":"","footer-sml-layout":"","theme-transparent-header-meta":"default","adv-header-id-meta":"","stick-header-meta":"","header-above-stick-meta":"","header-main-stick-meta":"","header-below-stick-meta":"","astra-migrate-meta-layouts":"set","ast-page-background-enabled":"default","ast-page-background-meta":{"desktop":{"background-color":"","background-image":"","background-repeat":"repeat","background-position":"center center","background-size":"auto","background-attachment":"scroll","background-type":"","background-media":"","overlay-type":"","overlay-color":"","overlay-opacity":"","overlay-gradient":""},"tablet":{"background-color":"","background-image":"","background-repeat":"repeat","background-position":"center center","background-size":"auto","background-attachment":"scroll","background-type":"","background-media":"","overlay-type":"","overlay-color":"","overlay-opacity":"","overlay-gradient":""},"mobile":{"background-color":"","background-image":"","background-repeat":"repeat","background-position":"center center","background-size":"auto","background-attachment":"scroll","background-type":"","background-media":"","overlay-type":"","overlay-color":"","overlay-opacity":"","overlay-gradient":""}},"ast-content-background-meta":{"desktop":{"background-color":"var(--ast-global-color-5)","background-image":"","background-repeat":"repeat","background-position":"center center","background-size":"auto","background-attachment":"scroll","background-type":"","background-media":"","overlay-type":"","overlay-color":"","overlay-opacity":"","overlay-gradient":""},"tablet":{"background-color":"var(--ast-global-color-5)","background-image":"","background-repeat":"repeat","background-position":"center center","background-size":"auto","background-attachment":"scroll","background-type":"","background-media":"","overlay-type":"","overlay-color":"","overlay-opacity":"","overlay-gradient":""},"mobile":{"background-color":"var(--ast-global-color-5)","background-image":"","background-repeat":"repeat","background-position":"center center","background-size":"auto","background-attachment":"scroll","background-type":"","background-media":"","overlay-type":"","overlay-color":"","overlay-opacity":"","overlay-gradient":""}}},"product_brand":[],"product_cat":[28,278],"product_tag":[313],"class_list":{"0":"post-3063","1":"product","2":"type-product","3":"status-publish","4":"has-post-thumbnail","6":"product_cat-varietes-de-cannabis","7":"product_cat-varietes-de-marijuana-indica","8":"product_tag-order-wedding-cake-weed-strain-europe","9":"desktop-align-left","10":"tablet-align-left","11":"mobile-align-left","13":"first","14":"instock","15":"shipping-taxable","16":"purchasable","17":"product-type-variable"},"uagb_featured_image_src":{"full":["https:\/\/pressurezone.shop\/wp-content\/uploads\/2024\/10\/Wedding-Cake-Weed-Strain.webp",2560,1707,false],"thumbnail":["https:\/\/pressurezone.shop\/wp-content\/uploads\/2024\/10\/Wedding-Cake-Weed-Strain-150x150.webp",150,150,true],"medium":["https:\/\/pressurezone.shop\/wp-content\/uploads\/2024\/10\/Wedding-Cake-Weed-Strain-300x200.webp",300,200,true],"medium_large":["https:\/\/pressurezone.shop\/wp-content\/uploads\/2024\/10\/Wedding-Cake-Weed-Strain-768x512.webp",768,512,true],"large":["https:\/\/pressurezone.shop\/wp-content\/uploads\/2024\/10\/Wedding-Cake-Weed-Strain-1024x683.webp",1024,683,true],"1536x1536":["https:\/\/pressurezone.shop\/wp-content\/uploads\/2024\/10\/Wedding-Cake-Weed-Strain-1536x1024.webp",1536,1024,true],"2048x2048":["https:\/\/pressurezone.shop\/wp-content\/uploads\/2024\/10\/Wedding-Cake-Weed-Strain-2048x1366.webp",2048,1366,true],"trp-custom-language-flag":["https:\/\/pressurezone.shop\/wp-content\/uploads\/2024\/10\/Wedding-Cake-Weed-Strain-18x12.webp",18,12,true],"woocommerce_thumbnail":["https:\/\/pressurezone.shop\/wp-content\/uploads\/2024\/10\/Wedding-Cake-Weed-Strain-300x300.webp",300,300,true],"woocommerce_single":["https:\/\/pressurezone.shop\/wp-content\/uploads\/2024\/10\/Wedding-Cake-Weed-Strain-600x400.webp",600,400,true],"woocommerce_gallery_thumbnail":["https:\/\/pressurezone.shop\/wp-content\/uploads\/2024\/10\/Wedding-Cake-Weed-Strain-100x100.webp",100,100,true]},"uagb_author_info":{"display_name":"pressurezone.shop","author_link":"https:\/\/pressurezone.shop\/pl\/author\/"},"uagb_comment_info":0,"uagb_excerpt":"THC: 25-27%","_links":{"self":[{"href":"https:\/\/pressurezone.shop\/pl\/wp-json\/wp\/v2\/product\/3063"}],"collection":[{"href":"https:\/\/pressurezone.shop\/pl\/wp-json\/wp\/v2\/product"}],"about":[{"href":"https:\/\/pressurezone.shop\/pl\/wp-json\/wp\/v2\/types\/product"}],"replies":[{"embeddable":true,"href":"https:\/\/pressurezone.shop\/pl\/wp-json\/wp\/v2\/comments?post=3063"}],"version-history":[{"count":3,"href":"https:\/\/pressurezone.shop\/pl\/wp-json\/wp\/v2\/product\/3063\/revisions"}],"predecessor-version":[{"id":4069,"href":"https:\/\/pressurezone.shop\/pl\/wp-json\/wp\/v2\/product\/3063\/revisions\/4069"}],"wp:featuredmedia":[{"embeddable":true,"href":"https:\/\/pressurezone.shop\/pl\/wp-json\/wp\/v2\/media\/3137"}],"wp:attachment":[{"href":"https:\/\/pressurezone.shop\/pl\/wp-json\/wp\/v2\/media?parent=3063"}],"wp:term":[{"taxonomy":"product_brand","embeddable":true,"href":"https:\/\/pressurezone.shop\/pl\/wp-json\/wp\/v2\/product_brand?post=3063"},{"taxonomy":"product_cat","embeddable":true,"href":"https:\/\/pressurezone.shop\/pl\/wp-json\/wp\/v2\/product_cat?post=3063"},{"taxonomy":"product_tag","embeddable":true,"href":"https:\/\/pressurezone.shop\/pl\/wp-json\/wp\/v2\/product_tag?post=3063"}],"curies":[{"name":"wp","href":"https:\/\/api.w.org\/{rel}","templated":true}]}}