{"id":3065,"date":"2024-10-11T00:49:43","date_gmt":"2024-10-10T22:49:43","guid":{"rendered":"https:\/\/pressurezone.shop\/?post_type=product&#038;p=3065"},"modified":"2024-11-03T20:23:57","modified_gmt":"2024-11-03T19:23:57","slug":"gushers-indica-dominant-hybrid-strain","status":"publish","type":"product","link":"https:\/\/pressurezone.shop\/pl\/produkt\/gushers-odmiana-hybrydowa-z-dominacja-indica\/","title":{"rendered":"Odmiana hybrydowa z dominacj\u0105 Indica Gushers"},"content":{"rendered":"<h3><strong>Kup Gushers Indica Dominant Hybrid Strain online w Europie pod adresem <a href=\"https:\/\/pressurezone.shop\/pl\/\" target=\"_new\" rel=\"noopener\">Sklep ze strefami ci\u015bnieniowymi<\/a><\/strong><\/h3>\n<p>Odkryj <strong>Poduszki<\/strong>Odmiana hybrydowa z przewag\u0105 Indica, b\u0119d\u0105ca wynikiem skrzy\u017cowania s\u0142ynnych szczep\u00f3w <strong>Gelato #41<\/strong> i <strong>Triangle Kush<\/strong>. Znany ze swojego koj\u0105cego i euforycznego dzia\u0142ania. <strong>Odmiana hybrydowa z dominacj\u0105 Indica Gushers<\/strong> jest idealny do g\u0142\u0119bokiego relaksu bez zasypiania, idealny do odpr\u0119\u017cenia i cieszenia si\u0119 chwil\u0105.<\/p>\n<h3>Dlaczego warto wybra\u0107 hybrydow\u0105 odmian\u0119 Gushers z dominacj\u0105 Indica?<\/h3>\n<p>La <strong>Odmiana hybrydowa z dominacj\u0105 Indica Gushers<\/strong> jest ceniona za sw\u00f3j wyj\u0105tkowy haj, kt\u00f3ry zaczyna si\u0119 od delikatnej euforii, kt\u00f3rej towarzyszy mrowienie z ty\u0142u g\u0142owy, delikatnie rozprzestrzeniaj\u0105ce si\u0119 po ca\u0142ym ciele. Odmiana ta zapewnia uczucie ca\u0142kowitego dobrego samopoczucia, utrzymuj\u0105c jasno\u015b\u0107 umys\u0142u i spok\u00f3j, idealna dla u\u017cytkownik\u00f3w, kt\u00f3rzy chc\u0105 radzi\u0107 sobie ze stresem bez uczucia senno\u015bci.<a href=\"https:\/\/fuelpackz.com\/\" target=\"_blank\" rel=\"noopener\">.<\/a><\/p>\n<ul>\n<li><strong>Typ<\/strong> Hybryda z dominacj\u0105 Indica<\/li>\n<li><strong>Pochodzenie<\/strong> Krzy\u017c\u00f3wka Gelato #41 i Triangle Kush<\/li>\n<\/ul>\n<h3>Efekty i korzy\u015bci Gushers Weed Strain<\/h3>\n<p>Dzi\u0119ki r\u00f3wnowadze mi\u0119dzy efektem fizycznym a podniesieniem na duchu, <strong>Poduszki<\/strong> jest idealna do \u0142agodzenia stresu, jednocze\u015bnie promuj\u0105c intensywny, przyjemny relaks. Niezale\u017cnie od tego, czy chcesz uspokoi\u0107 umys\u0142, czy z\u0142agodzi\u0107 b\u00f3le, ta odmiana spe\u0142ni Twoje potrzeby.<\/p>\n<ul>\n<li><strong>Efekty<\/strong> Haj cia\u0142a, euforia, relaks, mrowienie, uczucie dobrego samopoczucia<\/li>\n<li><strong>Idealny dla<\/strong> L\u0119k, przewlek\u0142y b\u00f3l, depresja, stres<\/li>\n<\/ul>\n<p>Warunki, kt\u00f3re mo\u017cna z\u0142agodzi\u0107 za pomoc\u0105 <strong>Poduszki<\/strong> :<\/p>\n<ul>\n<li><strong>L\u0119k i stres<\/strong> Uspokaja stresuj\u0105ce my\u015bli i koi umys\u0142.<\/li>\n<li><strong>Przewlek\u0142y b\u00f3l<\/strong> Relaksuje cia\u0142o, zmniejszaj\u0105c napi\u0119cie i b\u00f3l.<\/li>\n<li><strong>Depresja<\/strong> Zapewnia d\u0142ugotrwa\u0142e uczucie szcz\u0119\u015bcia i podwy\u017cszony nastr\u00f3j.<\/li>\n<\/ul>\n<h3>Smaki i aromaty hybrydowego szczepu Gushers z dominacj\u0105 Indica<\/h3>\n<p>Smaki <strong>Odmiana Gushers Weed<\/strong> s\u0105 r\u00f3wnie urzekaj\u0105ce, jak jej efekty. Ten bogaty profil aromatyczny obejmuje nuty s\u0142odkich jag\u00f3d, winogron i owoc\u00f3w tropikalnych, z lekko kwa\u015bnym posmakiem, kt\u00f3ry utrzymuje si\u0119 na podniebieniu. Aromat jest natomiast ziemisty i owocowy, z zio\u0142owymi i tropikalnymi akcentami, co zapewnia niezapomniane wra\u017cenia sensoryczne.<\/p>\n<ul>\n<li><strong>Smaki<\/strong> Jagodowy, owocowy, winogronowy, kwa\u015bny, s\u0142odki, tropikalny<\/li>\n<li><strong>Zapachy<\/strong> Ziemisty, owocowy, winogronowy, zio\u0142owy, kwa\u015bny, tropikalny<\/li>\n<\/ul>\n<h3>Wygl\u0105d odmiany konopi Gushers<\/h3>\n<p>P\u0105ki <strong>Poduszki<\/strong> wyr\u00f3\u017cniaj\u0105 si\u0119 wyd\u0142u\u017conymi, g\u0142\u0119boko oliwkowozielonymi bry\u0142kami, otoczonymi jasnozielonymi li\u015b\u0107mi, usianymi drobnymi bursztynowymi w\u0142oskami i pokrytymi grub\u0105 warstw\u0105 mieni\u0105cych si\u0119 bursztynowych trichom\u00f3w. Jej elegancki, \u017cywiczny wygl\u0105d jest prawdziw\u0105 atrakcj\u0105 dla mi\u0142o\u015bnik\u00f3w konopi z wy\u017cszej p\u00f3\u0142ki.<\/p>\n<h3>Zam\u00f3w Gushers Indica Dominant Hybrid Strain online w sklepie Pressure Zone Shop<\/h3>\n<p>Gotowy do odkrycia koj\u0105cego haju <strong>Odmiana hybrydowa z dominacj\u0105 Indica Gushers<\/strong> ? Zam\u00f3w ju\u017c dzi\u015b w <a href=\"https:\/\/pressurezone.shop\/pl\/\" target=\"_new\" rel=\"noopener\">Sklep ze strefami ci\u015bnieniowymi<\/a> dla ca\u0142kowicie relaksuj\u0105cego do\u015bwiadczenia, idealnego do radzenia sobie z niepokojem lub \u0142agodzenia b\u00f3lu. Niezale\u017cnie od tego, czy szukasz chwili relaksu, czy ulgi terapeutycznej, <strong>Poduszki<\/strong> to idealna odmiana zapewniaj\u0105ca wysokiej jako\u015bci doznania zwi\u0105zane z konopiami indyjskimi.<\/p>","protected":false},"excerpt":{"rendered":"<p>Achetez la Gushers Indica Dominant Hybrid Strain en Ligne en Europe sur Pressure Zone Shop D\u00e9couvrez Gushers, une vari\u00e9t\u00e9 hybride \u00e0 dominance indica, issue du croisement entre les c\u00e9l\u00e8bres souches Gelato #41 et Triangle Kush. Reconnue pour son effet apaisant et euphorique, la Gushers Indica Dominant Hybrid Strain est parfaite pour une relaxation profonde sans [&hellip;]<\/p>","protected":false},"featured_media":3144,"comment_status":"closed","ping_status":"closed","template":"","meta":{"_uag_custom_page_level_css":"","site-sidebar-layout":"default","site-content-layout":"","ast-site-content-layout":"default","site-content-style":"default","site-sidebar-style":"default","ast-global-header-display":"","ast-banner-title-visibility":"","ast-main-header-display":"","ast-hfb-above-header-display":"","ast-hfb-below-header-display":"","ast-hfb-mobile-header-display":"","site-post-title":"","ast-breadcrumbs-content":"","ast-featured-img":"","footer-sml-layout":"","theme-transparent-header-meta":"default","adv-header-id-meta":"","stick-header-meta":"","header-above-stick-meta":"","header-main-stick-meta":"","header-below-stick-meta":"","astra-migrate-meta-layouts":"set","ast-page-background-enabled":"default","ast-page-background-meta":{"desktop":{"background-color":"","background-image":"","background-repeat":"repeat","background-position":"center center","background-size":"auto","background-attachment":"scroll","background-type":"","background-media":"","overlay-type":"","overlay-color":"","overlay-opacity":"","overlay-gradient":""},"tablet":{"background-color":"","background-image":"","background-repeat":"repeat","background-position":"center center","background-size":"auto","background-attachment":"scroll","background-type":"","background-media":"","overlay-type":"","overlay-color":"","overlay-opacity":"","overlay-gradient":""},"mobile":{"background-color":"","background-image":"","background-repeat":"repeat","background-position":"center center","background-size":"auto","background-attachment":"scroll","background-type":"","background-media":"","overlay-type":"","overlay-color":"","overlay-opacity":"","overlay-gradient":""}},"ast-content-background-meta":{"desktop":{"background-color":"var(--ast-global-color-5)","background-image":"","background-repeat":"repeat","background-position":"center center","background-size":"auto","background-attachment":"scroll","background-type":"","background-media":"","overlay-type":"","overlay-color":"","overlay-opacity":"","overlay-gradient":""},"tablet":{"background-color":"var(--ast-global-color-5)","background-image":"","background-repeat":"repeat","background-position":"center center","background-size":"auto","background-attachment":"scroll","background-type":"","background-media":"","overlay-type":"","overlay-color":"","overlay-opacity":"","overlay-gradient":""},"mobile":{"background-color":"var(--ast-global-color-5)","background-image":"","background-repeat":"repeat","background-position":"center center","background-size":"auto","background-attachment":"scroll","background-type":"","background-media":"","overlay-type":"","overlay-color":"","overlay-opacity":"","overlay-gradient":""}}},"product_brand":[],"product_cat":[28,278],"product_tag":[315],"class_list":{"0":"post-3065","1":"product","2":"type-product","3":"status-publish","4":"has-post-thumbnail","6":"product_cat-varietes-de-cannabis","7":"product_cat-varietes-de-marijuana-indica","8":"product_tag-order-gushers-indica-dominant-hybrid-strain-europe","9":"desktop-align-left","10":"tablet-align-left","11":"mobile-align-left","13":"first","14":"instock","15":"shipping-taxable","16":"purchasable","17":"product-type-variable"},"uagb_featured_image_src":{"full":["https:\/\/pressurezone.shop\/wp-content\/uploads\/2024\/10\/Gushers-Indica-Dominant-Hybrid-Strain.webp",570,464,false],"thumbnail":["https:\/\/pressurezone.shop\/wp-content\/uploads\/2024\/10\/Gushers-Indica-Dominant-Hybrid-Strain-150x150.webp",150,150,true],"medium":["https:\/\/pressurezone.shop\/wp-content\/uploads\/2024\/10\/Gushers-Indica-Dominant-Hybrid-Strain-300x244.webp",300,244,true],"medium_large":["https:\/\/pressurezone.shop\/wp-content\/uploads\/2024\/10\/Gushers-Indica-Dominant-Hybrid-Strain.webp",570,464,false],"large":["https:\/\/pressurezone.shop\/wp-content\/uploads\/2024\/10\/Gushers-Indica-Dominant-Hybrid-Strain.webp",570,464,false],"1536x1536":["https:\/\/pressurezone.shop\/wp-content\/uploads\/2024\/10\/Gushers-Indica-Dominant-Hybrid-Strain.webp",570,464,false],"2048x2048":["https:\/\/pressurezone.shop\/wp-content\/uploads\/2024\/10\/Gushers-Indica-Dominant-Hybrid-Strain.webp",570,464,false],"trp-custom-language-flag":["https:\/\/pressurezone.shop\/wp-content\/uploads\/2024\/10\/Gushers-Indica-Dominant-Hybrid-Strain-15x12.webp",15,12,true],"woocommerce_thumbnail":["https:\/\/pressurezone.shop\/wp-content\/uploads\/2024\/10\/Gushers-Indica-Dominant-Hybrid-Strain-300x300.webp",300,300,true],"woocommerce_single":["https:\/\/pressurezone.shop\/wp-content\/uploads\/2024\/10\/Gushers-Indica-Dominant-Hybrid-Strain.webp",570,464,false],"woocommerce_gallery_thumbnail":["https:\/\/pressurezone.shop\/wp-content\/uploads\/2024\/10\/Gushers-Indica-Dominant-Hybrid-Strain-100x100.webp",100,100,true]},"uagb_author_info":{"display_name":"pressurezone.shop","author_link":"https:\/\/pressurezone.shop\/pl\/author\/"},"uagb_comment_info":0,"uagb_excerpt":"Achetez la Gushers Indica Dominant Hybrid Strain en Ligne en Europe sur Pressure Zone Shop D\u00e9couvrez Gushers, une vari\u00e9t\u00e9 hybride \u00e0 dominance indica, issue du croisement entre les c\u00e9l\u00e8bres souches Gelato #41 et Triangle Kush. Reconnue pour son effet apaisant et euphorique, la Gushers Indica Dominant Hybrid Strain est parfaite pour une relaxation profonde sans&hellip;","_links":{"self":[{"href":"https:\/\/pressurezone.shop\/pl\/wp-json\/wp\/v2\/product\/3065"}],"collection":[{"href":"https:\/\/pressurezone.shop\/pl\/wp-json\/wp\/v2\/product"}],"about":[{"href":"https:\/\/pressurezone.shop\/pl\/wp-json\/wp\/v2\/types\/product"}],"replies":[{"embeddable":true,"href":"https:\/\/pressurezone.shop\/pl\/wp-json\/wp\/v2\/comments?post=3065"}],"version-history":[{"count":3,"href":"https:\/\/pressurezone.shop\/pl\/wp-json\/wp\/v2\/product\/3065\/revisions"}],"predecessor-version":[{"id":3863,"href":"https:\/\/pressurezone.shop\/pl\/wp-json\/wp\/v2\/product\/3065\/revisions\/3863"}],"wp:featuredmedia":[{"embeddable":true,"href":"https:\/\/pressurezone.shop\/pl\/wp-json\/wp\/v2\/media\/3144"}],"wp:attachment":[{"href":"https:\/\/pressurezone.shop\/pl\/wp-json\/wp\/v2\/media?parent=3065"}],"wp:term":[{"taxonomy":"product_brand","embeddable":true,"href":"https:\/\/pressurezone.shop\/pl\/wp-json\/wp\/v2\/product_brand?post=3065"},{"taxonomy":"product_cat","embeddable":true,"href":"https:\/\/pressurezone.shop\/pl\/wp-json\/wp\/v2\/product_cat?post=3065"},{"taxonomy":"product_tag","embeddable":true,"href":"https:\/\/pressurezone.shop\/pl\/wp-json\/wp\/v2\/product_tag?post=3065"}],"curies":[{"name":"wp","href":"https:\/\/api.w.org\/{rel}","templated":true}]}}