{"id":3066,"date":"2024-10-11T00:49:43","date_gmt":"2024-10-10T22:49:43","guid":{"rendered":"https:\/\/pressurezone.shop\/?post_type=product&#038;p=3066"},"modified":"2024-11-03T21:12:57","modified_gmt":"2024-11-03T20:12:57","slug":"lava-cake-hybrid-flower","status":"publish","type":"product","link":"https:\/\/pressurezone.shop\/pl\/produkt\/hybrydowy-kwiat-lava-cake\/","title":{"rendered":"Kwiat hybrydowy Lava Cake"},"content":{"rendered":"<h3><strong>Kup hybrydowy kwiat Lava Cake online pod adresem <a href=\"https:\/\/pressurezone.shop\/pl\/\" target=\"_new\" rel=\"noopener\">Sklep ze strefami ci\u015bnieniowymi<\/a><\/strong><\/h3>\n<p>La <strong>Kwiat hybrydowy Lava Cake<\/strong> to pot\u0119\u017cna odmiana z dominacj\u0105 Indica, stworzona przez skrzy\u017cowanie <strong>Thin Mint GSC<\/strong> i <strong>Ciasto winogronowe<\/strong>. Odmiana ta jest idealna do relaksu po d\u0142ugim dniu lub gdy potrzebujesz przerwy. Ceniona za s\u0142odki smak i wyj\u0105tkow\u0105 \u0142agodno\u015b\u0107, <strong>Ciasto Lava<\/strong> oferuje profil smakowy przypominaj\u0105cy \u015bwie\u017co upieczone desery, z nutami s\u0142odkiego ciasta i mi\u0119kko\u015bci.<\/p>\n<h3>Dlaczego warto wybra\u0107 Lava Cake Hybrid Flower?<\/h3>\n<p><strong>Kwiat hybrydowy Lava Cake<\/strong> jest idealna dla os\u00f3b poszukuj\u0105cych g\u0142\u0119bokiego relaksu i koj\u0105cego haju. Jej dzia\u0142anie zaczyna si\u0119 od uczucia \u0142agodnej euforii, kt\u00f3ra przechodzi w ca\u0142kowite rozlu\u017anienie cia\u0142a i umys\u0142u, idealne do odstresowania si\u0119 lub odpr\u0119\u017cenia po pracy. Jest r\u00f3wnie\u017c ceniona przez pacjent\u00f3w leczonych medyczn\u0105 marihuan\u0105 za jej skuteczno\u015b\u0107 w zapewnianiu szybkiej ulgi w przewlek\u0142ym b\u00f3lu, stresie i niepokoju.<a href=\"https:\/\/fuelpackz.com\/\" target=\"_blank\" rel=\"noopener\">.<\/a><\/p>\n<ul>\n<li><strong>Typ<\/strong> Hybryda z dominacj\u0105 Indica<\/li>\n<li><strong>Pochodzenie<\/strong> Krzy\u017c\u00f3wka Thin Mint GSC i Grape Pie<\/li>\n<\/ul>\n<h3>Efekty i korzy\u015bci p\u0142yn\u0105ce z Lava Cake Weed Strain<\/h3>\n<p>La <strong>Odmiana Lava Cake Weed<\/strong> jest znana ze swojego radosnego, relaksuj\u0105cego dzia\u0142ania. Zapewnia \u0142agodny haj, kt\u00f3ry zapewnia dobre samopoczucie i lekko\u015b\u0107 umys\u0142u, cz\u0119sto towarzyszy mu chichot i przyjemne uczucie odpr\u0119\u017cenia.<\/p>\n<ul>\n<li><strong>Efekty<\/strong> Szcz\u0119\u015bliwy, poprawa nastroju, relaks, euforia, energetyzuj\u0105cy, radosny<\/li>\n<li><strong>Idealny dla<\/strong> L\u0119k, stres, depresja, b\u00f3l, zm\u0119czenie<\/li>\n<\/ul>\n<h3>Choroby \u0142agodzone przez odmian\u0119 konopi Lava Cake<\/h3>\n<p>Dzi\u0119ki swojemu relaksuj\u0105cemu i koj\u0105cemu dzia\u0142aniu <strong>Ciasto Lava<\/strong> jest cz\u0119sto stosowany w celu z\u0142agodzenia r\u00f3\u017cnych dolegliwo\u015bci:<\/p>\n<ul>\n<li><strong>Przewlek\u0142y b\u00f3l i zm\u0119czenie<\/strong> Pomaga z\u0142agodzi\u0107 uporczywy b\u00f3l i przywr\u00f3ci\u0107 energi\u0119.<\/li>\n<li><strong>L\u0119k i stres<\/strong> Uspokaja umys\u0142 i promuje stan spokoju.<\/li>\n<li><strong>Depresja<\/strong> Poprawia nastr\u00f3j i redukuje negatywne my\u015bli.<\/li>\n<\/ul>\n<h3>Smaki i aromaty hybrydowego kwiatu Lava Cake<\/h3>\n<p>La <strong>Kwiat hybrydowy Lava Cake<\/strong> oferuje bogate, g\u0142adkie doznania smakowe. Jej s\u0142odki, ziemisty profil smakowy przypomina \u015bwie\u017co upieczone wypieki, z odrobin\u0105 mocnych aromat\u00f3w, kt\u00f3re wzbogacaj\u0105 ka\u017cde zaci\u0105gni\u0119cie. G\u0142adki smak i \u0142agodna konsystencja sprawiaj\u0105, \u017ce odmiana ta jest prawdziw\u0105 przyjemno\u015bci\u0105 dla zmys\u0142\u00f3w.<\/p>\n<ul>\n<li><strong>Smaki<\/strong> S\u0142odki, ostry, ziemisty<\/li>\n<li><strong>Zapachy<\/strong> Ciasto, Cukier, S\u0142odki, Ziemisty<\/li>\n<\/ul>\n<h3>Wygl\u0105d kwiatu konopi Lava Cake<\/h3>\n<p>P\u0105ki <strong>Ciasto Lava<\/strong> s\u0105 g\u0119ste i bulwiaste, w bogatych odcieniach fioletu i zieleni, pokryte b\u0142yszcz\u0105cymi w\u0142oskami. Ten \u017cywy, l\u015bni\u0105cy wygl\u0105d jest \u015bwiadectwem jako\u015bci i mocy tej odmiany, przyci\u0105gaj\u0105c koneser\u00f3w konopi.<\/p>\n<h3>Zam\u00f3w hybrydowy kwiat Lava Cake online w sklepie Strefa Ci\u015bnienia<\/h3>\n<p>Masz ochot\u0119 posmakowa\u0107 s\u0142odkich, relaksuj\u0105cych efekt\u00f3w <strong>Kwiat hybrydowy Lava Cake<\/strong> ? Zam\u00f3w ju\u017c dzi\u015b w <a href=\"https:\/\/pressurezone.shop\/pl\/\" target=\"_new\" rel=\"noopener\">Sklep ze strefami ci\u015bnieniowymi<\/a> aby cieszy\u0107 si\u0119 t\u0105 najwy\u017cszej jako\u015bci odmian\u0105 hybrydow\u0105, idealn\u0105 na chwile relaksu i ulgi w b\u00f3lu. Niezale\u017cnie od tego, czy chcesz z\u0142agodzi\u0107 stres, czy po prostu cieszy\u0107 si\u0119 przyjemnym, pocieszaj\u0105cym hajem, <strong>Ciasto Lava<\/strong> to pierwszorz\u0119dny wyb\u00f3r.<\/p>","protected":false},"excerpt":{"rendered":"<p>Achetez la Lava Cake Hybrid Flower en Ligne sur Pressure Zone Shop La Lava Cake Hybrid Flower est une vari\u00e9t\u00e9 puissante \u00e0 dominance indica, cr\u00e9\u00e9e par le croisement de Thin Mint GSC et Grape Pie. Cette souche est id\u00e9ale pour se d\u00e9tendre apr\u00e8s une longue journ\u00e9e ou pour les moments de repos. Appr\u00e9ci\u00e9e pour son [&hellip;]<\/p>","protected":false},"featured_media":3146,"comment_status":"closed","ping_status":"closed","template":"","meta":{"_uag_custom_page_level_css":"","site-sidebar-layout":"default","site-content-layout":"","ast-site-content-layout":"default","site-content-style":"default","site-sidebar-style":"default","ast-global-header-display":"","ast-banner-title-visibility":"","ast-main-header-display":"","ast-hfb-above-header-display":"","ast-hfb-below-header-display":"","ast-hfb-mobile-header-display":"","site-post-title":"","ast-breadcrumbs-content":"","ast-featured-img":"","footer-sml-layout":"","theme-transparent-header-meta":"default","adv-header-id-meta":"","stick-header-meta":"","header-above-stick-meta":"","header-main-stick-meta":"","header-below-stick-meta":"","astra-migrate-meta-layouts":"set","ast-page-background-enabled":"default","ast-page-background-meta":{"desktop":{"background-color":"","background-image":"","background-repeat":"repeat","background-position":"center center","background-size":"auto","background-attachment":"scroll","background-type":"","background-media":"","overlay-type":"","overlay-color":"","overlay-opacity":"","overlay-gradient":""},"tablet":{"background-color":"","background-image":"","background-repeat":"repeat","background-position":"center center","background-size":"auto","background-attachment":"scroll","background-type":"","background-media":"","overlay-type":"","overlay-color":"","overlay-opacity":"","overlay-gradient":""},"mobile":{"background-color":"","background-image":"","background-repeat":"repeat","background-position":"center center","background-size":"auto","background-attachment":"scroll","background-type":"","background-media":"","overlay-type":"","overlay-color":"","overlay-opacity":"","overlay-gradient":""}},"ast-content-background-meta":{"desktop":{"background-color":"var(--ast-global-color-5)","background-image":"","background-repeat":"repeat","background-position":"center center","background-size":"auto","background-attachment":"scroll","background-type":"","background-media":"","overlay-type":"","overlay-color":"","overlay-opacity":"","overlay-gradient":""},"tablet":{"background-color":"var(--ast-global-color-5)","background-image":"","background-repeat":"repeat","background-position":"center center","background-size":"auto","background-attachment":"scroll","background-type":"","background-media":"","overlay-type":"","overlay-color":"","overlay-opacity":"","overlay-gradient":""},"mobile":{"background-color":"var(--ast-global-color-5)","background-image":"","background-repeat":"repeat","background-position":"center center","background-size":"auto","background-attachment":"scroll","background-type":"","background-media":"","overlay-type":"","overlay-color":"","overlay-opacity":"","overlay-gradient":""}}},"product_brand":[],"product_cat":[28,277],"product_tag":[316],"class_list":{"0":"post-3066","1":"product","2":"type-product","3":"status-publish","4":"has-post-thumbnail","6":"product_cat-varietes-de-cannabis","7":"product_cat-varietes-de-cannabis-hybrides","8":"product_tag-order-lava-cake-hybrid-flower-europe","9":"desktop-align-left","10":"tablet-align-left","11":"mobile-align-left","13":"first","14":"instock","15":"shipping-taxable","16":"purchasable","17":"product-type-variable"},"uagb_featured_image_src":{"full":["https:\/\/pressurezone.shop\/wp-content\/uploads\/2024\/10\/Lava-Cake-Hybrid-Flower.webp",570,464,false],"thumbnail":["https:\/\/pressurezone.shop\/wp-content\/uploads\/2024\/10\/Lava-Cake-Hybrid-Flower-150x150.webp",150,150,true],"medium":["https:\/\/pressurezone.shop\/wp-content\/uploads\/2024\/10\/Lava-Cake-Hybrid-Flower-300x244.webp",300,244,true],"medium_large":["https:\/\/pressurezone.shop\/wp-content\/uploads\/2024\/10\/Lava-Cake-Hybrid-Flower.webp",570,464,false],"large":["https:\/\/pressurezone.shop\/wp-content\/uploads\/2024\/10\/Lava-Cake-Hybrid-Flower.webp",570,464,false],"1536x1536":["https:\/\/pressurezone.shop\/wp-content\/uploads\/2024\/10\/Lava-Cake-Hybrid-Flower.webp",570,464,false],"2048x2048":["https:\/\/pressurezone.shop\/wp-content\/uploads\/2024\/10\/Lava-Cake-Hybrid-Flower.webp",570,464,false],"trp-custom-language-flag":["https:\/\/pressurezone.shop\/wp-content\/uploads\/2024\/10\/Lava-Cake-Hybrid-Flower-15x12.webp",15,12,true],"woocommerce_thumbnail":["https:\/\/pressurezone.shop\/wp-content\/uploads\/2024\/10\/Lava-Cake-Hybrid-Flower-300x300.webp",300,300,true],"woocommerce_single":["https:\/\/pressurezone.shop\/wp-content\/uploads\/2024\/10\/Lava-Cake-Hybrid-Flower.webp",570,464,false],"woocommerce_gallery_thumbnail":["https:\/\/pressurezone.shop\/wp-content\/uploads\/2024\/10\/Lava-Cake-Hybrid-Flower-100x100.webp",100,100,true]},"uagb_author_info":{"display_name":"pressurezone.shop","author_link":"https:\/\/pressurezone.shop\/pl\/author\/"},"uagb_comment_info":0,"uagb_excerpt":"Achetez la Lava Cake Hybrid Flower en Ligne sur Pressure Zone Shop La Lava Cake Hybrid Flower est une vari\u00e9t\u00e9 puissante \u00e0 dominance indica, cr\u00e9\u00e9e par le croisement de Thin Mint GSC et Grape Pie. Cette souche est id\u00e9ale pour se d\u00e9tendre apr\u00e8s une longue journ\u00e9e ou pour les moments de repos. Appr\u00e9ci\u00e9e pour son&hellip;","_links":{"self":[{"href":"https:\/\/pressurezone.shop\/pl\/wp-json\/wp\/v2\/product\/3066"}],"collection":[{"href":"https:\/\/pressurezone.shop\/pl\/wp-json\/wp\/v2\/product"}],"about":[{"href":"https:\/\/pressurezone.shop\/pl\/wp-json\/wp\/v2\/types\/product"}],"replies":[{"embeddable":true,"href":"https:\/\/pressurezone.shop\/pl\/wp-json\/wp\/v2\/comments?post=3066"}],"version-history":[{"count":3,"href":"https:\/\/pressurezone.shop\/pl\/wp-json\/wp\/v2\/product\/3066\/revisions"}],"predecessor-version":[{"id":3927,"href":"https:\/\/pressurezone.shop\/pl\/wp-json\/wp\/v2\/product\/3066\/revisions\/3927"}],"wp:featuredmedia":[{"embeddable":true,"href":"https:\/\/pressurezone.shop\/pl\/wp-json\/wp\/v2\/media\/3146"}],"wp:attachment":[{"href":"https:\/\/pressurezone.shop\/pl\/wp-json\/wp\/v2\/media?parent=3066"}],"wp:term":[{"taxonomy":"product_brand","embeddable":true,"href":"https:\/\/pressurezone.shop\/pl\/wp-json\/wp\/v2\/product_brand?post=3066"},{"taxonomy":"product_cat","embeddable":true,"href":"https:\/\/pressurezone.shop\/pl\/wp-json\/wp\/v2\/product_cat?post=3066"},{"taxonomy":"product_tag","embeddable":true,"href":"https:\/\/pressurezone.shop\/pl\/wp-json\/wp\/v2\/product_tag?post=3066"}],"curies":[{"name":"wp","href":"https:\/\/api.w.org\/{rel}","templated":true}]}}