{"id":3068,"date":"2024-10-11T00:49:43","date_gmt":"2024-10-10T22:49:43","guid":{"rendered":"https:\/\/pressurezone.shop\/?post_type=product&#038;p=3068"},"modified":"2024-11-03T22:01:35","modified_gmt":"2024-11-03T21:01:35","slug":"purple-nurple-weed-strain","status":"publish","type":"product","link":"https:\/\/pressurezone.shop\/pl\/produkt\/odmiana-chwastow-purple-nurple\/","title":{"rendered":"Purple Nurple Weed Strain"},"content":{"rendered":"<h3><strong>Kup Purple Nurple Weed Strain online w Europie na <a href=\"https:\/\/pressurezone.shop\/pl\/\" target=\"_new\" rel=\"noopener\">Sklep ze strefami ci\u015bnieniowymi<\/a><\/strong><\/h3>\n<p>Odkryj <strong>Purple Nurple Weed Strain<\/strong>znany r\u00f3wnie\u017c jako <strong>Mendocino Purps<\/strong>, <strong>The Purps<\/strong>lub <strong>Fioletowy<\/strong>emblematyczna odmiana z hrabstwa Mendocino w Kalifornii. Poszukiwana ze wzgl\u0119du na g\u0142\u0119boko relaksuj\u0105ce dzia\u0142anie i wyj\u0105tkowy owocowy smak, <strong>Purple Nurple<\/strong> to idealny wyb\u00f3r dla pe\u0142nego relaksu cia\u0142a i umys\u0142u.<\/p>\n<h3>Dlaczego warto wybra\u0107 Purple Nurple Weed Strain?<\/h3>\n<p><strong>Purple Nurple Weed Strain<\/strong> jest idealny dla os\u00f3b poszukuj\u0105cych ulgi w b\u00f3lu i spokojnego snu. Dzi\u0119ki smakom winogron i owoc\u00f3w tropikalnych zapewnia intensywny relaks, idealny na spokojne wieczory. Dzi\u0119ki szybkiemu pocz\u0105tkowi dzia\u0142ania jest szczeg\u00f3lnie polecany u\u017cytkownikom cierpi\u0105cym na bezsenno\u015b\u0107 lub przewlek\u0142y b\u00f3l. <strong>Purple Nurple<\/strong> s\u0142ynie ze s\u0142odkich, owocowych smak\u00f3w, a jej tropikalny aromat zapewnia niezapomniane wra\u017cenia sensoryczne.<a href=\"https:\/\/fuelpackz.com\/\" target=\"_blank\" rel=\"noopener\">.<\/a><\/p>\n<ul>\n<li><strong>Typ<\/strong> Dominance Indica<\/li>\n<li><strong>Pochodzenie<\/strong> Z hrabstwa Mendocino w Kalifornii<\/li>\n<\/ul>\n<h3>Efekty i korzy\u015bci p\u0142yn\u0105ce ze stosowania Purple Nurple Weed Strain<\/h3>\n<p>La <strong>Purple Nurple Weed Strain<\/strong> wywo\u0142uje uczucie szcz\u0119\u015bcia i relaksu, kt\u00f3remu towarzyszy delikatna euforia. Idealny na wieczorny relaks, pomaga z\u0142agodzi\u0107 b\u00f3le cia\u0142a i wspomaga g\u0142\u0119boki sen.<\/p>\n<ul>\n<li><strong>Efekty<\/strong> Euforia, szcz\u0119\u015bcie, relaks, senno\u015b\u0107<\/li>\n<li><strong>Idealny dla<\/strong> L\u0119k, zapalenie staw\u00f3w, b\u00f3le g\u0142owy, bezsenno\u015b\u0107, migreny<\/li>\n<\/ul>\n<h3>Stany \u0142agodzone przez odmian\u0119 konopi Purple Nurple<\/h3>\n<p>Dzi\u0119ki swojemu koj\u0105cemu i r\u00f3wnowa\u017c\u0105cemu dzia\u0142aniu <strong>Purple Nurple<\/strong> jest idealny do leczenia wielu zaburze\u0144:<\/p>\n<ul>\n<li><strong>Przewlek\u0142y b\u00f3l i migreny<\/strong> Zapewnia skuteczn\u0105 ulg\u0119 w b\u00f3lach cia\u0142a.<\/li>\n<li><strong>Bezsenno\u015b\u0107 i stres<\/strong> Uspokaja umys\u0142 i przygotowuje cia\u0142o do spokojnego snu.<\/li>\n<li><strong>Depresja i stany l\u0119kowe<\/strong> Promuje stan dobrego samopoczucia psychicznego i fizycznego.<\/li>\n<\/ul>\n<h3>Smaki i aromaty Purple Nurple Weed Strain<\/h3>\n<p>La <strong>Purple Nurple Weed Strain<\/strong> oferuje z\u0142o\u017cony profil smakowy bogaty w owoce tropikalne. Z nutami <strong>winogrona<\/strong>, <strong>jagody<\/strong>oraz <strong>owoce egzotyczne<\/strong>Jej smak to prawdziwa gratka dla mi\u0142o\u015bnik\u00f3w s\u0142odkich smak\u00f3w. Skunky, tropikalny aromat dodaje wyj\u0105tkowego wymiaru ka\u017cdemu zaci\u0105gni\u0119ciu.<\/p>\n<ul>\n<li><strong>Smaki<\/strong> winogronowy, jagodowy, s\u0142odki<\/li>\n<li><strong>Zapachy<\/strong> Skunky, s\u0142odki, owoce tropikalne<\/li>\n<\/ul>\n<h3>Wygl\u0105d fioletowego kwiatu konopi Nurple<\/h3>\n<p>P\u0105ki <strong>Purple Nurple<\/strong> s\u0105 g\u0119ste i maj\u0105 ciemnozielony kolor z fioletowymi odcieniami, pokryte krystalicznymi w\u0142oskami, kt\u00f3re urzekaj\u0105 swoim wspania\u0142ym wygl\u0105dem. Ich zwarta, \u017cywiczna struktura odzwierciedla jako\u015b\u0107 i moc tej odmiany.<\/p>\n<h3>Zam\u00f3w Purple Nurple Weed Strain online w sklepie Pressure Zone Shop<\/h3>\n<p>Gotowy do odkrywania relaksuj\u0105cych, owocowych efekt\u00f3w <strong>Purple Nurple Weed Strain<\/strong> ? Zam\u00f3w ju\u017c dzi\u015b w <a href=\"https:\/\/pressurezone.shop\/pl\/\" target=\"_new\" rel=\"noopener\">Sklep ze strefami ci\u015bnieniowymi<\/a> aby cieszy\u0107 si\u0119 wyj\u0105tkow\u0105 r\u00f3\u017cnorodno\u015bci\u0105 konopi, idealn\u0105 na wiecz\u00f3r. Niezale\u017cnie od tego, czy chcesz z\u0142agodzi\u0107 b\u00f3l, czy po prostu zrelaksowa\u0107 si\u0119 po d\u0142ugim dniu, <strong>Purple Nurple<\/strong> jest doskona\u0142ym wyborem zapewniaj\u0105cym wysokiej jako\u015bci wra\u017cenia.<\/p>","protected":false},"excerpt":{"rendered":"<table class=\"woocommerce-product-attributes shop_attributes\">\n<tbody>\n<tr class=\"woocommerce-product-attributes-item woocommerce-product-attributes-item--attribute_pa_strain\">\n<th class=\"woocommerce-product-attributes-item__label\">Napi\u0119cie<\/th>\n<td class=\"woocommerce-product-attributes-item__value\">Hybryda z dominacj\u0105 Indica<\/td>\n<\/tr>\n<tr class=\"woocommerce-product-attributes-item woocommerce-product-attributes-item--attribute_pa_effects\">\n<th class=\"woocommerce-product-attributes-item__label\">Efekty<\/th>\n<td class=\"woocommerce-product-attributes-item__value\">Euforia, szcz\u0119\u015bcie, relaks, senno\u015b\u0107<\/td>\n<\/tr>\n<tr class=\"woocommerce-product-attributes-item woocommerce-product-attributes-item--attribute_pa_may-relieve\">\n<th class=\"woocommerce-product-attributes-item__label\">Mo\u017ce przynie\u015b\u0107 ulg\u0119<\/th>\n<td class=\"woocommerce-product-attributes-item__value\">L\u0119k, zapalenie staw\u00f3w, b\u00f3le g\u0142owy, bezsenno\u015b\u0107, migreny<\/td>\n<\/tr>\n<tr class=\"woocommerce-product-attributes-item woocommerce-product-attributes-item--attribute_pa_flavors\">\n<th class=\"woocommerce-product-attributes-item__label\">Smaki<\/th>\n<td class=\"woocommerce-product-attributes-item__value\">Jagodowy, winogronowy, s\u0142odki<\/td>\n<\/tr>\n<tr class=\"woocommerce-product-attributes-item woocommerce-product-attributes-item--attribute_pa_aromas\">\n<th class=\"woocommerce-product-attributes-item__label\">Aromaty<\/th>\n<td class=\"woocommerce-product-attributes-item__value\">Owocowy, Skunky, S\u0142odki, Tropikalny<\/td>\n<\/tr>\n<\/tbody>\n<\/table>","protected":false},"featured_media":3154,"comment_status":"closed","ping_status":"closed","template":"","meta":{"_uag_custom_page_level_css":"","site-sidebar-layout":"default","site-content-layout":"","ast-site-content-layout":"default","site-content-style":"default","site-sidebar-style":"default","ast-global-header-display":"","ast-banner-title-visibility":"","ast-main-header-display":"","ast-hfb-above-header-display":"","ast-hfb-below-header-display":"","ast-hfb-mobile-header-display":"","site-post-title":"","ast-breadcrumbs-content":"","ast-featured-img":"","footer-sml-layout":"","theme-transparent-header-meta":"default","adv-header-id-meta":"","stick-header-meta":"","header-above-stick-meta":"","header-main-stick-meta":"","header-below-stick-meta":"","astra-migrate-meta-layouts":"set","ast-page-background-enabled":"default","ast-page-background-meta":{"desktop":{"background-color":"","background-image":"","background-repeat":"repeat","background-position":"center center","background-size":"auto","background-attachment":"scroll","background-type":"","background-media":"","overlay-type":"","overlay-color":"","overlay-opacity":"","overlay-gradient":""},"tablet":{"background-color":"","background-image":"","background-repeat":"repeat","background-position":"center center","background-size":"auto","background-attachment":"scroll","background-type":"","background-media":"","overlay-type":"","overlay-color":"","overlay-opacity":"","overlay-gradient":""},"mobile":{"background-color":"","background-image":"","background-repeat":"repeat","background-position":"center center","background-size":"auto","background-attachment":"scroll","background-type":"","background-media":"","overlay-type":"","overlay-color":"","overlay-opacity":"","overlay-gradient":""}},"ast-content-background-meta":{"desktop":{"background-color":"var(--ast-global-color-5)","background-image":"","background-repeat":"repeat","background-position":"center center","background-size":"auto","background-attachment":"scroll","background-type":"","background-media":"","overlay-type":"","overlay-color":"","overlay-opacity":"","overlay-gradient":""},"tablet":{"background-color":"var(--ast-global-color-5)","background-image":"","background-repeat":"repeat","background-position":"center center","background-size":"auto","background-attachment":"scroll","background-type":"","background-media":"","overlay-type":"","overlay-color":"","overlay-opacity":"","overlay-gradient":""},"mobile":{"background-color":"var(--ast-global-color-5)","background-image":"","background-repeat":"repeat","background-position":"center center","background-size":"auto","background-attachment":"scroll","background-type":"","background-media":"","overlay-type":"","overlay-color":"","overlay-opacity":"","overlay-gradient":""}}},"product_brand":[],"product_cat":[28,278],"product_tag":[318],"class_list":{"0":"post-3068","1":"product","2":"type-product","3":"status-publish","4":"has-post-thumbnail","6":"product_cat-varietes-de-cannabis","7":"product_cat-varietes-de-marijuana-indica","8":"product_tag-order-purple-nurple-weed-strain-europe","9":"desktop-align-left","10":"tablet-align-left","11":"mobile-align-left","13":"first","14":"instock","15":"shipping-taxable","16":"purchasable","17":"product-type-variable"},"uagb_featured_image_src":{"full":["https:\/\/pressurezone.shop\/wp-content\/uploads\/2024\/10\/Purple-Nurple-Weed-Strain.webp",2560,1920,false],"thumbnail":["https:\/\/pressurezone.shop\/wp-content\/uploads\/2024\/10\/Purple-Nurple-Weed-Strain-150x150.webp",150,150,true],"medium":["https:\/\/pressurezone.shop\/wp-content\/uploads\/2024\/10\/Purple-Nurple-Weed-Strain-300x225.webp",300,225,true],"medium_large":["https:\/\/pressurezone.shop\/wp-content\/uploads\/2024\/10\/Purple-Nurple-Weed-Strain-768x576.webp",768,576,true],"large":["https:\/\/pressurezone.shop\/wp-content\/uploads\/2024\/10\/Purple-Nurple-Weed-Strain-1024x768.webp",1024,768,true],"1536x1536":["https:\/\/pressurezone.shop\/wp-content\/uploads\/2024\/10\/Purple-Nurple-Weed-Strain-1536x1152.webp",1536,1152,true],"2048x2048":["https:\/\/pressurezone.shop\/wp-content\/uploads\/2024\/10\/Purple-Nurple-Weed-Strain-2048x1536.webp",2048,1536,true],"trp-custom-language-flag":["https:\/\/pressurezone.shop\/wp-content\/uploads\/2024\/10\/Purple-Nurple-Weed-Strain-16x12.webp",16,12,true],"woocommerce_thumbnail":["https:\/\/pressurezone.shop\/wp-content\/uploads\/2024\/10\/Purple-Nurple-Weed-Strain-300x300.webp",300,300,true],"woocommerce_single":["https:\/\/pressurezone.shop\/wp-content\/uploads\/2024\/10\/Purple-Nurple-Weed-Strain-600x450.webp",600,450,true],"woocommerce_gallery_thumbnail":["https:\/\/pressurezone.shop\/wp-content\/uploads\/2024\/10\/Purple-Nurple-Weed-Strain-100x100.webp",100,100,true]},"uagb_author_info":{"display_name":"pressurezone.shop","author_link":"https:\/\/pressurezone.shop\/pl\/author\/"},"uagb_comment_info":0,"uagb_excerpt":"Strain Indica Dominant Hybrid Effects Euphoria,\u00a0Happy,\u00a0Relaxing,\u00a0Sleepy May Relieve Anxiety,\u00a0Arthritis,\u00a0Headaches,\u00a0Insomnia,\u00a0Migraines Flavors Berry,\u00a0Grape,\u00a0Sweet Aromas Fruity,\u00a0Skunky,\u00a0Sweet,\u00a0Tropical","_links":{"self":[{"href":"https:\/\/pressurezone.shop\/pl\/wp-json\/wp\/v2\/product\/3068"}],"collection":[{"href":"https:\/\/pressurezone.shop\/pl\/wp-json\/wp\/v2\/product"}],"about":[{"href":"https:\/\/pressurezone.shop\/pl\/wp-json\/wp\/v2\/types\/product"}],"replies":[{"embeddable":true,"href":"https:\/\/pressurezone.shop\/pl\/wp-json\/wp\/v2\/comments?post=3068"}],"version-history":[{"count":3,"href":"https:\/\/pressurezone.shop\/pl\/wp-json\/wp\/v2\/product\/3068\/revisions"}],"predecessor-version":[{"id":4007,"href":"https:\/\/pressurezone.shop\/pl\/wp-json\/wp\/v2\/product\/3068\/revisions\/4007"}],"wp:featuredmedia":[{"embeddable":true,"href":"https:\/\/pressurezone.shop\/pl\/wp-json\/wp\/v2\/media\/3154"}],"wp:attachment":[{"href":"https:\/\/pressurezone.shop\/pl\/wp-json\/wp\/v2\/media?parent=3068"}],"wp:term":[{"taxonomy":"product_brand","embeddable":true,"href":"https:\/\/pressurezone.shop\/pl\/wp-json\/wp\/v2\/product_brand?post=3068"},{"taxonomy":"product_cat","embeddable":true,"href":"https:\/\/pressurezone.shop\/pl\/wp-json\/wp\/v2\/product_cat?post=3068"},{"taxonomy":"product_tag","embeddable":true,"href":"https:\/\/pressurezone.shop\/pl\/wp-json\/wp\/v2\/product_tag?post=3068"}],"curies":[{"name":"wp","href":"https:\/\/api.w.org\/{rel}","templated":true}]}}