{"id":3069,"date":"2024-10-11T00:49:43","date_gmt":"2024-10-10T22:49:43","guid":{"rendered":"https:\/\/pressurezone.shop\/?post_type=product&#038;p=3069"},"modified":"2024-11-02T22:14:03","modified_gmt":"2024-11-02T21:14:03","slug":"g13-strain-indica-flower","status":"publish","type":"product","link":"https:\/\/pressurezone.shop\/pl\/produkt\/g13-szczep-indica-kwiat\/","title":{"rendered":"G13 Szczep Indica Flower"},"content":{"rendered":"<h3><strong>Kup G13 Strain Indica Flower Online w Europie na <a href=\"https:\/\/pressurezone.shop\/pl\/\" target=\"_new\" rel=\"noopener\">Strefa ci\u015bnienia<\/a><\/strong><\/h3>\n<p>Odkryj <strong>G13 Szczep Indica Flower<\/strong>znana r\u00f3wnie\u017c jako \"G-13\" lub \"Government Indica Cannabis Strain 1\", czyli <strong>odmiana konopi<\/strong> Tajemnicza i pot\u0119\u017cna hybryda z dominacj\u0105 Indica. Zaprojektowana jako skuteczna opcja medyczna, G13 to odmiana o nieznanym pochodzeniu, ale znana ze swoich intensywnych efekt\u00f3w i wyra\u017anego profilu smakowego. Z poziomem THC wynosz\u0105cym \u015brednio 24%, G13 jest jednym z najpopularniejszych szczep\u00f3w ze wzgl\u0119du na swoje w\u0142a\u015bciwo\u015bci terapeutyczne.<a href=\"https:\/\/fuelpackz.com\/\" target=\"_blank\" rel=\"noopener\">.<\/a><\/p>\n<h3>Efekty i korzy\u015bci p\u0142yn\u0105ce z G13 Strain Indica Flower<\/h3>\n<p>La <strong>Odmiana G13 Kwiat Indica<\/strong> s\u0142ynie z relaksuj\u0105cego i koj\u0105cego dzia\u0142ania, oferuj\u0105c idealne po\u0142\u0105czenie euforii i fizycznego odpr\u0119\u017cenia:<\/p>\n<ul>\n<li><strong>Euforia i dobry humor<\/strong> Zacznij od energetyzuj\u0105cego haju, aby pobudzi\u0107 umys\u0142.<\/li>\n<li><strong>G\u0142\u0119boki relaks<\/strong> Odpr\u0119\u017ca cia\u0142o i uspokaja umys\u0142, idealny na chwile relaksu.<\/li>\n<li><strong>Lekka senno\u015b\u0107<\/strong> Zapewnia uspokajaj\u0105cy efekt, idealny do promowania snu.<\/li>\n<\/ul>\n<p>Dzi\u0119ki zr\u00f3wnowa\u017conym efektom i <strong>wysoka moc<\/strong>G13 to idealna opcja do wieczornego u\u017cytku lub pe\u0142nego relaksu.<\/p>\n<h3>Korzy\u015bci terapeutyczne G13 Strain Indica Flower<\/h3>\n<p>Dzi\u0119ki silnemu dzia\u0142aniu terapeutycznemu, <strong>G13<\/strong> jest cz\u0119sto wybierany w celu z\u0142agodzenia r\u00f3\u017cnych objaw\u00f3w i stan\u00f3w:<\/p>\n<ul>\n<li><strong>Uwolnienie od l\u0119ku i depresji<\/strong> Skutecznie uspokaja umys\u0142 i promuje dobre samopoczucie.<\/li>\n<li><strong>Zmniejszenie b\u00f3lu i stanu zapalnego<\/strong> \u0141agodzi przewlek\u0142y b\u00f3l, zapalenie staw\u00f3w i uporczywe b\u00f3le g\u0142owy.<\/li>\n<li><strong>Pomoc w zasypianiu<\/strong> Wspomaga g\u0142\u0119boki, spokojny sen, idealny dla os\u00f3b cierpi\u0105cych na bezsenno\u015b\u0107.<\/li>\n<\/ul>\n<p>To <strong>odmiana konopi<\/strong> jest idealny dla os\u00f3b poszukuj\u0105cych naturalnej ulgi w stresie, b\u00f3lu i zaburzeniach snu.<\/p>\n<h3>Smaki i aromaty G13<\/h3>\n<p>G13 oferuje profil smaku i aromatu tak intensywny, jak jego efekty:<\/p>\n<ul>\n<li><strong>Smaki<\/strong> \u0141agodny, drzewny aromat sosny ze s\u0142odkimi nutami, kt\u00f3re sprawiaj\u0105, \u017ce jest to smaczne do\u015bwiadczenie.<\/li>\n<li><strong>Zapachy<\/strong> Ziemisty, skunksowy zapach z nut\u0105 s\u0142odyczy i jag\u00f3d.<\/li>\n<\/ul>\n<p>Te <strong>smaki i aromaty<\/strong> intensywny, dzi\u0119ki czemu ka\u017cde zaci\u0105gni\u0119cie si\u0119 G13 jest przyjemnym, niezapomnianym prze\u017cyciem, idealnym dla mi\u0142o\u015bnik\u00f3w ziemistych, s\u0142odkich smak\u00f3w.<\/p>\n<h3>Dlaczego warto kupi\u0107 G13 Strain Indica Flower na <a href=\"https:\/\/pressurezone.shop\/pl\/\" target=\"_new\" rel=\"noopener\">Strefa ci\u015bnienia<\/a>?<\/h3>\n<p>Przy <strong>Strefa ci\u015bnienia<\/strong>oferujemy <strong>odmiany konopi<\/strong> Starannie dobrane i przetestowane, aby zagwarantowa\u0107 czysto\u015b\u0107 i moc. <strong>G13 Szczep Indica Flower<\/strong> to jedna z naszych najlepszych odmian ze wzgl\u0119du na jej relaksuj\u0105ce dzia\u0142anie i korzy\u015bci terapeutyczne. Oto dlaczego warto wybra\u0107 Pressure Zone:<\/p>\n<ul>\n<li><strong>Wysokiej jako\u015bci<\/strong> Nasze produkty s\u0105 testowane w celu zapewnienia wysokiej jako\u015bci wra\u017ce\u0144.<\/li>\n<li><strong>Relaksuj\u0105cy i koj\u0105cy efekt<\/strong> Idealny do leczenia b\u00f3lu i g\u0142\u0119bokiego snu.<\/li>\n<li><strong>Fachowa obs\u0142uga klienta<\/strong> Jeste\u015bmy tutaj, aby pom\u00f3c Ci znale\u017a\u0107 odpowiedni <strong>odmiana konopi<\/strong> kt\u00f3ry najlepiej spe\u0142nia Twoje potrzeby.<\/li>\n<\/ul>\n<h3>Cz\u0119sto zadawane pytania<\/h3>\n<h4>Jakie s\u0105 g\u0142\u00f3wne efekty dzia\u0142ania G13 Strain Indica Flower?<\/h4>\n<p>G13 zapewnia energetyzuj\u0105cy haj, po kt\u00f3rym nast\u0119puje g\u0142\u0119boki relaks, idealny do relaksu i snu. Doskonale koi cia\u0142o i umys\u0142.<\/p>\n<h4>Czy G13 skutecznie \u0142agodzi b\u00f3l i stres?<\/h4>\n<p>Tak, to <strong>odmiana konopi<\/strong> doskonale redukuje stres, \u0142agodzi przewlek\u0142y b\u00f3l i poprawia nastr\u00f3j, jednocze\u015bnie promuj\u0105c spokojny sen.<\/p>\n<h4>Jakie smaki i aromaty dominuj\u0105 w G13?<\/h4>\n<p>G13 oferuje drzewno-sosnowe smaki z odrobin\u0105 s\u0142odyczy i ziemistymi, skunksowymi aromatami, idealne do wyj\u0105tkowych dozna\u0144 sensorycznych.<\/p>\n<h3>Zam\u00f3w G13 Strain Indica Flower online w Europie pod adresem <a href=\"https:\/\/pressurezone.shop\/pl\/\" target=\"_new\" rel=\"noopener\">Strefa ci\u015bnienia<\/a><\/h3>\n<p>Gotowy, by odkry\u0107 koj\u0105ce i tajemnicze dzia\u0142anie <strong>G13 Szczep Indica Flower<\/strong>? <strong>Zam\u00f3w teraz<\/strong> na <a href=\"https:\/\/pressurezone.shop\/pl\/\" target=\"_new\" rel=\"noopener\">Strefa ci\u015bnienia<\/a> dla do\u015bwiadczenia <strong>odmiana konopi<\/strong> idealny do \u0142agodzenia b\u00f3lu i relaksu. Ciesz si\u0119 szybk\u0105 i dyskretn\u0105 dostaw\u0105, kt\u00f3ra zapewnia bezproblemowe zakupy.<\/p>","protected":false},"excerpt":{"rendered":"<p>Achetez la Vari\u00e9t\u00e9 G13 Strain Indica Flower en Ligne en Europe sur Pressure Zone D\u00e9couvrez G13 Strain Indica Flower, \u00e9galement connue sous le nom de \u201cG-13\u201d ou \u201cGovernment Indica Cannabis Strain 1,\u201d une vari\u00e9t\u00e9 de cannabis hybride \u00e0 dominance indica myst\u00e9rieuse et puissante. Con\u00e7ue pour \u00eatre une option m\u00e9dicale efficace, G13 est une vari\u00e9t\u00e9 \u00e0 [&hellip;]<\/p>","protected":false},"featured_media":3156,"comment_status":"closed","ping_status":"closed","template":"","meta":{"_uag_custom_page_level_css":"","site-sidebar-layout":"default","site-content-layout":"","ast-site-content-layout":"default","site-content-style":"default","site-sidebar-style":"default","ast-global-header-display":"","ast-banner-title-visibility":"","ast-main-header-display":"","ast-hfb-above-header-display":"","ast-hfb-below-header-display":"","ast-hfb-mobile-header-display":"","site-post-title":"","ast-breadcrumbs-content":"","ast-featured-img":"","footer-sml-layout":"","theme-transparent-header-meta":"default","adv-header-id-meta":"","stick-header-meta":"","header-above-stick-meta":"","header-main-stick-meta":"","header-below-stick-meta":"","astra-migrate-meta-layouts":"set","ast-page-background-enabled":"default","ast-page-background-meta":{"desktop":{"background-color":"","background-image":"","background-repeat":"repeat","background-position":"center center","background-size":"auto","background-attachment":"scroll","background-type":"","background-media":"","overlay-type":"","overlay-color":"","overlay-opacity":"","overlay-gradient":""},"tablet":{"background-color":"","background-image":"","background-repeat":"repeat","background-position":"center center","background-size":"auto","background-attachment":"scroll","background-type":"","background-media":"","overlay-type":"","overlay-color":"","overlay-opacity":"","overlay-gradient":""},"mobile":{"background-color":"","background-image":"","background-repeat":"repeat","background-position":"center center","background-size":"auto","background-attachment":"scroll","background-type":"","background-media":"","overlay-type":"","overlay-color":"","overlay-opacity":"","overlay-gradient":""}},"ast-content-background-meta":{"desktop":{"background-color":"var(--ast-global-color-5)","background-image":"","background-repeat":"repeat","background-position":"center center","background-size":"auto","background-attachment":"scroll","background-type":"","background-media":"","overlay-type":"","overlay-color":"","overlay-opacity":"","overlay-gradient":""},"tablet":{"background-color":"var(--ast-global-color-5)","background-image":"","background-repeat":"repeat","background-position":"center center","background-size":"auto","background-attachment":"scroll","background-type":"","background-media":"","overlay-type":"","overlay-color":"","overlay-opacity":"","overlay-gradient":""},"mobile":{"background-color":"var(--ast-global-color-5)","background-image":"","background-repeat":"repeat","background-position":"center center","background-size":"auto","background-attachment":"scroll","background-type":"","background-media":"","overlay-type":"","overlay-color":"","overlay-opacity":"","overlay-gradient":""}}},"product_brand":[],"product_cat":[28,278],"product_tag":[319],"class_list":{"0":"post-3069","1":"product","2":"type-product","3":"status-publish","4":"has-post-thumbnail","6":"product_cat-varietes-de-cannabis","7":"product_cat-varietes-de-marijuana-indica","8":"product_tag-buy-g13-strain-indica-flower-europe","9":"desktop-align-left","10":"tablet-align-left","11":"mobile-align-left","13":"first","14":"instock","15":"shipping-taxable","16":"purchasable","17":"product-type-variable"},"uagb_featured_image_src":{"full":["https:\/\/pressurezone.shop\/wp-content\/uploads\/2024\/10\/G13-Strain-Indica-Flower.webp",2560,1707,false],"thumbnail":["https:\/\/pressurezone.shop\/wp-content\/uploads\/2024\/10\/G13-Strain-Indica-Flower-150x150.webp",150,150,true],"medium":["https:\/\/pressurezone.shop\/wp-content\/uploads\/2024\/10\/G13-Strain-Indica-Flower-300x200.webp",300,200,true],"medium_large":["https:\/\/pressurezone.shop\/wp-content\/uploads\/2024\/10\/G13-Strain-Indica-Flower-768x512.webp",768,512,true],"large":["https:\/\/pressurezone.shop\/wp-content\/uploads\/2024\/10\/G13-Strain-Indica-Flower-1024x683.webp",1024,683,true],"1536x1536":["https:\/\/pressurezone.shop\/wp-content\/uploads\/2024\/10\/G13-Strain-Indica-Flower-1536x1024.webp",1536,1024,true],"2048x2048":["https:\/\/pressurezone.shop\/wp-content\/uploads\/2024\/10\/G13-Strain-Indica-Flower-2048x1366.webp",2048,1366,true],"trp-custom-language-flag":["https:\/\/pressurezone.shop\/wp-content\/uploads\/2024\/10\/G13-Strain-Indica-Flower-18x12.webp",18,12,true],"woocommerce_thumbnail":["https:\/\/pressurezone.shop\/wp-content\/uploads\/2024\/10\/G13-Strain-Indica-Flower-300x300.webp",300,300,true],"woocommerce_single":["https:\/\/pressurezone.shop\/wp-content\/uploads\/2024\/10\/G13-Strain-Indica-Flower-600x400.webp",600,400,true],"woocommerce_gallery_thumbnail":["https:\/\/pressurezone.shop\/wp-content\/uploads\/2024\/10\/G13-Strain-Indica-Flower-100x100.webp",100,100,true]},"uagb_author_info":{"display_name":"pressurezone.shop","author_link":"https:\/\/pressurezone.shop\/pl\/author\/"},"uagb_comment_info":0,"uagb_excerpt":"Achetez la Vari\u00e9t\u00e9 G13 Strain Indica Flower en Ligne en Europe sur Pressure Zone D\u00e9couvrez G13 Strain Indica Flower, \u00e9galement connue sous le nom de \u201cG-13\u201d ou \u201cGovernment Indica Cannabis Strain 1,\u201d une vari\u00e9t\u00e9 de cannabis hybride \u00e0 dominance indica myst\u00e9rieuse et puissante. Con\u00e7ue pour \u00eatre une option m\u00e9dicale efficace, G13 est une vari\u00e9t\u00e9 \u00e0&hellip;","_links":{"self":[{"href":"https:\/\/pressurezone.shop\/pl\/wp-json\/wp\/v2\/product\/3069"}],"collection":[{"href":"https:\/\/pressurezone.shop\/pl\/wp-json\/wp\/v2\/product"}],"about":[{"href":"https:\/\/pressurezone.shop\/pl\/wp-json\/wp\/v2\/types\/product"}],"replies":[{"embeddable":true,"href":"https:\/\/pressurezone.shop\/pl\/wp-json\/wp\/v2\/comments?post=3069"}],"version-history":[{"count":3,"href":"https:\/\/pressurezone.shop\/pl\/wp-json\/wp\/v2\/product\/3069\/revisions"}],"predecessor-version":[{"id":3769,"href":"https:\/\/pressurezone.shop\/pl\/wp-json\/wp\/v2\/product\/3069\/revisions\/3769"}],"wp:featuredmedia":[{"embeddable":true,"href":"https:\/\/pressurezone.shop\/pl\/wp-json\/wp\/v2\/media\/3156"}],"wp:attachment":[{"href":"https:\/\/pressurezone.shop\/pl\/wp-json\/wp\/v2\/media?parent=3069"}],"wp:term":[{"taxonomy":"product_brand","embeddable":true,"href":"https:\/\/pressurezone.shop\/pl\/wp-json\/wp\/v2\/product_brand?post=3069"},{"taxonomy":"product_cat","embeddable":true,"href":"https:\/\/pressurezone.shop\/pl\/wp-json\/wp\/v2\/product_cat?post=3069"},{"taxonomy":"product_tag","embeddable":true,"href":"https:\/\/pressurezone.shop\/pl\/wp-json\/wp\/v2\/product_tag?post=3069"}],"curies":[{"name":"wp","href":"https:\/\/api.w.org\/{rel}","templated":true}]}}