{"id":3074,"date":"2024-10-11T00:50:08","date_gmt":"2024-10-10T22:50:08","guid":{"rendered":"https:\/\/pressurezone.shop\/?post_type=product&#038;p=3074"},"modified":"2024-11-02T21:13:52","modified_gmt":"2024-11-02T20:13:52","slug":"blueberry-indica-dominant-hybrid-strain","status":"publish","type":"product","link":"https:\/\/pressurezone.shop\/pl\/produkt\/jagodowa-odmiana-hybrydowa-z-dominujaca-indica\/","title":{"rendered":"Odmiana hybrydowa z dominuj\u0105c\u0105 Indica Blueberry"},"content":{"rendered":"<div class=\"flex-shrink-0 flex flex-col relative items-end\">\n<div>\n<div class=\"pt-0\">\n<div class=\"gizmo-bot-avatar flex h-8 w-8 items-center justify-center overflow-hidden rounded-full\">\n<div class=\"relative p-1 rounded-sm flex items-center justify-center bg-token-main-surface-primary text-token-text-primary h-8 w-8\"><\/div>\n<\/div>\n<\/div>\n<\/div>\n<\/div>\n<div class=\"group\/conversation-turn relative flex w-full min-w-0 flex-col agent-turn\">\n<div class=\"flex-col gap-1 md:gap-3\">\n<div class=\"flex max-w-full flex-col flex-grow\">\n<div class=\"min-h-8 text-message flex w-full flex-col items-end gap-2 whitespace-normal break-words [.text-message+&amp;]:mt-5\" dir=\"auto\" data-message-author-role=\"assistant\" data-message-id=\"63aaa22f-ef16-464b-8e98-482d71247fb6\" data-message-model-slug=\"gpt-4o\">\n<div class=\"flex w-full flex-col gap-1 empty:hidden first:pt-[3px]\">\n<div class=\"markdown prose w-full break-words dark:prose-invert light\">\n<h3><strong>Kup Blueberry Indica Dominant Hybrid Strain online pod adresem <a href=\"https:\/\/pressurezone.shop\/pl\/\" target=\"_new\" rel=\"noopener\">Strefa ci\u015bnienia<\/a><\/strong><\/h3>\n<p>Odkryj <strong>Odmiana hybrydowa z dominuj\u0105c\u0105 Indica Blueberry<\/strong>a <strong>odmiana konopi<\/strong> kt\u00f3ra \u0142\u0105czy w sobie dominacj\u0119 Indica (80% Indica\/20% Sativa) z niezapomnianym aromatem jag\u00f3d i wanilii. Znana ze swojego silnego, koj\u0105cego dzia\u0142ania, ta legendarna odmiana pochodzi z lat 70. ubieg\u0142ego wieku, kiedy to zosta\u0142a opracowana przez s\u0142ynnego ameryka\u0144skiego hodowc\u0119 DJ Shorta ze szczep\u00f3w landrace. Chocia\u017c jej dok\u0142adne pochodzenie pozostaje tajemnic\u0105, zak\u0142ada si\u0119, \u017ce <strong>Jagoda<\/strong> schodzi z pniak\u00f3w <strong>Purple Thai<\/strong> i <strong>Afga\u0144czyk<\/strong>.<\/p>\n<h3>Efekty i korzy\u015bci hybrydowego szczepu Blueberry z dominacj\u0105 Indica<\/h3>\n<p>La <strong>Odmiana hybrydowa z dominuj\u0105c\u0105 Indica Blueberry<\/strong> s\u0142ynie ze swoich uspokajaj\u0105cych i euforycznych efekt\u00f3w, kt\u00f3re zapewniaj\u0105 g\u0142\u0119bokie poczucie dobrego samopoczucia:<\/p>\n<ul>\n<li><strong>Euforia i szcz\u0119\u015bcie<\/strong> Daje uczucie rado\u015bci i pozytywny nastr\u00f3j.<\/li>\n<li><strong>Senno\u015b\u0107 i relaksacja<\/strong> Idealny na relaksuj\u0105ce wieczory lub pomoc w zasypianiu.<\/li>\n<li><strong>G\u0142\u0119boki spok\u00f3j<\/strong> Umys\u0142 pogr\u0105\u017ca si\u0119 w stanie zrelaksowanej refleksji, uwalniaj\u0105c si\u0119 od stresuj\u0105cych my\u015bli.<\/li>\n<\/ul>\n<p>Z <strong>\u015arednia zawarto\u015b\u0107 THC w 16-24%<\/strong>Ta odmiana oferuje ca\u0142kowity relaks, kt\u00f3ry delikatnie osiada, uwalniaj\u0105c umys\u0142 i cia\u0142o od wszelkich napi\u0119\u0107.<\/p>\n<h3>Korzy\u015bci terapeutyczne hybrydowej odmiany Blueberry z dominacj\u0105 Indica<\/h3>\n<p>Dzi\u0119ki swojemu koj\u0105cemu dzia\u0142aniu, bor\u00f3wka jest cz\u0119sto wybierana ze wzgl\u0119du na swoje w\u0142a\u015bciwo\u015bci lecznicze. Jest szczeg\u00f3lnie skuteczna w przypadku :<\/p>\n<ul>\n<li><strong>\u0141agodzenie depresji i niepokoju<\/strong> Jego uspokajaj\u0105ce dzia\u0142anie pomaga uspokoi\u0107 umys\u0142 i zredukowa\u0107 negatywne my\u015bli.<\/li>\n<li><strong>Zmniejszenie b\u00f3lu i migreny<\/strong> Skuteczny w \u0142agodzeniu przewlek\u0142ego b\u00f3lu i uporczywych migren.<\/li>\n<li><strong>Lepszy sen<\/strong> Jego dzia\u0142anie uspokajaj\u0105ce sprawia, \u017ce jest to idealna opcja dla os\u00f3b walcz\u0105cych z bezsenno\u015bci\u0105.<\/li>\n<li><strong>Zmniejszone nudno\u015bci<\/strong> Ceniony za swoje w\u0142a\u015bciwo\u015bci przeciw nudno\u015bciom<a href=\"https:\/\/fuelpackz.com\/\" target=\"_blank\" rel=\"noopener\">.<\/a><\/li>\n<\/ul>\n<p>To <strong>odmiana konopi<\/strong> jest idealny dla os\u00f3b poszukuj\u0105cych naturalnego rozwi\u0105zania na stres, chroniczne zm\u0119czenie i b\u00f3le g\u0142owy, zapewniaj\u0105c ca\u0142kowity relaks i trwa\u0142\u0105 ulg\u0119.<\/p>\n<h3>Smaki i aromaty hybrydowego szczepu Blueberry z dominacj\u0105 Indica<\/h3>\n<p>Bor\u00f3wka ameryka\u0144ska jest znana zar\u00f3wno ze swojego smaku, jak i dzia\u0142ania:<\/p>\n<ul>\n<li><strong>Smaki<\/strong> Bogaty, s\u0142odki smak jag\u00f3d i bor\u00f3wek z nutami drewna i wanilii.<\/li>\n<li><strong>Zapachy<\/strong> Owocowy, ziemisty zapach zmieszany z pikantnymi, s\u0142odkimi nutami kwiatowymi i odrobin\u0105 wanilii.<\/li>\n<\/ul>\n<p>Te <strong>wyj\u0105tkowe smaki i aromaty<\/strong> sprawia, \u017ce ka\u017cdy puff tej nieodpartej odmiany jest idealny dla mi\u0142o\u015bnik\u00f3w s\u0142odkich, wy\u015bmienitych smak\u00f3w.<\/p>\n<h3>Dlaczego warto kupi\u0107 Blueberry Indica Dominant Hybrid Strain na <a href=\"https:\/\/pressurezone.shop\/pl\/\" target=\"_new\" rel=\"noopener\">Strefa ci\u015bnienia<\/a>?<\/h3>\n<p>Przy <strong>Strefa ci\u015bnienia<\/strong>wybieramy <strong>odmiany konopi<\/strong> o najwy\u017cszej jako\u015bci, starannie przetestowane w celu zapewnienia mocy i czysto\u015bci. <strong>Odmiana hybrydowa z dominuj\u0105c\u0105 Indica Blueberry<\/strong> to jedna z naszych flagowych odmian, idealna do relaksu i radzenia sobie ze stresem. Oto dlaczego warto kupowa\u0107 w\u0142a\u015bnie u nas:<\/p>\n<ul>\n<li><strong>Najwy\u017csza jako\u015b\u0107<\/strong> Nasze produkty s\u0105 testowane i gwarantuj\u0105 wysok\u0105 jako\u015b\u0107.<\/li>\n<li><strong>Koj\u0105ce dzia\u0142anie<\/strong> Idealny do relaksu i poprawy nastroju.<\/li>\n<li><strong>Dedykowana obs\u0142uga klienta<\/strong> Nasz zesp\u00f3\u0142 jest tutaj, aby poprowadzi\u0107 Ci\u0119 w kierunku <strong>odmiana konopi<\/strong> kt\u00f3ry spe\u0142nia Twoje potrzeby.<\/li>\n<\/ul>\n<h3>Cz\u0119sto zadawane pytania<\/h3>\n<h4>Jakie s\u0105 g\u0142\u00f3wne efekty dzia\u0142ania hybrydowego szczepu Blueberry z dominacj\u0105 Indica?<\/h4>\n<p>La <strong>Odmiana hybrydowa z dominuj\u0105c\u0105 Indica Blueberry<\/strong> oferuje euforyczny i relaksuj\u0105cy haj, idealny do \u0142agodzenia stresu, poprawy nastroju i promowania snu.<\/p>\n<h4>Czy bor\u00f3wka jest odpowiednia na migreny i przewlek\u0142y b\u00f3l?<\/h4>\n<p>Tak, bor\u00f3wka jest idealna do zmniejszania przewlek\u0142ego b\u00f3lu, \u0142agodzenia migreny i uspokajania napi\u0119cia cia\u0142a.<\/p>\n<h4>Jakie smaki i aromaty dominuj\u0105 w Blueberry?<\/h4>\n<p>Odmiana ta oferuje s\u0142odki smak jag\u00f3d i wanilii, kt\u00f3remu towarzysz\u0105 ziemiste i kwiatowe aromaty, z odrobin\u0105 przypraw i s\u0142odyczy.<\/p>\n<h3>Zam\u00f3w Blueberry Indica Dominant Hybrid Strain online pod adresem <a href=\"https:\/\/pressurezone.shop\/pl\/\" target=\"_new\" rel=\"noopener\">Strefa ci\u015bnienia<\/a><\/h3>\n<p>Gotowy do odkrycia relaksuj\u0105cych efekt\u00f3w i delikatnych smak\u00f3w <strong>Odmiana hybrydowa z dominuj\u0105c\u0105 Indica Blueberry<\/strong>? <strong>Zam\u00f3w teraz<\/strong> na <a href=\"https:\/\/pressurezone.shop\/pl\/\" target=\"_new\" rel=\"noopener\">Strefa ci\u015bnienia<\/a> dla do\u015bwiadczenia <strong>odmiana konopi<\/strong> premium, idealny do uspokojenia umys\u0142u i zrelaksowania cia\u0142a. Dzi\u0119ki niezawodnej us\u0142udze dostawy i wyj\u0105tkowej obs\u0142udze klienta, Pressure Zone gwarantuje beztroskie zakupy.<\/p>\n<\/div>\n<\/div>\n<\/div>\n<\/div>\n<\/div>\n<\/div>","protected":false},"excerpt":{"rendered":"<p>Achetez la Vari\u00e9t\u00e9 Blueberry Indica Dominant Hybrid Strain en Ligne sur Pressure Zone D\u00e9couvrez la Blueberry Indica Dominant Hybrid Strain, une vari\u00e9t\u00e9 de cannabis qui allie une dominance indica (80% indica\/20% sativa) \u00e0 une saveur inoubliable de myrtilles et de vanille. Connue pour son effet puissant et apaisant, cette vari\u00e9t\u00e9 l\u00e9gendaire remonte aux ann\u00e9es 70, [&hellip;]<\/p>","protected":false},"featured_media":3160,"comment_status":"closed","ping_status":"closed","template":"","meta":{"_uag_custom_page_level_css":"","site-sidebar-layout":"default","site-content-layout":"","ast-site-content-layout":"default","site-content-style":"default","site-sidebar-style":"default","ast-global-header-display":"","ast-banner-title-visibility":"","ast-main-header-display":"","ast-hfb-above-header-display":"","ast-hfb-below-header-display":"","ast-hfb-mobile-header-display":"","site-post-title":"","ast-breadcrumbs-content":"","ast-featured-img":"","footer-sml-layout":"","theme-transparent-header-meta":"default","adv-header-id-meta":"","stick-header-meta":"","header-above-stick-meta":"","header-main-stick-meta":"","header-below-stick-meta":"","astra-migrate-meta-layouts":"set","ast-page-background-enabled":"default","ast-page-background-meta":{"desktop":{"background-color":"","background-image":"","background-repeat":"repeat","background-position":"center center","background-size":"auto","background-attachment":"scroll","background-type":"","background-media":"","overlay-type":"","overlay-color":"","overlay-opacity":"","overlay-gradient":""},"tablet":{"background-color":"","background-image":"","background-repeat":"repeat","background-position":"center center","background-size":"auto","background-attachment":"scroll","background-type":"","background-media":"","overlay-type":"","overlay-color":"","overlay-opacity":"","overlay-gradient":""},"mobile":{"background-color":"","background-image":"","background-repeat":"repeat","background-position":"center center","background-size":"auto","background-attachment":"scroll","background-type":"","background-media":"","overlay-type":"","overlay-color":"","overlay-opacity":"","overlay-gradient":""}},"ast-content-background-meta":{"desktop":{"background-color":"var(--ast-global-color-5)","background-image":"","background-repeat":"repeat","background-position":"center center","background-size":"auto","background-attachment":"scroll","background-type":"","background-media":"","overlay-type":"","overlay-color":"","overlay-opacity":"","overlay-gradient":""},"tablet":{"background-color":"var(--ast-global-color-5)","background-image":"","background-repeat":"repeat","background-position":"center center","background-size":"auto","background-attachment":"scroll","background-type":"","background-media":"","overlay-type":"","overlay-color":"","overlay-opacity":"","overlay-gradient":""},"mobile":{"background-color":"var(--ast-global-color-5)","background-image":"","background-repeat":"repeat","background-position":"center center","background-size":"auto","background-attachment":"scroll","background-type":"","background-media":"","overlay-type":"","overlay-color":"","overlay-opacity":"","overlay-gradient":""}}},"product_brand":[],"product_cat":[28,278],"product_tag":[320],"class_list":{"0":"post-3074","1":"product","2":"type-product","3":"status-publish","4":"has-post-thumbnail","6":"product_cat-varietes-de-cannabis","7":"product_cat-varietes-de-marijuana-indica","8":"product_tag-order-blueberry-indica-dominant-hybrid-strain-europe","9":"desktop-align-left","10":"tablet-align-left","11":"mobile-align-left","13":"first","14":"instock","15":"shipping-taxable","16":"purchasable","17":"product-type-variable"},"uagb_featured_image_src":{"full":["https:\/\/pressurezone.shop\/wp-content\/uploads\/2024\/10\/Blueberry-Indica-Dominant-Hybrid-Strain.webp",2560,1707,false],"thumbnail":["https:\/\/pressurezone.shop\/wp-content\/uploads\/2024\/10\/Blueberry-Indica-Dominant-Hybrid-Strain-150x150.webp",150,150,true],"medium":["https:\/\/pressurezone.shop\/wp-content\/uploads\/2024\/10\/Blueberry-Indica-Dominant-Hybrid-Strain-300x200.webp",300,200,true],"medium_large":["https:\/\/pressurezone.shop\/wp-content\/uploads\/2024\/10\/Blueberry-Indica-Dominant-Hybrid-Strain-768x512.webp",768,512,true],"large":["https:\/\/pressurezone.shop\/wp-content\/uploads\/2024\/10\/Blueberry-Indica-Dominant-Hybrid-Strain-1024x683.webp",1024,683,true],"1536x1536":["https:\/\/pressurezone.shop\/wp-content\/uploads\/2024\/10\/Blueberry-Indica-Dominant-Hybrid-Strain-1536x1024.webp",1536,1024,true],"2048x2048":["https:\/\/pressurezone.shop\/wp-content\/uploads\/2024\/10\/Blueberry-Indica-Dominant-Hybrid-Strain-2048x1366.webp",2048,1366,true],"trp-custom-language-flag":["https:\/\/pressurezone.shop\/wp-content\/uploads\/2024\/10\/Blueberry-Indica-Dominant-Hybrid-Strain-18x12.webp",18,12,true],"woocommerce_thumbnail":["https:\/\/pressurezone.shop\/wp-content\/uploads\/2024\/10\/Blueberry-Indica-Dominant-Hybrid-Strain-300x300.webp",300,300,true],"woocommerce_single":["https:\/\/pressurezone.shop\/wp-content\/uploads\/2024\/10\/Blueberry-Indica-Dominant-Hybrid-Strain-600x400.webp",600,400,true],"woocommerce_gallery_thumbnail":["https:\/\/pressurezone.shop\/wp-content\/uploads\/2024\/10\/Blueberry-Indica-Dominant-Hybrid-Strain-100x100.webp",100,100,true]},"uagb_author_info":{"display_name":"pressurezone.shop","author_link":"https:\/\/pressurezone.shop\/pl\/author\/"},"uagb_comment_info":0,"uagb_excerpt":"Achetez la Vari\u00e9t\u00e9 Blueberry Indica Dominant Hybrid Strain en Ligne sur Pressure Zone D\u00e9couvrez la Blueberry Indica Dominant Hybrid Strain, une vari\u00e9t\u00e9 de cannabis qui allie une dominance indica (80% indica\/20% sativa) \u00e0 une saveur inoubliable de myrtilles et de vanille. Connue pour son effet puissant et apaisant, cette vari\u00e9t\u00e9 l\u00e9gendaire remonte aux ann\u00e9es 70,&hellip;","_links":{"self":[{"href":"https:\/\/pressurezone.shop\/pl\/wp-json\/wp\/v2\/product\/3074"}],"collection":[{"href":"https:\/\/pressurezone.shop\/pl\/wp-json\/wp\/v2\/product"}],"about":[{"href":"https:\/\/pressurezone.shop\/pl\/wp-json\/wp\/v2\/types\/product"}],"replies":[{"embeddable":true,"href":"https:\/\/pressurezone.shop\/pl\/wp-json\/wp\/v2\/comments?post=3074"}],"version-history":[{"count":3,"href":"https:\/\/pressurezone.shop\/pl\/wp-json\/wp\/v2\/product\/3074\/revisions"}],"predecessor-version":[{"id":3681,"href":"https:\/\/pressurezone.shop\/pl\/wp-json\/wp\/v2\/product\/3074\/revisions\/3681"}],"wp:featuredmedia":[{"embeddable":true,"href":"https:\/\/pressurezone.shop\/pl\/wp-json\/wp\/v2\/media\/3160"}],"wp:attachment":[{"href":"https:\/\/pressurezone.shop\/pl\/wp-json\/wp\/v2\/media?parent=3074"}],"wp:term":[{"taxonomy":"product_brand","embeddable":true,"href":"https:\/\/pressurezone.shop\/pl\/wp-json\/wp\/v2\/product_brand?post=3074"},{"taxonomy":"product_cat","embeddable":true,"href":"https:\/\/pressurezone.shop\/pl\/wp-json\/wp\/v2\/product_cat?post=3074"},{"taxonomy":"product_tag","embeddable":true,"href":"https:\/\/pressurezone.shop\/pl\/wp-json\/wp\/v2\/product_tag?post=3074"}],"curies":[{"name":"wp","href":"https:\/\/api.w.org\/{rel}","templated":true}]}}