{"id":3075,"date":"2024-10-11T00:50:08","date_gmt":"2024-10-10T22:50:08","guid":{"rendered":"https:\/\/pressurezone.shop\/?post_type=product&#038;p=3075"},"modified":"2024-11-02T20:49:58","modified_gmt":"2024-11-02T19:49:58","slug":"variete-berry-white-weed","status":"publish","type":"product","link":"https:\/\/pressurezone.shop\/pl\/produkt\/odmiana-berry-white-weed\/","title":{"rendered":"Odmiana Berry White Weed"},"content":{"rendered":"<h3><strong>Kup Berry White Weed online w Europie na <a href=\"https:\/\/pressurezone.shop\/pl\/\" target=\"_new\" rel=\"noopener\">Strefa ci\u015bnienia<\/a><\/strong><\/h3>\n<p>Odkryj <strong>Berry White Weed<\/strong>znany r\u00f3wnie\u017c jako \"White Berry\", ro\u015blina <strong>odmiana konopi<\/strong> dominuj\u0105ca Indica, kt\u00f3ra \u0142\u0105czy w sobie relaks i eufori\u0119. Od kultowej krzy\u017c\u00f3wki <strong>Jagoda<\/strong> i <strong>Bia\u0142a wdowa<\/strong>Odmiana ta jest cz\u0119sto uwa\u017cana za klasyk\u0119 przez koneser\u00f3w konopi. <strong>Berry White<\/strong> oferuje zr\u00f3wnowa\u017cone doznania o dzia\u0142aniu zar\u00f3wno koj\u0105cym, jak i stymuluj\u0105cym, idealne na relaksuj\u0105cy wiecz\u00f3r lub w celu z\u0142agodzenia przewlek\u0142ego b\u00f3lu.<\/p>\n<h3>Efekty i korzy\u015bci Berry White Weed<\/h3>\n<p>La <strong>Odmiana konopi Berry White<\/strong> charakteryzuje si\u0119 szybkimi efektami m\u00f3zgowymi, kt\u00f3re natychmiast pogr\u0105\u017caj\u0105 ci\u0119 w intensywnym relaksie. Oto, czego mo\u017cna oczekiwa\u0107 od tej odmiany:<\/p>\n<ul>\n<li><strong>Euforia i kreatywno\u015b\u0107<\/strong> Stymuluje umys\u0142 i poprawia samopoczucie.<\/li>\n<li><strong>Relaks cia\u0142a<\/strong> Uspokajaj\u0105cy efekt fizyczny, kt\u00f3ry pomaga si\u0119 zrelaksowa\u0107.<\/li>\n<li><strong>\u0141agodny efekt<\/strong> Idealny do \u0142agodnych, koj\u0105cych dozna\u0144, kt\u00f3rym cz\u0119sto towarzyszy lekka blokada kanapy.<\/li>\n<\/ul>\n<p>Dzi\u0119ki zr\u00f3wnowa\u017conemu profilowi, <strong>Berry White<\/strong> jest odpowiedni dla u\u017cytkownik\u00f3w poszukuj\u0105cych idealnego po\u0142\u0105czenia fizycznego relaksu i mentalnego uniesienia. D\u017awi\u0119k <strong>Silne THC<\/strong> sprawia, \u017ce jest to idealna opcja na przyjemny wiecz\u00f3r.<\/p>\n<h3>Korzy\u015bci terapeutyczne Berry White Weed<\/h3>\n<p>Berry White jest cz\u0119sto zalecany do \u0142agodzenia wielu objaw\u00f3w dzi\u0119ki zr\u00f3wnowa\u017conemu dzia\u0142aniu:<\/p>\n<ul>\n<li><strong>Redukcja l\u0119ku i stresu<\/strong> Uspokaja umys\u0142 i pomaga zredukowa\u0107 stresuj\u0105ce my\u015bli.<\/li>\n<li><strong>U\u015bmierzanie przewlek\u0142ego b\u00f3lu<\/strong> \u0141agodzi uporczywe b\u00f3le cia\u0142a.<\/li>\n<li><strong>Leczenie bezsenno\u015bci<\/strong> Wspomaga g\u0142\u0119boki, spokojny sen.<\/li>\n<li><strong>Lepszy nastr\u00f3j<\/strong> Skutecznie zwalcza depresj\u0119 i poprawia nastr\u00f3j.<\/li>\n<\/ul>\n<p>To <strong>odmiana konopi<\/strong> jest r\u00f3wnie\u017c ceniony za korzystny wp\u0142yw na migreny, b\u00f3le g\u0142owy, a nawet objawy ADHD i zaburzenia dwubiegunowego.<\/p>\n<h3>Smaki i aromaty Berry White Weed<\/h3>\n<p>La <strong>Odmiana Berry White Weed<\/strong> to tak\u017ce uczta dla zmys\u0142\u00f3w o charakterystycznym profilu smakowym:<\/p>\n<ul>\n<li><strong>Smaki<\/strong> S\u0142odkie nuty jag\u00f3d i bor\u00f3wek, wzmocnione nut\u0105 sosny i przypraw.<\/li>\n<li><strong>Zapachy<\/strong> Intensywny zapach jag\u00f3d, lekko ziemisty i pikantny, z nut\u0105 s\u0142odyczy.<a href=\"https:\/\/fuelpackz.com\/\" target=\"_blank\" rel=\"noopener\">.<\/a><\/li>\n<\/ul>\n<p>Smak <strong>ciasto jagodowe<\/strong> nadaje tej odmianie smakowy charakter, idealny dla tych, kt\u00f3rzy lubi\u0105 bogate, aromatyczne doznania.<\/p>\n<h3>Dlaczego warto kupi\u0107 Berry White Weed na <a href=\"https:\/\/pressurezone.shop\/pl\/\" target=\"_new\" rel=\"noopener\">Strefa ci\u015bnienia<\/a>?<\/h3>\n<p>Przy <strong>Strefa ci\u015bnienia<\/strong>wybieramy <strong>odmiany konopi<\/strong> dla naszych klient\u00f3w w Europie. <strong>Berry White Weed<\/strong> to jedna z naszych flagowych odmian, znana ze zr\u00f3wnowa\u017conego dzia\u0142ania i wyj\u0105tkowego profilu smakowego. Oto dlaczego warto kupowa\u0107 w\u0142a\u015bnie u nas:<\/p>\n<ul>\n<li><strong>Najwy\u017csza jako\u015b\u0107<\/strong> Nasze produkty s\u0105 testowane i gwarantuj\u0105 moc i czysto\u015b\u0107.<\/li>\n<li><strong>Zr\u00f3wnowa\u017cony wyb\u00f3r<\/strong> R\u00f3\u017cnorodno\u015b\u0107 dostosowana do potrzeb terapeutycznych i relaksacyjnych.<\/li>\n<li><strong>Fachowa obs\u0142uga klienta<\/strong> Jeste\u015bmy tutaj, aby poprowadzi\u0107 Ci\u0119 w kierunku <strong>odmiana konopi<\/strong> kt\u00f3ry spe\u0142nia Twoje oczekiwania.<\/li>\n<\/ul>\n<h3>Cz\u0119sto zadawane pytania<\/h3>\n<h4>Jakie s\u0105 g\u0142\u00f3wne efekty Berry White Weed?<\/h4>\n<p>La <strong>Odmiana Berry White Weed<\/strong> zapewnia g\u0142\u0119boki relaks i \u0142agodn\u0105 eufori\u0119. Jest idealny do relaksu, pobudzania kreatywno\u015bci i cieszenia si\u0119 dobrym samopoczuciem.<\/p>\n<h4>Czy Berry White jest odpowiedni na bezsenno\u015b\u0107?<\/h4>\n<p>Tak, Berry White jest szczeg\u00f3lnie skuteczny dla os\u00f3b cierpi\u0105cych na bezsenno\u015b\u0107, dzi\u0119ki swojemu uspokajaj\u0105cemu dzia\u0142aniu, kt\u00f3re promuje spokojny sen.<\/p>\n<h4>Jakie smaki i aromaty dominuj\u0105 w Berry White?<\/h4>\n<p>Dominuj\u0105 s\u0142odkie, owocowe smaki jag\u00f3d i bor\u00f3wek, z ziemistymi, pikantnymi aromatami, kt\u00f3re sprawiaj\u0105, \u017ce doznania s\u0105 pe\u0142ne i przyjemne.<\/p>\n<h3>Zam\u00f3w odmian\u0119 Berry White Weed online w Europie na <a href=\"https:\/\/pressurezone.shop\/pl\/\" target=\"_new\" rel=\"noopener\">Strefa ci\u015bnienia<\/a><\/h3>\n<p>Gotowy do odkrycia idealnej r\u00f3wnowagi <strong>Berry White Weed<\/strong>? <strong>Zam\u00f3w teraz<\/strong> na <a href=\"https:\/\/pressurezone.shop\/pl\/\" target=\"_new\" rel=\"noopener\">Strefa ci\u015bnienia<\/a> dla do\u015bwiadczenia <strong>odmiana konopi<\/strong> idealne dla relaksu i dobrego samopoczucia. Nasze wysokiej jako\u015bci produkty i szybka, dyskretna obs\u0142uga gwarantuj\u0105 p\u0142ynne, przyjemne zakupy online.<\/p>","protected":false},"excerpt":{"rendered":"<p>Achetez la Vari\u00e9t\u00e9 Berry White Weed en Ligne en Europe sur Pressure Zone D\u00e9couvrez Berry White Weed, \u00e9galement connue sous le nom de \u201cWhite Berry\u201d, une vari\u00e9t\u00e9 de cannabis indica dominante qui allie relaxation et euphorie. Issue de l\u2019iconique croisement entre Blueberry et White Widow, cette vari\u00e9t\u00e9 est souvent consid\u00e9r\u00e9e comme un classique par les [&hellip;]<\/p>","protected":false},"featured_media":3162,"comment_status":"closed","ping_status":"closed","template":"","meta":{"_uag_custom_page_level_css":"","site-sidebar-layout":"default","site-content-layout":"","ast-site-content-layout":"default","site-content-style":"default","site-sidebar-style":"default","ast-global-header-display":"","ast-banner-title-visibility":"","ast-main-header-display":"","ast-hfb-above-header-display":"","ast-hfb-below-header-display":"","ast-hfb-mobile-header-display":"","site-post-title":"","ast-breadcrumbs-content":"","ast-featured-img":"","footer-sml-layout":"","theme-transparent-header-meta":"default","adv-header-id-meta":"","stick-header-meta":"","header-above-stick-meta":"","header-main-stick-meta":"","header-below-stick-meta":"","astra-migrate-meta-layouts":"set","ast-page-background-enabled":"default","ast-page-background-meta":{"desktop":{"background-color":"","background-image":"","background-repeat":"repeat","background-position":"center center","background-size":"auto","background-attachment":"scroll","background-type":"","background-media":"","overlay-type":"","overlay-color":"","overlay-opacity":"","overlay-gradient":""},"tablet":{"background-color":"","background-image":"","background-repeat":"repeat","background-position":"center center","background-size":"auto","background-attachment":"scroll","background-type":"","background-media":"","overlay-type":"","overlay-color":"","overlay-opacity":"","overlay-gradient":""},"mobile":{"background-color":"","background-image":"","background-repeat":"repeat","background-position":"center center","background-size":"auto","background-attachment":"scroll","background-type":"","background-media":"","overlay-type":"","overlay-color":"","overlay-opacity":"","overlay-gradient":""}},"ast-content-background-meta":{"desktop":{"background-color":"var(--ast-global-color-5)","background-image":"","background-repeat":"repeat","background-position":"center center","background-size":"auto","background-attachment":"scroll","background-type":"","background-media":"","overlay-type":"","overlay-color":"","overlay-opacity":"","overlay-gradient":""},"tablet":{"background-color":"var(--ast-global-color-5)","background-image":"","background-repeat":"repeat","background-position":"center center","background-size":"auto","background-attachment":"scroll","background-type":"","background-media":"","overlay-type":"","overlay-color":"","overlay-opacity":"","overlay-gradient":""},"mobile":{"background-color":"var(--ast-global-color-5)","background-image":"","background-repeat":"repeat","background-position":"center center","background-size":"auto","background-attachment":"scroll","background-type":"","background-media":"","overlay-type":"","overlay-color":"","overlay-opacity":"","overlay-gradient":""}}},"product_brand":[],"product_cat":[28,278],"product_tag":[321],"class_list":{"0":"post-3075","1":"product","2":"type-product","3":"status-publish","4":"has-post-thumbnail","6":"product_cat-varietes-de-cannabis","7":"product_cat-varietes-de-marijuana-indica","8":"product_tag-order-berry-white-weed-strain-europe","9":"desktop-align-left","10":"tablet-align-left","11":"mobile-align-left","13":"first","14":"instock","15":"shipping-taxable","16":"purchasable","17":"product-type-variable"},"uagb_featured_image_src":{"full":["https:\/\/pressurezone.shop\/wp-content\/uploads\/2024\/10\/Berry-White-Weed-Strain.webp",2048,1365,false],"thumbnail":["https:\/\/pressurezone.shop\/wp-content\/uploads\/2024\/10\/Berry-White-Weed-Strain-150x150.webp",150,150,true],"medium":["https:\/\/pressurezone.shop\/wp-content\/uploads\/2024\/10\/Berry-White-Weed-Strain-300x200.webp",300,200,true],"medium_large":["https:\/\/pressurezone.shop\/wp-content\/uploads\/2024\/10\/Berry-White-Weed-Strain-768x512.webp",768,512,true],"large":["https:\/\/pressurezone.shop\/wp-content\/uploads\/2024\/10\/Berry-White-Weed-Strain-1024x683.webp",1024,683,true],"1536x1536":["https:\/\/pressurezone.shop\/wp-content\/uploads\/2024\/10\/Berry-White-Weed-Strain-1536x1024.webp",1536,1024,true],"2048x2048":["https:\/\/pressurezone.shop\/wp-content\/uploads\/2024\/10\/Berry-White-Weed-Strain.webp",2048,1365,false],"trp-custom-language-flag":["https:\/\/pressurezone.shop\/wp-content\/uploads\/2024\/10\/Berry-White-Weed-Strain-18x12.webp",18,12,true],"woocommerce_thumbnail":["https:\/\/pressurezone.shop\/wp-content\/uploads\/2024\/10\/Berry-White-Weed-Strain-300x300.webp",300,300,true],"woocommerce_single":["https:\/\/pressurezone.shop\/wp-content\/uploads\/2024\/10\/Berry-White-Weed-Strain-600x400.webp",600,400,true],"woocommerce_gallery_thumbnail":["https:\/\/pressurezone.shop\/wp-content\/uploads\/2024\/10\/Berry-White-Weed-Strain-100x100.webp",100,100,true]},"uagb_author_info":{"display_name":"pressurezone.shop","author_link":"https:\/\/pressurezone.shop\/pl\/author\/"},"uagb_comment_info":0,"uagb_excerpt":"Achetez la Vari\u00e9t\u00e9 Berry White Weed en Ligne en Europe sur Pressure Zone D\u00e9couvrez Berry White Weed, \u00e9galement connue sous le nom de \u201cWhite Berry\u201d, une vari\u00e9t\u00e9 de cannabis indica dominante qui allie relaxation et euphorie. Issue de l\u2019iconique croisement entre Blueberry et White Widow, cette vari\u00e9t\u00e9 est souvent consid\u00e9r\u00e9e comme un classique par les&hellip;","_links":{"self":[{"href":"https:\/\/pressurezone.shop\/pl\/wp-json\/wp\/v2\/product\/3075"}],"collection":[{"href":"https:\/\/pressurezone.shop\/pl\/wp-json\/wp\/v2\/product"}],"about":[{"href":"https:\/\/pressurezone.shop\/pl\/wp-json\/wp\/v2\/types\/product"}],"replies":[{"embeddable":true,"href":"https:\/\/pressurezone.shop\/pl\/wp-json\/wp\/v2\/comments?post=3075"}],"version-history":[{"count":3,"href":"https:\/\/pressurezone.shop\/pl\/wp-json\/wp\/v2\/product\/3075\/revisions"}],"predecessor-version":[{"id":3641,"href":"https:\/\/pressurezone.shop\/pl\/wp-json\/wp\/v2\/product\/3075\/revisions\/3641"}],"wp:featuredmedia":[{"embeddable":true,"href":"https:\/\/pressurezone.shop\/pl\/wp-json\/wp\/v2\/media\/3162"}],"wp:attachment":[{"href":"https:\/\/pressurezone.shop\/pl\/wp-json\/wp\/v2\/media?parent=3075"}],"wp:term":[{"taxonomy":"product_brand","embeddable":true,"href":"https:\/\/pressurezone.shop\/pl\/wp-json\/wp\/v2\/product_brand?post=3075"},{"taxonomy":"product_cat","embeddable":true,"href":"https:\/\/pressurezone.shop\/pl\/wp-json\/wp\/v2\/product_cat?post=3075"},{"taxonomy":"product_tag","embeddable":true,"href":"https:\/\/pressurezone.shop\/pl\/wp-json\/wp\/v2\/product_tag?post=3075"}],"curies":[{"name":"wp","href":"https:\/\/api.w.org\/{rel}","templated":true}]}}