{"id":3087,"date":"2024-10-11T00:50:35","date_gmt":"2024-10-10T22:50:35","guid":{"rendered":"https:\/\/pressurezone.shop\/?post_type=product&#038;p=3087"},"modified":"2024-11-02T20:24:09","modified_gmt":"2024-11-02T19:24:09","slug":"variete-allen-wrench-sativa","status":"publish","type":"product","link":"https:\/\/pressurezone.shop\/pl\/produkt\/odmiana-allen-wrench-sativa\/","title":{"rendered":"Odmiana Sativa Allen Wrench"},"content":{"rendered":"<h3><strong>Kup Allen Wrench Sativa online pod adresem <a href=\"https:\/\/pressurezone.shop\/pl\/\" target=\"_new\" rel=\"noopener\">Strefa ci\u015bnienia<\/a><\/strong><\/h3>\n<p>Odkryj niesamowite <strong>odmiana konopi Allen Wrench Sativa<\/strong>hybrydowa krzy\u017c\u00f3wka s\u0142ynnego <strong>NYC Diesel<\/strong> i <strong>Trainwreck<\/strong>. \u0141\u0105cz\u0105c najlepsze cechy tych dw\u00f3ch renomowanych odmian, Allen Wrench oferuje wyj\u0105tkowe doznania, kt\u00f3re s\u0105 zar\u00f3wno mocne, jak i orze\u017awiaj\u0105ce. Dzi\u0119ki charakterystycznemu aromatowi i \u015bwie\u017cemu, pysznemu smakowi, ta <strong>sativa<\/strong> jest idealna dla mi\u0142o\u015bnik\u00f3w konopi poszukuj\u0105cych intensywnego smaku i d\u0142ugotrwa\u0142ych efekt\u00f3w.<a href=\"https:\/\/fuelpackz.com\/\" target=\"_blank\" rel=\"noopener\">.<\/a><\/p>\n<h3>Efekty i korzy\u015bci Allen Wrench Sativa<\/h3>\n<p>La <strong>Odmiana Allen Wrench Sativa<\/strong> jest ceniona za swoje energetyzuj\u0105ce i euforyczne dzia\u0142anie. Oto, czego mo\u017cna oczekiwa\u0107 od tej wyj\u0105tkowej odmiany:<\/p>\n<ul>\n<li><strong>Energia i kreatywno\u015b\u0107<\/strong> Zwi\u0119ksza energi\u0119 i poprawia koncentracj\u0119, idealny do kreatywnych dzia\u0142a\u0144.<\/li>\n<li><strong>Euforia i szcz\u0119\u015bcie<\/strong> Pomaga poprawi\u0107 nastr\u00f3j i zapewnia dobre samopoczucie.<\/li>\n<li><strong>Trwa\u0142y efekt<\/strong> Esencja tej odmiany utrzymuje si\u0119 w pomieszczeniu przez wiele godzin, tworz\u0105c koj\u0105c\u0105 atmosfer\u0119.<\/li>\n<\/ul>\n<p>Z zawarto\u015bci\u0105 THC wynosz\u0105c\u0105 21%, jest to <strong>Odmiana konopi Allen Wrench<\/strong> jest zalecany dla os\u00f3b, kt\u00f3re chc\u0105 pobudzi\u0107 swoj\u0105 kreatywno\u015b\u0107, poprawi\u0107 nastr\u00f3j i zachowa\u0107 czujno\u015b\u0107 przez ca\u0142y dzie\u0144.<\/p>\n<h3>Unikalne smaki i aromaty<\/h3>\n<p>La <strong>Odmiana konopi Allen Wrench<\/strong> oferuje niezapomniane po\u0142\u0105czenie smak\u00f3w i aromat\u00f3w:<\/p>\n<ul>\n<li><strong>Smaki<\/strong> Mieszanka <strong>cytrusowy, pomara\u0144czowy, sosnowy, s\u0142odki i drzewny<\/strong>o czystym, orze\u017awiaj\u0105cym smaku.<\/li>\n<li><strong>Zapachy<\/strong> Z\u0142o\u017cony zapach \u0142\u0105cz\u0105cy nuty <strong>ziemisty, kwiatowy, owocowy, kwa\u015bny i s\u0142odki<\/strong>kt\u00f3ry pozostawia trwa\u0142e wra\u017cenie w przestrzeni.<\/li>\n<\/ul>\n<p>Z notatkami od <strong>skunky i grejpfrut<\/strong>Aromat Allen Wrench jest intensywny i przyjemny, idealny dla os\u00f3b lubi\u0105cych mocne, orze\u017awiaj\u0105ce zapachy.<\/p>\n<h3>Potencjalne korzy\u015bci zdrowotne<\/h3>\n<p>Allen Wrench Sativa jest cz\u0119sto wybierana ze wzgl\u0119du na swoje korzystne dzia\u0142anie w leczeniu r\u00f3\u017cnych dolegliwo\u015bci:<\/p>\n<ul>\n<li><strong>Poprawia apetyt i nastr\u00f3j<\/strong> Pobudza apetyt i pomaga zmniejszy\u0107 wahania nastroju.<\/li>\n<li><strong>Zwi\u0119ksza energi\u0119 i czujno\u015b\u0107<\/strong> Idealny na pracowite dni, kiedy niezb\u0119dna jest energia i jasno\u015b\u0107 umys\u0142u.<\/li>\n<li><strong>Redukcja stresu i niepokoju<\/strong> \u0141agodzi napi\u0119cie i zapewnia uczucie psychicznego spokoju.<\/li>\n<\/ul>\n<p>To <strong>odmiana konopi<\/strong> jest r\u00f3wnie\u017c stosowany w \u0142agodzeniu objaw\u00f3w takich jak ADD\/ADHD, zm\u0119czenie, migreny, przewlek\u0142y b\u00f3l, a nawet bezsenno\u015b\u0107.<\/p>\n<h3>Dlaczego warto kupi\u0107 Allen Wrench Sativa na <a href=\"https:\/\/pressurezone.shop\/pl\/\" target=\"_new\" rel=\"noopener\">Strefa ci\u015bnienia<\/a>?<\/h3>\n<p>Przy <strong>Strefa ci\u015bnienia<\/strong>Jeste\u015bmy zobowi\u0105zani do zapewnienia <strong>odmiany konopi<\/strong> najwy\u017cszej jako\u015bci. Nasze produkty s\u0105 testowane w celu zapewnienia maksymalnej czysto\u015bci i skuteczno\u015bci. <strong>Odmiana klucza imbusowego<\/strong> nie jest wyj\u0105tkiem. Wybieraj\u0105c u nas klucz imbusowy, zyskujesz :<\/p>\n<ul>\n<li><strong>Najwy\u017csza jako\u015b\u0107<\/strong> Starannie uprawiana i kontrolowana odmiana zapewniaj\u0105ca optymalne doznania.<\/li>\n<li><strong>Staranny wyb\u00f3r<\/strong> Allen Wrench Sativa to wyj\u0105tkowa odmiana dla os\u00f3b poszukuj\u0105cych zar\u00f3wno energii, jak i dobrego samopoczucia.<\/li>\n<li><strong>Dedykowana obs\u0142uga klienta<\/strong> Jeste\u015bmy tutaj, aby pom\u00f3c Ci wybra\u0107 odmian\u0119, kt\u00f3ra najlepiej odpowiada Twoim potrzebom.<\/li>\n<\/ul>\n<h3>Cz\u0119sto zadawane pytania<\/h3>\n<h4>Jakie s\u0105 g\u0142\u00f3wne efekty dzia\u0142ania Allen Wrench Sativa?<\/h4>\n<p>Odmiana ta jest energetyzuj\u0105ca i euforyczna, idealna do stymulowania kreatywno\u015bci i utrzymania koncentracji. Zapewnia r\u00f3wnie\u017c d\u0142ugotrwa\u0142e uczucie szcz\u0119\u015bcia.<\/p>\n<h4>Czy klucz imbusowy mo\u017ce by\u0107 u\u017cywany do u\u015bmierzania b\u00f3lu?<\/h4>\n<p>Tak, Allen Wrench jest stosowany do \u0142agodzenia r\u00f3\u017cnych objaw\u00f3w, w tym przewlek\u0142ego b\u00f3lu, depresji i migreny.<\/p>\n<h4>Jakie aromaty dominuj\u0105 w tej odmianie?<\/h4>\n<p>Odmiana Allen Wrench Sativa wyr\u00f3\u017cnia si\u0119 swoim aromatem. <strong>ziemisty, kwiatowy i owocowy<\/strong>. Jest zar\u00f3wno mocny, jak i przyjemny, oferuj\u0105c pe\u0142ne doznania sensoryczne.<\/p>\n<h3>Zam\u00f3w Allen Wrench Sativa online pod adresem <a href=\"https:\/\/pressurezone.shop\/pl\/\" target=\"_new\" rel=\"noopener\">Strefa ci\u015bnienia<\/a><\/h3>\n<p>Gotowy, aby odkry\u0107 moc i zalety Allen Wrench Sativa? <strong>Zam\u00f3w teraz<\/strong> na <a href=\"https:\/\/pressurezone.shop\/pl\/\" target=\"_new\" rel=\"noopener\">Strefa ci\u015bnienia<\/a> cieszy\u0107 si\u0119 <strong>odmiana konopi<\/strong> kt\u00f3re podnios\u0105 Ci\u0119 na duchu i przywr\u00f3c\u0105 energi\u0119. Nasze wysokiej jako\u015bci produkty i szybka, dyskretna obs\u0142uga gwarantuj\u0105 beztroskie zakupy.<\/p>","protected":false},"excerpt":{"rendered":"<p>THC: 19-22%<\/p>","protected":false},"featured_media":3169,"comment_status":"closed","ping_status":"closed","template":"","meta":{"_uag_custom_page_level_css":"","site-sidebar-layout":"default","site-content-layout":"","ast-site-content-layout":"default","site-content-style":"default","site-sidebar-style":"default","ast-global-header-display":"","ast-banner-title-visibility":"","ast-main-header-display":"","ast-hfb-above-header-display":"","ast-hfb-below-header-display":"","ast-hfb-mobile-header-display":"","site-post-title":"","ast-breadcrumbs-content":"","ast-featured-img":"","footer-sml-layout":"","theme-transparent-header-meta":"default","adv-header-id-meta":"","stick-header-meta":"","header-above-stick-meta":"","header-main-stick-meta":"","header-below-stick-meta":"","astra-migrate-meta-layouts":"set","ast-page-background-enabled":"default","ast-page-background-meta":{"desktop":{"background-color":"","background-image":"","background-repeat":"repeat","background-position":"center center","background-size":"auto","background-attachment":"scroll","background-type":"","background-media":"","overlay-type":"","overlay-color":"","overlay-opacity":"","overlay-gradient":""},"tablet":{"background-color":"","background-image":"","background-repeat":"repeat","background-position":"center center","background-size":"auto","background-attachment":"scroll","background-type":"","background-media":"","overlay-type":"","overlay-color":"","overlay-opacity":"","overlay-gradient":""},"mobile":{"background-color":"","background-image":"","background-repeat":"repeat","background-position":"center center","background-size":"auto","background-attachment":"scroll","background-type":"","background-media":"","overlay-type":"","overlay-color":"","overlay-opacity":"","overlay-gradient":""}},"ast-content-background-meta":{"desktop":{"background-color":"var(--ast-global-color-5)","background-image":"","background-repeat":"repeat","background-position":"center center","background-size":"auto","background-attachment":"scroll","background-type":"","background-media":"","overlay-type":"","overlay-color":"","overlay-opacity":"","overlay-gradient":""},"tablet":{"background-color":"var(--ast-global-color-5)","background-image":"","background-repeat":"repeat","background-position":"center center","background-size":"auto","background-attachment":"scroll","background-type":"","background-media":"","overlay-type":"","overlay-color":"","overlay-opacity":"","overlay-gradient":""},"mobile":{"background-color":"var(--ast-global-color-5)","background-image":"","background-repeat":"repeat","background-position":"center center","background-size":"auto","background-attachment":"scroll","background-type":"","background-media":"","overlay-type":"","overlay-color":"","overlay-opacity":"","overlay-gradient":""}}},"product_brand":[],"product_cat":[28,273],"product_tag":[323],"class_list":{"0":"post-3087","1":"product","2":"type-product","3":"status-publish","4":"has-post-thumbnail","6":"product_cat-varietes-de-cannabis","7":"product_cat-varietes-de-cannabis-sativa","8":"product_tag-buy-allen-wrench-sativa-strain-online-europ","9":"desktop-align-left","10":"tablet-align-left","11":"mobile-align-left","13":"first","14":"instock","15":"shipping-taxable","16":"purchasable","17":"product-type-variable"},"uagb_featured_image_src":{"full":["https:\/\/pressurezone.shop\/wp-content\/uploads\/2024\/10\/Allen-Wrench-Sativa-Strain.webp",2560,1707,false],"thumbnail":["https:\/\/pressurezone.shop\/wp-content\/uploads\/2024\/10\/Allen-Wrench-Sativa-Strain-150x150.webp",150,150,true],"medium":["https:\/\/pressurezone.shop\/wp-content\/uploads\/2024\/10\/Allen-Wrench-Sativa-Strain-300x200.webp",300,200,true],"medium_large":["https:\/\/pressurezone.shop\/wp-content\/uploads\/2024\/10\/Allen-Wrench-Sativa-Strain-768x512.webp",768,512,true],"large":["https:\/\/pressurezone.shop\/wp-content\/uploads\/2024\/10\/Allen-Wrench-Sativa-Strain-1024x683.webp",1024,683,true],"1536x1536":["https:\/\/pressurezone.shop\/wp-content\/uploads\/2024\/10\/Allen-Wrench-Sativa-Strain-1536x1024.webp",1536,1024,true],"2048x2048":["https:\/\/pressurezone.shop\/wp-content\/uploads\/2024\/10\/Allen-Wrench-Sativa-Strain-2048x1366.webp",2048,1366,true],"trp-custom-language-flag":["https:\/\/pressurezone.shop\/wp-content\/uploads\/2024\/10\/Allen-Wrench-Sativa-Strain-18x12.webp",18,12,true],"woocommerce_thumbnail":["https:\/\/pressurezone.shop\/wp-content\/uploads\/2024\/10\/Allen-Wrench-Sativa-Strain-300x300.webp",300,300,true],"woocommerce_single":["https:\/\/pressurezone.shop\/wp-content\/uploads\/2024\/10\/Allen-Wrench-Sativa-Strain-600x400.webp",600,400,true],"woocommerce_gallery_thumbnail":["https:\/\/pressurezone.shop\/wp-content\/uploads\/2024\/10\/Allen-Wrench-Sativa-Strain-100x100.webp",100,100,true]},"uagb_author_info":{"display_name":"pressurezone.shop","author_link":"https:\/\/pressurezone.shop\/pl\/author\/"},"uagb_comment_info":0,"uagb_excerpt":"THC: 19-22%","_links":{"self":[{"href":"https:\/\/pressurezone.shop\/pl\/wp-json\/wp\/v2\/product\/3087"}],"collection":[{"href":"https:\/\/pressurezone.shop\/pl\/wp-json\/wp\/v2\/product"}],"about":[{"href":"https:\/\/pressurezone.shop\/pl\/wp-json\/wp\/v2\/types\/product"}],"replies":[{"embeddable":true,"href":"https:\/\/pressurezone.shop\/pl\/wp-json\/wp\/v2\/comments?post=3087"}],"version-history":[{"count":3,"href":"https:\/\/pressurezone.shop\/pl\/wp-json\/wp\/v2\/product\/3087\/revisions"}],"predecessor-version":[{"id":3617,"href":"https:\/\/pressurezone.shop\/pl\/wp-json\/wp\/v2\/product\/3087\/revisions\/3617"}],"wp:featuredmedia":[{"embeddable":true,"href":"https:\/\/pressurezone.shop\/pl\/wp-json\/wp\/v2\/media\/3169"}],"wp:attachment":[{"href":"https:\/\/pressurezone.shop\/pl\/wp-json\/wp\/v2\/media?parent=3087"}],"wp:term":[{"taxonomy":"product_brand","embeddable":true,"href":"https:\/\/pressurezone.shop\/pl\/wp-json\/wp\/v2\/product_brand?post=3087"},{"taxonomy":"product_cat","embeddable":true,"href":"https:\/\/pressurezone.shop\/pl\/wp-json\/wp\/v2\/product_cat?post=3087"},{"taxonomy":"product_tag","embeddable":true,"href":"https:\/\/pressurezone.shop\/pl\/wp-json\/wp\/v2\/product_tag?post=3087"}],"curies":[{"name":"wp","href":"https:\/\/api.w.org\/{rel}","templated":true}]}}