{"id":3088,"date":"2024-10-11T00:50:35","date_gmt":"2024-10-10T22:50:35","guid":{"rendered":"https:\/\/pressurezone.shop\/?post_type=product&#038;p=3088"},"modified":"2024-11-02T22:18:23","modified_gmt":"2024-11-02T21:18:23","slug":"ghost-train-haze-weed-strain","status":"publish","type":"product","link":"https:\/\/pressurezone.shop\/pl\/produkt\/odmiana-marihuany-ghost-train-haze\/","title":{"rendered":"Odmiana zi\u00f3\u0142 Ghost Train Haze"},"content":{"rendered":"<h3><strong>Kup Ghost Train Haze Weed Strain online w Europie na <a href=\"https:\/\/pressurezone.shop\/pl\/\" target=\"_new\" rel=\"noopener\">Strefa ci\u015bnienia<\/a><\/strong><\/h3>\n<p>Odkryj <strong>Odmiana zi\u00f3\u0142 Ghost Train Haze<\/strong>a <strong>odmiana konopi<\/strong> Legendarny wynik pot\u0119\u017cnego skrzy\u017cowania <strong>Ghost OG<\/strong> i <strong>Wrak Neville'a<\/strong>. Dzi\u0119ki wyj\u0105tkowo wysokiej zawarto\u015bci THC, odmiana ta jest g\u0142\u00f3wnie sativ\u0105 (80% sativa \/ 20% indica), oferuj\u0105c intensywne doznania, kt\u00f3re nie s\u0105 zalecane dla nowicjuszy lub os\u00f3b cierpi\u0105cych na stany l\u0119kowe. Ghost Train Haze znana jest z pobudzaj\u0105cych i euforycznych efekt\u00f3w, idealnych dla os\u00f3b poszukuj\u0105cych zastrzyku kreatywno\u015bci i energii.<a href=\"https:\/\/fuelpackz.com\/\" target=\"_blank\" rel=\"noopener\">.<\/a><\/p>\n<h3>Efekty i zalety odmiany zi\u00f3\u0142 Ghost Train Haze<\/h3>\n<p>La <strong>Odmiana chwast\u00f3w Ghost Train Haze<\/strong> s\u0142ynie z intensywnych, d\u0142ugotrwa\u0142ych efekt\u00f3w m\u00f3zgowych, kt\u00f3re pobudzaj\u0105 zmys\u0142y i stymuluj\u0105 umys\u0142:<\/p>\n<ul>\n<li><strong>Jasno\u015b\u0107 umys\u0142u i kreatywno\u015b\u0107<\/strong> Zach\u0119ca do koncentracji i inspiruje kreatywno\u015b\u0107, idealna do projekt\u00f3w artystycznych.<\/li>\n<li><strong>Energia i euforia<\/strong> Zapewnia energetyzuj\u0105cy haj, kt\u00f3ry poprawia nastr\u00f3j i wywo\u0142uje g\u0142o\u015bny \u015bmiech.<\/li>\n<li><strong>Efekt psychodeliczny<\/strong> W du\u017cych dawkach mo\u017ce wywo\u0142ywa\u0107 niemal halucynacyjne doznania, idealne dla poszukiwaczy mocnych wra\u017ce\u0144.<\/li>\n<\/ul>\n<p>Dzi\u0119ki jego <strong>Silny profil sativy<\/strong>Ghost Train Haze jest idealna do stosowania w ci\u0105gu dnia, z pobudzaj\u0105cymi efektami, kt\u00f3re zwi\u0119kszaj\u0105 energi\u0119 i nastr\u00f3j.<\/p>\n<h3>Korzy\u015bci terapeutyczne odmiany marihuany Ghost Train Haze<\/h3>\n<p>Ghost Train Haze jest cz\u0119sto wybierana ze wzgl\u0119du na swoje w\u0142a\u015bciwo\u015bci terapeutyczne, w szczeg\u00f3lno\u015bci w celu \u0142agodzenia r\u00f3\u017cnych objaw\u00f3w psychicznych i fizycznych:<\/p>\n<ul>\n<li><strong>Zmniejsza depresj\u0119 i stres<\/strong> Uspokaja umys\u0142 i promuje dobre samopoczucie, \u0142agodz\u0105c depresj\u0119 i stres.<\/li>\n<li><strong>Ulga w przewlek\u0142ym b\u00f3lu i migrenach<\/strong> Skuteczny w walce z uporczywym b\u00f3lem, idealny do \u0142agodzenia zapalenia staw\u00f3w i migreny.<\/li>\n<li><strong>Energia przeciw zm\u0119czeniu<\/strong> Daje zastrzyk energii psychicznej, idealny do walki z chronicznym zm\u0119czeniem.<\/li>\n<\/ul>\n<p>To <strong>odmiana konopi<\/strong> jest idealny dla tych, kt\u00f3rzy szukaj\u0105 pobudzenia psychicznego i fizycznego bez efekt\u00f3w uspokajaj\u0105cych, ale nale\u017cy go przyjmowa\u0107 ostro\u017cnie, aby unikn\u0105\u0107 paranoi u wra\u017cliwych u\u017cytkownik\u00f3w.<\/p>\n<h3>Smaki i aromaty Ghost Train Haze<\/h3>\n<p>Ghost Train Haze oferuje odwa\u017cne doznania sensoryczne ze \u015bwie\u017cymi, \u017cywymi smakami i aromatami:<\/p>\n<ul>\n<li><strong>Smaki<\/strong> S\u0142odki smak cytryny i cytrus\u00f3w z subteln\u0105 s\u0142odycz\u0105, kt\u00f3ra orze\u017awia.<\/li>\n<li><strong>Zapachy<\/strong> Kwiatowy, ziemisty zapach, wzmocniony nutami kwa\u015bnych cytrus\u00f3w i sosny, tworz\u0105cy mocny, d\u0142ugotrwa\u0142y aromat.<\/li>\n<\/ul>\n<p>Te <strong>wyj\u0105tkowe smaki i aromaty<\/strong> sprawia, \u017ce ka\u017cde zaci\u0105gni\u0119cie si\u0119 Ghost Train Haze jest niezapomnianym prze\u017cyciem dla fan\u00f3w intensywnych, pikantnych smak\u00f3w.<\/p>\n<h3>Dlaczego warto kupi\u0107 Ghost Train Haze Weed Strain na <a href=\"https:\/\/pressurezone.shop\/pl\/\" target=\"_new\" rel=\"noopener\">Strefa ci\u015bnienia<\/a>?<\/h3>\n<p>Przy <strong>Strefa ci\u015bnienia<\/strong>oferujemy <strong>odmiany konopi<\/strong> Starannie dobrane i przetestowane, aby zapewni\u0107 wyj\u0105tkowe wra\u017cenia. <strong>Odmiana zi\u00f3\u0142 Ghost Train Haze<\/strong> jest jedn\u0105 z naszych flagowych odmian ze wzgl\u0119du na jej pot\u0119\u017cne efekty i intensywny smak. Oto dlaczego warto wybra\u0107 Pressure Zone:<\/p>\n<ul>\n<li><strong>Wysokiej jako\u015bci<\/strong> Nasze produkty s\u0105 rygorystycznie testowane, aby zagwarantowa\u0107 czysto\u015b\u0107 i moc.<\/li>\n<li><strong>Dzia\u0142anie pobudzaj\u0105ce i energetyzuj\u0105ce<\/strong> Idealny na chwile kreatywno\u015bci i koncentracji.<\/li>\n<li><strong>Dedykowana obs\u0142uga klienta<\/strong> Jeste\u015bmy dost\u0119pni, aby pom\u00f3c Ci znale\u017a\u0107 odpowiedni <strong>odmiana konopi<\/strong> kt\u00f3ry najlepiej spe\u0142nia Twoje potrzeby.<\/li>\n<\/ul>\n<h3>Cz\u0119sto zadawane pytania<\/h3>\n<h4>Jakie s\u0105 g\u0142\u00f3wne efekty dzia\u0142ania odmiany marihuany Ghost Train Haze?<\/h4>\n<p>Ghost Train Haze zapewnia energetyzuj\u0105cy, euforyczny haj, idealny do kreatywno\u015bci i spotka\u0144 towarzyskich. Jest idealna dla do\u015bwiadczonych u\u017cytkownik\u00f3w poszukuj\u0105cych intensywnych dozna\u0144.<\/p>\n<h4>Czy Ghost Train Haze jest skuteczny w \u0142agodzeniu b\u00f3lu i depresji?<\/h4>\n<p>Tak, to <strong>odmiana konopi<\/strong> jest doskona\u0142y w zmniejszaniu depresji, \u0142agodzeniu przewlek\u0142ego b\u00f3lu i promowaniu pozytywnego stanu umys\u0142u.<\/p>\n<h4>Jakie smaki i aromaty dominuj\u0105 w Ghost Train Haze?<\/h4>\n<p>Ghost Train Haze oferuje s\u0142odki cytrynowy i cytrusowy smak, kt\u00f3remu towarzysz\u0105 kwiatowe i ziemiste aromaty z nut\u0105 sosny.<\/p>\n<h3>Zam\u00f3w Ghost Train Haze Weed Strain online w Europie pod adresem <a href=\"https:\/\/pressurezone.shop\/pl\/\" target=\"_new\" rel=\"noopener\">Strefa ci\u015bnienia<\/a><\/h3>\n<p>Gotowy, by odkry\u0107 intensywne do\u015bwiadczenie <strong>Odmiana zi\u00f3\u0142 Ghost Train Haze<\/strong>? <strong>Zam\u00f3w teraz<\/strong> na <a href=\"https:\/\/pressurezone.shop\/pl\/\" target=\"_new\" rel=\"noopener\">Strefa ci\u015bnienia<\/a> dla do\u015bwiadczenia <strong>odmiana konopi<\/strong> idealny do stymulowania umys\u0142u i cieszenia si\u0119 pot\u0119\u017cnym hajem. Dzi\u0119ki naszej szybkiej i dyskretnej us\u0142udze dostawy zakupy online s\u0105 proste i bezpieczne.<\/p>\n<h4><\/h4>","protected":false},"excerpt":{"rendered":"<p>Achetez la Vari\u00e9t\u00e9 Ghost Train Haze Weed Strain en Ligne en Europe sur Pressure Zone D\u00e9couvrez Ghost Train Haze Weed Strain, une vari\u00e9t\u00e9 de cannabis l\u00e9gendaire issue d\u2019un croisement puissant entre Ghost OG et Neville\u2019s Wreck. Avec un taux de THC exceptionnellement \u00e9lev\u00e9, cette vari\u00e9t\u00e9 est principalement sativa (80% sativa \/ 20% indica), offrant une [&hellip;]<\/p>","protected":false},"featured_media":3171,"comment_status":"closed","ping_status":"closed","template":"","meta":{"_uag_custom_page_level_css":"","site-sidebar-layout":"default","site-content-layout":"","ast-site-content-layout":"default","site-content-style":"default","site-sidebar-style":"default","ast-global-header-display":"","ast-banner-title-visibility":"","ast-main-header-display":"","ast-hfb-above-header-display":"","ast-hfb-below-header-display":"","ast-hfb-mobile-header-display":"","site-post-title":"","ast-breadcrumbs-content":"","ast-featured-img":"","footer-sml-layout":"","theme-transparent-header-meta":"default","adv-header-id-meta":"","stick-header-meta":"","header-above-stick-meta":"","header-main-stick-meta":"","header-below-stick-meta":"","astra-migrate-meta-layouts":"set","ast-page-background-enabled":"default","ast-page-background-meta":{"desktop":{"background-color":"","background-image":"","background-repeat":"repeat","background-position":"center center","background-size":"auto","background-attachment":"scroll","background-type":"","background-media":"","overlay-type":"","overlay-color":"","overlay-opacity":"","overlay-gradient":""},"tablet":{"background-color":"","background-image":"","background-repeat":"repeat","background-position":"center center","background-size":"auto","background-attachment":"scroll","background-type":"","background-media":"","overlay-type":"","overlay-color":"","overlay-opacity":"","overlay-gradient":""},"mobile":{"background-color":"","background-image":"","background-repeat":"repeat","background-position":"center center","background-size":"auto","background-attachment":"scroll","background-type":"","background-media":"","overlay-type":"","overlay-color":"","overlay-opacity":"","overlay-gradient":""}},"ast-content-background-meta":{"desktop":{"background-color":"var(--ast-global-color-5)","background-image":"","background-repeat":"repeat","background-position":"center center","background-size":"auto","background-attachment":"scroll","background-type":"","background-media":"","overlay-type":"","overlay-color":"","overlay-opacity":"","overlay-gradient":""},"tablet":{"background-color":"var(--ast-global-color-5)","background-image":"","background-repeat":"repeat","background-position":"center center","background-size":"auto","background-attachment":"scroll","background-type":"","background-media":"","overlay-type":"","overlay-color":"","overlay-opacity":"","overlay-gradient":""},"mobile":{"background-color":"var(--ast-global-color-5)","background-image":"","background-repeat":"repeat","background-position":"center center","background-size":"auto","background-attachment":"scroll","background-type":"","background-media":"","overlay-type":"","overlay-color":"","overlay-opacity":"","overlay-gradient":""}}},"product_brand":[],"product_cat":[28,273],"product_tag":[324],"class_list":{"0":"post-3088","1":"product","2":"type-product","3":"status-publish","4":"has-post-thumbnail","6":"product_cat-varietes-de-cannabis","7":"product_cat-varietes-de-cannabis-sativa","8":"product_tag-buy-ghost-train-haze-weed-strain-online-europe","9":"desktop-align-left","10":"tablet-align-left","11":"mobile-align-left","13":"first","14":"instock","15":"shipping-taxable","16":"purchasable","17":"product-type-variable"},"uagb_featured_image_src":{"full":["https:\/\/pressurezone.shop\/wp-content\/uploads\/2024\/10\/Ghost-Train-Haze-Weed-Strain.webp",2560,1707,false],"thumbnail":["https:\/\/pressurezone.shop\/wp-content\/uploads\/2024\/10\/Ghost-Train-Haze-Weed-Strain-150x150.webp",150,150,true],"medium":["https:\/\/pressurezone.shop\/wp-content\/uploads\/2024\/10\/Ghost-Train-Haze-Weed-Strain-300x200.webp",300,200,true],"medium_large":["https:\/\/pressurezone.shop\/wp-content\/uploads\/2024\/10\/Ghost-Train-Haze-Weed-Strain-768x512.webp",768,512,true],"large":["https:\/\/pressurezone.shop\/wp-content\/uploads\/2024\/10\/Ghost-Train-Haze-Weed-Strain-1024x683.webp",1024,683,true],"1536x1536":["https:\/\/pressurezone.shop\/wp-content\/uploads\/2024\/10\/Ghost-Train-Haze-Weed-Strain-1536x1024.webp",1536,1024,true],"2048x2048":["https:\/\/pressurezone.shop\/wp-content\/uploads\/2024\/10\/Ghost-Train-Haze-Weed-Strain-2048x1366.webp",2048,1366,true],"trp-custom-language-flag":["https:\/\/pressurezone.shop\/wp-content\/uploads\/2024\/10\/Ghost-Train-Haze-Weed-Strain-18x12.webp",18,12,true],"woocommerce_thumbnail":["https:\/\/pressurezone.shop\/wp-content\/uploads\/2024\/10\/Ghost-Train-Haze-Weed-Strain-300x300.webp",300,300,true],"woocommerce_single":["https:\/\/pressurezone.shop\/wp-content\/uploads\/2024\/10\/Ghost-Train-Haze-Weed-Strain-600x400.webp",600,400,true],"woocommerce_gallery_thumbnail":["https:\/\/pressurezone.shop\/wp-content\/uploads\/2024\/10\/Ghost-Train-Haze-Weed-Strain-100x100.webp",100,100,true]},"uagb_author_info":{"display_name":"pressurezone.shop","author_link":"https:\/\/pressurezone.shop\/pl\/author\/"},"uagb_comment_info":0,"uagb_excerpt":"Achetez la Vari\u00e9t\u00e9 Ghost Train Haze Weed Strain en Ligne en Europe sur Pressure Zone D\u00e9couvrez Ghost Train Haze Weed Strain, une vari\u00e9t\u00e9 de cannabis l\u00e9gendaire issue d\u2019un croisement puissant entre Ghost OG et Neville\u2019s Wreck. Avec un taux de THC exceptionnellement \u00e9lev\u00e9, cette vari\u00e9t\u00e9 est principalement sativa (80% sativa \/ 20% indica), offrant une&hellip;","_links":{"self":[{"href":"https:\/\/pressurezone.shop\/pl\/wp-json\/wp\/v2\/product\/3088"}],"collection":[{"href":"https:\/\/pressurezone.shop\/pl\/wp-json\/wp\/v2\/product"}],"about":[{"href":"https:\/\/pressurezone.shop\/pl\/wp-json\/wp\/v2\/types\/product"}],"replies":[{"embeddable":true,"href":"https:\/\/pressurezone.shop\/pl\/wp-json\/wp\/v2\/comments?post=3088"}],"version-history":[{"count":2,"href":"https:\/\/pressurezone.shop\/pl\/wp-json\/wp\/v2\/product\/3088\/revisions"}],"predecessor-version":[{"id":3776,"href":"https:\/\/pressurezone.shop\/pl\/wp-json\/wp\/v2\/product\/3088\/revisions\/3776"}],"wp:featuredmedia":[{"embeddable":true,"href":"https:\/\/pressurezone.shop\/pl\/wp-json\/wp\/v2\/media\/3171"}],"wp:attachment":[{"href":"https:\/\/pressurezone.shop\/pl\/wp-json\/wp\/v2\/media?parent=3088"}],"wp:term":[{"taxonomy":"product_brand","embeddable":true,"href":"https:\/\/pressurezone.shop\/pl\/wp-json\/wp\/v2\/product_brand?post=3088"},{"taxonomy":"product_cat","embeddable":true,"href":"https:\/\/pressurezone.shop\/pl\/wp-json\/wp\/v2\/product_cat?post=3088"},{"taxonomy":"product_tag","embeddable":true,"href":"https:\/\/pressurezone.shop\/pl\/wp-json\/wp\/v2\/product_tag?post=3088"}],"curies":[{"name":"wp","href":"https:\/\/api.w.org\/{rel}","templated":true}]}}