{"id":3089,"date":"2024-10-11T00:50:35","date_gmt":"2024-10-10T22:50:35","guid":{"rendered":"https:\/\/pressurezone.shop\/?post_type=product&#038;p=3089"},"modified":"2024-11-03T01:12:01","modified_gmt":"2024-11-03T00:12:01","slug":"grape-god-marijuana-strain","status":"publish","type":"product","link":"https:\/\/pressurezone.shop\/pl\/produkt\/odmiana-marihuany-grape-god\/","title":{"rendered":"Odmiana marihuany Grape God"},"content":{"rendered":"<h3><strong>Kup szczep marihuany Grape God online pod adresem <a href=\"https:\/\/pressurezone.shop\/pl\/\" target=\"_new\" rel=\"noopener\">Sklep ze strefami ci\u015bnieniowymi<\/a><\/strong><\/h3>\n<p>Odkryj <strong>Odmiana marihuany Grape God<\/strong>idealne po\u0142\u0105czenie s\u0142ynnego <strong>God Bud<\/strong> (indica) i <strong>Grejpfrut<\/strong> (sativa), oferuj\u0105c subteln\u0105, ale siln\u0105 dominacj\u0119 sativy. Idealna do codziennego u\u017cytku, odmiana ta zapewnia orze\u017awiaj\u0105cy haj m\u00f3zgowy, kt\u00f3ry \u0142\u0105czy relaks i koncentracj\u0119, idealny do radzenia sobie z l\u0119kiem i przewlek\u0142ym b\u00f3lem.<\/p>\n<h3>Dlaczego warto wybra\u0107 szczep marihuany Grape God?<\/h3>\n<p>La <strong>Odmiana chwast\u00f3w Grape God<\/strong> wyr\u00f3\u017cnia si\u0119 s\u0142odkim, owocowym profilem smakowym, z intensywnym smakiem winogron oraz nutami grejpfruta i przypraw. Z <strong>THC umiarkowane do 14%<\/strong> i niski <strong>CBD (0,6%)<\/strong>Zapewnia zr\u00f3wnowa\u017cony, koj\u0105cy haj. Dominacja Sativy sprawia, \u017ce jest to odmiana wybierana przez u\u017cytkownik\u00f3w poszukuj\u0105cych psychicznego uniesienia bez ci\u0119\u017cko\u015bci niekt\u00f3rych indic.<a href=\"https:\/\/fuelpackz.com\/\" target=\"_blank\" rel=\"noopener\">.<\/a><\/p>\n<ul>\n<li><strong>Typ<\/strong> Hybrydowa dominuj\u0105ca sativa<\/li>\n<li><strong>THC<\/strong> : 14%<\/li>\n<li><strong>CBD<\/strong> : 0,6%<\/li>\n<\/ul>\n<h3>Efekty i korzy\u015bci Grape God Weed Strain<\/h3>\n<p><strong>B\u00f3g winogron<\/strong> s\u0142ynie z koj\u0105cych, euforycznych efekt\u00f3w, kt\u00f3re pomagaj\u0105 zwalcza\u0107 niepok\u00f3j i b\u00f3l, zapewniaj\u0105c jednocze\u015bnie uczucie szcz\u0119\u015bcia i energii. Doskona\u0142a r\u00f3wnowaga mi\u0119dzy relaksacj\u0105 fizyczn\u0105 a stymulacj\u0105 umys\u0142ow\u0105 czyni j\u0105 idealn\u0105 dla u\u017cytkownik\u00f3w poszukuj\u0105cych delikatnego, ale wyra\u017anego pobudzenia.<\/p>\n<ul>\n<li><strong>Efekty<\/strong> Energetyzuj\u0105cy, Euforia, Szcz\u0119\u015bcie, O\u017cywczy<\/li>\n<li><strong>Zalecane dla<\/strong> Przewlek\u0142y b\u00f3l, depresja, bezsenno\u015b\u0107, stres, migreny, nudno\u015bci<\/li>\n<\/ul>\n<p>Warunki, kt\u00f3re mo\u017cna z\u0142agodzi\u0107 za pomoc\u0105 <strong>B\u00f3g winogron<\/strong> :<\/p>\n<ul>\n<li><strong>Przewlek\u0142y b\u00f3l i zapalenie staw\u00f3w<\/strong> \u0141agodzi uporczywy b\u00f3l i sprzyja relaksacji.<\/li>\n<li><strong>Depresja i zaburzenia nastroju<\/strong> Przynosi uczucie umys\u0142owej lekko\u015bci i euforii.<\/li>\n<li><strong>Bezsenno\u015b\u0107 i stres<\/strong> Wspomaga g\u0142\u0119boki relaks i spokojny sen.<\/li>\n<\/ul>\n<h3>Smaki i aromaty Grape God Weed Strain<\/h3>\n<p>Mi\u0142o\u015bnicy marihuany pokochaj\u0105 <strong>Szczep Grape God<\/strong> i jego aromatyczna mieszanka. Oferuje niezapomniany profil smakowy, oscyluj\u0105cy mi\u0119dzy czerwonymi owocami, przyprawami i ziemistymi aromatami. Ka\u017cde zaci\u0105gni\u0119cie unosi Ci\u0119 w wir owocowej s\u0142odyczy i pikantnych nut.<\/p>\n<ul>\n<li><strong>Smaki<\/strong> Winogronowy, Grejpfrutowy, Pikantny, S\u0142odki<\/li>\n<li><strong>Zapachy<\/strong> Ziemisty, Winogronowy, S\u0142odki, Pikantny<\/li>\n<\/ul>\n<h3>Wygl\u0105d odmiany chwast\u00f3w Grape God<\/h3>\n<p>La <strong>B\u00f3g winogron<\/strong> wyr\u00f3\u017cnia si\u0119 r\u00f3wnie\u017c \u017cywym wygl\u0105dem. Jej p\u0105ki s\u0105 jasnozielone, usiane z\u0142otymi nitkami. Jej wygl\u0105d jest prawdziw\u0105 uczt\u0105 dla oczu, jednocze\u015bnie zapowiadaj\u0105c delikatn\u0105 moc tej odmiany.<\/p>\n<h3>Zam\u00f3w szczep marihuany Grape God online w sklepie Pressure Zone Shop<\/h3>\n<p>Zapoznaj si\u0119 z pe\u0142n\u0105 <strong>Odmiana marihuany Grape God<\/strong> i daj si\u0119 ponie\u015b\u0107 jej subtelnemu, ale pot\u0119\u017cnemu hajowi. Zam\u00f3w ju\u017c dzi\u015b w <a href=\"https:\/\/pressurezone.shop\/pl\/\" target=\"_new\" rel=\"noopener\">Sklep ze strefami ci\u015bnieniowymi<\/a> aby odkry\u0107 t\u0119 wyj\u0105tkow\u0105 odmian\u0119, idealn\u0105 na chwile relaksu i mentalnej rewitalizacji. Niezale\u017cnie od tego, czy chcesz z\u0142agodzi\u0107 b\u00f3l, poprawi\u0107 nastr\u00f3j, czy po prostu do\u015bwiadczy\u0107 relaksuj\u0105cego haju, <strong>B\u00f3g winogron<\/strong> to doskona\u0142y wyb\u00f3r.<\/p>","protected":false},"excerpt":{"rendered":"<p>Achetez la Grape God Marijuana Strain en Ligne sur Pressure Zone Shop D\u00e9couvrez la Grape God Marijuana Strain, un croisement parfait entre le c\u00e9l\u00e8bre God Bud (indica) et Grapefruit (sativa), offrant une dominance sativa subtile mais puissante. Id\u00e9ale pour un usage quotidien, cette vari\u00e9t\u00e9 procure un high c\u00e9r\u00e9bral revigorant qui allie d\u00e9tente et concentration, parfaite [&hellip;]<\/p>","protected":false},"featured_media":3175,"comment_status":"closed","ping_status":"closed","template":"","meta":{"_uag_custom_page_level_css":"","site-sidebar-layout":"default","site-content-layout":"","ast-site-content-layout":"default","site-content-style":"default","site-sidebar-style":"default","ast-global-header-display":"","ast-banner-title-visibility":"","ast-main-header-display":"","ast-hfb-above-header-display":"","ast-hfb-below-header-display":"","ast-hfb-mobile-header-display":"","site-post-title":"","ast-breadcrumbs-content":"","ast-featured-img":"","footer-sml-layout":"","theme-transparent-header-meta":"default","adv-header-id-meta":"","stick-header-meta":"","header-above-stick-meta":"","header-main-stick-meta":"","header-below-stick-meta":"","astra-migrate-meta-layouts":"set","ast-page-background-enabled":"default","ast-page-background-meta":{"desktop":{"background-color":"","background-image":"","background-repeat":"repeat","background-position":"center center","background-size":"auto","background-attachment":"scroll","background-type":"","background-media":"","overlay-type":"","overlay-color":"","overlay-opacity":"","overlay-gradient":""},"tablet":{"background-color":"","background-image":"","background-repeat":"repeat","background-position":"center center","background-size":"auto","background-attachment":"scroll","background-type":"","background-media":"","overlay-type":"","overlay-color":"","overlay-opacity":"","overlay-gradient":""},"mobile":{"background-color":"","background-image":"","background-repeat":"repeat","background-position":"center center","background-size":"auto","background-attachment":"scroll","background-type":"","background-media":"","overlay-type":"","overlay-color":"","overlay-opacity":"","overlay-gradient":""}},"ast-content-background-meta":{"desktop":{"background-color":"var(--ast-global-color-5)","background-image":"","background-repeat":"repeat","background-position":"center center","background-size":"auto","background-attachment":"scroll","background-type":"","background-media":"","overlay-type":"","overlay-color":"","overlay-opacity":"","overlay-gradient":""},"tablet":{"background-color":"var(--ast-global-color-5)","background-image":"","background-repeat":"repeat","background-position":"center center","background-size":"auto","background-attachment":"scroll","background-type":"","background-media":"","overlay-type":"","overlay-color":"","overlay-opacity":"","overlay-gradient":""},"mobile":{"background-color":"var(--ast-global-color-5)","background-image":"","background-repeat":"repeat","background-position":"center center","background-size":"auto","background-attachment":"scroll","background-type":"","background-media":"","overlay-type":"","overlay-color":"","overlay-opacity":"","overlay-gradient":""}}},"product_brand":[],"product_cat":[28,273],"product_tag":[325],"class_list":{"0":"post-3089","1":"product","2":"type-product","3":"status-publish","4":"has-post-thumbnail","6":"product_cat-varietes-de-cannabis","7":"product_cat-varietes-de-cannabis-sativa","8":"product_tag-grape-god-marijuana-strain","9":"desktop-align-left","10":"tablet-align-left","11":"mobile-align-left","13":"first","14":"instock","15":"shipping-taxable","16":"purchasable","17":"product-type-variable"},"uagb_featured_image_src":{"full":["https:\/\/pressurezone.shop\/wp-content\/uploads\/2024\/10\/Grape-God-Marijuana-Strain.webp",570,427,false],"thumbnail":["https:\/\/pressurezone.shop\/wp-content\/uploads\/2024\/10\/Grape-God-Marijuana-Strain-150x150.webp",150,150,true],"medium":["https:\/\/pressurezone.shop\/wp-content\/uploads\/2024\/10\/Grape-God-Marijuana-Strain-300x225.webp",300,225,true],"medium_large":["https:\/\/pressurezone.shop\/wp-content\/uploads\/2024\/10\/Grape-God-Marijuana-Strain.webp",570,427,false],"large":["https:\/\/pressurezone.shop\/wp-content\/uploads\/2024\/10\/Grape-God-Marijuana-Strain.webp",570,427,false],"1536x1536":["https:\/\/pressurezone.shop\/wp-content\/uploads\/2024\/10\/Grape-God-Marijuana-Strain.webp",570,427,false],"2048x2048":["https:\/\/pressurezone.shop\/wp-content\/uploads\/2024\/10\/Grape-God-Marijuana-Strain.webp",570,427,false],"trp-custom-language-flag":["https:\/\/pressurezone.shop\/wp-content\/uploads\/2024\/10\/Grape-God-Marijuana-Strain-16x12.webp",16,12,true],"woocommerce_thumbnail":["https:\/\/pressurezone.shop\/wp-content\/uploads\/2024\/10\/Grape-God-Marijuana-Strain-300x300.webp",300,300,true],"woocommerce_single":["https:\/\/pressurezone.shop\/wp-content\/uploads\/2024\/10\/Grape-God-Marijuana-Strain.webp",570,427,false],"woocommerce_gallery_thumbnail":["https:\/\/pressurezone.shop\/wp-content\/uploads\/2024\/10\/Grape-God-Marijuana-Strain-100x100.webp",100,100,true]},"uagb_author_info":{"display_name":"pressurezone.shop","author_link":"https:\/\/pressurezone.shop\/pl\/author\/"},"uagb_comment_info":0,"uagb_excerpt":"Achetez la Grape God Marijuana Strain en Ligne sur Pressure Zone Shop D\u00e9couvrez la Grape God Marijuana Strain, un croisement parfait entre le c\u00e9l\u00e8bre God Bud (indica) et Grapefruit (sativa), offrant une dominance sativa subtile mais puissante. Id\u00e9ale pour un usage quotidien, cette vari\u00e9t\u00e9 procure un high c\u00e9r\u00e9bral revigorant qui allie d\u00e9tente et concentration, parfaite&hellip;","_links":{"self":[{"href":"https:\/\/pressurezone.shop\/pl\/wp-json\/wp\/v2\/product\/3089"}],"collection":[{"href":"https:\/\/pressurezone.shop\/pl\/wp-json\/wp\/v2\/product"}],"about":[{"href":"https:\/\/pressurezone.shop\/pl\/wp-json\/wp\/v2\/types\/product"}],"replies":[{"embeddable":true,"href":"https:\/\/pressurezone.shop\/pl\/wp-json\/wp\/v2\/comments?post=3089"}],"version-history":[{"count":3,"href":"https:\/\/pressurezone.shop\/pl\/wp-json\/wp\/v2\/product\/3089\/revisions"}],"predecessor-version":[{"id":3839,"href":"https:\/\/pressurezone.shop\/pl\/wp-json\/wp\/v2\/product\/3089\/revisions\/3839"}],"wp:featuredmedia":[{"embeddable":true,"href":"https:\/\/pressurezone.shop\/pl\/wp-json\/wp\/v2\/media\/3175"}],"wp:attachment":[{"href":"https:\/\/pressurezone.shop\/pl\/wp-json\/wp\/v2\/media?parent=3089"}],"wp:term":[{"taxonomy":"product_brand","embeddable":true,"href":"https:\/\/pressurezone.shop\/pl\/wp-json\/wp\/v2\/product_brand?post=3089"},{"taxonomy":"product_cat","embeddable":true,"href":"https:\/\/pressurezone.shop\/pl\/wp-json\/wp\/v2\/product_cat?post=3089"},{"taxonomy":"product_tag","embeddable":true,"href":"https:\/\/pressurezone.shop\/pl\/wp-json\/wp\/v2\/product_tag?post=3089"}],"curies":[{"name":"wp","href":"https:\/\/api.w.org\/{rel}","templated":true}]}}