{"id":3090,"date":"2024-10-11T00:50:35","date_gmt":"2024-10-10T22:50:35","guid":{"rendered":"https:\/\/pressurezone.shop\/?post_type=product&#038;p=3090"},"modified":"2024-11-02T22:04:33","modified_gmt":"2024-11-02T21:04:33","slug":"duke-nukem-sativa-dominant-hybrid-strain","status":"publish","type":"product","link":"https:\/\/pressurezone.shop\/pl\/produkt\/duke-nukem-odmiana-hybrydowa-z-dominujaca-sativa\/","title":{"rendered":"Odmiana hybrydowa z dominuj\u0105c\u0105 Sativ\u0105 Duke Nukem"},"content":{"rendered":"<div class=\"flex-shrink-0 flex flex-col relative items-end\">\n<div>\n<div class=\"pt-0\">\n<div class=\"gizmo-bot-avatar flex h-8 w-8 items-center justify-center overflow-hidden rounded-full\">\n<div class=\"relative p-1 rounded-sm flex items-center justify-center bg-token-main-surface-primary text-token-text-primary h-8 w-8\"><\/div>\n<\/div>\n<\/div>\n<\/div>\n<\/div>\n<div class=\"group\/conversation-turn relative flex w-full min-w-0 flex-col agent-turn\">\n<div class=\"flex-col gap-1 md:gap-3\">\n<div class=\"flex max-w-full flex-col flex-grow\">\n<div class=\"min-h-8 text-message flex w-full flex-col items-end gap-2 whitespace-normal break-words [.text-message+&amp;]:mt-5\" dir=\"auto\" data-message-author-role=\"assistant\" data-message-id=\"24535a46-a7d2-41d9-8ab7-6b9bf0f25cfe\" data-message-model-slug=\"gpt-4o\">\n<div class=\"flex w-full flex-col gap-1 empty:hidden first:pt-[3px]\">\n<div class=\"markdown prose w-full break-words dark:prose-invert light\">\n<h3><strong>Kup Duke Nukem Sativa Dominant Hybrid Strain online w Europie na <a href=\"https:\/\/pressurezone.shop\/pl\/\" target=\"_new\" rel=\"noopener\">Strefa ci\u015bnienia<\/a><\/strong><\/h3>\n<p>Odkryj <strong>Odmiana hybrydowa z dominuj\u0105c\u0105 Sativ\u0105 Duke Nukem<\/strong>a <strong>odmiana konopi<\/strong> dominuj\u0105ca sativa (65% sativa \/ 35% indica) powsta\u0142a w wyniku skrzy\u017cowania odmiany \u017ce\u0144skiej z m\u0119sk\u0105. <strong>Czarnobyl<\/strong> i m\u0119\u017cczyzna <strong>Chemmando<\/strong>. Duke Nukem s\u0142ynie z pobudzaj\u0105cych i kreatywnych efekt\u00f3w, idealnych dla tych, kt\u00f3rzy szukaj\u0105 ca\u0142odziennego zastrzyku energii. Odmiana ta jest r\u00f3wnie\u017c idealna dla pocz\u0105tkuj\u0105cych hodowc\u00f3w, poniewa\u017c jest odporna na szkodniki i grzyby oraz oferuje \u015brednie i wysokie plony.<a href=\"https:\/\/fuelpackz.com\/\" target=\"_blank\" rel=\"noopener\">.<\/a><\/p>\n<h3>Efekty i zalety hybrydowej odmiany z dominuj\u0105c\u0105 Sativ\u0105 Duke Nukem<\/h3>\n<p>La <strong>Odmiana hybrydowa z dominuj\u0105c\u0105 Sativ\u0105 Duke Nukem<\/strong> jest ceniona za swoje o\u017cywcze dzia\u0142anie na m\u00f3zg, kt\u00f3re stymuluje umys\u0142 i rozbudza kreatywno\u015b\u0107:<\/p>\n<ul>\n<li><strong>Kreatywno\u015b\u0107 i energia<\/strong> Idealny do dzia\u0142a\u0144 artystycznych i zada\u0144 wymagaj\u0105cych wi\u0119kszej koncentracji.<\/li>\n<li><strong>Euforia i dobry humor<\/strong> Wspiera radosny, towarzyski nastr\u00f3j, idealny do spotka\u0144 towarzyskich.<\/li>\n<li><strong>Skoncentrowany i skupiony efekt<\/strong> Zapewnia jasno\u015b\u0107 umys\u0142u, pomagaj\u0105c zachowa\u0107 koncentracj\u0119 i produktywno\u015b\u0107.<\/li>\n<\/ul>\n<p>Dzi\u0119ki jego <strong>umiarkowanie silny wysoki<\/strong>Duke Nukem oferuje zr\u00f3wnowa\u017cone wra\u017cenia i jest idealny do u\u017cytku w ci\u0105gu dnia.<\/p>\n<h3>Korzy\u015bci terapeutyczne odmiany hybrydowej z dominuj\u0105c\u0105 Sativ\u0105 Duke Nukem<\/h3>\n<p>Ze wzgl\u0119du na swoje dzia\u0142anie energetyzuj\u0105ce i r\u00f3wnowa\u017c\u0105ce, <strong>Duke Nukem<\/strong> jest cz\u0119sto wybierana w celu z\u0142agodzenia r\u00f3\u017cnych objaw\u00f3w:<\/p>\n<ul>\n<li><strong>Zmniejszony niepok\u00f3j i zm\u0119czenie<\/strong> Skutecznie uspokaja umys\u0142, zapewniaj\u0105c jednocze\u015bnie zastrzyk energii.<\/li>\n<li><strong>U\u015bmierzanie b\u00f3lu g\u0142owy i ucisku oczu<\/strong> Przydatny w \u0142agodzeniu b\u00f3l\u00f3w g\u0142owy i zm\u0119czenia oczu.<\/li>\n<li><strong>Stymulacja apetytu i poprawa nastroju<\/strong> Idealny dla os\u00f3b zmagaj\u0105cych si\u0119 z utrat\u0105 apetytu i wahaniami nastroju.<\/li>\n<\/ul>\n<p>To <strong>odmiana konopi<\/strong> jest idealny dla u\u017cytkownik\u00f3w poszukuj\u0105cych naturalnego, energetyzuj\u0105cego \u015brodka na b\u00f3l, stres i zaburzenia nastroju.<\/p>\n<h3>Smaki i aromaty Duke Nukem<\/h3>\n<p>Duke Nukem oferuje \u0142agodny, tropikalny smak, kt\u00f3remu towarzysz\u0105 \u015bwie\u017ce, owocowe aromaty:<\/p>\n<ul>\n<li><strong>Smaki<\/strong> S\u0142odki smak pomara\u0144czy i cytryny z orze\u017awiaj\u0105cymi nutami tropikalnymi.<\/li>\n<li><strong>Zapachy<\/strong> Pomara\u0144czowy zapach ze skunksow\u0105 nut\u0105, kt\u00f3ra dodaje g\u0142\u0119bi doznaniom zmys\u0142owym.<\/li>\n<\/ul>\n<p>Te <strong>\u017cywe smaki i aromaty<\/strong> sprawiaj\u0105, \u017ce Duke Nukem jest obowi\u0105zkow\u0105 odmian\u0105 dla fan\u00f3w owocowych, orze\u017awiaj\u0105cych smak\u00f3w.<\/p>\n<h3>Dlaczego warto kupi\u0107 Duke Nukem Sativa Dominant Hybrid Strain na <a href=\"https:\/\/pressurezone.shop\/pl\/\" target=\"_new\" rel=\"noopener\">Strefa ci\u015bnienia<\/a>?<\/h3>\n<p>Przy <strong>Strefa ci\u015bnienia<\/strong>jeste\u015bmy zobowi\u0105zani do oferowania <strong>odmiany konopi<\/strong> Dok\u0142adnie przetestowane, aby zagwarantowa\u0107 nienagann\u0105 jako\u015b\u0107. <strong>Odmiana hybrydowa z dominuj\u0105c\u0105 Sativ\u0105 Duke Nukem<\/strong> jest jedn\u0105 z naszych flagowych odmian ze wzgl\u0119du na zr\u00f3wnowa\u017cone dzia\u0142anie i orze\u017awiaj\u0105cy smak. Oto dlaczego warto wybra\u0107 Pressure Zone:<\/p>\n<ul>\n<li><strong>Najwy\u017csza jako\u015b\u0107<\/strong> Nasze produkty s\u0105 rygorystycznie testowane, aby zapewni\u0107 optymaln\u0105 czysto\u015b\u0107 i moc.<\/li>\n<li><strong>Efekt energetyzuj\u0105cy i r\u00f3wnowa\u017c\u0105cy<\/strong> Idealny do aktywno\u015bci w ci\u0105gu dnia i \u0142agodzenia stresu.<\/li>\n<li><strong>Dedykowana obs\u0142uga klienta<\/strong> Jeste\u015bmy dost\u0119pni, aby pom\u00f3c Ci wybra\u0107 odpowiedni <strong>odmiana konopi<\/strong> kt\u00f3ry najlepiej spe\u0142nia Twoje potrzeby.<\/li>\n<\/ul>\n<h3>Cz\u0119sto zadawane pytania<\/h3>\n<h4>Jakie s\u0105 g\u0142\u00f3wne efekty dzia\u0142ania Duke Nukem Sativa Dominant Hybrid Strain?<\/h4>\n<p>Duke Nukem jest znany ze swojego energetyzuj\u0105cego i kreatywnego dzia\u0142ania, idealnego do kreatywnych zada\u0144 i zachowania produktywno\u015bci. Zapewnia r\u00f3wnie\u017c radosn\u0105, towarzysk\u0105 eufori\u0119, idealn\u0105 do aktywno\u015bci towarzyskich.<\/p>\n<h4>Czy Duke Nukem skutecznie \u0142agodzi b\u00f3l i zm\u0119czenie?<\/h4>\n<p>Tak, to <strong>odmiana konopi<\/strong> jest idealny do \u0142agodzenia przewlek\u0142ego b\u00f3lu, zmniejszania zm\u0119czenia i poprawy nastroju, oferuj\u0105c zastrzyk energii psychicznej i fizycznej.<\/p>\n<h4>Jakie smaki i aromaty dominuj\u0105 w Duke Nukem?<\/h4>\n<p>Duke Nukem oferuje cytrusowe i pomara\u0144czowe smaki z tropikalnymi nutami i skunky pomara\u0144czowym aromatem, idealne dla tych, kt\u00f3rzy kochaj\u0105 orze\u017awiaj\u0105ce smaki.<\/p>\n<h3>Zam\u00f3w Duke Nukem Sativa Dominant Hybrid Strain online w Europie pod adresem <a href=\"https:\/\/pressurezone.shop\/pl\/\" target=\"_new\" rel=\"noopener\">Strefa ci\u015bnienia<\/a><\/h3>\n<p>Gotowy do odkrycia energetyzuj\u0105cych i radosnych efekt\u00f3w <strong>Odmiana hybrydowa z dominuj\u0105c\u0105 Sativ\u0105 Duke Nukem<\/strong>? <strong>Zam\u00f3w teraz<\/strong> na <a href=\"https:\/\/pressurezone.shop\/pl\/\" target=\"_new\" rel=\"noopener\">Strefa ci\u015bnienia<\/a> dla do\u015bwiadczenia <strong>odmiana konopi<\/strong> Idealny spos\u00f3b na pobudzenie kreatywno\u015bci i koncentracji. Dzi\u0119ki naszej szybkiej i dyskretnej us\u0142udze dostawy mo\u017cesz cieszy\u0107 si\u0119 bezproblemowymi zakupami.<\/p>\n<\/div>\n<\/div>\n<\/div>\n<\/div>\n<\/div>\n<\/div>","protected":false},"excerpt":{"rendered":"<p>Achetez la Vari\u00e9t\u00e9 Duke Nukem Sativa Dominant Hybrid Strain en Ligne en Europe sur Pressure Zone D\u00e9couvrez Duke Nukem Sativa Dominant Hybrid Strain, une vari\u00e9t\u00e9 de cannabis sativa dominante (65% sativa \/ 35% indica) issue du croisement entre une femelle Chernobyl et un m\u00e2le Chemmando. Duke Nukem est r\u00e9put\u00e9e pour ses effets stimulants et cr\u00e9atifs, [&hellip;]<\/p>","protected":false},"featured_media":3177,"comment_status":"closed","ping_status":"closed","template":"","meta":{"_uag_custom_page_level_css":"","site-sidebar-layout":"default","site-content-layout":"","ast-site-content-layout":"default","site-content-style":"default","site-sidebar-style":"default","ast-global-header-display":"","ast-banner-title-visibility":"","ast-main-header-display":"","ast-hfb-above-header-display":"","ast-hfb-below-header-display":"","ast-hfb-mobile-header-display":"","site-post-title":"","ast-breadcrumbs-content":"","ast-featured-img":"","footer-sml-layout":"","theme-transparent-header-meta":"default","adv-header-id-meta":"","stick-header-meta":"","header-above-stick-meta":"","header-main-stick-meta":"","header-below-stick-meta":"","astra-migrate-meta-layouts":"set","ast-page-background-enabled":"default","ast-page-background-meta":{"desktop":{"background-color":"","background-image":"","background-repeat":"repeat","background-position":"center center","background-size":"auto","background-attachment":"scroll","background-type":"","background-media":"","overlay-type":"","overlay-color":"","overlay-opacity":"","overlay-gradient":""},"tablet":{"background-color":"","background-image":"","background-repeat":"repeat","background-position":"center center","background-size":"auto","background-attachment":"scroll","background-type":"","background-media":"","overlay-type":"","overlay-color":"","overlay-opacity":"","overlay-gradient":""},"mobile":{"background-color":"","background-image":"","background-repeat":"repeat","background-position":"center center","background-size":"auto","background-attachment":"scroll","background-type":"","background-media":"","overlay-type":"","overlay-color":"","overlay-opacity":"","overlay-gradient":""}},"ast-content-background-meta":{"desktop":{"background-color":"var(--ast-global-color-5)","background-image":"","background-repeat":"repeat","background-position":"center center","background-size":"auto","background-attachment":"scroll","background-type":"","background-media":"","overlay-type":"","overlay-color":"","overlay-opacity":"","overlay-gradient":""},"tablet":{"background-color":"var(--ast-global-color-5)","background-image":"","background-repeat":"repeat","background-position":"center center","background-size":"auto","background-attachment":"scroll","background-type":"","background-media":"","overlay-type":"","overlay-color":"","overlay-opacity":"","overlay-gradient":""},"mobile":{"background-color":"var(--ast-global-color-5)","background-image":"","background-repeat":"repeat","background-position":"center center","background-size":"auto","background-attachment":"scroll","background-type":"","background-media":"","overlay-type":"","overlay-color":"","overlay-opacity":"","overlay-gradient":""}}},"product_brand":[],"product_cat":[28,273],"product_tag":[326],"class_list":{"0":"post-3090","1":"product","2":"type-product","3":"status-publish","4":"has-post-thumbnail","6":"product_cat-varietes-de-cannabis","7":"product_cat-varietes-de-cannabis-sativa","8":"product_tag-buy-duke-nukem-sativa-dominant-hybrid-strain-eu","9":"desktop-align-left","10":"tablet-align-left","11":"mobile-align-left","13":"first","14":"instock","15":"shipping-taxable","16":"purchasable","17":"product-type-variable"},"uagb_featured_image_src":{"full":["https:\/\/pressurezone.shop\/wp-content\/uploads\/2024\/10\/Duke-Nukem-Sativa-Dominant-Hybrid-Strain.webp",570,427,false],"thumbnail":["https:\/\/pressurezone.shop\/wp-content\/uploads\/2024\/10\/Duke-Nukem-Sativa-Dominant-Hybrid-Strain-150x150.webp",150,150,true],"medium":["https:\/\/pressurezone.shop\/wp-content\/uploads\/2024\/10\/Duke-Nukem-Sativa-Dominant-Hybrid-Strain-300x225.webp",300,225,true],"medium_large":["https:\/\/pressurezone.shop\/wp-content\/uploads\/2024\/10\/Duke-Nukem-Sativa-Dominant-Hybrid-Strain.webp",570,427,false],"large":["https:\/\/pressurezone.shop\/wp-content\/uploads\/2024\/10\/Duke-Nukem-Sativa-Dominant-Hybrid-Strain.webp",570,427,false],"1536x1536":["https:\/\/pressurezone.shop\/wp-content\/uploads\/2024\/10\/Duke-Nukem-Sativa-Dominant-Hybrid-Strain.webp",570,427,false],"2048x2048":["https:\/\/pressurezone.shop\/wp-content\/uploads\/2024\/10\/Duke-Nukem-Sativa-Dominant-Hybrid-Strain.webp",570,427,false],"trp-custom-language-flag":["https:\/\/pressurezone.shop\/wp-content\/uploads\/2024\/10\/Duke-Nukem-Sativa-Dominant-Hybrid-Strain-16x12.webp",16,12,true],"woocommerce_thumbnail":["https:\/\/pressurezone.shop\/wp-content\/uploads\/2024\/10\/Duke-Nukem-Sativa-Dominant-Hybrid-Strain-300x300.webp",300,300,true],"woocommerce_single":["https:\/\/pressurezone.shop\/wp-content\/uploads\/2024\/10\/Duke-Nukem-Sativa-Dominant-Hybrid-Strain.webp",570,427,false],"woocommerce_gallery_thumbnail":["https:\/\/pressurezone.shop\/wp-content\/uploads\/2024\/10\/Duke-Nukem-Sativa-Dominant-Hybrid-Strain-100x100.webp",100,100,true]},"uagb_author_info":{"display_name":"pressurezone.shop","author_link":"https:\/\/pressurezone.shop\/pl\/author\/"},"uagb_comment_info":0,"uagb_excerpt":"Achetez la Vari\u00e9t\u00e9 Duke Nukem Sativa Dominant Hybrid Strain en Ligne en Europe sur Pressure Zone D\u00e9couvrez Duke Nukem Sativa Dominant Hybrid Strain, une vari\u00e9t\u00e9 de cannabis sativa dominante (65% sativa \/ 35% indica) issue du croisement entre une femelle Chernobyl et un m\u00e2le Chemmando. Duke Nukem est r\u00e9put\u00e9e pour ses effets stimulants et cr\u00e9atifs,&hellip;","_links":{"self":[{"href":"https:\/\/pressurezone.shop\/pl\/wp-json\/wp\/v2\/product\/3090"}],"collection":[{"href":"https:\/\/pressurezone.shop\/pl\/wp-json\/wp\/v2\/product"}],"about":[{"href":"https:\/\/pressurezone.shop\/pl\/wp-json\/wp\/v2\/types\/product"}],"replies":[{"embeddable":true,"href":"https:\/\/pressurezone.shop\/pl\/wp-json\/wp\/v2\/comments?post=3090"}],"version-history":[{"count":2,"href":"https:\/\/pressurezone.shop\/pl\/wp-json\/wp\/v2\/product\/3090\/revisions"}],"predecessor-version":[{"id":3753,"href":"https:\/\/pressurezone.shop\/pl\/wp-json\/wp\/v2\/product\/3090\/revisions\/3753"}],"wp:featuredmedia":[{"embeddable":true,"href":"https:\/\/pressurezone.shop\/pl\/wp-json\/wp\/v2\/media\/3177"}],"wp:attachment":[{"href":"https:\/\/pressurezone.shop\/pl\/wp-json\/wp\/v2\/media?parent=3090"}],"wp:term":[{"taxonomy":"product_brand","embeddable":true,"href":"https:\/\/pressurezone.shop\/pl\/wp-json\/wp\/v2\/product_brand?post=3090"},{"taxonomy":"product_cat","embeddable":true,"href":"https:\/\/pressurezone.shop\/pl\/wp-json\/wp\/v2\/product_cat?post=3090"},{"taxonomy":"product_tag","embeddable":true,"href":"https:\/\/pressurezone.shop\/pl\/wp-json\/wp\/v2\/product_tag?post=3090"}],"curies":[{"name":"wp","href":"https:\/\/api.w.org\/{rel}","templated":true}]}}