{"id":3101,"date":"2024-10-11T00:51:01","date_gmt":"2024-10-10T22:51:01","guid":{"rendered":"https:\/\/pressurezone.shop\/?post_type=product&#038;p=3101"},"modified":"2024-11-03T21:39:52","modified_gmt":"2024-11-03T20:39:52","slug":"pineapple-express-weed-strain","status":"publish","type":"product","link":"https:\/\/pressurezone.shop\/pl\/produkt\/odmiana-chwastow-pineapple-express\/","title":{"rendered":"Odmiana zi\u00f3\u0142 Pineapple Express"},"content":{"rendered":"<h3><strong>Kup Pineapple Express Weed Strain online w Europie na <a href=\"https:\/\/pressurezone.shop\/pl\/\" target=\"_new\" rel=\"noopener\">Sklep ze strefami ci\u015bnieniowymi<\/a><\/strong><\/h3>\n<p>Odkryj <strong>Odmiana zi\u00f3\u0142 Pineapple Express<\/strong>odmiana o mi\u0119dzynarodowej renomie, idealna dla os\u00f3b poszukuj\u0105cych r\u00f3wnowagi mi\u0119dzy relaksem a stymulacj\u0105 umys\u0142ow\u0105. Ceniona za swoje koj\u0105ce dzia\u0142anie i charakterystyczny aromat owoc\u00f3w tropikalnych, <strong>Pineapple Express<\/strong> oferuje mi\u0119kki, przyjemny haj, dzi\u0119ki czemu jest idealnym wyborem do kreatywnych lub towarzyskich aktywno\u015bci<a href=\"https:\/\/fuelpackz.com\/\" target=\"_blank\" rel=\"noopener\">.<\/a><\/p>\n<h3>Dlaczego warto wybra\u0107 odmian\u0119 Pineapple Express?<\/h3>\n<p><strong>Odmiana zi\u00f3\u0142 Pineapple Express<\/strong> to pozycja obowi\u0105zkowa dla os\u00f3b poszukuj\u0105cych subtelnego, ale skutecznego zastrzyku energii. Chocia\u017c odmiana ta nie ma dramatycznej intensywno\u015bci przedstawionej w s\u0142ynnym filmie, zapewnia koj\u0105ce uczucie, kt\u00f3re uspokaja cia\u0142o, jednocze\u015bnie stymuluj\u0105c umys\u0142. Dzi\u0119ki owocowym aromatom i umiarkowanej zawarto\u015bci THC jest idealna dla os\u00f3b poszukuj\u0105cych ulgi w stresie i poprawy nastroju bez nadmiernego uspokojenia.<\/p>\n<ul>\n<li><strong>Typ<\/strong> Hybryda<\/li>\n<li><strong>THC<\/strong> Idealny dla zr\u00f3wnowa\u017conego, relaksuj\u0105cego haju<\/li>\n<\/ul>\n<h3>Efekty i korzy\u015bci p\u0142yn\u0105ce ze stosowania odmiany Pineapple Express Weed Strain<\/h3>\n<p>La <strong>Odmiana zi\u00f3\u0142 Pineapple Express<\/strong> jest znana ze swoich energetyzuj\u0105cych i euforycznych efekt\u00f3w, dzi\u0119ki czemu ka\u017cda sesja jest przyjemna i produktywna. Podnosi nastr\u00f3j i poprawia koncentracj\u0119, idealna do zada\u0144 wymagaj\u0105cych kreatywno\u015bci i jasno\u015bci umys\u0142u.<\/p>\n<ul>\n<li><strong>Efekty<\/strong> Energia, euforia, koncentracja<\/li>\n<li><strong>Idealny dla<\/strong> Przewlek\u0142y b\u00f3l, depresja, zm\u0119czenie, utrata apetytu, migreny, nudno\u015bci, koszmary senne<\/li>\n<\/ul>\n<h3>Stany \u0142agodzone przez szczep konopi Pineapple Express<\/h3>\n<p>Dzi\u0119ki umiarkowanemu, zr\u00f3wnowa\u017conemu dzia\u0142aniu, <strong>Pineapple Express<\/strong> jest cz\u0119sto wybierana w celu z\u0142agodzenia r\u00f3\u017cnych objaw\u00f3w fizycznych i psychicznych:<\/p>\n<ul>\n<li><strong>Przewlek\u0142y b\u00f3l i zm\u0119czenie<\/strong> \u0141agodzi drobne dolegliwo\u015bci b\u00f3lowe i dodaje energii.<\/li>\n<li><strong>Depresja i stany l\u0119kowe<\/strong> Poprawia nastr\u00f3j i zapewnia d\u0142ugotrwa\u0142e dobre samopoczucie.<\/li>\n<li><strong>Nudno\u015bci i utrata apetytu<\/strong> Pobudza apetyt i \u0142agodzi \u017co\u0142\u0105dek.<\/li>\n<\/ul>\n<h3>Smaki i aromaty Pineapple Express Weed Strain<\/h3>\n<p>La <strong>Odmiana zi\u00f3\u0142 Pineapple Express<\/strong> oferuje tropikalne doznania smakowe, z nutami cytrus\u00f3w, sosny i subtelnym posmakiem ananasa w tle. S\u0142odkiemu, ziemistemu aromatowi towarzysz\u0105 nuty owoc\u00f3w tropikalnych, dzi\u0119ki czemu jest to przyjemna i orze\u017awiaj\u0105ca odmiana.<\/p>\n<ul>\n<li><strong>Smaki<\/strong> cytrusowy, sosnowy, ananasowy, s\u0142odki, tropikalny<\/li>\n<li><strong>Zapachy<\/strong> ziemisty, sosna, ananas, s\u0142odki<\/li>\n<\/ul>\n<h3>Wygl\u0105d kwiatu konopi Pineapple Express<\/h3>\n<p>P\u0105ki <strong>Pineapple Express<\/strong> s\u0105 jasnozielone ze z\u0142otymi odcieniami, ozdobione b\u0142yszcz\u0105cymi w\u0142oskami, kt\u00f3re \u015bwiadcz\u0105 o jako\u015bci tej odmiany. Ich g\u0119sta, \u017cywiczna struktura odzwierciedla moc i elegancj\u0119 tego kwiatu.<\/p>\n<h3>Zam\u00f3w Pineapple Express Weed Strain online w sklepie Pressure Zone Shop<\/h3>\n<p>Gotowy, aby odkry\u0107 orze\u017awiaj\u0105ce dzia\u0142anie i tropikalny aromat <strong>Odmiana zi\u00f3\u0142 Pineapple Express<\/strong> ? Zam\u00f3w ju\u017c dzi\u015b w <a href=\"https:\/\/pressurezone.shop\/pl\/\" target=\"_new\" rel=\"noopener\">Sklep ze strefami ci\u015bnieniowymi<\/a> aby cieszy\u0107 si\u0119 r\u00f3\u017cnorodno\u015bci\u0105, kt\u00f3ra jest idealna do zr\u00f3wnowa\u017cenia relaksu i stymulacji umys\u0142owej. Niezale\u017cnie od tego, czy szukasz kreatywnego bod\u017aca, czy relaksu na koniec dnia, <strong>Pineapple Express<\/strong> to idealna odmiana zapewniaj\u0105ca wysokiej jako\u015bci doznania zwi\u0105zane z konopiami indyjskimi.<\/p>","protected":false},"excerpt":{"rendered":"<p>Achetez la Pineapple Express Weed Strain en Ligne en Europe sur Pressure Zone Shop D\u00e9couvrez la Pineapple Express Weed Strain, une vari\u00e9t\u00e9 \u00e0 la renomm\u00e9e internationale, id\u00e9ale pour ceux qui recherchent un \u00e9quilibre entre relaxation et stimulation mentale. Appr\u00e9ci\u00e9e pour ses effets apaisants et son ar\u00f4me distinctif de fruits tropicaux, Pineapple Express offre un high [&hellip;]<\/p>","protected":false},"featured_media":3179,"comment_status":"closed","ping_status":"closed","template":"","meta":{"_uag_custom_page_level_css":"","site-sidebar-layout":"default","site-content-layout":"","ast-site-content-layout":"default","site-content-style":"default","site-sidebar-style":"default","ast-global-header-display":"","ast-banner-title-visibility":"","ast-main-header-display":"","ast-hfb-above-header-display":"","ast-hfb-below-header-display":"","ast-hfb-mobile-header-display":"","site-post-title":"","ast-breadcrumbs-content":"","ast-featured-img":"","footer-sml-layout":"","theme-transparent-header-meta":"default","adv-header-id-meta":"","stick-header-meta":"","header-above-stick-meta":"","header-main-stick-meta":"","header-below-stick-meta":"","astra-migrate-meta-layouts":"set","ast-page-background-enabled":"default","ast-page-background-meta":{"desktop":{"background-color":"","background-image":"","background-repeat":"repeat","background-position":"center center","background-size":"auto","background-attachment":"scroll","background-type":"","background-media":"","overlay-type":"","overlay-color":"","overlay-opacity":"","overlay-gradient":""},"tablet":{"background-color":"","background-image":"","background-repeat":"repeat","background-position":"center center","background-size":"auto","background-attachment":"scroll","background-type":"","background-media":"","overlay-type":"","overlay-color":"","overlay-opacity":"","overlay-gradient":""},"mobile":{"background-color":"","background-image":"","background-repeat":"repeat","background-position":"center center","background-size":"auto","background-attachment":"scroll","background-type":"","background-media":"","overlay-type":"","overlay-color":"","overlay-opacity":"","overlay-gradient":""}},"ast-content-background-meta":{"desktop":{"background-color":"var(--ast-global-color-5)","background-image":"","background-repeat":"repeat","background-position":"center center","background-size":"auto","background-attachment":"scroll","background-type":"","background-media":"","overlay-type":"","overlay-color":"","overlay-opacity":"","overlay-gradient":""},"tablet":{"background-color":"var(--ast-global-color-5)","background-image":"","background-repeat":"repeat","background-position":"center center","background-size":"auto","background-attachment":"scroll","background-type":"","background-media":"","overlay-type":"","overlay-color":"","overlay-opacity":"","overlay-gradient":""},"mobile":{"background-color":"var(--ast-global-color-5)","background-image":"","background-repeat":"repeat","background-position":"center center","background-size":"auto","background-attachment":"scroll","background-type":"","background-media":"","overlay-type":"","overlay-color":"","overlay-opacity":"","overlay-gradient":""}}},"product_brand":[],"product_cat":[28,273],"product_tag":[327],"class_list":{"0":"post-3101","1":"product","2":"type-product","3":"status-publish","4":"has-post-thumbnail","6":"product_cat-varietes-de-cannabis","7":"product_cat-varietes-de-cannabis-sativa","8":"product_tag-buy-pineapple-express-weed-strain-online-europe","9":"desktop-align-left","10":"tablet-align-left","11":"mobile-align-left","13":"first","14":"instock","15":"shipping-taxable","16":"purchasable","17":"product-type-variable"},"uagb_featured_image_src":{"full":["https:\/\/pressurezone.shop\/wp-content\/uploads\/2024\/10\/Pineapple-Express-Weed-Strain.webp",570,427,false],"thumbnail":["https:\/\/pressurezone.shop\/wp-content\/uploads\/2024\/10\/Pineapple-Express-Weed-Strain-150x150.webp",150,150,true],"medium":["https:\/\/pressurezone.shop\/wp-content\/uploads\/2024\/10\/Pineapple-Express-Weed-Strain-300x225.webp",300,225,true],"medium_large":["https:\/\/pressurezone.shop\/wp-content\/uploads\/2024\/10\/Pineapple-Express-Weed-Strain.webp",570,427,false],"large":["https:\/\/pressurezone.shop\/wp-content\/uploads\/2024\/10\/Pineapple-Express-Weed-Strain.webp",570,427,false],"1536x1536":["https:\/\/pressurezone.shop\/wp-content\/uploads\/2024\/10\/Pineapple-Express-Weed-Strain.webp",570,427,false],"2048x2048":["https:\/\/pressurezone.shop\/wp-content\/uploads\/2024\/10\/Pineapple-Express-Weed-Strain.webp",570,427,false],"trp-custom-language-flag":["https:\/\/pressurezone.shop\/wp-content\/uploads\/2024\/10\/Pineapple-Express-Weed-Strain-16x12.webp",16,12,true],"woocommerce_thumbnail":["https:\/\/pressurezone.shop\/wp-content\/uploads\/2024\/10\/Pineapple-Express-Weed-Strain-300x300.webp",300,300,true],"woocommerce_single":["https:\/\/pressurezone.shop\/wp-content\/uploads\/2024\/10\/Pineapple-Express-Weed-Strain.webp",570,427,false],"woocommerce_gallery_thumbnail":["https:\/\/pressurezone.shop\/wp-content\/uploads\/2024\/10\/Pineapple-Express-Weed-Strain-100x100.webp",100,100,true]},"uagb_author_info":{"display_name":"pressurezone.shop","author_link":"https:\/\/pressurezone.shop\/pl\/author\/"},"uagb_comment_info":0,"uagb_excerpt":"Achetez la Pineapple Express Weed Strain en Ligne en Europe sur Pressure Zone Shop D\u00e9couvrez la Pineapple Express Weed Strain, une vari\u00e9t\u00e9 \u00e0 la renomm\u00e9e internationale, id\u00e9ale pour ceux qui recherchent un \u00e9quilibre entre relaxation et stimulation mentale. Appr\u00e9ci\u00e9e pour ses effets apaisants et son ar\u00f4me distinctif de fruits tropicaux, Pineapple Express offre un high&hellip;","_links":{"self":[{"href":"https:\/\/pressurezone.shop\/pl\/wp-json\/wp\/v2\/product\/3101"}],"collection":[{"href":"https:\/\/pressurezone.shop\/pl\/wp-json\/wp\/v2\/product"}],"about":[{"href":"https:\/\/pressurezone.shop\/pl\/wp-json\/wp\/v2\/types\/product"}],"replies":[{"embeddable":true,"href":"https:\/\/pressurezone.shop\/pl\/wp-json\/wp\/v2\/comments?post=3101"}],"version-history":[{"count":3,"href":"https:\/\/pressurezone.shop\/pl\/wp-json\/wp\/v2\/product\/3101\/revisions"}],"predecessor-version":[{"id":3975,"href":"https:\/\/pressurezone.shop\/pl\/wp-json\/wp\/v2\/product\/3101\/revisions\/3975"}],"wp:featuredmedia":[{"embeddable":true,"href":"https:\/\/pressurezone.shop\/pl\/wp-json\/wp\/v2\/media\/3179"}],"wp:attachment":[{"href":"https:\/\/pressurezone.shop\/pl\/wp-json\/wp\/v2\/media?parent=3101"}],"wp:term":[{"taxonomy":"product_brand","embeddable":true,"href":"https:\/\/pressurezone.shop\/pl\/wp-json\/wp\/v2\/product_brand?post=3101"},{"taxonomy":"product_cat","embeddable":true,"href":"https:\/\/pressurezone.shop\/pl\/wp-json\/wp\/v2\/product_cat?post=3101"},{"taxonomy":"product_tag","embeddable":true,"href":"https:\/\/pressurezone.shop\/pl\/wp-json\/wp\/v2\/product_tag?post=3101"}],"curies":[{"name":"wp","href":"https:\/\/api.w.org\/{rel}","templated":true}]}}