{"id":3102,"date":"2024-10-11T00:51:01","date_gmt":"2024-10-10T22:51:01","guid":{"rendered":"https:\/\/pressurezone.shop\/?post_type=product&#038;p=3102"},"modified":"2024-11-02T21:38:18","modified_gmt":"2024-11-02T20:38:18","slug":"scout-master-strain","status":"publish","type":"product","link":"https:\/\/pressurezone.shop\/pl\/produkt\/szczep-harcmistrzowski\/","title":{"rendered":"Szczep Scout Master"},"content":{"rendered":"<div class=\"flex-shrink-0 flex flex-col relative items-end\">\n<div>\n<div class=\"pt-0\">\n<div class=\"gizmo-bot-avatar flex h-8 w-8 items-center justify-center overflow-hidden rounded-full\">\n<div class=\"relative p-1 rounded-sm flex items-center justify-center bg-token-main-surface-primary text-token-text-primary h-8 w-8\"><\/div>\n<\/div>\n<\/div>\n<\/div>\n<\/div>\n<div class=\"group\/conversation-turn relative flex w-full min-w-0 flex-col agent-turn\">\n<div class=\"flex-col gap-1 md:gap-3\">\n<div class=\"flex max-w-full flex-col flex-grow\">\n<div class=\"min-h-8 text-message flex w-full flex-col items-end gap-2 whitespace-normal break-words [.text-message+&amp;]:mt-5\" dir=\"auto\" data-message-author-role=\"assistant\" data-message-id=\"b706f5af-8f4c-440c-ad43-4e02d613f316\" data-message-model-slug=\"gpt-4o\">\n<div class=\"flex w-full flex-col gap-1 empty:hidden first:pt-[3px]\">\n<div class=\"markdown prose w-full break-words dark:prose-invert light\">\n<h3><strong>Kup odmian\u0119 Scout Master Strain online w Europie pod adresem <a href=\"https:\/\/pressurezone.shop\/pl\/\" target=\"_new\" rel=\"noopener\">Strefa ci\u015bnienia<\/a><\/strong><\/h3>\n<p>Odkryj <strong>Szczep Scout Master<\/strong>a <strong>odmiana konopi<\/strong> dominuj\u0105ca sativa (75% sativa \/ 25% indica) znana r\u00f3wnie\u017c jako \"Master Scout\". Wynik skrzy\u017cowania s\u0142ynnych odmian <strong>Ciasteczka harcerskie<\/strong> i <strong>Master Kush<\/strong>Scout Master oferuje mocny, zr\u00f3wnowa\u017cony haj, idealny dla os\u00f3b poszukuj\u0105cych pobudzaj\u0105cych dozna\u0144. Dzi\u0119ki wyj\u0105tkowemu cytrynowo-sosnowemu aromatowi i stymuluj\u0105cym efektom, odmiana ta jest idealna na chwile koncentracji i kreatywno\u015bci.<\/p>\n<h3>Efekty i korzy\u015bci Scout Master Strain<\/h3>\n<p>La <strong>Odmiana szczepu Scout Master<\/strong> s\u0142ynie z pobudzaj\u0105cych efekt\u00f3w m\u00f3zgowych i energetyzuj\u0105cego haju, kt\u00f3ry pobudza zmys\u0142y:<\/p>\n<ul>\n<li><strong>M\u00f3zgowy i kreatywny efekt<\/strong> Wspomaga jasno\u015b\u0107 umys\u0142u i stymuluje kreatywno\u015b\u0107.<\/li>\n<li><strong>Energia i koncentracja<\/strong> Doskonale sprawdza si\u0119 w ci\u0105gu dnia, zapewniaj\u0105c now\u0105 energi\u0119 i skupienie.<\/li>\n<li><strong>Lekki relaks<\/strong> Zapewnia idealn\u0105 r\u00f3wnowag\u0119 mi\u0119dzy relaksem fizycznym a stymulacj\u0105 umys\u0142ow\u0105.<\/li>\n<\/ul>\n<p>Dzi\u0119ki jego <strong>Wysoka zawarto\u015b\u0107 THC<\/strong>Scout Master oferuje d\u0142ugotrwa\u0142y, koj\u0105cy haj, kt\u00f3ry usuwa negatywne my\u015bli i poprawia nastr\u00f3j, bez ci\u0119\u017ckich efekt\u00f3w indici.<\/p>\n<h3>Korzy\u015bci terapeutyczne szczepu Scout Master<\/h3>\n<p>Scout Master jest r\u00f3wnie\u017c wysoko ceniony ze wzgl\u0119du na swoje w\u0142a\u015bciwo\u015bci lecznicze, pomagaj\u0105c z\u0142agodzi\u0107 r\u00f3\u017cne objawy dzi\u0119ki zr\u00f3wnowa\u017conemu dzia\u0142aniu:<\/p>\n<ul>\n<li><strong>Redukcja l\u0119ku i stresu<\/strong> Uspokaja umys\u0142 i zapewnia dobre samopoczucie.<\/li>\n<li><strong>Ulga w przewlek\u0142ym b\u00f3lu i nudno\u015bciach<\/strong> Skuteczny w zwalczaniu b\u00f3lu i zaburze\u0144 trawiennych, zw\u0142aszcza nudno\u015bci.<\/li>\n<li><strong>Stymulacja apetytu<\/strong> Idealny dla os\u00f3b zmagaj\u0105cych si\u0119 z utrat\u0105 apetytu.<\/li>\n<li><strong>Pomoc dla os\u00f3b z ADD\/ADHD<\/strong> Scout Master jest r\u00f3wnie\u017c przydatny do poprawy koncentracji i radzenia sobie z objawami ADHD.<\/li>\n<\/ul>\n<p>To <strong>odmiana konopi<\/strong> jest idealna dla tych, kt\u00f3rzy szukaj\u0105 pobudzenia umys\u0142owego i koj\u0105cego efektu, kt\u00f3ry pozostaje lekki, bez uspokajaj\u0105cego efektu Indica.<\/p>\n<h3>Smaki i aromaty od Scout Master<\/h3>\n<p>Scout Master ma r\u00f3wnie\u017c bogaty, z\u0142o\u017cony profil aromatyczny:<\/p>\n<ul>\n<li><strong>Smaki<\/strong> Mieszanka cytrus\u00f3w i zi\u00f3\u0142 z pikantnymi, drzewnymi i lekko s\u0142odkimi nutami.<\/li>\n<li><strong>Zapachy<\/strong> Ziemisty cytrynowy zapach z kwa\u015bnym sosnowym odcieniem i nut\u0105 przypraw, kt\u00f3ry staje si\u0119 bardziej intensywny z ka\u017cdym zaci\u0105gni\u0119ciem.<a href=\"https:\/\/fuelpackz.com\/\" target=\"_blank\" rel=\"noopener\">.<\/a><\/li>\n<\/ul>\n<p>Te <strong>smaki i aromaty<\/strong> Te unikalne cechy sprawiaj\u0105, \u017ce Scout Master jest popularn\u0105 odmian\u0105 dla mi\u0142o\u015bnik\u00f3w \u015bwie\u017cych, drzewnych smak\u00f3w.<\/p>\n<h3>Dlaczego warto kupi\u0107 Scout Master Strain na <a href=\"https:\/\/pressurezone.shop\/pl\/\" target=\"_new\" rel=\"noopener\">Strefa ci\u015bnienia<\/a>?<\/h3>\n<p>Przy <strong>Strefa ci\u015bnienia<\/strong>oferujemy <strong>odmiany konopi<\/strong> przetestowane pod k\u0105tem mocy i czysto\u015bci. <strong>Szczep Scout Master<\/strong> jest jedn\u0105 z naszych najlepszych odmian ze wzgl\u0119du na zr\u00f3wnowa\u017cone dzia\u0142anie i wyra\u017any profil smakowy. Oto dlaczego warto wybra\u0107 Pressure Zone:<\/p>\n<ul>\n<li><strong>Najwy\u017csza jako\u015b\u0107<\/strong> Nasze produkty s\u0105 rygorystycznie testowane, aby zagwarantowa\u0107 najwy\u017csz\u0105 jako\u015b\u0107.<\/li>\n<li><strong>Stymuluj\u0105cy i lekki efekt<\/strong> Idealny na chwile kreatywno\u015bci i koncentracji.<\/li>\n<li><strong>Fachowa obs\u0142uga klienta<\/strong> Jeste\u015bmy dost\u0119pni, aby pom\u00f3c Ci znale\u017a\u0107 odpowiedni <strong>odmiana konopi<\/strong> dostosowane do Twoich potrzeb.<\/li>\n<\/ul>\n<h3>Cz\u0119sto zadawane pytania<\/h3>\n<h4>Jakie s\u0105 g\u0142\u00f3wne efekty dzia\u0142ania Scout Master Strain?<\/h4>\n<p>Scout Master zapewnia stymuluj\u0105cy i kreatywny haj, idealny na chwile koncentracji i aktywno\u015bci w ci\u0105gu dnia. Oferuje idealn\u0105 r\u00f3wnowag\u0119 mi\u0119dzy energi\u0105 a relaksem.<\/p>\n<h4>Czy Scout Master jest skuteczny w \u0142agodzeniu stresu i b\u00f3lu?<\/h4>\n<p>Tak, Scout Master jest cz\u0119sto stosowany w celu zmniejszenia stresu, z\u0142agodzenia niepokoju i z\u0142agodzenia przewlek\u0142ego b\u00f3lu.<\/p>\n<h4>Jakie smaki i aromaty dominuj\u0105 w Scout Master?<\/h4>\n<p>Scout Master oferuje smaki cytrus\u00f3w i drewna, z nutami przypraw i s\u0142odyczy. Jej aromat to ziemista mieszanka z nutami sosny i kwa\u015bnej cytryny.<\/p>\n<h3>Zam\u00f3w odmian\u0119 Scout Master Strain online w Europie pod adresem <a href=\"https:\/\/pressurezone.shop\/pl\/\" target=\"_new\" rel=\"noopener\">Strefa ci\u015bnienia<\/a><\/h3>\n<p>Gotowy, aby odkry\u0107 idealn\u0105 r\u00f3wnowag\u0119 energii i relaksu od <strong>Szczep Scout Master<\/strong>? <strong>Zam\u00f3w teraz<\/strong> na <a href=\"https:\/\/pressurezone.shop\/pl\/\" target=\"_new\" rel=\"noopener\">Strefa ci\u015bnienia<\/a> dla do\u015bwiadczenia <strong>odmiana konopi<\/strong> Pressure Zone to wyj\u0105tkowy, wysokiej jako\u015bci produkt, idealny na chwile kreatywno\u015bci i koncentracji. Dzi\u0119ki szybkiej i dyskretnej dostawie, Pressure Zone to wyb\u00f3r zapewniaj\u0105cy wyj\u0105tkowe doznania zwi\u0105zane z konopiami indyjskimi.<\/p>\n<\/div>\n<\/div>\n<\/div>\n<\/div>\n<\/div>\n<\/div>","protected":false},"excerpt":{"rendered":"<p>Achetez la Vari\u00e9t\u00e9 Scout Master Strain en Ligne en Europe sur Pressure Zone D\u00e9couvrez Scout Master Strain, une vari\u00e9t\u00e9 de cannabis sativa dominante (75% sativa \/ 25% indica) \u00e9galement connue sous le nom de \u201cMaster Scout.\u201d Issue d\u2019un croisement entre les c\u00e9l\u00e8bres Girl Scout Cookies et Master Kush, Scout Master offre un high puissant et [&hellip;]<\/p>","protected":false},"featured_media":3181,"comment_status":"closed","ping_status":"closed","template":"","meta":{"_uag_custom_page_level_css":"","site-sidebar-layout":"default","site-content-layout":"","ast-site-content-layout":"default","site-content-style":"default","site-sidebar-style":"default","ast-global-header-display":"","ast-banner-title-visibility":"","ast-main-header-display":"","ast-hfb-above-header-display":"","ast-hfb-below-header-display":"","ast-hfb-mobile-header-display":"","site-post-title":"","ast-breadcrumbs-content":"","ast-featured-img":"","footer-sml-layout":"","theme-transparent-header-meta":"default","adv-header-id-meta":"","stick-header-meta":"","header-above-stick-meta":"","header-main-stick-meta":"","header-below-stick-meta":"","astra-migrate-meta-layouts":"set","ast-page-background-enabled":"default","ast-page-background-meta":{"desktop":{"background-color":"","background-image":"","background-repeat":"repeat","background-position":"center center","background-size":"auto","background-attachment":"scroll","background-type":"","background-media":"","overlay-type":"","overlay-color":"","overlay-opacity":"","overlay-gradient":""},"tablet":{"background-color":"","background-image":"","background-repeat":"repeat","background-position":"center center","background-size":"auto","background-attachment":"scroll","background-type":"","background-media":"","overlay-type":"","overlay-color":"","overlay-opacity":"","overlay-gradient":""},"mobile":{"background-color":"","background-image":"","background-repeat":"repeat","background-position":"center center","background-size":"auto","background-attachment":"scroll","background-type":"","background-media":"","overlay-type":"","overlay-color":"","overlay-opacity":"","overlay-gradient":""}},"ast-content-background-meta":{"desktop":{"background-color":"var(--ast-global-color-5)","background-image":"","background-repeat":"repeat","background-position":"center center","background-size":"auto","background-attachment":"scroll","background-type":"","background-media":"","overlay-type":"","overlay-color":"","overlay-opacity":"","overlay-gradient":""},"tablet":{"background-color":"var(--ast-global-color-5)","background-image":"","background-repeat":"repeat","background-position":"center center","background-size":"auto","background-attachment":"scroll","background-type":"","background-media":"","overlay-type":"","overlay-color":"","overlay-opacity":"","overlay-gradient":""},"mobile":{"background-color":"var(--ast-global-color-5)","background-image":"","background-repeat":"repeat","background-position":"center center","background-size":"auto","background-attachment":"scroll","background-type":"","background-media":"","overlay-type":"","overlay-color":"","overlay-opacity":"","overlay-gradient":""}}},"product_brand":[],"product_cat":[28,273],"product_tag":[328],"class_list":{"0":"post-3102","1":"product","2":"type-product","3":"status-publish","4":"has-post-thumbnail","6":"product_cat-varietes-de-cannabis","7":"product_cat-varietes-de-cannabis-sativa","8":"product_tag-buy-scout-master-strain-europe","9":"desktop-align-left","10":"tablet-align-left","11":"mobile-align-left","13":"first","14":"instock","15":"shipping-taxable","16":"purchasable","17":"product-type-variable"},"uagb_featured_image_src":{"full":["https:\/\/pressurezone.shop\/wp-content\/uploads\/2024\/10\/Buy-Scout-Master-Strain.webp",570,427,false],"thumbnail":["https:\/\/pressurezone.shop\/wp-content\/uploads\/2024\/10\/Buy-Scout-Master-Strain-150x150.webp",150,150,true],"medium":["https:\/\/pressurezone.shop\/wp-content\/uploads\/2024\/10\/Buy-Scout-Master-Strain-300x225.webp",300,225,true],"medium_large":["https:\/\/pressurezone.shop\/wp-content\/uploads\/2024\/10\/Buy-Scout-Master-Strain.webp",570,427,false],"large":["https:\/\/pressurezone.shop\/wp-content\/uploads\/2024\/10\/Buy-Scout-Master-Strain.webp",570,427,false],"1536x1536":["https:\/\/pressurezone.shop\/wp-content\/uploads\/2024\/10\/Buy-Scout-Master-Strain.webp",570,427,false],"2048x2048":["https:\/\/pressurezone.shop\/wp-content\/uploads\/2024\/10\/Buy-Scout-Master-Strain.webp",570,427,false],"trp-custom-language-flag":["https:\/\/pressurezone.shop\/wp-content\/uploads\/2024\/10\/Buy-Scout-Master-Strain-16x12.webp",16,12,true],"woocommerce_thumbnail":["https:\/\/pressurezone.shop\/wp-content\/uploads\/2024\/10\/Buy-Scout-Master-Strain-300x300.webp",300,300,true],"woocommerce_single":["https:\/\/pressurezone.shop\/wp-content\/uploads\/2024\/10\/Buy-Scout-Master-Strain.webp",570,427,false],"woocommerce_gallery_thumbnail":["https:\/\/pressurezone.shop\/wp-content\/uploads\/2024\/10\/Buy-Scout-Master-Strain-100x100.webp",100,100,true]},"uagb_author_info":{"display_name":"pressurezone.shop","author_link":"https:\/\/pressurezone.shop\/pl\/author\/"},"uagb_comment_info":0,"uagb_excerpt":"Achetez la Vari\u00e9t\u00e9 Scout Master Strain en Ligne en Europe sur Pressure Zone D\u00e9couvrez Scout Master Strain, une vari\u00e9t\u00e9 de cannabis sativa dominante (75% sativa \/ 25% indica) \u00e9galement connue sous le nom de \u201cMaster Scout.\u201d Issue d\u2019un croisement entre les c\u00e9l\u00e8bres Girl Scout Cookies et Master Kush, Scout Master offre un high puissant et&hellip;","_links":{"self":[{"href":"https:\/\/pressurezone.shop\/pl\/wp-json\/wp\/v2\/product\/3102"}],"collection":[{"href":"https:\/\/pressurezone.shop\/pl\/wp-json\/wp\/v2\/product"}],"about":[{"href":"https:\/\/pressurezone.shop\/pl\/wp-json\/wp\/v2\/types\/product"}],"replies":[{"embeddable":true,"href":"https:\/\/pressurezone.shop\/pl\/wp-json\/wp\/v2\/comments?post=3102"}],"version-history":[{"count":4,"href":"https:\/\/pressurezone.shop\/pl\/wp-json\/wp\/v2\/product\/3102\/revisions"}],"predecessor-version":[{"id":3714,"href":"https:\/\/pressurezone.shop\/pl\/wp-json\/wp\/v2\/product\/3102\/revisions\/3714"}],"wp:featuredmedia":[{"embeddable":true,"href":"https:\/\/pressurezone.shop\/pl\/wp-json\/wp\/v2\/media\/3181"}],"wp:attachment":[{"href":"https:\/\/pressurezone.shop\/pl\/wp-json\/wp\/v2\/media?parent=3102"}],"wp:term":[{"taxonomy":"product_brand","embeddable":true,"href":"https:\/\/pressurezone.shop\/pl\/wp-json\/wp\/v2\/product_brand?post=3102"},{"taxonomy":"product_cat","embeddable":true,"href":"https:\/\/pressurezone.shop\/pl\/wp-json\/wp\/v2\/product_cat?post=3102"},{"taxonomy":"product_tag","embeddable":true,"href":"https:\/\/pressurezone.shop\/pl\/wp-json\/wp\/v2\/product_tag?post=3102"}],"curies":[{"name":"wp","href":"https:\/\/api.w.org\/{rel}","templated":true}]}}