{"id":3103,"date":"2024-10-11T00:51:01","date_gmt":"2024-10-10T22:51:01","guid":{"rendered":"https:\/\/pressurezone.shop\/?post_type=product&#038;p=3103"},"modified":"2024-11-03T20:46:14","modified_gmt":"2024-11-03T19:46:14","slug":"holy-grail-cannabis-strain","status":"publish","type":"product","link":"https:\/\/pressurezone.shop\/pl\/produkt\/swiety-graal-odmiana-konopi\/","title":{"rendered":"Odmiana konopi Holy Grail"},"content":{"rendered":"<h3><strong>Kup odmian\u0119 konopi Holy Grail online w Europie pod adresem <a href=\"https:\/\/pressurezone.shop\/pl\/\" target=\"_new\" rel=\"noopener\">Sklep ze strefami ci\u015bnieniowymi<\/a><\/strong><\/h3>\n<p>Odkryj <strong>Odmiana konopi Holy Grail<\/strong>Wielokrotnie nagradzana odmiana hybrydowa powsta\u0142a w wyniku skrzy\u017cowania <strong>OG #18<\/strong> i <strong>Kosher Kush<\/strong>. Znana ze swojego koj\u0105cego, euforycznego efektu, odmiana ta jest idealna dla mi\u0142o\u015bnik\u00f3w konopi, kt\u00f3rzy chc\u0105 po\u0142\u0105czy\u0107 relaks i kreatywno\u015b\u0107. <strong>\u015awi\u0119ty Graal<\/strong> to du\u017cy, g\u0119sty kwiat o jasnozielonym kolorze z okazjonalnymi niebieskawymi i br\u0105zowymi odcieniami, urzekaj\u0105cy zar\u00f3wno swoim wygl\u0105dem, jak i moc\u0105.<a href=\"https:\/\/fuelpackz.com\/\" target=\"_blank\" rel=\"noopener\">.<\/a><\/p>\n<h3>Dlaczego warto wybra\u0107 odmian\u0119 konopi Holy Grail?<\/h3>\n<p><strong>\u015awi\u0119ty Graal<\/strong> oferuje relaksuj\u0105cy, zr\u00f3wnowa\u017cony haj, idealny do odpr\u0119\u017cenia umys\u0142u i pobudzenia kreatywno\u015bci. Jej koj\u0105cy efekt jest idealny na chwile relaksu lub w celu z\u0142agodzenia b\u00f3lu, przy jednoczesnym zachowaniu jasno\u015bci umys\u0142u, kt\u00f3ra zach\u0119ca do kreatywno\u015bci. Dzi\u0119ki wysokiej zawarto\u015bci THC, odmiana ta jest ceniona za swoje w\u0142a\u015bciwo\u015bci terapeutyczne, pomagaj\u0105c radzi\u0107 sobie z b\u00f3lem, bezsenno\u015bci\u0105, stresem i nudno\u015bciami.<\/p>\n<ul>\n<li><strong>Typ<\/strong> Hybryda (50% Sativa \/ 50% Indica)<\/li>\n<li><strong>Pochodzenie<\/strong> Krzy\u017c\u00f3wka OG #18 i Kosher Kush<\/li>\n<li><strong>THC<\/strong> Mocny, idealny do d\u0142ugotrwa\u0142ego relaksu<\/li>\n<\/ul>\n<h3>Efekty i zalety odmiany Holy Grail Weed Strain<\/h3>\n<p>La <strong>Odmiana Holy Grail Weed<\/strong> jest ceniona za swoje zr\u00f3wnowa\u017cone dzia\u0142anie, oferuj\u0105c uczucie delikatnej euforii i g\u0142\u0119bokiego relaksu. Promuje stan szcz\u0119\u015bcia, jednocze\u015bnie uwalniaj\u0105c umys\u0142 od wszelkiego napi\u0119cia, idealny na chwile produktywnego relaksu.<\/p>\n<ul>\n<li><strong>Efekty<\/strong> Kreatywno\u015b\u0107, euforia, szcz\u0119\u015bcie, relaks, uczucie uniesienia<\/li>\n<li><strong>Zalecane dla<\/strong> Przewlek\u0142y b\u00f3l, depresja, bezsenno\u015b\u0107, nudno\u015bci, stres<\/li>\n<\/ul>\n<h3>Stany \u0142agodzone przez odmian\u0119 konopi Holy Grail<\/h3>\n<p>Dzi\u0119ki pot\u0119\u017cnemu profilowi <strong>\u015awi\u0119ty Graal<\/strong> jest cz\u0119sto stosowany w celu \u0142agodzenia r\u00f3\u017cnych schorze\u0144:<\/p>\n<ul>\n<li><strong>Przewlek\u0142y b\u00f3l<\/strong> Zmniejsza b\u00f3l mi\u0119\u015bni i staw\u00f3w, zapewniaj\u0105c d\u0142ugotrwa\u0142\u0105 ulg\u0119 dla cia\u0142a.<\/li>\n<li><strong>Bezsenno\u015b\u0107<\/strong> Pomaga si\u0119 zrelaksowa\u0107 i zasn\u0105\u0107.<\/li>\n<li><strong>Depresja i stres<\/strong> Oczyszcza umys\u0142 i \u0142agodzi negatywne my\u015bli.<\/li>\n<li><strong>Nudno\u015bci<\/strong> \u0141agodzi rozstr\u00f3j \u017co\u0142\u0105dka i pobudza apetyt.<\/li>\n<\/ul>\n<h3>Smaki i aromaty odmiany konopi Holy Grail<\/h3>\n<p><strong>\u015awi\u0119ty Graal<\/strong> oferuje bogaty profil smakowy z nutami zio\u0142owymi i sosnowymi, kt\u00f3re dodaj\u0105 przyjemnej \u015bwie\u017co\u015bci ka\u017cdemu zaci\u0105gni\u0119ciu. Jej aromat jest r\u00f3wnie intensywny, \u0142\u0105cz\u0105c ziemiste, pikantne i drzewne niuanse, zapewniaj\u0105c pe\u0142ne i wci\u0105gaj\u0105ce doznania.<\/p>\n<ul>\n<li><strong>Smaki<\/strong> Ro\u015bliny zielne, sosna<\/li>\n<li><strong>Zapachy<\/strong> ziemisty, zio\u0142owy, korzenny, drzewny, ostry<\/li>\n<\/ul>\n<h3>Wygl\u0105d odmiany Holy Grail Weed<\/h3>\n<p>La <strong>Odmiana konopi Holy Grail<\/strong> wyr\u00f3\u017cnia si\u0119 g\u0119stymi, du\u017cymi, pokrytymi kryszta\u0142kami p\u0105kami. Jej jasnobr\u0105zowe i zielone odcienie, czasami zabarwione na niebiesko, sprawiaj\u0105, \u017ce odmiana ta jest r\u00f3wnie przyjemna dla oka, jak i do jedzenia, przyci\u0105gaj\u0105c koneser\u00f3w swoim wyrafinowanym, mocnym wygl\u0105dem.<\/p>\n<h3>Zam\u00f3w odmian\u0119 konopi Holy Grail online w sklepie Pressure Zone Shop<\/h3>\n<p>Gotowy, aby odkry\u0107 relaksuj\u0105ce i euforyczne do\u015bwiadczenie <strong>Odmiana konopi Holy Grail<\/strong> ? Zam\u00f3w teraz na <a href=\"https:\/\/pressurezone.shop\/pl\/\" target=\"_new\" rel=\"noopener\">Sklep ze strefami ci\u015bnieniowymi<\/a> i ciesz si\u0119 t\u0105 wyj\u0105tkow\u0105 odmian\u0105 hybrydow\u0105, idealn\u0105 do \u0142agodzenia b\u00f3lu lub poprawy nastroju. Niezale\u017cnie od tego, czy chcesz uspokoi\u0107 umys\u0142, czy odkry\u0107 swoj\u0105 kreatywno\u015b\u0107, <strong>\u015awi\u0119ty Graal<\/strong> to idealny wyb\u00f3r zapewniaj\u0105cy doskona\u0142e wra\u017cenia.<\/p>","protected":false},"excerpt":{"rendered":"<p>Achetez la Holy Grail Cannabis Strain en Ligne en Europe sur Pressure Zone Shop D\u00e9couvrez la Holy Grail Cannabis Strain, une vari\u00e9t\u00e9 hybride prim\u00e9e issue du croisement entre OG #18 et Kosher Kush. R\u00e9put\u00e9e pour son effet apaisant et euphorique, cette vari\u00e9t\u00e9 est id\u00e9ale pour les amateurs de cannabis cherchant \u00e0 allier relaxation et cr\u00e9ativit\u00e9. [&hellip;]<\/p>","protected":false},"featured_media":3183,"comment_status":"closed","ping_status":"closed","template":"","meta":{"_uag_custom_page_level_css":"","site-sidebar-layout":"default","site-content-layout":"","ast-site-content-layout":"default","site-content-style":"default","site-sidebar-style":"default","ast-global-header-display":"","ast-banner-title-visibility":"","ast-main-header-display":"","ast-hfb-above-header-display":"","ast-hfb-below-header-display":"","ast-hfb-mobile-header-display":"","site-post-title":"","ast-breadcrumbs-content":"","ast-featured-img":"","footer-sml-layout":"","theme-transparent-header-meta":"default","adv-header-id-meta":"","stick-header-meta":"","header-above-stick-meta":"","header-main-stick-meta":"","header-below-stick-meta":"","astra-migrate-meta-layouts":"set","ast-page-background-enabled":"default","ast-page-background-meta":{"desktop":{"background-color":"","background-image":"","background-repeat":"repeat","background-position":"center center","background-size":"auto","background-attachment":"scroll","background-type":"","background-media":"","overlay-type":"","overlay-color":"","overlay-opacity":"","overlay-gradient":""},"tablet":{"background-color":"","background-image":"","background-repeat":"repeat","background-position":"center center","background-size":"auto","background-attachment":"scroll","background-type":"","background-media":"","overlay-type":"","overlay-color":"","overlay-opacity":"","overlay-gradient":""},"mobile":{"background-color":"","background-image":"","background-repeat":"repeat","background-position":"center center","background-size":"auto","background-attachment":"scroll","background-type":"","background-media":"","overlay-type":"","overlay-color":"","overlay-opacity":"","overlay-gradient":""}},"ast-content-background-meta":{"desktop":{"background-color":"var(--ast-global-color-5)","background-image":"","background-repeat":"repeat","background-position":"center center","background-size":"auto","background-attachment":"scroll","background-type":"","background-media":"","overlay-type":"","overlay-color":"","overlay-opacity":"","overlay-gradient":""},"tablet":{"background-color":"var(--ast-global-color-5)","background-image":"","background-repeat":"repeat","background-position":"center center","background-size":"auto","background-attachment":"scroll","background-type":"","background-media":"","overlay-type":"","overlay-color":"","overlay-opacity":"","overlay-gradient":""},"mobile":{"background-color":"var(--ast-global-color-5)","background-image":"","background-repeat":"repeat","background-position":"center center","background-size":"auto","background-attachment":"scroll","background-type":"","background-media":"","overlay-type":"","overlay-color":"","overlay-opacity":"","overlay-gradient":""}}},"product_brand":[],"product_cat":[28,277],"product_tag":[329],"class_list":{"0":"post-3103","1":"product","2":"type-product","3":"status-publish","4":"has-post-thumbnail","6":"product_cat-varietes-de-cannabis","7":"product_cat-varietes-de-cannabis-hybrides","8":"product_tag-buy-holy-grail-cannabis-strain-online-europe","9":"desktop-align-left","10":"tablet-align-left","11":"mobile-align-left","13":"first","14":"instock","15":"shipping-taxable","16":"purchasable","17":"product-type-variable"},"uagb_featured_image_src":{"full":["https:\/\/pressurezone.shop\/wp-content\/uploads\/2024\/10\/Holy-Grail-Cannabis-Strain.jpg",2560,1707,false],"thumbnail":["https:\/\/pressurezone.shop\/wp-content\/uploads\/2024\/10\/Holy-Grail-Cannabis-Strain-150x150.jpg",150,150,true],"medium":["https:\/\/pressurezone.shop\/wp-content\/uploads\/2024\/10\/Holy-Grail-Cannabis-Strain-300x200.jpg",300,200,true],"medium_large":["https:\/\/pressurezone.shop\/wp-content\/uploads\/2024\/10\/Holy-Grail-Cannabis-Strain-768x512.jpg",768,512,true],"large":["https:\/\/pressurezone.shop\/wp-content\/uploads\/2024\/10\/Holy-Grail-Cannabis-Strain-1024x683.jpg",1024,683,true],"1536x1536":["https:\/\/pressurezone.shop\/wp-content\/uploads\/2024\/10\/Holy-Grail-Cannabis-Strain-1536x1024.jpg",1536,1024,true],"2048x2048":["https:\/\/pressurezone.shop\/wp-content\/uploads\/2024\/10\/Holy-Grail-Cannabis-Strain-2048x1366.jpg",2048,1366,true],"trp-custom-language-flag":["https:\/\/pressurezone.shop\/wp-content\/uploads\/2024\/10\/Holy-Grail-Cannabis-Strain-18x12.jpg",18,12,true],"woocommerce_thumbnail":["https:\/\/pressurezone.shop\/wp-content\/uploads\/2024\/10\/Holy-Grail-Cannabis-Strain-300x300.jpg",300,300,true],"woocommerce_single":["https:\/\/pressurezone.shop\/wp-content\/uploads\/2024\/10\/Holy-Grail-Cannabis-Strain-600x400.jpg",600,400,true],"woocommerce_gallery_thumbnail":["https:\/\/pressurezone.shop\/wp-content\/uploads\/2024\/10\/Holy-Grail-Cannabis-Strain-100x100.jpg",100,100,true]},"uagb_author_info":{"display_name":"pressurezone.shop","author_link":"https:\/\/pressurezone.shop\/pl\/author\/"},"uagb_comment_info":0,"uagb_excerpt":"Achetez la Holy Grail Cannabis Strain en Ligne en Europe sur Pressure Zone Shop D\u00e9couvrez la Holy Grail Cannabis Strain, une vari\u00e9t\u00e9 hybride prim\u00e9e issue du croisement entre OG #18 et Kosher Kush. R\u00e9put\u00e9e pour son effet apaisant et euphorique, cette vari\u00e9t\u00e9 est id\u00e9ale pour les amateurs de cannabis cherchant \u00e0 allier relaxation et cr\u00e9ativit\u00e9.&hellip;","_links":{"self":[{"href":"https:\/\/pressurezone.shop\/pl\/wp-json\/wp\/v2\/product\/3103"}],"collection":[{"href":"https:\/\/pressurezone.shop\/pl\/wp-json\/wp\/v2\/product"}],"about":[{"href":"https:\/\/pressurezone.shop\/pl\/wp-json\/wp\/v2\/types\/product"}],"replies":[{"embeddable":true,"href":"https:\/\/pressurezone.shop\/pl\/wp-json\/wp\/v2\/comments?post=3103"}],"version-history":[{"count":3,"href":"https:\/\/pressurezone.shop\/pl\/wp-json\/wp\/v2\/product\/3103\/revisions"}],"predecessor-version":[{"id":3887,"href":"https:\/\/pressurezone.shop\/pl\/wp-json\/wp\/v2\/product\/3103\/revisions\/3887"}],"wp:featuredmedia":[{"embeddable":true,"href":"https:\/\/pressurezone.shop\/pl\/wp-json\/wp\/v2\/media\/3183"}],"wp:attachment":[{"href":"https:\/\/pressurezone.shop\/pl\/wp-json\/wp\/v2\/media?parent=3103"}],"wp:term":[{"taxonomy":"product_brand","embeddable":true,"href":"https:\/\/pressurezone.shop\/pl\/wp-json\/wp\/v2\/product_brand?post=3103"},{"taxonomy":"product_cat","embeddable":true,"href":"https:\/\/pressurezone.shop\/pl\/wp-json\/wp\/v2\/product_cat?post=3103"},{"taxonomy":"product_tag","embeddable":true,"href":"https:\/\/pressurezone.shop\/pl\/wp-json\/wp\/v2\/product_tag?post=3103"}],"curies":[{"name":"wp","href":"https:\/\/api.w.org\/{rel}","templated":true}]}}