{"id":3104,"date":"2024-10-11T00:51:01","date_gmt":"2024-10-10T22:51:01","guid":{"rendered":"https:\/\/pressurezone.shop\/?post_type=product&#038;p=3104"},"modified":"2024-11-03T00:58:05","modified_gmt":"2024-11-02T23:58:05","slug":"gosh-hybrid-weed-strain","status":"publish","type":"product","link":"https:\/\/pressurezone.shop\/pl\/produkt\/hybrydowa-odmiana-chwastow-gosh\/","title":{"rendered":"Gosh Hybrid Weed Strain"},"content":{"rendered":"<h3><strong>Kup Gosh Hybrid Weed Strain online pod adresem <a href=\"https:\/\/pressurezone.shop\/pl\/\" target=\"_new\" rel=\"noopener\">Sklep ze strefami ci\u015bnieniowymi<\/a><\/strong><\/h3>\n<p>Odkryj <strong>Gosh Hybrid Weed Strain<\/strong>Unikalna hybryda stworzona z pot\u0119\u017cnej krzy\u017c\u00f3wki pomi\u0119dzy <strong>Green Crack<\/strong> i <strong>Silver Haze<\/strong>. Ta intensywna kombinacja genetyczna daje pocz\u0105tek kwiatom o \u017cywych, promiennych odcieniach, pokrytych \u015bwietlistymi w\u0142oskami i s\u0142upkami w kolorze ognia. Uderzaj\u0105cy wygl\u0105d zas\u0142uguje na swoj\u0105 nazw\u0119, z niezwyk\u0142ymi odcieniami ochry i g\u0119stymi, zwartymi p\u0105kami.<\/p>\n<h3>Dlaczego warto wybra\u0107 Gosh Hybrid Weed Strain?<\/h3>\n<p><strong>Ojej<\/strong> to doskonale zbalansowana odmiana hybrydowa (50% sativa \/ 50% indica), idealna dla os\u00f3b poszukuj\u0105cych m\u00f3zgowego, energetyzuj\u0105cego haju bez efektu uspokajaj\u0105cego typowego dla innych szczep\u00f3w. Dzi\u0119ki stymuluj\u0105cym efektom i uczuciu \u0142agodnego relaksu jest to doskona\u0142y wyb\u00f3r do spo\u017cycia w ci\u0105gu dnia. Dzia\u0142anie Gosh rozpoczyna si\u0119 od euforycznego haju, kt\u00f3ry pobudza kreatywno\u015b\u0107 i pomaga zachowa\u0107 koncentracj\u0119, zapewniaj\u0105c jednocze\u015bnie subtelne odpr\u0119\u017cenie cia\u0142a. Jest to idealna odmiana do utrzymywania aktywno\u015bci przy jednoczesnym czerpaniu korzy\u015bci z dobrego haju.<a href=\"https:\/\/fuelpackz.com\/\" target=\"_blank\" rel=\"noopener\">.<\/a><\/p>\n<ul>\n<li><strong>Typ<\/strong> Hybryda - 50% Sativa \/ 50% Indica<\/li>\n<li><strong>THC<\/strong> : 15-20%<\/li>\n<\/ul>\n<h3>Efekty i korzy\u015bci hybrydowej odmiany chwast\u00f3w Gosh<\/h3>\n<p>O smaku i aromacie przypominaj\u0105cym owoce cytrusowe i przyprawy, <strong>Ojej<\/strong> oferuje z\u0142o\u017cone i przyjemne doznania sensoryczne. Niezale\u017cnie od tego, czy chodzi o z\u0142agodzenie stresu, czy pobudzenie kreatywno\u015bci, ta odmiana jest idealna dla u\u017cytkownik\u00f3w poszukuj\u0105cych dynamicznego, zr\u00f3wnowa\u017conego haju.<\/p>\n<ul>\n<li><strong>Efekty<\/strong> Euforia, Stymulacja m\u00f3zgu, Kreatywno\u015b\u0107, Lekki relaks, Uczucie g\u0142odu<\/li>\n<li><strong>Idealny dla<\/strong> ADD\/ADHD, niepok\u00f3j, utrata apetytu, przewlek\u0142y b\u00f3l, depresja, nudno\u015bci, stres<\/li>\n<\/ul>\n<p>Warunki, kt\u00f3re mo\u017cna z\u0142agodzi\u0107 za pomoc\u0105 <strong>Ojej<\/strong> :<\/p>\n<ul>\n<li><strong>L\u0119k i stres<\/strong> Koj\u0105cy przyp\u0142yw mentalny, idealny do uspokojenia umys\u0142u.<\/li>\n<li><strong>Depresja<\/strong> Zapewnia euforyczny, energetyzuj\u0105cy zastrzyk.<\/li>\n<li><strong>Przewlek\u0142y b\u00f3l<\/strong> Zmniejsza napi\u0119cie mi\u0119\u015bni, nie b\u0119d\u0105c ci\u0119\u017ckim ani uspokajaj\u0105cym.<\/li>\n<li><strong>Nudno\u015bci i utrata apetytu<\/strong> Idealny wyb\u00f3r dla poprawy apetytu i zmniejszenia nudno\u015bci.<\/li>\n<\/ul>\n<h3>Smaki i aromaty hybrydowej odmiany zi\u00f3\u0142 Gosh<\/h3>\n<p>Smaki <strong>Gosh Hybrid Weed Strain<\/strong> s\u0105 r\u00f3wnie urzekaj\u0105ce, jak ich wygl\u0105d. Wyczuwalne s\u0105 nuty \u015bwie\u017cych cytrus\u00f3w, pikantnych zi\u00f3\u0142 i drewna, z lekk\u0105 nut\u0105 sosny i s\u0142odyczy. Z ka\u017cdym wdechem jego bogaty aromat rozwija si\u0119, oferuj\u0105c pe\u0142ne doznania smakowe.<\/p>\n<ul>\n<li><strong>Smaki<\/strong> Cytrusowy, korzenny, zio\u0142owy, s\u0142odki, drzewny<\/li>\n<li><strong>Zapachy<\/strong> ziemisty, cytrynowy, zio\u0142owy, sosnowy, drzewny<\/li>\n<\/ul>\n<h3>Wygl\u0105d hybrydowego szczepu Gosh<\/h3>\n<p>P\u0105ki <strong>Ojej<\/strong> s\u0105 spektaklem samym w sobie. Pokryte ognistymi s\u0142upkami i b\u0142yszcz\u0105cym ochrowym welonem, te zwarte, g\u0119ste g\u0142\u00f3wki s\u0105 prawdziwym wizualnym wyczynem. Krystaliczne w\u0142oski, kt\u00f3re pokrywaj\u0105 t\u0119 odmian\u0119, dodaj\u0105 ca\u0142o\u015bci l\u015bni\u0105cego wymiaru, jeszcze bardziej zwi\u0119kszaj\u0105c jej atrakcyjno\u015b\u0107 dla koneser\u00f3w.<\/p>\n<h3>Zam\u00f3w Gosh Hybrid Weed Strain online w sklepie Pressure Zone Shop<\/h3>\n<p>Gotowy, by odkry\u0107 energetyzuj\u0105c\u0105 wspinaczk\u0119 Gosh? <strong>Zam\u00f3w online<\/strong> od dzisiaj <a href=\"https:\/\/pressurezone.shop\/pl\/\" target=\"_new\" rel=\"noopener\">Sklep ze strefami ci\u015bnieniowymi<\/a> i ciesz si\u0119 niezawodn\u0105 dostaw\u0105 prosto do domu. Idealny na produktywne dni lub kreatywne chwile, <strong>Gosh Hybrid Weed Strain<\/strong> to idealny wyb\u00f3r dla os\u00f3b poszukuj\u0105cych zr\u00f3wnowa\u017conego, stymuluj\u0105cego haju.<\/p>","protected":false},"excerpt":{"rendered":"<p>Hybryda z dominacj\u0105 Sativy - 75% Sativa \/ 25% Indica<\/p>","protected":false},"featured_media":3185,"comment_status":"closed","ping_status":"closed","template":"","meta":{"_uag_custom_page_level_css":"","site-sidebar-layout":"default","site-content-layout":"","ast-site-content-layout":"default","site-content-style":"default","site-sidebar-style":"default","ast-global-header-display":"","ast-banner-title-visibility":"","ast-main-header-display":"","ast-hfb-above-header-display":"","ast-hfb-below-header-display":"","ast-hfb-mobile-header-display":"","site-post-title":"","ast-breadcrumbs-content":"","ast-featured-img":"","footer-sml-layout":"","theme-transparent-header-meta":"default","adv-header-id-meta":"","stick-header-meta":"","header-above-stick-meta":"","header-main-stick-meta":"","header-below-stick-meta":"","astra-migrate-meta-layouts":"set","ast-page-background-enabled":"default","ast-page-background-meta":{"desktop":{"background-color":"","background-image":"","background-repeat":"repeat","background-position":"center center","background-size":"auto","background-attachment":"scroll","background-type":"","background-media":"","overlay-type":"","overlay-color":"","overlay-opacity":"","overlay-gradient":""},"tablet":{"background-color":"","background-image":"","background-repeat":"repeat","background-position":"center center","background-size":"auto","background-attachment":"scroll","background-type":"","background-media":"","overlay-type":"","overlay-color":"","overlay-opacity":"","overlay-gradient":""},"mobile":{"background-color":"","background-image":"","background-repeat":"repeat","background-position":"center center","background-size":"auto","background-attachment":"scroll","background-type":"","background-media":"","overlay-type":"","overlay-color":"","overlay-opacity":"","overlay-gradient":""}},"ast-content-background-meta":{"desktop":{"background-color":"var(--ast-global-color-5)","background-image":"","background-repeat":"repeat","background-position":"center center","background-size":"auto","background-attachment":"scroll","background-type":"","background-media":"","overlay-type":"","overlay-color":"","overlay-opacity":"","overlay-gradient":""},"tablet":{"background-color":"var(--ast-global-color-5)","background-image":"","background-repeat":"repeat","background-position":"center center","background-size":"auto","background-attachment":"scroll","background-type":"","background-media":"","overlay-type":"","overlay-color":"","overlay-opacity":"","overlay-gradient":""},"mobile":{"background-color":"var(--ast-global-color-5)","background-image":"","background-repeat":"repeat","background-position":"center center","background-size":"auto","background-attachment":"scroll","background-type":"","background-media":"","overlay-type":"","overlay-color":"","overlay-opacity":"","overlay-gradient":""}}},"product_brand":[],"product_cat":[28,277],"product_tag":[330],"class_list":{"0":"post-3104","1":"product","2":"type-product","3":"status-publish","4":"has-post-thumbnail","6":"product_cat-varietes-de-cannabis","7":"product_cat-varietes-de-cannabis-hybrides","8":"product_tag-buy-gosh-hybrid-weed-strain-online-europe","9":"desktop-align-left","10":"tablet-align-left","11":"mobile-align-left","13":"first","14":"instock","15":"shipping-taxable","16":"purchasable","17":"product-type-variable"},"uagb_featured_image_src":{"full":["https:\/\/pressurezone.shop\/wp-content\/uploads\/2024\/10\/Gosh-Hybrid-Weed-Strain.jpg",2560,1707,false],"thumbnail":["https:\/\/pressurezone.shop\/wp-content\/uploads\/2024\/10\/Gosh-Hybrid-Weed-Strain-150x150.jpg",150,150,true],"medium":["https:\/\/pressurezone.shop\/wp-content\/uploads\/2024\/10\/Gosh-Hybrid-Weed-Strain-300x200.jpg",300,200,true],"medium_large":["https:\/\/pressurezone.shop\/wp-content\/uploads\/2024\/10\/Gosh-Hybrid-Weed-Strain-768x512.jpg",768,512,true],"large":["https:\/\/pressurezone.shop\/wp-content\/uploads\/2024\/10\/Gosh-Hybrid-Weed-Strain-1024x683.jpg",1024,683,true],"1536x1536":["https:\/\/pressurezone.shop\/wp-content\/uploads\/2024\/10\/Gosh-Hybrid-Weed-Strain-1536x1024.jpg",1536,1024,true],"2048x2048":["https:\/\/pressurezone.shop\/wp-content\/uploads\/2024\/10\/Gosh-Hybrid-Weed-Strain-2048x1366.jpg",2048,1366,true],"trp-custom-language-flag":["https:\/\/pressurezone.shop\/wp-content\/uploads\/2024\/10\/Gosh-Hybrid-Weed-Strain-18x12.jpg",18,12,true],"woocommerce_thumbnail":["https:\/\/pressurezone.shop\/wp-content\/uploads\/2024\/10\/Gosh-Hybrid-Weed-Strain-300x300.jpg",300,300,true],"woocommerce_single":["https:\/\/pressurezone.shop\/wp-content\/uploads\/2024\/10\/Gosh-Hybrid-Weed-Strain-600x400.jpg",600,400,true],"woocommerce_gallery_thumbnail":["https:\/\/pressurezone.shop\/wp-content\/uploads\/2024\/10\/Gosh-Hybrid-Weed-Strain-100x100.jpg",100,100,true]},"uagb_author_info":{"display_name":"pressurezone.shop","author_link":"https:\/\/pressurezone.shop\/pl\/author\/"},"uagb_comment_info":0,"uagb_excerpt":"Sativa Dominant Hybrid \u2013 75% Sativa \/ 25% Indica","_links":{"self":[{"href":"https:\/\/pressurezone.shop\/pl\/wp-json\/wp\/v2\/product\/3104"}],"collection":[{"href":"https:\/\/pressurezone.shop\/pl\/wp-json\/wp\/v2\/product"}],"about":[{"href":"https:\/\/pressurezone.shop\/pl\/wp-json\/wp\/v2\/types\/product"}],"replies":[{"embeddable":true,"href":"https:\/\/pressurezone.shop\/pl\/wp-json\/wp\/v2\/comments?post=3104"}],"version-history":[{"count":3,"href":"https:\/\/pressurezone.shop\/pl\/wp-json\/wp\/v2\/product\/3104\/revisions"}],"predecessor-version":[{"id":3816,"href":"https:\/\/pressurezone.shop\/pl\/wp-json\/wp\/v2\/product\/3104\/revisions\/3816"}],"wp:featuredmedia":[{"embeddable":true,"href":"https:\/\/pressurezone.shop\/pl\/wp-json\/wp\/v2\/media\/3185"}],"wp:attachment":[{"href":"https:\/\/pressurezone.shop\/pl\/wp-json\/wp\/v2\/media?parent=3104"}],"wp:term":[{"taxonomy":"product_brand","embeddable":true,"href":"https:\/\/pressurezone.shop\/pl\/wp-json\/wp\/v2\/product_brand?post=3104"},{"taxonomy":"product_cat","embeddable":true,"href":"https:\/\/pressurezone.shop\/pl\/wp-json\/wp\/v2\/product_cat?post=3104"},{"taxonomy":"product_tag","embeddable":true,"href":"https:\/\/pressurezone.shop\/pl\/wp-json\/wp\/v2\/product_tag?post=3104"}],"curies":[{"name":"wp","href":"https:\/\/api.w.org\/{rel}","templated":true}]}}