{"id":3105,"date":"2024-10-11T00:51:01","date_gmt":"2024-10-10T22:51:01","guid":{"rendered":"https:\/\/pressurezone.shop\/?post_type=product&#038;p=3105"},"modified":"2024-11-02T21:09:30","modified_gmt":"2024-11-02T20:09:30","slug":"blue-widow-strain-flower-hybrid","status":"publish","type":"product","link":"https:\/\/pressurezone.shop\/pl\/produkt\/hybryda-kwiatowa-odmiany-blue-widow\/","title":{"rendered":"Kwiat odmiany Blue Widow - hybryda"},"content":{"rendered":"<div class=\"flex-shrink-0 flex flex-col relative items-end\">\n<div>\n<div class=\"pt-0\">\n<div class=\"gizmo-bot-avatar flex h-8 w-8 items-center justify-center overflow-hidden rounded-full\">\n<div class=\"relative p-1 rounded-sm flex items-center justify-center bg-token-main-surface-primary text-token-text-primary h-8 w-8\"><\/div>\n<\/div>\n<\/div>\n<\/div>\n<\/div>\n<div class=\"group\/conversation-turn relative flex w-full min-w-0 flex-col agent-turn\">\n<div class=\"flex-col gap-1 md:gap-3\">\n<div class=\"flex max-w-full flex-col flex-grow\">\n<div class=\"min-h-8 text-message flex w-full flex-col items-end gap-2 whitespace-normal break-words [.text-message+&amp;]:mt-5\" dir=\"auto\" data-message-author-role=\"assistant\" data-message-id=\"70c3ae0b-d9be-4c4a-bebe-d270896da6cd\" data-message-model-slug=\"gpt-4o\">\n<div class=\"flex w-full flex-col gap-1 empty:hidden first:pt-[3px]\">\n<div class=\"markdown prose w-full break-words dark:prose-invert light\">\n<h3><strong>Kup Blue Widow Strain Flower - Hybrid online na <a href=\"https:\/\/pressurezone.shop\/pl\/\" target=\"_new\" rel=\"noopener\">Strefa ci\u015bnienia<\/a><\/strong><\/h3>\n<p>Odkryj <strong>Kwiat odmiany Blue Widow - hybryda<\/strong>a <strong>odmiana konopi<\/strong> Hybryda, kt\u00f3ra \u0142\u0105czy w sobie moc i owocow\u0105 s\u0142odycz, zapewniaj\u0105c niezapomniane doznania sensoryczne. Pochodz\u0105ca z wysokiej jako\u015bci szczep\u00f3w, Blue Widow uwodzi intensywnymi aromatami jag\u00f3d, sosny i cytryny, zr\u00f3wnowa\u017conymi s\u0142odko-gorzkim smakiem, kt\u00f3ry zachwyci Twoje kubki smakowe. Odmiana ta jest idealna dla konsument\u00f3w poszukuj\u0105cych energetycznego haju, jednocze\u015bnie ciesz\u0105c si\u0119 g\u0142\u0119bokim relaksem.<a href=\"https:\/\/fuelpackz.com\/\" target=\"_blank\" rel=\"noopener\">e.<\/a><\/p>\n<h3>Efekty i korzy\u015bci p\u0142yn\u0105ce ze stosowania Blue Widow Flower - Hybrid<\/h3>\n<p>La <strong>odmiana Blue Widow Flower - hybryda<\/strong> s\u0142ynie ze zr\u00f3wnowa\u017conych, pot\u0119\u017cnych efekt\u00f3w, kt\u00f3re sprawiaj\u0105, \u017ce ka\u017cda sesja jest niezapomnianym prze\u017cyciem:<\/p>\n<ul>\n<li><strong>Energia i euforia<\/strong> Stymuluje umys\u0142 i poprawia nastr\u00f3j, idealny na chwile kreatywno\u015bci lub spotkania towarzyskie.<\/li>\n<li><strong>Ca\u0142kowity relaks<\/strong> Relaksuje cia\u0142o i umys\u0142, pomagaj\u0105c zmniejszy\u0107 napi\u0119cie mi\u0119\u015bni i sprzyjaj\u0105c odpoczynkowi.<\/li>\n<li><strong>Skupienie i rado\u015b\u0107<\/strong> Daje uczucie delikatnej koncentracji i szcz\u0119\u015bliwego stanu umys\u0142u.<\/li>\n<\/ul>\n<p>Blue Widow to doskona\u0142y wyb\u00f3r na produktywny dzie\u0144 lub relaks pod koniec wieczoru. Dzia\u0142a zar\u00f3wno na m\u00f3zg, jak i na cia\u0142o. <strong>odmiana konopi<\/strong> Hybryda jest idealna dla u\u017cytkownik\u00f3w na wszystkich poziomach zaawansowania.<\/p>\n<h3>Korzy\u015bci terapeutyczne p\u0142yn\u0105ce ze szczepu Blue Widow Flower - Hybrid<\/h3>\n<p>Dzi\u0119ki swoim w\u0142a\u015bciwo\u015bciom uspokajaj\u0105cym i energetyzuj\u0105cym, <strong>B\u0142\u0119kitna Wdowa<\/strong> jest cz\u0119sto wybierany, aby pom\u00f3c w radzeniu sobie z r\u00f3\u017cnymi objawami:<\/p>\n<ul>\n<li><strong>Ulga w przewlek\u0142ym b\u00f3lu i zapaleniu staw\u00f3w<\/strong> Zmniejsza uporczywy b\u00f3l i \u0142agodzi napi\u0119cie mi\u0119\u015bni.<\/li>\n<li><strong>Lepszy nastr\u00f3j<\/strong> Skutecznie przeciwdzia\u0142a depresji i stresowi, poprawiaj\u0105c og\u00f3lne samopoczucie.<\/li>\n<li><strong>Zmniejsza nudno\u015bci i skurcze mi\u0119\u015bni<\/strong> Szczeg\u00f3lnie przydatny do uspokajania \u017co\u0142\u0105dka i \u0142agodzenia skurcz\u00f3w.<\/li>\n<li><strong>Pomoc w zasypianiu<\/strong> Jego relaksuj\u0105ce dzia\u0142anie pomaga r\u00f3wnie\u017c zwalcza\u0107 bezsenno\u015b\u0107, promuj\u0105c g\u0142\u0119boki, regeneruj\u0105cy sen.<\/li>\n<\/ul>\n<p>To <strong>odmiana konopi<\/strong> jest idealnym rozwi\u0105zaniem dla os\u00f3b poszukuj\u0105cych wszechstronnej opcji zdolnej do \u0142agodzenia szerokiego zakresu dolegliwo\u015bci.<\/p>\n<h3>Smaki i aromaty Blue Widow<\/h3>\n<p>Blue Widow jest ceniona za bogaty, zr\u00f3wnowa\u017cony smak, kt\u00f3ry sprawia, \u017ce jest to wyj\u0105tkowe do\u015bwiadczenie smakowe:<\/p>\n<ul>\n<li><strong>Smaki<\/strong> Owocowy, s\u0142odki smak jag\u00f3d i bor\u00f3wek z zio\u0142owymi i lekko s\u0142odkimi nutami.<\/li>\n<li><strong>Zapachy<\/strong> Urzekaj\u0105cy zapach ziemistych jag\u00f3d ze s\u0142odkimi, owocowymi akcentami przypominaj\u0105cymi jagodowy deser.<\/li>\n<\/ul>\n<p>Te <strong>wyj\u0105tkowe smaki i aromaty<\/strong> wzbogacaj\u0105 doznania, czyni\u0105c Blue Widow idealn\u0105 odmian\u0105 dla mi\u0142o\u015bnik\u00f3w owocowych, s\u0142odkich smak\u00f3w.<\/p>\n<h3>Dlaczego warto kupi\u0107 Blue Widow Flower - Hybrid na <a href=\"https:\/\/pressurezone.shop\/pl\/\" target=\"_new\" rel=\"noopener\">Strefa ci\u015bnienia<\/a>?<\/h3>\n<p>Przy <strong>Strefa ci\u015bnienia<\/strong>jeste\u015bmy zobowi\u0105zani do zapewnienia <strong>odmiany konopi<\/strong> najwy\u017cszej jako\u015bci, starannie przetestowane pod k\u0105tem mocy i czysto\u015bci. <strong>Kwiat odmiany Blue Widow - hybryda<\/strong> to jedna z naszych najpopularniejszych odmian, znana ze zr\u00f3wnowa\u017conych efekt\u00f3w i unikalnego profilu aromatycznego. Oto dlaczego warto kupowa\u0107 w\u0142a\u015bnie u nas:<\/p>\n<ul>\n<li><strong>Gwarantowana jako\u015b\u0107 i czysto\u015b\u0107<\/strong> Nasze produkty s\u0105 rygorystycznie testowane, aby zagwarantowa\u0107 wysok\u0105 jako\u015b\u0107.<\/li>\n<li><strong>Zr\u00f3wnowa\u017cone do\u015bwiadczenie<\/strong> Idealny na chwile kreatywno\u015bci i relaksu.<\/li>\n<li><strong>Dedykowana obs\u0142uga klienta<\/strong> Nasz zesp\u00f3\u0142 jest tutaj, aby pom\u00f3c Ci znale\u017a\u0107 odpowiedni <strong>odmiana konopi<\/strong> kt\u00f3ry najlepiej spe\u0142nia Twoje oczekiwania.<\/li>\n<\/ul>\n<h3>Cz\u0119sto zadawane pytania<\/h3>\n<h4>Jakie s\u0105 g\u0142\u00f3wne efekty dzia\u0142ania Blue Widow Strain Flower?<\/h4>\n<p>Blue Widow zapewnia zr\u00f3wnowa\u017cony efekt, kt\u00f3ry \u0142\u0105czy eufori\u0119 m\u00f3zgow\u0105 i relaksacj\u0119 cia\u0142a. Jest idealny do stymulowania kreatywno\u015bci, poprawy nastroju i promowania odpoczynku.<\/p>\n<h4>Czy Blue Widow nadaje si\u0119 do \u0142agodzenia b\u00f3lu?<\/h4>\n<p>Tak, Blue Widow jest skuteczna w zmniejszaniu przewlek\u0142ego b\u00f3lu, skurcz\u00f3w mi\u0119\u015bni i napi\u0119cia, a tak\u017ce zach\u0119ca do pozytywnego stanu umys\u0142u.<\/p>\n<h4>Jakie smaki i aromaty dominuj\u0105 w Blue Widow?<\/h4>\n<p>Odmiana ta ma s\u0142odki smak jag\u00f3d i bor\u00f3wek, z ziemistym, owocowym aromatem przypominaj\u0105cym deser jagodowy.<\/p>\n<h3>Zam\u00f3w Blue Widow Flower - Hybrid online na <a href=\"https:\/\/pressurezone.shop\/pl\/\" target=\"_new\" rel=\"noopener\">Strefa ci\u015bnienia<\/a><\/h3>\n<p>Gotowy do odkrycia zr\u00f3wnowa\u017conych efekt\u00f3w i owocowego smaku <strong>Kwiat odmiany Blue Widow - hybryda<\/strong>? <strong>Zam\u00f3w teraz<\/strong> na <a href=\"https:\/\/pressurezone.shop\/pl\/\" target=\"_new\" rel=\"noopener\">Strefa ci\u015bnienia<\/a> dla do\u015bwiadczenia <strong>odmiana konopi<\/strong> hybrydowy. Nasze produkty najwy\u017cszej jako\u015bci i szybka, dyskretna dostawa gwarantuj\u0105 beztroskie zakupy.<\/p>\n<\/div>\n<\/div>\n<\/div>\n<\/div>\n<\/div>\n<\/div>","protected":false},"excerpt":{"rendered":"<p>Achetez la Vari\u00e9t\u00e9 Blue Widow Strain Flower \u2013 Hybrid en Ligne sur Pressure Zone D\u00e9couvrez Blue Widow Strain Flower \u2013 Hybrid, une vari\u00e9t\u00e9 de cannabis hybride qui combine puissance et douceur fruit\u00e9e pour une exp\u00e9rience sensorielle inoubliable. Issue de souches de haute qualit\u00e9, Blue Widow s\u00e9duit avec ses ar\u00f4mes intenses de baies, de pin et [&hellip;]<\/p>","protected":false},"featured_media":3193,"comment_status":"closed","ping_status":"closed","template":"","meta":{"_uag_custom_page_level_css":"","site-sidebar-layout":"default","site-content-layout":"","ast-site-content-layout":"default","site-content-style":"default","site-sidebar-style":"default","ast-global-header-display":"","ast-banner-title-visibility":"","ast-main-header-display":"","ast-hfb-above-header-display":"","ast-hfb-below-header-display":"","ast-hfb-mobile-header-display":"","site-post-title":"","ast-breadcrumbs-content":"","ast-featured-img":"","footer-sml-layout":"","theme-transparent-header-meta":"default","adv-header-id-meta":"","stick-header-meta":"","header-above-stick-meta":"","header-main-stick-meta":"","header-below-stick-meta":"","astra-migrate-meta-layouts":"set","ast-page-background-enabled":"default","ast-page-background-meta":{"desktop":{"background-color":"","background-image":"","background-repeat":"repeat","background-position":"center center","background-size":"auto","background-attachment":"scroll","background-type":"","background-media":"","overlay-type":"","overlay-color":"","overlay-opacity":"","overlay-gradient":""},"tablet":{"background-color":"","background-image":"","background-repeat":"repeat","background-position":"center center","background-size":"auto","background-attachment":"scroll","background-type":"","background-media":"","overlay-type":"","overlay-color":"","overlay-opacity":"","overlay-gradient":""},"mobile":{"background-color":"","background-image":"","background-repeat":"repeat","background-position":"center center","background-size":"auto","background-attachment":"scroll","background-type":"","background-media":"","overlay-type":"","overlay-color":"","overlay-opacity":"","overlay-gradient":""}},"ast-content-background-meta":{"desktop":{"background-color":"var(--ast-global-color-5)","background-image":"","background-repeat":"repeat","background-position":"center center","background-size":"auto","background-attachment":"scroll","background-type":"","background-media":"","overlay-type":"","overlay-color":"","overlay-opacity":"","overlay-gradient":""},"tablet":{"background-color":"var(--ast-global-color-5)","background-image":"","background-repeat":"repeat","background-position":"center center","background-size":"auto","background-attachment":"scroll","background-type":"","background-media":"","overlay-type":"","overlay-color":"","overlay-opacity":"","overlay-gradient":""},"mobile":{"background-color":"var(--ast-global-color-5)","background-image":"","background-repeat":"repeat","background-position":"center center","background-size":"auto","background-attachment":"scroll","background-type":"","background-media":"","overlay-type":"","overlay-color":"","overlay-opacity":"","overlay-gradient":""}}},"product_brand":[],"product_cat":[28,277],"product_tag":[331],"class_list":{"0":"post-3105","1":"product","2":"type-product","3":"status-publish","4":"has-post-thumbnail","6":"product_cat-varietes-de-cannabis","7":"product_cat-varietes-de-cannabis-hybrides","8":"product_tag-buy-blue-widow-strain-flower-hybrid-online-europe","9":"desktop-align-left","10":"tablet-align-left","11":"mobile-align-left","13":"first","14":"instock","15":"shipping-taxable","16":"purchasable","17":"product-type-variable"},"uagb_featured_image_src":{"full":["https:\/\/pressurezone.shop\/wp-content\/uploads\/2024\/10\/Blue-Widow-Strain-Flower-\u2013-Hybrid.webp",2560,1707,false],"thumbnail":["https:\/\/pressurezone.shop\/wp-content\/uploads\/2024\/10\/Blue-Widow-Strain-Flower-\u2013-Hybrid-150x150.webp",150,150,true],"medium":["https:\/\/pressurezone.shop\/wp-content\/uploads\/2024\/10\/Blue-Widow-Strain-Flower-\u2013-Hybrid-300x200.webp",300,200,true],"medium_large":["https:\/\/pressurezone.shop\/wp-content\/uploads\/2024\/10\/Blue-Widow-Strain-Flower-\u2013-Hybrid-768x512.webp",768,512,true],"large":["https:\/\/pressurezone.shop\/wp-content\/uploads\/2024\/10\/Blue-Widow-Strain-Flower-\u2013-Hybrid-1024x683.webp",1024,683,true],"1536x1536":["https:\/\/pressurezone.shop\/wp-content\/uploads\/2024\/10\/Blue-Widow-Strain-Flower-\u2013-Hybrid-1536x1024.webp",1536,1024,true],"2048x2048":["https:\/\/pressurezone.shop\/wp-content\/uploads\/2024\/10\/Blue-Widow-Strain-Flower-\u2013-Hybrid-2048x1366.webp",2048,1366,true],"trp-custom-language-flag":["https:\/\/pressurezone.shop\/wp-content\/uploads\/2024\/10\/Blue-Widow-Strain-Flower-\u2013-Hybrid-18x12.webp",18,12,true],"woocommerce_thumbnail":["https:\/\/pressurezone.shop\/wp-content\/uploads\/2024\/10\/Blue-Widow-Strain-Flower-\u2013-Hybrid-300x300.webp",300,300,true],"woocommerce_single":["https:\/\/pressurezone.shop\/wp-content\/uploads\/2024\/10\/Blue-Widow-Strain-Flower-\u2013-Hybrid-600x400.webp",600,400,true],"woocommerce_gallery_thumbnail":["https:\/\/pressurezone.shop\/wp-content\/uploads\/2024\/10\/Blue-Widow-Strain-Flower-\u2013-Hybrid-100x100.webp",100,100,true]},"uagb_author_info":{"display_name":"pressurezone.shop","author_link":"https:\/\/pressurezone.shop\/pl\/author\/"},"uagb_comment_info":0,"uagb_excerpt":"Achetez la Vari\u00e9t\u00e9 Blue Widow Strain Flower \u2013 Hybrid en Ligne sur Pressure Zone D\u00e9couvrez Blue Widow Strain Flower \u2013 Hybrid, une vari\u00e9t\u00e9 de cannabis hybride qui combine puissance et douceur fruit\u00e9e pour une exp\u00e9rience sensorielle inoubliable. Issue de souches de haute qualit\u00e9, Blue Widow s\u00e9duit avec ses ar\u00f4mes intenses de baies, de pin et&hellip;","_links":{"self":[{"href":"https:\/\/pressurezone.shop\/pl\/wp-json\/wp\/v2\/product\/3105"}],"collection":[{"href":"https:\/\/pressurezone.shop\/pl\/wp-json\/wp\/v2\/product"}],"about":[{"href":"https:\/\/pressurezone.shop\/pl\/wp-json\/wp\/v2\/types\/product"}],"replies":[{"embeddable":true,"href":"https:\/\/pressurezone.shop\/pl\/wp-json\/wp\/v2\/comments?post=3105"}],"version-history":[{"count":3,"href":"https:\/\/pressurezone.shop\/pl\/wp-json\/wp\/v2\/product\/3105\/revisions"}],"predecessor-version":[{"id":3673,"href":"https:\/\/pressurezone.shop\/pl\/wp-json\/wp\/v2\/product\/3105\/revisions\/3673"}],"wp:featuredmedia":[{"embeddable":true,"href":"https:\/\/pressurezone.shop\/pl\/wp-json\/wp\/v2\/media\/3193"}],"wp:attachment":[{"href":"https:\/\/pressurezone.shop\/pl\/wp-json\/wp\/v2\/media?parent=3105"}],"wp:term":[{"taxonomy":"product_brand","embeddable":true,"href":"https:\/\/pressurezone.shop\/pl\/wp-json\/wp\/v2\/product_brand?post=3105"},{"taxonomy":"product_cat","embeddable":true,"href":"https:\/\/pressurezone.shop\/pl\/wp-json\/wp\/v2\/product_cat?post=3105"},{"taxonomy":"product_tag","embeddable":true,"href":"https:\/\/pressurezone.shop\/pl\/wp-json\/wp\/v2\/product_tag?post=3105"}],"curies":[{"name":"wp","href":"https:\/\/api.w.org\/{rel}","templated":true}]}}