{"id":3112,"date":"2024-10-11T00:51:25","date_gmt":"2024-10-10T22:51:25","guid":{"rendered":"https:\/\/pressurezone.shop\/?post_type=product&#038;p=3112"},"modified":"2024-11-03T22:35:31","modified_gmt":"2024-11-03T21:35:31","slug":"sour-bubba-cannabis-strain","status":"publish","type":"product","link":"https:\/\/pressurezone.shop\/pl\/produkt\/odmiana-konopi-sour-bubba\/","title":{"rendered":"Odmiana konopi Sour Bubba"},"content":{"rendered":"<h3><strong>Kup odmian\u0119 konopi Sour Bubba online w Europie pod adresem <a href=\"https:\/\/pressurezone.shop\/pl\/\" target=\"_new\" rel=\"noopener\">Sklep ze strefami ci\u015bnieniowymi<\/a><\/strong><\/h3>\n<p>Odkryj <strong>Odmiana konopi Sour Bubba<\/strong>Odmiana indica 100% powsta\u0142a z legendarnej krzy\u017c\u00f3wki pomi\u0119dzy <strong>Sour Diesel<\/strong> i <strong>Bubba Kush<\/strong>. Ta czysta odmiana Indica jest ceniona za g\u0142\u0119boko relaksuj\u0105ce dzia\u0142anie i charakterystyczny profil smakowy, idealny dla os\u00f3b poszukuj\u0105cych pe\u0142nego relaksu pod koniec dnia.<\/p>\n<h3>Dlaczego warto wybra\u0107 odmian\u0119 konopi Sour Bubba?<\/h3>\n<p>La <strong>Odmiana konopi Sour Bubba<\/strong> jest znany ze swojego koj\u0105cego dzia\u0142ania, kt\u00f3re zaczyna si\u0119 od \u0142agodnej euforii, po kt\u00f3rej szybko nast\u0119puje intensywne fizyczne rozlu\u017anienie. Uczucie to rozprzestrzenia si\u0119 po ca\u0142ym ciele, zapewniaj\u0105c przyjemny relaks, kt\u00f3ry ewoluuje w lekkie uspokojenie. Idealna na noc, Sour Bubba przygotowuje do g\u0142\u0119bokiego, spokojnego snu.<a href=\"https:\/\/fuelpackz.com\/\" target=\"_blank\" rel=\"noopener\">.<\/a><\/p>\n<ul>\n<li><strong>Typ<\/strong> Indica Pure<\/li>\n<li><strong>THC<\/strong> : Wysoki, odpowiedni dla u\u017cytkownik\u00f3w poszukuj\u0105cych d\u0142ugotrwa\u0142ych, intensywnych efekt\u00f3w.<\/li>\n<\/ul>\n<h3>Efekty i zalety odmiany Sour Bubba Weed<\/h3>\n<p>Z jego koj\u0105cym, euforycznym efektem, <strong>Sour Bubba<\/strong> to idealna odmiana uspokajaj\u0105ca umys\u0142 i cia\u0142o, \u0142agodz\u0105ca r\u00f3\u017cne dolegliwo\u015bci, a jednocze\u015bnie zapewniaj\u0105ca uczucie szcz\u0119\u015bcia i relaksu.<\/p>\n<ul>\n<li><strong>Efekty<\/strong> Euforia, relaks, senno\u015b\u0107, mrowienie, poprawa nastroju<\/li>\n<li><strong>Zalecane dla<\/strong> Przewlek\u0142y b\u00f3l, bezsenno\u015b\u0107, stres, wahania nastroju, depresja<\/li>\n<\/ul>\n<p>Warunki, kt\u00f3re mo\u017cna z\u0142agodzi\u0107 za pomoc\u0105 <strong>Sour Bubba<\/strong> :<\/p>\n<ul>\n<li><strong>Przewlek\u0142y b\u00f3l i bezsenno\u015b\u0107<\/strong> Rozlu\u017ania mi\u0119\u015bnie i \u0142agodzi uporczywy b\u00f3l, promuj\u0105c g\u0142\u0119boki sen.<\/li>\n<li><strong>Depresja i stres<\/strong> Pomaga uspokoi\u0107 umys\u0142 i poprawi\u0107 nastr\u00f3j.<\/li>\n<li><strong>Wahania nastroju<\/strong> Promuje stan spokoju i dobrego samopoczucia.<\/li>\n<\/ul>\n<h3>Smaki i aromaty odmiany konopi Sour Bubba<\/h3>\n<p>La <strong>Odmiana konopi Sour Bubba<\/strong> jest r\u00f3wnie\u017c ceniona za bogaty, z\u0142o\u017cony profil smakowy. Uwalnia nuty <strong>olej nap\u0119dowy<\/strong> i pikantne zio\u0142a, z nutami cytryny i gorzkimi smakami, kt\u00f3re utrzymuj\u0105 si\u0119 na podniebieniu. Jego aromat jest intensywny i ziemisty, z nutami <strong>cytryna<\/strong> i paliwo, kt\u00f3re s\u0105 ujawniane w miar\u0119 post\u0119p\u00f3w.<\/p>\n<ul>\n<li><strong>Smaki<\/strong> : diesel, cytrusowy, cytrynowy, pikantny, kwa\u015bny<\/li>\n<li><strong>Zapachy<\/strong> Ziemisty, Diesel, Cytrynowy, Pikantny, Kwa\u015bny<\/li>\n<\/ul>\n<h3>Wygl\u0105d odmiany konopi Sour Bubba<\/h3>\n<p>P\u0105ki <strong>Sour Bubba<\/strong> s\u0105 g\u0119ste i pokryte cienk\u0105 warstw\u0105 krystalicznych w\u0142osk\u00f3w. Usiane jasnopomara\u0144czowymi s\u0142upkami, odzwierciedlaj\u0105 moc tej odmiany. Jej \u017cywiczny wygl\u0105d i silny zapach sprawiaj\u0105, \u017ce jest ulubion\u0105 odmian\u0105 koneser\u00f3w.<\/p>\n<h3>Zam\u00f3w szczep konopi Sour Bubba online w sklepie Pressure Zone Shop<\/h3>\n<p>Gotowy do odkrycia koj\u0105cego dzia\u0142ania <strong>Sour Bubba<\/strong> ? Zam\u00f3w teraz na <a href=\"https:\/\/pressurezone.shop\/pl\/\" target=\"_new\" rel=\"noopener\">Sklep ze strefami ci\u015bnieniowymi<\/a> i ciesz si\u0119 t\u0105 odmian\u0105 indica 100%, idealn\u0105 do nocnego relaksu. Niezale\u017cnie od tego, czy chcesz zwalczy\u0107 bezsenno\u015b\u0107, z\u0142agodzi\u0107 b\u00f3l, czy po prostu si\u0119 zrelaksowa\u0107, <strong>Odmiana konopi Sour Bubba<\/strong> jest niezb\u0119dnym wyborem zapewniaj\u0105cym doskona\u0142e wra\u017cenia.<\/p>","protected":false},"excerpt":{"rendered":"<p>Indica THC: 22-24%<\/p>","protected":false},"featured_media":3195,"comment_status":"closed","ping_status":"closed","template":"","meta":{"_uag_custom_page_level_css":"","site-sidebar-layout":"default","site-content-layout":"","ast-site-content-layout":"default","site-content-style":"default","site-sidebar-style":"default","ast-global-header-display":"","ast-banner-title-visibility":"","ast-main-header-display":"","ast-hfb-above-header-display":"","ast-hfb-below-header-display":"","ast-hfb-mobile-header-display":"","site-post-title":"","ast-breadcrumbs-content":"","ast-featured-img":"","footer-sml-layout":"","theme-transparent-header-meta":"default","adv-header-id-meta":"","stick-header-meta":"","header-above-stick-meta":"","header-main-stick-meta":"","header-below-stick-meta":"","astra-migrate-meta-layouts":"set","ast-page-background-enabled":"default","ast-page-background-meta":{"desktop":{"background-color":"","background-image":"","background-repeat":"repeat","background-position":"center center","background-size":"auto","background-attachment":"scroll","background-type":"","background-media":"","overlay-type":"","overlay-color":"","overlay-opacity":"","overlay-gradient":""},"tablet":{"background-color":"","background-image":"","background-repeat":"repeat","background-position":"center center","background-size":"auto","background-attachment":"scroll","background-type":"","background-media":"","overlay-type":"","overlay-color":"","overlay-opacity":"","overlay-gradient":""},"mobile":{"background-color":"","background-image":"","background-repeat":"repeat","background-position":"center center","background-size":"auto","background-attachment":"scroll","background-type":"","background-media":"","overlay-type":"","overlay-color":"","overlay-opacity":"","overlay-gradient":""}},"ast-content-background-meta":{"desktop":{"background-color":"var(--ast-global-color-5)","background-image":"","background-repeat":"repeat","background-position":"center center","background-size":"auto","background-attachment":"scroll","background-type":"","background-media":"","overlay-type":"","overlay-color":"","overlay-opacity":"","overlay-gradient":""},"tablet":{"background-color":"var(--ast-global-color-5)","background-image":"","background-repeat":"repeat","background-position":"center center","background-size":"auto","background-attachment":"scroll","background-type":"","background-media":"","overlay-type":"","overlay-color":"","overlay-opacity":"","overlay-gradient":""},"mobile":{"background-color":"var(--ast-global-color-5)","background-image":"","background-repeat":"repeat","background-position":"center center","background-size":"auto","background-attachment":"scroll","background-type":"","background-media":"","overlay-type":"","overlay-color":"","overlay-opacity":"","overlay-gradient":""}}},"product_brand":[],"product_cat":[28,278],"product_tag":[332],"class_list":{"0":"post-3112","1":"product","2":"type-product","3":"status-publish","4":"has-post-thumbnail","6":"product_cat-varietes-de-cannabis","7":"product_cat-varietes-de-marijuana-indica","8":"product_tag-buy-sour-bubba-cannabis-strain-europe","9":"desktop-align-left","10":"tablet-align-left","11":"mobile-align-left","13":"first","14":"instock","15":"shipping-taxable","16":"purchasable","17":"product-type-variable"},"uagb_featured_image_src":{"full":["https:\/\/pressurezone.shop\/wp-content\/uploads\/2024\/10\/Sour-Bubba-Cannabis-Strain.jpg",2560,1707,false],"thumbnail":["https:\/\/pressurezone.shop\/wp-content\/uploads\/2024\/10\/Sour-Bubba-Cannabis-Strain-150x150.jpg",150,150,true],"medium":["https:\/\/pressurezone.shop\/wp-content\/uploads\/2024\/10\/Sour-Bubba-Cannabis-Strain-300x200.jpg",300,200,true],"medium_large":["https:\/\/pressurezone.shop\/wp-content\/uploads\/2024\/10\/Sour-Bubba-Cannabis-Strain-768x512.jpg",768,512,true],"large":["https:\/\/pressurezone.shop\/wp-content\/uploads\/2024\/10\/Sour-Bubba-Cannabis-Strain-1024x683.jpg",1024,683,true],"1536x1536":["https:\/\/pressurezone.shop\/wp-content\/uploads\/2024\/10\/Sour-Bubba-Cannabis-Strain-1536x1024.jpg",1536,1024,true],"2048x2048":["https:\/\/pressurezone.shop\/wp-content\/uploads\/2024\/10\/Sour-Bubba-Cannabis-Strain-2048x1366.jpg",2048,1366,true],"trp-custom-language-flag":["https:\/\/pressurezone.shop\/wp-content\/uploads\/2024\/10\/Sour-Bubba-Cannabis-Strain-18x12.jpg",18,12,true],"woocommerce_thumbnail":["https:\/\/pressurezone.shop\/wp-content\/uploads\/2024\/10\/Sour-Bubba-Cannabis-Strain-300x300.jpg",300,300,true],"woocommerce_single":["https:\/\/pressurezone.shop\/wp-content\/uploads\/2024\/10\/Sour-Bubba-Cannabis-Strain-600x400.jpg",600,400,true],"woocommerce_gallery_thumbnail":["https:\/\/pressurezone.shop\/wp-content\/uploads\/2024\/10\/Sour-Bubba-Cannabis-Strain-100x100.jpg",100,100,true]},"uagb_author_info":{"display_name":"pressurezone.shop","author_link":"https:\/\/pressurezone.shop\/pl\/author\/"},"uagb_comment_info":0,"uagb_excerpt":"Indica THC: 22-24%","_links":{"self":[{"href":"https:\/\/pressurezone.shop\/pl\/wp-json\/wp\/v2\/product\/3112"}],"collection":[{"href":"https:\/\/pressurezone.shop\/pl\/wp-json\/wp\/v2\/product"}],"about":[{"href":"https:\/\/pressurezone.shop\/pl\/wp-json\/wp\/v2\/types\/product"}],"replies":[{"embeddable":true,"href":"https:\/\/pressurezone.shop\/pl\/wp-json\/wp\/v2\/comments?post=3112"}],"version-history":[{"count":3,"href":"https:\/\/pressurezone.shop\/pl\/wp-json\/wp\/v2\/product\/3112\/revisions"}],"predecessor-version":[{"id":3855,"href":"https:\/\/pressurezone.shop\/pl\/wp-json\/wp\/v2\/product\/3112\/revisions\/3855"}],"wp:featuredmedia":[{"embeddable":true,"href":"https:\/\/pressurezone.shop\/pl\/wp-json\/wp\/v2\/media\/3195"}],"wp:attachment":[{"href":"https:\/\/pressurezone.shop\/pl\/wp-json\/wp\/v2\/media?parent=3112"}],"wp:term":[{"taxonomy":"product_brand","embeddable":true,"href":"https:\/\/pressurezone.shop\/pl\/wp-json\/wp\/v2\/product_brand?post=3112"},{"taxonomy":"product_cat","embeddable":true,"href":"https:\/\/pressurezone.shop\/pl\/wp-json\/wp\/v2\/product_cat?post=3112"},{"taxonomy":"product_tag","embeddable":true,"href":"https:\/\/pressurezone.shop\/pl\/wp-json\/wp\/v2\/product_tag?post=3112"}],"curies":[{"name":"wp","href":"https:\/\/api.w.org\/{rel}","templated":true}]}}