{"id":3113,"date":"2024-10-11T00:51:25","date_gmt":"2024-10-10T22:51:25","guid":{"rendered":"https:\/\/pressurezone.shop\/?post_type=product&#038;p=3113"},"modified":"2024-11-03T21:43:36","modified_gmt":"2024-11-03T20:43:36","slug":"pink-kush-marijuana-strain","status":"publish","type":"product","link":"https:\/\/pressurezone.shop\/pl\/produkt\/odmiana-marihuany-pink-kush\/","title":{"rendered":"Odmiana marihuany Pink Kush"},"content":{"rendered":"<h3><strong>Kup online odmian\u0119 marihuany Pink Kush w Europie pod adresem <a href=\"https:\/\/pressurezone.shop\/pl\/\" target=\"_new\" rel=\"noopener\">Sklep ze strefami ci\u015bnieniowymi<\/a><\/strong><\/h3>\n<p>Odkryj <strong>Odmiana marihuany Pink Kush<\/strong>Pot\u0119\u017cna odmiana Indica o koj\u0105cym, euforycznym dzia\u0142aniu, spadkobierca kultowego OG Kush. Chocia\u017c jej dok\u0142adne pochodzenie jest niepewne, <strong>Pink Kush<\/strong> Kontynuuje tradycj\u0119 intensywnego relaksu i ulgi w b\u00f3lach cia\u0142a, idealny na relaksuj\u0105ce zako\u0144czenie dnia lub w leczeniu przewlek\u0142ych dolegliwo\u015bci.<\/p>\n<h3>Dlaczego warto wybra\u0107 odmian\u0119 marihuany Pink Kush?<\/h3>\n<p><strong>Odmiana marihuany Pink Kush<\/strong> s\u0142ynie z pot\u0119\u017cnego haju i zdolno\u015bci do \u0142agodzenia wielu objaw\u00f3w fizycznych i psychicznych. Dzi\u0119ki wyra\u017anej dominacji Indica, odmiana ta oferuje g\u0142\u0119boki relaks, kt\u00f3remu towarzyszy euforia i zwi\u0119kszony apetyt, idealny dla tych, kt\u00f3rzy chc\u0105 uspokoi\u0107 umys\u0142 i zrelaksowa\u0107 si\u0119 bez wysi\u0142ku.<a href=\"https:\/\/fuelpackz.com\/\" target=\"_blank\" rel=\"noopener\">.<\/a><\/p>\n<ul>\n<li><strong>Typ<\/strong> Dominacja Indica (do 90% indica \/ 10% sativa)<\/li>\n<li><strong>THC<\/strong> Wysoka szybko\u015b\u0107, bliska 20% dla intensywnych wra\u017ce\u0144<\/li>\n<\/ul>\n<h3>Efekty i korzy\u015bci p\u0142yn\u0105ce z uprawy odmiany Pink Kush<\/h3>\n<p>La <strong>Odmiana konopi Pink Kush<\/strong> zapewnia euforyczne i relaksuj\u0105ce efekty, idealne dla tych, kt\u00f3rzy chc\u0105 odci\u0105\u0107 si\u0119 od stresu i uspokoi\u0107 swoje cia\u0142o. Jej body high zapewnia b\u0142ogie uczucie, kt\u00f3remu towarzyszy delikatny relaks i lekka senno\u015b\u0107, idealna na koj\u0105cy wiecz\u00f3r.<\/p>\n<ul>\n<li><strong>Efekty<\/strong> Haj cia\u0142a, euforia, szcz\u0119\u015bcie, g\u0142\u00f3d, relaks, senno\u015b\u0107<\/li>\n<li><strong>Idealny dla<\/strong> bezsenno\u015b\u0107, utrata apetytu, przewlek\u0142y b\u00f3l, depresja, stany zapalne, l\u0119k, migreny, PTSD, stres<\/li>\n<\/ul>\n<h3>Stany \u0142agodzone przez odmian\u0119 konopi Pink Kush<\/h3>\n<p>Dzi\u0119ki swoim relaksuj\u0105cym efektom i mocy Indica <strong>Pink Kush<\/strong> jest cz\u0119sto wybierany w celu z\u0142agodzenia wielu dolegliwo\u015bci:<\/p>\n<ul>\n<li><strong>Przewlek\u0142y b\u00f3l i stan zapalny<\/strong> Skuteczna ulga w b\u00f3lach mi\u0119\u015bni i staw\u00f3w.<\/li>\n<li><strong>Bezsenno\u015b\u0107 i stres<\/strong> Uspokaja umys\u0142 i wspomaga spokojny sen.<\/li>\n<li><strong>Utrata apetytu i niepok\u00f3j<\/strong> Pobudza apetyt i uspokaja niespokojne my\u015bli.<\/li>\n<\/ul>\n<h3>Smaki i aromaty odmiany marihuany Pink Kush<\/h3>\n<p>La <strong>Odmiana marihuany Pink Kush<\/strong> uwodzi s\u0142odkimi smakami jag\u00f3d i cukierk\u00f3w, wzbogaconymi nutami wanilii i kwiat\u00f3w. Jego aromat to harmonijne po\u0142\u0105czenie s\u0142odyczy i ziemisto\u015bci, z kwiatowymi i drzewnymi akcentami, tworz\u0105c mi\u0119kkie i przyjemne doznania w\u0119chowe.<\/p>\n<ul>\n<li><strong>Smaki<\/strong> jagody, s\u0142odycze, s\u0142odki, wanilia<\/li>\n<li><strong>Zapachy<\/strong> ziemisty, kwiatowy, s\u0142odki, waniliowy<\/li>\n<\/ul>\n<h3>Wygl\u0105d kwiatu konopi Pink Kush<\/h3>\n<p>Kwiaty <strong>Pink Kush<\/strong> s\u0105 g\u0119ste i pokryte krystalicznymi trichomami o przyci\u0105gaj\u0105cych wzrok odcieniach r\u00f3\u017cu i zieleni. Usiane jasnopomara\u0144czowymi w\u0142oskami, maj\u0105 \u017cywiczny wygl\u0105d, kt\u00f3ry \u015bwiadczy o ich najwy\u017cszej jako\u015bci i mocy.<\/p>\n<h3>Zam\u00f3w odmian\u0119 marihuany Pink Kush online w sklepie Pressure Zone Shop<\/h3>\n<p>Gotowy do odkrycia uspokajaj\u0105cych i euforycznych efekt\u00f3w <strong>Odmiana marihuany Pink Kush<\/strong> ? Zam\u00f3w ju\u017c dzi\u015b w <a href=\"https:\/\/pressurezone.shop\/pl\/\" target=\"_new\" rel=\"noopener\">Sklep ze strefami ci\u015bnieniowymi<\/a> i ciesz si\u0119 pot\u0119\u017cn\u0105 odmian\u0105 Indica, idealn\u0105 do \u0142agodzenia stresu i promowania spokojnego snu. <strong>Pink Kush<\/strong> to idealny wyb\u00f3r dla koj\u0105cych, wysokiej jako\u015bci dozna\u0144 zwi\u0105zanych z konopiami indyjskimi.<\/p>","protected":false},"excerpt":{"rendered":"<div class=\"product-short-description\">\n<p>THC: 20%, CBD: 1%, CBN: 1%<\/p>\n<p><strong>Efekty:\u00a0<\/strong>Haj, euforia, szcz\u0119\u015bcie, g\u0142\u00f3d, relaks, senno\u015b\u0107<br \/>\n<strong>Mo\u017ce przynie\u015b\u0107 ulg\u0119:<\/strong>\u00a0L\u0119k, choroba afektywna dwubiegunowa, przewlek\u0142y b\u00f3l, depresja,<\/p>\n<p>Stany zapalne, bezsenno\u015b\u0107, utrata apetytu, migreny, PTSD, stres<\/p>\n<\/div>","protected":false},"featured_media":3199,"comment_status":"closed","ping_status":"closed","template":"","meta":{"_uag_custom_page_level_css":"","site-sidebar-layout":"default","site-content-layout":"","ast-site-content-layout":"default","site-content-style":"default","site-sidebar-style":"default","ast-global-header-display":"","ast-banner-title-visibility":"","ast-main-header-display":"","ast-hfb-above-header-display":"","ast-hfb-below-header-display":"","ast-hfb-mobile-header-display":"","site-post-title":"","ast-breadcrumbs-content":"","ast-featured-img":"","footer-sml-layout":"","theme-transparent-header-meta":"default","adv-header-id-meta":"","stick-header-meta":"","header-above-stick-meta":"","header-main-stick-meta":"","header-below-stick-meta":"","astra-migrate-meta-layouts":"set","ast-page-background-enabled":"default","ast-page-background-meta":{"desktop":{"background-color":"","background-image":"","background-repeat":"repeat","background-position":"center center","background-size":"auto","background-attachment":"scroll","background-type":"","background-media":"","overlay-type":"","overlay-color":"","overlay-opacity":"","overlay-gradient":""},"tablet":{"background-color":"","background-image":"","background-repeat":"repeat","background-position":"center center","background-size":"auto","background-attachment":"scroll","background-type":"","background-media":"","overlay-type":"","overlay-color":"","overlay-opacity":"","overlay-gradient":""},"mobile":{"background-color":"","background-image":"","background-repeat":"repeat","background-position":"center center","background-size":"auto","background-attachment":"scroll","background-type":"","background-media":"","overlay-type":"","overlay-color":"","overlay-opacity":"","overlay-gradient":""}},"ast-content-background-meta":{"desktop":{"background-color":"var(--ast-global-color-5)","background-image":"","background-repeat":"repeat","background-position":"center center","background-size":"auto","background-attachment":"scroll","background-type":"","background-media":"","overlay-type":"","overlay-color":"","overlay-opacity":"","overlay-gradient":""},"tablet":{"background-color":"var(--ast-global-color-5)","background-image":"","background-repeat":"repeat","background-position":"center center","background-size":"auto","background-attachment":"scroll","background-type":"","background-media":"","overlay-type":"","overlay-color":"","overlay-opacity":"","overlay-gradient":""},"mobile":{"background-color":"var(--ast-global-color-5)","background-image":"","background-repeat":"repeat","background-position":"center center","background-size":"auto","background-attachment":"scroll","background-type":"","background-media":"","overlay-type":"","overlay-color":"","overlay-opacity":"","overlay-gradient":""}}},"product_brand":[],"product_cat":[28,278],"product_tag":[333,499],"class_list":{"0":"post-3113","1":"product","2":"type-product","3":"status-publish","4":"has-post-thumbnail","6":"product_cat-varietes-de-cannabis","7":"product_cat-varietes-de-marijuana-indica","8":"product_tag-buy-pink-kush-marijuana-strain-online","9":"product_tag-pink-kush-marijuana-strain","10":"desktop-align-left","11":"tablet-align-left","12":"mobile-align-left","14":"first","15":"instock","16":"shipping-taxable","17":"purchasable","18":"product-type-variable"},"uagb_featured_image_src":{"full":["https:\/\/pressurezone.shop\/wp-content\/uploads\/2024\/10\/Pink-Kush-Marijuana-Strain.webp",2048,1365,false],"thumbnail":["https:\/\/pressurezone.shop\/wp-content\/uploads\/2024\/10\/Pink-Kush-Marijuana-Strain-150x150.webp",150,150,true],"medium":["https:\/\/pressurezone.shop\/wp-content\/uploads\/2024\/10\/Pink-Kush-Marijuana-Strain-300x200.webp",300,200,true],"medium_large":["https:\/\/pressurezone.shop\/wp-content\/uploads\/2024\/10\/Pink-Kush-Marijuana-Strain-768x512.webp",768,512,true],"large":["https:\/\/pressurezone.shop\/wp-content\/uploads\/2024\/10\/Pink-Kush-Marijuana-Strain-1024x683.webp",1024,683,true],"1536x1536":["https:\/\/pressurezone.shop\/wp-content\/uploads\/2024\/10\/Pink-Kush-Marijuana-Strain-1536x1024.webp",1536,1024,true],"2048x2048":["https:\/\/pressurezone.shop\/wp-content\/uploads\/2024\/10\/Pink-Kush-Marijuana-Strain.webp",2048,1365,false],"trp-custom-language-flag":["https:\/\/pressurezone.shop\/wp-content\/uploads\/2024\/10\/Pink-Kush-Marijuana-Strain-18x12.webp",18,12,true],"woocommerce_thumbnail":["https:\/\/pressurezone.shop\/wp-content\/uploads\/2024\/10\/Pink-Kush-Marijuana-Strain-300x300.webp",300,300,true],"woocommerce_single":["https:\/\/pressurezone.shop\/wp-content\/uploads\/2024\/10\/Pink-Kush-Marijuana-Strain-600x400.webp",600,400,true],"woocommerce_gallery_thumbnail":["https:\/\/pressurezone.shop\/wp-content\/uploads\/2024\/10\/Pink-Kush-Marijuana-Strain-100x100.webp",100,100,true]},"uagb_author_info":{"display_name":"pressurezone.shop","author_link":"https:\/\/pressurezone.shop\/pl\/author\/"},"uagb_comment_info":0,"uagb_excerpt":"THC: 20%, CBD: 1%, CBN: 1% Effects:\u00a0Body High, Euphoria, Happy, Hungry, Relaxing, Sleepy May Relieve:\u00a0Anxiety, Bipolar Disorder, Chronic Pain, Depression, Inflammation, Insomnia, Loss of Appetite, Migraines, PTSD, Stress","_links":{"self":[{"href":"https:\/\/pressurezone.shop\/pl\/wp-json\/wp\/v2\/product\/3113"}],"collection":[{"href":"https:\/\/pressurezone.shop\/pl\/wp-json\/wp\/v2\/product"}],"about":[{"href":"https:\/\/pressurezone.shop\/pl\/wp-json\/wp\/v2\/types\/product"}],"replies":[{"embeddable":true,"href":"https:\/\/pressurezone.shop\/pl\/wp-json\/wp\/v2\/comments?post=3113"}],"version-history":[{"count":3,"href":"https:\/\/pressurezone.shop\/pl\/wp-json\/wp\/v2\/product\/3113\/revisions"}],"predecessor-version":[{"id":3983,"href":"https:\/\/pressurezone.shop\/pl\/wp-json\/wp\/v2\/product\/3113\/revisions\/3983"}],"wp:featuredmedia":[{"embeddable":true,"href":"https:\/\/pressurezone.shop\/pl\/wp-json\/wp\/v2\/media\/3199"}],"wp:attachment":[{"href":"https:\/\/pressurezone.shop\/pl\/wp-json\/wp\/v2\/media?parent=3113"}],"wp:term":[{"taxonomy":"product_brand","embeddable":true,"href":"https:\/\/pressurezone.shop\/pl\/wp-json\/wp\/v2\/product_brand?post=3113"},{"taxonomy":"product_cat","embeddable":true,"href":"https:\/\/pressurezone.shop\/pl\/wp-json\/wp\/v2\/product_cat?post=3113"},{"taxonomy":"product_tag","embeddable":true,"href":"https:\/\/pressurezone.shop\/pl\/wp-json\/wp\/v2\/product_tag?post=3113"}],"curies":[{"name":"wp","href":"https:\/\/api.w.org\/{rel}","templated":true}]}}