{"id":3114,"date":"2024-10-11T00:51:25","date_gmt":"2024-10-10T22:51:25","guid":{"rendered":"https:\/\/pressurezone.shop\/?post_type=product&#038;p=3114"},"modified":"2024-11-17T01:08:04","modified_gmt":"2024-11-17T00:08:04","slug":"forever-phoenix-phoenix-tears","status":"publish","type":"product","link":"https:\/\/pressurezone.shop\/pl\/produkt\/lzy-feniksa-na-zawsze\/","title":{"rendered":"Forever Phoenix - \u0141zy Feniksa"},"content":{"rendered":"<h3><strong>Kup Forever Phoenix - Phoenix Tears online w Europie<\/strong><\/h3>\n<p>Odkryj wyj\u0105tkow\u0105 uzdrawiaj\u0105c\u0105 moc <strong>Forever Phoenix - \u0141zy Feniksa<\/strong>to najwy\u017cszej jako\u015bci olej z konopi indyjskich zaprojektowany z my\u015bl\u0105 o zapewnieniu optymalnych korzy\u015bci terapeutycznych. Wykonany z wyselekcjonowanej grupy <strong>Bogate w CBD odmiany Kush<\/strong>Olej ten jest poddawany skrupulatnemu procesowi ekstrakcji i oczyszczania przy u\u017cyciu czystego etanolu organicznego 99 %. Rezultatem jest produkt <strong>Czysto\u015b\u0107 i moc klasy medycznej<\/strong>kt\u00f3ry wspomaga leczenie i przynosi ulg\u0119 w wielu schorzeniach.<\/p>\n<hr \/>\n<h3><strong>Co sprawia, \u017ce Forever Phoenix - Phoenix Tears jest wyj\u0105tkowy?<\/strong><\/h3>\n<ul>\n<li><strong>Ekstrakcja premium<\/strong> Wykonane z bogatych w CBD szczep\u00f3w Kush i 99 % czystego etanolu dla niezr\u00f3wnanej czysto\u015bci.<\/li>\n<li><strong>Korzy\u015bci w pe\u0142nym spektrum<\/strong> Zawiera <strong>600 mg THC<\/strong> na 1,0 ml strzykawk\u0119, a tak\u017ce inne kannabinoidy w celu zwi\u0119kszenia efekt\u00f3w terapeutycznych.<\/li>\n<li><strong>Wz\u00f3r dekarboksylowany<\/strong> Gotowy do podania doustnego bez dodatkowego podgrzewania, dla \u0142atwego u\u017cycia.<\/li>\n<li><strong>R\u00f3\u017cnorodno\u015b\u0107 smak\u00f3w<\/strong> Dost\u0119pny w oryginalnej formule Rick Simpson, Goji Berry, Cinnamon i Spearmint.<\/li>\n<\/ul>\n<p>Ten czysty, niezafa\u0142szowany olej z konopi indyjskich zosta\u0142 opracowany w celu radzenia sobie z szerok\u0105 gam\u0105 problem\u00f3w zdrowotnych, zapewniaj\u0105c jednocze\u015bnie naturalne i przyjemne doznania.<a href=\"https:\/\/fuelpackz.com\/\" target=\"_blank\" rel=\"noopener\">.<\/a><\/p>\n<hr \/>\n<h3><strong>Korzy\u015bci zdrowotne Forever Phoenix - \u0141zy Feniksa<\/strong><\/h3>\n<p>The <strong>\u0141zy Feniksa<\/strong> s\u0105 szeroko stosowane w celu z\u0142agodzenia objaw\u00f3w zwi\u0105zanych z :<\/p>\n<ul>\n<li><strong>Przewlek\u0142y b\u00f3l<\/strong> Zmniejsza dyskomfort zwi\u0105zany z zapaleniem staw\u00f3w, zaburzeniami nerwowymi i innymi dolegliwo\u015bciami.<\/li>\n<li><strong>Nudno\u015bci i utrata apetytu<\/strong> Idealny dla pacjent\u00f3w poddawanych takim zabiegom jak chemioterapia.<\/li>\n<li><strong>Zapalenie<\/strong> \u0141agodzi stany zapalne, takie jak zesp\u00f3\u0142 jelita dra\u017cliwego (IBS) i choroba Le\u015bniowskiego-Crohna.<\/li>\n<li><strong>Zaburzenia snu<\/strong> Pomaga zwalcza\u0107 bezsenno\u015b\u0107 i zesp\u00f3\u0142 niespokojnych n\u00f3g (RLS).<\/li>\n<li><strong>Problemy sk\u00f3rne<\/strong> Niekt\u00f3rzy u\u017cytkownicy zg\u0142aszaj\u0105 popraw\u0119 w zakresie egzemy i tr\u0105dziku.<\/li>\n<li><strong>Inne warunki<\/strong> Przydatny przy astmie, infekcjach, stwardnieniu rozsianym i wysokim ci\u015bnieniu krwi.<\/li>\n<\/ul>\n<hr \/>\n<h3><strong>\u0141zy Feniksa i leczenie raka<\/strong><\/h3>\n<p>Chocia\u017c niekt\u00f3re badania sugeruj\u0105, \u017ce <strong>Rick Simpson Oil (RSO)<\/strong> mo\u017ce pom\u00f3c w leczeniu raka, potrzeba wi\u0119cej bada\u0144, aby potwierdzi\u0107 jego skuteczno\u015b\u0107. Jednak jego w\u0142a\u015bciwo\u015bci <strong>\u015brodki przeciwb\u00f3lowe i przeciwzapalne<\/strong> sprawia, \u017ce jest to preferowany wyb\u00f3r dla pacjent\u00f3w szukaj\u0105cych naturalnej ulgi.<\/p>\n<hr \/>\n<h3><strong>Dlaczego warto wybra\u0107 Forever Phoenix - Phoenix Tears?<\/strong><\/h3>\n<ul>\n<li><strong>Wiele korzy\u015bci<\/strong> Wszechstronny produkt, kt\u00f3ry reaguje na szereg problem\u00f3w zdrowotnych.<\/li>\n<li><strong>Wysoka moc<\/strong> Zapewnia pot\u0119\u017cne efekty dzi\u0119ki <strong>600 mg THC<\/strong> i kannabinoidy o pe\u0142nym spektrum dzia\u0142ania.<\/li>\n<li><strong>\u0141atwo\u015b\u0107 u\u017cytkowania<\/strong> Dostarczany w praktycznej strzykawce do precyzyjnego dozowania.<\/li>\n<li><strong>Niezawodna jako\u015b\u0107<\/strong> Produkt, kt\u00f3ry stawia zdrowie na pierwszym miejscu, bez zb\u0119dnych dodatk\u00f3w i zanieczyszcze\u0144.<\/li>\n<\/ul>\n<hr \/>\n<h3><strong>Jak stosowa\u0107 Phoenix Tears<\/strong><\/h3>\n<ol>\n<li><strong>Zacznij powoli<\/strong> Przyjmowa\u0107 niewielk\u0105 dawk\u0119, mniej wi\u0119cej wielko\u015bci po\u0142owy ziarenka ry\u017cu.<\/li>\n<li><strong>Stopniowy wzrost<\/strong> Zwi\u0119kszanie dawki: Dawk\u0119 nale\u017cy zwi\u0119ksza\u0107 powoli, aby unikn\u0105\u0107 dzia\u0142a\u0144 niepo\u017c\u0105danych, takich jak senno\u015b\u0107 lub euforia.<\/li>\n<li><strong>Wszechstronne zastosowanie<\/strong> Mo\u017ce by\u0107 przyjmowany doustnie, stosowany miejscowo lub mieszany z jedzeniem i piciem.<\/li>\n<\/ol>\n<hr \/>\n<h3><strong>Smaki doceniane przez klient\u00f3w<\/strong><\/h3>\n<p>Wielu u\u017cytkownik\u00f3w uwielbia oferowane smaki:<\/p>\n<ul>\n<li><strong>Jagody Goji<\/strong> Owocowy i pikantny.<\/li>\n<li><strong>Cynamon<\/strong> Ciep\u0142y i pocieszaj\u0105cy.<\/li>\n<li><strong>Mi\u0119ta<\/strong> Od\u015bwie\u017caj\u0105cy i delikatny.<\/li>\n<li><strong>Oryginalna formu\u0142a Ricka Simpsona<\/strong> Klasyczny i skuteczny.<\/li>\n<\/ul>\n<hr \/>\n<h3><strong>Kup Forever Phoenix - Phoenix Tears online pod adresem <a href=\"https:\/\/pressurezone.shop\/pl\/\" target=\"_new\" rel=\"noopener\">PressureZone.Shop<\/a><\/strong><\/h3>\n<p>Odkryj lecznicze korzy\u015bci p\u0142yn\u0105ce z <strong>Forever Phoenix - \u0141zy Feniksa<\/strong> i zrozumie\u0107, dlaczego s\u0105 one niezb\u0119dnym rozwi\u0105zaniem dla naturalnej ulgi i dobrego samopoczucia. Niezale\u017cnie od tego, czy walczysz z przewlek\u0142ymi dolegliwo\u015bciami, czy szukasz og\u00f3lnego relaksu, jest to produkt dla Ciebie.<\/p>\n<p><strong><a href=\"https:\/\/pressurezone.shop\/pl\/\" target=\"_new\" rel=\"noopener\">Zam\u00f3w teraz<\/a><\/strong> i rozpocznij swoj\u0105 podr\u00f3\u017c w kierunku naturalnego uzdrowienia i komfortu!<\/p>","protected":false},"excerpt":{"rendered":"<p>Achetez Forever Phoenix \u2013 Phoenix Tears en Ligne Europe D\u00e9couvrez le pouvoir exceptionnel de gu\u00e9rison des Forever Phoenix \u2013 Phoenix Tears, une huile de cannabis premium con\u00e7ue pour offrir des bienfaits th\u00e9rapeutiques optimaux. Fabriqu\u00e9e \u00e0 partir d\u2019un groupe s\u00e9lectionn\u00e9 de souches Kush riches en CBD, cette huile suit un processus m\u00e9ticuleux utilisant de l\u2019\u00e9thanol organique [&hellip;]<\/p>","protected":false},"featured_media":3201,"comment_status":"closed","ping_status":"closed","template":"","meta":{"_uag_custom_page_level_css":"","site-sidebar-layout":"default","site-content-layout":"","ast-site-content-layout":"default","site-content-style":"default","site-sidebar-style":"default","ast-global-header-display":"","ast-banner-title-visibility":"","ast-main-header-display":"","ast-hfb-above-header-display":"","ast-hfb-below-header-display":"","ast-hfb-mobile-header-display":"","site-post-title":"","ast-breadcrumbs-content":"","ast-featured-img":"","footer-sml-layout":"","theme-transparent-header-meta":"default","adv-header-id-meta":"","stick-header-meta":"","header-above-stick-meta":"","header-main-stick-meta":"","header-below-stick-meta":"","astra-migrate-meta-layouts":"set","ast-page-background-enabled":"default","ast-page-background-meta":{"desktop":{"background-color":"","background-image":"","background-repeat":"repeat","background-position":"center center","background-size":"auto","background-attachment":"scroll","background-type":"","background-media":"","overlay-type":"","overlay-color":"","overlay-opacity":"","overlay-gradient":""},"tablet":{"background-color":"","background-image":"","background-repeat":"repeat","background-position":"center center","background-size":"auto","background-attachment":"scroll","background-type":"","background-media":"","overlay-type":"","overlay-color":"","overlay-opacity":"","overlay-gradient":""},"mobile":{"background-color":"","background-image":"","background-repeat":"repeat","background-position":"center center","background-size":"auto","background-attachment":"scroll","background-type":"","background-media":"","overlay-type":"","overlay-color":"","overlay-opacity":"","overlay-gradient":""}},"ast-content-background-meta":{"desktop":{"background-color":"var(--ast-global-color-5)","background-image":"","background-repeat":"repeat","background-position":"center center","background-size":"auto","background-attachment":"scroll","background-type":"","background-media":"","overlay-type":"","overlay-color":"","overlay-opacity":"","overlay-gradient":""},"tablet":{"background-color":"var(--ast-global-color-5)","background-image":"","background-repeat":"repeat","background-position":"center center","background-size":"auto","background-attachment":"scroll","background-type":"","background-media":"","overlay-type":"","overlay-color":"","overlay-opacity":"","overlay-gradient":""},"mobile":{"background-color":"var(--ast-global-color-5)","background-image":"","background-repeat":"repeat","background-position":"center center","background-size":"auto","background-attachment":"scroll","background-type":"","background-media":"","overlay-type":"","overlay-color":"","overlay-opacity":"","overlay-gradient":""}}},"product_brand":[],"product_cat":[334,335],"product_tag":[336,337,338,339,340],"class_list":{"0":"post-3114","1":"product","2":"type-product","3":"status-publish","4":"has-post-thumbnail","6":"product_cat-concentres-de-marijuana","7":"product_cat-achetez-phoenix-tears-en-ligne","8":"product_tag-forever-phoenix-phoenix-tears-for-sale-europe","9":"product_tag-phoenix-tears-reviews","10":"product_tag-phoenix-tears-syringe","11":"product_tag-phoenix-tears-where-to-buy","12":"product_tag-where-can-i-buy-phoenix-tears-rso","13":"desktop-align-left","14":"tablet-align-left","15":"mobile-align-left","17":"first","18":"instock","19":"shipping-taxable","20":"purchasable","21":"product-type-simple"},"uagb_featured_image_src":{"full":["https:\/\/pressurezone.shop\/wp-content\/uploads\/2024\/10\/Forever-Phoenix-\u2013-Phoenix-Tears.jpg",600,600,false],"thumbnail":["https:\/\/pressurezone.shop\/wp-content\/uploads\/2024\/10\/Forever-Phoenix-\u2013-Phoenix-Tears-150x150.jpg",150,150,true],"medium":["https:\/\/pressurezone.shop\/wp-content\/uploads\/2024\/10\/Forever-Phoenix-\u2013-Phoenix-Tears-300x300.jpg",300,300,true],"medium_large":["https:\/\/pressurezone.shop\/wp-content\/uploads\/2024\/10\/Forever-Phoenix-\u2013-Phoenix-Tears.jpg",600,600,false],"large":["https:\/\/pressurezone.shop\/wp-content\/uploads\/2024\/10\/Forever-Phoenix-\u2013-Phoenix-Tears.jpg",600,600,false],"1536x1536":["https:\/\/pressurezone.shop\/wp-content\/uploads\/2024\/10\/Forever-Phoenix-\u2013-Phoenix-Tears.jpg",600,600,false],"2048x2048":["https:\/\/pressurezone.shop\/wp-content\/uploads\/2024\/10\/Forever-Phoenix-\u2013-Phoenix-Tears.jpg",600,600,false],"trp-custom-language-flag":["https:\/\/pressurezone.shop\/wp-content\/uploads\/2024\/10\/Forever-Phoenix-\u2013-Phoenix-Tears-12x12.jpg",12,12,true],"woocommerce_thumbnail":["https:\/\/pressurezone.shop\/wp-content\/uploads\/2024\/10\/Forever-Phoenix-\u2013-Phoenix-Tears-300x300.jpg",300,300,true],"woocommerce_single":["https:\/\/pressurezone.shop\/wp-content\/uploads\/2024\/10\/Forever-Phoenix-\u2013-Phoenix-Tears.jpg",600,600,false],"woocommerce_gallery_thumbnail":["https:\/\/pressurezone.shop\/wp-content\/uploads\/2024\/10\/Forever-Phoenix-\u2013-Phoenix-Tears-100x100.jpg",100,100,true]},"uagb_author_info":{"display_name":"pressurezone.shop","author_link":"https:\/\/pressurezone.shop\/pl\/author\/"},"uagb_comment_info":0,"uagb_excerpt":"Achetez Forever Phoenix \u2013 Phoenix Tears en Ligne Europe D\u00e9couvrez le pouvoir exceptionnel de gu\u00e9rison des Forever Phoenix \u2013 Phoenix Tears, une huile de cannabis premium con\u00e7ue pour offrir des bienfaits th\u00e9rapeutiques optimaux. Fabriqu\u00e9e \u00e0 partir d\u2019un groupe s\u00e9lectionn\u00e9 de souches Kush riches en CBD, cette huile suit un processus m\u00e9ticuleux utilisant de l\u2019\u00e9thanol organique&hellip;","_links":{"self":[{"href":"https:\/\/pressurezone.shop\/pl\/wp-json\/wp\/v2\/product\/3114"}],"collection":[{"href":"https:\/\/pressurezone.shop\/pl\/wp-json\/wp\/v2\/product"}],"about":[{"href":"https:\/\/pressurezone.shop\/pl\/wp-json\/wp\/v2\/types\/product"}],"replies":[{"embeddable":true,"href":"https:\/\/pressurezone.shop\/pl\/wp-json\/wp\/v2\/comments?post=3114"}],"version-history":[{"count":3,"href":"https:\/\/pressurezone.shop\/pl\/wp-json\/wp\/v2\/product\/3114\/revisions"}],"predecessor-version":[{"id":4648,"href":"https:\/\/pressurezone.shop\/pl\/wp-json\/wp\/v2\/product\/3114\/revisions\/4648"}],"wp:featuredmedia":[{"embeddable":true,"href":"https:\/\/pressurezone.shop\/pl\/wp-json\/wp\/v2\/media\/3201"}],"wp:attachment":[{"href":"https:\/\/pressurezone.shop\/pl\/wp-json\/wp\/v2\/media?parent=3114"}],"wp:term":[{"taxonomy":"product_brand","embeddable":true,"href":"https:\/\/pressurezone.shop\/pl\/wp-json\/wp\/v2\/product_brand?post=3114"},{"taxonomy":"product_cat","embeddable":true,"href":"https:\/\/pressurezone.shop\/pl\/wp-json\/wp\/v2\/product_cat?post=3114"},{"taxonomy":"product_tag","embeddable":true,"href":"https:\/\/pressurezone.shop\/pl\/wp-json\/wp\/v2\/product_tag?post=3114"}],"curies":[{"name":"wp","href":"https:\/\/api.w.org\/{rel}","templated":true}]}}