{"id":3121,"date":"2024-10-11T00:51:48","date_gmt":"2024-10-10T22:51:48","guid":{"rendered":"https:\/\/pressurezone.shop\/?post_type=product&#038;p=3121"},"modified":"2024-11-15T23:50:42","modified_gmt":"2024-11-15T22:50:42","slug":"faded-extracts-cherry-oil","status":"publish","type":"product","link":"https:\/\/pressurezone.shop\/pl\/produkt\/wyblakle-ekstrakty-olej-wisniowy\/","title":{"rendered":"Faded Extracts Cherry Oil"},"content":{"rendered":"<h3><strong>Kup Faded Extracts Cherry Oil online w Europie - koncentrat z konopi indyjskich Puissant<\/strong><\/h3>\n<p>Dodaj s\u0142odki akcent do swoich do\u015bwiadcze\u0144 z konopiami indyjskimi dzi\u0119ki <strong>Faded Extracts Cherry Oil<\/strong>. Ten wysokiej jako\u015bci koncentrat s\u0142ynie z \u017cywego czerwonego odcienia i wysokiej zawarto\u015bci THC, co czyni go wszechstronnym wyborem zar\u00f3wno dla entuzjast\u00f3w konopi indyjskich, jak i u\u017cytkownik\u00f3w medycznych. Niezale\u017cnie od tego, czy szukasz ulgi terapeutycznej, czy smacznego do\u015bwiadczenia, Cherry Oil jest tutaj, aby poprawi\u0107 twoje samopoczucie.<a href=\"https:\/\/fuelpackz.com\/\" target=\"_blank\" rel=\"noopener\">.<\/a><\/p>\n<hr \/>\n<h3><strong>Czym jest Faded Extracts Cherry Oil?<\/strong><\/h3>\n<p>Faded Extracts Cherry Oil jest najwy\u017cszej jako\u015bci form\u0105 <strong>Butanowy olej haszyszowy (BHO)<\/strong>. Koncentrat ten jest wytwarzany przy u\u017cyciu skrupulatnego procesu ekstrakcji, kt\u00f3ry izoluje THC, terpeny i inne korzystne kannabinoidy zawarte w konopiach indyjskich. Rezultat? Pot\u0119\u017cny olej o g\u0142adkiej, lepkiej konsystencji i urzekaj\u0105cym czerwonym odcieniu pochodz\u0105cym z naturalnych antocyjan\u00f3w ro\u015bliny.<\/p>\n<ul>\n<li><strong>Moc THC<\/strong> Do 85 %.<\/li>\n<li><strong>Wygl\u0105d<\/strong> G\u0142adka konsystencja, zabarwiona na czerwono.<\/li>\n<li><strong>Wszechstronno\u015b\u0107<\/strong> Idealny do w\u0119dzenia, gotowania lub stosowania miejscowego.<\/li>\n<\/ul>\n<hr \/>\n<h3><strong>Dlaczego warto wybra\u0107 Cherry Oil?<\/strong><\/h3>\n<p>Faded Extracts Cherry Oil wyr\u00f3\u017cnia si\u0119 tym, \u017ce <strong>Czysto\u015b\u0107, moc i zdolno\u015b\u0107 adaptacji<\/strong>. Ten skoncentrowany olejek oferuje niezr\u00f3wnane doznania, niezale\u017cnie od tego, czy jeste\u015b do\u015bwiadczonym u\u017cytkownikiem, czy pocz\u0105tkuj\u0105cym.<\/p>\n<ul>\n<li><strong>Wysoka wydajno\u015b\u0107<\/strong> Idealny dla do\u015bwiadczonych u\u017cytkownik\u00f3w poszukuj\u0105cych maksymalnych efekt\u00f3w THC.<\/li>\n<li><strong>Wszechstronne zastosowanie<\/strong> Idealny do jedzenia, picia, stosowania miejscowego lub palenia.<\/li>\n<li><strong>Smaczne do\u015bwiadczenie<\/strong> Bogata w terpeny, ma delikatny, przyjemny profil aromatyczny.<\/li>\n<\/ul>\n<hr \/>\n<h3><strong>Efekty i korzy\u015bci<\/strong><\/h3>\n<p>Cherry Oil jest nie tylko silny, ale tak\u017ce terapeutyczny. Bogaty w THC i inne kannabinoidy, jest idealny do zr\u00f3wnowa\u017conych dozna\u0144.<\/p>\n<h4><strong>Efekty<\/strong><\/h4>\n<ul>\n<li>Euforia<\/li>\n<li>Relaks<\/li>\n<li>Poprawiona koncentracja<\/li>\n<li>Kreatywno\u015b\u0107<\/li>\n<\/ul>\n<h4><strong>Mo\u017ce z\u0142agodzi\u0107<\/strong><\/h4>\n<ul>\n<li>Przewlek\u0142y b\u00f3l<\/li>\n<li>Stres i niepok\u00f3j<\/li>\n<li>Bezsenno\u015b\u0107<\/li>\n<li>Utrata apetytu<\/li>\n<li>Nudno\u015bci<\/li>\n<\/ul>\n<hr \/>\n<h3><strong>Jak stosowa\u0107 Cherry Oil?<\/strong><\/h3>\n<p>Wszechstronno\u015b\u0107 Cherry Oil jest jego najwi\u0119ksz\u0105 si\u0142\u0105. Oto niekt\u00f3re z najpopularniejszych metod:<\/p>\n<ol>\n<li><strong>Palenie lub wapowanie<\/strong><br \/>\nDodaj kropl\u0119 do fajki, jointa lub waporyzatora, aby uzyska\u0107 silny, natychmiastowy efekt.<\/li>\n<li><strong>\u017bywno\u015b\u0107 i napoje<\/strong><br \/>\nDodaj Cherry Oil do swoich ulubionych przepis\u00f3w lub napoj\u00f3w, aby cieszy\u0107 si\u0119 smakiem konopi.<\/li>\n<li><strong>Zastosowanie miejscowe<\/strong><br \/>\nStosowa\u0107 bezpo\u015brednio na sk\u00f3r\u0119 w celu miejscowego z\u0142agodzenia b\u00f3lu.<\/li>\n<li><strong>Stosowanie podj\u0119zykowe<\/strong><br \/>\nUmie\u015b\u0107 niewielk\u0105 ilo\u015b\u0107 pod j\u0119zykiem w celu szybkiego wch\u0142oni\u0119cia.<\/li>\n<\/ol>\n<hr \/>\n<h3><strong>Dlaczego warto kupi\u0107 Faded Extracts Cherry Oil w sklepie Pressure Zone Shop?<\/strong><\/h3>\n<p>Przy <strong>Sklep ze strefami ci\u015bnieniowymi<\/strong>Gwarantujemy, \u017ce ka\u017cdy produkt spe\u0142nia najwy\u017csze standardy jako\u015bci i bezpiecze\u0144stwa. W\u0142a\u015bnie dlatego jeste\u015bmy zaufanym sklepem z marihuan\u0105:<\/p>\n<ul>\n<li><strong>Produkty testowane laboratoryjnie<\/strong> Gwarantowana moc i czysto\u015b\u0107.<\/li>\n<li><strong>Szybka i dyskretna dostawa<\/strong> W ca\u0142ej Europie.<\/li>\n<li><strong>Niezawodna obs\u0142uga klienta<\/strong> Jeste\u015bmy tutaj, aby odpowiedzie\u0107 na wszystkie pytania.<\/li>\n<\/ul>\n<hr \/>\n<h3><strong>Cechy produktu<\/strong><\/h3>\n<ul>\n<li><strong>Typ<\/strong> Butanowy olej haszyszowy (BHO)<\/li>\n<li><strong>Zawarto\u015b\u0107 THC<\/strong> Do 85 %<\/li>\n<li><strong>Sp\u00f3jno\u015b\u0107<\/strong> Konsystencja przypominaj\u0105ca mi\u00f3d, czerwonawy odcie\u0144<\/li>\n<li><strong>Zastosowania<\/strong> Palenie, \u017cywno\u015b\u0107, \u015brodki miejscowe, \u015brodki podj\u0119zykowe<\/li>\n<\/ul>\n<hr \/>\n<h3><strong>Wezwanie do dzia\u0142ania<\/strong><\/h3>\n<p>Nie przegap tej okazji, aby odkry\u0107 pot\u0119\u017cny i wszechstronny <strong>Faded Extracts Cherry Oil<\/strong>. Niezale\u017cnie od tego, czy szukasz terapeutycznej ulgi, czy smacznych dozna\u0144, ten koncentrat jest stworzony dla Ciebie.<\/p>\n<p><strong>Zam\u00f3w teraz na <a href=\"https:\/\/pressurezone.shop\/pl\/\" target=\"_new\" rel=\"noopener\">Sklep ze strefami ci\u015bnieniowymi<\/a><\/strong> po najwy\u017cszej jako\u015bci produkty z konopi indyjskich dostarczane prosto do Twoich drzwi.<\/p>","protected":false},"excerpt":{"rendered":"<table class=\"shop_attributes\" width=\"417\">\n<tbody>\n<tr>\n<th>SP\u00d3JNO\u015a\u0106<\/th>\n<td>Olej wi\u015bniowy<\/td>\n<\/tr>\n<tr>\n<th>SPIS TRE\u015aCI<\/th>\n<td>1 ml i 3 ml<\/td>\n<\/tr>\n<tr>\n<th>ST\u0118\u017bENIE CBD<\/th>\n<td>2%<\/td>\n<\/tr>\n<tr>\n<th>ST\u0118\u017bENIE THC<\/th>\n<td>80%-85%<\/td>\n<\/tr>\n<\/tbody>\n<\/table>","protected":false},"featured_media":3206,"comment_status":"closed","ping_status":"closed","template":"","meta":{"_uag_custom_page_level_css":"","site-sidebar-layout":"default","site-content-layout":"","ast-site-content-layout":"default","site-content-style":"default","site-sidebar-style":"default","ast-global-header-display":"","ast-banner-title-visibility":"","ast-main-header-display":"","ast-hfb-above-header-display":"","ast-hfb-below-header-display":"","ast-hfb-mobile-header-display":"","site-post-title":"","ast-breadcrumbs-content":"","ast-featured-img":"","footer-sml-layout":"","theme-transparent-header-meta":"default","adv-header-id-meta":"","stick-header-meta":"","header-above-stick-meta":"","header-main-stick-meta":"","header-below-stick-meta":"","astra-migrate-meta-layouts":"set","ast-page-background-enabled":"default","ast-page-background-meta":{"desktop":{"background-color":"","background-image":"","background-repeat":"repeat","background-position":"center center","background-size":"auto","background-attachment":"scroll","background-type":"","background-media":"","overlay-type":"","overlay-color":"","overlay-opacity":"","overlay-gradient":""},"tablet":{"background-color":"","background-image":"","background-repeat":"repeat","background-position":"center center","background-size":"auto","background-attachment":"scroll","background-type":"","background-media":"","overlay-type":"","overlay-color":"","overlay-opacity":"","overlay-gradient":""},"mobile":{"background-color":"","background-image":"","background-repeat":"repeat","background-position":"center center","background-size":"auto","background-attachment":"scroll","background-type":"","background-media":"","overlay-type":"","overlay-color":"","overlay-opacity":"","overlay-gradient":""}},"ast-content-background-meta":{"desktop":{"background-color":"var(--ast-global-color-5)","background-image":"","background-repeat":"repeat","background-position":"center center","background-size":"auto","background-attachment":"scroll","background-type":"","background-media":"","overlay-type":"","overlay-color":"","overlay-opacity":"","overlay-gradient":""},"tablet":{"background-color":"var(--ast-global-color-5)","background-image":"","background-repeat":"repeat","background-position":"center center","background-size":"auto","background-attachment":"scroll","background-type":"","background-media":"","overlay-type":"","overlay-color":"","overlay-opacity":"","overlay-gradient":""},"mobile":{"background-color":"var(--ast-global-color-5)","background-image":"","background-repeat":"repeat","background-position":"center center","background-size":"auto","background-attachment":"scroll","background-type":"","background-media":"","overlay-type":"","overlay-color":"","overlay-opacity":"","overlay-gradient":""}}},"product_brand":[],"product_cat":[334,335],"product_tag":[341,342,343,344],"class_list":{"0":"post-3121","1":"product","2":"type-product","3":"status-publish","4":"has-post-thumbnail","6":"product_cat-concentres-de-marijuana","7":"product_cat-achetez-phoenix-tears-en-ligne","8":"product_tag-buy-faded-extracts-cherry-oil","9":"product_tag-buy-phoenix-tears-online-europe","10":"product_tag-buy-rso-oil-online","11":"product_tag-stigma-grow-phoenix-tears-how-to-use","12":"desktop-align-left","13":"tablet-align-left","14":"mobile-align-left","16":"first","17":"instock","18":"shipping-taxable","19":"purchasable","20":"product-type-simple"},"uagb_featured_image_src":{"full":["https:\/\/pressurezone.shop\/wp-content\/uploads\/2024\/10\/Buy-Faded-Extracts-Cherry-Oil.jpg",768,768,false],"thumbnail":["https:\/\/pressurezone.shop\/wp-content\/uploads\/2024\/10\/Buy-Faded-Extracts-Cherry-Oil-150x150.jpg",150,150,true],"medium":["https:\/\/pressurezone.shop\/wp-content\/uploads\/2024\/10\/Buy-Faded-Extracts-Cherry-Oil-300x300.jpg",300,300,true],"medium_large":["https:\/\/pressurezone.shop\/wp-content\/uploads\/2024\/10\/Buy-Faded-Extracts-Cherry-Oil.jpg",768,768,false],"large":["https:\/\/pressurezone.shop\/wp-content\/uploads\/2024\/10\/Buy-Faded-Extracts-Cherry-Oil.jpg",768,768,false],"1536x1536":["https:\/\/pressurezone.shop\/wp-content\/uploads\/2024\/10\/Buy-Faded-Extracts-Cherry-Oil.jpg",768,768,false],"2048x2048":["https:\/\/pressurezone.shop\/wp-content\/uploads\/2024\/10\/Buy-Faded-Extracts-Cherry-Oil.jpg",768,768,false],"trp-custom-language-flag":["https:\/\/pressurezone.shop\/wp-content\/uploads\/2024\/10\/Buy-Faded-Extracts-Cherry-Oil-12x12.jpg",12,12,true],"woocommerce_thumbnail":["https:\/\/pressurezone.shop\/wp-content\/uploads\/2024\/10\/Buy-Faded-Extracts-Cherry-Oil-300x300.jpg",300,300,true],"woocommerce_single":["https:\/\/pressurezone.shop\/wp-content\/uploads\/2024\/10\/Buy-Faded-Extracts-Cherry-Oil-600x600.jpg",600,600,true],"woocommerce_gallery_thumbnail":["https:\/\/pressurezone.shop\/wp-content\/uploads\/2024\/10\/Buy-Faded-Extracts-Cherry-Oil-100x100.jpg",100,100,true]},"uagb_author_info":{"display_name":"pressurezone.shop","author_link":"https:\/\/pressurezone.shop\/pl\/author\/"},"uagb_comment_info":0,"uagb_excerpt":"CONSISTENCY Cherry Oil CONTENTS 1mL &amp; 3mL CBD CONCENTRATION 2% THC CONCENTRATION 80%-85%","_links":{"self":[{"href":"https:\/\/pressurezone.shop\/pl\/wp-json\/wp\/v2\/product\/3121"}],"collection":[{"href":"https:\/\/pressurezone.shop\/pl\/wp-json\/wp\/v2\/product"}],"about":[{"href":"https:\/\/pressurezone.shop\/pl\/wp-json\/wp\/v2\/types\/product"}],"replies":[{"embeddable":true,"href":"https:\/\/pressurezone.shop\/pl\/wp-json\/wp\/v2\/comments?post=3121"}],"version-history":[{"count":3,"href":"https:\/\/pressurezone.shop\/pl\/wp-json\/wp\/v2\/product\/3121\/revisions"}],"predecessor-version":[{"id":4539,"href":"https:\/\/pressurezone.shop\/pl\/wp-json\/wp\/v2\/product\/3121\/revisions\/4539"}],"wp:featuredmedia":[{"embeddable":true,"href":"https:\/\/pressurezone.shop\/pl\/wp-json\/wp\/v2\/media\/3206"}],"wp:attachment":[{"href":"https:\/\/pressurezone.shop\/pl\/wp-json\/wp\/v2\/media?parent=3121"}],"wp:term":[{"taxonomy":"product_brand","embeddable":true,"href":"https:\/\/pressurezone.shop\/pl\/wp-json\/wp\/v2\/product_brand?post=3121"},{"taxonomy":"product_cat","embeddable":true,"href":"https:\/\/pressurezone.shop\/pl\/wp-json\/wp\/v2\/product_cat?post=3121"},{"taxonomy":"product_tag","embeddable":true,"href":"https:\/\/pressurezone.shop\/pl\/wp-json\/wp\/v2\/product_tag?post=3121"}],"curies":[{"name":"wp","href":"https:\/\/api.w.org\/{rel}","templated":true}]}}