{"id":3122,"date":"2024-10-11T00:51:48","date_gmt":"2024-10-10T22:51:48","guid":{"rendered":"https:\/\/pressurezone.shop\/?post_type=product&#038;p=3122"},"modified":"2024-11-17T02:43:16","modified_gmt":"2024-11-17T01:43:16","slug":"huile-cbd-full-spectrum","status":"publish","type":"product","link":"https:\/\/pressurezone.shop\/pl\/produkt\/olej-cbd-o-pelnym-spektrum-dzialania\/","title":{"rendered":"Olej CBD o pe\u0142nym spektrum dzia\u0142ania"},"content":{"rendered":"<div class=\"flex-shrink-0 flex flex-col relative items-end\">\n<div>\n<div class=\"pt-0\">\n<div class=\"gizmo-bot-avatar flex h-8 w-8 items-center justify-center overflow-hidden rounded-full\">\n<div class=\"relative p-1 rounded-sm flex items-center justify-center bg-token-main-surface-primary text-token-text-primary h-8 w-8\"><\/div>\n<\/div>\n<\/div>\n<\/div>\n<\/div>\n<div class=\"group\/conversation-turn relative flex w-full min-w-0 flex-col agent-turn\">\n<div class=\"flex-col gap-1 md:gap-3\">\n<div class=\"flex max-w-full flex-col flex-grow\">\n<div class=\"min-h-8 text-message flex w-full flex-col items-end gap-2 whitespace-normal break-words [.text-message+&amp;]:mt-5\" dir=\"auto\" data-message-author-role=\"assistant\" data-message-id=\"98ec086b-188b-461b-9635-b7e503ba5c5b\" data-message-model-slug=\"gpt-4o\">\n<div class=\"flex w-full flex-col gap-1 empty:hidden first:pt-[3px]\">\n<div class=\"markdown prose w-full break-words dark:prose-invert light\">\n<h3><strong>Kup olej CBD Viridesco Full Spectrum online w Europie<\/strong><\/h3>\n<p>Odkryj niepor\u00f3wnywalne korzy\u015bci<strong>Olej CBD o pe\u0142nym spektrum dzia\u0142ania Viridesco<\/strong>najwy\u017cszej jako\u015bci olej z konopi indyjskich pozyskiwany z kwiat\u00f3w konopi uprawianych w szklarniach. To <strong>Olej CBD<\/strong> surowa, nieprzetworzona i organiczna, oferuje wszechstronne rozwi\u0105zanie do spo\u017cycia, palenia i stosowania miejscowego. Idealny dla u\u017cytkownik\u00f3w marihuany medycznej, jest powszechnie uznawany za swoje w\u0142a\u015bciwo\u015bci lecznicze i \u0142atwo\u015b\u0107 u\u017cycia.<a href=\"https:\/\/fuelpackz.com\/\" target=\"_blank\" rel=\"noopener\">.<\/a><\/p>\n<hr \/>\n<h3><strong>Czym jest olej CBD Viridesco Full Spectrum?<\/strong><\/h3>\n<p>Olej CBD o pe\u0142nym spektrum Viridesco to <strong>wysoce skoncentrowany ekstrakt z konopi<\/strong> zaprojektowany w celu dostarczania wszystkich kannabinoid\u00f3w znajduj\u0105cych si\u0119 w konopiach. Cz\u0119sto nazywany <strong>Rick Simpson Oil (RSO)<\/strong> lub <strong>\u0141zy Feniksa<\/strong>Olejek ten jest zaufanym wyborem dla os\u00f3b poszukuj\u0105cych naturalnej ulgi w r\u00f3\u017cnych dolegliwo\u015bciach.<\/p>\n<hr \/>\n<h3><strong>Szczeg\u00f3\u0142y produktu<\/strong><\/h3>\n<ul>\n<li><strong>Tre\u015b\u0107<\/strong> 1 x strzykawka z olejem Viridesco<\/li>\n<li><strong>Zawarto\u015b\u0107 CBD<\/strong> : 54,5 % &#8211; 60,7 %<\/li>\n<li><strong>Dost\u0119pne rozmiary<\/strong> 1 ml do 10 ml<\/li>\n<li><strong>Opakowanie<\/strong> Dostarczany w rewolucyjnym dozowniku Patron Eos-Dispenser do precyzyjnego dozowania z dok\u0142adno\u015bci\u0105 do 0,01 ml.<\/li>\n<\/ul>\n<hr \/>\n<h3><strong>G\u0142\u00f3wne w\u0142a\u015bciwo\u015bci oleju CBD Viridesco Full Spectrum<\/strong><\/h3>\n<ol>\n<li><strong>Organiczne i surowe<\/strong> Wyci\u0105g z kwiat\u00f3w konopi uprawianych w szklarniach, bez dodatk\u00f3w i konserwant\u00f3w.<\/li>\n<li><strong>Wszechstronne zastosowanie<\/strong> Mo\u017ce by\u0107 przyjmowany doustnie, palony lub stosowany na sk\u00f3r\u0119.<\/li>\n<li><strong>\u015awiadczenia medyczne<\/strong> Wiadomo, \u017ce \u0142agodzi b\u00f3l, zmniejsza stan zapalny, radzi sobie ze stresem i wiele wi\u0119cej.<\/li>\n<li><strong>Zaawansowane kondycjonowanie<\/strong> Dozownik Patron Eos gwarantuje optymaln\u0105 precyzj\u0119, u\u0142atwiaj\u0105c kontrolowanie dawki.<\/li>\n<\/ol>\n<hr \/>\n<h3><strong>Dlaczego warto wybra\u0107 olej CBD Viridesco?<\/strong><\/h3>\n<p>Olej CBD Viridesco Full Spectrum oferuje naturalne i skuteczne rozwi\u0105zanie problemu palenia. <strong>ca\u0142kowite wyleczenie<\/strong> dla tych, kt\u00f3rzy szukaj\u0105 zio\u0142owej alternatywy. Zawiera zr\u00f3wnowa\u017cony profil kannabinoid\u00f3w, kt\u00f3re dzia\u0142aj\u0105 synergistycznie w celu wzmocnienia efekt\u00f3w terapeutycznych.<\/p>\n<hr \/>\n<h3><strong>Korzy\u015bci p\u0142yn\u0105ce ze stosowania oleju CBD Full Spectrum<\/strong><\/h3>\n<ul>\n<li><strong>U\u015bmierzanie b\u00f3lu<\/strong> \u0141agodzi przewlek\u0142y b\u00f3l, zapalenie staw\u00f3w i b\u00f3le mi\u0119\u015bni.<\/li>\n<li><strong>Przeciwzapalne<\/strong> Zmniejsza stan zapalny, przynosz\u0105c ulg\u0119 w stanach takich jak IBS i b\u00f3le staw\u00f3w.<\/li>\n<li><strong>Zarz\u0105dzanie stresem i l\u0119kiem<\/strong> Uspokaja umys\u0142 i pomaga regulowa\u0107 wahania nastroju.<\/li>\n<li><strong>Wspomaga sen<\/strong> Idealny dla os\u00f3b cierpi\u0105cych na bezsenno\u015b\u0107 lub zaburzenia snu.<\/li>\n<li><strong>Zdrowie sk\u00f3ry<\/strong> Mo\u017ce by\u0107 stosowany miejscowo, aby poprawi\u0107 stan sk\u00f3ry, taki jak egzema i tr\u0105dzik.<\/li>\n<\/ul>\n<hr \/>\n<h3><strong>Jak stosowa\u0107 olej CBD Viridesco Full Spectrum?<\/strong><\/h3>\n<ol>\n<li><strong>Spo\u017cycie doustne<\/strong> Umie\u015bci\u0107 \u017c\u0105dan\u0105 dawk\u0119 pod j\u0119zykiem i przytrzyma\u0107 przez 30 sekund przed po\u0142kni\u0119ciem.<\/li>\n<li><strong>W\u0119dzone lub natryskiwane<\/strong> Dodaj olejek do ulubionego urz\u0105dzenia do palenia lub waporyzacji, aby uzyska\u0107 szybk\u0105 ulg\u0119.<\/li>\n<li><strong>Zastosowanie miejscowe<\/strong> Na\u0142o\u017cy\u0107 niewielk\u0105 ilo\u015b\u0107 bezpo\u015brednio na sk\u00f3r\u0119, aby uzyska\u0107 miejscow\u0105 ulg\u0119.<\/li>\n<\/ol>\n<hr \/>\n<h3><strong>Zalecane dawkowanie<\/strong><\/h3>\n<p>Nale\u017cy rozpocz\u0105\u0107 od ma\u0142ej dawki (wielko\u015bci ziarenka ry\u017cu) i w razie potrzeby stopniowo j\u0105 zwi\u0119ksza\u0107. Aby uzyska\u0107 najlepsze wyniki, nale\u017cy dostosowa\u0107 dawk\u0119 do masy cia\u0142a i nasilenia dolegliwo\u015bci.<\/p>\n<hr \/>\n<h3><strong>Dlaczego warto kupowa\u0107 w Pressure Zone?<\/strong><\/h3>\n<p>Przy <strong><a href=\"https:\/\/pressurezone.shop\/pl\/\" target=\"_new\" rel=\"noopener\">PressureZone.Shop<\/a><\/strong>Jeste\u015bmy zaanga\u017cowani w oferowanie najwy\u017cszej jako\u015bci produkt\u00f3w z konopi indyjskich, w tym<strong>Olej CBD o pe\u0142nym spektrum dzia\u0142ania Viridesco<\/strong>. Wszystkie nasze produkty s\u0105 testowane laboratoryjnie, aby zagwarantowa\u0107 bezpiecze\u0144stwo, sp\u00f3jno\u015b\u0107 i skuteczno\u015b\u0107, daj\u0105c ci pewno\u015b\u0107, \u017ce mo\u017cesz w pe\u0142ni cieszy\u0107 si\u0119 konopiami indyjskimi.<\/p>\n<hr \/>\n<h3><strong>Zam\u00f3w olej CBD Viridesco Full Spectrum ju\u017c dzi\u015b!<\/strong><\/h3>\n<p>Nie zwlekaj z odkryciem naturalnych korzy\u015bci p\u0142yn\u0105cych z<strong>Olej CBD o pe\u0142nym spektrum dzia\u0142ania<\/strong>. Kup teraz na <strong><a href=\"https:\/\/pressurezone.shop\/pl\/\" target=\"_new\" rel=\"noopener\">PressureZone.Shop<\/a><\/strong> zapewniaj\u0105c szybk\u0105 dostaw\u0119 w dowolne miejsce w Europie i niezr\u00f3wnan\u0105 jako\u015b\u0107.<\/p>\n<\/div>\n<\/div>\n<\/div>\n<\/div>\n<\/div>\n<\/div>","protected":false},"excerpt":{"rendered":"<p>Achetez Viridesco Full Spectrum CBD Oil en ligne en Europe D\u00e9couvrez les bienfaits incomparables de l&rsquo;huile CBD Viridesco Full Spectrum, une huile de cannabis de qualit\u00e9 sup\u00e9rieure extraite de fleurs de chanvre cultiv\u00e9es en serre. Cette huile de CBD brute, non transform\u00e9e et biologique, offre une solution polyvalente pour une utilisation comestible, fumable et topique. [&hellip;]<\/p>","protected":false},"featured_media":3208,"comment_status":"closed","ping_status":"closed","template":"","meta":{"_uag_custom_page_level_css":"","site-sidebar-layout":"default","site-content-layout":"","ast-site-content-layout":"default","site-content-style":"default","site-sidebar-style":"default","ast-global-header-display":"","ast-banner-title-visibility":"","ast-main-header-display":"","ast-hfb-above-header-display":"","ast-hfb-below-header-display":"","ast-hfb-mobile-header-display":"","site-post-title":"","ast-breadcrumbs-content":"","ast-featured-img":"","footer-sml-layout":"","theme-transparent-header-meta":"default","adv-header-id-meta":"","stick-header-meta":"","header-above-stick-meta":"","header-main-stick-meta":"","header-below-stick-meta":"","astra-migrate-meta-layouts":"set","ast-page-background-enabled":"default","ast-page-background-meta":{"desktop":{"background-color":"","background-image":"","background-repeat":"repeat","background-position":"center center","background-size":"auto","background-attachment":"scroll","background-type":"","background-media":"","overlay-type":"","overlay-color":"","overlay-opacity":"","overlay-gradient":""},"tablet":{"background-color":"","background-image":"","background-repeat":"repeat","background-position":"center center","background-size":"auto","background-attachment":"scroll","background-type":"","background-media":"","overlay-type":"","overlay-color":"","overlay-opacity":"","overlay-gradient":""},"mobile":{"background-color":"","background-image":"","background-repeat":"repeat","background-position":"center center","background-size":"auto","background-attachment":"scroll","background-type":"","background-media":"","overlay-type":"","overlay-color":"","overlay-opacity":"","overlay-gradient":""}},"ast-content-background-meta":{"desktop":{"background-color":"var(--ast-global-color-5)","background-image":"","background-repeat":"repeat","background-position":"center center","background-size":"auto","background-attachment":"scroll","background-type":"","background-media":"","overlay-type":"","overlay-color":"","overlay-opacity":"","overlay-gradient":""},"tablet":{"background-color":"var(--ast-global-color-5)","background-image":"","background-repeat":"repeat","background-position":"center center","background-size":"auto","background-attachment":"scroll","background-type":"","background-media":"","overlay-type":"","overlay-color":"","overlay-opacity":"","overlay-gradient":""},"mobile":{"background-color":"var(--ast-global-color-5)","background-image":"","background-repeat":"repeat","background-position":"center center","background-size":"auto","background-attachment":"scroll","background-type":"","background-media":"","overlay-type":"","overlay-color":"","overlay-opacity":"","overlay-gradient":""}}},"product_brand":[],"product_cat":[334,335],"product_tag":[345],"class_list":{"0":"post-3122","1":"product","2":"type-product","3":"status-publish","4":"has-post-thumbnail","6":"product_cat-concentres-de-marijuana","7":"product_cat-achetez-phoenix-tears-en-ligne","8":"product_tag-buy-viridesco-full-spectrum-cbd-oil-online-europe","9":"desktop-align-left","10":"tablet-align-left","11":"mobile-align-left","13":"first","14":"instock","15":"shipping-taxable","16":"purchasable","17":"product-type-simple"},"uagb_featured_image_src":{"full":["https:\/\/pressurezone.shop\/wp-content\/uploads\/2024\/10\/Viridesco-Full-Spectrum-CBD-Oil.jpg",768,768,false],"thumbnail":["https:\/\/pressurezone.shop\/wp-content\/uploads\/2024\/10\/Viridesco-Full-Spectrum-CBD-Oil-150x150.jpg",150,150,true],"medium":["https:\/\/pressurezone.shop\/wp-content\/uploads\/2024\/10\/Viridesco-Full-Spectrum-CBD-Oil-300x300.jpg",300,300,true],"medium_large":["https:\/\/pressurezone.shop\/wp-content\/uploads\/2024\/10\/Viridesco-Full-Spectrum-CBD-Oil.jpg",768,768,false],"large":["https:\/\/pressurezone.shop\/wp-content\/uploads\/2024\/10\/Viridesco-Full-Spectrum-CBD-Oil.jpg",768,768,false],"1536x1536":["https:\/\/pressurezone.shop\/wp-content\/uploads\/2024\/10\/Viridesco-Full-Spectrum-CBD-Oil.jpg",768,768,false],"2048x2048":["https:\/\/pressurezone.shop\/wp-content\/uploads\/2024\/10\/Viridesco-Full-Spectrum-CBD-Oil.jpg",768,768,false],"trp-custom-language-flag":["https:\/\/pressurezone.shop\/wp-content\/uploads\/2024\/10\/Viridesco-Full-Spectrum-CBD-Oil-12x12.jpg",12,12,true],"woocommerce_thumbnail":["https:\/\/pressurezone.shop\/wp-content\/uploads\/2024\/10\/Viridesco-Full-Spectrum-CBD-Oil-300x300.jpg",300,300,true],"woocommerce_single":["https:\/\/pressurezone.shop\/wp-content\/uploads\/2024\/10\/Viridesco-Full-Spectrum-CBD-Oil-600x600.jpg",600,600,true],"woocommerce_gallery_thumbnail":["https:\/\/pressurezone.shop\/wp-content\/uploads\/2024\/10\/Viridesco-Full-Spectrum-CBD-Oil-100x100.jpg",100,100,true]},"uagb_author_info":{"display_name":"pressurezone.shop","author_link":"https:\/\/pressurezone.shop\/pl\/author\/"},"uagb_comment_info":0,"uagb_excerpt":"Achetez Viridesco Full Spectrum CBD Oil en ligne en Europe D\u00e9couvrez les bienfaits incomparables de l&rsquo;huile CBD Viridesco Full Spectrum, une huile de cannabis de qualit\u00e9 sup\u00e9rieure extraite de fleurs de chanvre cultiv\u00e9es en serre. Cette huile de CBD brute, non transform\u00e9e et biologique, offre une solution polyvalente pour une utilisation comestible, fumable et topique.&hellip;","_links":{"self":[{"href":"https:\/\/pressurezone.shop\/pl\/wp-json\/wp\/v2\/product\/3122"}],"collection":[{"href":"https:\/\/pressurezone.shop\/pl\/wp-json\/wp\/v2\/product"}],"about":[{"href":"https:\/\/pressurezone.shop\/pl\/wp-json\/wp\/v2\/types\/product"}],"replies":[{"embeddable":true,"href":"https:\/\/pressurezone.shop\/pl\/wp-json\/wp\/v2\/comments?post=3122"}],"version-history":[{"count":3,"href":"https:\/\/pressurezone.shop\/pl\/wp-json\/wp\/v2\/product\/3122\/revisions"}],"predecessor-version":[{"id":4656,"href":"https:\/\/pressurezone.shop\/pl\/wp-json\/wp\/v2\/product\/3122\/revisions\/4656"}],"wp:featuredmedia":[{"embeddable":true,"href":"https:\/\/pressurezone.shop\/pl\/wp-json\/wp\/v2\/media\/3208"}],"wp:attachment":[{"href":"https:\/\/pressurezone.shop\/pl\/wp-json\/wp\/v2\/media?parent=3122"}],"wp:term":[{"taxonomy":"product_brand","embeddable":true,"href":"https:\/\/pressurezone.shop\/pl\/wp-json\/wp\/v2\/product_brand?post=3122"},{"taxonomy":"product_cat","embeddable":true,"href":"https:\/\/pressurezone.shop\/pl\/wp-json\/wp\/v2\/product_cat?post=3122"},{"taxonomy":"product_tag","embeddable":true,"href":"https:\/\/pressurezone.shop\/pl\/wp-json\/wp\/v2\/product_tag?post=3122"}],"curies":[{"name":"wp","href":"https:\/\/api.w.org\/{rel}","templated":true}]}}