{"id":3123,"date":"2024-10-11T00:51:48","date_gmt":"2024-10-10T22:51:48","guid":{"rendered":"https:\/\/pressurezone.shop\/?post_type=product&#038;p=3123"},"modified":"2024-11-15T23:59:51","modified_gmt":"2024-11-15T22:59:51","slug":"faded-extracts-halleys-comet-oil","status":"publish","type":"product","link":"https:\/\/pressurezone.shop\/pl\/produkt\/wyblakle-ekstrakty-halleys-comet-oil\/","title":{"rendered":"Wyblak\u0142e ekstrakty olejku z komety Halleya"},"content":{"rendered":"<h3>Kup Faded Extracts Halley's Comet Oil Online Europe - Idealna r\u00f3wnowaga CBD i THC<\/h3>\n<p>Ulepsz swoj\u0105 rutyn\u0119 odnowy biologicznej dzi\u0119ki <strong>Wyblak\u0142e ekstrakty olejku z komety Halleya<\/strong>Halley's Comet Oil to najwy\u017cszej jako\u015bci koncentrat z konopi indyjskich oferuj\u0105cy terapeutyczne i regeneruj\u0105ce korzy\u015bci w wygodnym formacie. Idealny dla u\u017cytkownik\u00f3w poszukuj\u0105cych harmonijnej r\u00f3wnowagi mi\u0119dzy relaksem a energi\u0105, Halley's Comet Oil \u0142\u0105czy w sobie <strong>THC i CBD<\/strong> w idealnym stosunku 1:1, zapewniaj\u0105c niezr\u00f3wnane wra\u017cenia.<\/p>\n<hr \/>\n<h3><strong>Czym jest olejek Faded Extracts Halley's Comet Oil?<\/strong><\/h3>\n<p>Faded Extracts Halley's Comet Oil to koncentrat konopi indyjskich wykonany ze s\u0142ynnej komety Halleya. <strong>Odmiana komety Halleya<\/strong>. Znany z wysokiej zawarto\u015bci CBD i efekt\u00f3w terapeutycznych, olej ten oferuje unikalne po\u0142\u0105czenie <strong>CBD i THC<\/strong>zaprojektowany, aby zapewni\u0107 szybk\u0105 i skuteczn\u0105 ulg\u0119<a href=\"https:\/\/fuelpackz.com\/\" target=\"_blank\" rel=\"noopener\">.<\/a><\/p>\n<ul>\n<li><strong>Stosunek<\/strong> 1:1 CBD\/THC dla zr\u00f3wnowa\u017conych efekt\u00f3w<\/li>\n<li><strong>U\u017cycie<\/strong> Dostosowany do dziennych i nocnych potrzeb terapeutycznych<\/li>\n<li><strong>Moc<\/strong> Idealny do \u0142agodzenia b\u00f3lu, stresu i nie tylko<\/li>\n<\/ul>\n<hr \/>\n<h3><strong>Korzy\u015bci p\u0142yn\u0105ce ze stosowania oleju z komety Halleya<\/strong><\/h3>\n<p>Faded Extracts Halley's Comet Oil to nie tylko produkt z konopi indyjskich - to narz\u0119dzie odnowy biologicznej. Dzi\u0119ki precyzyjnemu po\u0142\u0105czeniu CBD i THC, olej ten oferuje szeroki zakres korzy\u015bci terapeutycznych.<\/p>\n<h4><strong>Efekty<\/strong><\/h4>\n<ul>\n<li>Spok\u00f3j i relaks<\/li>\n<li>Uniesienie i dynamika<\/li>\n<li>Lepsza koncentracja i energia<\/li>\n<\/ul>\n<h4><strong>Mo\u017ce odci\u0105\u017cy\u0107<\/strong><\/h4>\n<ul>\n<li>Przewlek\u0142y b\u00f3l<\/li>\n<li>Stres i niepok\u00f3j<\/li>\n<li>Zapalenie<\/li>\n<li>Bezsenno\u015b\u0107<\/li>\n<li>Nudno\u015bci<\/li>\n<li>Napi\u0119cie mi\u0119\u015bni<\/li>\n<\/ul>\n<hr \/>\n<h3><strong>Jak stosowa\u0107 olejek Faded Extracts Halley's Comet Oil?<\/strong><\/h3>\n<p>Wszechstronno\u015b\u0107 olejku Halley's Comet sprawia, \u017ce idealnie wpasowuje si\u0119 on w rutyn\u0119. Niezale\u017cnie od tego, czy jeste\u015b w domu, czy w podr\u00f3\u017cy, olejek ten zapewnia szybk\u0105 i dyskretn\u0105 ulg\u0119.<\/p>\n<ol>\n<li><strong>Stosowanie podj\u0119zykowe<\/strong><br \/>\nUmie\u015b\u0107 jedn\u0105 kropl\u0119 pod j\u0119zykiem, aby uzyska\u0107 szybkie wch\u0142anianie i natychmiastowe efekty.<\/li>\n<li><strong>Dodatek do \u017cywno\u015bci lub napoj\u00f3w<\/strong><br \/>\nWymieszaj go z ulubionymi potrawami lub napojami, aby uzyska\u0107 efekt terapeutyczny.<\/li>\n<li><strong>Zastosowanie miejscowe<\/strong><br \/>\nStosowa\u0107 bezpo\u015brednio na sk\u00f3r\u0119 w celu miejscowego z\u0142agodzenia b\u00f3lu i stan\u00f3w zapalnych.<\/li>\n<li><strong>Opary lub dym<\/strong><br \/>\nPo\u0142\u0105cz go z ulubion\u0105 metod\u0105 waporyzacji lub palenia, aby uzyska\u0107 natychmiastowe efekty.<\/li>\n<\/ol>\n<hr \/>\n<h3><strong>Dlaczego warto wybra\u0107 olejek Faded Extracts Halley's Comet?<\/strong><\/h3>\n<ul>\n<li><strong>Stosunek CBD\/THC 1:1<\/strong> Idealna r\u00f3wnowaga do u\u017cytku terapeutycznego i rekreacyjnego.<\/li>\n<li><strong>Wysokiej jako\u015bci sk\u0142adniki<\/strong> Ekstrakt z wysokiej jako\u015bci ro\u015blin konopi indyjskich, przetestowany pod k\u0105tem czysto\u015bci.<\/li>\n<li><strong>Praktyczny<\/strong> \u0141atwy w u\u017cyciu format zapewnia dyskretn\u0105 ulg\u0119 przez ca\u0142y czas.<\/li>\n<\/ul>\n<hr \/>\n<h3><strong>Do kogo skierowany jest olejek Halley's Comet Oil?<\/strong><\/h3>\n<p>Faded Extracts Halley's Comet Oil jest idealny do :<\/p>\n<ul>\n<li>Pacjenci szukaj\u0105cy ulgi w przewlek\u0142ym b\u00f3lu, stresie lub stanach zapalnych<\/li>\n<li>U\u017cytkownicy poszukuj\u0105cy \u0142agodnych, zr\u00f3wnowa\u017conych efekt\u00f3w psychoaktywnych<\/li>\n<li>Ci, kt\u00f3rzy chc\u0105 poprawi\u0107 sw\u00f3j relaks i koncentracj\u0119 w naturalny spos\u00f3b<\/li>\n<\/ul>\n<hr \/>\n<h3><strong>Cechy produktu<\/strong><\/h3>\n<ul>\n<li><strong>Typ<\/strong> Mieszanka olej\u00f3w CBD-THC<\/li>\n<li><strong>Stosunek<\/strong> 1:1 CBD\/THC<\/li>\n<li><strong>Zastosowania<\/strong> Podj\u0119zykowe, miejscowe lub jadalne<\/li>\n<li><strong>Moc<\/strong> Koncentrat terapeutyczny<\/li>\n<\/ul>\n<hr \/>\n<h3><strong>Wezwanie do dzia\u0142ania<\/strong><\/h3>\n<p>Odkryj idealn\u0105 harmoni\u0119 <strong>CBD i THC<\/strong> z <strong>Wyblak\u0142e ekstrakty olejku z komety Halleya<\/strong>. Niezale\u017cnie od tego, czy radzisz sobie z b\u00f3lem, redukujesz stres, czy szukasz relaksu, ten wysokiej jako\u015bci olejek jest stworzony dla Ciebie.<\/p>\n<p><strong>Zam\u00f3w teraz na <a href=\"https:\/\/pressurezone.shop\/pl\/\" target=\"_new\" rel=\"noopener\">Sklep ze strefami ci\u015bnieniowymi<\/a><\/strong> z szybk\u0105 dostaw\u0105 na terenie ca\u0142ej Europy i ju\u017c dzi\u015b zwi\u0119ksz swoje doznania zwi\u0105zane z konopiami indyjskimi.<\/p>","protected":false},"excerpt":{"rendered":"<p>Achetez Faded Extracts Halley\u2019s Comet Oil en Ligne Europe \u2013 \u00c9quilibre Parfait de CBD et THC Am\u00e9liorez votre routine bien-\u00eatre avec Faded Extracts Halley\u2019s Comet Oil, un concentr\u00e9 de cannabis premium offrant des bienfaits th\u00e9rapeutiques et r\u00e9parateurs dans un format pratique. Id\u00e9al pour les utilisateurs recherchant un \u00e9quilibre harmonieux entre relaxation et dynamisme, Halley\u2019s Comet [&hellip;]<\/p>","protected":false},"featured_media":3210,"comment_status":"closed","ping_status":"closed","template":"","meta":{"_uag_custom_page_level_css":"","site-sidebar-layout":"default","site-content-layout":"","ast-site-content-layout":"default","site-content-style":"default","site-sidebar-style":"default","ast-global-header-display":"","ast-banner-title-visibility":"","ast-main-header-display":"","ast-hfb-above-header-display":"","ast-hfb-below-header-display":"","ast-hfb-mobile-header-display":"","site-post-title":"","ast-breadcrumbs-content":"","ast-featured-img":"","footer-sml-layout":"","theme-transparent-header-meta":"default","adv-header-id-meta":"","stick-header-meta":"","header-above-stick-meta":"","header-main-stick-meta":"","header-below-stick-meta":"","astra-migrate-meta-layouts":"set","ast-page-background-enabled":"default","ast-page-background-meta":{"desktop":{"background-color":"","background-image":"","background-repeat":"repeat","background-position":"center center","background-size":"auto","background-attachment":"scroll","background-type":"","background-media":"","overlay-type":"","overlay-color":"","overlay-opacity":"","overlay-gradient":""},"tablet":{"background-color":"","background-image":"","background-repeat":"repeat","background-position":"center center","background-size":"auto","background-attachment":"scroll","background-type":"","background-media":"","overlay-type":"","overlay-color":"","overlay-opacity":"","overlay-gradient":""},"mobile":{"background-color":"","background-image":"","background-repeat":"repeat","background-position":"center center","background-size":"auto","background-attachment":"scroll","background-type":"","background-media":"","overlay-type":"","overlay-color":"","overlay-opacity":"","overlay-gradient":""}},"ast-content-background-meta":{"desktop":{"background-color":"var(--ast-global-color-5)","background-image":"","background-repeat":"repeat","background-position":"center center","background-size":"auto","background-attachment":"scroll","background-type":"","background-media":"","overlay-type":"","overlay-color":"","overlay-opacity":"","overlay-gradient":""},"tablet":{"background-color":"var(--ast-global-color-5)","background-image":"","background-repeat":"repeat","background-position":"center center","background-size":"auto","background-attachment":"scroll","background-type":"","background-media":"","overlay-type":"","overlay-color":"","overlay-opacity":"","overlay-gradient":""},"mobile":{"background-color":"var(--ast-global-color-5)","background-image":"","background-repeat":"repeat","background-position":"center center","background-size":"auto","background-attachment":"scroll","background-type":"","background-media":"","overlay-type":"","overlay-color":"","overlay-opacity":"","overlay-gradient":""}}},"product_brand":[],"product_cat":[334,335],"product_tag":[346],"class_list":{"0":"post-3123","1":"product","2":"type-product","3":"status-publish","4":"has-post-thumbnail","6":"product_cat-concentres-de-marijuana","7":"product_cat-achetez-phoenix-tears-en-ligne","8":"product_tag-buy-faded-extracts-halleys-comet-oil-germany","9":"desktop-align-left","10":"tablet-align-left","11":"mobile-align-left","13":"first","14":"instock","15":"shipping-taxable","16":"purchasable","17":"product-type-simple"},"uagb_featured_image_src":{"full":["https:\/\/pressurezone.shop\/wp-content\/uploads\/2024\/10\/Buy-Faded-Extracts-Halleys-Comet-Oil.webp",1000,1000,false],"thumbnail":["https:\/\/pressurezone.shop\/wp-content\/uploads\/2024\/10\/Buy-Faded-Extracts-Halleys-Comet-Oil-150x150.webp",150,150,true],"medium":["https:\/\/pressurezone.shop\/wp-content\/uploads\/2024\/10\/Buy-Faded-Extracts-Halleys-Comet-Oil-300x300.webp",300,300,true],"medium_large":["https:\/\/pressurezone.shop\/wp-content\/uploads\/2024\/10\/Buy-Faded-Extracts-Halleys-Comet-Oil-768x768.webp",768,768,true],"large":["https:\/\/pressurezone.shop\/wp-content\/uploads\/2024\/10\/Buy-Faded-Extracts-Halleys-Comet-Oil.webp",1000,1000,false],"1536x1536":["https:\/\/pressurezone.shop\/wp-content\/uploads\/2024\/10\/Buy-Faded-Extracts-Halleys-Comet-Oil.webp",1000,1000,false],"2048x2048":["https:\/\/pressurezone.shop\/wp-content\/uploads\/2024\/10\/Buy-Faded-Extracts-Halleys-Comet-Oil.webp",1000,1000,false],"trp-custom-language-flag":["https:\/\/pressurezone.shop\/wp-content\/uploads\/2024\/10\/Buy-Faded-Extracts-Halleys-Comet-Oil-12x12.webp",12,12,true],"woocommerce_thumbnail":["https:\/\/pressurezone.shop\/wp-content\/uploads\/2024\/10\/Buy-Faded-Extracts-Halleys-Comet-Oil-300x300.webp",300,300,true],"woocommerce_single":["https:\/\/pressurezone.shop\/wp-content\/uploads\/2024\/10\/Buy-Faded-Extracts-Halleys-Comet-Oil-600x600.webp",600,600,true],"woocommerce_gallery_thumbnail":["https:\/\/pressurezone.shop\/wp-content\/uploads\/2024\/10\/Buy-Faded-Extracts-Halleys-Comet-Oil-100x100.webp",100,100,true]},"uagb_author_info":{"display_name":"pressurezone.shop","author_link":"https:\/\/pressurezone.shop\/pl\/author\/"},"uagb_comment_info":0,"uagb_excerpt":"Achetez Faded Extracts Halley\u2019s Comet Oil en Ligne Europe \u2013 \u00c9quilibre Parfait de CBD et THC Am\u00e9liorez votre routine bien-\u00eatre avec Faded Extracts Halley\u2019s Comet Oil, un concentr\u00e9 de cannabis premium offrant des bienfaits th\u00e9rapeutiques et r\u00e9parateurs dans un format pratique. Id\u00e9al pour les utilisateurs recherchant un \u00e9quilibre harmonieux entre relaxation et dynamisme, Halley\u2019s Comet&hellip;","_links":{"self":[{"href":"https:\/\/pressurezone.shop\/pl\/wp-json\/wp\/v2\/product\/3123"}],"collection":[{"href":"https:\/\/pressurezone.shop\/pl\/wp-json\/wp\/v2\/product"}],"about":[{"href":"https:\/\/pressurezone.shop\/pl\/wp-json\/wp\/v2\/types\/product"}],"replies":[{"embeddable":true,"href":"https:\/\/pressurezone.shop\/pl\/wp-json\/wp\/v2\/comments?post=3123"}],"version-history":[{"count":3,"href":"https:\/\/pressurezone.shop\/pl\/wp-json\/wp\/v2\/product\/3123\/revisions"}],"predecessor-version":[{"id":4541,"href":"https:\/\/pressurezone.shop\/pl\/wp-json\/wp\/v2\/product\/3123\/revisions\/4541"}],"wp:featuredmedia":[{"embeddable":true,"href":"https:\/\/pressurezone.shop\/pl\/wp-json\/wp\/v2\/media\/3210"}],"wp:attachment":[{"href":"https:\/\/pressurezone.shop\/pl\/wp-json\/wp\/v2\/media?parent=3123"}],"wp:term":[{"taxonomy":"product_brand","embeddable":true,"href":"https:\/\/pressurezone.shop\/pl\/wp-json\/wp\/v2\/product_brand?post=3123"},{"taxonomy":"product_cat","embeddable":true,"href":"https:\/\/pressurezone.shop\/pl\/wp-json\/wp\/v2\/product_cat?post=3123"},{"taxonomy":"product_tag","embeddable":true,"href":"https:\/\/pressurezone.shop\/pl\/wp-json\/wp\/v2\/product_tag?post=3123"}],"curies":[{"name":"wp","href":"https:\/\/api.w.org\/{rel}","templated":true}]}}