{"id":3130,"date":"2024-10-11T00:52:15","date_gmt":"2024-10-10T22:52:15","guid":{"rendered":"https:\/\/pressurezone.shop\/?post_type=product&#038;p=3130"},"modified":"2024-11-16T00:14:19","modified_gmt":"2024-11-15T23:14:19","slug":"honey-oil-de-faded-extracts","status":"publish","type":"product","link":"https:\/\/pressurezone.shop\/pl\/produkt\/olej-miodowy-z-wyblaklych-ekstraktow\/","title":{"rendered":"Olejek miodowy z wyblak\u0142ych ekstrakt\u00f3w"},"content":{"rendered":"<h3>Kup Honey Oil - Faded Extracts online w Europie: Wszechstronny napar z konopi indyjskich do codziennego \u017cycia<\/h3>\n<p>Odkryj korzy\u015bci p\u0142yn\u0105ce z <strong>Olejek miodowy z wyblak\u0142ych ekstrakt\u00f3w<\/strong>to najwy\u017cszej jako\u015bci koncentrat konopi indyjskich przeznaczony dla mi\u0142o\u015bnik\u00f3w konopi dbaj\u0105cych o zdrowie. Idealny dla tych, kt\u00f3rzy szukaj\u0105 bezdymnej alternatywy. <strong>olej miodowy<\/strong> zapewnia wygod\u0119 i wszechstronno\u015b\u0107 w codziennej rutynie<a href=\"https:\/\/fuelpackz.com\/\" target=\"_blank\" rel=\"noopener\">.<\/a><\/p>\n<hr \/>\n<h3><strong>Czym jest Honey Oil from Faded Extracts?<\/strong><\/h3>\n<p>Honey Oil od Faded Extracts to wysokiej jako\u015bci koncentrat z konopi indyjskich, opracowany specjalnie z my\u015bl\u0105 o d\u0142ugotrwa\u0142ym dzia\u0142aniu. <strong>spo\u017cycie doustne<\/strong>. W przeciwie\u0144stwie do tradycyjnych olejk\u00f3w z konopi indyjskich przeznaczonych do palenia lub waporyzacji, ten olejek oferuje <strong>innowacyjne podej\u015bcie<\/strong> aby konopie indyjskie sta\u0142y si\u0119 cz\u0119\u015bci\u0105 rutyny odnowy biologicznej.<\/p>\n<ul>\n<li><strong>Opcja bez dymu tytoniowego<\/strong> Idealny dla u\u017cytkownik\u00f3w dbaj\u0105cych o zdrowie<\/li>\n<li><strong>Wszechstronne zastosowanie<\/strong> Do mieszania z napojami lub potrawami lub do przyjmowania bezpo\u015brednio z ust.<\/li>\n<li><strong>Jako\u015b\u0107 premium<\/strong> Precyzyjna ekstrakcja dla optymalnej mocy i czysto\u015bci<\/li>\n<\/ul>\n<hr \/>\n<h3><strong>Dlaczego warto wybra\u0107 Honey Oil od Faded Extracts?<\/strong><\/h3>\n<p>Faded Extracts na nowo definiuje koncentraty konopi indyjskich z ich <strong>charakterystyczny olejek miodowy<\/strong>zaprojektowany, aby zapewni\u0107 p\u0142ynne wra\u017cenia u\u017cytkownikom, kt\u00f3rzy preferuj\u0105 bardziej intuicyjn\u0105 obs\u0142ug\u0119. <strong>Dyskretna i smaczna opcja<\/strong>.<\/p>\n<h4><strong>Cechy<\/strong><\/h4>\n<ul>\n<li><strong>Opracowany do stosowania doustnego<\/strong> Nie trzeba pali\u0107 ani waporyzowa\u0107<\/li>\n<li><strong>Bogaty w kannabinoidy<\/strong> Wydajny i skuteczny w r\u00f3\u017cnych zastosowaniach terapeutycznych<\/li>\n<li><strong>Konsystencja p\u0142ynu<\/strong> Idealny do mieszania z napojami lub potrawami<\/li>\n<\/ul>\n<h4><strong>Zalety<\/strong><\/h4>\n<ul>\n<li><strong>Zdrowy<\/strong> Unika czynnik\u00f3w dra\u017cni\u0105cych zwi\u0105zanych z dymem tytoniowym<\/li>\n<li><strong>Dyskretny<\/strong> Idealne dla os\u00f3b prowadz\u0105cych aktywny tryb \u017cycia w ruchu<\/li>\n<li><strong>Dostosowywane dawki<\/strong> Dostosuj do swoich potrzeb<\/li>\n<\/ul>\n<hr \/>\n<h3><strong>Jak stosowa\u0107 Faded Extracts Honey Oil?<\/strong><\/h3>\n<p>To <strong>olej miodowy z konopi indyjskich<\/strong> mo\u017cna w\u0142\u0105czy\u0107 do codziennej rutyny na wiele sposob\u00f3w. Niezale\u017cnie od tego, czy szukasz ulgi terapeutycznej, czy kreatywnego naparu kulinarnego, <strong>Olejek miodowy z wyblak\u0142ych ekstrakt\u00f3w<\/strong> upraszcza wszystko.<\/p>\n<ol>\n<li><strong>Jako wzmacniacz napoj\u00f3w<\/strong>\n<ul>\n<li>Dodaj niewielk\u0105 ilo\u015b\u0107 do herbaty, kawy lub koktajli, aby uzyska\u0107 relaksuj\u0105cy nap\u00f3j.<\/li>\n<\/ul>\n<\/li>\n<li><strong>Kuchnia infuzyjna<\/strong>\n<ul>\n<li>U\u017cywaj go jako s\u0142odzika do wypiek\u00f3w, takich jak ciasteczka lub babeczki.<\/li>\n<\/ul>\n<\/li>\n<li><strong>Bezpo\u015brednie spo\u017cycie doustne<\/strong>\n<ul>\n<li>Przyjmuj podj\u0119zykowo lub bezpo\u015brednio, aby uzyska\u0107 szybkie i wygodne efekty.<\/li>\n<\/ul>\n<\/li>\n<li><strong>Zastosowania miejscowe<\/strong>\n<ul>\n<li>Na\u0142o\u017cy\u0107 niewielk\u0105 ilo\u015b\u0107 na sk\u00f3r\u0119 w celu uzyskania miejscowej ulgi.<\/li>\n<\/ul>\n<\/li>\n<\/ol>\n<hr \/>\n<h3><strong>Dlaczego Faded Extracts Honey Oil jest wyj\u0105tkowy?<\/strong><\/h3>\n<ul>\n<li><strong>Wysoka moc<\/strong> Bogaty w THC i inne korzystne kannabinoidy.<\/li>\n<li><strong>Gwarantowana jako\u015b\u0107<\/strong> Produkowany przy u\u017cyciu zaawansowanych metod ekstrakcji dla optymalnej czysto\u015bci.<\/li>\n<li><strong>Odpowiedzialno\u015b\u0107 ekologiczna<\/strong> Zr\u00f3wnowa\u017cone, przyjazne dla \u015brodowiska opakowanie.<\/li>\n<\/ul>\n<hr \/>\n<h3><strong>Dla kogo przeznaczony jest Honey Oil?<\/strong><\/h3>\n<p>Faded Extracts Honey Oil jest idealny do :<\/p>\n<ul>\n<li><strong>Pacjenci medyczni<\/strong> szukanie alternatywy dla palenia<\/li>\n<li><strong>Entuzja\u015bci dobrego samopoczucia<\/strong> w\u0142\u0105czenie marihuany do codziennej rutyny<\/li>\n<li><strong>Kulinarni tw\u00f3rcy<\/strong> pragn\u0105cych eksperymentowa\u0107 z przepisami na bazie konopi indyjskich<\/li>\n<\/ul>\n<hr \/>\n<h3><strong>Szczeg\u00f3\u0142y produktu<\/strong><\/h3>\n<ul>\n<li><strong>Typ<\/strong> Olej z konopi premium<\/li>\n<li><strong>U\u017cycie<\/strong> Doustnie, jadalnie lub miejscowo<\/li>\n<li><strong>Opakowanie<\/strong> Butelka z zakraplaczem do precyzyjnego dozowania<\/li>\n<li><strong>\u0179r\u00f3d\u0142o<\/strong> Wykonane z najwy\u017cszej jako\u015bci odmian konopi<\/li>\n<\/ul>\n<hr \/>\n<h3><strong>Zam\u00f3w olej miodowy online w Europie<\/strong><\/h3>\n<p>Odkryj wszechstronno\u015b\u0107 <strong>Olejek miodowy z wyblak\u0142ych ekstrakt\u00f3w<\/strong> i przejmij kontrol\u0119 nad swoimi doznaniami zwi\u0105zanymi z konopiami indyjskimi. Niezale\u017cnie od tego, czy chcesz wzmocni\u0107 swoj\u0105 porann\u0105 kaw\u0119, czy doda\u0107 terapeutyczny akcent do swojej rutyny, ten olej jest idealnym wyborem.<\/p>\n<p><strong>Kup teraz na <a href=\"https:\/\/pressurezone.shop\/pl\/\" target=\"_new\" rel=\"noopener\">Sklep ze strefami ci\u015bnieniowymi<\/a><\/strong> i ciesz si\u0119 dyskretn\u0105 dostaw\u0105 na terenie ca\u0142ej Europy. Nie przegap tego najwy\u017cszej jako\u015bci bezdymnego rozwi\u0105zania z konopi indyjskich.<\/p>","protected":false},"excerpt":{"rendered":"<table id=\"tg-SPY5c\" class=\"tg\">\n<thead>\n<tr>\n<th class=\"tg-ul38\"><\/th>\n<th class=\"tg-ul38\"><\/th>\n<\/tr>\n<\/thead>\n<tbody>\n<tr>\n<td class=\"tg-0lax\"><strong>SPIS TRE\u015aCI<\/strong><\/td>\n<td class=\"tg-0lax\">1,0 ml lub 3,0 ml<\/td>\n<\/tr>\n<tr>\n<td class=\"tg-0lax\"><strong>ST\u0118\u017bENIE THC<\/strong><\/td>\n<td class=\"tg-0lax\">50-60% THC<\/td>\n<\/tr>\n<tr>\n<td class=\"tg-0lax\"><b>ST\u0118\u017bENIE CBD<\/b><\/td>\n<td class=\"tg-0lax\">&lt;1% CBD<\/td>\n<\/tr>\n<tr>\n<td class=\"tg-0lax\"><strong>SP\u00d3JNO\u015a\u0106<\/strong><\/td>\n<td class=\"tg-0lax\">Gelato 33 x tort weselny<\/td>\n<\/tr>\n<\/tbody>\n<\/table>","protected":false},"featured_media":3212,"comment_status":"closed","ping_status":"closed","template":"","meta":{"_uag_custom_page_level_css":"","site-sidebar-layout":"default","site-content-layout":"","ast-site-content-layout":"default","site-content-style":"default","site-sidebar-style":"default","ast-global-header-display":"","ast-banner-title-visibility":"","ast-main-header-display":"","ast-hfb-above-header-display":"","ast-hfb-below-header-display":"","ast-hfb-mobile-header-display":"","site-post-title":"","ast-breadcrumbs-content":"","ast-featured-img":"","footer-sml-layout":"","theme-transparent-header-meta":"default","adv-header-id-meta":"","stick-header-meta":"","header-above-stick-meta":"","header-main-stick-meta":"","header-below-stick-meta":"","astra-migrate-meta-layouts":"set","ast-page-background-enabled":"default","ast-page-background-meta":{"desktop":{"background-color":"","background-image":"","background-repeat":"repeat","background-position":"center center","background-size":"auto","background-attachment":"scroll","background-type":"","background-media":"","overlay-type":"","overlay-color":"","overlay-opacity":"","overlay-gradient":""},"tablet":{"background-color":"","background-image":"","background-repeat":"repeat","background-position":"center center","background-size":"auto","background-attachment":"scroll","background-type":"","background-media":"","overlay-type":"","overlay-color":"","overlay-opacity":"","overlay-gradient":""},"mobile":{"background-color":"","background-image":"","background-repeat":"repeat","background-position":"center center","background-size":"auto","background-attachment":"scroll","background-type":"","background-media":"","overlay-type":"","overlay-color":"","overlay-opacity":"","overlay-gradient":""}},"ast-content-background-meta":{"desktop":{"background-color":"var(--ast-global-color-5)","background-image":"","background-repeat":"repeat","background-position":"center center","background-size":"auto","background-attachment":"scroll","background-type":"","background-media":"","overlay-type":"","overlay-color":"","overlay-opacity":"","overlay-gradient":""},"tablet":{"background-color":"var(--ast-global-color-5)","background-image":"","background-repeat":"repeat","background-position":"center center","background-size":"auto","background-attachment":"scroll","background-type":"","background-media":"","overlay-type":"","overlay-color":"","overlay-opacity":"","overlay-gradient":""},"mobile":{"background-color":"var(--ast-global-color-5)","background-image":"","background-repeat":"repeat","background-position":"center center","background-size":"auto","background-attachment":"scroll","background-type":"","background-media":"","overlay-type":"","overlay-color":"","overlay-opacity":"","overlay-gradient":""}}},"product_brand":[],"product_cat":[334,335],"product_tag":[347],"class_list":{"0":"post-3130","1":"product","2":"type-product","3":"status-publish","4":"has-post-thumbnail","6":"product_cat-concentres-de-marijuana","7":"product_cat-achetez-phoenix-tears-en-ligne","8":"product_tag-buy-honey-oil-faded-extracts-europe","9":"desktop-align-left","10":"tablet-align-left","11":"mobile-align-left","13":"first","14":"instock","15":"shipping-taxable","16":"purchasable","17":"product-type-simple"},"uagb_featured_image_src":{"full":["https:\/\/pressurezone.shop\/wp-content\/uploads\/2024\/10\/Buy-Honey-Oil-\u2013-Faded-Extracts.webp",1000,1000,false],"thumbnail":["https:\/\/pressurezone.shop\/wp-content\/uploads\/2024\/10\/Buy-Honey-Oil-\u2013-Faded-Extracts-150x150.webp",150,150,true],"medium":["https:\/\/pressurezone.shop\/wp-content\/uploads\/2024\/10\/Buy-Honey-Oil-\u2013-Faded-Extracts-300x300.webp",300,300,true],"medium_large":["https:\/\/pressurezone.shop\/wp-content\/uploads\/2024\/10\/Buy-Honey-Oil-\u2013-Faded-Extracts-768x768.webp",768,768,true],"large":["https:\/\/pressurezone.shop\/wp-content\/uploads\/2024\/10\/Buy-Honey-Oil-\u2013-Faded-Extracts.webp",1000,1000,false],"1536x1536":["https:\/\/pressurezone.shop\/wp-content\/uploads\/2024\/10\/Buy-Honey-Oil-\u2013-Faded-Extracts.webp",1000,1000,false],"2048x2048":["https:\/\/pressurezone.shop\/wp-content\/uploads\/2024\/10\/Buy-Honey-Oil-\u2013-Faded-Extracts.webp",1000,1000,false],"trp-custom-language-flag":["https:\/\/pressurezone.shop\/wp-content\/uploads\/2024\/10\/Buy-Honey-Oil-\u2013-Faded-Extracts-12x12.webp",12,12,true],"woocommerce_thumbnail":["https:\/\/pressurezone.shop\/wp-content\/uploads\/2024\/10\/Buy-Honey-Oil-\u2013-Faded-Extracts-300x300.webp",300,300,true],"woocommerce_single":["https:\/\/pressurezone.shop\/wp-content\/uploads\/2024\/10\/Buy-Honey-Oil-\u2013-Faded-Extracts-600x600.webp",600,600,true],"woocommerce_gallery_thumbnail":["https:\/\/pressurezone.shop\/wp-content\/uploads\/2024\/10\/Buy-Honey-Oil-\u2013-Faded-Extracts-100x100.webp",100,100,true]},"uagb_author_info":{"display_name":"pressurezone.shop","author_link":"https:\/\/pressurezone.shop\/pl\/author\/"},"uagb_comment_info":0,"uagb_excerpt":"CONTENTS 1.0mL or 3.0mL THC CONCENTRATION 50-60% THC CBD CONCENTRATION &lt;1% CBD CONSISTENCY Gelato 33 x Wedding Cake","_links":{"self":[{"href":"https:\/\/pressurezone.shop\/pl\/wp-json\/wp\/v2\/product\/3130"}],"collection":[{"href":"https:\/\/pressurezone.shop\/pl\/wp-json\/wp\/v2\/product"}],"about":[{"href":"https:\/\/pressurezone.shop\/pl\/wp-json\/wp\/v2\/types\/product"}],"replies":[{"embeddable":true,"href":"https:\/\/pressurezone.shop\/pl\/wp-json\/wp\/v2\/comments?post=3130"}],"version-history":[{"count":3,"href":"https:\/\/pressurezone.shop\/pl\/wp-json\/wp\/v2\/product\/3130\/revisions"}],"predecessor-version":[{"id":4543,"href":"https:\/\/pressurezone.shop\/pl\/wp-json\/wp\/v2\/product\/3130\/revisions\/4543"}],"wp:featuredmedia":[{"embeddable":true,"href":"https:\/\/pressurezone.shop\/pl\/wp-json\/wp\/v2\/media\/3212"}],"wp:attachment":[{"href":"https:\/\/pressurezone.shop\/pl\/wp-json\/wp\/v2\/media?parent=3130"}],"wp:term":[{"taxonomy":"product_brand","embeddable":true,"href":"https:\/\/pressurezone.shop\/pl\/wp-json\/wp\/v2\/product_brand?post=3130"},{"taxonomy":"product_cat","embeddable":true,"href":"https:\/\/pressurezone.shop\/pl\/wp-json\/wp\/v2\/product_cat?post=3130"},{"taxonomy":"product_tag","embeddable":true,"href":"https:\/\/pressurezone.shop\/pl\/wp-json\/wp\/v2\/product_tag?post=3130"}],"curies":[{"name":"wp","href":"https:\/\/api.w.org\/{rel}","templated":true}]}}