{"id":3132,"date":"2024-10-11T00:52:15","date_gmt":"2024-10-10T22:52:15","guid":{"rendered":"https:\/\/pressurezone.shop\/?post_type=product&#038;p=3132"},"modified":"2024-11-17T01:13:03","modified_gmt":"2024-11-17T00:13:03","slug":"house-brand-phoenix-tears-1ml","status":"publish","type":"product","link":"https:\/\/pressurezone.shop\/pl\/produkt\/lzy-feniksa-marki-house-1ml\/","title":{"rendered":"House Brand - Phoenix Tears (1ml)"},"content":{"rendered":"<div class=\"flex-shrink-0 flex flex-col relative items-end\">\n<div>\n<div class=\"pt-0\">\n<div class=\"gizmo-bot-avatar flex h-8 w-8 items-center justify-center overflow-hidden rounded-full\">\n<div class=\"relative p-1 rounded-sm flex items-center justify-center bg-token-main-surface-primary text-token-text-primary h-8 w-8\"><\/div>\n<\/div>\n<\/div>\n<\/div>\n<\/div>\n<div class=\"group\/conversation-turn relative flex w-full min-w-0 flex-col agent-turn\">\n<div class=\"flex-col gap-1 md:gap-3\">\n<div class=\"flex max-w-full flex-col flex-grow\">\n<div class=\"min-h-8 text-message flex w-full flex-col items-end gap-2 whitespace-normal break-words [.text-message+&amp;]:mt-5\" dir=\"auto\" data-message-author-role=\"assistant\" data-message-id=\"ba1973de-84c5-4b14-8f6a-d1a6067bc269\" data-message-model-slug=\"gpt-4o\">\n<div class=\"flex w-full flex-col gap-1 empty:hidden first:pt-[3px]\">\n<div class=\"markdown prose w-full break-words dark:prose-invert light\">\n<h3><strong>Kup Phoenix Tears - House Brand (1ml) online w Europie<\/strong><\/h3>\n<p>Odkryj <strong>Phoenix Tears - House Brand (1ml)<\/strong>to najwy\u017cszej jako\u015bci ekstrakt z konopi indyjskich zawieraj\u0105cy THC (tetrahydrokannabinol) o pe\u0142nym spektrum dzia\u0142ania. Zaprojektowany specjalnie do leczenia b\u00f3lu, produkt ten jest wytwarzany z nast\u0119puj\u0105cych kwiat\u00f3w <strong>indyka<\/strong> i nie zawiera \u017cadnych dodatk\u00f3w, tylko czysty ekstrakt. Ka\u017cda partia jest <strong>testowane laboratoryjnie<\/strong> gwarantuje jako\u015b\u0107 i sp\u00f3jno\u015b\u0107, oferuj\u0105c niezawodne rozwi\u0105zanie do zastosowa\u0144 terapeutycznych<a href=\"https:\/\/fuelpackz.com\/\" target=\"_blank\" rel=\"noopener\">.<\/a><\/p>\n<hr \/>\n<h3><strong>Cechy i szczeg\u00f3\u0142y produktu<\/strong><\/h3>\n<ul>\n<li><strong>Wielko\u015b\u0107 porcji<\/strong> 1ml<\/li>\n<li><strong>Porcje na opakowanie<\/strong> : 10<\/li>\n<li><strong>Ilo\u015b\u0107 THC na porcj\u0119<\/strong> 100 mg THC<\/li>\n<li><strong>THC \u0141\u0105cznie<\/strong> 1000 mg THC na strzykawk\u0119<\/li>\n<li><strong>Sk\u0142adniki<\/strong> Ekstrakt z konopi o pe\u0142nym spektrum dzia\u0142ania<\/li>\n<li><strong>Smak<\/strong> Neutralny, bez dodatku aromat\u00f3w<\/li>\n<\/ul>\n<p><strong>Co sprawia, \u017ce Phoenix Tears jest wyj\u0105tkowa?<\/strong><br \/>\n\u0141zy Feniksa s\u0105 <strong>wszechstronny, wysoce skoncentrowany ekstrakt z konopi indyjskich<\/strong> znany ze swoich wyj\u0105tkowych w\u0142a\u015bciwo\u015bci leczniczych. Idealny do leczenia b\u00f3lu, stan\u00f3w zapalnych i przewlek\u0142ych schorze\u0144, takich jak rak, epilepsja i stwardnienie rozsiane, produkt ten oferuje niezawodne, sp\u00f3jne wyniki.<\/p>\n<hr \/>\n<h3><strong>Czym s\u0105 \u0142zy feniksa?<\/strong><\/h3>\n<p>Znany r\u00f3wnie\u017c jako <strong>Rick Simpson Oil (RSO)<\/strong>Phoenix Tears to wysoce skoncentrowany olej z konopi indyjskich, tradycyjnie spo\u017cywany doustnie. Jego korzy\u015bci lecznicze obejmuj\u0105 :<\/p>\n<ul>\n<li><strong>U\u015bmierzanie b\u00f3lu<\/strong> \u0141agodzi przewlek\u0142y i ostry b\u00f3l.<\/li>\n<li><strong>Dzia\u0142anie przeciwzapalne<\/strong> Zmniejsza obrz\u0119k i podra\u017cnienie.<\/li>\n<li><strong>Zarz\u0105dzanie chorobami<\/strong> Skuteczny w takich schorzeniach jak stwardnienie rozsiane, epilepsja i rak.<\/li>\n<\/ul>\n<p>\u0141atwy w u\u017cyciu format umo\u017cliwia precyzyjne dostosowanie dawki do potrzeb.<\/p>\n<hr \/>\n<h3><strong>Jak je\u015b\u0107 Phoenix Tears<\/strong><\/h3>\n<ol>\n<li><strong>Zacznij od ma\u0142ej dawki<\/strong> :\n<ul>\n<li>\u0141zy Feniksa s\u0105 bardzo silne. Zacznij od dawki wielko\u015bci <strong>ziarno ry\u017cu<\/strong>.<\/li>\n<li>Stopniowo zwi\u0119kszaj dawk\u0119 w zale\u017cno\u015bci od potrzeb.<\/li>\n<\/ul>\n<\/li>\n<li><strong>Miejsce pod j\u0119zykiem<\/strong> :\n<ul>\n<li>U\u017cyj wyka\u0142aczki lub ma\u0142ego narz\u0119dzia, aby umie\u015bci\u0107 olej <strong>pod j\u0119zykiem<\/strong>.<\/li>\n<li>Przytrzymaj dla <strong>30 sekund do 1 minuty<\/strong> dla optymalnego wch\u0142aniania.<\/li>\n<\/ul>\n<\/li>\n<li><strong>Po\u0142knij olej<\/strong> :\n<ul>\n<li>Je\u015bli nie odpowiada ci jego smak, mo\u017cesz zmiesza\u0107 go z napojem lub doda\u0107 do jedzenia.<\/li>\n<\/ul>\n<\/li>\n<li><strong>Powt\u00f3rz w razie potrzeby<\/strong> :\n<ul>\n<li>W zale\u017cno\u015bci od tolerancji i po\u017c\u0105danych efekt\u00f3w, dawk\u0119 nale\u017cy powtarza\u0107 kilka razy dziennie.<\/li>\n<\/ul>\n<\/li>\n<\/ol>\n<hr \/>\n<h3><strong>Dlaczego warto wybra\u0107 House Brand Phoenix Tears?<\/strong><\/h3>\n<ul>\n<li><strong>Ekstrakt o pe\u0142nym spektrum dzia\u0142ania<\/strong> Zachowuje wszystkie kannabinoidy i terpeny, zapewniaj\u0105c wzmocniony efekt terapeutyczny.<\/li>\n<li><strong>Testowane laboratoryjnie<\/strong> Gwarantowana jako\u015b\u0107 i moc.<\/li>\n<li><strong>Formu\u0142a oparta na Indice<\/strong> Idealny do leczenia b\u00f3lu i relaksu.<\/li>\n<li><strong>\u0141atwy w u\u017cyciu<\/strong> Pakowane w <strong>praktyczna strzykawka<\/strong> dla precyzyjnego dawkowania.<\/li>\n<\/ul>\n<hr \/>\n<h3><strong>Korzy\u015bci lecznicze<\/strong><\/h3>\n<p>\u0141zy Feniksa s\u0105 powszechnie znane ze swojej zdolno\u015bci do leczenia r\u00f3\u017cnych problem\u00f3w zdrowotnych, w tym :<\/p>\n<ul>\n<li><strong>B\u00f3l i stan zapalny<\/strong> \u0141agodzi dyskomfort i zmniejsza obrz\u0119k.<\/li>\n<li><strong>Choroby przewlek\u0142e<\/strong> Pomaga radzi\u0107 sobie z objawami raka, padaczki i stwardnienia rozsianego.<\/li>\n<li><strong>Zdrowie psychiczne<\/strong> Wspomaga relaksacj\u0119 oraz redukuje stres i niepok\u00f3j.<\/li>\n<li><strong>Zaburzenia snu<\/strong> Wspomaga spokojny sen, idealny do stosowania w nocy.<\/li>\n<\/ul>\n<hr \/>\n<h3><strong>Zam\u00f3w Phoenix Tears House Brand online ju\u017c dzi\u015b<\/strong><\/h3>\n<p>Odkryj korzy\u015bci p\u0142yn\u0105ce z <strong>Phoenix Tears - House Brand<\/strong> i do\u0142\u0105cz do wielu u\u017cytkownik\u00f3w, kt\u00f3rzy znale\u017ali ulg\u0119 dzi\u0119ki temu pot\u0119\u017cnemu ekstraktowi z konopi indyjskich. Niezale\u017cnie od tego, czy jeste\u015b pocz\u0105tkuj\u0105cym, czy do\u015bwiadczonym u\u017cytkownikiem, produkt ten jest niezb\u0119dny do u\u017cytku terapeutycznego i medycznego.<\/p>\n<p>Odwied\u017a <strong><a href=\"https:\/\/pressurezone.shop\/pl\/\" target=\"_new\" rel=\"noopener\">PressureZone.Shop<\/a><\/strong> dla <strong><a href=\"https:\/\/pressurezone.shop\/pl\/\" target=\"_new\" rel=\"noopener\">kupi\u0107 Phoenix Tears online<\/a><\/strong> ju\u017c dzi\u015b i ciesz si\u0119 wysokiej jako\u015bci ekstraktem z konopi dostosowanym do Twoich potrzeb.<\/p>\n<\/div>\n<\/div>\n<\/div>\n<\/div>\n<\/div>\n<\/div>","protected":false},"excerpt":{"rendered":"<p>Acheter Phoenix Tears \u2013 House Brand (1ml) en ligne en Europe D\u00e9couvrez les Phoenix Tears \u2013 House Brand (1ml), un extrait de cannabis de qualit\u00e9 sup\u00e9rieure contenant du THC (t\u00e9trahydrocannabinol) \u00e0 spectre complet. Con\u00e7u sp\u00e9cifiquement pour la gestion de la douleur, ce produit est \u00e9labor\u00e9 \u00e0 partir de fleurs indica et ne contient aucun additif, [&hellip;]<\/p>","protected":false},"featured_media":3223,"comment_status":"closed","ping_status":"closed","template":"","meta":{"_uag_custom_page_level_css":"","site-sidebar-layout":"default","site-content-layout":"","ast-site-content-layout":"default","site-content-style":"default","site-sidebar-style":"default","ast-global-header-display":"","ast-banner-title-visibility":"","ast-main-header-display":"","ast-hfb-above-header-display":"","ast-hfb-below-header-display":"","ast-hfb-mobile-header-display":"","site-post-title":"","ast-breadcrumbs-content":"","ast-featured-img":"","footer-sml-layout":"","theme-transparent-header-meta":"default","adv-header-id-meta":"","stick-header-meta":"","header-above-stick-meta":"","header-main-stick-meta":"","header-below-stick-meta":"","astra-migrate-meta-layouts":"set","ast-page-background-enabled":"default","ast-page-background-meta":{"desktop":{"background-color":"","background-image":"","background-repeat":"repeat","background-position":"center center","background-size":"auto","background-attachment":"scroll","background-type":"","background-media":"","overlay-type":"","overlay-color":"","overlay-opacity":"","overlay-gradient":""},"tablet":{"background-color":"","background-image":"","background-repeat":"repeat","background-position":"center center","background-size":"auto","background-attachment":"scroll","background-type":"","background-media":"","overlay-type":"","overlay-color":"","overlay-opacity":"","overlay-gradient":""},"mobile":{"background-color":"","background-image":"","background-repeat":"repeat","background-position":"center center","background-size":"auto","background-attachment":"scroll","background-type":"","background-media":"","overlay-type":"","overlay-color":"","overlay-opacity":"","overlay-gradient":""}},"ast-content-background-meta":{"desktop":{"background-color":"var(--ast-global-color-5)","background-image":"","background-repeat":"repeat","background-position":"center center","background-size":"auto","background-attachment":"scroll","background-type":"","background-media":"","overlay-type":"","overlay-color":"","overlay-opacity":"","overlay-gradient":""},"tablet":{"background-color":"var(--ast-global-color-5)","background-image":"","background-repeat":"repeat","background-position":"center center","background-size":"auto","background-attachment":"scroll","background-type":"","background-media":"","overlay-type":"","overlay-color":"","overlay-opacity":"","overlay-gradient":""},"mobile":{"background-color":"var(--ast-global-color-5)","background-image":"","background-repeat":"repeat","background-position":"center center","background-size":"auto","background-attachment":"scroll","background-type":"","background-media":"","overlay-type":"","overlay-color":"","overlay-opacity":"","overlay-gradient":""}}},"product_brand":[],"product_cat":[334,335],"product_tag":[349],"class_list":{"0":"post-3132","1":"product","2":"type-product","3":"status-publish","4":"has-post-thumbnail","6":"product_cat-concentres-de-marijuana","7":"product_cat-achetez-phoenix-tears-en-ligne","8":"product_tag-420-mail-order-house-brand-phoenix-tears-1ml-europe","9":"desktop-align-left","10":"tablet-align-left","11":"mobile-align-left","13":"first","14":"instock","15":"shipping-taxable","16":"purchasable","17":"product-type-simple"},"uagb_featured_image_src":{"full":["https:\/\/pressurezone.shop\/wp-content\/uploads\/2024\/10\/House-Brand-\u2013-Phoenix-Tears-1ml.webp",1200,800,false],"thumbnail":["https:\/\/pressurezone.shop\/wp-content\/uploads\/2024\/10\/House-Brand-\u2013-Phoenix-Tears-1ml-150x150.webp",150,150,true],"medium":["https:\/\/pressurezone.shop\/wp-content\/uploads\/2024\/10\/House-Brand-\u2013-Phoenix-Tears-1ml-300x200.webp",300,200,true],"medium_large":["https:\/\/pressurezone.shop\/wp-content\/uploads\/2024\/10\/House-Brand-\u2013-Phoenix-Tears-1ml-768x512.webp",768,512,true],"large":["https:\/\/pressurezone.shop\/wp-content\/uploads\/2024\/10\/House-Brand-\u2013-Phoenix-Tears-1ml-1024x683.webp",1024,683,true],"1536x1536":["https:\/\/pressurezone.shop\/wp-content\/uploads\/2024\/10\/House-Brand-\u2013-Phoenix-Tears-1ml.webp",1200,800,false],"2048x2048":["https:\/\/pressurezone.shop\/wp-content\/uploads\/2024\/10\/House-Brand-\u2013-Phoenix-Tears-1ml.webp",1200,800,false],"trp-custom-language-flag":["https:\/\/pressurezone.shop\/wp-content\/uploads\/2024\/10\/House-Brand-\u2013-Phoenix-Tears-1ml-18x12.webp",18,12,true],"woocommerce_thumbnail":["https:\/\/pressurezone.shop\/wp-content\/uploads\/2024\/10\/House-Brand-\u2013-Phoenix-Tears-1ml-300x300.webp",300,300,true],"woocommerce_single":["https:\/\/pressurezone.shop\/wp-content\/uploads\/2024\/10\/House-Brand-\u2013-Phoenix-Tears-1ml-600x400.webp",600,400,true],"woocommerce_gallery_thumbnail":["https:\/\/pressurezone.shop\/wp-content\/uploads\/2024\/10\/House-Brand-\u2013-Phoenix-Tears-1ml-100x100.webp",100,100,true]},"uagb_author_info":{"display_name":"pressurezone.shop","author_link":"https:\/\/pressurezone.shop\/pl\/author\/"},"uagb_comment_info":0,"uagb_excerpt":"Acheter Phoenix Tears \u2013 House Brand (1ml) en ligne en Europe D\u00e9couvrez les Phoenix Tears \u2013 House Brand (1ml), un extrait de cannabis de qualit\u00e9 sup\u00e9rieure contenant du THC (t\u00e9trahydrocannabinol) \u00e0 spectre complet. Con\u00e7u sp\u00e9cifiquement pour la gestion de la douleur, ce produit est \u00e9labor\u00e9 \u00e0 partir de fleurs indica et ne contient aucun additif,&hellip;","_links":{"self":[{"href":"https:\/\/pressurezone.shop\/pl\/wp-json\/wp\/v2\/product\/3132"}],"collection":[{"href":"https:\/\/pressurezone.shop\/pl\/wp-json\/wp\/v2\/product"}],"about":[{"href":"https:\/\/pressurezone.shop\/pl\/wp-json\/wp\/v2\/types\/product"}],"replies":[{"embeddable":true,"href":"https:\/\/pressurezone.shop\/pl\/wp-json\/wp\/v2\/comments?post=3132"}],"version-history":[{"count":3,"href":"https:\/\/pressurezone.shop\/pl\/wp-json\/wp\/v2\/product\/3132\/revisions"}],"predecessor-version":[{"id":4650,"href":"https:\/\/pressurezone.shop\/pl\/wp-json\/wp\/v2\/product\/3132\/revisions\/4650"}],"wp:featuredmedia":[{"embeddable":true,"href":"https:\/\/pressurezone.shop\/pl\/wp-json\/wp\/v2\/media\/3223"}],"wp:attachment":[{"href":"https:\/\/pressurezone.shop\/pl\/wp-json\/wp\/v2\/media?parent=3132"}],"wp:term":[{"taxonomy":"product_brand","embeddable":true,"href":"https:\/\/pressurezone.shop\/pl\/wp-json\/wp\/v2\/product_brand?post=3132"},{"taxonomy":"product_cat","embeddable":true,"href":"https:\/\/pressurezone.shop\/pl\/wp-json\/wp\/v2\/product_cat?post=3132"},{"taxonomy":"product_tag","embeddable":true,"href":"https:\/\/pressurezone.shop\/pl\/wp-json\/wp\/v2\/product_tag?post=3132"}],"curies":[{"name":"wp","href":"https:\/\/api.w.org\/{rel}","templated":true}]}}